{"id":3001,"date":"2023-02-06T09:13:23","date_gmt":"2023-02-06T08:13:23","guid":{"rendered":"https:\/\/www.lestruffieres.com\/vakantie-camping-camping-la-garde-adhemar\/"},"modified":"2023-03-28T09:29:20","modified_gmt":"2023-03-28T07:29:20","slug":"vakantieverblijven-camping-la-garde-adhemar","status":"publish","type":"page","link":"https:\/\/www.lestruffieres.com\/nl\/vakantieverblijven-camping-la-garde-adhemar\/","title":{"rendered":"Dorp van La Garde Adh\u00e9mar"},"content":{"rendered":"<section id=\"ls-section-block_a647f69cfa653e627c7aecad5e68684e\" class=\"ls-section  page-chapeau\" >\r\n        <div class=\"container container--wide\">\r\n        \n\n<h1 class=\"ls__heading has-text-align-center wp-block-heading\">Dorp van La Garde Adh\u00e9mar<\/h1>\n\n\n\n<p class=\"ls-paragraph has-text-align-center\">Op 10 minuten van Grignan schitteren de witte stenen van La Garde-Adh\u00e9mar in de zon van de Dr\u00f4me Proven\u00e7ale. Met een prachtig uitzicht over de Rh\u00f4ne-vallei en de bergen van de Vivarais zal dit hooggelegen dorp u verleiden. Met zijn geschiedenis kunt u een middeleeuwse architectuur bewonderen die bewaard is gebleven. <\/p>\n\n\r\n    <\/div>\r\n<\/section><section id=\"ls-section-block_a2bb80ed73df7945dacef71e0e5cd898\" class=\"ls-section  page-one deco-fleurs has-p-t p-t-0\" >\r\n        <div class=\"container container--wide\">\r\n        \n\n<div class=\"wp-block-columns is-layout-flex wp-container-core-columns-is-layout-9d6595d7 wp-block-columns-is-layout-flex\">\n<div class=\"wp-block-column left is-layout-flow wp-block-column-is-layout-flow\" style=\"flex-basis:66.66%\">\n<figure class=\"wp-block-image size-full animated fadeIn slow\"><img decoding=\"async\" width=\"864\" height=\"576\" src=\"https:\/\/www.lestruffieres.com\/wp-content\/uploads\/2023\/03\/ecouvrir-le-village-de-la-garde-adhemar.jpg\" alt=\"ontdek het dorp la garde adhemar\" class=\"wp-image-1814\" srcset=\"https:\/\/www.lestruffieres.com\/wp-content\/uploads\/2023\/03\/ecouvrir-le-village-de-la-garde-adhemar.jpg 864w, https:\/\/www.lestruffieres.com\/wp-content\/uploads\/2023\/03\/ecouvrir-le-village-de-la-garde-adhemar-300x200.jpg 300w, https:\/\/www.lestruffieres.com\/wp-content\/uploads\/2023\/03\/ecouvrir-le-village-de-la-garde-adhemar-768x512.jpg 768w\" sizes=\"(max-width: 864px) 100vw, 864px\" \/><\/figure>\n\n\n\n<div id=\"ls-heading ls-titre-div-block_cb6a7093fd6428879488e085e79f33fa\" class=\"ls-titre-div quotes h2-like\" >\n    <strong>Op Camping Les Truffi\u00e8res<\/strong> in het hart van de Dr\u00f4me Proven\u00e7ale zullen C\u00e9lina en Brendon er alles aan doen om uw verblijf tot een succes te maken! <\/div>\n<\/div>\n\n\n\n<div class=\"wp-block-column right is-layout-flow wp-block-column-is-layout-flow\" style=\"flex-basis:33.33%\">\n<h2 class=\"ls__heading deco wp-block-heading\">Ontdek het charmante dorpje La Garde Adh\u00e9mar<\/h2>\n\n\n\n<p class=\"ls-paragraph\">Het <a href=\"https:\/\/la-garde-adhemar.com\/fr\/\" target=\"_blank\" rel=\"noreferrer noopener nofollow\">dorp La Garde-Adh\u00e9mar<\/a> is een charmant dorp, gelegen op slechts 11 kilometer van <a href=\"https:\/\/www.lestruffieres.com\/nl\/\">camping Les Truffi\u00e8res<\/a>, op ongeveer 20 minuten rijden. Een plek die zijn charme en karakter heeft behouden.<\/p>\n\n\n\n<p class=\"ls-paragraph\">Midden in de natuur, tussen bossen en wijngaarden, is het een <strong>fantastische plek om nieuwe energie op te doen en te ontspannen<\/strong>. Een kleine oase van rust bekend om zijn rijkdom aan entertainment en architectuur. Wandelen, fietsen, mountainbiken of de beroemde educatieve boerderij, vele activiteiten om u tevreden te stellen. Het dorp La Garde-Adh\u00e9mar heeft ook een <strong>sterke geschiedenis en een rijk erfgoed aan beschermde historische monumenten<\/strong>. De prachtige Kerk Saint Michel uit de 12e eeuw, een juweel van Proven\u00e7aalse Romaanse kunst. <\/p>\n\n\n\n<p class=\"ls-paragraph\">En, waarom niet even stoppen na de Pierrelatte markt op vrijdag? Of een korte omleiding op de terugweg van Saint-Paul-Trois-Ch\u00e2teaux? U kunt ook gemakkelijk een dag plannen om te wandelen en de zon onder te zien gaan in het Rh\u00f4nedal.<\/p>\n<\/div>\n<\/div>\n\n\r\n    <\/div>\r\n<\/section><section id=\"ls-section-block_4a80d01ddb2acd7e10783849b841b1df\" class=\"ls-section  page-two has-background has-color-3-background-color has-p-t p-t-14 has-p-b p-b-14\" >\r\n        <div class=\"container container--wide\">\r\n        \n\n<div class=\"wp-block-columns is-layout-flex wp-container-core-columns-is-layout-9d6595d7 wp-block-columns-is-layout-flex\">\n<div class=\"wp-block-column is-vertically-aligned-center is-layout-flow wp-block-column-is-layout-flow\" style=\"flex-basis:33.33%\">\n<h2 class=\"ls__heading deco wp-block-heading\">Activiteiten in La Garde Adh\u00e9mar<\/h2>\n\n\n\n<h3 class=\"ls-heading wp-block-heading\">De opmerkelijke tuinen<\/h3>\n\n\n\n<p class=\"ls-paragraph\">Kom en ontdek de sublieme &#8220;<a href=\"https:\/\/la-garde-adhemar.com\/fr\/rb\/1003368\/jardin-des-herbes\" target=\"_blank\" rel=\"noreferrer noopener nofollow\">Opmerkelijke tuinen<\/a>&#8220;, een label van het Ministerie van Landbouw. De kruidentuin, een echte aanrader in La Garde-Adh\u00e9mar, belooft u een <strong>moment van ontdekking rond honderden soorten geneeskrachtige planten<\/strong>. Op bepaalde zomeravonden is er in de tuin een bar waar u met vrienden of familie kunt ontspannen.<\/p>\n<\/div>\n\n\n\n<div class=\"wp-block-column is-vertically-aligned-center is-layout-flow wp-block-column-is-layout-flow\" style=\"flex-basis:66.66%\">\n<figure class=\"wp-block-gallery has-nested-images columns-1 is-cropped galerie-slider wp-block-gallery-1 is-layout-flex wp-block-gallery-is-layout-flex\">\n<figure class=\"wp-block-image size-full\"><img decoding=\"async\" width=\"864\" height=\"576\" data-id=\"1811\" src=\"https:\/\/www.lestruffieres.com\/wp-content\/uploads\/2023\/03\/jardins-des-herbes-garde-adhemar.jpg\" alt=\"tuinen van kruiden bewaker adhemar\" class=\"wp-image-1811\" srcset=\"https:\/\/www.lestruffieres.com\/wp-content\/uploads\/2023\/03\/jardins-des-herbes-garde-adhemar.jpg 864w, https:\/\/www.lestruffieres.com\/wp-content\/uploads\/2023\/03\/jardins-des-herbes-garde-adhemar-300x200.jpg 300w, https:\/\/www.lestruffieres.com\/wp-content\/uploads\/2023\/03\/jardins-des-herbes-garde-adhemar-768x512.jpg 768w\" sizes=\"(max-width: 864px) 100vw, 864px\" \/><\/figure>\n<\/figure>\n<\/div>\n<\/div>\n\n\r\n    <\/div>\r\n<\/section><section id=\"ls-section-block_579eca8b5b70167894433c6a64c9b18f\" class=\"ls-section  page-three has-background green has-p-t p-t-14 has-p-b p-b-14\" >\r\n        <div class=\"container container--wide\">\r\n        \n\n<div class=\"wp-block-columns is-layout-flex wp-container-core-columns-is-layout-9d6595d7 wp-block-columns-is-layout-flex\">\n<div class=\"wp-block-column is-vertically-aligned-center is-layout-flow wp-block-column-is-layout-flow\" style=\"flex-basis:66.66%\">\n<figure class=\"wp-block-image size-full animated bounceInLeft slow delay-100ms\"><img decoding=\"async\" width=\"864\" height=\"576\" src=\"https:\/\/www.lestruffieres.com\/wp-content\/uploads\/2023\/03\/visite-en-famille-du-village-garde-adhemar.jpg\" alt=\"familiebezoek aan het adhemar-wachtersdorp\" class=\"wp-image-1826\" srcset=\"https:\/\/www.lestruffieres.com\/wp-content\/uploads\/2023\/03\/visite-en-famille-du-village-garde-adhemar.jpg 864w, https:\/\/www.lestruffieres.com\/wp-content\/uploads\/2023\/03\/visite-en-famille-du-village-garde-adhemar-300x200.jpg 300w, https:\/\/www.lestruffieres.com\/wp-content\/uploads\/2023\/03\/visite-en-famille-du-village-garde-adhemar-768x512.jpg 768w\" sizes=\"(max-width: 864px) 100vw, 864px\" \/><\/figure>\n<\/div>\n\n\n\n<div class=\"wp-block-column is-vertically-aligned-top is-layout-flow wp-block-column-is-layout-flow\" style=\"flex-basis:33.33%\">\n<h2 class=\"ls__heading deco wp-block-heading\">Le Val des Nymphes<\/h2>\n\n\n\n<p class=\"ls-paragraph\">In dit betoverende gebied zijn de rust en de pracht onvergetelijk. <\/p>\n\n\n\n<p class=\"ls-paragraph\">Midden op het platteland, in de schaduw van majestueuze eiken, wacht u in de Val des Nymphes het zachte geruis van een bron die uit de steen stroomt. Een <strong>kleine paradijselijke oase<\/strong> die u niet mag missen.<\/p>\n\n\n\n<p class=\"ls-paragraph\">Een beetje geschiedenis, de Val des Nymphes was oorspronkelijk een Keltische devotie voor de riviergodinnen en voorspoed, de Nimfen. De site werd later gekerstend door de bouw van een priorij. Vandaag blijft alleen een <strong>mooie Romaanse kapel uit de 12e eeuw<\/strong> over, die in de jaren 1980 werd gerestaureerd. Op het terrein zijn 3 vijvers in bedrijf. <\/p>\n\n\n\n<p class=\"ls-paragraph\">Zoals u zult hebben begrepen, is de Garde-Adh\u00e9mar een must om aan uw bezoekschema toe te voegen. <\/p>\n\n\n\n<p class=\"ls-paragraph addReadMore showlesscontent\">Het toeristenbureau van het dorp biedt rondleidingen aan zodat u niets mist.<br\/><br\/>Themabezoeken :<br\/><br\/>&#8211; <strong>Abdij<\/strong> en kerken: de kerk Saint-Michel, de kapel P\u00e9nitents-Blancs, de kapel Notre-Dame (site Val des Nymphes)<br\/>&#8211; <strong>Kastelen<\/strong> en wallen: de wallen, het feodale kasteel<br\/>&#8211; Ongewoon: de site van de Val des Nymphes (verering van watergoden en moedergodinnen)<br\/>&#8211; Panorama&#8217;s: het <strong>uitzicht op de Rh\u00f4ne-vallei<\/strong> en de bergen van Vivarais<br\/>&#8211; Zoek alle dorpen met betrekking tot de volgende thema&#8217;s Abdijen en kerken Kastelen en wallen Insolite Panorama&#8217;s<\/p>\n<\/div>\n<\/div>\n\n\r\n    <\/div>\r\n<\/section><section id=\"ls-section-block_f1487323b7e69df50a27dc92984ec831\" class=\"ls-section  page-maillage has-p-t p-t-14 has-p-b p-b-14\" >\r\n        <div class=\"container container--wide\">\r\n        \n\n<div id=\"ls-heading ls-titre-div-block_77427a80fd3b0545acfaac06215b78dd\" class=\"ls-titre-div deco aligncenter h2-like\" >\n    Ontdek de omgeving van onze camping!<\/div>\n\n\n<div id=\"ls-maillage-block_2e878d96bb51df86c84590a3f1aa41cd\" class=\"ls-maillage cta-style-normal\" data-rows=\"3\">\r\n    <div class=\"wp-block-columns\"><div class=\"wp-block-column\">\n\n<a href=\"https:\/\/www.lestruffieres.com\/nl\/de-regio\/\" target=\"\" rel=\"noopener\" class=\"ls-cta__link\">\n\n\t<div class=\"ls-cta__image\"><img decoding=\"async\" src=\"https:\/\/www.lestruffieres.com\/wp-content\/uploads\/2023\/03\/champ-de-lavande-drome-provencale.jpg\" alt=\"champ de lavande drome provencale\"><\/div>\n\t<div class=\"ls-cta__title\">\n\t\tRegio\t<\/div>\n\t\n\t\t\n<\/a><\/div><div class=\"wp-block-column\">\n\n<a href=\"https:\/\/www.lestruffieres.com\/nl\/vakantie-verblijven-camping-chamaret\/\" target=\"\" rel=\"noopener\" class=\"ls-cta__link\">\n\n\t<div class=\"ls-cta__image\"><img decoding=\"async\" src=\"https:\/\/www.lestruffieres.com\/wp-content\/uploads\/2023\/03\/village-chamaret-dans-la-drome.jpg\" alt=\"village chamaret dans la drome\"><\/div>\n\t<div class=\"ls-cta__title\">\n\t\tDorp Chamaret\t<\/div>\n\t\n\t\t\n<\/a><\/div><div class=\"wp-block-column\">\n\n<a href=\"https:\/\/www.lestruffieres.com\/nl\/verblijven-vacanties-camping-grignan\/\" target=\"\" rel=\"noopener\" class=\"ls-cta__link\">\n\n\t<div class=\"ls-cta__image\"><img decoding=\"async\" src=\"https:\/\/www.lestruffieres.com\/wp-content\/uploads\/2023\/03\/camping-les-truffieres-a-grignan-768x298.webp\" alt=\"camping a grignan\"><\/div>\n\t<div class=\"ls-cta__title\">\n\t\tDorp van Grignan\t<\/div>\n\t\n\t\t\n<\/a><\/div><\/div><\/div>\n\r\n    <\/div>\r\n<\/section>","protected":false},"excerpt":{"rendered":"","protected":false},"author":1,"featured_media":2714,"parent":0,"menu_order":0,"comment_status":"closed","ping_status":"closed","template":"","meta":{"_acf_changed":false,"footnotes":""},"sujet":[],"class_list":["post-3001","page","type-page","status-publish","has-post-thumbnail","hentry"],"acf":[],"yoast_head":"<!-- This site is optimized with the Yoast SEO plugin v23.4 - https:\/\/yoast.com\/wordpress\/plugins\/seo\/ -->\n<title>Vakantie en verblijf in La Garde Adh\u00e9mar in Dr\u00f4me Provencale<\/title>\n<meta name=\"description\" content=\"Ontdek het charmante dorpje La Garde Adh\u00e9mar. Een ideale plek voor uw vakantie, u zult de charme van de Dr\u00f4me en de Provence ontdekken.\" \/>\n<meta name=\"robots\" content=\"index, follow, max-snippet:-1, max-image-preview:large, max-video-preview:-1\" \/>\n<link rel=\"canonical\" href=\"https:\/\/www.lestruffieres.com\/nl\/vakantieverblijven-camping-la-garde-adhemar\/\" \/>\n<meta property=\"og:locale\" content=\"nl_NL\" \/>\n<meta property=\"og:type\" content=\"article\" \/>\n<meta property=\"og:title\" content=\"Vakantie en verblijf in La Garde Adh\u00e9mar in Dr\u00f4me Provencale\" \/>\n<meta property=\"og:description\" content=\"Ontdek het charmante dorpje La Garde Adh\u00e9mar. Een ideale plek voor uw vakantie, u zult de charme van de Dr\u00f4me en de Provence ontdekken.\" \/>\n<meta property=\"og:url\" content=\"https:\/\/www.lestruffieres.com\/nl\/vakantieverblijven-camping-la-garde-adhemar\/\" \/>\n<meta property=\"og:site_name\" content=\"Camping Les Truffi\u00e8res\" \/>\n<meta property=\"article:modified_time\" content=\"2023-03-28T07:29:20+00:00\" \/>\n<meta property=\"og:image\" content=\"https:\/\/www.lestruffieres.com\/wp-content\/uploads\/2023\/03\/decouvrir-le-village-de-la-garde-adhemar.webp\" \/>\n\t<meta property=\"og:image:width\" content=\"1920\" \/>\n\t<meta property=\"og:image:height\" content=\"746\" \/>\n\t<meta property=\"og:image:type\" content=\"image\/webp\" \/>\n<meta name=\"twitter:card\" content=\"summary_large_image\" \/>\n<meta name=\"twitter:label1\" content=\"Geschatte leestijd\" \/>\n\t<meta name=\"twitter:data1\" content=\"4 minuten\" \/>\n<script type=\"application\/ld+json\" class=\"yoast-schema-graph\">{\"@context\":\"https:\/\/schema.org\",\"@graph\":[{\"@type\":\"WebPage\",\"@id\":\"https:\/\/www.lestruffieres.com\/nl\/vakantieverblijven-camping-la-garde-adhemar\/\",\"url\":\"https:\/\/www.lestruffieres.com\/nl\/vakantieverblijven-camping-la-garde-adhemar\/\",\"name\":\"Vakantie en verblijf in La Garde Adh\u00e9mar in Dr\u00f4me Provencale\",\"isPartOf\":{\"@id\":\"https:\/\/www.lestruffieres.com\/#website\"},\"primaryImageOfPage\":{\"@id\":\"https:\/\/www.lestruffieres.com\/nl\/vakantieverblijven-camping-la-garde-adhemar\/#primaryimage\"},\"image\":{\"@id\":\"https:\/\/www.lestruffieres.com\/nl\/vakantieverblijven-camping-la-garde-adhemar\/#primaryimage\"},\"thumbnailUrl\":\"https:\/\/www.lestruffieres.com\/wp-content\/uploads\/2023\/03\/decouvrir-le-village-de-la-garde-adhemar.webp\",\"datePublished\":\"2023-02-06T08:13:23+00:00\",\"dateModified\":\"2023-03-28T07:29:20+00:00\",\"description\":\"Ontdek het charmante dorpje La Garde Adh\u00e9mar. Een ideale plek voor uw vakantie, u zult de charme van de Dr\u00f4me en de Provence ontdekken.\",\"breadcrumb\":{\"@id\":\"https:\/\/www.lestruffieres.com\/nl\/vakantieverblijven-camping-la-garde-adhemar\/#breadcrumb\"},\"inLanguage\":\"nl-NL\",\"potentialAction\":[{\"@type\":\"ReadAction\",\"target\":[\"https:\/\/www.lestruffieres.com\/nl\/vakantieverblijven-camping-la-garde-adhemar\/\"]}]},{\"@type\":\"ImageObject\",\"inLanguage\":\"nl-NL\",\"@id\":\"https:\/\/www.lestruffieres.com\/nl\/vakantieverblijven-camping-la-garde-adhemar\/#primaryimage\",\"url\":\"https:\/\/www.lestruffieres.com\/wp-content\/uploads\/2023\/03\/decouvrir-le-village-de-la-garde-adhemar.webp\",\"contentUrl\":\"https:\/\/www.lestruffieres.com\/wp-content\/uploads\/2023\/03\/decouvrir-le-village-de-la-garde-adhemar.webp\",\"width\":1920,\"height\":746,\"caption\":\"visiter la garde ahemar\"},{\"@type\":\"BreadcrumbList\",\"@id\":\"https:\/\/www.lestruffieres.com\/nl\/vakantieverblijven-camping-la-garde-adhemar\/#breadcrumb\",\"itemListElement\":[{\"@type\":\"ListItem\",\"position\":1,\"name\":\"Camping Dr\u00f4me\",\"item\":\"https:\/\/www.lestruffieres.com\/nl\/\"},{\"@type\":\"ListItem\",\"position\":2,\"name\":\"Toerisme in La Garde Adh\u00e9mar\"}]},{\"@type\":\"WebSite\",\"@id\":\"https:\/\/www.lestruffieres.com\/#website\",\"url\":\"https:\/\/www.lestruffieres.com\/\",\"name\":\"Camping Les Truffi\u00e8res\",\"description\":\"\",\"publisher\":{\"@id\":\"https:\/\/www.lestruffieres.com\/#organization\"},\"potentialAction\":[{\"@type\":\"SearchAction\",\"target\":{\"@type\":\"EntryPoint\",\"urlTemplate\":\"https:\/\/www.lestruffieres.com\/?s={search_term_string}\"},\"query-input\":{\"@type\":\"PropertyValueSpecification\",\"valueRequired\":true,\"valueName\":\"search_term_string\"}}],\"inLanguage\":\"nl-NL\"},{\"@type\":\"Organization\",\"@id\":\"https:\/\/www.lestruffieres.com\/#organization\",\"name\":\"Camping Les Truffi\u00e8res\",\"url\":\"https:\/\/www.lestruffieres.com\/\",\"logo\":{\"@type\":\"ImageObject\",\"inLanguage\":\"nl-NL\",\"@id\":\"https:\/\/www.lestruffieres.com\/#\/schema\/logo\/image\/\",\"url\":\"https:\/\/www.lestruffieres.com\/wp-content\/uploads\/2023\/02\/camping-les-truffieres-logo-entete.png\",\"contentUrl\":\"https:\/\/www.lestruffieres.com\/wp-content\/uploads\/2023\/02\/camping-les-truffieres-logo-entete.png\",\"width\":742,\"height\":1020,\"caption\":\"Camping Les Truffi\u00e8res\"},\"image\":{\"@id\":\"https:\/\/www.lestruffieres.com\/#\/schema\/logo\/image\/\"}}]}<\/script>\n<!-- \/ Yoast SEO plugin. -->","yoast_head_json":{"title":"Vakantie en verblijf in La Garde Adh\u00e9mar in Dr\u00f4me Provencale","description":"Ontdek het charmante dorpje La Garde Adh\u00e9mar. Een ideale plek voor uw vakantie, u zult de charme van de Dr\u00f4me en de Provence ontdekken.","robots":{"index":"index","follow":"follow","max-snippet":"max-snippet:-1","max-image-preview":"max-image-preview:large","max-video-preview":"max-video-preview:-1"},"canonical":"https:\/\/www.lestruffieres.com\/nl\/vakantieverblijven-camping-la-garde-adhemar\/","og_locale":"nl_NL","og_type":"article","og_title":"Vakantie en verblijf in La Garde Adh\u00e9mar in Dr\u00f4me Provencale","og_description":"Ontdek het charmante dorpje La Garde Adh\u00e9mar. Een ideale plek voor uw vakantie, u zult de charme van de Dr\u00f4me en de Provence ontdekken.","og_url":"https:\/\/www.lestruffieres.com\/nl\/vakantieverblijven-camping-la-garde-adhemar\/","og_site_name":"Camping Les Truffi\u00e8res","article_modified_time":"2023-03-28T07:29:20+00:00","og_image":[{"width":1920,"height":746,"url":"https:\/\/www.lestruffieres.com\/wp-content\/uploads\/2023\/03\/decouvrir-le-village-de-la-garde-adhemar.webp","type":"image\/webp"}],"twitter_card":"summary_large_image","twitter_misc":{"Geschatte leestijd":"4 minuten"},"schema":{"@context":"https:\/\/schema.org","@graph":[{"@type":"WebPage","@id":"https:\/\/www.lestruffieres.com\/nl\/vakantieverblijven-camping-la-garde-adhemar\/","url":"https:\/\/www.lestruffieres.com\/nl\/vakantieverblijven-camping-la-garde-adhemar\/","name":"Vakantie en verblijf in La Garde Adh\u00e9mar in Dr\u00f4me Provencale","isPartOf":{"@id":"https:\/\/www.lestruffieres.com\/#website"},"primaryImageOfPage":{"@id":"https:\/\/www.lestruffieres.com\/nl\/vakantieverblijven-camping-la-garde-adhemar\/#primaryimage"},"image":{"@id":"https:\/\/www.lestruffieres.com\/nl\/vakantieverblijven-camping-la-garde-adhemar\/#primaryimage"},"thumbnailUrl":"https:\/\/www.lestruffieres.com\/wp-content\/uploads\/2023\/03\/decouvrir-le-village-de-la-garde-adhemar.webp","datePublished":"2023-02-06T08:13:23+00:00","dateModified":"2023-03-28T07:29:20+00:00","description":"Ontdek het charmante dorpje La Garde Adh\u00e9mar. Een ideale plek voor uw vakantie, u zult de charme van de Dr\u00f4me en de Provence ontdekken.","breadcrumb":{"@id":"https:\/\/www.lestruffieres.com\/nl\/vakantieverblijven-camping-la-garde-adhemar\/#breadcrumb"},"inLanguage":"nl-NL","potentialAction":[{"@type":"ReadAction","target":["https:\/\/www.lestruffieres.com\/nl\/vakantieverblijven-camping-la-garde-adhemar\/"]}]},{"@type":"ImageObject","inLanguage":"nl-NL","@id":"https:\/\/www.lestruffieres.com\/nl\/vakantieverblijven-camping-la-garde-adhemar\/#primaryimage","url":"https:\/\/www.lestruffieres.com\/wp-content\/uploads\/2023\/03\/decouvrir-le-village-de-la-garde-adhemar.webp","contentUrl":"https:\/\/www.lestruffieres.com\/wp-content\/uploads\/2023\/03\/decouvrir-le-village-de-la-garde-adhemar.webp","width":1920,"height":746,"caption":"visiter la garde ahemar"},{"@type":"BreadcrumbList","@id":"https:\/\/www.lestruffieres.com\/nl\/vakantieverblijven-camping-la-garde-adhemar\/#breadcrumb","itemListElement":[{"@type":"ListItem","position":1,"name":"Camping Dr\u00f4me","item":"https:\/\/www.lestruffieres.com\/nl\/"},{"@type":"ListItem","position":2,"name":"Toerisme in La Garde Adh\u00e9mar"}]},{"@type":"WebSite","@id":"https:\/\/www.lestruffieres.com\/#website","url":"https:\/\/www.lestruffieres.com\/","name":"Camping Les Truffi\u00e8res","description":"","publisher":{"@id":"https:\/\/www.lestruffieres.com\/#organization"},"potentialAction":[{"@type":"SearchAction","target":{"@type":"EntryPoint","urlTemplate":"https:\/\/www.lestruffieres.com\/?s={search_term_string}"},"query-input":{"@type":"PropertyValueSpecification","valueRequired":true,"valueName":"search_term_string"}}],"inLanguage":"nl-NL"},{"@type":"Organization","@id":"https:\/\/www.lestruffieres.com\/#organization","name":"Camping Les Truffi\u00e8res","url":"https:\/\/www.lestruffieres.com\/","logo":{"@type":"ImageObject","inLanguage":"nl-NL","@id":"https:\/\/www.lestruffieres.com\/#\/schema\/logo\/image\/","url":"https:\/\/www.lestruffieres.com\/wp-content\/uploads\/2023\/02\/camping-les-truffieres-logo-entete.png","contentUrl":"https:\/\/www.lestruffieres.com\/wp-content\/uploads\/2023\/02\/camping-les-truffieres-logo-entete.png","width":742,"height":1020,"caption":"Camping Les Truffi\u00e8res"},"image":{"@id":"https:\/\/www.lestruffieres.com\/#\/schema\/logo\/image\/"}}]}},"_links":{"self":[{"href":"https:\/\/www.lestruffieres.com\/nl\/wp-json\/wp\/v2\/pages\/3001","targetHints":{"allow":["GET"]}}],"collection":[{"href":"https:\/\/www.lestruffieres.com\/nl\/wp-json\/wp\/v2\/pages"}],"about":[{"href":"https:\/\/www.lestruffieres.com\/nl\/wp-json\/wp\/v2\/types\/page"}],"author":[{"embeddable":true,"href":"https:\/\/www.lestruffieres.com\/nl\/wp-json\/wp\/v2\/users\/1"}],"replies":[{"embeddable":true,"href":"https:\/\/www.lestruffieres.com\/nl\/wp-json\/wp\/v2\/comments?post=3001"}],"version-history":[{"count":7,"href":"https:\/\/www.lestruffieres.com\/nl\/wp-json\/wp\/v2\/pages\/3001\/revisions"}],"predecessor-version":[{"id":6463,"href":"https:\/\/www.lestruffieres.com\/nl\/wp-json\/wp\/v2\/pages\/3001\/revisions\/6463"}],"wp:featuredmedia":[{"embeddable":true,"href":"https:\/\/www.lestruffieres.com\/nl\/wp-json\/wp\/v2\/media\/2714"}],"wp:attachment":[{"href":"https:\/\/www.lestruffieres.com\/nl\/wp-json\/wp\/v2\/media?parent=3001"}],"wp:term":[{"taxonomy":"sujet","embeddable":true,"href":"https:\/\/www.lestruffieres.com\/nl\/wp-json\/wp\/v2\/sujet?post=3001"}],"curies":[{"name":"wp","href":"https:\/\/api.w.org\/{rel}","templated":true}]}}