{"id":2997,"date":"2023-02-06T09:13:42","date_gmt":"2023-02-06T08:13:42","guid":{"rendered":"https:\/\/www.lestruffieres.com\/verblijven-vacanties-camping-grignan\/"},"modified":"2023-03-27T20:33:33","modified_gmt":"2023-03-27T18:33:33","slug":"verblijven-vacanties-camping-grignan","status":"publish","type":"page","link":"https:\/\/www.lestruffieres.com\/nl\/verblijven-vacanties-camping-grignan\/","title":{"rendered":"Dorp van Grignan"},"content":{"rendered":"<section id=\"ls-section-block_92625cc95d718263f7108284c85be5cb\" class=\"ls-section  page-chapeau\" >\r\n        <div class=\"container container--wide\">\r\n        \n\n<h1 class=\"ls__heading has-text-align-center wp-block-heading\">Dorp van Grignan<\/h1>\n\n\n\n<p class=\"ls-paragraph has-text-align-center\">Het dorp Grignan, gelegen in de Dr\u00f4me Proven\u00e7ale en op slechts 5 minuten van onze <a href=\"https:\/\/www.lestruffieres.com\/nl\/\">camping Les Truffi\u00e8res<\/a>, is een verborgen juweel om te ontdekken in Frankrijk. Dit <strong>pittoreske dorpje<\/strong> biedt een rustige en authentieke sfeer en vele activiteiten om te ontdekken. Toeristen kunnen de geplaveide straten verkennen, de prachtige stenen gebouwen bewonderen en de vele winkels, restaurants en bars in het dorp ontdekken.<\/p>\n\n\r\n    <\/div>\r\n<\/section>\n\n<section id=\"ls-section-block_7904201956e69eb0cb3cf7a9d7d545d3\" class=\"ls-section  page-one deco-fleurs has-p-t p-t-0\" >\r\n        <div class=\"container container--wide\">\r\n        \n\n<div class=\"wp-block-columns is-layout-flex wp-container-core-columns-is-layout-9d6595d7 wp-block-columns-is-layout-flex\">\n<div class=\"wp-block-column left is-layout-flow wp-block-column-is-layout-flow\" style=\"flex-basis:66.66%\">\n<figure class=\"wp-block-image size-full animated fadeIn slow\"><img decoding=\"async\" width=\"864\" height=\"576\" src=\"https:\/\/www.lestruffieres.com\/wp-content\/uploads\/2023\/03\/village-de-grignan-drome-provencale.jpg\" alt=\"dorp grignan drome provencale\" class=\"wp-image-1880\" srcset=\"https:\/\/www.lestruffieres.com\/wp-content\/uploads\/2023\/03\/village-de-grignan-drome-provencale.jpg 864w, https:\/\/www.lestruffieres.com\/wp-content\/uploads\/2023\/03\/village-de-grignan-drome-provencale-300x200.jpg 300w, https:\/\/www.lestruffieres.com\/wp-content\/uploads\/2023\/03\/village-de-grignan-drome-provencale-768x512.jpg 768w\" sizes=\"(max-width: 864px) 100vw, 864px\" \/><\/figure>\n\n\n\n<div id=\"ls-heading ls-titre-div-block_0b78a8552889fe3671c0ed6dd65cd862\" class=\"ls-titre-div quotes h2-like\" >\n    <strong>Op Camping Les Truffi\u00e8res<\/strong> in het hart van de Dr\u00f4me Proven\u00e7ale zullen C\u00e9lina en Brendon er alles aan doen om uw verblijf tot een succes te maken! <\/div>\n<\/div>\n\n\n\n<div class=\"wp-block-column right is-layout-flow wp-block-column-is-layout-flow\" style=\"flex-basis:33.33%\">\n<h2 class=\"ls__heading deco wp-block-heading\">Ontdek het versterkte dorp Grignan<\/h2>\n\n\n\n<p class=\"ls-paragraph\"><a href=\"http:\/\/www.ville-grignan.fr\/\" target=\"_blank\" rel=\"noreferrer noopener nofollow\">Grignan<\/a>, een hooggelegen en versterkt dorp, ontwikkeld rond zijn kasteel dat vanaf de 12e eeuw een eerste groepering van bevolkingen kristalliseerde.<\/p>\n\n\n\n<p class=\"ls-paragraph\">De castrale stad aan de voet van de site wordt sinds de 13e eeuw beschermd door krachtige muren. De opeenvolgende ontwikkelingen op het gebied van huisvesting worden weerspiegeld in de <strong>ornamentele details van de gevels<\/strong> uit de 15e en 18e eeuw.<\/p>\n\n\n\n<p class=\"ls-paragraph\">Grignan heeft ook vele paden om de truffelvelden en de lavendelvelden te ontdekken en met een beetje geluk komt u er tijdens de oogst langs en wordt u dan bedwelmd door deze heerlijke geur. Grignan is ook rijk aan wijngaarden en u kunt de kelders bezoeken. <\/p>\n<\/div>\n<\/div>\n\n\r\n    <\/div>\r\n<\/section>\n\n<section id=\"ls-section-block_30bc886a0ef387d88310f8365df6d6a0\" class=\"ls-section  page-two has-background has-color-3-background-color has-p-t p-t-14 has-p-b p-b-14\" >\r\n        <div class=\"container container--wide\">\r\n        \n\n<div class=\"wp-block-columns is-layout-flex wp-container-core-columns-is-layout-9d6595d7 wp-block-columns-is-layout-flex\">\n<div class=\"wp-block-column is-vertically-aligned-top is-layout-flow wp-block-column-is-layout-flow\" style=\"flex-basis:33.33%\">\n<h2 class=\"ls__heading deco wp-block-heading\">Het kasteel van Grignan<\/h2>\n\n\n\n<p class=\"ls-paragraph\">Een van de grootste attracties van Grignan is het <a href=\"https:\/\/www.chateaux-ladrome.fr\/fr\/chateau-de-grignan\" target=\"_blank\" rel=\"noreferrer noopener nofollow\">kasteel<\/a>. Dit prachtige gebouw uit de 17e eeuw is omgeven door een <strong>prachtig park en biedt een adembenemend uitzicht op de omgeving<\/strong>. Bezoekers kunnen de ontvangstruimten, de priv\u00e9woningen en de tuinen verkennen. Het kasteel herbergt ook een permanente tentoonstelling over de geschiedenis van Grignan en de regio.<\/p>\n\n\n\n<p class=\"ls-paragraph\">Het oude fort, gebouwd in de Middeleeuwen, werd in de 16e eeuw <strong>het grootste renaissancekasteel in het zuidoosten<\/strong>. Door de uitbreiding in de 17e eeuw is het &#8220;een van de mooiste antiquiteiten in Frankrijk&#8221;. <\/p>\n\n\n\n<p class=\"ls-paragraph\">De aanwezigheid van Madame de S\u00e9vign\u00e9 en haar dochter, de gravin van Grignan, de bevoorrechte plaats die zij voor hem in hun correspondentie inruimden, de macht van graaf Fran\u00e7ois de Castellane Adh\u00e9mar de Monteil, maken het <strong>een belangrijk onderdeel van de regionale geschiedenis<\/strong>. <\/p>\n\n\n\n<p class=\"ls-paragraph addReadMore showlesscontent\">De kapittelkerk van Saint-Sauveur werd gebouwd door de Grignan-architect Jean Deloche in de 16e eeuw. <br>Het huis van de schout uit de 13e eeuw, waarin het typografisch atelier-museum is ondergebracht.<br><br>De grot van Rochecourbi\u00e8re, vlakbij het dorp, was dierbaar voor Madame de S\u00e9vign\u00e9 en de gravin van Grignan.<br><br>In Grignan kunt u de hele zomer genieten van nachtelijke voorstellingen in het kasteel of van het correspondentiefestival begin juli.<br><br>Grignan als zodanig is een bezoek waard. Je zult net zoveel plezier hebben met <strong>ontdek het kasteel en zijn geschiedenis<\/strong> Wandel maar eens door de straten waar u bijvoorbeeld een prachtig washuis vindt. Als u het pad vervolgt, kunt u deze tegen zon en wind beschutte plek ontdekken waar Mme de S\u00e9vign\u00e9 graag schreef. <\/p>\n<\/div>\n\n\n\n<div class=\"wp-block-column is-vertically-aligned-center is-layout-flow wp-block-column-is-layout-flow\" style=\"flex-basis:66.66%\">\n<figure class=\"wp-block-gallery has-nested-images columns-1 is-cropped galerie-slider wp-block-gallery-1 is-layout-flex wp-block-gallery-is-layout-flex\">\n<figure class=\"wp-block-image size-full\"><img decoding=\"async\" width=\"864\" height=\"576\" data-id=\"1799\" src=\"https:\/\/www.lestruffieres.com\/wp-content\/uploads\/2023\/03\/chateau-de-grignan.jpg\" alt=\"kasteel van grignan\" class=\"wp-image-1799\" srcset=\"https:\/\/www.lestruffieres.com\/wp-content\/uploads\/2023\/03\/chateau-de-grignan.jpg 864w, https:\/\/www.lestruffieres.com\/wp-content\/uploads\/2023\/03\/chateau-de-grignan-300x200.jpg 300w, https:\/\/www.lestruffieres.com\/wp-content\/uploads\/2023\/03\/chateau-de-grignan-768x512.jpg 768w\" sizes=\"(max-width: 864px) 100vw, 864px\" \/><\/figure>\n<\/figure>\n<\/div>\n<\/div>\n\n\r\n    <\/div>\r\n<\/section>\n\n<section id=\"ls-section-block_96f439169369320ff03bb3db44d0c53c\" class=\"ls-section  page-three has-background green has-p-t p-t-14 has-p-b p-b-14\" >\r\n        <div class=\"container container--wide\">\r\n        \n\n<div class=\"wp-block-columns is-layout-flex wp-container-core-columns-is-layout-9d6595d7 wp-block-columns-is-layout-flex\">\n<div class=\"wp-block-column is-vertically-aligned-center is-layout-flow wp-block-column-is-layout-flow\" style=\"flex-basis:66.66%\">\n<figure class=\"wp-block-image size-full animated bounceInLeft slow delay-100ms\"><img decoding=\"async\" width=\"864\" height=\"576\" src=\"https:\/\/www.lestruffieres.com\/wp-content\/uploads\/2023\/03\/les-roses-anciennes-de-grignan.jpg\" alt=\"de oude rozen van grignan\" class=\"wp-image-1877\" srcset=\"https:\/\/www.lestruffieres.com\/wp-content\/uploads\/2023\/03\/les-roses-anciennes-de-grignan.jpg 864w, https:\/\/www.lestruffieres.com\/wp-content\/uploads\/2023\/03\/les-roses-anciennes-de-grignan-300x200.jpg 300w, https:\/\/www.lestruffieres.com\/wp-content\/uploads\/2023\/03\/les-roses-anciennes-de-grignan-768x512.jpg 768w\" sizes=\"(max-width: 864px) 100vw, 864px\" \/><\/figure>\n<\/div>\n\n\n\n<div class=\"wp-block-column is-vertically-aligned-center is-layout-flow wp-block-column-is-layout-flow\" style=\"flex-basis:33.33%\">\n<h2 class=\"ls__heading deco wp-block-heading\">De oude rozen van Grignan<\/h2>\n\n\n\n<p class=\"ls-paragraph\">Grignan is ook beroemd om zijn oude rozen, die aantrekken <strong>tuin- en natuurliefhebbers uit het hele land.<\/strong> Oude rozen zijn oudere rozensoorten die eeuwen geleden voor het eerst werden geteeld en die hun <strong>charme en hun originele geur<\/strong>. Oude rozen in Grignan worden voornamelijk in particuliere tuinen gekweekt, maar sommige zijn ook te zien in openbare parken en gemeenschappelijke tuinen. <\/p>\n\n\n\n<p class=\"ls-paragraph\">Bezoekers zullen deze rozen in bloei kunnen bewonderen <strong>het hele jaar door<\/strong>, met een overvloed aan bloemen in de zomer. De oude rozen in Grignan zijn beroemd om hun kleur en intense parfum. De kleuren vari\u00ebren van lichtroze tot donkerrood, geel en wit, en de geuren vari\u00ebren van zoet tot fruitig tot kruidachtig.<\/p>\n<\/div>\n<\/div>\n\n\r\n    <\/div>\r\n<\/section>\n\n<section id=\"ls-section-block_8e0af2f4afde0e680e830288a30839a7\" class=\"ls-section  page-four has-p-t p-t-14 has-p-b p-b-14\" >\r\n        <div class=\"container container--wide\">\r\n        \n\n<div class=\"wp-block-columns is-layout-flex wp-container-core-columns-is-layout-9d6595d7 wp-block-columns-is-layout-flex\">\n<div class=\"wp-block-column is-vertically-aligned-center is-layout-flow wp-block-column-is-layout-flow\" style=\"flex-basis:33.33%\">\n<h2 class=\"ls__heading deco wp-block-heading\"> Activiteiten om te doen tijdens uw verblijf in Grignan<\/h2>\n\n\n\n<p class=\"ls-paragraph\">De afspraak om te noteren en te eren is de dinsdagmarkt. U ontdekt de <strong>lokale producenten in een vriendelijke sfeer en met veel charme.<\/strong> Wat een genot om over de Proven\u00e7aalse markten te slenteren! Aan het einde van de markt vindt u het mooie washuis met een rond zwembad. <\/p>\n\n\n\n<p class=\"ls-paragraph addReadMore showlesscontent\">Daarna kunt u uw wandeling voortzetten door de straten van Grignan en waarom niet een tafel nemen op de Place S\u00e9vign\u00e9 voor een koffie of om te eten. In de straten van het dorp en voordat u bij de collegiale kerk aankomt, kunt u de kleine winkeltjes en kunstgalerijen ontdekken. Voor natuurliefhebbers, ga naar <strong>ontdekking van de wijngaarden en kelders<\/strong> of waarom niet een paardrijden door het bos, lavendelvelden en wijngaarden.<\/p>\n\n\n\n<h2 class=\"ls__heading deco wp-block-heading\">Wandelen in Grignan<\/h2>\n\n\n\n<p class=\"ls-paragraph\">Voor natuurliefhebbers biedt Grignan ook vele wandelpaden om de <strong>omliggende heuvels en bergen te verkennen<\/strong>. Wandelaars kunnen het ongelooflijke landschap en de spectaculaire uitzichten ervaren, evenals de vele planten en wilde dieren in het gebied.<\/p>\n<\/div>\n\n\n\n<div class=\"wp-block-column is-vertically-aligned-center is-layout-flow wp-block-column-is-layout-flow\" style=\"flex-basis:66.66%\">\n<figure class=\"wp-block-image size-full animated fadeInRight delay-100ms slow\"><img decoding=\"async\" width=\"864\" height=\"576\" src=\"https:\/\/www.lestruffieres.com\/wp-content\/uploads\/2023\/03\/marche-produits-locaux.webp\" alt=\"markt voor lokale producten\" class=\"wp-image-2151\" srcset=\"https:\/\/www.lestruffieres.com\/wp-content\/uploads\/2023\/03\/marche-produits-locaux.webp 864w, https:\/\/www.lestruffieres.com\/wp-content\/uploads\/2023\/03\/marche-produits-locaux-300x200.webp 300w, https:\/\/www.lestruffieres.com\/wp-content\/uploads\/2023\/03\/marche-produits-locaux-768x512.webp 768w\" sizes=\"(max-width: 864px) 100vw, 864px\" \/><\/figure>\n<\/div>\n<\/div>\n\n\r\n    <\/div>\r\n<\/section>\n\n<section id=\"ls-section-block_5bd05da00ccd3898bd25ffb6f375115d\" class=\"ls-section  page-five has-background has-color-3-background-color has-p-t p-t-14 has-p-b p-b-14\" >\r\n        <div class=\"container container--wide\">\r\n        \n\n<h2 class=\"ls__heading has-text-align-center deco wp-block-heading\">Festivals en evenementen in Grignan<\/h2>\n\n\n\n<p class=\"ls-paragraph has-text-align-center\">Ten slotte is Grignan ook beroemd om zijn festivals en evenementen. Elk jaar verwelkomt het dorp vele <strong>muziek-, theater- en eetfestivals<\/strong>, evenals traditionele festivals en processies. Toeristen kunnen de lokale cultuur en tradities ervaren door deze evenementen bij te wonen.<\/p>\n\n\n\n<p class=\"ls-paragraph has-text-align-center\">Kortom, het dorp Grignan is een ideale bestemming voor <strong>liefhebbers van cultuur, geschiedenis, natuur en festivals<\/strong>. Met een charmant geplaveid dorp, een prachtig kasteel, schilderachtige wandelpaden en talrijke festivals en evenementen is dit een ongelooflijke bestemming voor iedereen die op zoek is naar een rustig uitje in de Dr\u00f4me Proven\u00e7ale. Dus voor een <strong>onvergetelijke ervaring<\/strong> in Frankrijk, plan uw reis naar Grignan vandaag nog.<\/p>\n\n\n\n<p class=\"ls-paragraph has-text-align-center\">Grignan is zo rijk aan activiteiten en vermaak dat een bezoek aan het toeristenbureau een must is.<\/p>\n\n\r\n    <\/div>\r\n<\/section>\n\n<section id=\"ls-section-block_626db1b5346d3e89cf7aa7bba94d56ae\" class=\"ls-section  page-maillage has-p-t p-t-14 has-p-b p-b-14\" >\r\n        <div class=\"container container--wide\">\r\n        \n\n<div id=\"ls-heading ls-titre-div-block_f6385af7de752828f67c01fe9a6c6875\" class=\"ls-titre-div deco aligncenter h2-like\" >\n    Ontdek onze activiteiten, onze diensten en ons restaurant!<\/div>\n\n\n<div id=\"ls-maillage-block_6da6fe384f3964cf8b219db318930c77\" class=\"ls-maillage cta-style-normal\" data-rows=\"3\">\r\n    <div class=\"wp-block-columns\"><div class=\"wp-block-column\">\n\n<a href=\"https:\/\/www.lestruffieres.com\/nl\/kasteel-van-grignan\/\" target=\"\" rel=\"noopener\" class=\"ls-cta__link\">\n\n\t<div class=\"ls-cta__image\"><img decoding=\"async\" src=\"https:\/\/www.lestruffieres.com\/wp-content\/uploads\/2023\/03\/chateau-de-grignan-drome-provencale.jpg\" alt=\"chateau de grignan drome provencale\"><\/div>\n\t<div class=\"ls-cta__title\">\n\t\tKasteel van Grignan\t<\/div>\n\t\n\t\t\n<\/a><\/div><div class=\"wp-block-column\">\n\n<a href=\"https:\/\/www.lestruffieres.com\/nl\/de-markten-provencal\/\" target=\"\" rel=\"noopener\" class=\"ls-cta__link\">\n\n\t<div class=\"ls-cta__image\"><img decoding=\"async\" src=\"https:\/\/www.lestruffieres.com\/wp-content\/uploads\/2023\/03\/marches.jpg\" alt=\"marches provence\"><\/div>\n\t<div class=\"ls-cta__title\">\n\t\tDe Proven\u00e7aalse markten\t<\/div>\n\t\n\t\t\n<\/a><\/div><div class=\"wp-block-column\">\n\n<a href=\"https:\/\/www.lestruffieres.com\/nl\/vakantie-verblijven-camping-chamaret\/\" target=\"\" rel=\"noopener\" class=\"ls-cta__link\">\n\n\t<div class=\"ls-cta__image\"><img decoding=\"async\" src=\"https:\/\/www.lestruffieres.com\/wp-content\/uploads\/2023\/03\/village-chamaret-dans-la-drome.jpg\" alt=\"village chamaret dans la drome\"><\/div>\n\t<div class=\"ls-cta__title\">\n\t\tDorp Chamaret\t<\/div>\n\t\n\t\t\n<\/a><\/div><\/div><\/div>\n\r\n    <\/div>\r\n<\/section>","protected":false},"excerpt":{"rendered":"","protected":false},"author":1,"featured_media":2610,"parent":0,"menu_order":0,"comment_status":"closed","ping_status":"closed","template":"","meta":{"_acf_changed":false,"footnotes":""},"sujet":[],"class_list":["post-2997","page","type-page","status-publish","has-post-thumbnail","hentry"],"acf":[],"yoast_head":"<!-- This site is optimized with the Yoast SEO plugin v23.4 - https:\/\/yoast.com\/wordpress\/plugins\/seo\/ -->\n<title>Vakantie en verblijf in Grignan in Dr\u00f4me Proven\u00e7ale<\/title>\n<meta name=\"description\" content=\"Ontdek het charmante dorpje Grignan. Ideale plek voor uw vakantie, waar u de charme van de Dr\u00f4me en de Provence zult ontdekken.\" \/>\n<meta name=\"robots\" content=\"index, follow, max-snippet:-1, max-image-preview:large, max-video-preview:-1\" \/>\n<link rel=\"canonical\" href=\"https:\/\/www.lestruffieres.com\/nl\/verblijven-vacanties-camping-grignan\/\" \/>\n<meta property=\"og:locale\" content=\"nl_NL\" \/>\n<meta property=\"og:type\" content=\"article\" \/>\n<meta property=\"og:title\" content=\"Vakantie en verblijf in Grignan in Dr\u00f4me Proven\u00e7ale\" \/>\n<meta property=\"og:description\" content=\"Ontdek het charmante dorpje Grignan. Ideale plek voor uw vakantie, waar u de charme van de Dr\u00f4me en de Provence zult ontdekken.\" \/>\n<meta property=\"og:url\" content=\"https:\/\/www.lestruffieres.com\/nl\/verblijven-vacanties-camping-grignan\/\" \/>\n<meta property=\"og:site_name\" content=\"Camping Les Truffi\u00e8res\" \/>\n<meta property=\"article:modified_time\" content=\"2023-03-27T18:33:33+00:00\" \/>\n<meta property=\"og:image\" content=\"https:\/\/www.lestruffieres.com\/wp-content\/uploads\/2023\/03\/camping-les-truffieres-a-grignan.webp\" \/>\n\t<meta property=\"og:image:width\" content=\"1920\" \/>\n\t<meta property=\"og:image:height\" content=\"746\" \/>\n\t<meta property=\"og:image:type\" content=\"image\/webp\" \/>\n<meta name=\"twitter:card\" content=\"summary_large_image\" \/>\n<meta name=\"twitter:label1\" content=\"Geschatte leestijd\" \/>\n\t<meta name=\"twitter:data1\" content=\"6 minuten\" \/>\n<script type=\"application\/ld+json\" class=\"yoast-schema-graph\">{\"@context\":\"https:\/\/schema.org\",\"@graph\":[{\"@type\":\"WebPage\",\"@id\":\"https:\/\/www.lestruffieres.com\/nl\/verblijven-vacanties-camping-grignan\/\",\"url\":\"https:\/\/www.lestruffieres.com\/nl\/verblijven-vacanties-camping-grignan\/\",\"name\":\"Vakantie en verblijf in Grignan in Dr\u00f4me Proven\u00e7ale\",\"isPartOf\":{\"@id\":\"https:\/\/www.lestruffieres.com\/#website\"},\"primaryImageOfPage\":{\"@id\":\"https:\/\/www.lestruffieres.com\/nl\/verblijven-vacanties-camping-grignan\/#primaryimage\"},\"image\":{\"@id\":\"https:\/\/www.lestruffieres.com\/nl\/verblijven-vacanties-camping-grignan\/#primaryimage\"},\"thumbnailUrl\":\"https:\/\/www.lestruffieres.com\/wp-content\/uploads\/2023\/03\/camping-les-truffieres-a-grignan.webp\",\"datePublished\":\"2023-02-06T08:13:42+00:00\",\"dateModified\":\"2023-03-27T18:33:33+00:00\",\"description\":\"Ontdek het charmante dorpje Grignan. Ideale plek voor uw vakantie, waar u de charme van de Dr\u00f4me en de Provence zult ontdekken.\",\"breadcrumb\":{\"@id\":\"https:\/\/www.lestruffieres.com\/nl\/verblijven-vacanties-camping-grignan\/#breadcrumb\"},\"inLanguage\":\"nl-NL\",\"potentialAction\":[{\"@type\":\"ReadAction\",\"target\":[\"https:\/\/www.lestruffieres.com\/nl\/verblijven-vacanties-camping-grignan\/\"]}]},{\"@type\":\"ImageObject\",\"inLanguage\":\"nl-NL\",\"@id\":\"https:\/\/www.lestruffieres.com\/nl\/verblijven-vacanties-camping-grignan\/#primaryimage\",\"url\":\"https:\/\/www.lestruffieres.com\/wp-content\/uploads\/2023\/03\/camping-les-truffieres-a-grignan.webp\",\"contentUrl\":\"https:\/\/www.lestruffieres.com\/wp-content\/uploads\/2023\/03\/camping-les-truffieres-a-grignan.webp\",\"width\":1920,\"height\":746,\"caption\":\"tourisme grignan\"},{\"@type\":\"BreadcrumbList\",\"@id\":\"https:\/\/www.lestruffieres.com\/nl\/verblijven-vacanties-camping-grignan\/#breadcrumb\",\"itemListElement\":[{\"@type\":\"ListItem\",\"position\":1,\"name\":\"Camping Dr\u00f4me\",\"item\":\"https:\/\/www.lestruffieres.com\/nl\/\"},{\"@type\":\"ListItem\",\"position\":2,\"name\":\"Toerisme in Grignan\"}]},{\"@type\":\"WebSite\",\"@id\":\"https:\/\/www.lestruffieres.com\/#website\",\"url\":\"https:\/\/www.lestruffieres.com\/\",\"name\":\"Camping Les Truffi\u00e8res\",\"description\":\"\",\"publisher\":{\"@id\":\"https:\/\/www.lestruffieres.com\/#organization\"},\"potentialAction\":[{\"@type\":\"SearchAction\",\"target\":{\"@type\":\"EntryPoint\",\"urlTemplate\":\"https:\/\/www.lestruffieres.com\/?s={search_term_string}\"},\"query-input\":{\"@type\":\"PropertyValueSpecification\",\"valueRequired\":true,\"valueName\":\"search_term_string\"}}],\"inLanguage\":\"nl-NL\"},{\"@type\":\"Organization\",\"@id\":\"https:\/\/www.lestruffieres.com\/#organization\",\"name\":\"Camping Les Truffi\u00e8res\",\"url\":\"https:\/\/www.lestruffieres.com\/\",\"logo\":{\"@type\":\"ImageObject\",\"inLanguage\":\"nl-NL\",\"@id\":\"https:\/\/www.lestruffieres.com\/#\/schema\/logo\/image\/\",\"url\":\"https:\/\/www.lestruffieres.com\/wp-content\/uploads\/2023\/02\/camping-les-truffieres-logo-entete.png\",\"contentUrl\":\"https:\/\/www.lestruffieres.com\/wp-content\/uploads\/2023\/02\/camping-les-truffieres-logo-entete.png\",\"width\":742,\"height\":1020,\"caption\":\"Camping Les Truffi\u00e8res\"},\"image\":{\"@id\":\"https:\/\/www.lestruffieres.com\/#\/schema\/logo\/image\/\"}}]}<\/script>\n<!-- \/ Yoast SEO plugin. -->","yoast_head_json":{"title":"Vakantie en verblijf in Grignan in Dr\u00f4me Proven\u00e7ale","description":"Ontdek het charmante dorpje Grignan. Ideale plek voor uw vakantie, waar u de charme van de Dr\u00f4me en de Provence zult ontdekken.","robots":{"index":"index","follow":"follow","max-snippet":"max-snippet:-1","max-image-preview":"max-image-preview:large","max-video-preview":"max-video-preview:-1"},"canonical":"https:\/\/www.lestruffieres.com\/nl\/verblijven-vacanties-camping-grignan\/","og_locale":"nl_NL","og_type":"article","og_title":"Vakantie en verblijf in Grignan in Dr\u00f4me Proven\u00e7ale","og_description":"Ontdek het charmante dorpje Grignan. Ideale plek voor uw vakantie, waar u de charme van de Dr\u00f4me en de Provence zult ontdekken.","og_url":"https:\/\/www.lestruffieres.com\/nl\/verblijven-vacanties-camping-grignan\/","og_site_name":"Camping Les Truffi\u00e8res","article_modified_time":"2023-03-27T18:33:33+00:00","og_image":[{"width":1920,"height":746,"url":"https:\/\/www.lestruffieres.com\/wp-content\/uploads\/2023\/03\/camping-les-truffieres-a-grignan.webp","type":"image\/webp"}],"twitter_card":"summary_large_image","twitter_misc":{"Geschatte leestijd":"6 minuten"},"schema":{"@context":"https:\/\/schema.org","@graph":[{"@type":"WebPage","@id":"https:\/\/www.lestruffieres.com\/nl\/verblijven-vacanties-camping-grignan\/","url":"https:\/\/www.lestruffieres.com\/nl\/verblijven-vacanties-camping-grignan\/","name":"Vakantie en verblijf in Grignan in Dr\u00f4me Proven\u00e7ale","isPartOf":{"@id":"https:\/\/www.lestruffieres.com\/#website"},"primaryImageOfPage":{"@id":"https:\/\/www.lestruffieres.com\/nl\/verblijven-vacanties-camping-grignan\/#primaryimage"},"image":{"@id":"https:\/\/www.lestruffieres.com\/nl\/verblijven-vacanties-camping-grignan\/#primaryimage"},"thumbnailUrl":"https:\/\/www.lestruffieres.com\/wp-content\/uploads\/2023\/03\/camping-les-truffieres-a-grignan.webp","datePublished":"2023-02-06T08:13:42+00:00","dateModified":"2023-03-27T18:33:33+00:00","description":"Ontdek het charmante dorpje Grignan. Ideale plek voor uw vakantie, waar u de charme van de Dr\u00f4me en de Provence zult ontdekken.","breadcrumb":{"@id":"https:\/\/www.lestruffieres.com\/nl\/verblijven-vacanties-camping-grignan\/#breadcrumb"},"inLanguage":"nl-NL","potentialAction":[{"@type":"ReadAction","target":["https:\/\/www.lestruffieres.com\/nl\/verblijven-vacanties-camping-grignan\/"]}]},{"@type":"ImageObject","inLanguage":"nl-NL","@id":"https:\/\/www.lestruffieres.com\/nl\/verblijven-vacanties-camping-grignan\/#primaryimage","url":"https:\/\/www.lestruffieres.com\/wp-content\/uploads\/2023\/03\/camping-les-truffieres-a-grignan.webp","contentUrl":"https:\/\/www.lestruffieres.com\/wp-content\/uploads\/2023\/03\/camping-les-truffieres-a-grignan.webp","width":1920,"height":746,"caption":"tourisme grignan"},{"@type":"BreadcrumbList","@id":"https:\/\/www.lestruffieres.com\/nl\/verblijven-vacanties-camping-grignan\/#breadcrumb","itemListElement":[{"@type":"ListItem","position":1,"name":"Camping Dr\u00f4me","item":"https:\/\/www.lestruffieres.com\/nl\/"},{"@type":"ListItem","position":2,"name":"Toerisme in Grignan"}]},{"@type":"WebSite","@id":"https:\/\/www.lestruffieres.com\/#website","url":"https:\/\/www.lestruffieres.com\/","name":"Camping Les Truffi\u00e8res","description":"","publisher":{"@id":"https:\/\/www.lestruffieres.com\/#organization"},"potentialAction":[{"@type":"SearchAction","target":{"@type":"EntryPoint","urlTemplate":"https:\/\/www.lestruffieres.com\/?s={search_term_string}"},"query-input":{"@type":"PropertyValueSpecification","valueRequired":true,"valueName":"search_term_string"}}],"inLanguage":"nl-NL"},{"@type":"Organization","@id":"https:\/\/www.lestruffieres.com\/#organization","name":"Camping Les Truffi\u00e8res","url":"https:\/\/www.lestruffieres.com\/","logo":{"@type":"ImageObject","inLanguage":"nl-NL","@id":"https:\/\/www.lestruffieres.com\/#\/schema\/logo\/image\/","url":"https:\/\/www.lestruffieres.com\/wp-content\/uploads\/2023\/02\/camping-les-truffieres-logo-entete.png","contentUrl":"https:\/\/www.lestruffieres.com\/wp-content\/uploads\/2023\/02\/camping-les-truffieres-logo-entete.png","width":742,"height":1020,"caption":"Camping Les Truffi\u00e8res"},"image":{"@id":"https:\/\/www.lestruffieres.com\/#\/schema\/logo\/image\/"}}]}},"_links":{"self":[{"href":"https:\/\/www.lestruffieres.com\/nl\/wp-json\/wp\/v2\/pages\/2997","targetHints":{"allow":["GET"]}}],"collection":[{"href":"https:\/\/www.lestruffieres.com\/nl\/wp-json\/wp\/v2\/pages"}],"about":[{"href":"https:\/\/www.lestruffieres.com\/nl\/wp-json\/wp\/v2\/types\/page"}],"author":[{"embeddable":true,"href":"https:\/\/www.lestruffieres.com\/nl\/wp-json\/wp\/v2\/users\/1"}],"replies":[{"embeddable":true,"href":"https:\/\/www.lestruffieres.com\/nl\/wp-json\/wp\/v2\/comments?post=2997"}],"version-history":[{"count":4,"href":"https:\/\/www.lestruffieres.com\/nl\/wp-json\/wp\/v2\/pages\/2997\/revisions"}],"predecessor-version":[{"id":6426,"href":"https:\/\/www.lestruffieres.com\/nl\/wp-json\/wp\/v2\/pages\/2997\/revisions\/6426"}],"wp:featuredmedia":[{"embeddable":true,"href":"https:\/\/www.lestruffieres.com\/nl\/wp-json\/wp\/v2\/media\/2610"}],"wp:attachment":[{"href":"https:\/\/www.lestruffieres.com\/nl\/wp-json\/wp\/v2\/media?parent=2997"}],"wp:term":[{"taxonomy":"sujet","embeddable":true,"href":"https:\/\/www.lestruffieres.com\/nl\/wp-json\/wp\/v2\/sujet?post=2997"}],"curies":[{"name":"wp","href":"https:\/\/api.w.org\/{rel}","templated":true}]}}