{"id":2989,"date":"2023-02-06T09:13:33","date_gmt":"2023-02-06T08:13:33","guid":{"rendered":"https:\/\/www.lestruffieres.com\/vakantie-verblijven-camping-chamaret\/"},"modified":"2023-03-28T09:21:11","modified_gmt":"2023-03-28T07:21:11","slug":"vakantie-verblijven-camping-chamaret","status":"publish","type":"page","link":"https:\/\/www.lestruffieres.com\/nl\/vakantie-verblijven-camping-chamaret\/","title":{"rendered":"Dorp Chamaret"},"content":{"rendered":"<section id=\"ls-section-block_71fe3c909fb6b695fe5a6804a4411627\" class=\"ls-section  page-chapeau\" >\r\n        <div class=\"container container--wide\">\r\n        \n\n<h1 class=\"ls__heading has-text-align-center wp-block-heading\">Dorp Chamaret<\/h1>\n\n\n\n<p class=\"ls-paragraph has-text-align-center\">Het <a href=\"https:\/\/www.grignanvalreas-tourisme.com\/notre-destination\/nos-villages\/chamaret\/\">dorp Chamaret<\/a> is een verrassend klein dorp in de Dr\u00f4me Proven\u00e7ale en is een echt juweeltje in de regio. Het is een ideale plek voor een vakantie in <a href=\"https:\/\/www.lestruffieres.com\/nl\/\">kamperen in de Dr\u00f4me<\/a>, met zijn vele parken en tuinen, evenals zijn <strong>panoramisch uitzicht op de bergen<\/strong> omliggende gebieden. Maar de echte parel aan de kroon van Chamaret is de toren van Chamaret, een historisch gebouw dat meerdere eeuwen oud is. <\/p>\n\n\r\n    <\/div>\r\n<\/section><section id=\"ls-section-block_db470505a6d8417fb043b3de33c21126\" class=\"ls-section  page-one deco-fleurs has-p-t p-t-0\" >\r\n        <div class=\"container container--wide\">\r\n        \n\n<div class=\"wp-block-columns is-layout-flex wp-container-core-columns-is-layout-9d6595d7 wp-block-columns-is-layout-flex\">\n<div class=\"wp-block-column left is-layout-flow wp-block-column-is-layout-flow\" style=\"flex-basis:66.66%\">\n<figure class=\"wp-block-image size-full animated fadeIn slow\"><img decoding=\"async\" width=\"864\" height=\"576\" src=\"https:\/\/www.lestruffieres.com\/wp-content\/uploads\/2023\/03\/decouvrir-le-village-de-chamaret.jpg\" alt=\"ontdek het dorp chamaret\" class=\"wp-image-1855\" srcset=\"https:\/\/www.lestruffieres.com\/wp-content\/uploads\/2023\/03\/decouvrir-le-village-de-chamaret.jpg 864w, https:\/\/www.lestruffieres.com\/wp-content\/uploads\/2023\/03\/decouvrir-le-village-de-chamaret-300x200.jpg 300w, https:\/\/www.lestruffieres.com\/wp-content\/uploads\/2023\/03\/decouvrir-le-village-de-chamaret-768x512.jpg 768w\" sizes=\"(max-width: 864px) 100vw, 864px\" \/><\/figure>\n\n\n\n<div id=\"ls-heading ls-titre-div-block_1b66ad4893e2c8ccabe34b9ac42dd769\" class=\"ls-titre-div quotes h2-like\" >\n    <strong>Op Camping Les Truffi\u00e8res<\/strong> in het hart van de Dr\u00f4me Proven\u00e7ale zullen C\u00e9lina en Brendon er alles aan doen om uw verblijf tot een succes te maken! <\/div>\n<\/div>\n\n\n\n<div class=\"wp-block-column right is-layout-flow wp-block-column-is-layout-flow\" style=\"flex-basis:33.33%\">\n<h2 class=\"ls__heading deco wp-block-heading\">Bezoek Chamaret<\/h2>\n\n\n\n<p class=\"ls-paragraph\">Chamaret is een klein en ongewoon dorp met een ongewone architectuur. U zult, via de kronkelende wegen en paden, vele <strong>prachtige stenen gebouwen<\/strong>. Ongelooflijke charme met een klein dorpsplein waar op vrijdag een markt wordt gehouden. Het bekendste van Chamaret is de toren. Beschikbaar voor bezoek maar ook altijd toegankelijk, het uitzicht zal u verrassen. <\/p>\n\n\n\n<p class=\"ls-paragraph\">Tenslotte zullen deze <strong>majestueuze ru\u00efnes<\/strong> indruk op u maken: niet alleen de duizelingwekkende vierkante donjon, maar ook de stukken muur waar het onkruid in klimt, ramen die op de leegte uitkomen, nog intacte stukken gewelf, waartussen enkele trotse cipressen staan.<\/p>\n\n\n\n<p class=\"ls-paragraph\">Een wild romantische set die tot de verbeelding spreekt en u uitnodigt om terug te reizen in de tijd.<\/p>\n\n\n\n<p class=\"ls-paragraph addReadMore showlesscontent\">Op 250 meter hoogte kunt u enkele minuten genieten van het ware spektakel van deze duizelingwekkende toren. U zult het kasteel van <a href=\"https:\/\/www.lestruffieres.com\/nl\/kasteel-van-grignan\/\">Grignan herkennen<\/a>, het plateau van Rouvergue maar vooral de <a href=\"https:\/\/www.lestruffieres.com\/nl\/camping-mont-ventoux\/\">Mont Ventoux<\/a>. Op enkele meters van de toren vindt u een grote gemeenschappelijke wasplaats en de prachtige kerk. <br\/><br\/>De nieuwsgierigen kunnen het Bories-pad nemen, dat hen naar de beroemde bories (droge stenen huizen) brengt, maar ook naar kalkovens, een menhir en een Romeins oppidum.<br\/><br\/>Niet te missen als je in september komt, het <strong>bonenfestival<\/strong>, een zeer oud landbouwfeest dat teruggaat tot de Franse Revolutie! <strong>Een prachtige show met historische kostuums<\/strong>. <br\/><br\/>Liefhebbers van &#8220;consumer local&#8221; zullen enkele goudklompjes kunnen vinden bij de <a href=\"https:\/\/www.facebook.com\/lacabanette\/\" target=\"_blank\" rel=\"noreferrer noopener nofollow\">kruidenierswinkel La Cabanette<\/a>. <\/p>\n<\/div>\n<\/div>\n\n\r\n    <\/div>\r\n<\/section><section id=\"ls-section-block_845bb4f6edeb13e31335afff47afcb50\" class=\"ls-section  page-two has-background has-color-3-background-color has-p-t p-t-14 has-p-b p-b-14\" >\r\n        <div class=\"container container--wide\">\r\n        \n\n<div class=\"wp-block-columns is-layout-flex wp-container-core-columns-is-layout-9d6595d7 wp-block-columns-is-layout-flex\">\n<div class=\"wp-block-column is-vertically-aligned-center is-layout-flow wp-block-column-is-layout-flow\" style=\"flex-basis:33.33%\">\n<h2 class=\"ls__heading deco wp-block-heading\">De kerk Saint-Michel in Chamaret<\/h2>\n\n\n\n<p class=\"ls-paragraph\">Bij aankomst in Chamaret wordt u begroet door de <strong>indrukwekkende St. Michael&#8217;s Kerk<\/strong>, uit de 15e eeuw, die het dorp domineert. Dit historische gebouw herbergt vele <strong>religieuze kunstvoorwerpen<\/strong>, zoals schilderijen en beelden, maar ook architectonische elementen zoals spitsbogen en fresco&#8217;s.<\/p>\n\n\n\n<h2 class=\"ls__heading deco wp-block-heading\"><strong><strong>De Chamarettoren<\/strong><\/strong><\/h2>\n\n\n\n<p class=\"ls-paragraph\">De <a href=\"https:\/\/latourdechamaret-astc.jimdo.com\/\" target=\"_blank\" rel=\"noreferrer noopener nofollow\">toren van Chamaret<\/a> werd gebouwd in de 12e eeuw en diende oorspronkelijk ter verdediging van het dorp. Het is in de loop der jaren gerestaureerd en gerenoveerd. Tegenwoordig is het open voor bezoekers voor rondleidingen. Bezoekers kunnen de wenteltrap naar de top van de toren beklimmen en genieten van <strong>een spectaculair uitzicht op het dorp en het omliggende platteland<\/strong>.<\/p>\n\n\n\n<p class=\"ls-paragraph addReadMore showlesscontent\">De top van de toren is ook een geweldige plek om foto&#8217;s te maken en herinneringen aan uw reis naar Chamaret vast te leggen. In de zomer is het mogelijk een inleiding in de astronomie te volgen. <br\/><br\/>De toren van Chamaret is een belangrijk element in de geschiedenis van Chamaret en de regio. Het vertegenwoordigt de kracht en vastberadenheid van de mensen uit die tijd, en is <strong>een fascinerend inzicht in het middeleeuwse leven in de Dr\u00f4me proven\u00e7ale.<\/strong><br\/><br\/>Bezoekers zullen versteld staan van het uitzicht op het dorp en de omringende bergen, maar ook van de geschiedenis en de architectuur van de toren zelf.<br\/><br\/>Door het dorp Chamaret te bezoeken en naar de top van de toren van Chamaret te klimmen, kunnen bezoekers de <strong>historische en natuurlijke wonderen van de Dr\u00f4me proven\u00e7ale<\/strong>. Het is een ideale bestemming voor liefhebbers van geschiedenis, kunst en natuur en een must voor kampeervakanties in de regio.<\/p>\n<\/div>\n\n\n\n<div class=\"wp-block-column is-vertically-aligned-center is-layout-flow wp-block-column-is-layout-flow\" style=\"flex-basis:66.66%\">\n<figure class=\"wp-block-gallery has-nested-images columns-1 is-cropped galerie-slider wp-block-gallery-1 is-layout-flex wp-block-gallery-is-layout-flex\">\n<figure class=\"wp-block-image size-full\"><img decoding=\"async\" width=\"864\" height=\"576\" data-id=\"1859\" src=\"https:\/\/www.lestruffieres.com\/wp-content\/uploads\/2023\/03\/tour-de-chamaret-proche-camping-les-truffieres.jpg\" alt=\"tour de chamaret bij camping les truffieres\" class=\"wp-image-1859\" srcset=\"https:\/\/www.lestruffieres.com\/wp-content\/uploads\/2023\/03\/tour-de-chamaret-proche-camping-les-truffieres.jpg 864w, https:\/\/www.lestruffieres.com\/wp-content\/uploads\/2023\/03\/tour-de-chamaret-proche-camping-les-truffieres-300x200.jpg 300w, https:\/\/www.lestruffieres.com\/wp-content\/uploads\/2023\/03\/tour-de-chamaret-proche-camping-les-truffieres-768x512.jpg 768w\" sizes=\"(max-width: 864px) 100vw, 864px\" \/><\/figure>\n<\/figure>\n<\/div>\n<\/div>\n\n\r\n    <\/div>\r\n<\/section><section id=\"ls-section-block_7692b05b68b40d096006f72acd372648\" class=\"ls-section  page-four has-background has-color-white-background-color has-m-b m-b-0 has-p-t p-t-14\" >\r\n        <div class=\"container container--wide\">\r\n        \n\n<div class=\"wp-block-columns is-layout-flex wp-container-core-columns-is-layout-9d6595d7 wp-block-columns-is-layout-flex\">\n<div class=\"wp-block-column is-layout-flow wp-block-column-is-layout-flow\" style=\"flex-basis:66.66%\">\n<figure class=\"wp-block-image size-full animated fadeInRight delay-100ms slow\"><img decoding=\"async\" width=\"864\" height=\"576\" src=\"https:\/\/www.lestruffieres.com\/wp-content\/uploads\/2023\/03\/balade-a-cheval-a-chamalet.jpg\" alt=\"paardrijden in chamalet\" class=\"wp-image-1907\" srcset=\"https:\/\/www.lestruffieres.com\/wp-content\/uploads\/2023\/03\/balade-a-cheval-a-chamalet.jpg 864w, https:\/\/www.lestruffieres.com\/wp-content\/uploads\/2023\/03\/balade-a-cheval-a-chamalet-300x200.jpg 300w, https:\/\/www.lestruffieres.com\/wp-content\/uploads\/2023\/03\/balade-a-cheval-a-chamalet-768x512.jpg 768w\" sizes=\"(max-width: 864px) 100vw, 864px\" \/><\/figure>\n<\/div>\n\n\n\n<div class=\"wp-block-column is-layout-flow wp-block-column-is-layout-flow\" style=\"flex-basis:33.33%\">\n<h2 class=\"ls__heading deco wp-block-heading\"> Bezienswaardigheden in Chamaret<\/h2>\n\n\n\n<p class=\"ls-paragraph\">Historische overblijfselen, te zien:<\/p>\n\n\n\n<ul class=\"ls-list wp-block-list\">\n<li><a href=\"https:\/\/www.normandie-tourisme.fr\/sites-lieux-de-visites\/donjon-du-chateau-feodal\/\" target=\"_blank\" rel=\"noreferrer noopener nofollow\">Keep van het feodale kasteel<\/a> (12e eeuw, heringericht in de 19e eeuw, te bezichtigen; \u20ac2 entree). <\/li>\n\n\n\n<li>Poort van de Grote Fontein (13e eeuw). <\/li>\n\n\n\n<li>Washuis (18e eeuw). Romaanse kerk met verbouwingen. <\/li>\n\n\n\n<li>Kapel St-Barth\u00e9lemy. <\/li>\n\n\n\n<li>Prehistorische overblijfselen (twee oppidas, overblijfselen van Gallo-Romeinse villa&#8217;s). <\/li>\n\n\n\n<li>Bories pad. <\/li>\n<\/ul>\n\n\n<section id=\"ls-section-block_c30ffad359135569be3ee41cc801871d\" class=\"ls-section  addReadMore showlesscontent has-m-t m-t-0 has-p-t p-t-0\" >\r\n        <div class=\"container \">\r\n        \n\n<p class=\"ls-paragraph\">Vrije tijd :<\/p>\n\n\n\n<ul class=\"ls-list wp-block-list\">\n<li>Wandelen, fietsen en paardrijden. <\/li>\n\n\n\n<li>Bonenfestival (september).<\/li>\n<\/ul>\n\n\n\n<p class=\"ls-paragraph\">Samengevat is Chamaret een <strong>pittoresk en historisch dorp <\/strong>gelegen in de Dr\u00f4me Proven\u00e7ale, die de bezoekers een inzicht biedt in het leven in de Provence, alsook<strong>een gelegenheid om te ontspannen en lokale producten te ontdekken<\/strong>. Ik raad u ten zeerste aan Chamaret te bezoeken bij uw volgende bezoek aan de Dr\u00f4me Proven\u00e7ale.<br\/><br\/>Het is belangrijk om te weten dat het dorp <strong>Chamaret grenst aan Grignan<\/strong> en dat we bij de uitgang van de camping een voetpad hebben dat u veilig door de velden naar het dorp leidt !<\/p>\n\n\r\n    <\/div>\r\n<\/section><\/div>\n<\/div>\n\n\r\n    <\/div>\r\n<\/section><section id=\"ls-section-block_a6b53bc26f9ab2c5d9e3288305cc74b3\" class=\"ls-section  page-maillage has-m-t m-t-0 has-p-t p-t-0 has-p-b p-b-14\" >\r\n        <div class=\"container container--wide\">\r\n        \n\n<div id=\"ls-heading ls-titre-div-block_b42fc4cfef66a67438fb36227231444e\" class=\"ls-titre-div deco aligncenter h2-like\" >\n    Te ontdekken in de omgeving van de camping!<\/div>\n\n\n<div id=\"ls-maillage-block_38770840e093d5ffa1f8dbf31e85ed87\" class=\"ls-maillage cta-style-normal\" data-rows=\"3\">\r\n    <div class=\"wp-block-columns\"><div class=\"wp-block-column\">\n\n<a href=\"https:\/\/www.lestruffieres.com\/nl\/kasteel-van-grignan\/\" target=\"\" rel=\"noopener\" class=\"ls-cta__link\">\n\n\t<div class=\"ls-cta__image\"><img decoding=\"async\" src=\"https:\/\/www.lestruffieres.com\/wp-content\/uploads\/2023\/03\/chateau-de-grignan-drome-provencale.jpg\" alt=\"chateau de grignan drome provencale\"><\/div>\n\t<div class=\"ls-cta__title\">\n\t\tKasteel van Grignan\t<\/div>\n\t\n\t\t\n<\/a><\/div><div class=\"wp-block-column\">\n\n<a href=\"https:\/\/www.lestruffieres.com\/nl\/camping-mont-ventoux\/\" target=\"\" rel=\"noopener\" class=\"ls-cta__link\">\n\n\t<div class=\"ls-cta__image\"><img decoding=\"async\" src=\"https:\/\/www.lestruffieres.com\/wp-content\/uploads\/2023\/03\/mont-ventoux.jpg\" alt=\"mont ventoux\"><\/div>\n\t<div class=\"ls-cta__title\">\n\t\tDe Mont Ventoux\t<\/div>\n\t\n\t\t\n<\/a><\/div><div class=\"wp-block-column\">\n\n<a href=\"https:\/\/www.lestruffieres.com\/nl\/vakantieverblijven-camping-la-garde-adhemar\/\" target=\"\" rel=\"noopener\" class=\"ls-cta__link\">\n\n\t<div class=\"ls-cta__image\"><img decoding=\"async\" src=\"https:\/\/www.lestruffieres.com\/wp-content\/uploads\/2023\/03\/village-de-la-garde-adhemar-dans-la-drome.jpg\" alt=\"village de la garde adhemar dans la drome\"><\/div>\n\t<div class=\"ls-cta__title\">\n\t\tDorp van La Garde Adh\u00e9mar\t<\/div>\n\t\n\t\t\n<\/a><\/div><\/div><\/div>\n\r\n    <\/div>\r\n<\/section>","protected":false},"excerpt":{"rendered":"","protected":false},"author":1,"featured_media":2620,"parent":0,"menu_order":0,"comment_status":"closed","ping_status":"closed","template":"","meta":{"_acf_changed":false,"footnotes":""},"sujet":[],"class_list":["post-2989","page","type-page","status-publish","has-post-thumbnail","hentry"],"acf":[],"yoast_head":"<!-- This site is optimized with the Yoast SEO plugin v23.4 - https:\/\/yoast.com\/wordpress\/plugins\/seo\/ -->\n<title>Vakantie en verblijf in Chamaret in de Dr\u00f4me Proven\u00e7ale<\/title>\n<meta name=\"description\" content=\"Ontdek het charmante dorpje Chamaret dat vlakbij de camping Les Truffi\u00e8res ligt.\" \/>\n<meta name=\"robots\" content=\"index, follow, max-snippet:-1, max-image-preview:large, max-video-preview:-1\" \/>\n<link rel=\"canonical\" href=\"https:\/\/www.lestruffieres.com\/nl\/vakantie-verblijven-camping-chamaret\/\" \/>\n<meta property=\"og:locale\" content=\"nl_NL\" \/>\n<meta property=\"og:type\" content=\"article\" \/>\n<meta property=\"og:title\" content=\"Vakantie en verblijf in Chamaret in de Dr\u00f4me Proven\u00e7ale\" \/>\n<meta property=\"og:description\" content=\"Ontdek het charmante dorpje Chamaret dat vlakbij de camping Les Truffi\u00e8res ligt.\" \/>\n<meta property=\"og:url\" content=\"https:\/\/www.lestruffieres.com\/nl\/vakantie-verblijven-camping-chamaret\/\" \/>\n<meta property=\"og:site_name\" content=\"Camping Les Truffi\u00e8res\" \/>\n<meta property=\"article:modified_time\" content=\"2023-03-28T07:21:11+00:00\" \/>\n<meta property=\"og:image\" content=\"https:\/\/www.lestruffieres.com\/wp-content\/uploads\/2023\/03\/village-de-chamalet-a-visiter.webp\" \/>\n\t<meta property=\"og:image:width\" content=\"1920\" \/>\n\t<meta property=\"og:image:height\" content=\"746\" \/>\n\t<meta property=\"og:image:type\" content=\"image\/webp\" \/>\n<meta name=\"twitter:card\" content=\"summary_large_image\" \/>\n<meta name=\"twitter:label1\" content=\"Geschatte leestijd\" \/>\n\t<meta name=\"twitter:data1\" content=\"5 minuten\" \/>\n<script type=\"application\/ld+json\" class=\"yoast-schema-graph\">{\"@context\":\"https:\/\/schema.org\",\"@graph\":[{\"@type\":\"WebPage\",\"@id\":\"https:\/\/www.lestruffieres.com\/nl\/vakantie-verblijven-camping-chamaret\/\",\"url\":\"https:\/\/www.lestruffieres.com\/nl\/vakantie-verblijven-camping-chamaret\/\",\"name\":\"Vakantie en verblijf in Chamaret in de Dr\u00f4me Proven\u00e7ale\",\"isPartOf\":{\"@id\":\"https:\/\/www.lestruffieres.com\/#website\"},\"primaryImageOfPage\":{\"@id\":\"https:\/\/www.lestruffieres.com\/nl\/vakantie-verblijven-camping-chamaret\/#primaryimage\"},\"image\":{\"@id\":\"https:\/\/www.lestruffieres.com\/nl\/vakantie-verblijven-camping-chamaret\/#primaryimage\"},\"thumbnailUrl\":\"https:\/\/www.lestruffieres.com\/wp-content\/uploads\/2023\/03\/village-de-chamalet-a-visiter.webp\",\"datePublished\":\"2023-02-06T08:13:33+00:00\",\"dateModified\":\"2023-03-28T07:21:11+00:00\",\"description\":\"Ontdek het charmante dorpje Chamaret dat vlakbij de camping Les Truffi\u00e8res ligt.\",\"breadcrumb\":{\"@id\":\"https:\/\/www.lestruffieres.com\/nl\/vakantie-verblijven-camping-chamaret\/#breadcrumb\"},\"inLanguage\":\"nl-NL\",\"potentialAction\":[{\"@type\":\"ReadAction\",\"target\":[\"https:\/\/www.lestruffieres.com\/nl\/vakantie-verblijven-camping-chamaret\/\"]}]},{\"@type\":\"ImageObject\",\"inLanguage\":\"nl-NL\",\"@id\":\"https:\/\/www.lestruffieres.com\/nl\/vakantie-verblijven-camping-chamaret\/#primaryimage\",\"url\":\"https:\/\/www.lestruffieres.com\/wp-content\/uploads\/2023\/03\/village-de-chamalet-a-visiter.webp\",\"contentUrl\":\"https:\/\/www.lestruffieres.com\/wp-content\/uploads\/2023\/03\/village-de-chamalet-a-visiter.webp\",\"width\":1920,\"height\":746,\"caption\":\"visite chamaret\"},{\"@type\":\"BreadcrumbList\",\"@id\":\"https:\/\/www.lestruffieres.com\/nl\/vakantie-verblijven-camping-chamaret\/#breadcrumb\",\"itemListElement\":[{\"@type\":\"ListItem\",\"position\":1,\"name\":\"Camping Dr\u00f4me\",\"item\":\"https:\/\/www.lestruffieres.com\/nl\/\"},{\"@type\":\"ListItem\",\"position\":2,\"name\":\"Camping in de buurt van Chamaret\"}]},{\"@type\":\"WebSite\",\"@id\":\"https:\/\/www.lestruffieres.com\/#website\",\"url\":\"https:\/\/www.lestruffieres.com\/\",\"name\":\"Camping Les Truffi\u00e8res\",\"description\":\"\",\"publisher\":{\"@id\":\"https:\/\/www.lestruffieres.com\/#organization\"},\"potentialAction\":[{\"@type\":\"SearchAction\",\"target\":{\"@type\":\"EntryPoint\",\"urlTemplate\":\"https:\/\/www.lestruffieres.com\/?s={search_term_string}\"},\"query-input\":{\"@type\":\"PropertyValueSpecification\",\"valueRequired\":true,\"valueName\":\"search_term_string\"}}],\"inLanguage\":\"nl-NL\"},{\"@type\":\"Organization\",\"@id\":\"https:\/\/www.lestruffieres.com\/#organization\",\"name\":\"Camping Les Truffi\u00e8res\",\"url\":\"https:\/\/www.lestruffieres.com\/\",\"logo\":{\"@type\":\"ImageObject\",\"inLanguage\":\"nl-NL\",\"@id\":\"https:\/\/www.lestruffieres.com\/#\/schema\/logo\/image\/\",\"url\":\"https:\/\/www.lestruffieres.com\/wp-content\/uploads\/2023\/02\/camping-les-truffieres-logo-entete.png\",\"contentUrl\":\"https:\/\/www.lestruffieres.com\/wp-content\/uploads\/2023\/02\/camping-les-truffieres-logo-entete.png\",\"width\":742,\"height\":1020,\"caption\":\"Camping Les Truffi\u00e8res\"},\"image\":{\"@id\":\"https:\/\/www.lestruffieres.com\/#\/schema\/logo\/image\/\"}}]}<\/script>\n<!-- \/ Yoast SEO plugin. -->","yoast_head_json":{"title":"Vakantie en verblijf in Chamaret in de Dr\u00f4me Proven\u00e7ale","description":"Ontdek het charmante dorpje Chamaret dat vlakbij de camping Les Truffi\u00e8res ligt.","robots":{"index":"index","follow":"follow","max-snippet":"max-snippet:-1","max-image-preview":"max-image-preview:large","max-video-preview":"max-video-preview:-1"},"canonical":"https:\/\/www.lestruffieres.com\/nl\/vakantie-verblijven-camping-chamaret\/","og_locale":"nl_NL","og_type":"article","og_title":"Vakantie en verblijf in Chamaret in de Dr\u00f4me Proven\u00e7ale","og_description":"Ontdek het charmante dorpje Chamaret dat vlakbij de camping Les Truffi\u00e8res ligt.","og_url":"https:\/\/www.lestruffieres.com\/nl\/vakantie-verblijven-camping-chamaret\/","og_site_name":"Camping Les Truffi\u00e8res","article_modified_time":"2023-03-28T07:21:11+00:00","og_image":[{"width":1920,"height":746,"url":"https:\/\/www.lestruffieres.com\/wp-content\/uploads\/2023\/03\/village-de-chamalet-a-visiter.webp","type":"image\/webp"}],"twitter_card":"summary_large_image","twitter_misc":{"Geschatte leestijd":"5 minuten"},"schema":{"@context":"https:\/\/schema.org","@graph":[{"@type":"WebPage","@id":"https:\/\/www.lestruffieres.com\/nl\/vakantie-verblijven-camping-chamaret\/","url":"https:\/\/www.lestruffieres.com\/nl\/vakantie-verblijven-camping-chamaret\/","name":"Vakantie en verblijf in Chamaret in de Dr\u00f4me Proven\u00e7ale","isPartOf":{"@id":"https:\/\/www.lestruffieres.com\/#website"},"primaryImageOfPage":{"@id":"https:\/\/www.lestruffieres.com\/nl\/vakantie-verblijven-camping-chamaret\/#primaryimage"},"image":{"@id":"https:\/\/www.lestruffieres.com\/nl\/vakantie-verblijven-camping-chamaret\/#primaryimage"},"thumbnailUrl":"https:\/\/www.lestruffieres.com\/wp-content\/uploads\/2023\/03\/village-de-chamalet-a-visiter.webp","datePublished":"2023-02-06T08:13:33+00:00","dateModified":"2023-03-28T07:21:11+00:00","description":"Ontdek het charmante dorpje Chamaret dat vlakbij de camping Les Truffi\u00e8res ligt.","breadcrumb":{"@id":"https:\/\/www.lestruffieres.com\/nl\/vakantie-verblijven-camping-chamaret\/#breadcrumb"},"inLanguage":"nl-NL","potentialAction":[{"@type":"ReadAction","target":["https:\/\/www.lestruffieres.com\/nl\/vakantie-verblijven-camping-chamaret\/"]}]},{"@type":"ImageObject","inLanguage":"nl-NL","@id":"https:\/\/www.lestruffieres.com\/nl\/vakantie-verblijven-camping-chamaret\/#primaryimage","url":"https:\/\/www.lestruffieres.com\/wp-content\/uploads\/2023\/03\/village-de-chamalet-a-visiter.webp","contentUrl":"https:\/\/www.lestruffieres.com\/wp-content\/uploads\/2023\/03\/village-de-chamalet-a-visiter.webp","width":1920,"height":746,"caption":"visite chamaret"},{"@type":"BreadcrumbList","@id":"https:\/\/www.lestruffieres.com\/nl\/vakantie-verblijven-camping-chamaret\/#breadcrumb","itemListElement":[{"@type":"ListItem","position":1,"name":"Camping Dr\u00f4me","item":"https:\/\/www.lestruffieres.com\/nl\/"},{"@type":"ListItem","position":2,"name":"Camping in de buurt van Chamaret"}]},{"@type":"WebSite","@id":"https:\/\/www.lestruffieres.com\/#website","url":"https:\/\/www.lestruffieres.com\/","name":"Camping Les Truffi\u00e8res","description":"","publisher":{"@id":"https:\/\/www.lestruffieres.com\/#organization"},"potentialAction":[{"@type":"SearchAction","target":{"@type":"EntryPoint","urlTemplate":"https:\/\/www.lestruffieres.com\/?s={search_term_string}"},"query-input":{"@type":"PropertyValueSpecification","valueRequired":true,"valueName":"search_term_string"}}],"inLanguage":"nl-NL"},{"@type":"Organization","@id":"https:\/\/www.lestruffieres.com\/#organization","name":"Camping Les Truffi\u00e8res","url":"https:\/\/www.lestruffieres.com\/","logo":{"@type":"ImageObject","inLanguage":"nl-NL","@id":"https:\/\/www.lestruffieres.com\/#\/schema\/logo\/image\/","url":"https:\/\/www.lestruffieres.com\/wp-content\/uploads\/2023\/02\/camping-les-truffieres-logo-entete.png","contentUrl":"https:\/\/www.lestruffieres.com\/wp-content\/uploads\/2023\/02\/camping-les-truffieres-logo-entete.png","width":742,"height":1020,"caption":"Camping Les Truffi\u00e8res"},"image":{"@id":"https:\/\/www.lestruffieres.com\/#\/schema\/logo\/image\/"}}]}},"_links":{"self":[{"href":"https:\/\/www.lestruffieres.com\/nl\/wp-json\/wp\/v2\/pages\/2989","targetHints":{"allow":["GET"]}}],"collection":[{"href":"https:\/\/www.lestruffieres.com\/nl\/wp-json\/wp\/v2\/pages"}],"about":[{"href":"https:\/\/www.lestruffieres.com\/nl\/wp-json\/wp\/v2\/types\/page"}],"author":[{"embeddable":true,"href":"https:\/\/www.lestruffieres.com\/nl\/wp-json\/wp\/v2\/users\/1"}],"replies":[{"embeddable":true,"href":"https:\/\/www.lestruffieres.com\/nl\/wp-json\/wp\/v2\/comments?post=2989"}],"version-history":[{"count":9,"href":"https:\/\/www.lestruffieres.com\/nl\/wp-json\/wp\/v2\/pages\/2989\/revisions"}],"predecessor-version":[{"id":6461,"href":"https:\/\/www.lestruffieres.com\/nl\/wp-json\/wp\/v2\/pages\/2989\/revisions\/6461"}],"wp:featuredmedia":[{"embeddable":true,"href":"https:\/\/www.lestruffieres.com\/nl\/wp-json\/wp\/v2\/media\/2620"}],"wp:attachment":[{"href":"https:\/\/www.lestruffieres.com\/nl\/wp-json\/wp\/v2\/media?parent=2989"}],"wp:term":[{"taxonomy":"sujet","embeddable":true,"href":"https:\/\/www.lestruffieres.com\/nl\/wp-json\/wp\/v2\/sujet?post=2989"}],"curies":[{"name":"wp","href":"https:\/\/api.w.org\/{rel}","templated":true}]}}