{"id":2985,"date":"2023-02-06T09:08:51","date_gmt":"2023-02-06T08:08:51","guid":{"rendered":"https:\/\/www.lestruffieres.com\/diensten-activiteiten-vakantie-camping-grignan\/"},"modified":"2023-06-19T11:12:13","modified_gmt":"2023-06-19T09:12:13","slug":"diensten-activiteiten-vakantie-camping-grignan","status":"publish","type":"page","link":"https:\/\/www.lestruffieres.com\/nl\/diensten-activiteiten-vakantie-camping-grignan\/","title":{"rendered":"Diensten"},"content":{"rendered":"<section id=\"ls-section-block_cd622d9847fcfa6e102a564d7e1a5eef\" class=\"ls-section  page-chapeau\" >\r\n        <div class=\"container container--wide\">\r\n        \n\n<h1 class=\"ls__heading wp-block-heading has-text-align-center\">Diensten van Camping Les Truffi\u00e8res<\/h1>\n\n\r\n    <\/div>\r\n<\/section>\n\n<section id=\"ls-section-block_30fa15574bbb1d201bace91a0f16625a\" class=\"ls-section  page-one deco-fleurs has-p-t p-t-0\" >\r\n        <div class=\"container container--wide\">\r\n        \n\n<div class=\"wp-block-columns is-layout-flex wp-container-core-columns-is-layout-9d6595d7 wp-block-columns-is-layout-flex\">\n<div class=\"wp-block-column left is-layout-flow wp-block-column-is-layout-flow\" style=\"flex-basis:66.66%\">\n<figure class=\"wp-block-image size-full animated fadeIn slow\"><img decoding=\"async\" width=\"864\" height=\"576\" src=\"https:\/\/www.lestruffieres.com\/wp-content\/uploads\/2023\/02\/reception-camping-les-truffieres.jpg\" alt=\"receptie camping les truffieres\" class=\"wp-image-1177\" srcset=\"https:\/\/www.lestruffieres.com\/wp-content\/uploads\/2023\/02\/reception-camping-les-truffieres.jpg 864w, https:\/\/www.lestruffieres.com\/wp-content\/uploads\/2023\/02\/reception-camping-les-truffieres-300x200.jpg 300w, https:\/\/www.lestruffieres.com\/wp-content\/uploads\/2023\/02\/reception-camping-les-truffieres-768x512.jpg 768w\" sizes=\"(max-width: 864px) 100vw, 864px\" \/><\/figure>\n\n\n\n<div id=\"ls-heading ls-titre-div-block_54992a9fd6d8f1f633faa0254c59b992\" class=\"ls-titre-div quotes h2-like\" >\n    <strong>Op Camping Les Truffi\u00e8res<\/strong> in het hart van de Dr\u00f4me Proven\u00e7ale zullen C\u00e9lina en Brendon er alles aan doen om uw verblijf tot een succes te maken! <\/div>\n<\/div>\n\n\n\n<div class=\"wp-block-column right is-layout-flow wp-block-column-is-layout-flow\" style=\"flex-basis:33.33%\">\n<h2 class=\"ls__heading wp-block-heading deco\">De receptie van de camping<\/h2>\n\n\n\n<p class=\"ls-paragraph\">Op <a href=\"https:\/\/www.lestruffieres.com\/nl\/\">camping Les Truffi\u00e8res<\/a>, de ontvangst is <strong>dagelijks geopend van 8.30 tot 12 uur en van 14 tot 19 uur<\/strong>. U vindt er iemand om uw vragen te beantwoorden, maar ook alle informatie over de activiteiten in de omgeving. Telefonisch blijven de openingstijden hetzelfde. Aarzel niet om een bericht achter te laten en wij bellen u zo spoedig mogelijk terug.<\/p>\n\n\n\n<h2 class=\"ls__heading wp-block-heading deco\">Post ontvangen<\/h2>\n\n\n\n<p class=\"ls-paragraph\">Wilt u een klein souvenir of om uw dierbaren gedag te zeggen? Bij de receptie vindt u alles wat u nodig heeft! Postkaarten en postzegels (Frans of buitenlands) zijn verkrijgbaar bij de receptie en <strong>we hebben ook een brievenbus<\/strong>. En als u uw tijdschriftabonnementen niet kunt missen terwijl u weg bent, kunt u ze tijdens uw verblijf op de camping laten bezorgen.<\/p>\n<\/div>\n<\/div>\n\n\r\n    <\/div>\r\n<\/section>\n\n<section id=\"ls-section-block_6d0cca7c66741ff3ff2ad70f2956d52c\" class=\"ls-section  page-two has-background has-color-3-background-color has-p-t p-t-14 has-p-b p-b-14\" >\r\n        <div class=\"container container--wide\">\r\n        \n\n<div class=\"wp-block-columns is-layout-flex wp-container-core-columns-is-layout-9d6595d7 wp-block-columns-is-layout-flex\">\n<div class=\"wp-block-column is-vertically-aligned-center is-layout-flow wp-block-column-is-layout-flow\" style=\"flex-basis:33.33%\">\n<h2 class=\"ls__heading wp-block-heading deco\">Wasserij in Grignan<\/h2>\n\n\n\n<p class=\"ls-paragraph\">Een bevlekt kledingstuk om te wassen? Van <strong>muntjes zijn te koop bij de receptie<\/strong> en <strong>een wasdroger is beschikbaar<\/strong> ook.<\/p>\n\n\n\n<p class=\"ls-paragraph\">Prijs: 5\u20ac voor de wasmachine en 2\u20ac voor de droger.<\/p>\n\n\n\n<h2 class=\"ls__heading wp-block-heading deco\">Wifi op de camping<\/h2>\n\n\n\n<p class=\"ls-paragraph\">Op camping Les Truffi\u00e8res, <strong>Wifi is niet gratis<\/strong> en beschikbaar op de hele camping. <\/p>\n\n\n\n<h2 class=\"ls__heading wp-block-heading deco\">Huisdieren niet toegestaan<\/h2>\n\n\n\n<p class=\"ls-paragraph\">Huisdieren zijn niet toegestaan op de camping.<\/p>\n\n\n<div class=\"wp-block-image\">\n<figure class=\"aligncenter size-full is-resized\"><img decoding=\"async\" src=\"https:\/\/www.lestruffieres.com\/wp-content\/uploads\/2023\/06\/no-animals.png\" alt=\"no animals\" class=\"wp-image-6532\" width=\"128\" height=\"128\" srcset=\"https:\/\/www.lestruffieres.com\/wp-content\/uploads\/2023\/06\/no-animals.png 512w, https:\/\/www.lestruffieres.com\/wp-content\/uploads\/2023\/06\/no-animals-300x300.png 300w, https:\/\/www.lestruffieres.com\/wp-content\/uploads\/2023\/06\/no-animals-150x150.png 150w\" sizes=\"(max-width: 128px) 100vw, 128px\" \/><\/figure>\n<\/div><\/div>\n\n\n\n<div class=\"wp-block-column is-vertically-aligned-center is-layout-flow wp-block-column-is-layout-flow\" style=\"flex-basis:66.66%\">\n<figure class=\"wp-block-gallery has-nested-images columns-1 is-cropped galerie-slider wp-block-gallery-1 is-layout-flex wp-block-gallery-is-layout-flex\">\n<figure class=\"wp-block-image size-full\"><img decoding=\"async\" width=\"864\" height=\"576\" data-id=\"1183\" src=\"https:\/\/www.lestruffieres.com\/wp-content\/uploads\/2023\/02\/service-laverie-camping-grignan.jpg\" alt=\"wasservice camping grignan\" class=\"wp-image-1183\" srcset=\"https:\/\/www.lestruffieres.com\/wp-content\/uploads\/2023\/02\/service-laverie-camping-grignan.jpg 864w, https:\/\/www.lestruffieres.com\/wp-content\/uploads\/2023\/02\/service-laverie-camping-grignan-300x200.jpg 300w, https:\/\/www.lestruffieres.com\/wp-content\/uploads\/2023\/02\/service-laverie-camping-grignan-768x512.jpg 768w\" sizes=\"(max-width: 864px) 100vw, 864px\" \/><\/figure>\n\n\n\n<figure class=\"wp-block-image size-full\"><img decoding=\"async\" width=\"864\" height=\"576\" data-id=\"1187\" src=\"https:\/\/www.lestruffieres.com\/wp-content\/uploads\/2023\/02\/camping-avec-wifi-drome.jpg\" alt=\"camping met wifi drome\" class=\"wp-image-1187\" srcset=\"https:\/\/www.lestruffieres.com\/wp-content\/uploads\/2023\/02\/camping-avec-wifi-drome.jpg 864w, https:\/\/www.lestruffieres.com\/wp-content\/uploads\/2023\/02\/camping-avec-wifi-drome-300x200.jpg 300w, https:\/\/www.lestruffieres.com\/wp-content\/uploads\/2023\/02\/camping-avec-wifi-drome-768x512.jpg 768w\" sizes=\"(max-width: 864px) 100vw, 864px\" \/><\/figure>\n<\/figure>\n<\/div>\n<\/div>\n\n\r\n    <\/div>\r\n<\/section>\n\n<section id=\"ls-section-block_952e06410151c13f34cdb45c768c11b7\" class=\"ls-section  page-three has-background green has-p-t p-t-14 has-p-b p-b-14\" >\r\n        <div class=\"container container--wide\">\r\n        \n\n<div class=\"wp-block-columns is-layout-flex wp-container-core-columns-is-layout-9d6595d7 wp-block-columns-is-layout-flex\">\n<div class=\"wp-block-column is-vertically-aligned-center is-layout-flow wp-block-column-is-layout-flow\" style=\"flex-basis:66.66%\">\n<figure class=\"wp-block-image size-full animated bounceInLeft slow delay-100ms\"><img decoding=\"async\" width=\"864\" height=\"576\" src=\"https:\/\/www.lestruffieres.com\/wp-content\/uploads\/2023\/02\/barbecue-collectif-camping-drome.jpg\" alt=\"collectieve barbecue camping drome\" class=\"wp-image-1192\" srcset=\"https:\/\/www.lestruffieres.com\/wp-content\/uploads\/2023\/02\/barbecue-collectif-camping-drome.jpg 864w, https:\/\/www.lestruffieres.com\/wp-content\/uploads\/2023\/02\/barbecue-collectif-camping-drome-300x200.jpg 300w, https:\/\/www.lestruffieres.com\/wp-content\/uploads\/2023\/02\/barbecue-collectif-camping-drome-768x512.jpg 768w\" sizes=\"(max-width: 864px) 100vw, 864px\" \/><\/figure>\n<\/div>\n\n\n\n<div class=\"wp-block-column is-vertically-aligned-center is-layout-flow wp-block-column-is-layout-flow\" style=\"flex-basis:33.33%\">\n<h2 class=\"ls__heading wp-block-heading deco\">De barbecue<\/h2>\n\n\n\n<p class=\"ls-paragraph\">Grillen is een feestdag! Camping Les Truffi\u00e8res ligt in een verhoogde brandzone, <strong>een ruimte is voorzien voor een veilige barbecue<\/strong>. Er is zelfs een picknicktafel naast de deur, dus u hoeft alleen maar achterover te leunen en te genieten! <\/p>\n\n\n\n<p class=\"ls-paragraph\">\/!\\ Barbecues kunnen bij prefectureel besluit verboden worden. Ook hier denkt camping Les Truffi\u00e8res aan alles en biedt u de <strong>verhuur van gasgrills<\/strong>. <\/p>\n<\/div>\n<\/div>\n\n\r\n    <\/div>\r\n<\/section>\n\n<section id=\"ls-section-block_319111faaaaa4d0bebf3053f129688fd\" class=\"ls-section  page-four has-p-t p-t-14 has-p-b p-b-14\" >\r\n        <div class=\"container container--wide\">\r\n        \n\n<div class=\"wp-block-columns is-layout-flex wp-container-core-columns-is-layout-9d6595d7 wp-block-columns-is-layout-flex\">\n<div class=\"wp-block-column is-vertically-aligned-center is-layout-flow wp-block-column-is-layout-flow\" style=\"flex-basis:33.33%\">\n<h2 class=\"ls__heading wp-block-heading deco\">De bibliotheek<\/h2>\n\n\n\n<p class=\"ls-paragraph\">Grignan&#8217;s verbondenheid met literatuur is als een brug die twee oevers verbindt. De Camping Les Truffi\u00e8res heeft dus logischerwijs een <strong>gedeelde bibliotheek<\/strong> (Frans, Engels, Nederlands, Duits). Op de speelplaats staat een telefooncel die is omgetoverd tot een goudmijn voor fervente lezers. <\/p>\n\n\n\n<p class=\"ls-paragraph\">Onze camping is een <strong>plaats van delen<\/strong>, kunt u uw boek een tweede leven geven door het in de bibliotheek achter te laten en een nieuw boek mee naar huis te nemen.<\/p>\n<\/div>\n\n\n\n<div class=\"wp-block-column is-vertically-aligned-center is-layout-flow wp-block-column-is-layout-flow\" style=\"flex-basis:66.66%\">\n<figure class=\"wp-block-image size-full animated fadeInRight delay-100ms slow\"><img decoding=\"async\" width=\"864\" height=\"576\" src=\"https:\/\/www.lestruffieres.com\/wp-content\/uploads\/2023\/02\/bibliotheque-partagee-camping-truffieres.jpg\" alt=\"gedeelde bibliotheek camping truffiere\" class=\"wp-image-1179\" srcset=\"https:\/\/www.lestruffieres.com\/wp-content\/uploads\/2023\/02\/bibliotheque-partagee-camping-truffieres.jpg 864w, https:\/\/www.lestruffieres.com\/wp-content\/uploads\/2023\/02\/bibliotheque-partagee-camping-truffieres-300x200.jpg 300w, https:\/\/www.lestruffieres.com\/wp-content\/uploads\/2023\/02\/bibliotheque-partagee-camping-truffieres-768x512.jpg 768w\" sizes=\"(max-width: 864px) 100vw, 864px\" \/><\/figure>\n<\/div>\n<\/div>\n\n\r\n    <\/div>\r\n<\/section>\n\n<section id=\"ls-section-block_825d86c1f824a947f2703a14945dc4e6\" class=\"ls-section  page-maillage has-m-t m-t-0 has-p-t p-t-10 has-p-b p-b-14\" >\r\n        <div class=\"container container--wide\">\r\n        \n\n<div id=\"ls-heading ls-titre-div-block_35511e8f5495218cc61e3732d4131c3a\" class=\"ls-titre-div deco aligncenter h2-like\" >\n    Ontdek onze animaties, ons restaurant en het zwembad!<\/div>\n\n\n<div id=\"ls-maillage-block_186ecd244f7048372eb5ccdad996cdde\" class=\"ls-maillage cta-style-normal\" data-rows=\"3\">\r\n    <div class=\"wp-block-columns\"><div class=\"wp-block-column\">\n\n<a href=\"https:\/\/www.lestruffieres.com\/nl\/animaties-camping-drome-provencale\/\" target=\"\" rel=\"noopener\" class=\"ls-cta__link\">\n\n\t<div class=\"ls-cta__image\"><img decoding=\"async\" src=\"https:\/\/www.lestruffieres.com\/wp-content\/uploads\/2023\/03\/camping-familial-dans-la-drome-provencale.jpg\" alt=\"camping familial drome provencale\"><\/div>\n\t<div class=\"ls-cta__title\">\n\t\tAnimaties\t<\/div>\n\t\n\t\t\n<\/a><\/div><div class=\"wp-block-column\">\n\n<a href=\"https:\/\/www.lestruffieres.com\/nl\/restauratie-van-de-camping-truffieres-in-rhone-alpes\/\" target=\"\" rel=\"noopener\" class=\"ls-cta__link\">\n\n\t<div class=\"ls-cta__image\"><img decoding=\"async\" src=\"https:\/\/www.lestruffieres.com\/wp-content\/uploads\/2023\/02\/le-restaurant-du-camping-les-truffieres-en-provence.jpg\" alt=\"restaurant camping truffieres\"><\/div>\n\t<div class=\"ls-cta__title\">\n\t\tRestauratie\t<\/div>\n\t\n\t\t\n<\/a><\/div><div class=\"wp-block-column\">\n\n<a href=\"https:\/\/www.lestruffieres.com\/nl\/camping-zwembad-drome\/\" target=\"\" rel=\"noopener\" class=\"ls-cta__link\">\n\n\t<div class=\"ls-cta__image\"><img decoding=\"async\" src=\"https:\/\/www.lestruffieres.com\/wp-content\/uploads\/2023\/02\/camping-avec-piscine-et-pataugeoire-dans-la-drome.jpg\" alt=\"camping avec piscine drome\"><\/div>\n\t<div class=\"ls-cta__title\">\n\t\tZwembad\t<\/div>\n\t\n\t\t\n<\/a><\/div><\/div><\/div>\n\r\n    <\/div>\r\n<\/section>","protected":false},"excerpt":{"rendered":"","protected":false},"author":1,"featured_media":2432,"parent":0,"menu_order":0,"comment_status":"closed","ping_status":"closed","template":"","meta":{"_acf_changed":false,"footnotes":""},"sujet":[],"class_list":["post-2985","page","type-page","status-publish","has-post-thumbnail","hentry"],"acf":[],"yoast_head":"<!-- This site is optimized with the Yoast SEO plugin v23.4 - https:\/\/yoast.com\/wordpress\/plugins\/seo\/ -->\n<title>Activiteiten en diensten beschikbaar op Camping Les Truffi\u00e8res.<\/title>\n<meta name=\"description\" content=\"Ontdek de diensten en activiteiten van de camping: verwarmd zwembad, wifi, bar, restaurant, ijssalon, brood en banket, wasmachine, enz.\" \/>\n<meta name=\"robots\" content=\"index, follow, max-snippet:-1, max-image-preview:large, max-video-preview:-1\" \/>\n<link rel=\"canonical\" href=\"https:\/\/www.lestruffieres.com\/nl\/diensten-activiteiten-vakantie-camping-grignan\/\" \/>\n<meta property=\"og:locale\" content=\"nl_NL\" \/>\n<meta property=\"og:type\" content=\"article\" \/>\n<meta property=\"og:title\" content=\"Activiteiten en diensten beschikbaar op Camping Les Truffi\u00e8res.\" \/>\n<meta property=\"og:description\" content=\"Ontdek de diensten en activiteiten van de camping: verwarmd zwembad, wifi, bar, restaurant, ijssalon, brood en banket, wasmachine, enz.\" \/>\n<meta property=\"og:url\" content=\"https:\/\/www.lestruffieres.com\/nl\/diensten-activiteiten-vakantie-camping-grignan\/\" \/>\n<meta property=\"og:site_name\" content=\"Camping Les Truffi\u00e8res\" \/>\n<meta property=\"article:modified_time\" content=\"2023-06-19T09:12:13+00:00\" \/>\n<meta property=\"og:image\" content=\"https:\/\/www.lestruffieres.com\/wp-content\/uploads\/2023\/02\/camping-avec-services-qualite-truffieres-drome.jpg\" \/>\n\t<meta property=\"og:image:width\" content=\"1920\" \/>\n\t<meta property=\"og:image:height\" content=\"746\" \/>\n\t<meta property=\"og:image:type\" content=\"image\/jpeg\" \/>\n<meta name=\"twitter:card\" content=\"summary_large_image\" \/>\n<meta name=\"twitter:label1\" content=\"Geschatte leestijd\" \/>\n\t<meta name=\"twitter:data1\" content=\"3 minuten\" \/>\n<script type=\"application\/ld+json\" class=\"yoast-schema-graph\">{\"@context\":\"https:\/\/schema.org\",\"@graph\":[{\"@type\":\"WebPage\",\"@id\":\"https:\/\/www.lestruffieres.com\/nl\/diensten-activiteiten-vakantie-camping-grignan\/\",\"url\":\"https:\/\/www.lestruffieres.com\/nl\/diensten-activiteiten-vakantie-camping-grignan\/\",\"name\":\"Activiteiten en diensten beschikbaar op Camping Les Truffi\u00e8res.\",\"isPartOf\":{\"@id\":\"https:\/\/www.lestruffieres.com\/#website\"},\"primaryImageOfPage\":{\"@id\":\"https:\/\/www.lestruffieres.com\/nl\/diensten-activiteiten-vakantie-camping-grignan\/#primaryimage\"},\"image\":{\"@id\":\"https:\/\/www.lestruffieres.com\/nl\/diensten-activiteiten-vakantie-camping-grignan\/#primaryimage\"},\"thumbnailUrl\":\"https:\/\/www.lestruffieres.com\/wp-content\/uploads\/2023\/02\/camping-avec-services-qualite-truffieres-drome.jpg\",\"datePublished\":\"2023-02-06T08:08:51+00:00\",\"dateModified\":\"2023-06-19T09:12:13+00:00\",\"description\":\"Ontdek de diensten en activiteiten van de camping: verwarmd zwembad, wifi, bar, restaurant, ijssalon, brood en banket, wasmachine, enz.\",\"breadcrumb\":{\"@id\":\"https:\/\/www.lestruffieres.com\/nl\/diensten-activiteiten-vakantie-camping-grignan\/#breadcrumb\"},\"inLanguage\":\"nl-NL\",\"potentialAction\":[{\"@type\":\"ReadAction\",\"target\":[\"https:\/\/www.lestruffieres.com\/nl\/diensten-activiteiten-vakantie-camping-grignan\/\"]}]},{\"@type\":\"ImageObject\",\"inLanguage\":\"nl-NL\",\"@id\":\"https:\/\/www.lestruffieres.com\/nl\/diensten-activiteiten-vakantie-camping-grignan\/#primaryimage\",\"url\":\"https:\/\/www.lestruffieres.com\/wp-content\/uploads\/2023\/02\/camping-avec-services-qualite-truffieres-drome.jpg\",\"contentUrl\":\"https:\/\/www.lestruffieres.com\/wp-content\/uploads\/2023\/02\/camping-avec-services-qualite-truffieres-drome.jpg\",\"width\":1920,\"height\":746,\"caption\":\"services camping\"},{\"@type\":\"BreadcrumbList\",\"@id\":\"https:\/\/www.lestruffieres.com\/nl\/diensten-activiteiten-vakantie-camping-grignan\/#breadcrumb\",\"itemListElement\":[{\"@type\":\"ListItem\",\"position\":1,\"name\":\"Camping Dr\u00f4me\",\"item\":\"https:\/\/www.lestruffieres.com\/nl\/\"},{\"@type\":\"ListItem\",\"position\":2,\"name\":\"Familiecamping in de Dr\u00f4me proven\u00e7ale\"}]},{\"@type\":\"WebSite\",\"@id\":\"https:\/\/www.lestruffieres.com\/#website\",\"url\":\"https:\/\/www.lestruffieres.com\/\",\"name\":\"Camping Les Truffi\u00e8res\",\"description\":\"\",\"publisher\":{\"@id\":\"https:\/\/www.lestruffieres.com\/#organization\"},\"potentialAction\":[{\"@type\":\"SearchAction\",\"target\":{\"@type\":\"EntryPoint\",\"urlTemplate\":\"https:\/\/www.lestruffieres.com\/?s={search_term_string}\"},\"query-input\":{\"@type\":\"PropertyValueSpecification\",\"valueRequired\":true,\"valueName\":\"search_term_string\"}}],\"inLanguage\":\"nl-NL\"},{\"@type\":\"Organization\",\"@id\":\"https:\/\/www.lestruffieres.com\/#organization\",\"name\":\"Camping Les Truffi\u00e8res\",\"url\":\"https:\/\/www.lestruffieres.com\/\",\"logo\":{\"@type\":\"ImageObject\",\"inLanguage\":\"nl-NL\",\"@id\":\"https:\/\/www.lestruffieres.com\/#\/schema\/logo\/image\/\",\"url\":\"https:\/\/www.lestruffieres.com\/wp-content\/uploads\/2023\/02\/camping-les-truffieres-logo-entete.png\",\"contentUrl\":\"https:\/\/www.lestruffieres.com\/wp-content\/uploads\/2023\/02\/camping-les-truffieres-logo-entete.png\",\"width\":742,\"height\":1020,\"caption\":\"Camping Les Truffi\u00e8res\"},\"image\":{\"@id\":\"https:\/\/www.lestruffieres.com\/#\/schema\/logo\/image\/\"}}]}<\/script>\n<!-- \/ Yoast SEO plugin. -->","yoast_head_json":{"title":"Activiteiten en diensten beschikbaar op Camping Les Truffi\u00e8res.","description":"Ontdek de diensten en activiteiten van de camping: verwarmd zwembad, wifi, bar, restaurant, ijssalon, brood en banket, wasmachine, enz.","robots":{"index":"index","follow":"follow","max-snippet":"max-snippet:-1","max-image-preview":"max-image-preview:large","max-video-preview":"max-video-preview:-1"},"canonical":"https:\/\/www.lestruffieres.com\/nl\/diensten-activiteiten-vakantie-camping-grignan\/","og_locale":"nl_NL","og_type":"article","og_title":"Activiteiten en diensten beschikbaar op Camping Les Truffi\u00e8res.","og_description":"Ontdek de diensten en activiteiten van de camping: verwarmd zwembad, wifi, bar, restaurant, ijssalon, brood en banket, wasmachine, enz.","og_url":"https:\/\/www.lestruffieres.com\/nl\/diensten-activiteiten-vakantie-camping-grignan\/","og_site_name":"Camping Les Truffi\u00e8res","article_modified_time":"2023-06-19T09:12:13+00:00","og_image":[{"width":1920,"height":746,"url":"https:\/\/www.lestruffieres.com\/wp-content\/uploads\/2023\/02\/camping-avec-services-qualite-truffieres-drome.jpg","type":"image\/jpeg"}],"twitter_card":"summary_large_image","twitter_misc":{"Geschatte leestijd":"3 minuten"},"schema":{"@context":"https:\/\/schema.org","@graph":[{"@type":"WebPage","@id":"https:\/\/www.lestruffieres.com\/nl\/diensten-activiteiten-vakantie-camping-grignan\/","url":"https:\/\/www.lestruffieres.com\/nl\/diensten-activiteiten-vakantie-camping-grignan\/","name":"Activiteiten en diensten beschikbaar op Camping Les Truffi\u00e8res.","isPartOf":{"@id":"https:\/\/www.lestruffieres.com\/#website"},"primaryImageOfPage":{"@id":"https:\/\/www.lestruffieres.com\/nl\/diensten-activiteiten-vakantie-camping-grignan\/#primaryimage"},"image":{"@id":"https:\/\/www.lestruffieres.com\/nl\/diensten-activiteiten-vakantie-camping-grignan\/#primaryimage"},"thumbnailUrl":"https:\/\/www.lestruffieres.com\/wp-content\/uploads\/2023\/02\/camping-avec-services-qualite-truffieres-drome.jpg","datePublished":"2023-02-06T08:08:51+00:00","dateModified":"2023-06-19T09:12:13+00:00","description":"Ontdek de diensten en activiteiten van de camping: verwarmd zwembad, wifi, bar, restaurant, ijssalon, brood en banket, wasmachine, enz.","breadcrumb":{"@id":"https:\/\/www.lestruffieres.com\/nl\/diensten-activiteiten-vakantie-camping-grignan\/#breadcrumb"},"inLanguage":"nl-NL","potentialAction":[{"@type":"ReadAction","target":["https:\/\/www.lestruffieres.com\/nl\/diensten-activiteiten-vakantie-camping-grignan\/"]}]},{"@type":"ImageObject","inLanguage":"nl-NL","@id":"https:\/\/www.lestruffieres.com\/nl\/diensten-activiteiten-vakantie-camping-grignan\/#primaryimage","url":"https:\/\/www.lestruffieres.com\/wp-content\/uploads\/2023\/02\/camping-avec-services-qualite-truffieres-drome.jpg","contentUrl":"https:\/\/www.lestruffieres.com\/wp-content\/uploads\/2023\/02\/camping-avec-services-qualite-truffieres-drome.jpg","width":1920,"height":746,"caption":"services camping"},{"@type":"BreadcrumbList","@id":"https:\/\/www.lestruffieres.com\/nl\/diensten-activiteiten-vakantie-camping-grignan\/#breadcrumb","itemListElement":[{"@type":"ListItem","position":1,"name":"Camping Dr\u00f4me","item":"https:\/\/www.lestruffieres.com\/nl\/"},{"@type":"ListItem","position":2,"name":"Familiecamping in de Dr\u00f4me proven\u00e7ale"}]},{"@type":"WebSite","@id":"https:\/\/www.lestruffieres.com\/#website","url":"https:\/\/www.lestruffieres.com\/","name":"Camping Les Truffi\u00e8res","description":"","publisher":{"@id":"https:\/\/www.lestruffieres.com\/#organization"},"potentialAction":[{"@type":"SearchAction","target":{"@type":"EntryPoint","urlTemplate":"https:\/\/www.lestruffieres.com\/?s={search_term_string}"},"query-input":{"@type":"PropertyValueSpecification","valueRequired":true,"valueName":"search_term_string"}}],"inLanguage":"nl-NL"},{"@type":"Organization","@id":"https:\/\/www.lestruffieres.com\/#organization","name":"Camping Les Truffi\u00e8res","url":"https:\/\/www.lestruffieres.com\/","logo":{"@type":"ImageObject","inLanguage":"nl-NL","@id":"https:\/\/www.lestruffieres.com\/#\/schema\/logo\/image\/","url":"https:\/\/www.lestruffieres.com\/wp-content\/uploads\/2023\/02\/camping-les-truffieres-logo-entete.png","contentUrl":"https:\/\/www.lestruffieres.com\/wp-content\/uploads\/2023\/02\/camping-les-truffieres-logo-entete.png","width":742,"height":1020,"caption":"Camping Les Truffi\u00e8res"},"image":{"@id":"https:\/\/www.lestruffieres.com\/#\/schema\/logo\/image\/"}}]}},"_links":{"self":[{"href":"https:\/\/www.lestruffieres.com\/nl\/wp-json\/wp\/v2\/pages\/2985","targetHints":{"allow":["GET"]}}],"collection":[{"href":"https:\/\/www.lestruffieres.com\/nl\/wp-json\/wp\/v2\/pages"}],"about":[{"href":"https:\/\/www.lestruffieres.com\/nl\/wp-json\/wp\/v2\/types\/page"}],"author":[{"embeddable":true,"href":"https:\/\/www.lestruffieres.com\/nl\/wp-json\/wp\/v2\/users\/1"}],"replies":[{"embeddable":true,"href":"https:\/\/www.lestruffieres.com\/nl\/wp-json\/wp\/v2\/comments?post=2985"}],"version-history":[{"count":3,"href":"https:\/\/www.lestruffieres.com\/nl\/wp-json\/wp\/v2\/pages\/2985\/revisions"}],"predecessor-version":[{"id":6538,"href":"https:\/\/www.lestruffieres.com\/nl\/wp-json\/wp\/v2\/pages\/2985\/revisions\/6538"}],"wp:featuredmedia":[{"embeddable":true,"href":"https:\/\/www.lestruffieres.com\/nl\/wp-json\/wp\/v2\/media\/2432"}],"wp:attachment":[{"href":"https:\/\/www.lestruffieres.com\/nl\/wp-json\/wp\/v2\/media?parent=2985"}],"wp:term":[{"taxonomy":"sujet","embeddable":true,"href":"https:\/\/www.lestruffieres.com\/nl\/wp-json\/wp\/v2\/sujet?post=2985"}],"curies":[{"name":"wp","href":"https:\/\/api.w.org\/{rel}","templated":true}]}}