{"id":2981,"date":"2023-02-06T09:11:44","date_gmt":"2023-02-06T08:11:44","guid":{"rendered":"https:\/\/www.lestruffieres.com\/promotie\/"},"modified":"2023-03-27T21:14:19","modified_gmt":"2023-03-27T19:14:19","slug":"promotie","status":"publish","type":"page","link":"https:\/\/www.lestruffieres.com\/nl\/promotie\/","title":{"rendered":"Promoties"},"content":{"rendered":"<section id=\"ls-section-block_222d98d0222e7228691c61e295d7fa0f\" class=\"ls-section  page-intro has-p-b p-b-4\" >\r\n        <div class=\"container container--wide\">\r\n        \n\n<h1 class=\"ls__heading has-text-align-center wp-block-heading\">Goedkoop kamperen in de Dr\u00f4me<\/h1>\n\n\r\n    <\/div>\r\n<\/section>\n\n<section id=\"ls-section-block_aabc0492441e75ad1d0d269c6ff4616b\" class=\"ls-section  has-m-t m-t-0 has-p-t p-t-0\" >\r\n        <div class=\"container \">\r\n        \n\n<script>\n    window.ctoutvert = {\n\t\tid: 2561, \n\t\tlang: 'auto', \n\t\turl: 'https:\/\/bookingpremium.secureholiday.net\/widgets\/'\n    };\n\n    (function (w, d, s, ctv, r, js, fjs) {\n        r=new XMLHttpRequest();r.open('GET',w[ctv].url+'js\/src.json');\n        r.responseType='json';r.json=true;r.send();\n        r.onload=function(){w[ctv].src=r.responseType=='json'?r.response:JSON.parse(r.response);\n        js.src=w[ctv].src[0];fjs.parentNode.insertBefore(js, fjs);}\n        js=d.createElement(s),fjs=d.getElementsByTagName(s)[0];\n        js.id='ctvwidget';js.async=1;\n    }(window, document, 'script', 'ctoutvert'));\n<\/script>\n<ctv-offers data-display-mode=\"carousel\"><\/ctv-offers>\n\n\r\n    <\/div>\r\n<\/section>\n\n<section id=\"ls-section-block_342f471134bd94bfa013109fa0631748\" class=\"ls-section  page-three has-background green has-p-t p-t-14 has-p-b p-b-14\" >\r\n        <div class=\"container container--wide\">\r\n        \n\n<div class=\"wp-block-columns is-layout-flex wp-container-core-columns-is-layout-9d6595d7 wp-block-columns-is-layout-flex\">\n<div class=\"wp-block-column is-vertically-aligned-center is-layout-flow wp-block-column-is-layout-flow\" style=\"flex-basis:66.66%\">\n<figure class=\"wp-block-image size-full animated bounceInLeft slow delay-100ms\"><img decoding=\"async\" width=\"864\" height=\"576\" src=\"https:\/\/www.lestruffieres.com\/wp-content\/uploads\/2023\/03\/camping-truffieres-mobil-home-a-petit-prix.jpg\" alt=\"camping truffieres stacaravan tegen lage prijs\" class=\"wp-image-2005\" srcset=\"https:\/\/www.lestruffieres.com\/wp-content\/uploads\/2023\/03\/camping-truffieres-mobil-home-a-petit-prix.jpg 864w, https:\/\/www.lestruffieres.com\/wp-content\/uploads\/2023\/03\/camping-truffieres-mobil-home-a-petit-prix-300x200.jpg 300w, https:\/\/www.lestruffieres.com\/wp-content\/uploads\/2023\/03\/camping-truffieres-mobil-home-a-petit-prix-768x512.jpg 768w\" sizes=\"(max-width: 864px) 100vw, 864px\" \/><\/figure>\n<\/div>\n\n\n\n<div class=\"wp-block-column is-vertically-aligned-center is-layout-flow wp-block-column-is-layout-flow\" style=\"flex-basis:33.33%\">\n<h2 class=\"ls__heading deco wp-block-heading\">Profiteer van onze promotieaanbiedingen in Grignan<\/h2>\n\n\n\n<div id=\"ls-heading ls-titre-div-block_bdadc52cd7428de86c1e91a823e01281\" class=\"ls-titre-div h3-like\" >\n    De toekomst is aan degenen die vroeg boeken.<\/div>\n\n\n\n<p class=\"ls-paragraph\">Door vroeg te boeken, krijgt u een voorsprong op uw vakantie en kunt u genieten van uw keuze van accommodatie of staanplaats <strong>met een vermindering<\/strong>.<\/p>\n\n\n\n<p class=\"ls-paragraph\">Als u v\u00f3\u00f3r 31\/12 boekt, profiteert u van onze vroegboekaanbieding:<\/p>\n\n\n\n<ul class=\"ls-list wp-block-list\">\n<li>Bespaar tot 20<\/li>\n\n\n\n<li>Huurtarieven vanaf \u20ac50 per nacht<\/li>\n\n\n\n<li>Uw verblijf wijzigen tot 21 dagen voor vertrek<\/li>\n\n\n\n<li>De garantie dat u de populairste accommodaties kunt boeken: wie het eerst komt, het eerst maalt!<\/li>\n<\/ul>\n\n\n\n<p class=\"ls-paragraph\">De <a href=\"https:\/\/www.lestruffieres.com\/nl\/\">camping Les Truffi\u00e8res<\/a> is <strong>open van 07 april tot 09 oktober 2023<\/strong>. U kunt contact met ons opnemen per e-mail op info@lestruffieres of per telefoon<\/p>\n<\/div>\n<\/div>\n\n\r\n    <\/div>\r\n<\/section>\n\n<section id=\"ls-section-block_9f54e8573f5d171b9ee8161c7df99ac3\" class=\"ls-section  page-four has-p-t p-t-14 has-p-b p-b-14\" >\r\n        <div class=\"container container--wide\">\r\n        \n\n<div class=\"wp-block-columns is-layout-flex wp-container-core-columns-is-layout-9d6595d7 wp-block-columns-is-layout-flex\">\n<div class=\"wp-block-column is-vertically-aligned-center is-layout-flow wp-block-column-is-layout-flow\" style=\"flex-basis:33.33%\">\n<h2 class=\"ls__heading deco wp-block-heading\">Onze promoties op uw verblijf op de camping<\/h2>\n\n\n\n<p class=\"ls-paragraph\">De voordelen van onze camping: <strong>Het inschrijfgeld is gratis voor het hele seizoen<\/strong>.<\/p>\n\n\n\n<p class=\"ls-paragraph\">Onze <a href=\"https:\/\/www.lestruffieres.com\/nl\/locatie-mobil-home-drome\/\">accommodaties<\/a> :<\/p>\n\n\n\n<ul class=\"ls-list wp-block-list\">\n<li>Reservering voor 2 dagen in het laagseizoen in <a href=\"https:\/\/www.lestruffieres.com\/nl\/locatie-insolite-grignan\/\">glamping accommodatie<\/a> of klassiek voor verjongende weekends<\/li>\n\n\n\n<li>Een annuleringsverzekering dekt u in geval van onvoorziene omstandigheden<\/li>\n\n\n\n<li>Een breed scala aan mogelijkheden<\/li>\n<\/ul>\n<\/div>\n\n\n\n<div class=\"wp-block-column is-vertically-aligned-center is-layout-flow wp-block-column-is-layout-flow\" style=\"flex-basis:66.66%\">\n<figure class=\"wp-block-image size-full animated fadeInRight delay-100ms slow\"><img decoding=\"async\" width=\"864\" height=\"576\" src=\"https:\/\/www.lestruffieres.com\/wp-content\/uploads\/2023\/03\/profitez-de-vacances-glamping-dans-la-drome.jpg\" alt=\"genieten van een glamping vakantie in drome\" class=\"wp-image-2014\" srcset=\"https:\/\/www.lestruffieres.com\/wp-content\/uploads\/2023\/03\/profitez-de-vacances-glamping-dans-la-drome.jpg 864w, https:\/\/www.lestruffieres.com\/wp-content\/uploads\/2023\/03\/profitez-de-vacances-glamping-dans-la-drome-300x200.jpg 300w, https:\/\/www.lestruffieres.com\/wp-content\/uploads\/2023\/03\/profitez-de-vacances-glamping-dans-la-drome-768x512.jpg 768w\" sizes=\"(max-width: 864px) 100vw, 864px\" \/><\/figure>\n<\/div>\n<\/div>\n\n\r\n    <\/div>\r\n<\/section>\n\n<section id=\"ls-section-block_b449d1346afa3e261b34c377baca3706\" class=\"ls-section  has-background has-color-3-background-color\" >\r\n        <div class=\"container container--wide\">\r\n        \n\n<div class=\"wp-block-columns is-layout-flex wp-container-core-columns-is-layout-9d6595d7 wp-block-columns-is-layout-flex\">\n<div class=\"wp-block-column is-vertically-aligned-center is-layout-flow wp-block-column-is-layout-flow\" style=\"flex-basis:66.66%\">\n<figure class=\"wp-block-image size-full animated fadeInRight delay-100ms slow\"><img decoding=\"async\" width=\"864\" height=\"576\" src=\"https:\/\/www.lestruffieres.com\/wp-content\/uploads\/2023\/03\/emplacement-tente-caravane-les-truffieres.jpg\" alt=\"tent en caravan site les truffieres\" class=\"wp-image-2009\" srcset=\"https:\/\/www.lestruffieres.com\/wp-content\/uploads\/2023\/03\/emplacement-tente-caravane-les-truffieres.jpg 864w, https:\/\/www.lestruffieres.com\/wp-content\/uploads\/2023\/03\/emplacement-tente-caravane-les-truffieres-300x200.jpg 300w, https:\/\/www.lestruffieres.com\/wp-content\/uploads\/2023\/03\/emplacement-tente-caravane-les-truffieres-768x512.jpg 768w\" sizes=\"(max-width: 864px) 100vw, 864px\" \/><\/figure>\n<\/div>\n\n\n\n<div class=\"wp-block-column is-vertically-aligned-center is-layout-flow wp-block-column-is-layout-flow\" style=\"flex-basis:33.33%\">\n<p class=\"ls-paragraph\">Onze kampeerplaatsen :<\/p>\n\n\n\n<ul class=\"ls-list wp-block-list\">\n<li>Reservering 1 nacht<\/li>\n\n\n\n<li>Alle arrangementen omvatten de <a href=\"https:\/\/www.lestruffieres.com\/nl\/plaatsen-tent-caravan-camping-auto-grignan-drome\/\">huur van de staanplaats<\/a> voor 2 personen met eigen installatie en elektriciteit<\/li>\n\n\n\n<li>Waterfontein bij elke standplaats<\/li>\n\n\n\n<li>10 Amp op alle plaatsen<\/li>\n\n\n\n<li>Koelkast of tafel en stoelen kunnen gehuurd worden volgens beschikbaarheid<\/li>\n\n\n\n<li>Een annuleringsverzekering dekt u in geval van onvoorziene omstandigheden<\/li>\n\n\n\n<li>Een breed scala aan mogelijkheden<\/li>\n<\/ul>\n<\/div>\n<\/div>\n\n\r\n    <\/div>\r\n<\/section>\n\n<section id=\"ls-section-block_85d641bef62d1d353ddc24343493c883\" class=\"ls-section  page-five has-background has-color-white-background-color has-m-b m-b-0 has-p-t p-t-8 has-p-b p-b-4\" >\r\n        <div class=\"container container--wide\">\r\n        \n\n<div id=\"ls-heading ls-titre-div-block_dde1bb54eb49c9229f2a74e2884093ca\" class=\"ls-titre-div deco aligncenter h2-like\" >\n    Praktische informatie<\/div>\n\n\n\n<p class=\"ls-paragraph has-text-align-center\">Als u informatie wilt, een speciale prijs of als u niet kunt vinden wat u zoekt, je kunt <strong>bel ons op 04 75 46 93 62<\/strong> of <strong>stuur ons een e-mail info@lestruffieres.com<\/strong>.<\/p>\n\n\n\n<p class=\"ls-paragraph has-text-align-center\">Geruststelling: Wij raden u aan een annuleringsverzekering af te sluiten om u individueel te dekken als u niet van uw vakantie kunt genieten. In het geval van overheidsbeslissingen om onze camping te sluiten, reisbeperkingen of grensafsluitingen, zullen wij u echter een terugbetaling of een tegoedbon aanbieden. Wees gerust, we zullen er voor u zijn.<\/p>\n\n\r\n    <\/div>\r\n<\/section>\n\n<section id=\"ls-section-block_023aecedec8417bba947688ad6e1995e\" class=\"ls-section  page-maillage has-m-t m-t-0 has-p-t p-t-4 has-p-b p-b-14\" >\r\n        <div class=\"container container--wide\">\r\n        \n\n<div id=\"ls-heading ls-titre-div-block_7998b901cc3a47f68ae97f80059edddb\" class=\"ls-titre-div deco aligncenter h2-like\" >\n    Ontdek onze verschillende soorten accommodatie!<\/div>\n\n\n<div id=\"ls-maillage-block_eeab772bc823d9a329c22157d7a547e3\" class=\"ls-maillage cta-style-normal\" data-rows=\"3\">\r\n    <div class=\"wp-block-columns\"><div class=\"wp-block-column\">\n\n<a href=\"https:\/\/www.lestruffieres.com\/nl\/plaatsen-tent-caravan-camping-auto-grignan-drome\/\" target=\"\" rel=\"noopener\" class=\"ls-cta__link\">\n\n\t<div class=\"ls-cta__image\"><img decoding=\"async\" src=\"https:\/\/www.lestruffieres.com\/wp-content\/uploads\/2023\/03\/emplacement-tente-camping-truffieres-768x512.jpg\" alt=\"emplacement tente grignan\"><\/div>\n\t<div class=\"ls-cta__title\">\n\t\tDe plaatsen\t<\/div>\n\t\n\t\t\n<\/a><\/div><div class=\"wp-block-column\">\n\n<a href=\"https:\/\/www.lestruffieres.com\/nl\/locatie-mobil-home-drome\/\" target=\"\" rel=\"noopener\" class=\"ls-cta__link\">\n\n\t<div class=\"ls-cta__image\"><img decoding=\"async\" src=\"https:\/\/www.lestruffieres.com\/wp-content\/uploads\/2023\/03\/location-de-mobil-home-dans-la-drome-768x512.jpg\" alt=\"location de mobil home dans la drome\"><\/div>\n\t<div class=\"ls-cta__title\">\n\t\tOnze stacaravans\t<\/div>\n\t\n\t\t\n<\/a><\/div><div class=\"wp-block-column\">\n\n<a href=\"https:\/\/www.lestruffieres.com\/nl\/locatie-insolite-grignan\/\" target=\"\" rel=\"noopener\" class=\"ls-cta__link\">\n\n\t<div class=\"ls-cta__image\"><img decoding=\"async\" src=\"https:\/\/www.lestruffieres.com\/wp-content\/uploads\/2023\/03\/tente-lodge.webp\" alt=\"tente lodge drome\"><\/div>\n\t<div class=\"ls-cta__title\">\n\t\tAtypische huisvesting\t<\/div>\n\t\n\t\t\n<\/a><\/div><\/div><\/div>\n\r\n    <\/div>\r\n<\/section>","protected":false},"excerpt":{"rendered":"","protected":false},"author":1,"featured_media":2726,"parent":0,"menu_order":0,"comment_status":"closed","ping_status":"closed","template":"","meta":{"_acf_changed":false,"footnotes":""},"sujet":[],"class_list":["post-2981","page","type-page","status-publish","has-post-thumbnail","hentry"],"acf":[],"yoast_head":"<!-- This site is optimized with the Yoast SEO plugin v23.4 - https:\/\/yoast.com\/wordpress\/plugins\/seo\/ -->\n<title>Promotie en goedkoop kamperen in de Dr\u00f4me<\/title>\n<meta name=\"description\" content=\"Boek nu uw vakantie in Dr\u00f4me Proven\u00e7ale tegen LAGE PRIJS en profiteer van onze aanbiedingen door nu te boeken.\" \/>\n<meta name=\"robots\" content=\"index, follow, max-snippet:-1, max-image-preview:large, max-video-preview:-1\" \/>\n<link rel=\"canonical\" href=\"https:\/\/www.lestruffieres.com\/nl\/promotie\/\" \/>\n<meta property=\"og:locale\" content=\"nl_NL\" \/>\n<meta property=\"og:type\" content=\"article\" \/>\n<meta property=\"og:title\" content=\"Promotie en goedkoop kamperen in de Dr\u00f4me\" \/>\n<meta property=\"og:description\" content=\"Boek nu uw vakantie in Dr\u00f4me Proven\u00e7ale tegen LAGE PRIJS en profiteer van onze aanbiedingen door nu te boeken.\" \/>\n<meta property=\"og:url\" content=\"https:\/\/www.lestruffieres.com\/nl\/promotie\/\" \/>\n<meta property=\"og:site_name\" content=\"Camping Les Truffi\u00e8res\" \/>\n<meta property=\"article:modified_time\" content=\"2023-03-27T19:14:19+00:00\" \/>\n<meta property=\"og:image\" content=\"https:\/\/www.lestruffieres.com\/wp-content\/uploads\/2023\/03\/camping-les-truffieres-dans-la-drome-provencale-1.webp\" \/>\n\t<meta property=\"og:image:width\" content=\"1920\" \/>\n\t<meta property=\"og:image:height\" content=\"746\" \/>\n\t<meta property=\"og:image:type\" content=\"image\/webp\" \/>\n<meta name=\"twitter:card\" content=\"summary_large_image\" \/>\n<meta name=\"twitter:label1\" content=\"Geschatte leestijd\" \/>\n\t<meta name=\"twitter:data1\" content=\"3 minuten\" \/>\n<script type=\"application\/ld+json\" class=\"yoast-schema-graph\">{\"@context\":\"https:\/\/schema.org\",\"@graph\":[{\"@type\":\"WebPage\",\"@id\":\"https:\/\/www.lestruffieres.com\/nl\/promotie\/\",\"url\":\"https:\/\/www.lestruffieres.com\/nl\/promotie\/\",\"name\":\"Promotie en goedkoop kamperen in de Dr\u00f4me\",\"isPartOf\":{\"@id\":\"https:\/\/www.lestruffieres.com\/#website\"},\"primaryImageOfPage\":{\"@id\":\"https:\/\/www.lestruffieres.com\/nl\/promotie\/#primaryimage\"},\"image\":{\"@id\":\"https:\/\/www.lestruffieres.com\/nl\/promotie\/#primaryimage\"},\"thumbnailUrl\":\"https:\/\/www.lestruffieres.com\/wp-content\/uploads\/2023\/03\/camping-les-truffieres-dans-la-drome-provencale-1.webp\",\"datePublished\":\"2023-02-06T08:11:44+00:00\",\"dateModified\":\"2023-03-27T19:14:19+00:00\",\"description\":\"Boek nu uw vakantie in Dr\u00f4me Proven\u00e7ale tegen LAGE PRIJS en profiteer van onze aanbiedingen door nu te boeken.\",\"breadcrumb\":{\"@id\":\"https:\/\/www.lestruffieres.com\/nl\/promotie\/#breadcrumb\"},\"inLanguage\":\"nl-NL\",\"potentialAction\":[{\"@type\":\"ReadAction\",\"target\":[\"https:\/\/www.lestruffieres.com\/nl\/promotie\/\"]}]},{\"@type\":\"ImageObject\",\"inLanguage\":\"nl-NL\",\"@id\":\"https:\/\/www.lestruffieres.com\/nl\/promotie\/#primaryimage\",\"url\":\"https:\/\/www.lestruffieres.com\/wp-content\/uploads\/2023\/03\/camping-les-truffieres-dans-la-drome-provencale-1.webp\",\"contentUrl\":\"https:\/\/www.lestruffieres.com\/wp-content\/uploads\/2023\/03\/camping-les-truffieres-dans-la-drome-provencale-1.webp\",\"width\":1920,\"height\":746,\"caption\":\"camping familial drome provence\"},{\"@type\":\"BreadcrumbList\",\"@id\":\"https:\/\/www.lestruffieres.com\/nl\/promotie\/#breadcrumb\",\"itemListElement\":[{\"@type\":\"ListItem\",\"position\":1,\"name\":\"Camping Dr\u00f4me\",\"item\":\"https:\/\/www.lestruffieres.com\/nl\/\"},{\"@type\":\"ListItem\",\"position\":2,\"name\":\"Camping met speciale aanbiedingen in Grignan\"}]},{\"@type\":\"WebSite\",\"@id\":\"https:\/\/www.lestruffieres.com\/#website\",\"url\":\"https:\/\/www.lestruffieres.com\/\",\"name\":\"Camping Les Truffi\u00e8res\",\"description\":\"\",\"publisher\":{\"@id\":\"https:\/\/www.lestruffieres.com\/#organization\"},\"potentialAction\":[{\"@type\":\"SearchAction\",\"target\":{\"@type\":\"EntryPoint\",\"urlTemplate\":\"https:\/\/www.lestruffieres.com\/?s={search_term_string}\"},\"query-input\":{\"@type\":\"PropertyValueSpecification\",\"valueRequired\":true,\"valueName\":\"search_term_string\"}}],\"inLanguage\":\"nl-NL\"},{\"@type\":\"Organization\",\"@id\":\"https:\/\/www.lestruffieres.com\/#organization\",\"name\":\"Camping Les Truffi\u00e8res\",\"url\":\"https:\/\/www.lestruffieres.com\/\",\"logo\":{\"@type\":\"ImageObject\",\"inLanguage\":\"nl-NL\",\"@id\":\"https:\/\/www.lestruffieres.com\/#\/schema\/logo\/image\/\",\"url\":\"https:\/\/www.lestruffieres.com\/wp-content\/uploads\/2023\/02\/camping-les-truffieres-logo-entete.png\",\"contentUrl\":\"https:\/\/www.lestruffieres.com\/wp-content\/uploads\/2023\/02\/camping-les-truffieres-logo-entete.png\",\"width\":742,\"height\":1020,\"caption\":\"Camping Les Truffi\u00e8res\"},\"image\":{\"@id\":\"https:\/\/www.lestruffieres.com\/#\/schema\/logo\/image\/\"}}]}<\/script>\n<!-- \/ Yoast SEO plugin. -->","yoast_head_json":{"title":"Promotie en goedkoop kamperen in de Dr\u00f4me","description":"Boek nu uw vakantie in Dr\u00f4me Proven\u00e7ale tegen LAGE PRIJS en profiteer van onze aanbiedingen door nu te boeken.","robots":{"index":"index","follow":"follow","max-snippet":"max-snippet:-1","max-image-preview":"max-image-preview:large","max-video-preview":"max-video-preview:-1"},"canonical":"https:\/\/www.lestruffieres.com\/nl\/promotie\/","og_locale":"nl_NL","og_type":"article","og_title":"Promotie en goedkoop kamperen in de Dr\u00f4me","og_description":"Boek nu uw vakantie in Dr\u00f4me Proven\u00e7ale tegen LAGE PRIJS en profiteer van onze aanbiedingen door nu te boeken.","og_url":"https:\/\/www.lestruffieres.com\/nl\/promotie\/","og_site_name":"Camping Les Truffi\u00e8res","article_modified_time":"2023-03-27T19:14:19+00:00","og_image":[{"width":1920,"height":746,"url":"https:\/\/www.lestruffieres.com\/wp-content\/uploads\/2023\/03\/camping-les-truffieres-dans-la-drome-provencale-1.webp","type":"image\/webp"}],"twitter_card":"summary_large_image","twitter_misc":{"Geschatte leestijd":"3 minuten"},"schema":{"@context":"https:\/\/schema.org","@graph":[{"@type":"WebPage","@id":"https:\/\/www.lestruffieres.com\/nl\/promotie\/","url":"https:\/\/www.lestruffieres.com\/nl\/promotie\/","name":"Promotie en goedkoop kamperen in de Dr\u00f4me","isPartOf":{"@id":"https:\/\/www.lestruffieres.com\/#website"},"primaryImageOfPage":{"@id":"https:\/\/www.lestruffieres.com\/nl\/promotie\/#primaryimage"},"image":{"@id":"https:\/\/www.lestruffieres.com\/nl\/promotie\/#primaryimage"},"thumbnailUrl":"https:\/\/www.lestruffieres.com\/wp-content\/uploads\/2023\/03\/camping-les-truffieres-dans-la-drome-provencale-1.webp","datePublished":"2023-02-06T08:11:44+00:00","dateModified":"2023-03-27T19:14:19+00:00","description":"Boek nu uw vakantie in Dr\u00f4me Proven\u00e7ale tegen LAGE PRIJS en profiteer van onze aanbiedingen door nu te boeken.","breadcrumb":{"@id":"https:\/\/www.lestruffieres.com\/nl\/promotie\/#breadcrumb"},"inLanguage":"nl-NL","potentialAction":[{"@type":"ReadAction","target":["https:\/\/www.lestruffieres.com\/nl\/promotie\/"]}]},{"@type":"ImageObject","inLanguage":"nl-NL","@id":"https:\/\/www.lestruffieres.com\/nl\/promotie\/#primaryimage","url":"https:\/\/www.lestruffieres.com\/wp-content\/uploads\/2023\/03\/camping-les-truffieres-dans-la-drome-provencale-1.webp","contentUrl":"https:\/\/www.lestruffieres.com\/wp-content\/uploads\/2023\/03\/camping-les-truffieres-dans-la-drome-provencale-1.webp","width":1920,"height":746,"caption":"camping familial drome provence"},{"@type":"BreadcrumbList","@id":"https:\/\/www.lestruffieres.com\/nl\/promotie\/#breadcrumb","itemListElement":[{"@type":"ListItem","position":1,"name":"Camping Dr\u00f4me","item":"https:\/\/www.lestruffieres.com\/nl\/"},{"@type":"ListItem","position":2,"name":"Camping met speciale aanbiedingen in Grignan"}]},{"@type":"WebSite","@id":"https:\/\/www.lestruffieres.com\/#website","url":"https:\/\/www.lestruffieres.com\/","name":"Camping Les Truffi\u00e8res","description":"","publisher":{"@id":"https:\/\/www.lestruffieres.com\/#organization"},"potentialAction":[{"@type":"SearchAction","target":{"@type":"EntryPoint","urlTemplate":"https:\/\/www.lestruffieres.com\/?s={search_term_string}"},"query-input":{"@type":"PropertyValueSpecification","valueRequired":true,"valueName":"search_term_string"}}],"inLanguage":"nl-NL"},{"@type":"Organization","@id":"https:\/\/www.lestruffieres.com\/#organization","name":"Camping Les Truffi\u00e8res","url":"https:\/\/www.lestruffieres.com\/","logo":{"@type":"ImageObject","inLanguage":"nl-NL","@id":"https:\/\/www.lestruffieres.com\/#\/schema\/logo\/image\/","url":"https:\/\/www.lestruffieres.com\/wp-content\/uploads\/2023\/02\/camping-les-truffieres-logo-entete.png","contentUrl":"https:\/\/www.lestruffieres.com\/wp-content\/uploads\/2023\/02\/camping-les-truffieres-logo-entete.png","width":742,"height":1020,"caption":"Camping Les Truffi\u00e8res"},"image":{"@id":"https:\/\/www.lestruffieres.com\/#\/schema\/logo\/image\/"}}]}},"_links":{"self":[{"href":"https:\/\/www.lestruffieres.com\/nl\/wp-json\/wp\/v2\/pages\/2981","targetHints":{"allow":["GET"]}}],"collection":[{"href":"https:\/\/www.lestruffieres.com\/nl\/wp-json\/wp\/v2\/pages"}],"about":[{"href":"https:\/\/www.lestruffieres.com\/nl\/wp-json\/wp\/v2\/types\/page"}],"author":[{"embeddable":true,"href":"https:\/\/www.lestruffieres.com\/nl\/wp-json\/wp\/v2\/users\/1"}],"replies":[{"embeddable":true,"href":"https:\/\/www.lestruffieres.com\/nl\/wp-json\/wp\/v2\/comments?post=2981"}],"version-history":[{"count":2,"href":"https:\/\/www.lestruffieres.com\/nl\/wp-json\/wp\/v2\/pages\/2981\/revisions"}],"predecessor-version":[{"id":6450,"href":"https:\/\/www.lestruffieres.com\/nl\/wp-json\/wp\/v2\/pages\/2981\/revisions\/6450"}],"wp:featuredmedia":[{"embeddable":true,"href":"https:\/\/www.lestruffieres.com\/nl\/wp-json\/wp\/v2\/media\/2726"}],"wp:attachment":[{"href":"https:\/\/www.lestruffieres.com\/nl\/wp-json\/wp\/v2\/media?parent=2981"}],"wp:term":[{"taxonomy":"sujet","embeddable":true,"href":"https:\/\/www.lestruffieres.com\/nl\/wp-json\/wp\/v2\/sujet?post=2981"}],"curies":[{"name":"wp","href":"https:\/\/api.w.org\/{rel}","templated":true}]}}