{"id":2919,"date":"2023-02-06T09:13:12","date_gmt":"2023-02-06T08:13:12","guid":{"rendered":"https:\/\/www.lestruffieres.com\/les-marches-provencaux\/"},"modified":"2023-03-27T15:43:10","modified_gmt":"2023-03-27T13:43:10","slug":"de-markten-provencal","status":"publish","type":"page","link":"https:\/\/www.lestruffieres.com\/nl\/de-markten-provencal\/","title":{"rendered":"De Proven\u00e7aalse markten"},"content":{"rendered":"<section id=\"ls-section-block_71137f16593b9f7c0aa0e9ddace0c7c4\" class=\"ls-section  page-chapeau\" >\r\n        <div class=\"container container--wide\">\r\n        \n\n<h1 class=\"ls__heading has-text-align-center wp-block-heading\">Proven\u00e7aalse markten in de Dr\u00f4me<\/h1>\n\n\r\n    <\/div>\r\n<\/section><section id=\"ls-section-block_0d17f5554805b551f6cd801d54281e6a\" class=\"ls-section  page-one deco-fleurs has-p-t p-t-0\" >\r\n        <div class=\"container container--wide\">\r\n        \n\n<div class=\"wp-block-columns is-layout-flex wp-container-core-columns-is-layout-9d6595d7 wp-block-columns-is-layout-flex\">\n<div class=\"wp-block-column left is-layout-flow wp-block-column-is-layout-flow\" style=\"flex-basis:66.66%\">\n<figure class=\"wp-block-image size-full animated fadeIn slow\"><img decoding=\"async\" width=\"864\" height=\"576\" src=\"https:\/\/www.lestruffieres.com\/wp-content\/uploads\/2023\/02\/marche-drome-provencal.jpg\" alt=\"drome provencaalse markt\" class=\"wp-image-1756\" srcset=\"https:\/\/www.lestruffieres.com\/wp-content\/uploads\/2023\/02\/marche-drome-provencal.jpg 864w, https:\/\/www.lestruffieres.com\/wp-content\/uploads\/2023\/02\/marche-drome-provencal-300x200.jpg 300w, https:\/\/www.lestruffieres.com\/wp-content\/uploads\/2023\/02\/marche-drome-provencal-768x512.jpg 768w\" sizes=\"(max-width: 864px) 100vw, 864px\" \/><\/figure>\n\n\n\n<div id=\"ls-heading ls-titre-div-block_ce7313789deeae58ea0a1c07748cf7e1\" class=\"ls-titre-div quotes h2-like\" >\n    <strong>Op Camping Les Truffi\u00e8res<\/strong> in het hart van de Dr\u00f4me Proven\u00e7ale zullen C\u00e9lina en Brendon er alles aan doen om uw verblijf tot een succes te maken! <\/div>\n<\/div>\n\n\n\n<div class=\"wp-block-column is-vertically-aligned-top right is-layout-flow wp-block-column-is-layout-flow\" style=\"flex-basis:33.33%\">\n<h2 class=\"ls__heading deco wp-block-heading\">Must-see markten in de Dr\u00f4me<\/h2>\n\n\n\n<p class=\"ls-paragraph\">Kom in de Dr\u00f4me proven\u00e7ale genieten van de prachtige Proven\u00e7aalse markten. Lijst van markten in de buurt van de <a href=\"https:\/\/www.lestruffieres.com\/nl\/\">camping Les Truffi\u00e8res<\/a> : <\/p>\n\n\n\n<ul class=\"ls-list wp-block-list\">\n<li>Maandag: Tulette<\/li>\n\n\n\n<li>Dinsdag: Grignan en St-Paul-Trois-Ch\u00e2teaux<\/li>\n\n\n\n<li>Woensdag: Mont\u00e9limar, Buis-les-Baronnies<\/li>\n\n\n\n<li>Donderdag: Nyons en Mont\u00e9limar<\/li>\n\n\n\n<li>Vrijdag: Dieulefit, Chamaret, Suze-la-Rousse, Mirabel-aux-Baronnies, La B\u00e2tie Rolland<\/li>\n\n\n\n<li>Zaterdag: Mont\u00e9limar, Valr\u00e9as, Buis-les-Baronnies, Montbrun les bains<\/li>\n\n\n\n<li>Zondag: Nyons, Valaurie<\/li>\n<\/ul>\n\n\n\n<p class=\"ls-paragraph\">Geniet &#8217;s ochtends van de Proven\u00e7aalse markten tijdens uw kampeervakantie in de Dr\u00f4me in de Provence.<\/p>\n\n\n\n<p class=\"ls-paragraph\">Wat is de wekelijkse marktdag? Dit is de vraag die iedereen stelt. Nou, die vraag hoef je je hier niet te stellen, want elk dorpsplein heeft zijn eigen <strong>wekelijkse Proven\u00e7aalse markt<\/strong> van Avignon, naar Crest via Buis les Baronnies, of St Paul 3 Ch\u00e2teaux.<\/p>\n<\/div>\n<\/div>\n\n\r\n    <\/div>\r\n<\/section><section id=\"ls-section-block_095d27e4ee05aea99e251c4fa9613737\" class=\"ls-section  page-two has-background has-color-3-background-color has-p-t p-t-14 has-p-b p-b-14\" >\r\n        <div class=\"container container--wide\">\r\n        \n\n<div class=\"wp-block-columns is-layout-flex wp-container-core-columns-is-layout-9d6595d7 wp-block-columns-is-layout-flex\">\n<div class=\"wp-block-column is-vertically-aligned-center is-layout-flow wp-block-column-is-layout-flow\" style=\"flex-basis:33.33%\">\n<h2 class=\"ls__heading deco wp-block-heading\">Proven\u00e7aalse specialiteiten<\/h2>\n\n\n\n<p class=\"ls-paragraph\">Verwonder u over uw smaakpapillen en uw ogen terwijl u over de Proven\u00e7aalse markt wandelt.<\/p>\n\n\n\n<p class=\"ls-paragraph\">Kom en ontdek de <strong>eetkraampjes van producenten<\/strong> vol kleur, lokale levensmiddelen: noga uit Mont\u00e9limar, olijfolie uit Nyons, geitenkaas, truffels uit de Dr\u00f4me Proven\u00e7ale of C\u00f4tes du Rh\u00f4ne wijnen, en niet te vergeten <strong>alle kruiden uit de centrale Provence<\/strong> Tijm, Proven\u00e7aalse kruiden, rozemarijn, oregano&#8230; Ontdek de rijkdom van ons land en onze specialiteiten op de marktkramen van de Dr\u00f4me proven\u00e7ale.<\/p>\n\n\n\n<p class=\"ls-paragraph\">Vul uw manden met Valenciaans fruit en lokale groenten van de <a href=\"https:\/\/fermerambaud.wixsite.com\/my-site\" target=\"_blank\" rel=\"noreferrer noopener nofollow\">Boerderij Rambaud<\/a> om te genieten van mooie salades of om uw barbecue te begeleiden. <\/p>\n\n\n\n<p class=\"ls-paragraph addReadMore showlesscontent\">En om uw aperitief met vrienden of uw campingburen te begeleiden, goede vleeswaren uit de Ard\u00e8che en waarom niet truffels.<br\/><br\/>Op de markten van de Dr\u00f4me Proven\u00e7ale van Mont\u00e9limar tot de Baronnies ontdekt u een unieke plek met producenten, goede stemming en <strong>de rijkdom van ons land <\/strong>met een klein glas wijn uit Grignan les Adh\u00e9mar of Avignon. <br\/><br\/>Vergeet niet te profiteren van de prachtige heldere kleuren met de Proven\u00e7aalse tafelkleden van buxus, de lavendelboeketten of de zomerjurkjes die uw vakantie zullen sublimeren.<\/p>\n<\/div>\n\n\n\n<div class=\"wp-block-column is-vertically-aligned-center is-layout-flow wp-block-column-is-layout-flow\" style=\"flex-basis:66.66%\">\n<figure class=\"wp-block-gallery has-nested-images columns-1 is-cropped galerie-slider wp-block-gallery-1 is-layout-flex wp-block-gallery-is-layout-flex\">\n<figure class=\"wp-block-image size-full\"><img decoding=\"async\" width=\"864\" height=\"576\" data-id=\"2151\" src=\"https:\/\/www.lestruffieres.com\/wp-content\/uploads\/2023\/03\/marche-produits-locaux.webp\" alt=\"markt voor lokale producten\" class=\"wp-image-2151\" srcset=\"https:\/\/www.lestruffieres.com\/wp-content\/uploads\/2023\/03\/marche-produits-locaux.webp 864w, https:\/\/www.lestruffieres.com\/wp-content\/uploads\/2023\/03\/marche-produits-locaux-300x200.webp 300w, https:\/\/www.lestruffieres.com\/wp-content\/uploads\/2023\/03\/marche-produits-locaux-768x512.webp 768w\" sizes=\"(max-width: 864px) 100vw, 864px\" \/><\/figure>\n\n\n\n<figure class=\"wp-block-image size-full\"><img decoding=\"async\" width=\"864\" height=\"576\" data-id=\"1753\" src=\"https:\/\/www.lestruffieres.com\/wp-content\/uploads\/2023\/02\/marche-producteur-locaux-1.jpg\" alt=\"lokale producentenmarkt 1\" class=\"wp-image-1753\" srcset=\"https:\/\/www.lestruffieres.com\/wp-content\/uploads\/2023\/02\/marche-producteur-locaux-1.jpg 864w, https:\/\/www.lestruffieres.com\/wp-content\/uploads\/2023\/02\/marche-producteur-locaux-1-300x200.jpg 300w, https:\/\/www.lestruffieres.com\/wp-content\/uploads\/2023\/02\/marche-producteur-locaux-1-768x512.jpg 768w\" sizes=\"(max-width: 864px) 100vw, 864px\" \/><\/figure>\n<\/figure>\n<\/div>\n<\/div>\n\n\r\n    <\/div>\r\n<\/section><section id=\"ls-section-block_00667f2bfe3c6896b1ab2ffbbb620c17\" class=\"ls-section  page-three has-background green has-p-t p-t-14 has-p-b p-b-14\" >\r\n        <div class=\"container container--wide\">\r\n        \n\n<div class=\"wp-block-columns is-layout-flex wp-container-core-columns-is-layout-9d6595d7 wp-block-columns-is-layout-flex\">\n<div class=\"wp-block-column is-vertically-aligned-center is-layout-flow wp-block-column-is-layout-flow\" style=\"flex-basis:66.66%\">\n<figure class=\"wp-block-image size-full animated bounceInLeft slow delay-100ms\"><img decoding=\"async\" width=\"864\" height=\"576\" src=\"https:\/\/www.lestruffieres.com\/wp-content\/uploads\/2023\/02\/marche-tous-les-jour-proche-camping-les-truffieres.jpg\" alt=\"dagelijkse markt in de buurt van camping les truffieres\" class=\"wp-image-1759\" srcset=\"https:\/\/www.lestruffieres.com\/wp-content\/uploads\/2023\/02\/marche-tous-les-jour-proche-camping-les-truffieres.jpg 864w, https:\/\/www.lestruffieres.com\/wp-content\/uploads\/2023\/02\/marche-tous-les-jour-proche-camping-les-truffieres-300x200.jpg 300w, https:\/\/www.lestruffieres.com\/wp-content\/uploads\/2023\/02\/marche-tous-les-jour-proche-camping-les-truffieres-768x512.jpg 768w\" sizes=\"(max-width: 864px) 100vw, 864px\" \/><\/figure>\n<\/div>\n\n\n\n<div class=\"wp-block-column is-vertically-aligned-center is-layout-flow wp-block-column-is-layout-flow\" style=\"flex-basis:33.33%\">\n<h2 class=\"ls__heading deco wp-block-heading\">Een echte uitnodiging om uw zintuigen te laten reizen<\/h2>\n\n\n\n<p class=\"ls-paragraph\">De Dr\u00f4me Proven\u00e7ale is ook getiteld <strong>1e departement voor biologische landbouw en truffeltelers<\/strong> zodat je op elke hoek iets van je gading vindt.<\/p>\n\n\n\n<p class=\"ls-paragraph\">De producten zijn lokaal in Rh\u00f4ne-Alpes omdat we profiteren van een gunstige geografische ligging: van fruit tot olijven uit de Provence of meloen en aardbeien uit Carpentras of waarom niet truffels&#8230; Grignan ligt aan de basis van deze prachtige producten die u zullen verleiden. Liefhebbers van &#8220;local food&#8221; zullen in onze mooie en rijke streek aan hun trekken komen.<\/p>\n\n\n\n<p class=\"ls-paragraph\">Elke dag kun je <strong>ontdek een nieuwe markt<\/strong> en maak van de gelegenheid gebruik om een stad als Grignan te bezoeken die op dinsdagochtend een wekelijkse markt heeft en u uitnodigt om <strong>ontdekking van het als Mooiste Dorp van Frankrijk geklasseerde dorp<\/strong>. <\/p>\n\n\n\n<p class=\"ls-paragraph addReadMore showlesscontent\">Bij het infopunt van de truffelcamping zal een display van de wekelijkse voedselmarkten met data en plaatsen beschikbaar zijn. Wij zijn ook beschikbaar om u van informatie te voorzien.<\/p>\n<\/div>\n<\/div>\n\n\r\n    <\/div>\r\n<\/section><section id=\"ls-section-block_7d4834593e7ad2dc5721affe5e019223\" class=\"ls-section  page-maillage has-p-t p-t-14 has-p-b p-b-14\" >\r\n        <div class=\"container container--wide\">\r\n        \n\n<div id=\"ls-heading ls-titre-div-block_9f0800410cc8247226c420f438a47580\" class=\"ls-titre-div deco aligncenter h2-like\" >\n    Ontdek de omgeving van de camping!<\/div>\n\n\n<div id=\"ls-maillage-block_ce53e81c8c25c8b4d951f92a5337eeda\" class=\"ls-maillage cta-style-normal\" data-rows=\"3\">\r\n    <div class=\"wp-block-columns\"><div class=\"wp-block-column\">\n\n<a href=\"https:\/\/www.lestruffieres.com\/nl\/kasteel-van-grignan\/\" target=\"\" rel=\"noopener\" class=\"ls-cta__link\">\n\n\t<div class=\"ls-cta__image\"><img decoding=\"async\" src=\"https:\/\/www.lestruffieres.com\/wp-content\/uploads\/2023\/03\/chateau-de-grignan-drome-provencale.jpg\" alt=\"chateau de grignan drome provencale\"><\/div>\n\t<div class=\"ls-cta__title\">\n\t\tKasteel van Grignan\t<\/div>\n\t\n\t\t\n<\/a><\/div><div class=\"wp-block-column\">\n\n<a href=\"https:\/\/www.lestruffieres.com\/nl\/vakantie-verblijven-camping-chamaret\/\" target=\"\" rel=\"noopener\" class=\"ls-cta__link\">\n\n\t<div class=\"ls-cta__image\"><img decoding=\"async\" src=\"https:\/\/www.lestruffieres.com\/wp-content\/uploads\/2023\/03\/village-chamaret-dans-la-drome.jpg\" alt=\"village chamaret dans la drome\"><\/div>\n\t<div class=\"ls-cta__title\">\n\t\tDorp Chamaret\t<\/div>\n\t\n\t\t\n<\/a><\/div><div class=\"wp-block-column\">\n\n<a href=\"https:\/\/www.lestruffieres.com\/nl\/vakantieverblijven-camping-la-garde-adhemar\/\" target=\"\" rel=\"noopener\" class=\"ls-cta__link\">\n\n\t<div class=\"ls-cta__image\"><img decoding=\"async\" src=\"https:\/\/www.lestruffieres.com\/wp-content\/uploads\/2023\/03\/village-de-la-garde-adhemar-dans-la-drome.jpg\" alt=\"village de la garde adhemar dans la drome\"><\/div>\n\t<div class=\"ls-cta__title\">\n\t\tDorp van La Garde Adh\u00e9mar\t<\/div>\n\t\n\t\t\n<\/a><\/div><\/div><\/div>\n\r\n    <\/div>\r\n<\/section>","protected":false},"excerpt":{"rendered":"","protected":false},"author":1,"featured_media":2722,"parent":0,"menu_order":0,"comment_status":"closed","ping_status":"closed","template":"","meta":{"_acf_changed":false,"footnotes":""},"sujet":[],"class_list":["post-2919","page","type-page","status-publish","has-post-thumbnail","hentry"],"acf":[],"yoast_head":"<!-- This site is optimized with the Yoast SEO plugin v23.4 - https:\/\/yoast.com\/wordpress\/plugins\/seo\/ -->\n<title>De mooiste Proven\u00e7aalse markten in de Dr\u00f4me Provencale<\/title>\n<meta name=\"description\" content=\"Ontdek de mooiste en meest typische Proven\u00e7aalse markten van de Dr\u00f4me Provencale\" \/>\n<meta name=\"robots\" content=\"index, follow, max-snippet:-1, max-image-preview:large, max-video-preview:-1\" \/>\n<link rel=\"canonical\" href=\"https:\/\/www.lestruffieres.com\/nl\/de-markten-provencal\/\" \/>\n<meta property=\"og:locale\" content=\"nl_NL\" \/>\n<meta property=\"og:type\" content=\"article\" \/>\n<meta property=\"og:title\" content=\"De mooiste Proven\u00e7aalse markten in de Dr\u00f4me Provencale\" \/>\n<meta property=\"og:description\" content=\"Ontdek de mooiste en meest typische Proven\u00e7aalse markten van de Dr\u00f4me Provencale\" \/>\n<meta property=\"og:url\" content=\"https:\/\/www.lestruffieres.com\/nl\/de-markten-provencal\/\" \/>\n<meta property=\"og:site_name\" content=\"Camping Les Truffi\u00e8res\" \/>\n<meta property=\"article:modified_time\" content=\"2023-03-27T13:43:10+00:00\" \/>\n<meta property=\"og:image\" content=\"https:\/\/www.lestruffieres.com\/wp-content\/uploads\/2023\/03\/marches-proche-camping-les-truffieres-1.webp\" \/>\n\t<meta property=\"og:image:width\" content=\"1920\" \/>\n\t<meta property=\"og:image:height\" content=\"746\" \/>\n\t<meta property=\"og:image:type\" content=\"image\/webp\" \/>\n<meta name=\"twitter:card\" content=\"summary_large_image\" \/>\n<meta name=\"twitter:label1\" content=\"Geschatte leestijd\" \/>\n\t<meta name=\"twitter:data1\" content=\"3 minuten\" \/>\n<script type=\"application\/ld+json\" class=\"yoast-schema-graph\">{\"@context\":\"https:\/\/schema.org\",\"@graph\":[{\"@type\":\"WebPage\",\"@id\":\"https:\/\/www.lestruffieres.com\/nl\/de-markten-provencal\/\",\"url\":\"https:\/\/www.lestruffieres.com\/nl\/de-markten-provencal\/\",\"name\":\"De mooiste Proven\u00e7aalse markten in de Dr\u00f4me Provencale\",\"isPartOf\":{\"@id\":\"https:\/\/www.lestruffieres.com\/#website\"},\"primaryImageOfPage\":{\"@id\":\"https:\/\/www.lestruffieres.com\/nl\/de-markten-provencal\/#primaryimage\"},\"image\":{\"@id\":\"https:\/\/www.lestruffieres.com\/nl\/de-markten-provencal\/#primaryimage\"},\"thumbnailUrl\":\"https:\/\/www.lestruffieres.com\/wp-content\/uploads\/2023\/03\/marches-proche-camping-les-truffieres-1.webp\",\"datePublished\":\"2023-02-06T08:13:12+00:00\",\"dateModified\":\"2023-03-27T13:43:10+00:00\",\"description\":\"Ontdek de mooiste en meest typische Proven\u00e7aalse markten van de Dr\u00f4me Provencale\",\"breadcrumb\":{\"@id\":\"https:\/\/www.lestruffieres.com\/nl\/de-markten-provencal\/#breadcrumb\"},\"inLanguage\":\"nl-NL\",\"potentialAction\":[{\"@type\":\"ReadAction\",\"target\":[\"https:\/\/www.lestruffieres.com\/nl\/de-markten-provencal\/\"]}]},{\"@type\":\"ImageObject\",\"inLanguage\":\"nl-NL\",\"@id\":\"https:\/\/www.lestruffieres.com\/nl\/de-markten-provencal\/#primaryimage\",\"url\":\"https:\/\/www.lestruffieres.com\/wp-content\/uploads\/2023\/03\/marches-proche-camping-les-truffieres-1.webp\",\"contentUrl\":\"https:\/\/www.lestruffieres.com\/wp-content\/uploads\/2023\/03\/marches-proche-camping-les-truffieres-1.webp\",\"width\":1920,\"height\":746,\"caption\":\"marches proche camping les truffieres 1\"},{\"@type\":\"BreadcrumbList\",\"@id\":\"https:\/\/www.lestruffieres.com\/nl\/de-markten-provencal\/#breadcrumb\",\"itemListElement\":[{\"@type\":\"ListItem\",\"position\":1,\"name\":\"Camping Dr\u00f4me\",\"item\":\"https:\/\/www.lestruffieres.com\/nl\/\"},{\"@type\":\"ListItem\",\"position\":2,\"name\":\"Kamperen bij de Proven\u00e7aalse markten\"}]},{\"@type\":\"WebSite\",\"@id\":\"https:\/\/www.lestruffieres.com\/#website\",\"url\":\"https:\/\/www.lestruffieres.com\/\",\"name\":\"Camping Les Truffi\u00e8res\",\"description\":\"\",\"publisher\":{\"@id\":\"https:\/\/www.lestruffieres.com\/#organization\"},\"potentialAction\":[{\"@type\":\"SearchAction\",\"target\":{\"@type\":\"EntryPoint\",\"urlTemplate\":\"https:\/\/www.lestruffieres.com\/?s={search_term_string}\"},\"query-input\":{\"@type\":\"PropertyValueSpecification\",\"valueRequired\":true,\"valueName\":\"search_term_string\"}}],\"inLanguage\":\"nl-NL\"},{\"@type\":\"Organization\",\"@id\":\"https:\/\/www.lestruffieres.com\/#organization\",\"name\":\"Camping Les Truffi\u00e8res\",\"url\":\"https:\/\/www.lestruffieres.com\/\",\"logo\":{\"@type\":\"ImageObject\",\"inLanguage\":\"nl-NL\",\"@id\":\"https:\/\/www.lestruffieres.com\/#\/schema\/logo\/image\/\",\"url\":\"https:\/\/www.lestruffieres.com\/wp-content\/uploads\/2023\/02\/camping-les-truffieres-logo-entete.png\",\"contentUrl\":\"https:\/\/www.lestruffieres.com\/wp-content\/uploads\/2023\/02\/camping-les-truffieres-logo-entete.png\",\"width\":742,\"height\":1020,\"caption\":\"Camping Les Truffi\u00e8res\"},\"image\":{\"@id\":\"https:\/\/www.lestruffieres.com\/#\/schema\/logo\/image\/\"}}]}<\/script>\n<!-- \/ Yoast SEO plugin. -->","yoast_head_json":{"title":"De mooiste Proven\u00e7aalse markten in de Dr\u00f4me Provencale","description":"Ontdek de mooiste en meest typische Proven\u00e7aalse markten van de Dr\u00f4me Provencale","robots":{"index":"index","follow":"follow","max-snippet":"max-snippet:-1","max-image-preview":"max-image-preview:large","max-video-preview":"max-video-preview:-1"},"canonical":"https:\/\/www.lestruffieres.com\/nl\/de-markten-provencal\/","og_locale":"nl_NL","og_type":"article","og_title":"De mooiste Proven\u00e7aalse markten in de Dr\u00f4me Provencale","og_description":"Ontdek de mooiste en meest typische Proven\u00e7aalse markten van de Dr\u00f4me Provencale","og_url":"https:\/\/www.lestruffieres.com\/nl\/de-markten-provencal\/","og_site_name":"Camping Les Truffi\u00e8res","article_modified_time":"2023-03-27T13:43:10+00:00","og_image":[{"width":1920,"height":746,"url":"https:\/\/www.lestruffieres.com\/wp-content\/uploads\/2023\/03\/marches-proche-camping-les-truffieres-1.webp","type":"image\/webp"}],"twitter_card":"summary_large_image","twitter_misc":{"Geschatte leestijd":"3 minuten"},"schema":{"@context":"https:\/\/schema.org","@graph":[{"@type":"WebPage","@id":"https:\/\/www.lestruffieres.com\/nl\/de-markten-provencal\/","url":"https:\/\/www.lestruffieres.com\/nl\/de-markten-provencal\/","name":"De mooiste Proven\u00e7aalse markten in de Dr\u00f4me Provencale","isPartOf":{"@id":"https:\/\/www.lestruffieres.com\/#website"},"primaryImageOfPage":{"@id":"https:\/\/www.lestruffieres.com\/nl\/de-markten-provencal\/#primaryimage"},"image":{"@id":"https:\/\/www.lestruffieres.com\/nl\/de-markten-provencal\/#primaryimage"},"thumbnailUrl":"https:\/\/www.lestruffieres.com\/wp-content\/uploads\/2023\/03\/marches-proche-camping-les-truffieres-1.webp","datePublished":"2023-02-06T08:13:12+00:00","dateModified":"2023-03-27T13:43:10+00:00","description":"Ontdek de mooiste en meest typische Proven\u00e7aalse markten van de Dr\u00f4me Provencale","breadcrumb":{"@id":"https:\/\/www.lestruffieres.com\/nl\/de-markten-provencal\/#breadcrumb"},"inLanguage":"nl-NL","potentialAction":[{"@type":"ReadAction","target":["https:\/\/www.lestruffieres.com\/nl\/de-markten-provencal\/"]}]},{"@type":"ImageObject","inLanguage":"nl-NL","@id":"https:\/\/www.lestruffieres.com\/nl\/de-markten-provencal\/#primaryimage","url":"https:\/\/www.lestruffieres.com\/wp-content\/uploads\/2023\/03\/marches-proche-camping-les-truffieres-1.webp","contentUrl":"https:\/\/www.lestruffieres.com\/wp-content\/uploads\/2023\/03\/marches-proche-camping-les-truffieres-1.webp","width":1920,"height":746,"caption":"marches proche camping les truffieres 1"},{"@type":"BreadcrumbList","@id":"https:\/\/www.lestruffieres.com\/nl\/de-markten-provencal\/#breadcrumb","itemListElement":[{"@type":"ListItem","position":1,"name":"Camping Dr\u00f4me","item":"https:\/\/www.lestruffieres.com\/nl\/"},{"@type":"ListItem","position":2,"name":"Kamperen bij de Proven\u00e7aalse markten"}]},{"@type":"WebSite","@id":"https:\/\/www.lestruffieres.com\/#website","url":"https:\/\/www.lestruffieres.com\/","name":"Camping Les Truffi\u00e8res","description":"","publisher":{"@id":"https:\/\/www.lestruffieres.com\/#organization"},"potentialAction":[{"@type":"SearchAction","target":{"@type":"EntryPoint","urlTemplate":"https:\/\/www.lestruffieres.com\/?s={search_term_string}"},"query-input":{"@type":"PropertyValueSpecification","valueRequired":true,"valueName":"search_term_string"}}],"inLanguage":"nl-NL"},{"@type":"Organization","@id":"https:\/\/www.lestruffieres.com\/#organization","name":"Camping Les Truffi\u00e8res","url":"https:\/\/www.lestruffieres.com\/","logo":{"@type":"ImageObject","inLanguage":"nl-NL","@id":"https:\/\/www.lestruffieres.com\/#\/schema\/logo\/image\/","url":"https:\/\/www.lestruffieres.com\/wp-content\/uploads\/2023\/02\/camping-les-truffieres-logo-entete.png","contentUrl":"https:\/\/www.lestruffieres.com\/wp-content\/uploads\/2023\/02\/camping-les-truffieres-logo-entete.png","width":742,"height":1020,"caption":"Camping Les Truffi\u00e8res"},"image":{"@id":"https:\/\/www.lestruffieres.com\/#\/schema\/logo\/image\/"}}]}},"_links":{"self":[{"href":"https:\/\/www.lestruffieres.com\/nl\/wp-json\/wp\/v2\/pages\/2919","targetHints":{"allow":["GET"]}}],"collection":[{"href":"https:\/\/www.lestruffieres.com\/nl\/wp-json\/wp\/v2\/pages"}],"about":[{"href":"https:\/\/www.lestruffieres.com\/nl\/wp-json\/wp\/v2\/types\/page"}],"author":[{"embeddable":true,"href":"https:\/\/www.lestruffieres.com\/nl\/wp-json\/wp\/v2\/users\/1"}],"replies":[{"embeddable":true,"href":"https:\/\/www.lestruffieres.com\/nl\/wp-json\/wp\/v2\/comments?post=2919"}],"version-history":[{"count":5,"href":"https:\/\/www.lestruffieres.com\/nl\/wp-json\/wp\/v2\/pages\/2919\/revisions"}],"predecessor-version":[{"id":3478,"href":"https:\/\/www.lestruffieres.com\/nl\/wp-json\/wp\/v2\/pages\/2919\/revisions\/3478"}],"wp:featuredmedia":[{"embeddable":true,"href":"https:\/\/www.lestruffieres.com\/nl\/wp-json\/wp\/v2\/media\/2722"}],"wp:attachment":[{"href":"https:\/\/www.lestruffieres.com\/nl\/wp-json\/wp\/v2\/media?parent=2919"}],"wp:term":[{"taxonomy":"sujet","embeddable":true,"href":"https:\/\/www.lestruffieres.com\/nl\/wp-json\/wp\/v2\/sujet?post=2919"}],"curies":[{"name":"wp","href":"https:\/\/api.w.org\/{rel}","templated":true}]}}