{"id":2889,"date":"2023-02-06T09:11:08","date_gmt":"2023-02-06T08:11:08","guid":{"rendered":"https:\/\/www.lestruffieres.com\/plaatsen-tent-caravan-camping-auto-grignan-drome\/"},"modified":"2023-03-27T20:29:47","modified_gmt":"2023-03-27T18:29:47","slug":"plaatsen-tent-caravan-camping-auto-grignan-drome","status":"publish","type":"page","link":"https:\/\/www.lestruffieres.com\/nl\/plaatsen-tent-caravan-camping-auto-grignan-drome\/","title":{"rendered":"Plaatsen"},"content":{"rendered":"<section id=\"ls-section-block_b9a2c4330fab0b2ed7dcdb916c65bbaf\" class=\"ls-section \" >\r\n        <div class=\"container container--wide\">\r\n        \n\n<h1 class=\"ls__heading has-text-align-center wp-block-heading\">Standplaatsen voor tenten, caravans en <br>campers in de Dr\u00f4me, toegankelijk voor PRM<\/h1>\n\n\r\n    <\/div>\r\n<\/section>\n\n<section id=\"ls-section-block_bf89064596694f1a1a3393fdee62327e\" class=\"ls-section \" >\r\n        <div class=\"container \">\r\n        \n\n<script>\n    window.ctoutvert = {\n\t\tid: 2561, \n\t\tlang: 'auto', \n\t\turl: 'https:\/\/bookingpremium.secureholiday.net\/widgets\/'\n    };\n\n    (function (w, d, s, ctv, r, js, fjs) {\n        r=new XMLHttpRequest();r.open('GET',w[ctv].url+'js\/src.json');\n        r.responseType='json';r.json=true;r.send();\n        r.onload=function(){w[ctv].src=r.responseType=='json'?r.response:JSON.parse(r.response);\n        js.src=w[ctv].src[0];fjs.parentNode.insertBefore(js, fjs);}\n        js=d.createElement(s),fjs=d.getElementsByTagName(s)[0];\n        js.id='ctvwidget';js.async=1;\n    }(window, document, 'script', 'ctoutvert'));\n<\/script>\n<ctv-availability data-product-type=\"pitch\" data-background-color=\"#FFFFFFFF\"><\/ctv-availability>\n\n\r\n    <\/div>\r\n<\/section>\n\n<section id=\"ls-section-block_b9a2c4330fab0b2ed7dcdb916c65bbaf\" class=\"ls-section \" >\r\n        <div class=\"container container--wide\">\r\n        \n\n<div class=\"wp-block-columns is-layout-flex wp-container-core-columns-is-layout-9d6595d7 wp-block-columns-is-layout-flex\">\n<div class=\"wp-block-column is-layout-flow wp-block-column-is-layout-flow\">\n<h2 class=\"ls__heading deco wp-block-heading\">Huur uw standplaats in Grignan<\/h2>\n\n\n\n<p class=\"ls-paragraph\">Onze locaties zijn <strong>kan worden gehuurd met of zonder reservering<\/strong>. Maar als u speciale behoeften heeft (grootte, zonlicht, nabijheid van sanitair) raden wij u aan te reserveren. Onze trouwe klanten boeken soms tot een jaar van tevoren, dus verlies geen tijd! <\/p>\n\n\n\n<p class=\"ls-paragraph\">Bekijk ook even de kaart en enkele foto&#8217;s om uw keuze te maken. Wij zijn ook telefonisch bereikbaar om dit persoonlijk te bespreken. Ook voor familiere\u00fcnies of vrienden, laat het ons weten en wij zorgen ervoor dat u naast of tegenover elkaar geplaatst wordt.<\/p>\n\n\n\n<p class=\"ls-paragraph\">Op de camping Les Truffi\u00e8res, <a href=\"https:\/\/www.lestruffieres.com\/nl\/plaatsen-tent-caravan-camping-auto-grignan-drome\/\">de plaatsen<\/a> zijn voor 2 personen. U voegt dan uw begeleiders toe tot een maximum van 6 personen per plaats. We tellen het aantal mensen, maar niet het aantal voorzieningen. U kunt een of twee extra tenten opzetten om <strong>behoud van privacy en comfort<\/strong> van allemaal. <\/p>\n\n\n\n<p class=\"ls-paragraph\">En om uw reis nog comfortabeler te maken, kunt u een kijkje nemen bij onze extra huurmogelijkheden om uw last te verlichten. <\/p>\n\n\n\n<p class=\"ls-paragraph\">Kies een staanplaats op Camping Dr\u00f4me die bij u past, wij doen ons best om aan uw wensen te voldoen.<\/p>\n\n\n\n<p class=\"ls-paragraph\">Voor camperaars is de nabijheid van het dorp een echte troef. We hebben <a href=\"https:\/\/www.lestruffieres.com\/nl\/locatie-mobil-home-drome\/\">comfortabele stacaravans<\/a>, d&#8217;<a href=\"https:\/\/www.lestruffieres.com\/nl\/locatie-insolite-grignan\/\">atypische accommodatie<\/a> en ruimtes die groot genoeg zijn voor uw voertuig. <\/p>\n\n\n\n<p class=\"ls-paragraph\">Dankzij onze partnerschappen met ACSI of ANWB kunt u profiteren van <a href=\"https:\/\/www.lestruffieres.com\/nl\/tarieven-camping-grignan-drome-provencale\/\">beste camping prijzen<\/a> !<\/p>\n<\/div>\n\n\n\n<div class=\"wp-block-column is-layout-flow wp-block-column-is-layout-flow\">\n<h2 class=\"ls__heading deco wp-block-heading\">Onze reeksen van plaatsen<\/h2>\n\n\n\n<p class=\"ls-paragraph\">Op <a href=\"https:\/\/www.lestruffieres.com\/nl\/\">Camping Les Truffi\u00e8res in Grignan<\/a>, wij passen ons aan onze klanten aan. Daarom hebben we verschillende reeksen locaties voor alle budgetten en voorkeuren: <\/p>\n\n\n\n<ul class=\"ls-list wp-block-list\">\n<li>Comfortpakket: standplaats met 10A elektriciteit, verschillende afmetingen, <strong>meer schaduw of zon<\/strong> en min of meer dicht bij de sanitaire voorzieningen<\/li>\n\n\n\n<li>Privilegepakket: comfortpakket + <strong>uitzicht op velden en bergen<\/strong>. Op deze populaire plaatsen zit u midden in de natuur. Dankzij het prachtige uitzicht krijgt u een gevoel van ruimte en vrijheid.<\/li>\n\n\n\n<li>Premium vrij kamp pakket: comfort pakket met een <strong>sanitaire chalet en keuken op het veld<\/strong>. Kom zelf kamperen met eigen keuken en sanitair. Een 2 kamer chalet met keuken (gootsteen, koelkast en 2 pits gasfornuis) en sanitair (douche, wastafel en toilet).<\/li>\n<\/ul>\n\n\n\n<h2 class=\"ls__heading deco wp-block-heading\">Kwaliteitssanitair<\/h2>\n\n\n\n<p class=\"ls-paragraph\">Op een camping blijft de kwaliteit van het sanitair een fundamenteel element. Op camping Les Truffi\u00e8res houden we daar rekening mee met <strong>twee gerenoveerde toiletgebouwen<\/strong>. U kunt er dus zeker van zijn dat er voldoende toiletten in de buurt zijn, zodat u niet hoeft te wachten. <\/p>\n\n\n\n<p class=\"ls-paragraph\">Netheid is ook essentieel, daarom <strong>de sanitaire voorzieningen worden tweemaal per dag schoongemaakt<\/strong>. Om tegemoet te komen aan de behoeften van onze klanten en op hun verzoek, stellen wij zeep en handdoeken ter beschikking. <\/p>\n\n\n\n<p class=\"ls-paragraph\">En om het hele gezin comfortabel te houden, hebben we een familiedouche met aankleedtafel en babybadje.<\/p>\n<\/div>\n<\/div>\n\n\n\n<h2 class=\"ls__heading has-text-align-center deco wp-block-heading\">Onze extra huurprijzen voor uw kampeerplaats<\/h2>\n\n\n\n<p class=\"ls-paragraph has-text-align-center\">Wij zijn ons bewust van alles wat er bij kamperen komt kijken, dus wij bieden supplementen om uw reis te vergemakkelijken. Zolang de voorraad strekt, kunt u de volgende artikelen kopen <strong>voeg tafels en stoelen, koelkast of plancha toe aan uw verhuur<\/strong>. <\/p>\n\n\n\n<p class=\"ls-paragraph has-text-align-center\">U hoeft niet eens na te denken over het opzetten, als u gereserveerd heeft, is alles klaar als u aankomt. <\/p>\n\n\n\n<p class=\"ls-paragraph has-text-align-center\">Hetzelfde geldt voor fietsen: geen gevecht meer met de <strong>fietsenrekken, we hebben er enkele op het terrein<\/strong> ! En als u liever elektrisch heeft, kunnen we ook iets voor u vinden.<\/p>\n\n\r\n    <\/div>\r\n<\/section>\n\n<section id=\"ls-section-block_c3a8bd826856935e4c6fccff7f2e8843\" class=\"ls-section  page-avis has-background-image has-p-t p-t-14 has-p-b p-b-14\" >\r\n    <div class=\"ls-section__background-image opacity-100\"><img decoding=\"async\" src=\"https:\/\/www.lestruffieres.com\/wp-content\/uploads\/2023\/02\/emplacement-spacieux-ombrage-dans-la-drome.webp\" alt=\"location emplacement drome\"><\/div>    <div class=\"container \">\r\n        \n\n<div id=\"ls-heading ls-titre-div-block_30739cd67caf2315d80b7f95cae99d5e\" class=\"ls-titre-div deco aligncenter h2-like\" >\n    Wat vinden onze klanten van de vestigingen?<\/div>\n\n\n<div class=\"avis-container-pages\"><div class=\"avis\"><div class=\"avis-user\"><div class=\"avis-note\">\n                <span><i class=\"truffieres-star\"><\/i><\/span><span><i class=\"truffieres-star\"><\/i><\/span><span><i class=\"truffieres-star\"><\/i><\/span><span><i class=\"truffieres-star\"><\/i><\/span><span><i class=\"truffieres-star\"><\/i><\/span>\n                <\/div><div class=\"avis-name\">Sandrine W.<\/div><div class=\"avis-content\"><p>Geweldig verblijf, rustig, schoon, <b>plaats<\/b> top notch, prachtige omgeving, vriendelijkheid van de eigenaars. We komen zeker terug.<\/p>\n<\/div><\/div><\/div><div class=\"avis\"><div class=\"avis-user\"><div class=\"avis-note\">\n                <span><i class=\"truffieres-star\"><\/i><\/span><span><i class=\"truffieres-star\"><\/i><\/span><span><i class=\"truffieres-star\"><\/i><\/span><span><i class=\"truffieres-star\"><\/i><\/span><span><i class=\"truffieres-star\"><\/i><\/span>\n                <\/div><div class=\"avis-name\">Styna W.<\/div><div class=\"avis-content\"><p>Zeer leuke familiecamping die zijn 3 sterren verdient! 3-daagse verblijven in een tent met vrienden, de<b>plaats<\/b> was groot met overal zelfs houten banken en tafels. Nous avons pass\u00e9s nos soir\u00e9es au bar du camping et ce fut de bons moments de convivialit\u00e9 ! Als de gelegenheid zich voordoet, komen we terug!<\/p>\n<\/div><\/div><\/div><\/div>\n\n\r\n    <\/div>\r\n<\/section>\n\n<section id=\"ls-section-block_07f5aab004ea297c67bff877cbb29c1a\" class=\"ls-section  page-maillage has-p-t p-t-14 has-p-b p-b-14\" >\r\n        <div class=\"container container--wide\">\r\n        \n\n<div id=\"ls-heading ls-titre-div-block_4d57ac729b3e43029a851aa1635d7acd\" class=\"ls-titre-div deco aligncenter h2-like\" >\n    Ontdek onze verhuur en onze tarieven!<\/div>\n\n\n<div id=\"ls-maillage-block_d3b47e7a3985e6cb181f16abbfe14a69\" class=\"ls-maillage cta-style-normal\" data-rows=\"3\">\r\n    <div class=\"wp-block-columns\"><div class=\"wp-block-column\">\n\n<a href=\"https:\/\/www.lestruffieres.com\/nl\/locatie-mobil-home-drome\/\" target=\"\" rel=\"noopener\" class=\"ls-cta__link\">\n\n\t<div class=\"ls-cta__image\"><img decoding=\"async\" src=\"https:\/\/www.lestruffieres.com\/wp-content\/uploads\/2023\/03\/location-de-mobil-home-dans-la-drome-768x512.jpg\" alt=\"location de mobil home dans la drome\"><\/div>\n\t<div class=\"ls-cta__title\">\n\t\tOnze stacaravans\t<\/div>\n\t\n\t\t\n<\/a><\/div><div class=\"wp-block-column\">\n\n<a href=\"https:\/\/www.lestruffieres.com\/nl\/locatie-insolite-grignan\/\" target=\"\" rel=\"noopener\" class=\"ls-cta__link\">\n\n\t<div class=\"ls-cta__image\"><img decoding=\"async\" src=\"https:\/\/www.lestruffieres.com\/wp-content\/uploads\/2023\/03\/tente-lodge.webp\" alt=\"tente lodge drome\"><\/div>\n\t<div class=\"ls-cta__title\">\n\t\tAtypische huisvesting\t<\/div>\n\t\n\t\t\n<\/a><\/div><div class=\"wp-block-column\">\n\n<a href=\"https:\/\/www.lestruffieres.com\/nl\/tarieven-camping-grignan-drome-provencale\/\" target=\"\" rel=\"noopener\" class=\"ls-cta__link\">\n\n\t<div class=\"ls-cta__image\"><img decoding=\"async\" src=\"https:\/\/www.lestruffieres.com\/wp-content\/uploads\/2023\/02\/camping-familial-pas-cher-grignan.jpg\" alt=\"camping familial pas cher grignan\"><\/div>\n\t<div class=\"ls-cta__title\">\n\t\tTarieven\t<\/div>\n\t\n\t\t\n<\/a><\/div><\/div><\/div>\n\r\n    <\/div>\r\n<\/section>","protected":false},"excerpt":{"rendered":"","protected":false},"author":1,"featured_media":2524,"parent":0,"menu_order":0,"comment_status":"closed","ping_status":"closed","template":"","meta":{"_acf_changed":false,"footnotes":""},"sujet":[],"class_list":["post-2889","page","type-page","status-publish","has-post-thumbnail","hentry"],"acf":[],"yoast_head":"<!-- This site is optimized with the Yoast SEO plugin v23.4 - https:\/\/yoast.com\/wordpress\/plugins\/seo\/ -->\n<title>Standplaatsen voor tenten, caravans, campers in Dr\u00f4mefield<\/title>\n<meta name=\"description\" content=\"Ontdek de 72 schaduwrijke plaatsen met scheidingshagen, talrijke waterpunten en 10A elektriciteit, ideaal voor uw tenten, caravans of campers.\" \/>\n<meta name=\"robots\" content=\"index, follow, max-snippet:-1, max-image-preview:large, max-video-preview:-1\" \/>\n<link rel=\"canonical\" href=\"https:\/\/www.lestruffieres.com\/nl\/plaatsen-tent-caravan-camping-auto-grignan-drome\/\" \/>\n<meta property=\"og:locale\" content=\"nl_NL\" \/>\n<meta property=\"og:type\" content=\"article\" \/>\n<meta property=\"og:title\" content=\"Standplaatsen voor tenten, caravans, campers in Dr\u00f4mefield\" \/>\n<meta property=\"og:description\" content=\"Ontdek de 72 schaduwrijke plaatsen met scheidingshagen, talrijke waterpunten en 10A elektriciteit, ideaal voor uw tenten, caravans of campers.\" \/>\n<meta property=\"og:url\" content=\"https:\/\/www.lestruffieres.com\/nl\/plaatsen-tent-caravan-camping-auto-grignan-drome\/\" \/>\n<meta property=\"og:site_name\" content=\"Camping Les Truffi\u00e8res\" \/>\n<meta property=\"article:modified_time\" content=\"2023-03-27T18:29:47+00:00\" \/>\n<meta property=\"og:image\" content=\"https:\/\/www.lestruffieres.com\/wp-content\/uploads\/2023\/02\/location-emplacement-dans-la-drome.webp\" \/>\n\t<meta property=\"og:image:width\" content=\"1920\" \/>\n\t<meta property=\"og:image:height\" content=\"746\" \/>\n\t<meta property=\"og:image:type\" content=\"image\/webp\" \/>\n<meta name=\"twitter:card\" content=\"summary_large_image\" \/>\n<meta name=\"twitter:label1\" content=\"Geschatte leestijd\" \/>\n\t<meta name=\"twitter:data1\" content=\"3 minuten\" \/>\n<script type=\"application\/ld+json\" class=\"yoast-schema-graph\">{\"@context\":\"https:\/\/schema.org\",\"@graph\":[{\"@type\":\"WebPage\",\"@id\":\"https:\/\/www.lestruffieres.com\/nl\/plaatsen-tent-caravan-camping-auto-grignan-drome\/\",\"url\":\"https:\/\/www.lestruffieres.com\/nl\/plaatsen-tent-caravan-camping-auto-grignan-drome\/\",\"name\":\"Standplaatsen voor tenten, caravans, campers in Dr\u00f4mefield\",\"isPartOf\":{\"@id\":\"https:\/\/www.lestruffieres.com\/#website\"},\"primaryImageOfPage\":{\"@id\":\"https:\/\/www.lestruffieres.com\/nl\/plaatsen-tent-caravan-camping-auto-grignan-drome\/#primaryimage\"},\"image\":{\"@id\":\"https:\/\/www.lestruffieres.com\/nl\/plaatsen-tent-caravan-camping-auto-grignan-drome\/#primaryimage\"},\"thumbnailUrl\":\"https:\/\/www.lestruffieres.com\/wp-content\/uploads\/2023\/02\/location-emplacement-dans-la-drome.webp\",\"datePublished\":\"2023-02-06T08:11:08+00:00\",\"dateModified\":\"2023-03-27T18:29:47+00:00\",\"description\":\"Ontdek de 72 schaduwrijke plaatsen met scheidingshagen, talrijke waterpunten en 10A elektriciteit, ideaal voor uw tenten, caravans of campers.\",\"breadcrumb\":{\"@id\":\"https:\/\/www.lestruffieres.com\/nl\/plaatsen-tent-caravan-camping-auto-grignan-drome\/#breadcrumb\"},\"inLanguage\":\"nl-NL\",\"potentialAction\":[{\"@type\":\"ReadAction\",\"target\":[\"https:\/\/www.lestruffieres.com\/nl\/plaatsen-tent-caravan-camping-auto-grignan-drome\/\"]}]},{\"@type\":\"ImageObject\",\"inLanguage\":\"nl-NL\",\"@id\":\"https:\/\/www.lestruffieres.com\/nl\/plaatsen-tent-caravan-camping-auto-grignan-drome\/#primaryimage\",\"url\":\"https:\/\/www.lestruffieres.com\/wp-content\/uploads\/2023\/02\/location-emplacement-dans-la-drome.webp\",\"contentUrl\":\"https:\/\/www.lestruffieres.com\/wp-content\/uploads\/2023\/02\/location-emplacement-dans-la-drome.webp\",\"width\":1920,\"height\":746,\"caption\":\"location emplacement drome\"},{\"@type\":\"BreadcrumbList\",\"@id\":\"https:\/\/www.lestruffieres.com\/nl\/plaatsen-tent-caravan-camping-auto-grignan-drome\/#breadcrumb\",\"itemListElement\":[{\"@type\":\"ListItem\",\"position\":1,\"name\":\"Camping Dr\u00f4me\",\"item\":\"https:\/\/www.lestruffieres.com\/nl\/\"},{\"@type\":\"ListItem\",\"position\":2,\"name\":\"Een staanplaats huren in de Dr\u00f4me\"}]},{\"@type\":\"WebSite\",\"@id\":\"https:\/\/www.lestruffieres.com\/#website\",\"url\":\"https:\/\/www.lestruffieres.com\/\",\"name\":\"Camping Les Truffi\u00e8res\",\"description\":\"\",\"publisher\":{\"@id\":\"https:\/\/www.lestruffieres.com\/#organization\"},\"potentialAction\":[{\"@type\":\"SearchAction\",\"target\":{\"@type\":\"EntryPoint\",\"urlTemplate\":\"https:\/\/www.lestruffieres.com\/?s={search_term_string}\"},\"query-input\":{\"@type\":\"PropertyValueSpecification\",\"valueRequired\":true,\"valueName\":\"search_term_string\"}}],\"inLanguage\":\"nl-NL\"},{\"@type\":\"Organization\",\"@id\":\"https:\/\/www.lestruffieres.com\/#organization\",\"name\":\"Camping Les Truffi\u00e8res\",\"url\":\"https:\/\/www.lestruffieres.com\/\",\"logo\":{\"@type\":\"ImageObject\",\"inLanguage\":\"nl-NL\",\"@id\":\"https:\/\/www.lestruffieres.com\/#\/schema\/logo\/image\/\",\"url\":\"https:\/\/www.lestruffieres.com\/wp-content\/uploads\/2023\/02\/camping-les-truffieres-logo-entete.png\",\"contentUrl\":\"https:\/\/www.lestruffieres.com\/wp-content\/uploads\/2023\/02\/camping-les-truffieres-logo-entete.png\",\"width\":742,\"height\":1020,\"caption\":\"Camping Les Truffi\u00e8res\"},\"image\":{\"@id\":\"https:\/\/www.lestruffieres.com\/#\/schema\/logo\/image\/\"}}]}<\/script>\n<!-- \/ Yoast SEO plugin. -->","yoast_head_json":{"title":"Standplaatsen voor tenten, caravans, campers in Dr\u00f4mefield","description":"Ontdek de 72 schaduwrijke plaatsen met scheidingshagen, talrijke waterpunten en 10A elektriciteit, ideaal voor uw tenten, caravans of campers.","robots":{"index":"index","follow":"follow","max-snippet":"max-snippet:-1","max-image-preview":"max-image-preview:large","max-video-preview":"max-video-preview:-1"},"canonical":"https:\/\/www.lestruffieres.com\/nl\/plaatsen-tent-caravan-camping-auto-grignan-drome\/","og_locale":"nl_NL","og_type":"article","og_title":"Standplaatsen voor tenten, caravans, campers in Dr\u00f4mefield","og_description":"Ontdek de 72 schaduwrijke plaatsen met scheidingshagen, talrijke waterpunten en 10A elektriciteit, ideaal voor uw tenten, caravans of campers.","og_url":"https:\/\/www.lestruffieres.com\/nl\/plaatsen-tent-caravan-camping-auto-grignan-drome\/","og_site_name":"Camping Les Truffi\u00e8res","article_modified_time":"2023-03-27T18:29:47+00:00","og_image":[{"width":1920,"height":746,"url":"https:\/\/www.lestruffieres.com\/wp-content\/uploads\/2023\/02\/location-emplacement-dans-la-drome.webp","type":"image\/webp"}],"twitter_card":"summary_large_image","twitter_misc":{"Geschatte leestijd":"3 minuten"},"schema":{"@context":"https:\/\/schema.org","@graph":[{"@type":"WebPage","@id":"https:\/\/www.lestruffieres.com\/nl\/plaatsen-tent-caravan-camping-auto-grignan-drome\/","url":"https:\/\/www.lestruffieres.com\/nl\/plaatsen-tent-caravan-camping-auto-grignan-drome\/","name":"Standplaatsen voor tenten, caravans, campers in Dr\u00f4mefield","isPartOf":{"@id":"https:\/\/www.lestruffieres.com\/#website"},"primaryImageOfPage":{"@id":"https:\/\/www.lestruffieres.com\/nl\/plaatsen-tent-caravan-camping-auto-grignan-drome\/#primaryimage"},"image":{"@id":"https:\/\/www.lestruffieres.com\/nl\/plaatsen-tent-caravan-camping-auto-grignan-drome\/#primaryimage"},"thumbnailUrl":"https:\/\/www.lestruffieres.com\/wp-content\/uploads\/2023\/02\/location-emplacement-dans-la-drome.webp","datePublished":"2023-02-06T08:11:08+00:00","dateModified":"2023-03-27T18:29:47+00:00","description":"Ontdek de 72 schaduwrijke plaatsen met scheidingshagen, talrijke waterpunten en 10A elektriciteit, ideaal voor uw tenten, caravans of campers.","breadcrumb":{"@id":"https:\/\/www.lestruffieres.com\/nl\/plaatsen-tent-caravan-camping-auto-grignan-drome\/#breadcrumb"},"inLanguage":"nl-NL","potentialAction":[{"@type":"ReadAction","target":["https:\/\/www.lestruffieres.com\/nl\/plaatsen-tent-caravan-camping-auto-grignan-drome\/"]}]},{"@type":"ImageObject","inLanguage":"nl-NL","@id":"https:\/\/www.lestruffieres.com\/nl\/plaatsen-tent-caravan-camping-auto-grignan-drome\/#primaryimage","url":"https:\/\/www.lestruffieres.com\/wp-content\/uploads\/2023\/02\/location-emplacement-dans-la-drome.webp","contentUrl":"https:\/\/www.lestruffieres.com\/wp-content\/uploads\/2023\/02\/location-emplacement-dans-la-drome.webp","width":1920,"height":746,"caption":"location emplacement drome"},{"@type":"BreadcrumbList","@id":"https:\/\/www.lestruffieres.com\/nl\/plaatsen-tent-caravan-camping-auto-grignan-drome\/#breadcrumb","itemListElement":[{"@type":"ListItem","position":1,"name":"Camping Dr\u00f4me","item":"https:\/\/www.lestruffieres.com\/nl\/"},{"@type":"ListItem","position":2,"name":"Een staanplaats huren in de Dr\u00f4me"}]},{"@type":"WebSite","@id":"https:\/\/www.lestruffieres.com\/#website","url":"https:\/\/www.lestruffieres.com\/","name":"Camping Les Truffi\u00e8res","description":"","publisher":{"@id":"https:\/\/www.lestruffieres.com\/#organization"},"potentialAction":[{"@type":"SearchAction","target":{"@type":"EntryPoint","urlTemplate":"https:\/\/www.lestruffieres.com\/?s={search_term_string}"},"query-input":{"@type":"PropertyValueSpecification","valueRequired":true,"valueName":"search_term_string"}}],"inLanguage":"nl-NL"},{"@type":"Organization","@id":"https:\/\/www.lestruffieres.com\/#organization","name":"Camping Les Truffi\u00e8res","url":"https:\/\/www.lestruffieres.com\/","logo":{"@type":"ImageObject","inLanguage":"nl-NL","@id":"https:\/\/www.lestruffieres.com\/#\/schema\/logo\/image\/","url":"https:\/\/www.lestruffieres.com\/wp-content\/uploads\/2023\/02\/camping-les-truffieres-logo-entete.png","contentUrl":"https:\/\/www.lestruffieres.com\/wp-content\/uploads\/2023\/02\/camping-les-truffieres-logo-entete.png","width":742,"height":1020,"caption":"Camping Les Truffi\u00e8res"},"image":{"@id":"https:\/\/www.lestruffieres.com\/#\/schema\/logo\/image\/"}}]}},"_links":{"self":[{"href":"https:\/\/www.lestruffieres.com\/nl\/wp-json\/wp\/v2\/pages\/2889","targetHints":{"allow":["GET"]}}],"collection":[{"href":"https:\/\/www.lestruffieres.com\/nl\/wp-json\/wp\/v2\/pages"}],"about":[{"href":"https:\/\/www.lestruffieres.com\/nl\/wp-json\/wp\/v2\/types\/page"}],"author":[{"embeddable":true,"href":"https:\/\/www.lestruffieres.com\/nl\/wp-json\/wp\/v2\/users\/1"}],"replies":[{"embeddable":true,"href":"https:\/\/www.lestruffieres.com\/nl\/wp-json\/wp\/v2\/comments?post=2889"}],"version-history":[{"count":6,"href":"https:\/\/www.lestruffieres.com\/nl\/wp-json\/wp\/v2\/pages\/2889\/revisions"}],"predecessor-version":[{"id":6422,"href":"https:\/\/www.lestruffieres.com\/nl\/wp-json\/wp\/v2\/pages\/2889\/revisions\/6422"}],"wp:featuredmedia":[{"embeddable":true,"href":"https:\/\/www.lestruffieres.com\/nl\/wp-json\/wp\/v2\/media\/2524"}],"wp:attachment":[{"href":"https:\/\/www.lestruffieres.com\/nl\/wp-json\/wp\/v2\/media?parent=2889"}],"wp:term":[{"taxonomy":"sujet","embeddable":true,"href":"https:\/\/www.lestruffieres.com\/nl\/wp-json\/wp\/v2\/sujet?post=2889"}],"curies":[{"name":"wp","href":"https:\/\/api.w.org\/{rel}","templated":true}]}}