{"id":2883,"date":"2023-02-06T09:14:35","date_gmt":"2023-02-06T08:14:35","guid":{"rendered":"https:\/\/www.lestruffieres.com\/contact-opnemen-met-camping-grignan-drome-provencale\/"},"modified":"2023-03-27T20:28:41","modified_gmt":"2023-03-27T18:28:41","slug":"contact-opnemen-met-camping-grignan-drome-provencale","status":"publish","type":"page","link":"https:\/\/www.lestruffieres.com\/nl\/contact-opnemen-met-camping-grignan-drome-provencale\/","title":{"rendered":"Contacten en toegang"},"content":{"rendered":"<section id=\"ls-section-block_90a9df9d4820d9c3642171c995eb1912\" class=\"ls-section \" >\r\n        <div class=\"container \">\r\n        \n\n<h1 class=\"ls__heading has-text-align-center wp-block-heading\">Contact opnemen met camping Les Truffi\u00e8res<\/h1>\n\n\r\n    <\/div>\r\n<\/section><section id=\"ls-section-block_c4af8c1d3546e114f7ae4c8eb9d56010\" class=\"ls-section \" >\r\n        <div class=\"container container--wide\">\r\n        \n\n<div class=\"wp-block-columns is-layout-flex wp-container-core-columns-is-layout-9d6595d7 wp-block-columns-is-layout-flex\">\n<div class=\"wp-block-column is-vertically-aligned-center is-layout-flow wp-block-column-is-layout-flow\">\n<h2 class=\"ls__heading deco wp-block-heading\">Contacteer ons<\/h2>\n\n\n\n<p class=\"ls-paragraph\">Openingstijden van de receptie :<\/p>\n\n\n\n<ul class=\"ls-list wp-block-list\">\n<li>Buiten de zomer: <strong>8u30 tot 12u en 14u tot 19u<\/strong><\/li>\n\n\n\n<li>Zomer: <strong>8 uur tot 13 uur en 14 uur tot 20 uur.<\/strong><\/li>\n<\/ul>\n\n\n\n<p class=\"ls-paragraph\">Aarzel niet om contact met ons op te nemen, als u hulp nodig heeft, per telefoon, per e-mail of door naar de site te komen; u zult altijd iemand vinden die u zal antwoorden. In het bijzonder vindt u Celina die uw telefoon en e-mails beantwoordt en u welkom heet in de <a href=\"https:\/\/www.lestruffieres.com\/nl\/\">camping Les Truffi\u00e8res<\/a>.<\/p>\n\n\n\n<p class=\"ls-paragraph\">Op onze website kunt u onze staanplaatsen of huuraccommodaties bekijken en de tarieven laten aanpassen aan uw wensen. Maar als u problemen hebt, aarzel dan niet om contact met ons op te nemen, we zullen u graag helpen. <\/p>\n\n\n\n<p class=\"ls-paragraph\">Aangezien de telefoon wordt doorgeschakeld naar de mobiele telefoon, is de afhandeling van de oproepen gewaarborgd. \u00c9vitez tout de m\u00eame les appels nocturnes, nous sommes suffisamment joignables la journ\u00e9e. We zullen de telefoon zoveel mogelijk beantwoorden. Als dit echter niet mogelijk is, kunt u <strong>laat een bericht achter met uw contactgegevens en het doel van uw oproep en wij bellen u zo spoedig mogelijk terug.<\/strong>.<\/p>\n\n\n\n<p class=\"ls-paragraph\">Per e-mail proberen wij u binnen 48 uur een antwoord te geven. Maar als deze periode wordt overschreden, maak je geen zorgen, we zullen je niet vergeten. Sommige periodes zijn intens en we kunnen een verzoek missen.<\/p>\n<\/div>\n\n\n\n<div class=\"wp-block-column is-vertically-aligned-center is-layout-flow wp-block-column-is-layout-flow\">\n<div class=\"wp-block-contact-form-7-contact-form-selector\">\n<div class=\"wpcf7 no-js\" id=\"wpcf7-f6320-o1\" lang=\"nl-NL\" dir=\"ltr\">\n<div class=\"screen-reader-response\"><p role=\"status\" aria-live=\"polite\" aria-atomic=\"true\"><\/p> <ul><\/ul><\/div>\n<form action=\"\/nl\/wp-json\/wp\/v2\/pages\/2883#wpcf7-f6320-o1\" method=\"post\" class=\"wpcf7-form init\" aria-label=\"Contactformulier\" novalidate=\"novalidate\" data-status=\"init\">\n<div style=\"display: none;\">\n<input type=\"hidden\" name=\"_wpcf7\" value=\"6320\" \/>\n<input type=\"hidden\" name=\"_wpcf7_version\" value=\"5.9.8\" \/>\n<input type=\"hidden\" name=\"_wpcf7_locale\" value=\"nl_NL\" \/>\n<input type=\"hidden\" name=\"_wpcf7_unit_tag\" value=\"wpcf7-f6320-o1\" \/>\n<input type=\"hidden\" name=\"_wpcf7_container_post\" value=\"0\" \/>\n<input type=\"hidden\" name=\"_wpcf7_posted_data_hash\" value=\"\" \/>\n<input type=\"hidden\" name=\"_wpcf7_recaptcha_response\" value=\"\" \/>\n<\/div>\n<p><label> Uw naam<br \/>\n<span class=\"wpcf7-form-control-wrap\" data-name=\"your-name\"><input size=\"40\" maxlength=\"400\" class=\"wpcf7-form-control wpcf7-text wpcf7-validates-as-required\" autocomplete=\"name\" aria-required=\"true\" aria-invalid=\"false\" value=\"\" type=\"text\" name=\"your-name\" \/><\/span> <\/label>\n<\/p>\n<p><label> Uw e-mailadres<br \/>\n<span class=\"wpcf7-form-control-wrap\" data-name=\"your-email\"><input size=\"40\" maxlength=\"400\" class=\"wpcf7-form-control wpcf7-email wpcf7-validates-as-required wpcf7-text wpcf7-validates-as-email\" autocomplete=\"email\" aria-required=\"true\" aria-invalid=\"false\" value=\"\" type=\"email\" name=\"your-email\" \/><\/span> <\/label>\n<\/p>\n<p><label> Onderwerp<br \/>\n<span class=\"wpcf7-form-control-wrap\" data-name=\"your-subject\"><input size=\"40\" maxlength=\"400\" class=\"wpcf7-form-control wpcf7-text wpcf7-validates-as-required\" aria-required=\"true\" aria-invalid=\"false\" value=\"\" type=\"text\" name=\"your-subject\" \/><\/span> <\/label>\n<\/p>\n<p><label> Uw bericht<br \/>\n<span class=\"wpcf7-form-control-wrap\" data-name=\"your-message\"><textarea cols=\"40\" rows=\"10\" maxlength=\"2000\" class=\"wpcf7-form-control wpcf7-textarea\" aria-invalid=\"false\" name=\"your-message\"><\/textarea><\/span> <\/label>\n<\/p>\n<p><span class=\"wpcf7-form-control-wrap\" data-name=\"acceptance-553\"><span class=\"wpcf7-form-control wpcf7-acceptance\"><span class=\"wpcf7-list-item\"><label><input type=\"checkbox\" name=\"acceptance-553\" value=\"1\" aria-invalid=\"false\" \/><span class=\"wpcf7-list-item-label\">Door dit vakje aan te vinken ga ik akkoord met het <a href=\"https:\/\/www.lestruffieres.com\/nl\/privacybeleid\/\" rel=\"nofollow\" target=\"_blank\">privacybeleid<\/a> van deze site.<\/span><\/label><\/span><\/span><\/span><input class=\"wpcf7-form-control wpcf7-submit has-spinner\" type=\"submit\" value=\"Stuur\" \/>\n<\/p><div class=\"wpcf7-response-output\" aria-hidden=\"true\"><\/div>\n<\/form>\n<\/div>\n<\/div>\n<\/div>\n<\/div>\n\n\r\n    <\/div>\r\n<\/section><section id=\"ls-section-block_c4af8c1d3546e114f7ae4c8eb9d56010\" class=\"ls-section \" >\r\n        <div class=\"container container--wide\">\r\n        \n\n<div class=\"wp-block-columns is-layout-flex wp-container-core-columns-is-layout-9d6595d7 wp-block-columns-is-layout-flex\">\n<div class=\"wp-block-column is-vertically-aligned-center is-layout-flow wp-block-column-is-layout-flow\">\n<iframe src=\"https:\/\/www.google.com\/maps\/embed?pb=!1m18!1m12!1m3!1d2850.1028937597384!2d4.889028115522477!3d44.410534279102585!2m3!1f0!2f0!3f0!3m2!1i1024!2i768!4f13.1!3m3!1m2!1s0x12b5707f430218d3%3A0x55f752504b758ed0!2sFlower%20Camping%20Les%20Truffi%C3%A8res!5e0!3m2!1sfr!2sfr!4v1677490537214!5m2!1sfr!2sfr\" width=\"600\" height=\"450\" style=\"border:0;\" allowfullscreen=\"\" loading=\"lazy\" referrerpolicy=\"no-referrer-when-downgrade\"><\/iframe>\n<\/div>\n\n\n\n<div class=\"wp-block-column is-vertically-aligned-center is-layout-flow wp-block-column-is-layout-flow\">\n<h2 class=\"ls__heading deco wp-block-heading\">Bereid uw verblijf zo goed mogelijk voor<\/h2>\n\n\n\n<p class=\"ls-paragraph\">Moet ik zorgen voor lakens, theedoeken of kussens? Dit zijn vragen die iedereen zich kan stellen bij de voorbereiding van zijn verblijf. Je zou moeten vinden <strong>alle informatie op onze website<\/strong> maar u kunt ons ook bellen, er gaat niets boven een persoonlijk gesprek.<\/p>\n\n\n\n<h2 class=\"ls__heading deco wp-block-heading\">Gemakkelijke toegang tot de camping<\/h2>\n\n\n\n<p class=\"ls-paragraph\">Grignan is vol wegen en paden met dezelfde naam, dus aarzel niet om de <strong>GPS-co\u00f6rdinaten om de camping te vinden<\/strong> of bel ons voor een gemakkelijke referentie. Aangezien Grignan in het seizoen erg druk is, kan het moeilijk zijn om het centrum binnen te komen. <\/p>\n\n\n\n<ul class=\"ls-list wp-block-list\">\n<li>Dichtstbijzijnde stad : <strong>Montelimar<\/strong><\/li>\n\n\n\n<li><strong>N\u00eemes Luchthaven<\/strong> (110km)<\/li>\n\n\n\n<li>Station Valencia (75km)<\/li>\n\n\n\n<li>A7 afslag Mont\u00e9limar<\/li>\n<\/ul>\n<\/div>\n<\/div>\n\n\r\n    <\/div>\r\n<\/section>","protected":false},"excerpt":{"rendered":"","protected":false},"author":1,"featured_media":2534,"parent":0,"menu_order":0,"comment_status":"closed","ping_status":"closed","template":"","meta":{"_acf_changed":false,"footnotes":""},"sujet":[],"class_list":["post-2883","page","type-page","status-publish","has-post-thumbnail","hentry"],"acf":[],"yoast_head":"<!-- This site is optimized with the Yoast SEO plugin v23.4 - https:\/\/yoast.com\/wordpress\/plugins\/seo\/ -->\n<title>Contact opnemen met de camping Dr\u00f4me | Routebeschrijving camping les Truffi\u00e8res<\/title>\n<meta name=\"description\" content=\"Ontdek hoe u gemakkelijk contact kunt opnemen met camping Les Truffi\u00e8res\" \/>\n<meta name=\"robots\" content=\"index, follow, max-snippet:-1, max-image-preview:large, max-video-preview:-1\" \/>\n<link rel=\"canonical\" href=\"https:\/\/www.lestruffieres.com\/nl\/contact-opnemen-met-camping-grignan-drome-provencale\/\" \/>\n<meta property=\"og:locale\" content=\"nl_NL\" \/>\n<meta property=\"og:type\" content=\"article\" \/>\n<meta property=\"og:title\" content=\"Contact opnemen met de camping Dr\u00f4me | Routebeschrijving camping les Truffi\u00e8res\" \/>\n<meta property=\"og:description\" content=\"Ontdek hoe u gemakkelijk contact kunt opnemen met camping Les Truffi\u00e8res\" \/>\n<meta property=\"og:url\" content=\"https:\/\/www.lestruffieres.com\/nl\/contact-opnemen-met-camping-grignan-drome-provencale\/\" \/>\n<meta property=\"og:site_name\" content=\"Camping Les Truffi\u00e8res\" \/>\n<meta property=\"article:modified_time\" content=\"2023-03-27T18:28:41+00:00\" \/>\n<meta property=\"og:image\" content=\"https:\/\/www.lestruffieres.com\/wp-content\/uploads\/2023\/02\/contacter-le-camping-truffieres-dans-la-drome.webp\" \/>\n\t<meta property=\"og:image:width\" content=\"1920\" \/>\n\t<meta property=\"og:image:height\" content=\"746\" \/>\n\t<meta property=\"og:image:type\" content=\"image\/webp\" \/>\n<meta name=\"twitter:card\" content=\"summary_large_image\" \/>\n<meta name=\"twitter:label1\" content=\"Geschatte leestijd\" \/>\n\t<meta name=\"twitter:data1\" content=\"2 minuten\" \/>\n<script type=\"application\/ld+json\" class=\"yoast-schema-graph\">{\"@context\":\"https:\/\/schema.org\",\"@graph\":[{\"@type\":\"WebPage\",\"@id\":\"https:\/\/www.lestruffieres.com\/nl\/contact-opnemen-met-camping-grignan-drome-provencale\/\",\"url\":\"https:\/\/www.lestruffieres.com\/nl\/contact-opnemen-met-camping-grignan-drome-provencale\/\",\"name\":\"Contact opnemen met de camping Dr\u00f4me | Routebeschrijving camping les Truffi\u00e8res\",\"isPartOf\":{\"@id\":\"https:\/\/www.lestruffieres.com\/#website\"},\"primaryImageOfPage\":{\"@id\":\"https:\/\/www.lestruffieres.com\/nl\/contact-opnemen-met-camping-grignan-drome-provencale\/#primaryimage\"},\"image\":{\"@id\":\"https:\/\/www.lestruffieres.com\/nl\/contact-opnemen-met-camping-grignan-drome-provencale\/#primaryimage\"},\"thumbnailUrl\":\"https:\/\/www.lestruffieres.com\/wp-content\/uploads\/2023\/02\/contacter-le-camping-truffieres-dans-la-drome.webp\",\"datePublished\":\"2023-02-06T08:14:35+00:00\",\"dateModified\":\"2023-03-27T18:28:41+00:00\",\"description\":\"Ontdek hoe u gemakkelijk contact kunt opnemen met camping Les Truffi\u00e8res\",\"breadcrumb\":{\"@id\":\"https:\/\/www.lestruffieres.com\/nl\/contact-opnemen-met-camping-grignan-drome-provencale\/#breadcrumb\"},\"inLanguage\":\"nl-NL\",\"potentialAction\":[{\"@type\":\"ReadAction\",\"target\":[\"https:\/\/www.lestruffieres.com\/nl\/contact-opnemen-met-camping-grignan-drome-provencale\/\"]}]},{\"@type\":\"ImageObject\",\"inLanguage\":\"nl-NL\",\"@id\":\"https:\/\/www.lestruffieres.com\/nl\/contact-opnemen-met-camping-grignan-drome-provencale\/#primaryimage\",\"url\":\"https:\/\/www.lestruffieres.com\/wp-content\/uploads\/2023\/02\/contacter-le-camping-truffieres-dans-la-drome.webp\",\"contentUrl\":\"https:\/\/www.lestruffieres.com\/wp-content\/uploads\/2023\/02\/contacter-le-camping-truffieres-dans-la-drome.webp\",\"width\":1920,\"height\":746,\"caption\":\"contacter le camping truffieres dans la drome\"},{\"@type\":\"BreadcrumbList\",\"@id\":\"https:\/\/www.lestruffieres.com\/nl\/contact-opnemen-met-camping-grignan-drome-provencale\/#breadcrumb\",\"itemListElement\":[{\"@type\":\"ListItem\",\"position\":1,\"name\":\"Camping Dr\u00f4me\",\"item\":\"https:\/\/www.lestruffieres.com\/nl\/\"},{\"@type\":\"ListItem\",\"position\":2,\"name\":\"Contact en toegang\"}]},{\"@type\":\"WebSite\",\"@id\":\"https:\/\/www.lestruffieres.com\/#website\",\"url\":\"https:\/\/www.lestruffieres.com\/\",\"name\":\"Camping Les Truffi\u00e8res\",\"description\":\"\",\"publisher\":{\"@id\":\"https:\/\/www.lestruffieres.com\/#organization\"},\"potentialAction\":[{\"@type\":\"SearchAction\",\"target\":{\"@type\":\"EntryPoint\",\"urlTemplate\":\"https:\/\/www.lestruffieres.com\/?s={search_term_string}\"},\"query-input\":{\"@type\":\"PropertyValueSpecification\",\"valueRequired\":true,\"valueName\":\"search_term_string\"}}],\"inLanguage\":\"nl-NL\"},{\"@type\":\"Organization\",\"@id\":\"https:\/\/www.lestruffieres.com\/#organization\",\"name\":\"Camping Les Truffi\u00e8res\",\"url\":\"https:\/\/www.lestruffieres.com\/\",\"logo\":{\"@type\":\"ImageObject\",\"inLanguage\":\"nl-NL\",\"@id\":\"https:\/\/www.lestruffieres.com\/#\/schema\/logo\/image\/\",\"url\":\"https:\/\/www.lestruffieres.com\/wp-content\/uploads\/2023\/02\/camping-les-truffieres-logo-entete.png\",\"contentUrl\":\"https:\/\/www.lestruffieres.com\/wp-content\/uploads\/2023\/02\/camping-les-truffieres-logo-entete.png\",\"width\":742,\"height\":1020,\"caption\":\"Camping Les Truffi\u00e8res\"},\"image\":{\"@id\":\"https:\/\/www.lestruffieres.com\/#\/schema\/logo\/image\/\"}}]}<\/script>\n<!-- \/ Yoast SEO plugin. -->","yoast_head_json":{"title":"Contact opnemen met de camping Dr\u00f4me | Routebeschrijving camping les Truffi\u00e8res","description":"Ontdek hoe u gemakkelijk contact kunt opnemen met camping Les Truffi\u00e8res","robots":{"index":"index","follow":"follow","max-snippet":"max-snippet:-1","max-image-preview":"max-image-preview:large","max-video-preview":"max-video-preview:-1"},"canonical":"https:\/\/www.lestruffieres.com\/nl\/contact-opnemen-met-camping-grignan-drome-provencale\/","og_locale":"nl_NL","og_type":"article","og_title":"Contact opnemen met de camping Dr\u00f4me | Routebeschrijving camping les Truffi\u00e8res","og_description":"Ontdek hoe u gemakkelijk contact kunt opnemen met camping Les Truffi\u00e8res","og_url":"https:\/\/www.lestruffieres.com\/nl\/contact-opnemen-met-camping-grignan-drome-provencale\/","og_site_name":"Camping Les Truffi\u00e8res","article_modified_time":"2023-03-27T18:28:41+00:00","og_image":[{"width":1920,"height":746,"url":"https:\/\/www.lestruffieres.com\/wp-content\/uploads\/2023\/02\/contacter-le-camping-truffieres-dans-la-drome.webp","type":"image\/webp"}],"twitter_card":"summary_large_image","twitter_misc":{"Geschatte leestijd":"2 minuten"},"schema":{"@context":"https:\/\/schema.org","@graph":[{"@type":"WebPage","@id":"https:\/\/www.lestruffieres.com\/nl\/contact-opnemen-met-camping-grignan-drome-provencale\/","url":"https:\/\/www.lestruffieres.com\/nl\/contact-opnemen-met-camping-grignan-drome-provencale\/","name":"Contact opnemen met de camping Dr\u00f4me | Routebeschrijving camping les Truffi\u00e8res","isPartOf":{"@id":"https:\/\/www.lestruffieres.com\/#website"},"primaryImageOfPage":{"@id":"https:\/\/www.lestruffieres.com\/nl\/contact-opnemen-met-camping-grignan-drome-provencale\/#primaryimage"},"image":{"@id":"https:\/\/www.lestruffieres.com\/nl\/contact-opnemen-met-camping-grignan-drome-provencale\/#primaryimage"},"thumbnailUrl":"https:\/\/www.lestruffieres.com\/wp-content\/uploads\/2023\/02\/contacter-le-camping-truffieres-dans-la-drome.webp","datePublished":"2023-02-06T08:14:35+00:00","dateModified":"2023-03-27T18:28:41+00:00","description":"Ontdek hoe u gemakkelijk contact kunt opnemen met camping Les Truffi\u00e8res","breadcrumb":{"@id":"https:\/\/www.lestruffieres.com\/nl\/contact-opnemen-met-camping-grignan-drome-provencale\/#breadcrumb"},"inLanguage":"nl-NL","potentialAction":[{"@type":"ReadAction","target":["https:\/\/www.lestruffieres.com\/nl\/contact-opnemen-met-camping-grignan-drome-provencale\/"]}]},{"@type":"ImageObject","inLanguage":"nl-NL","@id":"https:\/\/www.lestruffieres.com\/nl\/contact-opnemen-met-camping-grignan-drome-provencale\/#primaryimage","url":"https:\/\/www.lestruffieres.com\/wp-content\/uploads\/2023\/02\/contacter-le-camping-truffieres-dans-la-drome.webp","contentUrl":"https:\/\/www.lestruffieres.com\/wp-content\/uploads\/2023\/02\/contacter-le-camping-truffieres-dans-la-drome.webp","width":1920,"height":746,"caption":"contacter le camping truffieres dans la drome"},{"@type":"BreadcrumbList","@id":"https:\/\/www.lestruffieres.com\/nl\/contact-opnemen-met-camping-grignan-drome-provencale\/#breadcrumb","itemListElement":[{"@type":"ListItem","position":1,"name":"Camping Dr\u00f4me","item":"https:\/\/www.lestruffieres.com\/nl\/"},{"@type":"ListItem","position":2,"name":"Contact en toegang"}]},{"@type":"WebSite","@id":"https:\/\/www.lestruffieres.com\/#website","url":"https:\/\/www.lestruffieres.com\/","name":"Camping Les Truffi\u00e8res","description":"","publisher":{"@id":"https:\/\/www.lestruffieres.com\/#organization"},"potentialAction":[{"@type":"SearchAction","target":{"@type":"EntryPoint","urlTemplate":"https:\/\/www.lestruffieres.com\/?s={search_term_string}"},"query-input":{"@type":"PropertyValueSpecification","valueRequired":true,"valueName":"search_term_string"}}],"inLanguage":"nl-NL"},{"@type":"Organization","@id":"https:\/\/www.lestruffieres.com\/#organization","name":"Camping Les Truffi\u00e8res","url":"https:\/\/www.lestruffieres.com\/","logo":{"@type":"ImageObject","inLanguage":"nl-NL","@id":"https:\/\/www.lestruffieres.com\/#\/schema\/logo\/image\/","url":"https:\/\/www.lestruffieres.com\/wp-content\/uploads\/2023\/02\/camping-les-truffieres-logo-entete.png","contentUrl":"https:\/\/www.lestruffieres.com\/wp-content\/uploads\/2023\/02\/camping-les-truffieres-logo-entete.png","width":742,"height":1020,"caption":"Camping Les Truffi\u00e8res"},"image":{"@id":"https:\/\/www.lestruffieres.com\/#\/schema\/logo\/image\/"}}]}},"_links":{"self":[{"href":"https:\/\/www.lestruffieres.com\/nl\/wp-json\/wp\/v2\/pages\/2883","targetHints":{"allow":["GET"]}}],"collection":[{"href":"https:\/\/www.lestruffieres.com\/nl\/wp-json\/wp\/v2\/pages"}],"about":[{"href":"https:\/\/www.lestruffieres.com\/nl\/wp-json\/wp\/v2\/types\/page"}],"author":[{"embeddable":true,"href":"https:\/\/www.lestruffieres.com\/nl\/wp-json\/wp\/v2\/users\/1"}],"replies":[{"embeddable":true,"href":"https:\/\/www.lestruffieres.com\/nl\/wp-json\/wp\/v2\/comments?post=2883"}],"version-history":[{"count":4,"href":"https:\/\/www.lestruffieres.com\/nl\/wp-json\/wp\/v2\/pages\/2883\/revisions"}],"predecessor-version":[{"id":3342,"href":"https:\/\/www.lestruffieres.com\/nl\/wp-json\/wp\/v2\/pages\/2883\/revisions\/3342"}],"wp:featuredmedia":[{"embeddable":true,"href":"https:\/\/www.lestruffieres.com\/nl\/wp-json\/wp\/v2\/media\/2534"}],"wp:attachment":[{"href":"https:\/\/www.lestruffieres.com\/nl\/wp-json\/wp\/v2\/media?parent=2883"}],"wp:term":[{"taxonomy":"sujet","embeddable":true,"href":"https:\/\/www.lestruffieres.com\/nl\/wp-json\/wp\/v2\/sujet?post=2883"}],"curies":[{"name":"wp","href":"https:\/\/api.w.org\/{rel}","templated":true}]}}