{"id":2871,"date":"2023-02-06T09:14:24","date_gmt":"2023-02-06T08:14:24","guid":{"rendered":"https:\/\/www.lestruffieres.com\/provencaals-koepelbaden\/"},"modified":"2023-03-27T21:10:26","modified_gmt":"2023-03-27T19:10:26","slug":"provencaals-koepelbaden","status":"publish","type":"page","link":"https:\/\/www.lestruffieres.com\/nl\/provencaals-koepelbaden\/","title":{"rendered":"Zwemhoeken"},"content":{"rendered":"<section id=\"ls-section-block_cf05f5fadb0f82fca6734584669cb709\" class=\"ls-section  page-chapeau\" >\r\n        <div class=\"container container--wide\">\r\n        \n\n<h1 class=\"ls__heading has-text-align-center wp-block-heading\">Zwemmen in meren en rivieren <br>in de Dr\u00f4me<\/h1>\n\n\r\n    <\/div>\r\n<\/section>\n\n<section id=\"ls-section-block_1d94a8562a9e0c0097b2540d13cdbff8\" class=\"ls-section  page-one deco-fleurs has-p-t p-t-0\" >\r\n        <div class=\"container container--wide\">\r\n        \n\n<div class=\"wp-block-columns is-layout-flex wp-container-core-columns-is-layout-9d6595d7 wp-block-columns-is-layout-flex\">\n<div class=\"wp-block-column left is-layout-flow wp-block-column-is-layout-flow\" style=\"flex-basis:66.66%\">\n<figure class=\"wp-block-image size-full animated fadeIn slow\"><img decoding=\"async\" width=\"864\" height=\"576\" src=\"https:\/\/www.lestruffieres.com\/wp-content\/uploads\/2023\/03\/activite-peche-en-lac.jpg\" alt=\"vissen op het meer\" class=\"wp-image-1952\" srcset=\"https:\/\/www.lestruffieres.com\/wp-content\/uploads\/2023\/03\/activite-peche-en-lac.jpg 864w, https:\/\/www.lestruffieres.com\/wp-content\/uploads\/2023\/03\/activite-peche-en-lac-300x200.jpg 300w, https:\/\/www.lestruffieres.com\/wp-content\/uploads\/2023\/03\/activite-peche-en-lac-768x512.jpg 768w\" sizes=\"(max-width: 864px) 100vw, 864px\" \/><\/figure>\n\n\n\n<div id=\"ls-heading ls-titre-div-block_0448cdf966ac4540be0002c226734161\" class=\"ls-titre-div quotes h2-like\" >\n    <strong>Op Camping Les Truffi\u00e8res<\/strong> in het hart van de Dr\u00f4me Proven\u00e7ale zullen C\u00e9lina en Brendon er alles aan doen om uw verblijf tot een succes te maken! <\/div>\n<\/div>\n\n\n\n<div class=\"wp-block-column right is-layout-flow wp-block-column-is-layout-flow\" style=\"flex-basis:33.33%\">\n<h2 class=\"ls__heading deco wp-block-heading\">Zwemmeren in de buurt van de camping<\/h2>\n\n\n\n<p class=\"ls-paragraph\">Op <a href=\"https:\/\/www.lestruffieres.com\/nl\/\">Camping Les Truffi\u00e8res<\/a>, staat een zwembad tot uw beschikking, maar we weten dat veel mensen midden in de natuur willen zwemmen. Onze ligging aan de rand van de Ard\u00e8che biedt u <strong>prachtige natuurlijke bronnen waar je je kunt vermaken<\/strong>. Wij wijzen erop dat wij afhankelijk zijn van de weersomstandigheden en dat sommige bronnen droog kunnen staan.<\/p>\n\n\n\n<h3 class=\"ls-heading wp-block-heading\">Meer van Pignedor\u00e9<\/h3>\n\n\n\n<p class=\"ls-paragraph\">Op slechts 22 km van de camping kunt u in Pierrelatte een meer ontdekken waar u kunt zwemmen en plezier maken. Verschillende <strong>activiteiten zoals windsurfen of roeien<\/strong> worden aangeboden en het meer is ook uitgerust voor rolstoelgebruikers. <\/p>\n\n\n\n<h3 class=\"ls-heading wp-block-heading\">Het meer van Paty<\/h3>\n\n\n\n<p class=\"ls-paragraph\">Gelegen in Caromb (50km), kunt u zwemmen en wat drinken in de <strong>vissen<\/strong> (behalve in juli). U vindt er ook voldoende ruimte voor een picknick.<\/p>\n<\/div>\n<\/div>\n\n\r\n    <\/div>\r\n<\/section>\n\n<section id=\"ls-section-block_5b2ed79c137d64c92f77d037aed8baa3\" class=\"ls-section  page-two has-background has-color-3-background-color has-p-t p-t-14 has-p-b p-b-14\" >\r\n        <div class=\"container container--wide\">\r\n        \n\n<div class=\"wp-block-columns is-layout-flex wp-container-core-columns-is-layout-9d6595d7 wp-block-columns-is-layout-flex\">\n<div class=\"wp-block-column is-layout-flow wp-block-column-is-layout-flow\" style=\"flex-basis:33.33%\">\n<h3 class=\"ls-heading wp-block-heading\">Cornillon-Sur-l\u2019Oule<\/h3>\n\n\n\n<p class=\"ls-paragraph\">Ontdek op 62 km van de camping de Pas des Ondes. Een ruimte om te zwemmen en te vissen en nog veel meer! Er zijn professionals aanwezig om toezicht te houden op het zwemmen en u vindt er ook <strong>iets te eten<\/strong> en houden je bezig. <strong>Waterfietsen, kajaks<\/strong>, In dit recreatiecentrum kunt u zich bij warm weer goed vermaken.<\/p>\n\n\n\n<h3 class=\"ls-heading wp-block-heading\">Meer van Monteux<\/h3>\n\n\n\n<p class=\"ls-paragraph\">Ontdek aan de poorten van Avignon een activiteitengebied rond water voor het hele gezin. Op slechts 50 km van de camping vindt u een <strong>idyllische locatie met uitzicht op de Ventoux<\/strong>. Er worden verschillende activiteiten aangeboden en u vindt er volop eten en drinken. <\/p>\n\n\n\n<p class=\"ls-paragraph\">U kunt ook een <strong>Waterpark &#8220;Wave Island&#8221; in Monteux<\/strong>. <\/p>\n<\/div>\n\n\n\n<div class=\"wp-block-column is-layout-flow wp-block-column-is-layout-flow\" style=\"flex-basis:66.66%\">\n<figure class=\"wp-block-gallery has-nested-images columns-1 is-cropped galerie-slider wp-block-gallery-1 is-layout-flex wp-block-gallery-is-layout-flex\">\n<figure class=\"wp-block-image size-full\"><img decoding=\"async\" width=\"864\" height=\"576\" data-id=\"1956\" src=\"https:\/\/www.lestruffieres.com\/wp-content\/uploads\/2023\/03\/activite-kayak-en-lac.jpg\" alt=\"kajakken in het meer\" class=\"wp-image-1956\" srcset=\"https:\/\/www.lestruffieres.com\/wp-content\/uploads\/2023\/03\/activite-kayak-en-lac.jpg 864w, https:\/\/www.lestruffieres.com\/wp-content\/uploads\/2023\/03\/activite-kayak-en-lac-300x200.jpg 300w, https:\/\/www.lestruffieres.com\/wp-content\/uploads\/2023\/03\/activite-kayak-en-lac-768x512.jpg 768w\" sizes=\"(max-width: 864px) 100vw, 864px\" \/><\/figure>\n\n\n\n<figure class=\"wp-block-image size-full\"><img decoding=\"async\" width=\"864\" height=\"576\" data-id=\"1958\" src=\"https:\/\/www.lestruffieres.com\/wp-content\/uploads\/2023\/03\/wave-park-au-mont-ventoux.jpg\" alt=\"wave park bij mont ventoux\" class=\"wp-image-1958\" srcset=\"https:\/\/www.lestruffieres.com\/wp-content\/uploads\/2023\/03\/wave-park-au-mont-ventoux.jpg 864w, https:\/\/www.lestruffieres.com\/wp-content\/uploads\/2023\/03\/wave-park-au-mont-ventoux-300x200.jpg 300w, https:\/\/www.lestruffieres.com\/wp-content\/uploads\/2023\/03\/wave-park-au-mont-ventoux-768x512.jpg 768w\" sizes=\"(max-width: 864px) 100vw, 864px\" \/><\/figure>\n<\/figure>\n<\/div>\n<\/div>\n\n\r\n    <\/div>\r\n<\/section>\n\n<section id=\"ls-section-block_3442b532c35c144fba7586777195b3db\" class=\"ls-section  page-three has-background green has-p-t p-t-14 has-p-b p-b-14\" >\r\n        <div class=\"container container--wide\">\r\n        \n\n<div class=\"wp-block-columns is-layout-flex wp-container-core-columns-is-layout-9d6595d7 wp-block-columns-is-layout-flex\">\n<div class=\"wp-block-column is-vertically-aligned-center is-layout-flow wp-block-column-is-layout-flow\" style=\"flex-basis:66.66%\">\n<figure class=\"wp-block-image size-full animated bounceInLeft slow delay-100ms\"><img decoding=\"async\" width=\"864\" height=\"576\" src=\"https:\/\/www.lestruffieres.com\/wp-content\/uploads\/2023\/03\/baignade-en-riviere-dans-la-drome.jpg\" alt=\"rivierzwemmen in de drome\" class=\"wp-image-1947\" srcset=\"https:\/\/www.lestruffieres.com\/wp-content\/uploads\/2023\/03\/baignade-en-riviere-dans-la-drome.jpg 864w, https:\/\/www.lestruffieres.com\/wp-content\/uploads\/2023\/03\/baignade-en-riviere-dans-la-drome-300x200.jpg 300w, https:\/\/www.lestruffieres.com\/wp-content\/uploads\/2023\/03\/baignade-en-riviere-dans-la-drome-768x512.jpg 768w\" sizes=\"(max-width: 864px) 100vw, 864px\" \/><\/figure>\n<\/div>\n\n\n\n<div class=\"wp-block-column is-vertically-aligned-center is-layout-flow wp-block-column-is-layout-flow\" style=\"flex-basis:33.33%\">\n<h2 class=\"ls__heading deco wp-block-heading\">Zwemmen en rivierwandelingen<\/h2>\n\n\n\n<p class=\"ls-paragraph\">Op enkele honderden meters van de camping stroomt de Lez, een rivier van de Rh\u00f4ne, voorbij. Als het soms waterarm of droog is, kun je er soms in zwemmen. Als u rondloopt, vindt u <strong>mooie, verjongende plaatsen waar de rust van de natuur heerst<\/strong>.<\/p>\n\n\n\n<p class=\"ls-paragraph\">Een paar dingen die u moet weten voordat u eropuit trekt: u kunt het beste sportschoenen en een paar schoenen meenemen <strong>wees voorbereid om slangen tegen te komen<\/strong>. Wandelen, zwemmen en ricochet-wedstrijden staan op het programma!<\/p>\n\n\n\n<p class=\"ls-paragraph\">Iets verderop ligt de rivier de Eygues met prachtige stranden rond Nyons. Niet ver van Mollans-Sur-Ouv\u00e8ze kunt u zich laten verleiden door de Gorges du Toulourenc. <\/p>\n\n\n\n<p class=\"ls-paragraph addReadMore showlesscontent\">U zult een <strong>een adembenemende plek beschut tegen de hitte en midden in de natuur<\/strong>.<br><br>Tot slot, op minder dan 40 km van de camping, genieten van een picknick en een frisse duik bij Le Pas du Gour in Brette. Gemakkelijk toegankelijk, u vindt een kleine <strong>charmante bronwaterval<\/strong>. <\/p>\n<\/div>\n<\/div>\n\n\r\n    <\/div>\r\n<\/section>\n\n<section id=\"ls-section-block_48b12edc9f327b9366a3b525c0ed115e\" class=\"ls-section  page-maillage has-p-t p-t-14 has-p-b p-b-14\" >\r\n        <div class=\"container container--wide\">\r\n        \n\n<div id=\"ls-heading ls-titre-div-block_2c3d06d60de8cf29bbfcb625ea1f28a8\" class=\"ls-titre-div deco aligncenter h2-like\" >\n    Ontdek onze omgeving!<\/div>\n\n\n<div id=\"ls-maillage-block_4e43ecba8951fb3bfe6c9e8ccfda35b9\" class=\"ls-maillage cta-style-normal\" data-rows=\"3\">\r\n    <div class=\"wp-block-columns\"><div class=\"wp-block-column\">\n\n<a href=\"https:\/\/www.lestruffieres.com\/nl\/kasteel-van-grignan\/\" target=\"\" rel=\"noopener\" class=\"ls-cta__link\">\n\n\t<div class=\"ls-cta__image\"><img decoding=\"async\" src=\"https:\/\/www.lestruffieres.com\/wp-content\/uploads\/2023\/03\/chateau-de-grignan-drome-provencale.jpg\" alt=\"chateau de grignan drome provencale\"><\/div>\n\t<div class=\"ls-cta__title\">\n\t\tKasteel van Grignan\t<\/div>\n\t\n\t\t\n<\/a><\/div><div class=\"wp-block-column\">\n\n<a href=\"https:\/\/www.lestruffieres.com\/nl\/de-markten-provencal\/\" target=\"\" rel=\"noopener\" class=\"ls-cta__link\">\n\n\t<div class=\"ls-cta__image\"><img decoding=\"async\" src=\"https:\/\/www.lestruffieres.com\/wp-content\/uploads\/2023\/03\/marches.jpg\" alt=\"marches provence\"><\/div>\n\t<div class=\"ls-cta__title\">\n\t\tDe Proven\u00e7aalse markten\t<\/div>\n\t\n\t\t\n<\/a><\/div><div class=\"wp-block-column\">\n\n<a href=\"https:\/\/www.lestruffieres.com\/nl\/vakantieverblijven-camping-la-garde-adhemar\/\" target=\"\" rel=\"noopener\" class=\"ls-cta__link\">\n\n\t<div class=\"ls-cta__image\"><img decoding=\"async\" src=\"https:\/\/www.lestruffieres.com\/wp-content\/uploads\/2023\/03\/village-de-la-garde-adhemar-dans-la-drome.jpg\" alt=\"village de la garde adhemar dans la drome\"><\/div>\n\t<div class=\"ls-cta__title\">\n\t\tDorp van La Garde Adh\u00e9mar\t<\/div>\n\t\n\t\t\n<\/a><\/div><\/div><\/div>\n\r\n    <\/div>\r\n<\/section>","protected":false},"excerpt":{"rendered":"","protected":false},"author":1,"featured_media":2712,"parent":0,"menu_order":0,"comment_status":"closed","ping_status":"closed","template":"","meta":{"_acf_changed":false,"footnotes":""},"sujet":[],"class_list":["post-2871","page","type-page","status-publish","has-post-thumbnail","hentry"],"acf":[],"yoast_head":"<!-- This site is optimized with the Yoast SEO plugin v23.4 - https:\/\/yoast.com\/wordpress\/plugins\/seo\/ -->\n<title>Zwemmeren en rivieren in de Dr\u00f4me<\/title>\n<meta name=\"description\" content=\"Ontdek de meren en rivieren waar u gemakkelijk kunt zwemmen in de Dr\u00f4me\" \/>\n<meta name=\"robots\" content=\"index, follow, max-snippet:-1, max-image-preview:large, max-video-preview:-1\" \/>\n<link rel=\"canonical\" href=\"https:\/\/www.lestruffieres.com\/nl\/provencaals-koepelbaden\/\" \/>\n<meta property=\"og:locale\" content=\"nl_NL\" \/>\n<meta property=\"og:type\" content=\"article\" \/>\n<meta property=\"og:title\" content=\"Zwemmeren en rivieren in de Dr\u00f4me\" \/>\n<meta property=\"og:description\" content=\"Ontdek de meren en rivieren waar u gemakkelijk kunt zwemmen in de Dr\u00f4me\" \/>\n<meta property=\"og:url\" content=\"https:\/\/www.lestruffieres.com\/nl\/provencaals-koepelbaden\/\" \/>\n<meta property=\"og:site_name\" content=\"Camping Les Truffi\u00e8res\" \/>\n<meta property=\"article:modified_time\" content=\"2023-03-27T19:10:26+00:00\" \/>\n<meta property=\"og:image\" content=\"https:\/\/www.lestruffieres.com\/wp-content\/uploads\/2023\/03\/les-lacs-de-la-drome-provencale.webp\" \/>\n\t<meta property=\"og:image:width\" content=\"1920\" \/>\n\t<meta property=\"og:image:height\" content=\"746\" \/>\n\t<meta property=\"og:image:type\" content=\"image\/webp\" \/>\n<meta name=\"twitter:card\" content=\"summary_large_image\" \/>\n<meta name=\"twitter:label1\" content=\"Geschatte leestijd\" \/>\n\t<meta name=\"twitter:data1\" content=\"3 minuten\" \/>\n<script type=\"application\/ld+json\" class=\"yoast-schema-graph\">{\"@context\":\"https:\/\/schema.org\",\"@graph\":[{\"@type\":\"WebPage\",\"@id\":\"https:\/\/www.lestruffieres.com\/nl\/provencaals-koepelbaden\/\",\"url\":\"https:\/\/www.lestruffieres.com\/nl\/provencaals-koepelbaden\/\",\"name\":\"Zwemmeren en rivieren in de Dr\u00f4me\",\"isPartOf\":{\"@id\":\"https:\/\/www.lestruffieres.com\/#website\"},\"primaryImageOfPage\":{\"@id\":\"https:\/\/www.lestruffieres.com\/nl\/provencaals-koepelbaden\/#primaryimage\"},\"image\":{\"@id\":\"https:\/\/www.lestruffieres.com\/nl\/provencaals-koepelbaden\/#primaryimage\"},\"thumbnailUrl\":\"https:\/\/www.lestruffieres.com\/wp-content\/uploads\/2023\/03\/les-lacs-de-la-drome-provencale.webp\",\"datePublished\":\"2023-02-06T08:14:24+00:00\",\"dateModified\":\"2023-03-27T19:10:26+00:00\",\"description\":\"Ontdek de meren en rivieren waar u gemakkelijk kunt zwemmen in de Dr\u00f4me\",\"breadcrumb\":{\"@id\":\"https:\/\/www.lestruffieres.com\/nl\/provencaals-koepelbaden\/#breadcrumb\"},\"inLanguage\":\"nl-NL\",\"potentialAction\":[{\"@type\":\"ReadAction\",\"target\":[\"https:\/\/www.lestruffieres.com\/nl\/provencaals-koepelbaden\/\"]}]},{\"@type\":\"ImageObject\",\"inLanguage\":\"nl-NL\",\"@id\":\"https:\/\/www.lestruffieres.com\/nl\/provencaals-koepelbaden\/#primaryimage\",\"url\":\"https:\/\/www.lestruffieres.com\/wp-content\/uploads\/2023\/03\/les-lacs-de-la-drome-provencale.webp\",\"contentUrl\":\"https:\/\/www.lestruffieres.com\/wp-content\/uploads\/2023\/03\/les-lacs-de-la-drome-provencale.webp\",\"width\":1920,\"height\":746,\"caption\":\"lac drome provencale\"},{\"@type\":\"BreadcrumbList\",\"@id\":\"https:\/\/www.lestruffieres.com\/nl\/provencaals-koepelbaden\/#breadcrumb\",\"itemListElement\":[{\"@type\":\"ListItem\",\"position\":1,\"name\":\"Camping Dr\u00f4me\",\"item\":\"https:\/\/www.lestruffieres.com\/nl\/\"},{\"@type\":\"ListItem\",\"position\":2,\"name\":\"Meren, rivieren Dr\u00f4me proven\u00e7ale\"}]},{\"@type\":\"WebSite\",\"@id\":\"https:\/\/www.lestruffieres.com\/#website\",\"url\":\"https:\/\/www.lestruffieres.com\/\",\"name\":\"Camping Les Truffi\u00e8res\",\"description\":\"\",\"publisher\":{\"@id\":\"https:\/\/www.lestruffieres.com\/#organization\"},\"potentialAction\":[{\"@type\":\"SearchAction\",\"target\":{\"@type\":\"EntryPoint\",\"urlTemplate\":\"https:\/\/www.lestruffieres.com\/?s={search_term_string}\"},\"query-input\":{\"@type\":\"PropertyValueSpecification\",\"valueRequired\":true,\"valueName\":\"search_term_string\"}}],\"inLanguage\":\"nl-NL\"},{\"@type\":\"Organization\",\"@id\":\"https:\/\/www.lestruffieres.com\/#organization\",\"name\":\"Camping Les Truffi\u00e8res\",\"url\":\"https:\/\/www.lestruffieres.com\/\",\"logo\":{\"@type\":\"ImageObject\",\"inLanguage\":\"nl-NL\",\"@id\":\"https:\/\/www.lestruffieres.com\/#\/schema\/logo\/image\/\",\"url\":\"https:\/\/www.lestruffieres.com\/wp-content\/uploads\/2023\/02\/camping-les-truffieres-logo-entete.png\",\"contentUrl\":\"https:\/\/www.lestruffieres.com\/wp-content\/uploads\/2023\/02\/camping-les-truffieres-logo-entete.png\",\"width\":742,\"height\":1020,\"caption\":\"Camping Les Truffi\u00e8res\"},\"image\":{\"@id\":\"https:\/\/www.lestruffieres.com\/#\/schema\/logo\/image\/\"}}]}<\/script>\n<!-- \/ Yoast SEO plugin. -->","yoast_head_json":{"title":"Zwemmeren en rivieren in de Dr\u00f4me","description":"Ontdek de meren en rivieren waar u gemakkelijk kunt zwemmen in de Dr\u00f4me","robots":{"index":"index","follow":"follow","max-snippet":"max-snippet:-1","max-image-preview":"max-image-preview:large","max-video-preview":"max-video-preview:-1"},"canonical":"https:\/\/www.lestruffieres.com\/nl\/provencaals-koepelbaden\/","og_locale":"nl_NL","og_type":"article","og_title":"Zwemmeren en rivieren in de Dr\u00f4me","og_description":"Ontdek de meren en rivieren waar u gemakkelijk kunt zwemmen in de Dr\u00f4me","og_url":"https:\/\/www.lestruffieres.com\/nl\/provencaals-koepelbaden\/","og_site_name":"Camping Les Truffi\u00e8res","article_modified_time":"2023-03-27T19:10:26+00:00","og_image":[{"width":1920,"height":746,"url":"https:\/\/www.lestruffieres.com\/wp-content\/uploads\/2023\/03\/les-lacs-de-la-drome-provencale.webp","type":"image\/webp"}],"twitter_card":"summary_large_image","twitter_misc":{"Geschatte leestijd":"3 minuten"},"schema":{"@context":"https:\/\/schema.org","@graph":[{"@type":"WebPage","@id":"https:\/\/www.lestruffieres.com\/nl\/provencaals-koepelbaden\/","url":"https:\/\/www.lestruffieres.com\/nl\/provencaals-koepelbaden\/","name":"Zwemmeren en rivieren in de Dr\u00f4me","isPartOf":{"@id":"https:\/\/www.lestruffieres.com\/#website"},"primaryImageOfPage":{"@id":"https:\/\/www.lestruffieres.com\/nl\/provencaals-koepelbaden\/#primaryimage"},"image":{"@id":"https:\/\/www.lestruffieres.com\/nl\/provencaals-koepelbaden\/#primaryimage"},"thumbnailUrl":"https:\/\/www.lestruffieres.com\/wp-content\/uploads\/2023\/03\/les-lacs-de-la-drome-provencale.webp","datePublished":"2023-02-06T08:14:24+00:00","dateModified":"2023-03-27T19:10:26+00:00","description":"Ontdek de meren en rivieren waar u gemakkelijk kunt zwemmen in de Dr\u00f4me","breadcrumb":{"@id":"https:\/\/www.lestruffieres.com\/nl\/provencaals-koepelbaden\/#breadcrumb"},"inLanguage":"nl-NL","potentialAction":[{"@type":"ReadAction","target":["https:\/\/www.lestruffieres.com\/nl\/provencaals-koepelbaden\/"]}]},{"@type":"ImageObject","inLanguage":"nl-NL","@id":"https:\/\/www.lestruffieres.com\/nl\/provencaals-koepelbaden\/#primaryimage","url":"https:\/\/www.lestruffieres.com\/wp-content\/uploads\/2023\/03\/les-lacs-de-la-drome-provencale.webp","contentUrl":"https:\/\/www.lestruffieres.com\/wp-content\/uploads\/2023\/03\/les-lacs-de-la-drome-provencale.webp","width":1920,"height":746,"caption":"lac drome provencale"},{"@type":"BreadcrumbList","@id":"https:\/\/www.lestruffieres.com\/nl\/provencaals-koepelbaden\/#breadcrumb","itemListElement":[{"@type":"ListItem","position":1,"name":"Camping Dr\u00f4me","item":"https:\/\/www.lestruffieres.com\/nl\/"},{"@type":"ListItem","position":2,"name":"Meren, rivieren Dr\u00f4me proven\u00e7ale"}]},{"@type":"WebSite","@id":"https:\/\/www.lestruffieres.com\/#website","url":"https:\/\/www.lestruffieres.com\/","name":"Camping Les Truffi\u00e8res","description":"","publisher":{"@id":"https:\/\/www.lestruffieres.com\/#organization"},"potentialAction":[{"@type":"SearchAction","target":{"@type":"EntryPoint","urlTemplate":"https:\/\/www.lestruffieres.com\/?s={search_term_string}"},"query-input":{"@type":"PropertyValueSpecification","valueRequired":true,"valueName":"search_term_string"}}],"inLanguage":"nl-NL"},{"@type":"Organization","@id":"https:\/\/www.lestruffieres.com\/#organization","name":"Camping Les Truffi\u00e8res","url":"https:\/\/www.lestruffieres.com\/","logo":{"@type":"ImageObject","inLanguage":"nl-NL","@id":"https:\/\/www.lestruffieres.com\/#\/schema\/logo\/image\/","url":"https:\/\/www.lestruffieres.com\/wp-content\/uploads\/2023\/02\/camping-les-truffieres-logo-entete.png","contentUrl":"https:\/\/www.lestruffieres.com\/wp-content\/uploads\/2023\/02\/camping-les-truffieres-logo-entete.png","width":742,"height":1020,"caption":"Camping Les Truffi\u00e8res"},"image":{"@id":"https:\/\/www.lestruffieres.com\/#\/schema\/logo\/image\/"}}]}},"_links":{"self":[{"href":"https:\/\/www.lestruffieres.com\/nl\/wp-json\/wp\/v2\/pages\/2871","targetHints":{"allow":["GET"]}}],"collection":[{"href":"https:\/\/www.lestruffieres.com\/nl\/wp-json\/wp\/v2\/pages"}],"about":[{"href":"https:\/\/www.lestruffieres.com\/nl\/wp-json\/wp\/v2\/types\/page"}],"author":[{"embeddable":true,"href":"https:\/\/www.lestruffieres.com\/nl\/wp-json\/wp\/v2\/users\/1"}],"replies":[{"embeddable":true,"href":"https:\/\/www.lestruffieres.com\/nl\/wp-json\/wp\/v2\/comments?post=2871"}],"version-history":[{"count":3,"href":"https:\/\/www.lestruffieres.com\/nl\/wp-json\/wp\/v2\/pages\/2871\/revisions"}],"predecessor-version":[{"id":6448,"href":"https:\/\/www.lestruffieres.com\/nl\/wp-json\/wp\/v2\/pages\/2871\/revisions\/6448"}],"wp:featuredmedia":[{"embeddable":true,"href":"https:\/\/www.lestruffieres.com\/nl\/wp-json\/wp\/v2\/media\/2712"}],"wp:attachment":[{"href":"https:\/\/www.lestruffieres.com\/nl\/wp-json\/wp\/v2\/media?parent=2871"}],"wp:term":[{"taxonomy":"sujet","embeddable":true,"href":"https:\/\/www.lestruffieres.com\/nl\/wp-json\/wp\/v2\/sujet?post=2871"}],"curies":[{"name":"wp","href":"https:\/\/api.w.org\/{rel}","templated":true}]}}