{"id":2865,"date":"2023-02-06T09:13:01","date_gmt":"2023-02-06T08:13:01","guid":{"rendered":"https:\/\/www.lestruffieres.com\/kasteel-van-grignan\/"},"modified":"2023-03-28T09:25:40","modified_gmt":"2023-03-28T07:25:40","slug":"kasteel-van-grignan","status":"publish","type":"page","link":"https:\/\/www.lestruffieres.com\/nl\/kasteel-van-grignan\/","title":{"rendered":"Kasteel van Grignan"},"content":{"rendered":"<section id=\"ls-section-block_e1c9484f1ed40c379467c6d42c526ca6\" class=\"ls-section  page-chapeau\" >\r\n        <div class=\"container container--wide\">\r\n        \n\n<h1 class=\"ls__heading has-text-align-center wp-block-heading\">Kasteel van Grignan<\/h1>\n\n\r\n    <\/div>\r\n<\/section><section id=\"ls-section-block_b6d987535aaa6898bea9f8675b30ab83\" class=\"ls-section  page-one deco-fleurs has-p-t p-t-0\" >\r\n        <div class=\"container container--wide\">\r\n        \n\n<div class=\"wp-block-columns is-layout-flex wp-container-core-columns-is-layout-9d6595d7 wp-block-columns-is-layout-flex\">\n<div class=\"wp-block-column left is-layout-flow wp-block-column-is-layout-flow\" style=\"flex-basis:66.66%\">\n<figure class=\"wp-block-image size-full animated fadeIn slow\"><img decoding=\"async\" width=\"864\" height=\"576\" src=\"https:\/\/www.lestruffieres.com\/wp-content\/uploads\/2023\/03\/visiter-le-chateau-de-grignan.jpg\" alt=\"bezoek aan het kasteel van grignan\" class=\"wp-image-1801\" srcset=\"https:\/\/www.lestruffieres.com\/wp-content\/uploads\/2023\/03\/visiter-le-chateau-de-grignan.jpg 864w, https:\/\/www.lestruffieres.com\/wp-content\/uploads\/2023\/03\/visiter-le-chateau-de-grignan-300x200.jpg 300w, https:\/\/www.lestruffieres.com\/wp-content\/uploads\/2023\/03\/visiter-le-chateau-de-grignan-768x512.jpg 768w\" sizes=\"(max-width: 864px) 100vw, 864px\" \/><\/figure>\n\n\n\n<div id=\"ls-heading ls-titre-div-block_4b4d4645c73216a06622b12c184fdbb8\" class=\"ls-titre-div quotes h2-like\" >\n    <strong>Op Camping Les Truffi\u00e8res<\/strong> in het hart van de Dr\u00f4me Proven\u00e7ale zullen C\u00e9lina en Brendon er alles aan doen om uw verblijf tot een succes te maken! <\/div>\n<\/div>\n\n\n\n<div class=\"wp-block-column right is-layout-flow wp-block-column-is-layout-flow\" style=\"flex-basis:33.33%\">\n<h2 class=\"ls__heading deco wp-block-heading\">Ontdek het kasteel van Grignan in de Provence<\/h2>\n\n\n\n<p class=\"ls-paragraph\">Ontdek een andere eeuw door de <a href=\"https:\/\/www.chateaux-ladrome.fr\/fr\/\" target=\"_blank\" rel=\"noreferrer noopener nofollow\">Ch\u00e2teau de Grignan in Rh\u00f4ne-Alpes<\/a>. <\/p>\n\n\n\n<p class=\"ls-paragraph\">In het hart van de Provence, in het centrum van het dorp Grignan en op slechts 1 km van onze camping, kom en bezoek deze <strong>prachtig kasteel met de renaissance architectuur van Madame de S\u00e9vign\u00e9<\/strong> evenals de twee andere nabijgelegen Adhemar kastelen.<\/p>\n\n\n\n<p class=\"ls-paragraph\">Het Ch\u00e2teau de Grignan en zijn museum bevinden zich in het hart van de Dr\u00f4me Proven\u00e7ale in de Provence, in het hart van de bakermat van de adh\u00e9mar, <strong>het kijkt uit over de vlaktes en de bergen met een 360\u00b0 uitzicht<\/strong>. Dit monument, gebouwd op een rotsachtig voorgebergte met gevels in Lodewijk XIV stijl, kijkt uit over het dorp boven de collegiale kerk. U zult versteld staan van de terrassen met een uniek panorama en het uitzicht op <a href=\"https:\/\/www.lestruffieres.com\/nl\/camping-mont-ventoux\/\">Mont Ventoux<\/a>. De Mont Ventoux is de emblematische plek van de Zuid-Dr\u00f4me dus als u hem nog niet bewonderd heeft kunt u er van genieten <strong>van de camping, want het uitzicht is alomtegenwoordig<\/strong>. Wil je de Mont Ventoux van dichtbij zien? Dus ga hem uitdagen op de fiets, te voet of op twee wielen!<\/p>\n\n\n\n<p class=\"ls-paragraph addReadMore showlesscontent\">Het is in de 11e eeuw dat we de naam van Mme De S\u00e9vign\u00e9 zien opduiken in literaire teksten. En ja, de kinderen bestuderen het of hebben het in de klas bestudeerd, want de teksten in de Franse les verwijzen vaak naar Madame De S\u00e9vign\u00e9. Maar het in het echt zien zal een nieuwe ontdekking zijn tijdens uw bezoek of tijdens de nachtelijke feestjes.<\/p>\n<\/div>\n<\/div>\n\n\r\n    <\/div>\r\n<\/section><section id=\"ls-section-block_58cbf7bf89674b5c096d1d5288eb3822\" class=\"ls-section  page-two has-background has-color-3-background-color has-p-t p-t-14 has-p-b p-b-14\" >\r\n        <div class=\"container container--wide\">\r\n        \n\n<div class=\"wp-block-columns is-layout-flex wp-container-core-columns-is-layout-9d6595d7 wp-block-columns-is-layout-flex\">\n<div class=\"wp-block-column is-vertically-aligned-center is-layout-flow wp-block-column-is-layout-flow\" style=\"flex-basis:33.33%\">\n<h2 class=\"ls__heading deco wp-block-heading\">De geschiedenis van het kasteel<\/h2>\n\n\n\n<p class=\"ls-paragraph\">Het verhaal van het kasteel van <a href=\"https:\/\/www.lestruffieres.com\/nl\/vakantieverblijven-camping-la-garde-adhemar\/\">Adh\u00e9mar<\/a> begint als volgt: &#8220;Er was eens een tijd dat de graaf van Grignan trouwde met Fran\u00e7oise de S\u00e9vign\u00e9, dochter van de markiezin van S\u00e9vign\u00e9. De liefdevolle correspondentie tussen de markiezin en haar dochter maakte het kasteel deel van de geschiedenis&#8230;&#8221;. Maar als je de volledige <strong>de fascinerende geschiedenis van deze familie en het kasteel<\/strong>, Kom dus naar camping Truffi\u00e8res en geniet van een uniek moment waar u de tijd zult vergeten. Reis uit onze eeuw, naar de tijd van de koning, Lodewijk XIV, koning van Frankrijk of Fran\u00e7ois I, tijdens een bezoek.<\/p>\n<\/div>\n\n\n\n<div class=\"wp-block-column is-vertically-aligned-center is-layout-flow wp-block-column-is-layout-flow\" style=\"flex-basis:66.66%\">\n<figure class=\"wp-block-gallery has-nested-images columns-1 is-cropped galerie-slider wp-block-gallery-1 is-layout-flex wp-block-gallery-is-layout-flex\">\n<figure class=\"wp-block-image size-full\"><img decoding=\"async\" width=\"864\" height=\"576\" data-id=\"1799\" src=\"https:\/\/www.lestruffieres.com\/wp-content\/uploads\/2023\/03\/chateau-de-grignan.jpg\" alt=\"kasteel van grignan\" class=\"wp-image-1799\" srcset=\"https:\/\/www.lestruffieres.com\/wp-content\/uploads\/2023\/03\/chateau-de-grignan.jpg 864w, https:\/\/www.lestruffieres.com\/wp-content\/uploads\/2023\/03\/chateau-de-grignan-300x200.jpg 300w, https:\/\/www.lestruffieres.com\/wp-content\/uploads\/2023\/03\/chateau-de-grignan-768x512.jpg 768w\" sizes=\"(max-width: 864px) 100vw, 864px\" \/><\/figure>\n<\/figure>\n<\/div>\n<\/div>\n\n\r\n    <\/div>\r\n<\/section><section id=\"ls-section-block_f2297b66ce2f88986d2cf0c9e8a3dd63\" class=\"ls-section  page-three has-background green has-p-t p-t-14 has-p-b p-b-14\" >\r\n        <div class=\"container container--wide\">\r\n        \n\n<div class=\"wp-block-columns is-layout-flex wp-container-core-columns-is-layout-9d6595d7 wp-block-columns-is-layout-flex\">\n<div class=\"wp-block-column is-vertically-aligned-center is-layout-flow wp-block-column-is-layout-flow\" style=\"flex-basis:66.66%\">\n<figure class=\"wp-block-image size-full animated bounceInLeft slow delay-100ms\"><img decoding=\"async\" width=\"864\" height=\"576\" src=\"https:\/\/www.lestruffieres.com\/wp-content\/uploads\/2023\/03\/village-de-grignan-dans-la-drome.jpg\" alt=\"dorp van grignan in de drome\" class=\"wp-image-1796\" srcset=\"https:\/\/www.lestruffieres.com\/wp-content\/uploads\/2023\/03\/village-de-grignan-dans-la-drome.jpg 864w, https:\/\/www.lestruffieres.com\/wp-content\/uploads\/2023\/03\/village-de-grignan-dans-la-drome-300x200.jpg 300w, https:\/\/www.lestruffieres.com\/wp-content\/uploads\/2023\/03\/village-de-grignan-dans-la-drome-768x512.jpg 768w\" sizes=\"(max-width: 864px) 100vw, 864px\" \/><\/figure>\n<\/div>\n\n\n\n<div class=\"wp-block-column is-vertically-aligned-center is-layout-flow wp-block-column-is-layout-flow\" style=\"flex-basis:33.33%\">\n<h2 class=\"ls__heading deco wp-block-heading\">Camping bij het kasteel van Grignan<\/h2>\n\n\n\n<p class=\"ls-paragraph\"><em>Een vakantie in de Rh\u00f4ne Alpes is een geslaagde vakantie.<\/em><\/p>\n\n\n\n<p class=\"ls-paragraph\">Gelegen tussen Mont\u00e9limar en Nyons, <a href=\"https:\/\/www.lestruffieres.com\/nl\/\">onze camping in Grignan<\/a> heeft een strategische positie voor uw vakantie. U kunt de hooggelegen dorpen bezoeken, de essenti\u00eble plaatsen van de Dr\u00f4me Proven\u00e7ale, de kunst en vooral wandelen tussen de truffeleiken, de lavendel en de wijngaard. <strong>Een unieke plek om van de natuur te genieten<\/strong> tijdens zijn vakantie.<br\/>De nabijheid van de camping bij het kasteel van Grignan bespaart u veel verkeers- en parkeerproblemen. En plan uw verblijf op voorhand, de plaatsen voor de nachtshows zijn erg populair!<\/p>\n<\/div>\n<\/div>\n\n\r\n    <\/div>\r\n<\/section><section id=\"ls-section-block_3ae8ab8e270562e1ed8e3158c09f4502\" class=\"ls-section  page-five has-background has-color-3-background-color has-p-t p-t-14 has-p-b p-b-14\" >\r\n        <div class=\"container container--wide\">\r\n        \n\n<div id=\"ls-heading ls-titre-div-block_13f1efc2d105e1d046e045b253532e82\" class=\"ls-titre-div deco aligncenter h2-like\" >\n    Praktische informatie<\/div>\n\n\n\n<p class=\"ls-paragraph has-text-align-center\">Te voet of met de fiets kunt u naar het dorp Grignan gaan en onderweg het kasteel van Adhemar bezoeken.<\/p>\n\n\n\n<p class=\"ls-paragraph has-text-align-center\">Dit erfgoed biedt u <strong>nachtfeesten de hele zomer lang<\/strong> op de terrassen, dus aarzel niet om uw familietickets tegen een speciaal tarief te nemen of kom als extra op het podium. U kunt ook genieten van het schrijffestival begin juli.<\/p>\n\n\n\n<p class=\"ls-paragraph has-text-align-center\">Het kasteel is geschikt voor het hele gezin voor \u00e9\u00e9n prijs en voor het plezier van iedereen wordt tijdens het bezoek een schattenjacht voorgesteld. Deze tour brengt u naar<strong> reis naar het hart van de kastelen van de Dr\u00f4me Frankrijk<\/strong> door middel van kunst en zijn museum om u de grote historische etappes van het Ch\u00e2teau de Grignan te laten ontdekken.<\/p>\n\n\n\n<p class=\"ls-paragraph has-text-align-center\">Geclassificeerd als historisch monument, <strong>het kasteel kan het hele jaar door worden bezocht<\/strong>. <\/p>\n\n\n\n<p class=\"ls-paragraph has-text-align-center\">Bezoek aan het kasteel: 04 75 91 83 55 \/ fax 04 75 91 83 51.<\/p>\n\n\r\n    <\/div>\r\n<\/section><section id=\"ls-section-block_b651fce1973bc98445ccc96356ff99b7\" class=\"ls-section  page-maillage has-p-t p-t-14 has-p-b p-b-14\" >\r\n        <div class=\"container container--wide\">\r\n        \n\n<div id=\"ls-heading ls-titre-div-block_e1390b2115436bc5af8be6f1bddb1233\" class=\"ls-titre-div deco aligncenter h2-like\" >\n    Te ontdekken in de omgeving van onze camping!<\/div>\n\n\n<div id=\"ls-maillage-block_b7b414f9d7cbeea9596f895faaa11861\" class=\"ls-maillage cta-style-normal\" data-rows=\"3\">\r\n    <div class=\"wp-block-columns\"><div class=\"wp-block-column\">\n\n<a href=\"https:\/\/www.lestruffieres.com\/nl\/camping-mont-ventoux\/\" target=\"\" rel=\"noopener\" class=\"ls-cta__link\">\n\n\t<div class=\"ls-cta__image\"><img decoding=\"async\" src=\"https:\/\/www.lestruffieres.com\/wp-content\/uploads\/2023\/03\/mont-ventoux.jpg\" alt=\"mont ventoux\"><\/div>\n\t<div class=\"ls-cta__title\">\n\t\tDe Mont Ventoux\t<\/div>\n\t\n\t\t\n<\/a><\/div><div class=\"wp-block-column\">\n\n<a href=\"https:\/\/www.lestruffieres.com\/nl\/de-markten-provencal\/\" target=\"\" rel=\"noopener\" class=\"ls-cta__link\">\n\n\t<div class=\"ls-cta__image\"><img decoding=\"async\" src=\"https:\/\/www.lestruffieres.com\/wp-content\/uploads\/2023\/03\/marches.jpg\" alt=\"marches provence\"><\/div>\n\t<div class=\"ls-cta__title\">\n\t\tDe Proven\u00e7aalse markten\t<\/div>\n\t\n\t\t\n<\/a><\/div><div class=\"wp-block-column\">\n\n<a href=\"https:\/\/www.lestruffieres.com\/nl\/verblijven-vacanties-camping-grignan\/\" target=\"\" rel=\"noopener\" class=\"ls-cta__link\">\n\n\t<div class=\"ls-cta__image\"><img decoding=\"async\" src=\"https:\/\/www.lestruffieres.com\/wp-content\/uploads\/2023\/03\/camping-les-truffieres-a-grignan-768x298.webp\" alt=\"camping a grignan\"><\/div>\n\t<div class=\"ls-cta__title\">\n\t\tDorp van Grignan\t<\/div>\n\t\n\t\t\n<\/a><\/div><\/div><\/div>\n\r\n    <\/div>\r\n<\/section>","protected":false},"excerpt":{"rendered":"","protected":false},"author":1,"featured_media":2716,"parent":0,"menu_order":0,"comment_status":"closed","ping_status":"closed","template":"","meta":{"_acf_changed":false,"footnotes":""},"sujet":[],"class_list":["post-2865","page","type-page","status-publish","has-post-thumbnail","hentry"],"acf":[],"yoast_head":"<!-- This site is optimized with the Yoast SEO plugin v23.4 - https:\/\/yoast.com\/wordpress\/plugins\/seo\/ -->\n<title>Het kasteel van Grignan: een cultureel bezoek in de Dr\u00f4me<\/title>\n<meta name=\"description\" content=\"Ontdek het kasteel van Grignan, een onmisbare culturele stop tijdens uw bezoek aan de Dr\u00f4me Provencale\" \/>\n<meta name=\"robots\" content=\"index, follow, max-snippet:-1, max-image-preview:large, max-video-preview:-1\" \/>\n<link rel=\"canonical\" href=\"https:\/\/www.lestruffieres.com\/nl\/kasteel-van-grignan\/\" \/>\n<meta property=\"og:locale\" content=\"nl_NL\" \/>\n<meta property=\"og:type\" content=\"article\" \/>\n<meta property=\"og:title\" content=\"Het kasteel van Grignan: een cultureel bezoek in de Dr\u00f4me\" \/>\n<meta property=\"og:description\" content=\"Ontdek het kasteel van Grignan, een onmisbare culturele stop tijdens uw bezoek aan de Dr\u00f4me Provencale\" \/>\n<meta property=\"og:url\" content=\"https:\/\/www.lestruffieres.com\/nl\/kasteel-van-grignan\/\" \/>\n<meta property=\"og:site_name\" content=\"Camping Les Truffi\u00e8res\" \/>\n<meta property=\"article:modified_time\" content=\"2023-03-28T07:25:40+00:00\" \/>\n<meta property=\"og:image\" content=\"https:\/\/www.lestruffieres.com\/wp-content\/uploads\/2023\/03\/decouvrir-le-chateau-de-grignan-camping-les-truffieres.webp\" \/>\n\t<meta property=\"og:image:width\" content=\"1920\" \/>\n\t<meta property=\"og:image:height\" content=\"746\" \/>\n\t<meta property=\"og:image:type\" content=\"image\/webp\" \/>\n<meta name=\"twitter:card\" content=\"summary_large_image\" \/>\n<meta name=\"twitter:label1\" content=\"Geschatte leestijd\" \/>\n\t<meta name=\"twitter:data1\" content=\"4 minuten\" \/>\n<script type=\"application\/ld+json\" class=\"yoast-schema-graph\">{\"@context\":\"https:\/\/schema.org\",\"@graph\":[{\"@type\":\"WebPage\",\"@id\":\"https:\/\/www.lestruffieres.com\/nl\/kasteel-van-grignan\/\",\"url\":\"https:\/\/www.lestruffieres.com\/nl\/kasteel-van-grignan\/\",\"name\":\"Het kasteel van Grignan: een cultureel bezoek in de Dr\u00f4me\",\"isPartOf\":{\"@id\":\"https:\/\/www.lestruffieres.com\/#website\"},\"primaryImageOfPage\":{\"@id\":\"https:\/\/www.lestruffieres.com\/nl\/kasteel-van-grignan\/#primaryimage\"},\"image\":{\"@id\":\"https:\/\/www.lestruffieres.com\/nl\/kasteel-van-grignan\/#primaryimage\"},\"thumbnailUrl\":\"https:\/\/www.lestruffieres.com\/wp-content\/uploads\/2023\/03\/decouvrir-le-chateau-de-grignan-camping-les-truffieres.webp\",\"datePublished\":\"2023-02-06T08:13:01+00:00\",\"dateModified\":\"2023-03-28T07:25:40+00:00\",\"description\":\"Ontdek het kasteel van Grignan, een onmisbare culturele stop tijdens uw bezoek aan de Dr\u00f4me Provencale\",\"breadcrumb\":{\"@id\":\"https:\/\/www.lestruffieres.com\/nl\/kasteel-van-grignan\/#breadcrumb\"},\"inLanguage\":\"nl-NL\",\"potentialAction\":[{\"@type\":\"ReadAction\",\"target\":[\"https:\/\/www.lestruffieres.com\/nl\/kasteel-van-grignan\/\"]}]},{\"@type\":\"ImageObject\",\"inLanguage\":\"nl-NL\",\"@id\":\"https:\/\/www.lestruffieres.com\/nl\/kasteel-van-grignan\/#primaryimage\",\"url\":\"https:\/\/www.lestruffieres.com\/wp-content\/uploads\/2023\/03\/decouvrir-le-chateau-de-grignan-camping-les-truffieres.webp\",\"contentUrl\":\"https:\/\/www.lestruffieres.com\/wp-content\/uploads\/2023\/03\/decouvrir-le-chateau-de-grignan-camping-les-truffieres.webp\",\"width\":1920,\"height\":746,\"caption\":\"visite chateau grignan\"},{\"@type\":\"BreadcrumbList\",\"@id\":\"https:\/\/www.lestruffieres.com\/nl\/kasteel-van-grignan\/#breadcrumb\",\"itemListElement\":[{\"@type\":\"ListItem\",\"position\":1,\"name\":\"Camping Dr\u00f4me\",\"item\":\"https:\/\/www.lestruffieres.com\/nl\/\"},{\"@type\":\"ListItem\",\"position\":2,\"name\":\"Camping bij het kasteel van Grignan\"}]},{\"@type\":\"WebSite\",\"@id\":\"https:\/\/www.lestruffieres.com\/#website\",\"url\":\"https:\/\/www.lestruffieres.com\/\",\"name\":\"Camping Les Truffi\u00e8res\",\"description\":\"\",\"publisher\":{\"@id\":\"https:\/\/www.lestruffieres.com\/#organization\"},\"potentialAction\":[{\"@type\":\"SearchAction\",\"target\":{\"@type\":\"EntryPoint\",\"urlTemplate\":\"https:\/\/www.lestruffieres.com\/?s={search_term_string}\"},\"query-input\":{\"@type\":\"PropertyValueSpecification\",\"valueRequired\":true,\"valueName\":\"search_term_string\"}}],\"inLanguage\":\"nl-NL\"},{\"@type\":\"Organization\",\"@id\":\"https:\/\/www.lestruffieres.com\/#organization\",\"name\":\"Camping Les Truffi\u00e8res\",\"url\":\"https:\/\/www.lestruffieres.com\/\",\"logo\":{\"@type\":\"ImageObject\",\"inLanguage\":\"nl-NL\",\"@id\":\"https:\/\/www.lestruffieres.com\/#\/schema\/logo\/image\/\",\"url\":\"https:\/\/www.lestruffieres.com\/wp-content\/uploads\/2023\/02\/camping-les-truffieres-logo-entete.png\",\"contentUrl\":\"https:\/\/www.lestruffieres.com\/wp-content\/uploads\/2023\/02\/camping-les-truffieres-logo-entete.png\",\"width\":742,\"height\":1020,\"caption\":\"Camping Les Truffi\u00e8res\"},\"image\":{\"@id\":\"https:\/\/www.lestruffieres.com\/#\/schema\/logo\/image\/\"}}]}<\/script>\n<!-- \/ Yoast SEO plugin. -->","yoast_head_json":{"title":"Het kasteel van Grignan: een cultureel bezoek in de Dr\u00f4me","description":"Ontdek het kasteel van Grignan, een onmisbare culturele stop tijdens uw bezoek aan de Dr\u00f4me Provencale","robots":{"index":"index","follow":"follow","max-snippet":"max-snippet:-1","max-image-preview":"max-image-preview:large","max-video-preview":"max-video-preview:-1"},"canonical":"https:\/\/www.lestruffieres.com\/nl\/kasteel-van-grignan\/","og_locale":"nl_NL","og_type":"article","og_title":"Het kasteel van Grignan: een cultureel bezoek in de Dr\u00f4me","og_description":"Ontdek het kasteel van Grignan, een onmisbare culturele stop tijdens uw bezoek aan de Dr\u00f4me Provencale","og_url":"https:\/\/www.lestruffieres.com\/nl\/kasteel-van-grignan\/","og_site_name":"Camping Les Truffi\u00e8res","article_modified_time":"2023-03-28T07:25:40+00:00","og_image":[{"width":1920,"height":746,"url":"https:\/\/www.lestruffieres.com\/wp-content\/uploads\/2023\/03\/decouvrir-le-chateau-de-grignan-camping-les-truffieres.webp","type":"image\/webp"}],"twitter_card":"summary_large_image","twitter_misc":{"Geschatte leestijd":"4 minuten"},"schema":{"@context":"https:\/\/schema.org","@graph":[{"@type":"WebPage","@id":"https:\/\/www.lestruffieres.com\/nl\/kasteel-van-grignan\/","url":"https:\/\/www.lestruffieres.com\/nl\/kasteel-van-grignan\/","name":"Het kasteel van Grignan: een cultureel bezoek in de Dr\u00f4me","isPartOf":{"@id":"https:\/\/www.lestruffieres.com\/#website"},"primaryImageOfPage":{"@id":"https:\/\/www.lestruffieres.com\/nl\/kasteel-van-grignan\/#primaryimage"},"image":{"@id":"https:\/\/www.lestruffieres.com\/nl\/kasteel-van-grignan\/#primaryimage"},"thumbnailUrl":"https:\/\/www.lestruffieres.com\/wp-content\/uploads\/2023\/03\/decouvrir-le-chateau-de-grignan-camping-les-truffieres.webp","datePublished":"2023-02-06T08:13:01+00:00","dateModified":"2023-03-28T07:25:40+00:00","description":"Ontdek het kasteel van Grignan, een onmisbare culturele stop tijdens uw bezoek aan de Dr\u00f4me Provencale","breadcrumb":{"@id":"https:\/\/www.lestruffieres.com\/nl\/kasteel-van-grignan\/#breadcrumb"},"inLanguage":"nl-NL","potentialAction":[{"@type":"ReadAction","target":["https:\/\/www.lestruffieres.com\/nl\/kasteel-van-grignan\/"]}]},{"@type":"ImageObject","inLanguage":"nl-NL","@id":"https:\/\/www.lestruffieres.com\/nl\/kasteel-van-grignan\/#primaryimage","url":"https:\/\/www.lestruffieres.com\/wp-content\/uploads\/2023\/03\/decouvrir-le-chateau-de-grignan-camping-les-truffieres.webp","contentUrl":"https:\/\/www.lestruffieres.com\/wp-content\/uploads\/2023\/03\/decouvrir-le-chateau-de-grignan-camping-les-truffieres.webp","width":1920,"height":746,"caption":"visite chateau grignan"},{"@type":"BreadcrumbList","@id":"https:\/\/www.lestruffieres.com\/nl\/kasteel-van-grignan\/#breadcrumb","itemListElement":[{"@type":"ListItem","position":1,"name":"Camping Dr\u00f4me","item":"https:\/\/www.lestruffieres.com\/nl\/"},{"@type":"ListItem","position":2,"name":"Camping bij het kasteel van Grignan"}]},{"@type":"WebSite","@id":"https:\/\/www.lestruffieres.com\/#website","url":"https:\/\/www.lestruffieres.com\/","name":"Camping Les Truffi\u00e8res","description":"","publisher":{"@id":"https:\/\/www.lestruffieres.com\/#organization"},"potentialAction":[{"@type":"SearchAction","target":{"@type":"EntryPoint","urlTemplate":"https:\/\/www.lestruffieres.com\/?s={search_term_string}"},"query-input":{"@type":"PropertyValueSpecification","valueRequired":true,"valueName":"search_term_string"}}],"inLanguage":"nl-NL"},{"@type":"Organization","@id":"https:\/\/www.lestruffieres.com\/#organization","name":"Camping Les Truffi\u00e8res","url":"https:\/\/www.lestruffieres.com\/","logo":{"@type":"ImageObject","inLanguage":"nl-NL","@id":"https:\/\/www.lestruffieres.com\/#\/schema\/logo\/image\/","url":"https:\/\/www.lestruffieres.com\/wp-content\/uploads\/2023\/02\/camping-les-truffieres-logo-entete.png","contentUrl":"https:\/\/www.lestruffieres.com\/wp-content\/uploads\/2023\/02\/camping-les-truffieres-logo-entete.png","width":742,"height":1020,"caption":"Camping Les Truffi\u00e8res"},"image":{"@id":"https:\/\/www.lestruffieres.com\/#\/schema\/logo\/image\/"}}]}},"_links":{"self":[{"href":"https:\/\/www.lestruffieres.com\/nl\/wp-json\/wp\/v2\/pages\/2865","targetHints":{"allow":["GET"]}}],"collection":[{"href":"https:\/\/www.lestruffieres.com\/nl\/wp-json\/wp\/v2\/pages"}],"about":[{"href":"https:\/\/www.lestruffieres.com\/nl\/wp-json\/wp\/v2\/types\/page"}],"author":[{"embeddable":true,"href":"https:\/\/www.lestruffieres.com\/nl\/wp-json\/wp\/v2\/users\/1"}],"replies":[{"embeddable":true,"href":"https:\/\/www.lestruffieres.com\/nl\/wp-json\/wp\/v2\/comments?post=2865"}],"version-history":[{"count":6,"href":"https:\/\/www.lestruffieres.com\/nl\/wp-json\/wp\/v2\/pages\/2865\/revisions"}],"predecessor-version":[{"id":6468,"href":"https:\/\/www.lestruffieres.com\/nl\/wp-json\/wp\/v2\/pages\/2865\/revisions\/6468"}],"wp:featuredmedia":[{"embeddable":true,"href":"https:\/\/www.lestruffieres.com\/nl\/wp-json\/wp\/v2\/media\/2716"}],"wp:attachment":[{"href":"https:\/\/www.lestruffieres.com\/nl\/wp-json\/wp\/v2\/media?parent=2865"}],"wp:term":[{"taxonomy":"sujet","embeddable":true,"href":"https:\/\/www.lestruffieres.com\/nl\/wp-json\/wp\/v2\/sujet?post=2865"}],"curies":[{"name":"wp","href":"https:\/\/api.w.org\/{rel}","templated":true}]}}