{"id":3009,"date":"2023-02-06T09:13:23","date_gmt":"2023-02-06T08:13:23","guid":{"rendered":"https:\/\/www.lestruffieres.com\/vacation-stays-camping-the-guard-adhemar\/"},"modified":"2023-03-28T09:29:19","modified_gmt":"2023-03-28T07:29:19","slug":"vacation-stays-camping-the-guard-adhemar","status":"publish","type":"page","link":"https:\/\/www.lestruffieres.com\/en\/vacation-stays-camping-the-guard-adhemar\/","title":{"rendered":"Village of La Garde Adh\u00e9mar"},"content":{"rendered":"<section id=\"ls-section-block_70350ac0f0bc438597bf2570461c4ea7\" class=\"ls-section  page-chapeau\" >\r\n        <div class=\"container container--wide\">\r\n        \n\n<h1 class=\"ls__heading has-text-align-center wp-block-heading\">Village of La Garde Adh\u00e9mar<\/h1>\n\n\n\n<p class=\"ls-paragraph has-text-align-center\">10 minutes from Grignan, the white stones of La Garde-Adh\u00e9mar dazzle with the sun of the Dr\u00f4me proven\u00e7ale. With magnificent spots on the Rhone valley and the mountains of Vivarais, this perched village will seduce you. Thanks to its history, you will be able to admire a medieval architecture that has been preserved. <\/p>\n\n\r\n    <\/div>\r\n<\/section><section id=\"ls-section-block_fc7c037c5f573770d1e2d53982575450\" class=\"ls-section  page-one deco-fleurs has-p-t p-t-0\" >\r\n        <div class=\"container container--wide\">\r\n        \n\n<div class=\"wp-block-columns is-layout-flex wp-container-core-columns-is-layout-9d6595d7 wp-block-columns-is-layout-flex\">\n<div class=\"wp-block-column left is-layout-flow wp-block-column-is-layout-flow\" style=\"flex-basis:66.66%\">\n<figure class=\"wp-block-image size-full animated fadeIn slow\"><img decoding=\"async\" width=\"864\" height=\"576\" src=\"https:\/\/www.lestruffieres.com\/wp-content\/uploads\/2023\/03\/ecouvrir-le-village-de-la-garde-adhemar.jpg\" alt=\"discover the village of la garde adhemar\" class=\"wp-image-1814\" srcset=\"https:\/\/www.lestruffieres.com\/wp-content\/uploads\/2023\/03\/ecouvrir-le-village-de-la-garde-adhemar.jpg 864w, https:\/\/www.lestruffieres.com\/wp-content\/uploads\/2023\/03\/ecouvrir-le-village-de-la-garde-adhemar-300x200.jpg 300w, https:\/\/www.lestruffieres.com\/wp-content\/uploads\/2023\/03\/ecouvrir-le-village-de-la-garde-adhemar-768x512.jpg 768w\" sizes=\"(max-width: 864px) 100vw, 864px\" \/><\/figure>\n\n\n\n<div id=\"ls-heading ls-titre-div-block_047328a88e639ae8281a98f54a1b5f94\" class=\"ls-titre-div quotes h2-like\" >\n    <strong>At Camping Les Truffi\u00e8res<\/strong> in the heart of the Dr\u00f4me Proven\u00e7ale, C\u00e9lina and Brendon do everything they can to make your stay a success! <\/div>\n<\/div>\n\n\n\n<div class=\"wp-block-column right is-layout-flow wp-block-column-is-layout-flow\" style=\"flex-basis:33.33%\">\n<h2 class=\"ls__heading deco wp-block-heading\">Discover the charming village of La Garde Adh\u00e9mar<\/h2>\n\n\n\n<p class=\"ls-paragraph\">The <a href=\"https:\/\/la-garde-adhemar.com\/fr\/\" target=\"_blank\" rel=\"noreferrer noopener nofollow\">village of La Garde-Adh\u00e9mar<\/a> is a charming village, located only 11 kilometers from the <a href=\"https:\/\/www.lestruffieres.com\/en\/\">campsite Les Truffi\u00e8res<\/a>, about 20 minutes by car. A place that has preserved its charm and cachet.<\/p>\n\n\n\n<p class=\"ls-paragraph\">In the heart of nature, between forests, vineyards, it is a <strong>fabulous place to recharge and relax<\/strong>. Small haven of peace known for its richness in terms of entertainment and architecture. Hiking, cycling, mountain biking or the famous educational farm, many activities to satisfy you. The village of La Garde-Adh\u00e9mar also has a <strong>strong history and a rich heritage of listed historical monuments<\/strong>. The magnificent Church of Saint Michel built in the 12th century, a jewel of Proven\u00e7al Romanesque art. <\/p>\n\n\n\n<p class=\"ls-paragraph\">And, why not make a stopover after going to the Pierrelatte market on Friday? Or make a small detour on the way back from Saint-Paul-Trois-Ch\u00e2teaux? You can also easily plan a day to have time to enjoy the hikes but also to watch the sun set over the Rhone valley.<\/p>\n<\/div>\n<\/div>\n\n\r\n    <\/div>\r\n<\/section><section id=\"ls-section-block_c1dde37efd21b582276c90b16992c1c3\" class=\"ls-section  page-two has-background has-color-3-background-color has-p-t p-t-14 has-p-b p-b-14\" >\r\n        <div class=\"container container--wide\">\r\n        \n\n<div class=\"wp-block-columns is-layout-flex wp-container-core-columns-is-layout-9d6595d7 wp-block-columns-is-layout-flex\">\n<div class=\"wp-block-column is-vertically-aligned-center is-layout-flow wp-block-column-is-layout-flow\" style=\"flex-basis:33.33%\">\n<h2 class=\"ls__heading deco wp-block-heading\">Visits to do in La Garde Adh\u00e9mar<\/h2>\n\n\n\n<h3 class=\"ls-heading wp-block-heading\">The Remarkable Gardens<\/h3>\n\n\n\n<p class=\"ls-paragraph\">Come also to discover the sublime &#8220;<a href=\"https:\/\/la-garde-adhemar.com\/fr\/rb\/1003368\/jardin-des-herbes\" target=\"_blank\" rel=\"noreferrer noopener nofollow\">Remarkable Gardens<\/a>&#8220;, a label of the Ministry of Agriculture. A real must-see site in La Garde-Adh\u00e9mar, the herb garden promises you a <strong>moment of discovery around hundreds of species of medicinal plants<\/strong>. On certain summer evenings, the garden hosts an ephemeral bar where you can enjoy relaxing with friends or family.<\/p>\n<\/div>\n\n\n\n<div class=\"wp-block-column is-vertically-aligned-center is-layout-flow wp-block-column-is-layout-flow\" style=\"flex-basis:66.66%\">\n<figure class=\"wp-block-gallery has-nested-images columns-1 is-cropped galerie-slider wp-block-gallery-1 is-layout-flex wp-block-gallery-is-layout-flex\">\n<figure class=\"wp-block-image size-full\"><img decoding=\"async\" width=\"864\" height=\"576\" data-id=\"1811\" src=\"https:\/\/www.lestruffieres.com\/wp-content\/uploads\/2023\/03\/jardins-des-herbes-garde-adhemar.jpg\" alt=\"gardens of herbs guard adhemar\" class=\"wp-image-1811\" srcset=\"https:\/\/www.lestruffieres.com\/wp-content\/uploads\/2023\/03\/jardins-des-herbes-garde-adhemar.jpg 864w, https:\/\/www.lestruffieres.com\/wp-content\/uploads\/2023\/03\/jardins-des-herbes-garde-adhemar-300x200.jpg 300w, https:\/\/www.lestruffieres.com\/wp-content\/uploads\/2023\/03\/jardins-des-herbes-garde-adhemar-768x512.jpg 768w\" sizes=\"(max-width: 864px) 100vw, 864px\" \/><\/figure>\n<\/figure>\n<\/div>\n<\/div>\n\n\r\n    <\/div>\r\n<\/section><section id=\"ls-section-block_6927955cc8ed416e9f810fae4b0e5832\" class=\"ls-section  page-three has-background green has-p-t p-t-14 has-p-b p-b-14\" >\r\n        <div class=\"container container--wide\">\r\n        \n\n<div class=\"wp-block-columns is-layout-flex wp-container-core-columns-is-layout-9d6595d7 wp-block-columns-is-layout-flex\">\n<div class=\"wp-block-column is-vertically-aligned-center is-layout-flow wp-block-column-is-layout-flow\" style=\"flex-basis:66.66%\">\n<figure class=\"wp-block-image size-full animated bounceInLeft slow delay-100ms\"><img decoding=\"async\" width=\"864\" height=\"576\" src=\"https:\/\/www.lestruffieres.com\/wp-content\/uploads\/2023\/03\/visite-en-famille-du-village-garde-adhemar.jpg\" alt=\"family visit of the village guard adhemar\" class=\"wp-image-1826\" srcset=\"https:\/\/www.lestruffieres.com\/wp-content\/uploads\/2023\/03\/visite-en-famille-du-village-garde-adhemar.jpg 864w, https:\/\/www.lestruffieres.com\/wp-content\/uploads\/2023\/03\/visite-en-famille-du-village-garde-adhemar-300x200.jpg 300w, https:\/\/www.lestruffieres.com\/wp-content\/uploads\/2023\/03\/visite-en-famille-du-village-garde-adhemar-768x512.jpg 768w\" sizes=\"(max-width: 864px) 100vw, 864px\" \/><\/figure>\n<\/div>\n\n\n\n<div class=\"wp-block-column is-vertically-aligned-top is-layout-flow wp-block-column-is-layout-flow\" style=\"flex-basis:33.33%\">\n<h2 class=\"ls__heading deco wp-block-heading\">The Valley of the Nymphs<\/h2>\n\n\n\n<p class=\"ls-paragraph\">In this enchanting area, the tranquility and splendor are unforgettable. <\/p>\n\n\n\n<p class=\"ls-paragraph\">Perched in the middle of the countryside, in the shade of majestic oaks, the gentle murmur of a spring gushing from the stone awaits you at the Val des Nymphes. A <strong>small oasis of paradise<\/strong> not to be missed.<\/p>\n\n\n\n<p class=\"ls-paragraph\">A little bit of history, the Val des Nymphes was originally a Celtic devotion to the goddesses of rivers and prosperity, the Nymphs. The site was then Christianized by the construction of a priory. Today, only a <strong>pretty Romanesque chapel of the 12th century<\/strong> which was restored in the 80s, remains. You will find on the site 3 ponds in operation. <\/p>\n\n\n\n<p class=\"ls-paragraph\">You will have understood it, the Garde-Adh\u00e9mar is to be added to your planning of visit. <\/p>\n\n\n\n<p class=\"ls-paragraph addReadMore showlesscontent\">The Tourist Office of the village proposes you guided tours in order not to miss anything<br\/><br\/>Themed tours :<br\/><br\/>&#8211; <strong>Abbey<\/strong> and churches: the church of Saint-Michel, the Chapel of the White Penitents, the Chapel of Notre-Dame (Val des Nymphes site)<br\/>&#8211; <strong>Castles<\/strong> and ramparts: the ramparts, the feudal castle<br\/>&#8211; Unusual: the site of the Val des Nymphes (worship of water deities and mother goddesses)<br\/>&#8211; Panoramas : the <strong>view on the Rhone valley<\/strong> and the Vivarais mountains<br\/>&#8211; Find all the villages related to the following themes Abbeys and churches Castles and ramparts Insolite Panoramas<\/p>\n<\/div>\n<\/div>\n\n\r\n    <\/div>\r\n<\/section><section id=\"ls-section-block_92c241080fc92ec68582b54e97a2a05b\" class=\"ls-section  page-maillage has-p-t p-t-14 has-p-b p-b-14\" >\r\n        <div class=\"container container--wide\">\r\n        \n\n<div id=\"ls-heading ls-titre-div-block_c15367f65b72ba320a695fe6c4d80d9e\" class=\"ls-titre-div deco aligncenter h2-like\" >\n    Discover the surroundings of our campsite!<\/div>\n\n\n<div id=\"ls-maillage-block_18781c53c208748b0a917753a1bd1dac\" class=\"ls-maillage cta-style-normal\" data-rows=\"3\">\r\n    <div class=\"wp-block-columns\"><div class=\"wp-block-column\">\n\n<a href=\"https:\/\/www.lestruffieres.com\/en\/the-region\/\" target=\"\" rel=\"noopener\" class=\"ls-cta__link\">\n\n\t<div class=\"ls-cta__image\"><img decoding=\"async\" src=\"https:\/\/www.lestruffieres.com\/wp-content\/uploads\/2023\/03\/champ-de-lavande-drome-provencale.jpg\" alt=\"champ de lavande drome provencale\"><\/div>\n\t<div class=\"ls-cta__title\">\n\t\tRegion\t<\/div>\n\t\n\t\t\n<\/a><\/div><div class=\"wp-block-column\">\n\n<a href=\"https:\/\/www.lestruffieres.com\/en\/holiday-stays-camping-chamaret\/\" target=\"\" rel=\"noopener\" class=\"ls-cta__link\">\n\n\t<div class=\"ls-cta__image\"><img decoding=\"async\" src=\"https:\/\/www.lestruffieres.com\/wp-content\/uploads\/2023\/03\/village-chamaret-dans-la-drome.jpg\" alt=\"village chamaret dans la drome\"><\/div>\n\t<div class=\"ls-cta__title\">\n\t\tVillage of Chamaret\t<\/div>\n\t\n\t\t\n<\/a><\/div><div class=\"wp-block-column\">\n\n<a href=\"https:\/\/www.lestruffieres.com\/en\/holiday-stays-camping-grignan\/\" target=\"\" rel=\"noopener\" class=\"ls-cta__link\">\n\n\t<div class=\"ls-cta__image\"><img decoding=\"async\" src=\"https:\/\/www.lestruffieres.com\/wp-content\/uploads\/2023\/03\/camping-les-truffieres-a-grignan-768x298.webp\" alt=\"camping a grignan\"><\/div>\n\t<div class=\"ls-cta__title\">\n\t\tVillage of Grignan\t<\/div>\n\t\n\t\t\n<\/a><\/div><\/div><\/div>\n\r\n    <\/div>\r\n<\/section>","protected":false},"excerpt":{"rendered":"","protected":false},"author":1,"featured_media":2145,"parent":0,"menu_order":0,"comment_status":"closed","ping_status":"closed","template":"","meta":{"_acf_changed":false,"footnotes":""},"sujet":[],"class_list":["post-3009","page","type-page","status-publish","has-post-thumbnail","hentry"],"acf":[],"yoast_head":"<!-- This site is optimized with the Yoast SEO plugin v23.4 - https:\/\/yoast.com\/wordpress\/plugins\/seo\/ -->\n<title>Vacations and Stays in La Garde Adh\u00e9mar in Dr\u00f4me Provencale<\/title>\n<meta name=\"description\" content=\"Discover the charming village of La Garde Adh\u00e9mar. Ideal place for your vacations, you will discover the charm of the Dr\u00f4me and Provence.\" \/>\n<meta name=\"robots\" content=\"index, follow, max-snippet:-1, max-image-preview:large, max-video-preview:-1\" \/>\n<link rel=\"canonical\" href=\"https:\/\/www.lestruffieres.com\/en\/vacation-stays-camping-the-guard-adhemar\/\" \/>\n<meta property=\"og:locale\" content=\"en_US\" \/>\n<meta property=\"og:type\" content=\"article\" \/>\n<meta property=\"og:title\" content=\"Vacations and Stays in La Garde Adh\u00e9mar in Dr\u00f4me Provencale\" \/>\n<meta property=\"og:description\" content=\"Discover the charming village of La Garde Adh\u00e9mar. Ideal place for your vacations, you will discover the charm of the Dr\u00f4me and Provence.\" \/>\n<meta property=\"og:url\" content=\"https:\/\/www.lestruffieres.com\/en\/vacation-stays-camping-the-guard-adhemar\/\" \/>\n<meta property=\"og:site_name\" content=\"Camping Les Truffi\u00e8res\" \/>\n<meta property=\"article:modified_time\" content=\"2023-03-28T07:29:19+00:00\" \/>\n<meta property=\"og:image\" content=\"https:\/\/www.lestruffieres.com\/wp-content\/uploads\/2023\/03\/decouvrir-le-village-de-la-garde-adhemar.webp\" \/>\n\t<meta property=\"og:image:width\" content=\"1920\" \/>\n\t<meta property=\"og:image:height\" content=\"746\" \/>\n\t<meta property=\"og:image:type\" content=\"image\/webp\" \/>\n<meta name=\"twitter:card\" content=\"summary_large_image\" \/>\n<meta name=\"twitter:label1\" content=\"Est. reading time\" \/>\n\t<meta name=\"twitter:data1\" content=\"4 minutes\" \/>\n<script type=\"application\/ld+json\" class=\"yoast-schema-graph\">{\"@context\":\"https:\/\/schema.org\",\"@graph\":[{\"@type\":\"WebPage\",\"@id\":\"https:\/\/www.lestruffieres.com\/en\/vacation-stays-camping-the-guard-adhemar\/\",\"url\":\"https:\/\/www.lestruffieres.com\/en\/vacation-stays-camping-the-guard-adhemar\/\",\"name\":\"Vacations and Stays in La Garde Adh\u00e9mar in Dr\u00f4me Provencale\",\"isPartOf\":{\"@id\":\"https:\/\/www.lestruffieres.com\/#website\"},\"primaryImageOfPage\":{\"@id\":\"https:\/\/www.lestruffieres.com\/en\/vacation-stays-camping-the-guard-adhemar\/#primaryimage\"},\"image\":{\"@id\":\"https:\/\/www.lestruffieres.com\/en\/vacation-stays-camping-the-guard-adhemar\/#primaryimage\"},\"thumbnailUrl\":\"https:\/\/www.lestruffieres.com\/wp-content\/uploads\/2023\/03\/decouvrir-le-village-de-la-garde-adhemar.webp\",\"datePublished\":\"2023-02-06T08:13:23+00:00\",\"dateModified\":\"2023-03-28T07:29:19+00:00\",\"description\":\"Discover the charming village of La Garde Adh\u00e9mar. Ideal place for your vacations, you will discover the charm of the Dr\u00f4me and Provence.\",\"breadcrumb\":{\"@id\":\"https:\/\/www.lestruffieres.com\/en\/vacation-stays-camping-the-guard-adhemar\/#breadcrumb\"},\"inLanguage\":\"en-US\",\"potentialAction\":[{\"@type\":\"ReadAction\",\"target\":[\"https:\/\/www.lestruffieres.com\/en\/vacation-stays-camping-the-guard-adhemar\/\"]}]},{\"@type\":\"ImageObject\",\"inLanguage\":\"en-US\",\"@id\":\"https:\/\/www.lestruffieres.com\/en\/vacation-stays-camping-the-guard-adhemar\/#primaryimage\",\"url\":\"https:\/\/www.lestruffieres.com\/wp-content\/uploads\/2023\/03\/decouvrir-le-village-de-la-garde-adhemar.webp\",\"contentUrl\":\"https:\/\/www.lestruffieres.com\/wp-content\/uploads\/2023\/03\/decouvrir-le-village-de-la-garde-adhemar.webp\",\"width\":1920,\"height\":746,\"caption\":\"decouvrir la garde adhemar\"},{\"@type\":\"BreadcrumbList\",\"@id\":\"https:\/\/www.lestruffieres.com\/en\/vacation-stays-camping-the-guard-adhemar\/#breadcrumb\",\"itemListElement\":[{\"@type\":\"ListItem\",\"position\":1,\"name\":\"Camping Dr\u00f4me\",\"item\":\"https:\/\/www.lestruffieres.com\/en\/\"},{\"@type\":\"ListItem\",\"position\":2,\"name\":\"Tourism in La Garde Adh\u00e9mar\"}]},{\"@type\":\"WebSite\",\"@id\":\"https:\/\/www.lestruffieres.com\/#website\",\"url\":\"https:\/\/www.lestruffieres.com\/\",\"name\":\"Camping Les Truffi\u00e8res\",\"description\":\"\",\"publisher\":{\"@id\":\"https:\/\/www.lestruffieres.com\/#organization\"},\"potentialAction\":[{\"@type\":\"SearchAction\",\"target\":{\"@type\":\"EntryPoint\",\"urlTemplate\":\"https:\/\/www.lestruffieres.com\/?s={search_term_string}\"},\"query-input\":{\"@type\":\"PropertyValueSpecification\",\"valueRequired\":true,\"valueName\":\"search_term_string\"}}],\"inLanguage\":\"en-US\"},{\"@type\":\"Organization\",\"@id\":\"https:\/\/www.lestruffieres.com\/#organization\",\"name\":\"Camping Les Truffi\u00e8res\",\"url\":\"https:\/\/www.lestruffieres.com\/\",\"logo\":{\"@type\":\"ImageObject\",\"inLanguage\":\"en-US\",\"@id\":\"https:\/\/www.lestruffieres.com\/#\/schema\/logo\/image\/\",\"url\":\"https:\/\/www.lestruffieres.com\/wp-content\/uploads\/2023\/02\/camping-les-truffieres-logo-entete.png\",\"contentUrl\":\"https:\/\/www.lestruffieres.com\/wp-content\/uploads\/2023\/02\/camping-les-truffieres-logo-entete.png\",\"width\":742,\"height\":1020,\"caption\":\"Camping Les Truffi\u00e8res\"},\"image\":{\"@id\":\"https:\/\/www.lestruffieres.com\/#\/schema\/logo\/image\/\"}}]}<\/script>\n<!-- \/ Yoast SEO plugin. -->","yoast_head_json":{"title":"Vacations and Stays in La Garde Adh\u00e9mar in Dr\u00f4me Provencale","description":"Discover the charming village of La Garde Adh\u00e9mar. Ideal place for your vacations, you will discover the charm of the Dr\u00f4me and Provence.","robots":{"index":"index","follow":"follow","max-snippet":"max-snippet:-1","max-image-preview":"max-image-preview:large","max-video-preview":"max-video-preview:-1"},"canonical":"https:\/\/www.lestruffieres.com\/en\/vacation-stays-camping-the-guard-adhemar\/","og_locale":"en_US","og_type":"article","og_title":"Vacations and Stays in La Garde Adh\u00e9mar in Dr\u00f4me Provencale","og_description":"Discover the charming village of La Garde Adh\u00e9mar. Ideal place for your vacations, you will discover the charm of the Dr\u00f4me and Provence.","og_url":"https:\/\/www.lestruffieres.com\/en\/vacation-stays-camping-the-guard-adhemar\/","og_site_name":"Camping Les Truffi\u00e8res","article_modified_time":"2023-03-28T07:29:19+00:00","og_image":[{"width":1920,"height":746,"url":"https:\/\/www.lestruffieres.com\/wp-content\/uploads\/2023\/03\/decouvrir-le-village-de-la-garde-adhemar.webp","type":"image\/webp"}],"twitter_card":"summary_large_image","twitter_misc":{"Est. reading time":"4 minutes"},"schema":{"@context":"https:\/\/schema.org","@graph":[{"@type":"WebPage","@id":"https:\/\/www.lestruffieres.com\/en\/vacation-stays-camping-the-guard-adhemar\/","url":"https:\/\/www.lestruffieres.com\/en\/vacation-stays-camping-the-guard-adhemar\/","name":"Vacations and Stays in La Garde Adh\u00e9mar in Dr\u00f4me Provencale","isPartOf":{"@id":"https:\/\/www.lestruffieres.com\/#website"},"primaryImageOfPage":{"@id":"https:\/\/www.lestruffieres.com\/en\/vacation-stays-camping-the-guard-adhemar\/#primaryimage"},"image":{"@id":"https:\/\/www.lestruffieres.com\/en\/vacation-stays-camping-the-guard-adhemar\/#primaryimage"},"thumbnailUrl":"https:\/\/www.lestruffieres.com\/wp-content\/uploads\/2023\/03\/decouvrir-le-village-de-la-garde-adhemar.webp","datePublished":"2023-02-06T08:13:23+00:00","dateModified":"2023-03-28T07:29:19+00:00","description":"Discover the charming village of La Garde Adh\u00e9mar. Ideal place for your vacations, you will discover the charm of the Dr\u00f4me and Provence.","breadcrumb":{"@id":"https:\/\/www.lestruffieres.com\/en\/vacation-stays-camping-the-guard-adhemar\/#breadcrumb"},"inLanguage":"en-US","potentialAction":[{"@type":"ReadAction","target":["https:\/\/www.lestruffieres.com\/en\/vacation-stays-camping-the-guard-adhemar\/"]}]},{"@type":"ImageObject","inLanguage":"en-US","@id":"https:\/\/www.lestruffieres.com\/en\/vacation-stays-camping-the-guard-adhemar\/#primaryimage","url":"https:\/\/www.lestruffieres.com\/wp-content\/uploads\/2023\/03\/decouvrir-le-village-de-la-garde-adhemar.webp","contentUrl":"https:\/\/www.lestruffieres.com\/wp-content\/uploads\/2023\/03\/decouvrir-le-village-de-la-garde-adhemar.webp","width":1920,"height":746,"caption":"decouvrir la garde adhemar"},{"@type":"BreadcrumbList","@id":"https:\/\/www.lestruffieres.com\/en\/vacation-stays-camping-the-guard-adhemar\/#breadcrumb","itemListElement":[{"@type":"ListItem","position":1,"name":"Camping Dr\u00f4me","item":"https:\/\/www.lestruffieres.com\/en\/"},{"@type":"ListItem","position":2,"name":"Tourism in La Garde Adh\u00e9mar"}]},{"@type":"WebSite","@id":"https:\/\/www.lestruffieres.com\/#website","url":"https:\/\/www.lestruffieres.com\/","name":"Camping Les Truffi\u00e8res","description":"","publisher":{"@id":"https:\/\/www.lestruffieres.com\/#organization"},"potentialAction":[{"@type":"SearchAction","target":{"@type":"EntryPoint","urlTemplate":"https:\/\/www.lestruffieres.com\/?s={search_term_string}"},"query-input":{"@type":"PropertyValueSpecification","valueRequired":true,"valueName":"search_term_string"}}],"inLanguage":"en-US"},{"@type":"Organization","@id":"https:\/\/www.lestruffieres.com\/#organization","name":"Camping Les Truffi\u00e8res","url":"https:\/\/www.lestruffieres.com\/","logo":{"@type":"ImageObject","inLanguage":"en-US","@id":"https:\/\/www.lestruffieres.com\/#\/schema\/logo\/image\/","url":"https:\/\/www.lestruffieres.com\/wp-content\/uploads\/2023\/02\/camping-les-truffieres-logo-entete.png","contentUrl":"https:\/\/www.lestruffieres.com\/wp-content\/uploads\/2023\/02\/camping-les-truffieres-logo-entete.png","width":742,"height":1020,"caption":"Camping Les Truffi\u00e8res"},"image":{"@id":"https:\/\/www.lestruffieres.com\/#\/schema\/logo\/image\/"}}]}},"_links":{"self":[{"href":"https:\/\/www.lestruffieres.com\/en\/wp-json\/wp\/v2\/pages\/3009","targetHints":{"allow":["GET"]}}],"collection":[{"href":"https:\/\/www.lestruffieres.com\/en\/wp-json\/wp\/v2\/pages"}],"about":[{"href":"https:\/\/www.lestruffieres.com\/en\/wp-json\/wp\/v2\/types\/page"}],"author":[{"embeddable":true,"href":"https:\/\/www.lestruffieres.com\/en\/wp-json\/wp\/v2\/users\/1"}],"replies":[{"embeddable":true,"href":"https:\/\/www.lestruffieres.com\/en\/wp-json\/wp\/v2\/comments?post=3009"}],"version-history":[{"count":7,"href":"https:\/\/www.lestruffieres.com\/en\/wp-json\/wp\/v2\/pages\/3009\/revisions"}],"predecessor-version":[{"id":6464,"href":"https:\/\/www.lestruffieres.com\/en\/wp-json\/wp\/v2\/pages\/3009\/revisions\/6464"}],"wp:featuredmedia":[{"embeddable":true,"href":"https:\/\/www.lestruffieres.com\/en\/wp-json\/wp\/v2\/media\/2145"}],"wp:attachment":[{"href":"https:\/\/www.lestruffieres.com\/en\/wp-json\/wp\/v2\/media?parent=3009"}],"wp:term":[{"taxonomy":"sujet","embeddable":true,"href":"https:\/\/www.lestruffieres.com\/en\/wp-json\/wp\/v2\/sujet?post=3009"}],"curies":[{"name":"wp","href":"https:\/\/api.w.org\/{rel}","templated":true}]}}