{"id":3003,"date":"2023-02-06T09:13:42","date_gmt":"2023-02-06T08:13:42","guid":{"rendered":"https:\/\/www.lestruffieres.com\/holiday-stays-camping-grignan\/"},"modified":"2023-03-27T20:33:59","modified_gmt":"2023-03-27T18:33:59","slug":"holiday-stays-camping-grignan","status":"publish","type":"page","link":"https:\/\/www.lestruffieres.com\/en\/holiday-stays-camping-grignan\/","title":{"rendered":"Village of Grignan"},"content":{"rendered":"<section id=\"ls-section-block_c9629aa4388cb4fa20e725b8e9c84859\" class=\"ls-section  page-chapeau\" >\r\n        <div class=\"container container--wide\">\r\n        \n\n<h1 class=\"ls__heading has-text-align-center wp-block-heading\">Village of Grignan<\/h1>\n\n\n\n<p class=\"ls-paragraph has-text-align-center\">The village of Grignan, located in the Dr\u00f4me proven\u00e7ale and only 5 minutes from our <a href=\"https:\/\/www.lestruffieres.com\/en\/\">campsite Les Truffi\u00e8res<\/a>, is a hidden gem to discover in France. This <strong>picturesque village<\/strong> offers a peaceful and authentic atmosphere, as well as many activities to discover. Tourists can explore the cobblestone streets, admire the beautiful stone buildings and discover the many stores, restaurants and bars in the village.<\/p>\n\n\r\n    <\/div>\r\n<\/section>\n\n<section id=\"ls-section-block_33761d32a54962cf39651873e1dc1ddb\" class=\"ls-section  page-one deco-fleurs has-p-t p-t-0\" >\r\n        <div class=\"container container--wide\">\r\n        \n\n<div class=\"wp-block-columns is-layout-flex wp-container-core-columns-is-layout-9d6595d7 wp-block-columns-is-layout-flex\">\n<div class=\"wp-block-column left is-layout-flow wp-block-column-is-layout-flow\" style=\"flex-basis:66.66%\">\n<figure class=\"wp-block-image size-full animated fadeIn slow\"><img decoding=\"async\" width=\"864\" height=\"576\" src=\"https:\/\/www.lestruffieres.com\/wp-content\/uploads\/2023\/03\/village-de-grignan-drome-provencale.jpg\" alt=\"village of grignan drome provencale\" class=\"wp-image-1880\" srcset=\"https:\/\/www.lestruffieres.com\/wp-content\/uploads\/2023\/03\/village-de-grignan-drome-provencale.jpg 864w, https:\/\/www.lestruffieres.com\/wp-content\/uploads\/2023\/03\/village-de-grignan-drome-provencale-300x200.jpg 300w, https:\/\/www.lestruffieres.com\/wp-content\/uploads\/2023\/03\/village-de-grignan-drome-provencale-768x512.jpg 768w\" sizes=\"(max-width: 864px) 100vw, 864px\" \/><\/figure>\n\n\n\n<div id=\"ls-heading ls-titre-div-block_c883623d0b519f75af154d13cf8b5b9b\" class=\"ls-titre-div quotes h2-like\" >\n    <strong>At Camping Les Truffi\u00e8res<\/strong> in the heart of the Dr\u00f4me Proven\u00e7ale, C\u00e9lina and Brendon do everything they can to make your stay a success! <\/div>\n<\/div>\n\n\n\n<div class=\"wp-block-column right is-layout-flow wp-block-column-is-layout-flow\" style=\"flex-basis:33.33%\">\n<h2 class=\"ls__heading deco wp-block-heading\">Discover the fortified village of Grignan<\/h2>\n\n\n\n<p class=\"ls-paragraph\"><a href=\"http:\/\/www.ville-grignan.fr\/\" target=\"_blank\" rel=\"noreferrer noopener nofollow\">Grignan<\/a>, a perched and fortified village, developed around its castle which crystallized, as early as the 12th century, a first grouping of populations.<\/p>\n\n\n\n<p class=\"ls-paragraph\">The castle town at the foot of the site has been protected by powerful walls since the 13th century. The successive evolutions of the habitat can be seen in the <strong>ornamental details of the 15th and 18th century facades.<\/strong><\/p>\n\n\n\n<p class=\"ls-paragraph\">Grignan also has many paths allowing you to discover the truffle trees, the lavender fields and with a little luck, you will pass by during the harvest and then intoxicate yourself with this fabulous scent. Grignan is also rich in vineyards and you can visit cellars. <\/p>\n<\/div>\n<\/div>\n\n\r\n    <\/div>\r\n<\/section>\n\n<section id=\"ls-section-block_8d32a9599ada937671d039c38299da1a\" class=\"ls-section  page-two has-background has-color-3-background-color has-p-t p-t-14 has-p-b p-b-14\" >\r\n        <div class=\"container container--wide\">\r\n        \n\n<div class=\"wp-block-columns is-layout-flex wp-container-core-columns-is-layout-9d6595d7 wp-block-columns-is-layout-flex\">\n<div class=\"wp-block-column is-vertically-aligned-top is-layout-flow wp-block-column-is-layout-flow\" style=\"flex-basis:33.33%\">\n<h2 class=\"ls__heading deco wp-block-heading\">The castle of Grignan<\/h2>\n\n\n\n<p class=\"ls-paragraph\">One of the greatest attractions of Grignan is its <a href=\"https:\/\/www.chateaux-ladrome.fr\/fr\/chateau-de-grignan\" target=\"_blank\" rel=\"noreferrer noopener nofollow\">castle.<\/a> This magnificent 17th century building is surrounded by a beautiful <strong>park and offers a breathtaking view of the surrounding area.<\/strong> Visitors can explore the reception rooms, private apartments and gardens. The castle also houses a permanent exhibition on the history of Grignan and the region.<\/p>\n\n\n\n<p class=\"ls-paragraph\">The ancient fortress, built in the Middle Ages, became in the 16th century <strong>the largest Renaissance castle in the southeast.<\/strong> Its extension in the 17th century makes it &#8220;one of the most beautiful antiques in France&#8221;. <\/p>\n\n\n\n<p class=\"ls-paragraph\">The presence of Madame de S\u00e9vign\u00e9 and her daughter, the Countess of Grignan, the privileged place they reserved for it in their correspondence, the power of Count Fran\u00e7ois de Castellane Adh\u00e9mar de Monteil, make it a <strong>high place of regional history.<\/strong> <\/p>\n\n\n\n<p class=\"ls-paragraph addReadMore showlesscontent\">The Saint-Sauveur collegiate church built by a Grignan architect Jean Deloche in the 16th century. <br>The house of the bailiff of the 13th century and which shelters the Workshop-Museum of the typography.<br><br>The cave of Rochecourbi\u00e8re, near the village, was dear to Madame de S\u00e9vign\u00e9 and to the Countess of Grignan.<br><br>In Grignan you can enjoy the night shows at the castle all summer long or the correspondence festival in early July.<br><br>Grignan as such is worth visiting. You will take as much pleasure in <strong>discovering the castle and its history<\/strong> as in strolling through the streets where you can, for example, find a magnificent washhouse. If you continue along the path, you may enjoy discovering this place sheltered from the sun and wind where Mme de S\u00e9vign\u00e9 enjoyed writing. <\/p>\n<\/div>\n\n\n\n<div class=\"wp-block-column is-vertically-aligned-center is-layout-flow wp-block-column-is-layout-flow\" style=\"flex-basis:66.66%\">\n<figure class=\"wp-block-gallery has-nested-images columns-1 is-cropped galerie-slider wp-block-gallery-1 is-layout-flex wp-block-gallery-is-layout-flex\">\n<figure class=\"wp-block-image size-full\"><img decoding=\"async\" width=\"864\" height=\"576\" data-id=\"1799\" src=\"https:\/\/www.lestruffieres.com\/wp-content\/uploads\/2023\/03\/chateau-de-grignan.jpg\" alt=\"castel of grignan\" class=\"wp-image-1799\" srcset=\"https:\/\/www.lestruffieres.com\/wp-content\/uploads\/2023\/03\/chateau-de-grignan.jpg 864w, https:\/\/www.lestruffieres.com\/wp-content\/uploads\/2023\/03\/chateau-de-grignan-300x200.jpg 300w, https:\/\/www.lestruffieres.com\/wp-content\/uploads\/2023\/03\/chateau-de-grignan-768x512.jpg 768w\" sizes=\"(max-width: 864px) 100vw, 864px\" \/><\/figure>\n<\/figure>\n<\/div>\n<\/div>\n\n\r\n    <\/div>\r\n<\/section>\n\n<section id=\"ls-section-block_00287c309ec3c04c6f434068f208fdd9\" class=\"ls-section  page-three has-background green has-p-t p-t-14 has-p-b p-b-14\" >\r\n        <div class=\"container container--wide\">\r\n        \n\n<div class=\"wp-block-columns is-layout-flex wp-container-core-columns-is-layout-9d6595d7 wp-block-columns-is-layout-flex\">\n<div class=\"wp-block-column is-vertically-aligned-center is-layout-flow wp-block-column-is-layout-flow\" style=\"flex-basis:66.66%\">\n<figure class=\"wp-block-image size-full animated bounceInLeft slow delay-100ms\"><img decoding=\"async\" width=\"864\" height=\"576\" src=\"https:\/\/www.lestruffieres.com\/wp-content\/uploads\/2023\/03\/les-roses-anciennes-de-grignan.jpg\" alt=\"the old roses of grignan\" class=\"wp-image-1877\" srcset=\"https:\/\/www.lestruffieres.com\/wp-content\/uploads\/2023\/03\/les-roses-anciennes-de-grignan.jpg 864w, https:\/\/www.lestruffieres.com\/wp-content\/uploads\/2023\/03\/les-roses-anciennes-de-grignan-300x200.jpg 300w, https:\/\/www.lestruffieres.com\/wp-content\/uploads\/2023\/03\/les-roses-anciennes-de-grignan-768x512.jpg 768w\" sizes=\"(max-width: 864px) 100vw, 864px\" \/><\/figure>\n<\/div>\n\n\n\n<div class=\"wp-block-column is-vertically-aligned-center is-layout-flow wp-block-column-is-layout-flow\" style=\"flex-basis:33.33%\">\n<h2 class=\"ls__heading deco wp-block-heading\">The old roses of Grignan<\/h2>\n\n\n\n<p class=\"ls-paragraph\">Grignan is also famous for its old roses, which attract <strong>gardening enthusiasts and nature lovers from all over the country.<\/strong> Older roses are older varieties of roses that were first cultivated centuries ago and have retained their original <strong>charm and fragrance.<\/strong> Old roses in Grignan are mainly grown in private gardens, but some can also be seen in public parks and communal gardens. <\/p>\n\n\n\n<p class=\"ls-paragraph\">Visitors will be able to admire these roses in bloom <strong>throughout the year<\/strong>, with an abundance of flowers in summer. The old roses in Grignan are famous for their color and their intense perfume. Colors range from pale pink to dark red, yellow and white, and scents range from sweet to herbal to fruity.<\/p>\n<\/div>\n<\/div>\n\n\r\n    <\/div>\r\n<\/section>\n\n<section id=\"ls-section-block_cfb601627d903071259554fe304c2d54\" class=\"ls-section  page-four has-p-t p-t-14 has-p-b p-b-14\" >\r\n        <div class=\"container container--wide\">\r\n        \n\n<div class=\"wp-block-columns is-layout-flex wp-container-core-columns-is-layout-9d6595d7 wp-block-columns-is-layout-flex\">\n<div class=\"wp-block-column is-vertically-aligned-center is-layout-flow wp-block-column-is-layout-flow\" style=\"flex-basis:33.33%\">\n<h2 class=\"ls__heading deco wp-block-heading\"> Activities to do during your stay in Grignan<\/h2>\n\n\n\n<p class=\"ls-paragraph\">The appointment to note and honor is the Tuesday market. You will then discover the local <strong>producers in a friendly atmosphere and with a crazy charm.<\/strong> What happiness to stroll on the Proven\u00e7al markets! At the end of the market you will find the beautiful wash house with a circular basin. <\/p>\n\n\n\n<p class=\"ls-paragraph addReadMore showlesscontent\">You will then be able to continue the stroll in the streets of Grignan and why not take advantage of a table on the place S\u00e9vign\u00e9 for a small coffee or to restore you. In the streets of the village and before arriving at the collegiate church you can discover the small shops and art galleries. For nature lovers, <strong>discover the vineyards and cellars<\/strong> or why not take a horseback ride through the forest, lavender fields and vineyards.<\/p>\n\n\n\n<h2 class=\"ls__heading deco wp-block-heading\">The hikes to do in Grignan<\/h2>\n\n\n\n<p class=\"ls-paragraph\">For nature lovers, Grignan also offers many hiking trails to <strong>explore the surrounding hills and mountains.<\/strong> Hikers will be able to experience the incredible scenery and spectacular views, as well as the many plants and wildlife in the area.<\/p>\n<\/div>\n\n\n\n<div class=\"wp-block-column is-vertically-aligned-center is-layout-flow wp-block-column-is-layout-flow\" style=\"flex-basis:66.66%\">\n<figure class=\"wp-block-image size-full animated fadeInRight delay-100ms slow\"><img decoding=\"async\" width=\"864\" height=\"576\" src=\"https:\/\/www.lestruffieres.com\/wp-content\/uploads\/2023\/03\/marche-produits-locaux.webp\" alt=\"local products market\" class=\"wp-image-2151\" srcset=\"https:\/\/www.lestruffieres.com\/wp-content\/uploads\/2023\/03\/marche-produits-locaux.webp 864w, https:\/\/www.lestruffieres.com\/wp-content\/uploads\/2023\/03\/marche-produits-locaux-300x200.webp 300w, https:\/\/www.lestruffieres.com\/wp-content\/uploads\/2023\/03\/marche-produits-locaux-768x512.webp 768w\" sizes=\"(max-width: 864px) 100vw, 864px\" \/><\/figure>\n<\/div>\n<\/div>\n\n\r\n    <\/div>\r\n<\/section>\n\n<section id=\"ls-section-block_fdb24926d37a8ea0d4f42e9bdac29512\" class=\"ls-section  page-five has-background has-color-3-background-color has-p-t p-t-14 has-p-b p-b-14\" >\r\n        <div class=\"container container--wide\">\r\n        \n\n<h2 class=\"ls__heading has-text-align-center deco wp-block-heading\">Festivals and events in Grignan<\/h2>\n\n\n\n<p class=\"ls-paragraph has-text-align-center\">Finally, Grignan is also famous for its festivals and events. Every year, the village hosts <strong>numerous music, theater and food festivals<\/strong>, as well as traditional celebrations and processions. Tourists can experience the local culture and traditions by attending these events.<\/p>\n\n\n\n<p class=\"ls-paragraph has-text-align-center\">In conclusion, the village of Grignan is an ideal destination for <strong>lovers of culture, history, nature and festivals.<\/strong> Offering a charming cobblestone village, a magnificent castle, scenic hiking trails, and numerous festivals and events, this is an incredible destination for anyone looking for a quiet getaway in the Dr\u00f4me proven\u00e7ale. So for an unforgettable <strong>experience in France<\/strong>, plan your trip to Grignan today.<\/p>\n\n\n\n<p class=\"ls-paragraph has-text-align-center\">Grignan is so rich in activity and entertainment that a visit to the tourist office is a must.<\/p>\n\n\r\n    <\/div>\r\n<\/section>\n\n<section id=\"ls-section-block_a65ad3eeb6a95b3bc3ee9e7a814d973a\" class=\"ls-section  page-maillage has-p-t p-t-14 has-p-b p-b-14\" >\r\n        <div class=\"container container--wide\">\r\n        \n\n<div id=\"ls-heading ls-titre-div-block_8d2ac25239645d124c62481e3c8fc728\" class=\"ls-titre-div deco aligncenter h2-like\" >\n    Discover our animations, our services and our restaurant!<\/div>\n\n\n<div id=\"ls-maillage-block_ca21afd8b20e68fb3339089fda2dff0e\" class=\"ls-maillage cta-style-normal\" data-rows=\"3\">\r\n    <div class=\"wp-block-columns\"><div class=\"wp-block-column\">\n\n<a href=\"https:\/\/www.lestruffieres.com\/en\/the-castel-of-grignan\/\" target=\"\" rel=\"noopener\" class=\"ls-cta__link\">\n\n\t<div class=\"ls-cta__image\"><img decoding=\"async\" src=\"https:\/\/www.lestruffieres.com\/wp-content\/uploads\/2023\/03\/chateau-de-grignan-drome-provencale.jpg\" alt=\"chateau de grignan drome provencale\"><\/div>\n\t<div class=\"ls-cta__title\">\n\t\tChateau de Grignan\t<\/div>\n\t\n\t\t\n<\/a><\/div><div class=\"wp-block-column\">\n\n<a href=\"https:\/\/www.lestruffieres.com\/en\/the-provencal-markets\/\" target=\"\" rel=\"noopener\" class=\"ls-cta__link\">\n\n\t<div class=\"ls-cta__image\"><img decoding=\"async\" src=\"https:\/\/www.lestruffieres.com\/wp-content\/uploads\/2023\/03\/marches.jpg\" alt=\"marches provence\"><\/div>\n\t<div class=\"ls-cta__title\">\n\t\tThe Provencal markets\t<\/div>\n\t\n\t\t\n<\/a><\/div><div class=\"wp-block-column\">\n\n<a href=\"https:\/\/www.lestruffieres.com\/en\/holiday-stays-camping-chamaret\/\" target=\"\" rel=\"noopener\" class=\"ls-cta__link\">\n\n\t<div class=\"ls-cta__image\"><img decoding=\"async\" src=\"https:\/\/www.lestruffieres.com\/wp-content\/uploads\/2023\/03\/village-chamaret-dans-la-drome.jpg\" alt=\"village chamaret dans la drome\"><\/div>\n\t<div class=\"ls-cta__title\">\n\t\tVillage of Chamaret\t<\/div>\n\t\n\t\t\n<\/a><\/div><\/div><\/div>\n\r\n    <\/div>\r\n<\/section>","protected":false},"excerpt":{"rendered":"","protected":false},"author":1,"featured_media":1884,"parent":0,"menu_order":0,"comment_status":"closed","ping_status":"closed","template":"","meta":{"_acf_changed":false,"footnotes":""},"sujet":[],"class_list":["post-3003","page","type-page","status-publish","has-post-thumbnail","hentry"],"acf":[],"yoast_head":"<!-- This site is optimized with the Yoast SEO plugin v23.4 - https:\/\/yoast.com\/wordpress\/plugins\/seo\/ -->\n<title>Vacations and Stays in Grignan in Dr\u00f4me Proven\u00e7ale<\/title>\n<meta name=\"description\" content=\"Discover the charming village of Grignan. Ideal place for your vacations, where you will discover the charm of the Dr\u00f4me and Provence.\" \/>\n<meta name=\"robots\" content=\"index, follow, max-snippet:-1, max-image-preview:large, max-video-preview:-1\" \/>\n<link rel=\"canonical\" href=\"https:\/\/www.lestruffieres.com\/en\/holiday-stays-camping-grignan\/\" \/>\n<meta property=\"og:locale\" content=\"en_US\" \/>\n<meta property=\"og:type\" content=\"article\" \/>\n<meta property=\"og:title\" content=\"Vacations and Stays in Grignan in Dr\u00f4me Proven\u00e7ale\" \/>\n<meta property=\"og:description\" content=\"Discover the charming village of Grignan. Ideal place for your vacations, where you will discover the charm of the Dr\u00f4me and Provence.\" \/>\n<meta property=\"og:url\" content=\"https:\/\/www.lestruffieres.com\/en\/holiday-stays-camping-grignan\/\" \/>\n<meta property=\"og:site_name\" content=\"Camping Les Truffi\u00e8res\" \/>\n<meta property=\"article:modified_time\" content=\"2023-03-27T18:33:59+00:00\" \/>\n<meta property=\"og:image\" content=\"https:\/\/www.lestruffieres.com\/wp-content\/uploads\/2023\/03\/camping-les-truffieres-a-grignan.webp\" \/>\n\t<meta property=\"og:image:width\" content=\"1920\" \/>\n\t<meta property=\"og:image:height\" content=\"746\" \/>\n\t<meta property=\"og:image:type\" content=\"image\/webp\" \/>\n<meta name=\"twitter:card\" content=\"summary_large_image\" \/>\n<meta name=\"twitter:label1\" content=\"Est. reading time\" \/>\n\t<meta name=\"twitter:data1\" content=\"6 minutes\" \/>\n<script type=\"application\/ld+json\" class=\"yoast-schema-graph\">{\"@context\":\"https:\/\/schema.org\",\"@graph\":[{\"@type\":\"WebPage\",\"@id\":\"https:\/\/www.lestruffieres.com\/en\/holiday-stays-camping-grignan\/\",\"url\":\"https:\/\/www.lestruffieres.com\/en\/holiday-stays-camping-grignan\/\",\"name\":\"Vacations and Stays in Grignan in Dr\u00f4me Proven\u00e7ale\",\"isPartOf\":{\"@id\":\"https:\/\/www.lestruffieres.com\/#website\"},\"primaryImageOfPage\":{\"@id\":\"https:\/\/www.lestruffieres.com\/en\/holiday-stays-camping-grignan\/#primaryimage\"},\"image\":{\"@id\":\"https:\/\/www.lestruffieres.com\/en\/holiday-stays-camping-grignan\/#primaryimage\"},\"thumbnailUrl\":\"https:\/\/www.lestruffieres.com\/wp-content\/uploads\/2023\/03\/camping-les-truffieres-a-grignan.webp\",\"datePublished\":\"2023-02-06T08:13:42+00:00\",\"dateModified\":\"2023-03-27T18:33:59+00:00\",\"description\":\"Discover the charming village of Grignan. Ideal place for your vacations, where you will discover the charm of the Dr\u00f4me and Provence.\",\"breadcrumb\":{\"@id\":\"https:\/\/www.lestruffieres.com\/en\/holiday-stays-camping-grignan\/#breadcrumb\"},\"inLanguage\":\"en-US\",\"potentialAction\":[{\"@type\":\"ReadAction\",\"target\":[\"https:\/\/www.lestruffieres.com\/en\/holiday-stays-camping-grignan\/\"]}]},{\"@type\":\"ImageObject\",\"inLanguage\":\"en-US\",\"@id\":\"https:\/\/www.lestruffieres.com\/en\/holiday-stays-camping-grignan\/#primaryimage\",\"url\":\"https:\/\/www.lestruffieres.com\/wp-content\/uploads\/2023\/03\/camping-les-truffieres-a-grignan.webp\",\"contentUrl\":\"https:\/\/www.lestruffieres.com\/wp-content\/uploads\/2023\/03\/camping-les-truffieres-a-grignan.webp\",\"width\":1920,\"height\":746,\"caption\":\"tourisme grignan\"},{\"@type\":\"BreadcrumbList\",\"@id\":\"https:\/\/www.lestruffieres.com\/en\/holiday-stays-camping-grignan\/#breadcrumb\",\"itemListElement\":[{\"@type\":\"ListItem\",\"position\":1,\"name\":\"Camping Dr\u00f4me\",\"item\":\"https:\/\/www.lestruffieres.com\/en\/\"},{\"@type\":\"ListItem\",\"position\":2,\"name\":\"Tourism in Grignan\"}]},{\"@type\":\"WebSite\",\"@id\":\"https:\/\/www.lestruffieres.com\/#website\",\"url\":\"https:\/\/www.lestruffieres.com\/\",\"name\":\"Camping Les Truffi\u00e8res\",\"description\":\"\",\"publisher\":{\"@id\":\"https:\/\/www.lestruffieres.com\/#organization\"},\"potentialAction\":[{\"@type\":\"SearchAction\",\"target\":{\"@type\":\"EntryPoint\",\"urlTemplate\":\"https:\/\/www.lestruffieres.com\/?s={search_term_string}\"},\"query-input\":{\"@type\":\"PropertyValueSpecification\",\"valueRequired\":true,\"valueName\":\"search_term_string\"}}],\"inLanguage\":\"en-US\"},{\"@type\":\"Organization\",\"@id\":\"https:\/\/www.lestruffieres.com\/#organization\",\"name\":\"Camping Les Truffi\u00e8res\",\"url\":\"https:\/\/www.lestruffieres.com\/\",\"logo\":{\"@type\":\"ImageObject\",\"inLanguage\":\"en-US\",\"@id\":\"https:\/\/www.lestruffieres.com\/#\/schema\/logo\/image\/\",\"url\":\"https:\/\/www.lestruffieres.com\/wp-content\/uploads\/2023\/02\/camping-les-truffieres-logo-entete.png\",\"contentUrl\":\"https:\/\/www.lestruffieres.com\/wp-content\/uploads\/2023\/02\/camping-les-truffieres-logo-entete.png\",\"width\":742,\"height\":1020,\"caption\":\"Camping Les Truffi\u00e8res\"},\"image\":{\"@id\":\"https:\/\/www.lestruffieres.com\/#\/schema\/logo\/image\/\"}}]}<\/script>\n<!-- \/ Yoast SEO plugin. -->","yoast_head_json":{"title":"Vacations and Stays in Grignan in Dr\u00f4me Proven\u00e7ale","description":"Discover the charming village of Grignan. Ideal place for your vacations, where you will discover the charm of the Dr\u00f4me and Provence.","robots":{"index":"index","follow":"follow","max-snippet":"max-snippet:-1","max-image-preview":"max-image-preview:large","max-video-preview":"max-video-preview:-1"},"canonical":"https:\/\/www.lestruffieres.com\/en\/holiday-stays-camping-grignan\/","og_locale":"en_US","og_type":"article","og_title":"Vacations and Stays in Grignan in Dr\u00f4me Proven\u00e7ale","og_description":"Discover the charming village of Grignan. Ideal place for your vacations, where you will discover the charm of the Dr\u00f4me and Provence.","og_url":"https:\/\/www.lestruffieres.com\/en\/holiday-stays-camping-grignan\/","og_site_name":"Camping Les Truffi\u00e8res","article_modified_time":"2023-03-27T18:33:59+00:00","og_image":[{"width":1920,"height":746,"url":"https:\/\/www.lestruffieres.com\/wp-content\/uploads\/2023\/03\/camping-les-truffieres-a-grignan.webp","type":"image\/webp"}],"twitter_card":"summary_large_image","twitter_misc":{"Est. reading time":"6 minutes"},"schema":{"@context":"https:\/\/schema.org","@graph":[{"@type":"WebPage","@id":"https:\/\/www.lestruffieres.com\/en\/holiday-stays-camping-grignan\/","url":"https:\/\/www.lestruffieres.com\/en\/holiday-stays-camping-grignan\/","name":"Vacations and Stays in Grignan in Dr\u00f4me Proven\u00e7ale","isPartOf":{"@id":"https:\/\/www.lestruffieres.com\/#website"},"primaryImageOfPage":{"@id":"https:\/\/www.lestruffieres.com\/en\/holiday-stays-camping-grignan\/#primaryimage"},"image":{"@id":"https:\/\/www.lestruffieres.com\/en\/holiday-stays-camping-grignan\/#primaryimage"},"thumbnailUrl":"https:\/\/www.lestruffieres.com\/wp-content\/uploads\/2023\/03\/camping-les-truffieres-a-grignan.webp","datePublished":"2023-02-06T08:13:42+00:00","dateModified":"2023-03-27T18:33:59+00:00","description":"Discover the charming village of Grignan. Ideal place for your vacations, where you will discover the charm of the Dr\u00f4me and Provence.","breadcrumb":{"@id":"https:\/\/www.lestruffieres.com\/en\/holiday-stays-camping-grignan\/#breadcrumb"},"inLanguage":"en-US","potentialAction":[{"@type":"ReadAction","target":["https:\/\/www.lestruffieres.com\/en\/holiday-stays-camping-grignan\/"]}]},{"@type":"ImageObject","inLanguage":"en-US","@id":"https:\/\/www.lestruffieres.com\/en\/holiday-stays-camping-grignan\/#primaryimage","url":"https:\/\/www.lestruffieres.com\/wp-content\/uploads\/2023\/03\/camping-les-truffieres-a-grignan.webp","contentUrl":"https:\/\/www.lestruffieres.com\/wp-content\/uploads\/2023\/03\/camping-les-truffieres-a-grignan.webp","width":1920,"height":746,"caption":"tourisme grignan"},{"@type":"BreadcrumbList","@id":"https:\/\/www.lestruffieres.com\/en\/holiday-stays-camping-grignan\/#breadcrumb","itemListElement":[{"@type":"ListItem","position":1,"name":"Camping Dr\u00f4me","item":"https:\/\/www.lestruffieres.com\/en\/"},{"@type":"ListItem","position":2,"name":"Tourism in Grignan"}]},{"@type":"WebSite","@id":"https:\/\/www.lestruffieres.com\/#website","url":"https:\/\/www.lestruffieres.com\/","name":"Camping Les Truffi\u00e8res","description":"","publisher":{"@id":"https:\/\/www.lestruffieres.com\/#organization"},"potentialAction":[{"@type":"SearchAction","target":{"@type":"EntryPoint","urlTemplate":"https:\/\/www.lestruffieres.com\/?s={search_term_string}"},"query-input":{"@type":"PropertyValueSpecification","valueRequired":true,"valueName":"search_term_string"}}],"inLanguage":"en-US"},{"@type":"Organization","@id":"https:\/\/www.lestruffieres.com\/#organization","name":"Camping Les Truffi\u00e8res","url":"https:\/\/www.lestruffieres.com\/","logo":{"@type":"ImageObject","inLanguage":"en-US","@id":"https:\/\/www.lestruffieres.com\/#\/schema\/logo\/image\/","url":"https:\/\/www.lestruffieres.com\/wp-content\/uploads\/2023\/02\/camping-les-truffieres-logo-entete.png","contentUrl":"https:\/\/www.lestruffieres.com\/wp-content\/uploads\/2023\/02\/camping-les-truffieres-logo-entete.png","width":742,"height":1020,"caption":"Camping Les Truffi\u00e8res"},"image":{"@id":"https:\/\/www.lestruffieres.com\/#\/schema\/logo\/image\/"}}]}},"_links":{"self":[{"href":"https:\/\/www.lestruffieres.com\/en\/wp-json\/wp\/v2\/pages\/3003","targetHints":{"allow":["GET"]}}],"collection":[{"href":"https:\/\/www.lestruffieres.com\/en\/wp-json\/wp\/v2\/pages"}],"about":[{"href":"https:\/\/www.lestruffieres.com\/en\/wp-json\/wp\/v2\/types\/page"}],"author":[{"embeddable":true,"href":"https:\/\/www.lestruffieres.com\/en\/wp-json\/wp\/v2\/users\/1"}],"replies":[{"embeddable":true,"href":"https:\/\/www.lestruffieres.com\/en\/wp-json\/wp\/v2\/comments?post=3003"}],"version-history":[{"count":6,"href":"https:\/\/www.lestruffieres.com\/en\/wp-json\/wp\/v2\/pages\/3003\/revisions"}],"predecessor-version":[{"id":6427,"href":"https:\/\/www.lestruffieres.com\/en\/wp-json\/wp\/v2\/pages\/3003\/revisions\/6427"}],"wp:featuredmedia":[{"embeddable":true,"href":"https:\/\/www.lestruffieres.com\/en\/wp-json\/wp\/v2\/media\/1884"}],"wp:attachment":[{"href":"https:\/\/www.lestruffieres.com\/en\/wp-json\/wp\/v2\/media?parent=3003"}],"wp:term":[{"taxonomy":"sujet","embeddable":true,"href":"https:\/\/www.lestruffieres.com\/en\/wp-json\/wp\/v2\/sujet?post=3003"}],"curies":[{"name":"wp","href":"https:\/\/api.w.org\/{rel}","templated":true}]}}