{"id":2991,"date":"2023-02-06T09:11:21","date_gmt":"2023-02-06T08:11:21","guid":{"rendered":"https:\/\/www.lestruffieres.com\/rates-camping-grignan-drome-provencale\/"},"modified":"2023-03-28T09:03:19","modified_gmt":"2023-03-28T07:03:19","slug":"rates-campsite-grignan-provence-france","status":"publish","type":"page","link":"https:\/\/www.lestruffieres.com\/en\/rates-campsite-grignan-provence-france\/","title":{"rendered":"Rates"},"content":{"rendered":"<section id=\"ls-section-block_603d27dab7dd8dab3163f0e3d5cebdbd\" class=\"ls-section  page-intro has-p-b p-b-0\" >\r\n        <div class=\"container container--wide\">\r\n        \n\n<h1 class=\"ls__heading has-text-align-center wp-block-heading\">Rates of the campsite Les Truffi\u00e8res<\/h1>\n\n\r\n    <\/div>\r\n<\/section>\n\n<section id=\"ls-section-block_b5de044099b9e311983329dfdc2625b4\" class=\"ls-section  has-p-t p-t-0\" >\r\n        <div class=\"container \">\r\n        \n\n<script>\n    window.ctoutvert = {\n\t\tid: 2561, \n\t\tlang: 'auto', \n\t\turl: 'https:\/\/bookingpremium.secureholiday.net\/widgets\/'\n    };\n\n    (function (w, d, s, ctv, r, js, fjs) {\n        r=new XMLHttpRequest();r.open('GET',w[ctv].url+'js\/src.json');\n        r.responseType='json';r.json=true;r.send();\n        r.onload=function(){w[ctv].src=r.responseType=='json'?r.response:JSON.parse(r.response);\n        js.src=w[ctv].src[0];fjs.parentNode.insertBefore(js, fjs);}\n        js=d.createElement(s),fjs=d.getElementsByTagName(s)[0];\n        js.id='ctvwidget';js.async=1;\n    }(window, document, 'script', 'ctoutvert'));\n<\/script>\n<ctv-availability data-background-color=\"#FFFFFFFF\"><\/ctv-availability>\n\n\r\n    <\/div>\r\n<\/section>\n\n<section id=\"ls-section-block_77144538d77442ac8f63420d7cdb5a07\" class=\"ls-section  has-background has-color-white-background-color\" >\r\n        <div class=\"container container--wide\">\r\n        \n\n<div class=\"wp-block-columns is-layout-flex wp-container-core-columns-is-layout-9d6595d7 wp-block-columns-is-layout-flex\">\n<div class=\"wp-block-column is-layout-flow wp-block-column-is-layout-flow\">\n<h2 class=\"ls__heading deco wp-block-heading\">Cheap stay at the campsite in Grignan<\/h2>\n\n\n\n<p class=\"ls-paragraph\">You are conquered and you wish to join us for the next vacations?<\/p>\n\n\n\n<p class=\"ls-paragraph\">Book now your vacations in Dr\u00f4me Proven\u00e7ale in camping and benefit from our offers in mobile home.<\/p>\n\n\n\n<p class=\"ls-paragraph\"><a href=\"https:\/\/bookingpremium.secureholiday.net\/fr\/2561\/\">Click here<\/a>, enter your dates and discover the accommodation offers that we have concocted for you for your vacations in Dr\u00f4me.<\/p>\n\n\n\n<p class=\"ls-paragraph\">At <a href=\"https:\/\/www.lestruffieres.com\/en\/\">Flower camping les Truffi\u00e8res in Grignan<\/a>, an ideal situation for your vacations in Dr\u00f4me proven\u00e7ale.<br>Les Truffi\u00e8res is <strong>an authentic family campsite with a heated swimming pool and a restaurant<\/strong> located in the heart of nature, surrounded by lavender and vineyards in the Dr\u00f4me department. The ideal location of our campsite allows you to spend your vacations in the Dr\u00f4me proven\u00e7ale, in the heart of the village of Grignan with a very reasonable budget. You will reach the village of Grignan thanks to a communal road. Discover the village safely and in no time as we are located only 1 km from the city center where you can <strong>relax, unwind or have fun.<\/strong> Choose your vacation with our range of rentals: Mobile home, nature bungalow, lodge tent or camping site are waiting for you! You will leave satisfied like our customers (customer review: 4.4\/5 in 2022).<\/p>\n\n\n\n<h2 class=\"ls__heading deco wp-block-heading\">Our low cost locations<\/h2>\n\n\n\n<p class=\"ls-paragraph\"><a href=\"https:\/\/www.lestruffieres.com\/en\/pitches\/\">Renting a campsite for your tent<\/a>, your van, your small or large caravan at Les Truffi\u00e8res campsite, depending on your dates, allows you to spend an inexpensive vacation near Grignan while enjoying the <a href=\"https:\/\/www.lestruffieres.com\/en\/swimming-pool\/\">heated swimming pool<\/a> and the wifi.<\/p>\n<\/div>\n\n\n\n<div class=\"wp-block-column is-layout-flow wp-block-column-is-layout-flow\">\n<p class=\"ls-paragraph\">The campground can easily accommodate family, friends or couples in the low cost vacation rentals whether for a week or a weekend <strong>close to nature.<\/strong><\/p>\n\n\n\n<h2 class=\"ls__heading deco wp-block-heading\">Our cheap rentals in Grignan<\/h2>\n\n\n\n<p class=\"ls-paragraph\">Are you looking for a <a href=\"https:\/\/www.lestruffieres.com\/en\/mobile-home-rental-drome\/\">cheap mobile home rental in Dr\u00f4me proven\u00e7ale in Rh\u00f4ne Alpes ?<\/a><\/p>\n\n\n\n<p class=\"ls-paragraph\">Our accommodations are new, renovated or very recent, well equipped and comfortable. Discover our <strong>wide range of low-cost mobile homes<\/strong> for top vacations whether you are a couple or a family of up to 6 people. We rent mobile homes for 2 nights or more outside the high season. In your vacations everything is included, the swimming pool, the playground and the animations. This is the definition of cheap camping.<\/p>\n\n\n\n<p class=\"ls-paragraph\">You choose the accommodation you like and we take care of the rest.<\/p>\n\n\n\n<p class=\"ls-paragraph\"><a href=\"https:\/\/www.lestruffieres.com\/en\/rental-unsual-grignan\/\">Book your glamping vacations<\/a> in accommodation from the beginning of spring in a campsite with heated swimming pool in Dr\u00f4me to enjoy the beginning of the beautiful days, far from the crowd, all at a <strong>small price<\/strong>!<\/p>\n\n\n\n<p class=\"ls-paragraph\">Or take advantage of the pre-season or post-season accommodation in 2 or 3 rooms in Grignan to discover its castle, the typical perched villages of the Dr\u00f4me proven\u00e7ale and enjoy the free heated swimming pool without the rush of the season.<\/p>\n\n\n\n<p class=\"ls-paragraph\">Various means of payment are at your disposal and if you encounter any difficulty, Celina will be able to help you by phone.<\/p>\n\n\n\n<p class=\"ls-paragraph\">Our rates fluctuate according to demand and availability, book as soon as possible to <strong>take advantage of the best prices<\/strong>.<\/p>\n<\/div>\n<\/div>\n\n\r\n    <\/div>\r\n<\/section>\n\n<section id=\"ls-section-block_f2d4481959d3d209b39553e121680bb5\" class=\"ls-section  page-maillage has-m-t m-t-0 has-p-t p-t-4 has-p-b p-b-14\" >\r\n        <div class=\"container container--wide\">\r\n        \n\n<div id=\"ls-heading ls-titre-div-block_2c95a605bc0ca3e5ce5c92f4ba41f0a5\" class=\"ls-titre-div deco aligncenter h2-like\" >\n    Discover all our types of accommodation!<\/div>\n\n\n<div id=\"ls-maillage-block_5a00a5aa29c8a780c83bcd0268d4dd3f\" class=\"ls-maillage cta-style-normal\" data-rows=\"3\">\r\n    <div class=\"wp-block-columns\"><div class=\"wp-block-column\">\n\n<a href=\"https:\/\/www.lestruffieres.com\/en\/mobile-home-rental-drome\/\" target=\"\" rel=\"noopener\" class=\"ls-cta__link\">\n\n\t<div class=\"ls-cta__image\"><img decoding=\"async\" src=\"https:\/\/www.lestruffieres.com\/wp-content\/uploads\/2023\/03\/location-de-mobil-home-dans-la-drome-768x512.jpg\" alt=\"location de mobil home dans la drome\"><\/div>\n\t<div class=\"ls-cta__title\">\n\t\tOur mobile homes\t<\/div>\n\t\n\t\t\n<\/a><\/div><div class=\"wp-block-column\">\n\n<a href=\"https:\/\/www.lestruffieres.com\/en\/pitches\/\" target=\"\" rel=\"noopener\" class=\"ls-cta__link\">\n\n\t<div class=\"ls-cta__image\"><img decoding=\"async\" src=\"https:\/\/www.lestruffieres.com\/wp-content\/uploads\/2023\/03\/emplacement-tente-camping-truffieres-768x512.jpg\" alt=\"emplacement tente grignan\"><\/div>\n\t<div class=\"ls-cta__title\">\n\t\tThe pitches\t<\/div>\n\t\n\t\t\n<\/a><\/div><div class=\"wp-block-column\">\n\n<a href=\"https:\/\/www.lestruffieres.com\/en\/rental-unsual-grignan\/\" target=\"\" rel=\"noopener\" class=\"ls-cta__link\">\n\n\t<div class=\"ls-cta__image\"><img decoding=\"async\" src=\"https:\/\/www.lestruffieres.com\/wp-content\/uploads\/2023\/03\/tente-lodge.webp\" alt=\"tente lodge drome\"><\/div>\n\t<div class=\"ls-cta__title\">\n\t\tAtypical Housing\t<\/div>\n\t\n\t\t\n<\/a><\/div><\/div><\/div>\n\r\n    <\/div>\r\n<\/section>","protected":false},"excerpt":{"rendered":"","protected":false},"author":1,"featured_media":1727,"parent":0,"menu_order":0,"comment_status":"closed","ping_status":"closed","template":"","meta":{"_acf_changed":false,"footnotes":""},"sujet":[],"class_list":["post-2991","page","type-page","status-publish","has-post-thumbnail","hentry"],"acf":[],"yoast_head":"<!-- This site is optimized with the Yoast SEO plugin v23.4 - https:\/\/yoast.com\/wordpress\/plugins\/seo\/ -->\n<title>Rates of the Campsite LES TRUFFIERES in Grignan (26) Dr\u00f4me<\/title>\n<meta name=\"description\" content=\"Discover our different rental rates for the camping pitches, but also the stays in Mobil-home, lodge tent and Nature Bungalow.\" \/>\n<meta name=\"robots\" content=\"index, follow, max-snippet:-1, max-image-preview:large, max-video-preview:-1\" \/>\n<link rel=\"canonical\" href=\"https:\/\/www.lestruffieres.com\/en\/rates-campsite-grignan-provence-france\/\" \/>\n<meta property=\"og:locale\" content=\"en_US\" \/>\n<meta property=\"og:type\" content=\"article\" \/>\n<meta property=\"og:title\" content=\"Rates of the Campsite LES TRUFFIERES in Grignan (26) Dr\u00f4me\" \/>\n<meta property=\"og:description\" content=\"Discover our different rental rates for the camping pitches, but also the stays in Mobil-home, lodge tent and Nature Bungalow.\" \/>\n<meta property=\"og:url\" content=\"https:\/\/www.lestruffieres.com\/en\/rates-campsite-grignan-provence-france\/\" \/>\n<meta property=\"og:site_name\" content=\"Camping Les Truffi\u00e8res\" \/>\n<meta property=\"article:modified_time\" content=\"2023-03-28T07:03:19+00:00\" \/>\n<meta property=\"og:image\" content=\"https:\/\/www.lestruffieres.com\/wp-content\/uploads\/2023\/02\/louer-un-hebergement-pas-cher-dans-la-drome.webp\" \/>\n\t<meta property=\"og:image:width\" content=\"1920\" \/>\n\t<meta property=\"og:image:height\" content=\"746\" \/>\n\t<meta property=\"og:image:type\" content=\"image\/webp\" \/>\n<meta name=\"twitter:card\" content=\"summary_large_image\" \/>\n<meta name=\"twitter:label1\" content=\"Est. reading time\" \/>\n\t<meta name=\"twitter:data1\" content=\"3 minutes\" \/>\n<script type=\"application\/ld+json\" class=\"yoast-schema-graph\">{\"@context\":\"https:\/\/schema.org\",\"@graph\":[{\"@type\":\"WebPage\",\"@id\":\"https:\/\/www.lestruffieres.com\/en\/rates-campsite-grignan-provence-france\/\",\"url\":\"https:\/\/www.lestruffieres.com\/en\/rates-campsite-grignan-provence-france\/\",\"name\":\"Rates of the Campsite LES TRUFFIERES in Grignan (26) Dr\u00f4me\",\"isPartOf\":{\"@id\":\"https:\/\/www.lestruffieres.com\/#website\"},\"primaryImageOfPage\":{\"@id\":\"https:\/\/www.lestruffieres.com\/en\/rates-campsite-grignan-provence-france\/#primaryimage\"},\"image\":{\"@id\":\"https:\/\/www.lestruffieres.com\/en\/rates-campsite-grignan-provence-france\/#primaryimage\"},\"thumbnailUrl\":\"https:\/\/www.lestruffieres.com\/wp-content\/uploads\/2023\/02\/louer-un-hebergement-pas-cher-dans-la-drome.webp\",\"datePublished\":\"2023-02-06T08:11:21+00:00\",\"dateModified\":\"2023-03-28T07:03:19+00:00\",\"description\":\"Discover our different rental rates for the camping pitches, but also the stays in Mobil-home, lodge tent and Nature Bungalow.\",\"breadcrumb\":{\"@id\":\"https:\/\/www.lestruffieres.com\/en\/rates-campsite-grignan-provence-france\/#breadcrumb\"},\"inLanguage\":\"en-US\",\"potentialAction\":[{\"@type\":\"ReadAction\",\"target\":[\"https:\/\/www.lestruffieres.com\/en\/rates-campsite-grignan-provence-france\/\"]}]},{\"@type\":\"ImageObject\",\"inLanguage\":\"en-US\",\"@id\":\"https:\/\/www.lestruffieres.com\/en\/rates-campsite-grignan-provence-france\/#primaryimage\",\"url\":\"https:\/\/www.lestruffieres.com\/wp-content\/uploads\/2023\/02\/louer-un-hebergement-pas-cher-dans-la-drome.webp\",\"contentUrl\":\"https:\/\/www.lestruffieres.com\/wp-content\/uploads\/2023\/02\/louer-un-hebergement-pas-cher-dans-la-drome.webp\",\"width\":1920,\"height\":746,\"caption\":\"location pas cher drome\"},{\"@type\":\"BreadcrumbList\",\"@id\":\"https:\/\/www.lestruffieres.com\/en\/rates-campsite-grignan-provence-france\/#breadcrumb\",\"itemListElement\":[{\"@type\":\"ListItem\",\"position\":1,\"name\":\"Camping Dr\u00f4me\",\"item\":\"https:\/\/www.lestruffieres.com\/en\/\"},{\"@type\":\"ListItem\",\"position\":2,\"name\":\"Cheap camping in the Dr\u00f4me\"}]},{\"@type\":\"WebSite\",\"@id\":\"https:\/\/www.lestruffieres.com\/#website\",\"url\":\"https:\/\/www.lestruffieres.com\/\",\"name\":\"Camping Les Truffi\u00e8res\",\"description\":\"\",\"publisher\":{\"@id\":\"https:\/\/www.lestruffieres.com\/#organization\"},\"potentialAction\":[{\"@type\":\"SearchAction\",\"target\":{\"@type\":\"EntryPoint\",\"urlTemplate\":\"https:\/\/www.lestruffieres.com\/?s={search_term_string}\"},\"query-input\":{\"@type\":\"PropertyValueSpecification\",\"valueRequired\":true,\"valueName\":\"search_term_string\"}}],\"inLanguage\":\"en-US\"},{\"@type\":\"Organization\",\"@id\":\"https:\/\/www.lestruffieres.com\/#organization\",\"name\":\"Camping Les Truffi\u00e8res\",\"url\":\"https:\/\/www.lestruffieres.com\/\",\"logo\":{\"@type\":\"ImageObject\",\"inLanguage\":\"en-US\",\"@id\":\"https:\/\/www.lestruffieres.com\/#\/schema\/logo\/image\/\",\"url\":\"https:\/\/www.lestruffieres.com\/wp-content\/uploads\/2023\/02\/camping-les-truffieres-logo-entete.png\",\"contentUrl\":\"https:\/\/www.lestruffieres.com\/wp-content\/uploads\/2023\/02\/camping-les-truffieres-logo-entete.png\",\"width\":742,\"height\":1020,\"caption\":\"Camping Les Truffi\u00e8res\"},\"image\":{\"@id\":\"https:\/\/www.lestruffieres.com\/#\/schema\/logo\/image\/\"}}]}<\/script>\n<!-- \/ Yoast SEO plugin. -->","yoast_head_json":{"title":"Rates of the Campsite LES TRUFFIERES in Grignan (26) Dr\u00f4me","description":"Discover our different rental rates for the camping pitches, but also the stays in Mobil-home, lodge tent and Nature Bungalow.","robots":{"index":"index","follow":"follow","max-snippet":"max-snippet:-1","max-image-preview":"max-image-preview:large","max-video-preview":"max-video-preview:-1"},"canonical":"https:\/\/www.lestruffieres.com\/en\/rates-campsite-grignan-provence-france\/","og_locale":"en_US","og_type":"article","og_title":"Rates of the Campsite LES TRUFFIERES in Grignan (26) Dr\u00f4me","og_description":"Discover our different rental rates for the camping pitches, but also the stays in Mobil-home, lodge tent and Nature Bungalow.","og_url":"https:\/\/www.lestruffieres.com\/en\/rates-campsite-grignan-provence-france\/","og_site_name":"Camping Les Truffi\u00e8res","article_modified_time":"2023-03-28T07:03:19+00:00","og_image":[{"width":1920,"height":746,"url":"https:\/\/www.lestruffieres.com\/wp-content\/uploads\/2023\/02\/louer-un-hebergement-pas-cher-dans-la-drome.webp","type":"image\/webp"}],"twitter_card":"summary_large_image","twitter_misc":{"Est. reading time":"3 minutes"},"schema":{"@context":"https:\/\/schema.org","@graph":[{"@type":"WebPage","@id":"https:\/\/www.lestruffieres.com\/en\/rates-campsite-grignan-provence-france\/","url":"https:\/\/www.lestruffieres.com\/en\/rates-campsite-grignan-provence-france\/","name":"Rates of the Campsite LES TRUFFIERES in Grignan (26) Dr\u00f4me","isPartOf":{"@id":"https:\/\/www.lestruffieres.com\/#website"},"primaryImageOfPage":{"@id":"https:\/\/www.lestruffieres.com\/en\/rates-campsite-grignan-provence-france\/#primaryimage"},"image":{"@id":"https:\/\/www.lestruffieres.com\/en\/rates-campsite-grignan-provence-france\/#primaryimage"},"thumbnailUrl":"https:\/\/www.lestruffieres.com\/wp-content\/uploads\/2023\/02\/louer-un-hebergement-pas-cher-dans-la-drome.webp","datePublished":"2023-02-06T08:11:21+00:00","dateModified":"2023-03-28T07:03:19+00:00","description":"Discover our different rental rates for the camping pitches, but also the stays in Mobil-home, lodge tent and Nature Bungalow.","breadcrumb":{"@id":"https:\/\/www.lestruffieres.com\/en\/rates-campsite-grignan-provence-france\/#breadcrumb"},"inLanguage":"en-US","potentialAction":[{"@type":"ReadAction","target":["https:\/\/www.lestruffieres.com\/en\/rates-campsite-grignan-provence-france\/"]}]},{"@type":"ImageObject","inLanguage":"en-US","@id":"https:\/\/www.lestruffieres.com\/en\/rates-campsite-grignan-provence-france\/#primaryimage","url":"https:\/\/www.lestruffieres.com\/wp-content\/uploads\/2023\/02\/louer-un-hebergement-pas-cher-dans-la-drome.webp","contentUrl":"https:\/\/www.lestruffieres.com\/wp-content\/uploads\/2023\/02\/louer-un-hebergement-pas-cher-dans-la-drome.webp","width":1920,"height":746,"caption":"location pas cher drome"},{"@type":"BreadcrumbList","@id":"https:\/\/www.lestruffieres.com\/en\/rates-campsite-grignan-provence-france\/#breadcrumb","itemListElement":[{"@type":"ListItem","position":1,"name":"Camping Dr\u00f4me","item":"https:\/\/www.lestruffieres.com\/en\/"},{"@type":"ListItem","position":2,"name":"Cheap camping in the Dr\u00f4me"}]},{"@type":"WebSite","@id":"https:\/\/www.lestruffieres.com\/#website","url":"https:\/\/www.lestruffieres.com\/","name":"Camping Les Truffi\u00e8res","description":"","publisher":{"@id":"https:\/\/www.lestruffieres.com\/#organization"},"potentialAction":[{"@type":"SearchAction","target":{"@type":"EntryPoint","urlTemplate":"https:\/\/www.lestruffieres.com\/?s={search_term_string}"},"query-input":{"@type":"PropertyValueSpecification","valueRequired":true,"valueName":"search_term_string"}}],"inLanguage":"en-US"},{"@type":"Organization","@id":"https:\/\/www.lestruffieres.com\/#organization","name":"Camping Les Truffi\u00e8res","url":"https:\/\/www.lestruffieres.com\/","logo":{"@type":"ImageObject","inLanguage":"en-US","@id":"https:\/\/www.lestruffieres.com\/#\/schema\/logo\/image\/","url":"https:\/\/www.lestruffieres.com\/wp-content\/uploads\/2023\/02\/camping-les-truffieres-logo-entete.png","contentUrl":"https:\/\/www.lestruffieres.com\/wp-content\/uploads\/2023\/02\/camping-les-truffieres-logo-entete.png","width":742,"height":1020,"caption":"Camping Les Truffi\u00e8res"},"image":{"@id":"https:\/\/www.lestruffieres.com\/#\/schema\/logo\/image\/"}}]}},"_links":{"self":[{"href":"https:\/\/www.lestruffieres.com\/en\/wp-json\/wp\/v2\/pages\/2991","targetHints":{"allow":["GET"]}}],"collection":[{"href":"https:\/\/www.lestruffieres.com\/en\/wp-json\/wp\/v2\/pages"}],"about":[{"href":"https:\/\/www.lestruffieres.com\/en\/wp-json\/wp\/v2\/types\/page"}],"author":[{"embeddable":true,"href":"https:\/\/www.lestruffieres.com\/en\/wp-json\/wp\/v2\/users\/1"}],"replies":[{"embeddable":true,"href":"https:\/\/www.lestruffieres.com\/en\/wp-json\/wp\/v2\/comments?post=2991"}],"version-history":[{"count":14,"href":"https:\/\/www.lestruffieres.com\/en\/wp-json\/wp\/v2\/pages\/2991\/revisions"}],"predecessor-version":[{"id":6456,"href":"https:\/\/www.lestruffieres.com\/en\/wp-json\/wp\/v2\/pages\/2991\/revisions\/6456"}],"wp:featuredmedia":[{"embeddable":true,"href":"https:\/\/www.lestruffieres.com\/en\/wp-json\/wp\/v2\/media\/1727"}],"wp:attachment":[{"href":"https:\/\/www.lestruffieres.com\/en\/wp-json\/wp\/v2\/media?parent=2991"}],"wp:term":[{"taxonomy":"sujet","embeddable":true,"href":"https:\/\/www.lestruffieres.com\/en\/wp-json\/wp\/v2\/sujet?post=2991"}],"curies":[{"name":"wp","href":"https:\/\/api.w.org\/{rel}","templated":true}]}}