{"id":2975,"date":"2023-02-06T09:08:51","date_gmt":"2023-02-06T08:08:51","guid":{"rendered":"https:\/\/www.lestruffieres.com\/services-activities-holidays-camping-grignan\/"},"modified":"2023-06-19T11:12:56","modified_gmt":"2023-06-19T09:12:56","slug":"activities-services-campsite-grignan-provence","status":"publish","type":"page","link":"https:\/\/www.lestruffieres.com\/en\/activities-services-campsite-grignan-provence\/","title":{"rendered":"Services"},"content":{"rendered":"<section id=\"ls-section-block_008280a1e45ecfcda19db25078dad70b\" class=\"ls-section  page-chapeau\" >\r\n        <div class=\"container container--wide\">\r\n        \n\n<h1 class=\"ls__heading wp-block-heading has-text-align-center\">Services at Les Truffi\u00e8res campground<\/h1>\n\n\r\n    <\/div>\r\n<\/section>\n\n<section id=\"ls-section-block_733b510f23a817672bca886d770d7fef\" class=\"ls-section  page-one deco-fleurs has-p-t p-t-0\" >\r\n        <div class=\"container container--wide\">\r\n        \n\n<div class=\"wp-block-columns is-layout-flex wp-container-core-columns-is-layout-9d6595d7 wp-block-columns-is-layout-flex\">\n<div class=\"wp-block-column left is-layout-flow wp-block-column-is-layout-flow\" style=\"flex-basis:66.66%\">\n<figure class=\"wp-block-image size-full animated fadeIn slow\"><img decoding=\"async\" width=\"864\" height=\"576\" src=\"https:\/\/www.lestruffieres.com\/wp-content\/uploads\/2023\/02\/reception-camping-les-truffieres.jpg\" alt=\"reception of the campsite les truffieres\" class=\"wp-image-1177\" srcset=\"https:\/\/www.lestruffieres.com\/wp-content\/uploads\/2023\/02\/reception-camping-les-truffieres.jpg 864w, https:\/\/www.lestruffieres.com\/wp-content\/uploads\/2023\/02\/reception-camping-les-truffieres-300x200.jpg 300w, https:\/\/www.lestruffieres.com\/wp-content\/uploads\/2023\/02\/reception-camping-les-truffieres-768x512.jpg 768w\" sizes=\"(max-width: 864px) 100vw, 864px\" \/><\/figure>\n\n\n\n<div id=\"ls-heading ls-titre-div-block_d7fd8e7aab4de7f71aa7f02c99fb51b8\" class=\"ls-titre-div quotes h2-like\" >\n    <strong>At Camping Les Truffi\u00e8res<\/strong> in the heart of the Dr\u00f4me Proven\u00e7ale, C\u00e9lina and Brendon do everything they can to make your stay a success! <\/div>\n<\/div>\n\n\n\n<div class=\"wp-block-column right is-layout-flow wp-block-column-is-layout-flow\" style=\"flex-basis:33.33%\">\n<h2 class=\"ls__heading wp-block-heading deco\">The campsite reception<\/h2>\n\n\n\n<p class=\"ls-paragraph\">At <a href=\"https:\/\/www.lestruffieres.com\/en\/\">Les Truffi\u00e8res campsite<\/a>, the reception is <strong>open every day from 8:30am to 12pm and from 2pm to 7pm.<\/strong> You will find someone to answer your questions but also all the information on the activities in the surroundings. By phone, the opening hours remain the same. Do not hesitate to leave a message and we will call you back as soon as possible.<\/p>\n\n\n\n<h2 class=\"ls__heading wp-block-heading deco\">Mail reception<\/h2>\n\n\n\n<p class=\"ls-paragraph\">Want a little souvenir or to say hello to your loved ones? At the reception desk you will find everything you need! Postcards and stamps (French or foreign) are on sale at the reception and <strong>we also have a letter box.<\/strong> And if you can&#8217;t miss your magazine subscriptions while you are away, you can have them arrive at the campsite during your stay.<\/p>\n<\/div>\n<\/div>\n\n\r\n    <\/div>\r\n<\/section>\n\n<section id=\"ls-section-block_c86ce602cf45297c909fe475a24b5e3d\" class=\"ls-section  page-two has-background has-color-3-background-color has-p-t p-t-14 has-p-b p-b-14\" >\r\n        <div class=\"container container--wide\">\r\n        \n\n<div class=\"wp-block-columns is-layout-flex wp-container-core-columns-is-layout-9d6595d7 wp-block-columns-is-layout-flex\">\n<div class=\"wp-block-column is-vertically-aligned-center is-layout-flow wp-block-column-is-layout-flow\" style=\"flex-basis:33.33%\">\n<h2 class=\"ls__heading wp-block-heading deco\">Laundry in Grignan<\/h2>\n\n\n\n<p class=\"ls-paragraph\">A stained garment to wash? <strong>Tokens are available at the reception<\/strong> and <strong>a dryer is also available.<\/strong><\/p>\n\n\n\n<p class=\"ls-paragraph\">Price: 5\u20ac for the washing machine and 2\u20ac for the dryer.<\/p>\n\n\n\n<h2 class=\"ls__heading wp-block-heading deco\">Wifi at the campsite<\/h2>\n\n\n\n<p class=\"ls-paragraph\">At the campsite Les Truffi\u00e8res, <strong>Wifi is available on the whole campsite for a fee<\/strong>. <\/p>\n\n\n\n<h2 class=\"ls__heading wp-block-heading deco\">Pets not allowed<\/h2>\n\n\n\n<p class=\"ls-paragraph\">Pets are not allowed on the campsite.<\/p>\n\n\n<div class=\"wp-block-image\">\n<figure class=\"aligncenter size-full is-resized\"><img decoding=\"async\" src=\"https:\/\/www.lestruffieres.com\/wp-content\/uploads\/2023\/06\/no-animals.png\" alt=\"no animals\" class=\"wp-image-6532\" width=\"128\" height=\"128\" srcset=\"https:\/\/www.lestruffieres.com\/wp-content\/uploads\/2023\/06\/no-animals.png 512w, https:\/\/www.lestruffieres.com\/wp-content\/uploads\/2023\/06\/no-animals-300x300.png 300w, https:\/\/www.lestruffieres.com\/wp-content\/uploads\/2023\/06\/no-animals-150x150.png 150w\" sizes=\"(max-width: 128px) 100vw, 128px\" \/><\/figure>\n<\/div><\/div>\n\n\n\n<div class=\"wp-block-column is-vertically-aligned-center is-layout-flow wp-block-column-is-layout-flow\" style=\"flex-basis:66.66%\">\n<figure class=\"wp-block-gallery has-nested-images columns-1 is-cropped galerie-slider wp-block-gallery-1 is-layout-flex wp-block-gallery-is-layout-flex\">\n<figure class=\"wp-block-image size-full\"><img decoding=\"async\" width=\"864\" height=\"576\" data-id=\"1183\" src=\"https:\/\/www.lestruffieres.com\/wp-content\/uploads\/2023\/02\/service-laverie-camping-grignan.jpg\" alt=\"laundry service camping grignan\" class=\"wp-image-1183\" srcset=\"https:\/\/www.lestruffieres.com\/wp-content\/uploads\/2023\/02\/service-laverie-camping-grignan.jpg 864w, https:\/\/www.lestruffieres.com\/wp-content\/uploads\/2023\/02\/service-laverie-camping-grignan-300x200.jpg 300w, https:\/\/www.lestruffieres.com\/wp-content\/uploads\/2023\/02\/service-laverie-camping-grignan-768x512.jpg 768w\" sizes=\"(max-width: 864px) 100vw, 864px\" \/><\/figure>\n\n\n\n<figure class=\"wp-block-image size-full\"><img decoding=\"async\" width=\"864\" height=\"576\" data-id=\"1187\" src=\"https:\/\/www.lestruffieres.com\/wp-content\/uploads\/2023\/02\/camping-avec-wifi-drome.jpg\" alt=\"camping with wifi drome\" class=\"wp-image-1187\" srcset=\"https:\/\/www.lestruffieres.com\/wp-content\/uploads\/2023\/02\/camping-avec-wifi-drome.jpg 864w, https:\/\/www.lestruffieres.com\/wp-content\/uploads\/2023\/02\/camping-avec-wifi-drome-300x200.jpg 300w, https:\/\/www.lestruffieres.com\/wp-content\/uploads\/2023\/02\/camping-avec-wifi-drome-768x512.jpg 768w\" sizes=\"(max-width: 864px) 100vw, 864px\" \/><\/figure>\n<\/figure>\n<\/div>\n<\/div>\n\n\r\n    <\/div>\r\n<\/section>\n\n<section id=\"ls-section-block_33be7208ce7143e6c2888ecf6fead7d9\" class=\"ls-section  page-three has-background green has-p-t p-t-14 has-p-b p-b-14\" >\r\n        <div class=\"container container--wide\">\r\n        \n\n<div class=\"wp-block-columns is-layout-flex wp-container-core-columns-is-layout-9d6595d7 wp-block-columns-is-layout-flex\">\n<div class=\"wp-block-column is-vertically-aligned-center is-layout-flow wp-block-column-is-layout-flow\" style=\"flex-basis:66.66%\">\n<figure class=\"wp-block-image size-full animated bounceInLeft slow delay-100ms\"><img decoding=\"async\" width=\"864\" height=\"576\" src=\"https:\/\/www.lestruffieres.com\/wp-content\/uploads\/2023\/02\/barbecue-collectif-camping-drome.jpg\" alt=\"collective barbecue camping drome\" class=\"wp-image-1192\" srcset=\"https:\/\/www.lestruffieres.com\/wp-content\/uploads\/2023\/02\/barbecue-collectif-camping-drome.jpg 864w, https:\/\/www.lestruffieres.com\/wp-content\/uploads\/2023\/02\/barbecue-collectif-camping-drome-300x200.jpg 300w, https:\/\/www.lestruffieres.com\/wp-content\/uploads\/2023\/02\/barbecue-collectif-camping-drome-768x512.jpg 768w\" sizes=\"(max-width: 864px) 100vw, 864px\" \/><\/figure>\n<\/div>\n\n\n\n<div class=\"wp-block-column is-vertically-aligned-center is-layout-flow wp-block-column-is-layout-flow\" style=\"flex-basis:33.33%\">\n<h2 class=\"ls__heading wp-block-heading deco\">The barbecue<\/h2>\n\n\n\n<p class=\"ls-paragraph\">Grilling is a vacation! The Truffi\u00e8res campsite is in an increased fire zone, <strong>a space is provided to make your barbecue in complete safety.<\/strong> There&#8217;s even a picnic table right next door, so all you have to do is settle in! <\/p>\n\n\n\n<p class=\"ls-paragraph\">\/!\\ Barbecuing can be prohibited by prefectural decree. Here again, the campsite Les Truffi\u00e8res thinks of everything and offers you the <strong>rental of gas plancha.<\/strong> <\/p>\n<\/div>\n<\/div>\n\n\r\n    <\/div>\r\n<\/section>\n\n<section id=\"ls-section-block_eef0a175b19cea0e6ee1a4dfd8087d57\" class=\"ls-section  page-four has-p-t p-t-14 has-p-b p-b-14\" >\r\n        <div class=\"container container--wide\">\r\n        \n\n<div class=\"wp-block-columns is-layout-flex wp-container-core-columns-is-layout-9d6595d7 wp-block-columns-is-layout-flex\">\n<div class=\"wp-block-column is-vertically-aligned-center is-layout-flow wp-block-column-is-layout-flow\" style=\"flex-basis:33.33%\">\n<h2 class=\"ls__heading wp-block-heading deco\">The library<\/h2>\n\n\n\n<p class=\"ls-paragraph\">Grignan&#8217;s attachment to literature is like a bridge connecting two shores. Camping Les Truffi\u00e8res has a <strong>shared library<\/strong> (French, English, Dutch, German). Located on the playground, you will find a phone booth transformed into a gold mine for avid readers. <\/p>\n\n\n\n<p class=\"ls-paragraph\">Our campground being a <strong>place of sharing<\/strong>, you will be able to give a second life to your book by leaving it in the library and take a new one.<\/p>\n<\/div>\n\n\n\n<div class=\"wp-block-column is-vertically-aligned-center is-layout-flow wp-block-column-is-layout-flow\" style=\"flex-basis:66.66%\">\n<figure class=\"wp-block-image size-full animated fadeInRight delay-100ms slow\"><img decoding=\"async\" width=\"864\" height=\"576\" src=\"https:\/\/www.lestruffieres.com\/wp-content\/uploads\/2023\/02\/bibliotheque-partagee-camping-truffieres.jpg\" alt=\"shared library camping truffiere\" class=\"wp-image-1179\" srcset=\"https:\/\/www.lestruffieres.com\/wp-content\/uploads\/2023\/02\/bibliotheque-partagee-camping-truffieres.jpg 864w, https:\/\/www.lestruffieres.com\/wp-content\/uploads\/2023\/02\/bibliotheque-partagee-camping-truffieres-300x200.jpg 300w, https:\/\/www.lestruffieres.com\/wp-content\/uploads\/2023\/02\/bibliotheque-partagee-camping-truffieres-768x512.jpg 768w\" sizes=\"(max-width: 864px) 100vw, 864px\" \/><\/figure>\n<\/div>\n<\/div>\n\n\r\n    <\/div>\r\n<\/section>\n\n<section id=\"ls-section-block_36ff00750150dd87c01f18e79358ffe9\" class=\"ls-section  page-maillage has-m-t m-t-0 has-p-t p-t-10 has-p-b p-b-14\" >\r\n        <div class=\"container container--wide\">\r\n        \n\n<div id=\"ls-heading ls-titre-div-block_48d58ddbb52bc0c0c243e5ae826f3041\" class=\"ls-titre-div deco aligncenter h2-like\" >\n    Discover our animations, our restaurant and the swimming pool!<\/div>\n\n\n<div id=\"ls-maillage-block_60aa1775c94c30d2c6320a4b088b1270\" class=\"ls-maillage cta-style-normal\" data-rows=\"3\">\r\n    <div class=\"wp-block-columns\"><div class=\"wp-block-column\">\n\n<a href=\"https:\/\/www.lestruffieres.com\/en\/entertainment\/\" target=\"\" rel=\"noopener\" class=\"ls-cta__link\">\n\n\t<div class=\"ls-cta__image\"><img decoding=\"async\" src=\"https:\/\/www.lestruffieres.com\/wp-content\/uploads\/2023\/03\/camping-familial-dans-la-drome-provencale.jpg\" alt=\"camping familial drome provencale\"><\/div>\n\t<div class=\"ls-cta__title\">\n\t\tAnimations\t<\/div>\n\t\n\t\t\n<\/a><\/div><div class=\"wp-block-column\">\n\n<a href=\"https:\/\/www.lestruffieres.com\/en\/restaurant\/\" target=\"\" rel=\"noopener\" class=\"ls-cta__link\">\n\n\t<div class=\"ls-cta__image\"><img decoding=\"async\" src=\"https:\/\/www.lestruffieres.com\/wp-content\/uploads\/2023\/02\/le-restaurant-du-camping-les-truffieres-en-provence.jpg\" alt=\"restaurant camping truffieres\"><\/div>\n\t<div class=\"ls-cta__title\">\n\t\tRestoration\t<\/div>\n\t\n\t\t\n<\/a><\/div><div class=\"wp-block-column\">\n\n<a href=\"https:\/\/www.lestruffieres.com\/en\/swimming-pool\/\" target=\"\" rel=\"noopener\" class=\"ls-cta__link\">\n\n\t<div class=\"ls-cta__image\"><img decoding=\"async\" src=\"https:\/\/www.lestruffieres.com\/wp-content\/uploads\/2023\/02\/camping-avec-piscine-et-pataugeoire-dans-la-drome.jpg\" alt=\"camping avec piscine drome\"><\/div>\n\t<div class=\"ls-cta__title\">\n\t\tSwimming pool\t<\/div>\n\t\n\t\t\n<\/a><\/div><\/div><\/div>\n\r\n    <\/div>\r\n<\/section>","protected":false},"excerpt":{"rendered":"","protected":false},"author":1,"featured_media":1210,"parent":0,"menu_order":0,"comment_status":"closed","ping_status":"closed","template":"","meta":{"_acf_changed":false,"footnotes":""},"sujet":[],"class_list":["post-2975","page","type-page","status-publish","has-post-thumbnail","hentry"],"acf":[],"yoast_head":"<!-- This site is optimized with the Yoast SEO plugin v23.4 - https:\/\/yoast.com\/wordpress\/plugins\/seo\/ -->\n<title>Activities and Services available at Camping Les Truffi\u00e8res.<\/title>\n<meta name=\"description\" content=\"Discover the services and activities of the campsite: heated swimming pool, wifi, bar, restaurant, ice cream parlour, bread and pastries, washing machine, etc.\" \/>\n<meta name=\"robots\" content=\"index, follow, max-snippet:-1, max-image-preview:large, max-video-preview:-1\" \/>\n<link rel=\"canonical\" href=\"https:\/\/www.lestruffieres.com\/en\/activities-services-campsite-grignan-provence\/\" \/>\n<meta property=\"og:locale\" content=\"en_US\" \/>\n<meta property=\"og:type\" content=\"article\" \/>\n<meta property=\"og:title\" content=\"Activities and Services available at Camping Les Truffi\u00e8res.\" \/>\n<meta property=\"og:description\" content=\"Discover the services and activities of the campsite: heated swimming pool, wifi, bar, restaurant, ice cream parlour, bread and pastries, washing machine, etc.\" \/>\n<meta property=\"og:url\" content=\"https:\/\/www.lestruffieres.com\/en\/activities-services-campsite-grignan-provence\/\" \/>\n<meta property=\"og:site_name\" content=\"Camping Les Truffi\u00e8res\" \/>\n<meta property=\"article:modified_time\" content=\"2023-06-19T09:12:56+00:00\" \/>\n<meta property=\"og:image\" content=\"https:\/\/www.lestruffieres.com\/wp-content\/uploads\/2023\/02\/camping-avec-services-qualite-truffieres-drome.jpg\" \/>\n\t<meta property=\"og:image:width\" content=\"1920\" \/>\n\t<meta property=\"og:image:height\" content=\"746\" \/>\n\t<meta property=\"og:image:type\" content=\"image\/jpeg\" \/>\n<meta name=\"twitter:card\" content=\"summary_large_image\" \/>\n<meta name=\"twitter:label1\" content=\"Est. reading time\" \/>\n\t<meta name=\"twitter:data1\" content=\"3 minutes\" \/>\n<script type=\"application\/ld+json\" class=\"yoast-schema-graph\">{\"@context\":\"https:\/\/schema.org\",\"@graph\":[{\"@type\":\"WebPage\",\"@id\":\"https:\/\/www.lestruffieres.com\/en\/activities-services-campsite-grignan-provence\/\",\"url\":\"https:\/\/www.lestruffieres.com\/en\/activities-services-campsite-grignan-provence\/\",\"name\":\"Activities and Services available at Camping Les Truffi\u00e8res.\",\"isPartOf\":{\"@id\":\"https:\/\/www.lestruffieres.com\/#website\"},\"primaryImageOfPage\":{\"@id\":\"https:\/\/www.lestruffieres.com\/en\/activities-services-campsite-grignan-provence\/#primaryimage\"},\"image\":{\"@id\":\"https:\/\/www.lestruffieres.com\/en\/activities-services-campsite-grignan-provence\/#primaryimage\"},\"thumbnailUrl\":\"https:\/\/www.lestruffieres.com\/wp-content\/uploads\/2023\/02\/camping-avec-services-qualite-truffieres-drome.jpg\",\"datePublished\":\"2023-02-06T08:08:51+00:00\",\"dateModified\":\"2023-06-19T09:12:56+00:00\",\"description\":\"Discover the services and activities of the campsite: heated swimming pool, wifi, bar, restaurant, ice cream parlour, bread and pastries, washing machine, etc.\",\"breadcrumb\":{\"@id\":\"https:\/\/www.lestruffieres.com\/en\/activities-services-campsite-grignan-provence\/#breadcrumb\"},\"inLanguage\":\"en-US\",\"potentialAction\":[{\"@type\":\"ReadAction\",\"target\":[\"https:\/\/www.lestruffieres.com\/en\/activities-services-campsite-grignan-provence\/\"]}]},{\"@type\":\"ImageObject\",\"inLanguage\":\"en-US\",\"@id\":\"https:\/\/www.lestruffieres.com\/en\/activities-services-campsite-grignan-provence\/#primaryimage\",\"url\":\"https:\/\/www.lestruffieres.com\/wp-content\/uploads\/2023\/02\/camping-avec-services-qualite-truffieres-drome.jpg\",\"contentUrl\":\"https:\/\/www.lestruffieres.com\/wp-content\/uploads\/2023\/02\/camping-avec-services-qualite-truffieres-drome.jpg\",\"width\":1920,\"height\":746,\"caption\":\"camping avec service qualit\u00e9\"},{\"@type\":\"BreadcrumbList\",\"@id\":\"https:\/\/www.lestruffieres.com\/en\/activities-services-campsite-grignan-provence\/#breadcrumb\",\"itemListElement\":[{\"@type\":\"ListItem\",\"position\":1,\"name\":\"Camping Dr\u00f4me\",\"item\":\"https:\/\/www.lestruffieres.com\/en\/\"},{\"@type\":\"ListItem\",\"position\":2,\"name\":\"Family camping in the Dr\u00f4me proven\u00e7ale\"}]},{\"@type\":\"WebSite\",\"@id\":\"https:\/\/www.lestruffieres.com\/#website\",\"url\":\"https:\/\/www.lestruffieres.com\/\",\"name\":\"Camping Les Truffi\u00e8res\",\"description\":\"\",\"publisher\":{\"@id\":\"https:\/\/www.lestruffieres.com\/#organization\"},\"potentialAction\":[{\"@type\":\"SearchAction\",\"target\":{\"@type\":\"EntryPoint\",\"urlTemplate\":\"https:\/\/www.lestruffieres.com\/?s={search_term_string}\"},\"query-input\":{\"@type\":\"PropertyValueSpecification\",\"valueRequired\":true,\"valueName\":\"search_term_string\"}}],\"inLanguage\":\"en-US\"},{\"@type\":\"Organization\",\"@id\":\"https:\/\/www.lestruffieres.com\/#organization\",\"name\":\"Camping Les Truffi\u00e8res\",\"url\":\"https:\/\/www.lestruffieres.com\/\",\"logo\":{\"@type\":\"ImageObject\",\"inLanguage\":\"en-US\",\"@id\":\"https:\/\/www.lestruffieres.com\/#\/schema\/logo\/image\/\",\"url\":\"https:\/\/www.lestruffieres.com\/wp-content\/uploads\/2023\/02\/camping-les-truffieres-logo-entete.png\",\"contentUrl\":\"https:\/\/www.lestruffieres.com\/wp-content\/uploads\/2023\/02\/camping-les-truffieres-logo-entete.png\",\"width\":742,\"height\":1020,\"caption\":\"Camping Les Truffi\u00e8res\"},\"image\":{\"@id\":\"https:\/\/www.lestruffieres.com\/#\/schema\/logo\/image\/\"}}]}<\/script>\n<!-- \/ Yoast SEO plugin. -->","yoast_head_json":{"title":"Activities and Services available at Camping Les Truffi\u00e8res.","description":"Discover the services and activities of the campsite: heated swimming pool, wifi, bar, restaurant, ice cream parlour, bread and pastries, washing machine, etc.","robots":{"index":"index","follow":"follow","max-snippet":"max-snippet:-1","max-image-preview":"max-image-preview:large","max-video-preview":"max-video-preview:-1"},"canonical":"https:\/\/www.lestruffieres.com\/en\/activities-services-campsite-grignan-provence\/","og_locale":"en_US","og_type":"article","og_title":"Activities and Services available at Camping Les Truffi\u00e8res.","og_description":"Discover the services and activities of the campsite: heated swimming pool, wifi, bar, restaurant, ice cream parlour, bread and pastries, washing machine, etc.","og_url":"https:\/\/www.lestruffieres.com\/en\/activities-services-campsite-grignan-provence\/","og_site_name":"Camping Les Truffi\u00e8res","article_modified_time":"2023-06-19T09:12:56+00:00","og_image":[{"width":1920,"height":746,"url":"https:\/\/www.lestruffieres.com\/wp-content\/uploads\/2023\/02\/camping-avec-services-qualite-truffieres-drome.jpg","type":"image\/jpeg"}],"twitter_card":"summary_large_image","twitter_misc":{"Est. reading time":"3 minutes"},"schema":{"@context":"https:\/\/schema.org","@graph":[{"@type":"WebPage","@id":"https:\/\/www.lestruffieres.com\/en\/activities-services-campsite-grignan-provence\/","url":"https:\/\/www.lestruffieres.com\/en\/activities-services-campsite-grignan-provence\/","name":"Activities and Services available at Camping Les Truffi\u00e8res.","isPartOf":{"@id":"https:\/\/www.lestruffieres.com\/#website"},"primaryImageOfPage":{"@id":"https:\/\/www.lestruffieres.com\/en\/activities-services-campsite-grignan-provence\/#primaryimage"},"image":{"@id":"https:\/\/www.lestruffieres.com\/en\/activities-services-campsite-grignan-provence\/#primaryimage"},"thumbnailUrl":"https:\/\/www.lestruffieres.com\/wp-content\/uploads\/2023\/02\/camping-avec-services-qualite-truffieres-drome.jpg","datePublished":"2023-02-06T08:08:51+00:00","dateModified":"2023-06-19T09:12:56+00:00","description":"Discover the services and activities of the campsite: heated swimming pool, wifi, bar, restaurant, ice cream parlour, bread and pastries, washing machine, etc.","breadcrumb":{"@id":"https:\/\/www.lestruffieres.com\/en\/activities-services-campsite-grignan-provence\/#breadcrumb"},"inLanguage":"en-US","potentialAction":[{"@type":"ReadAction","target":["https:\/\/www.lestruffieres.com\/en\/activities-services-campsite-grignan-provence\/"]}]},{"@type":"ImageObject","inLanguage":"en-US","@id":"https:\/\/www.lestruffieres.com\/en\/activities-services-campsite-grignan-provence\/#primaryimage","url":"https:\/\/www.lestruffieres.com\/wp-content\/uploads\/2023\/02\/camping-avec-services-qualite-truffieres-drome.jpg","contentUrl":"https:\/\/www.lestruffieres.com\/wp-content\/uploads\/2023\/02\/camping-avec-services-qualite-truffieres-drome.jpg","width":1920,"height":746,"caption":"camping avec service qualit\u00e9"},{"@type":"BreadcrumbList","@id":"https:\/\/www.lestruffieres.com\/en\/activities-services-campsite-grignan-provence\/#breadcrumb","itemListElement":[{"@type":"ListItem","position":1,"name":"Camping Dr\u00f4me","item":"https:\/\/www.lestruffieres.com\/en\/"},{"@type":"ListItem","position":2,"name":"Family camping in the Dr\u00f4me proven\u00e7ale"}]},{"@type":"WebSite","@id":"https:\/\/www.lestruffieres.com\/#website","url":"https:\/\/www.lestruffieres.com\/","name":"Camping Les Truffi\u00e8res","description":"","publisher":{"@id":"https:\/\/www.lestruffieres.com\/#organization"},"potentialAction":[{"@type":"SearchAction","target":{"@type":"EntryPoint","urlTemplate":"https:\/\/www.lestruffieres.com\/?s={search_term_string}"},"query-input":{"@type":"PropertyValueSpecification","valueRequired":true,"valueName":"search_term_string"}}],"inLanguage":"en-US"},{"@type":"Organization","@id":"https:\/\/www.lestruffieres.com\/#organization","name":"Camping Les Truffi\u00e8res","url":"https:\/\/www.lestruffieres.com\/","logo":{"@type":"ImageObject","inLanguage":"en-US","@id":"https:\/\/www.lestruffieres.com\/#\/schema\/logo\/image\/","url":"https:\/\/www.lestruffieres.com\/wp-content\/uploads\/2023\/02\/camping-les-truffieres-logo-entete.png","contentUrl":"https:\/\/www.lestruffieres.com\/wp-content\/uploads\/2023\/02\/camping-les-truffieres-logo-entete.png","width":742,"height":1020,"caption":"Camping Les Truffi\u00e8res"},"image":{"@id":"https:\/\/www.lestruffieres.com\/#\/schema\/logo\/image\/"}}]}},"_links":{"self":[{"href":"https:\/\/www.lestruffieres.com\/en\/wp-json\/wp\/v2\/pages\/2975","targetHints":{"allow":["GET"]}}],"collection":[{"href":"https:\/\/www.lestruffieres.com\/en\/wp-json\/wp\/v2\/pages"}],"about":[{"href":"https:\/\/www.lestruffieres.com\/en\/wp-json\/wp\/v2\/types\/page"}],"author":[{"embeddable":true,"href":"https:\/\/www.lestruffieres.com\/en\/wp-json\/wp\/v2\/users\/1"}],"replies":[{"embeddable":true,"href":"https:\/\/www.lestruffieres.com\/en\/wp-json\/wp\/v2\/comments?post=2975"}],"version-history":[{"count":7,"href":"https:\/\/www.lestruffieres.com\/en\/wp-json\/wp\/v2\/pages\/2975\/revisions"}],"predecessor-version":[{"id":6539,"href":"https:\/\/www.lestruffieres.com\/en\/wp-json\/wp\/v2\/pages\/2975\/revisions\/6539"}],"wp:featuredmedia":[{"embeddable":true,"href":"https:\/\/www.lestruffieres.com\/en\/wp-json\/wp\/v2\/media\/1210"}],"wp:attachment":[{"href":"https:\/\/www.lestruffieres.com\/en\/wp-json\/wp\/v2\/media?parent=2975"}],"wp:term":[{"taxonomy":"sujet","embeddable":true,"href":"https:\/\/www.lestruffieres.com\/en\/wp-json\/wp\/v2\/sujet?post=2975"}],"curies":[{"name":"wp","href":"https:\/\/api.w.org\/{rel}","templated":true}]}}