{"id":2971,"date":"2023-02-06T09:12:10","date_gmt":"2023-02-06T08:12:10","guid":{"rendered":"https:\/\/www.lestruffieres.com\/the-region\/"},"modified":"2023-03-28T09:42:13","modified_gmt":"2023-03-28T07:42:13","slug":"the-region","status":"publish","type":"page","link":"https:\/\/www.lestruffieres.com\/en\/the-region\/","title":{"rendered":"Region"},"content":{"rendered":"<section id=\"ls-section-block_432685194fcede102a2be36cddde5a5a\" class=\"ls-section  page-chapeau\" >\r\n        <div class=\"container container--wide\">\r\n        \n\n<h1 class=\"ls__heading has-text-align-center wp-block-heading\">What to visit in Dr\u00f4me Provencale ?<\/h1>\n\n\n\n<p class=\"ls-paragraph has-text-align-center\">The must, discover the country of the castles: Castle of Mrs. De S\u00e9vign\u00e9 Grignan, Castle of Mont\u00e9limar, Castle of Suze-la-Rousse&#8230; or explore the perched villages.<\/p>\n\n\n\n<p class=\"ls-paragraph has-text-align-center\">Our favorite with the children: the discovery of the miniature museum of the santons of La Provence in Grignan, will allow you to play with the mythical scenes of the past.<\/p>\n\n\r\n    <\/div>\r\n<\/section><section id=\"ls-section-block_7124acf0af439883056f83b300ad074c\" class=\"ls-section  page-one deco-fleurs has-p-t p-t-0\" >\r\n        <div class=\"container container--wide\">\r\n        \n\n<div class=\"wp-block-columns is-layout-flex wp-container-core-columns-is-layout-9d6595d7 wp-block-columns-is-layout-flex\">\n<div class=\"wp-block-column left is-layout-flow wp-block-column-is-layout-flow\" style=\"flex-basis:66.66%\">\n<figure class=\"wp-block-image size-full animated fadeIn slow\"><img decoding=\"async\" width=\"864\" height=\"576\" src=\"https:\/\/www.lestruffieres.com\/wp-content\/uploads\/2023\/03\/les-sentiers-de-andonnees-dans-la-drome.jpg\" alt=\"the paths of andonnees in the drome\" class=\"wp-image-1783\" srcset=\"https:\/\/www.lestruffieres.com\/wp-content\/uploads\/2023\/03\/les-sentiers-de-andonnees-dans-la-drome.jpg 864w, https:\/\/www.lestruffieres.com\/wp-content\/uploads\/2023\/03\/les-sentiers-de-andonnees-dans-la-drome-300x200.jpg 300w, https:\/\/www.lestruffieres.com\/wp-content\/uploads\/2023\/03\/les-sentiers-de-andonnees-dans-la-drome-768x512.jpg 768w\" sizes=\"(max-width: 864px) 100vw, 864px\" \/><\/figure>\n\n\n\n<div id=\"ls-heading ls-titre-div-block_d6a5086751f7a0a96967fe948443937e\" class=\"ls-titre-div quotes h2-like\" >\n    <strong>At Camping Les Truffi\u00e8res<\/strong> in the heart of the Dr\u00f4me Proven\u00e7ale, C\u00e9lina and Brendon do everything they can to make your stay a success! <\/div>\n<\/div>\n\n\n\n<div class=\"wp-block-column right is-layout-flow wp-block-column-is-layout-flow\" style=\"flex-basis:33.33%\">\n<h2 class=\"ls__heading deco wp-block-heading\">Hiking trails in the Dr\u00f4me <\/h2>\n\n\n\n<p class=\"ls-paragraph\">If you are as sporty as we are, come and explore the <strong>marked trails for hiking<\/strong>mountain biking, climbing, paragliding, canoeing in the Dr\u00f4me or in the Ard\u00e8che, horseback riding 100 meters from the campsite, tennis in Grignan, golf 6 km from the campsite <a href=\"https:\/\/www.lestruffieres.com\/en\/\">camping Les Truffi\u00e8res<\/a>or for the more experienced, challenge the famous Mont Ventoux.<\/p>\n\n\n\n<h2 class=\"ls__heading deco wp-block-heading\">Culinary break: the gastronomy of Provence<\/h2>\n\n\n\n<p class=\"ls-paragraph\">If you are a gourmet, <strong>come and taste the local products<\/strong> thanks to the vineyards and olive groves of the region which will welcome you to discover their knowledge and their passion, without forgetting the lavender distillery and the truffle culture. You will stay in the l<strong>and of truffle cultivation<\/strong> so you can discover &#8220;the black gold of our region&#8221;. And for the gourmands, the nougat of Mont\u00e9limar with the syrup of Eyguebelle will awake your papillae.<\/p>\n<\/div>\n<\/div>\n\n\r\n    <\/div>\r\n<\/section><section id=\"ls-section-block_37b3a4da99a74d81007d00149a9d8b8c\" class=\"ls-section  page-two has-background has-color-3-background-color has-p-t p-t-14 has-p-b p-b-14\" >\r\n        <div class=\"container container--wide\">\r\n        \n\n<div class=\"wp-block-columns is-layout-flex wp-container-core-columns-is-layout-9d6595d7 wp-block-columns-is-layout-flex\">\n<div class=\"wp-block-column is-layout-flow wp-block-column-is-layout-flow\" style=\"flex-basis:33.33%\">\n<h2 class=\"ls__heading deco wp-block-heading\">Your visits and activities<\/h2>\n\n\n\n<p class=\"ls-paragraph\"><strong>The must-sees<\/strong> : The crocodile farm, the Aven d&#8217;Orgnac or the Pont d&#8217;Arc cave, the Pont du Gard, the Alexis Gruss Circus Park or the discovery of the Tricastin power plant or of course the famous Pont d&#8217;Avignon and the Palace of the Popes will amaze you. Discovery possible <strong>in couple or in family.<\/strong><\/p>\n\n\n\n<p class=\"ls-paragraph\">A family day: The accrobranche, a descent in canoe or a stroll in horse will allow you to spend a pleasant day in family.<\/p>\n\n\n\n<p class=\"ls-paragraph\">And why not stroll in the <a href=\"https:\/\/www.lestruffieres.com\/en\/the-provencal-markets\/\">unavoidable Provencal Markets<\/a>, around Grignan. Smell the flavors of the Dr\u00f4me proven\u00e7ale, buy <strong>local products<\/strong>, or buy souvenirs (Grignan, Nyons, Valr\u00e9as, St Paul 3 Ch\u00e2teaux, Vaison la Romaine&#8230;).<\/p>\n\n\n\n<p class=\"ls-paragraph addReadMore showlesscontent\">Our campsite is located in <a href=\"https:\/\/www.ladrometourisme.com\/\" target=\"_blank\" rel=\"noreferrer noopener nofollow\">the Dr\u00f4me proven\u00e7ale<\/a>, at the gateway to the enclave of the Popes and a few kilometers from the Ard\u00e8che, so we offer a <strong>wide choice of activities.<\/strong><br\/><br\/>And to discover our region even better&#8230; you can consult the <a href=\"https:\/\/www.ladrometourisme.com\/preparez-votre-sejour\/l-agenda\/\" target=\"_blank\" rel=\"noreferrer noopener nofollow\">Tourist Office Agenda.<\/a><\/p>\n<\/div>\n\n\n\n<div class=\"wp-block-column is-vertically-aligned-center is-layout-flow wp-block-column-is-layout-flow\" style=\"flex-basis:66.66%\">\n<figure class=\"wp-block-gallery has-nested-images columns-1 is-cropped galerie-slider wp-block-gallery-1 is-layout-flex wp-block-gallery-is-layout-flex\">\n<figure class=\"wp-block-image size-full\"><img decoding=\"async\" width=\"864\" height=\"576\" data-id=\"1786\" src=\"https:\/\/www.lestruffieres.com\/wp-content\/uploads\/2023\/03\/decouvrir-le-pont-du-gard.jpg\" alt=\"discover the pont du gard\" class=\"wp-image-1786\" srcset=\"https:\/\/www.lestruffieres.com\/wp-content\/uploads\/2023\/03\/decouvrir-le-pont-du-gard.jpg 864w, https:\/\/www.lestruffieres.com\/wp-content\/uploads\/2023\/03\/decouvrir-le-pont-du-gard-300x200.jpg 300w, https:\/\/www.lestruffieres.com\/wp-content\/uploads\/2023\/03\/decouvrir-le-pont-du-gard-768x512.jpg 768w\" sizes=\"(max-width: 864px) 100vw, 864px\" \/><\/figure>\n\n\n\n<figure class=\"wp-block-image size-full\"><img decoding=\"async\" width=\"864\" height=\"576\" data-id=\"1788\" src=\"https:\/\/www.lestruffieres.com\/wp-content\/uploads\/2023\/03\/faire-du-canoe-kayak-dans-la-drome.jpg\" alt=\"canoeing and kayaking in the drome\" class=\"wp-image-1788\" srcset=\"https:\/\/www.lestruffieres.com\/wp-content\/uploads\/2023\/03\/faire-du-canoe-kayak-dans-la-drome.jpg 864w, https:\/\/www.lestruffieres.com\/wp-content\/uploads\/2023\/03\/faire-du-canoe-kayak-dans-la-drome-300x200.jpg 300w, https:\/\/www.lestruffieres.com\/wp-content\/uploads\/2023\/03\/faire-du-canoe-kayak-dans-la-drome-768x512.jpg 768w\" sizes=\"(max-width: 864px) 100vw, 864px\" \/><\/figure>\n<\/figure>\n<\/div>\n<\/div>\n\n\r\n    <\/div>\r\n<\/section><section id=\"ls-section-block_eed858a20d92d516dcad27e3d489431c\" class=\"ls-section  page-maillage has-p-t p-t-14 has-p-b p-b-14\" >\r\n        <div class=\"container container--wide\">\r\n        \n\n<div id=\"ls-heading ls-titre-div-block_0020ab2be03d0b222105554e2537f4a1\" class=\"ls-titre-div deco aligncenter h2-like\" >\n    Discover the surroundings of our campsite!<\/div>\n\n\n<div id=\"ls-maillage-block_a016a272edb4f143a4c1f54dde70ed0d\" class=\"ls-maillage cta-style-normal\" data-rows=\"3\">\r\n    <div class=\"wp-block-columns\"><div class=\"wp-block-column\">\n\n<a href=\"https:\/\/www.lestruffieres.com\/en\/holiday-stays-camping-chamaret\/\" target=\"\" rel=\"noopener\" class=\"ls-cta__link\">\n\n\t<div class=\"ls-cta__image\"><img decoding=\"async\" src=\"https:\/\/www.lestruffieres.com\/wp-content\/uploads\/2023\/03\/village-chamaret-dans-la-drome.jpg\" alt=\"village chamaret dans la drome\"><\/div>\n\t<div class=\"ls-cta__title\">\n\t\tVillage of Chamaret\t<\/div>\n\t\n\t\t\n<\/a><\/div><div class=\"wp-block-column\">\n\n<a href=\"https:\/\/www.lestruffieres.com\/en\/holiday-stays-camping-grignan\/\" target=\"\" rel=\"noopener\" class=\"ls-cta__link\">\n\n\t<div class=\"ls-cta__image\"><img decoding=\"async\" src=\"https:\/\/www.lestruffieres.com\/wp-content\/uploads\/2023\/03\/camping-les-truffieres-a-grignan-768x298.webp\" alt=\"camping a grignan\"><\/div>\n\t<div class=\"ls-cta__title\">\n\t\tVillage of Grignan\t<\/div>\n\t\n\t\t\n<\/a><\/div><div class=\"wp-block-column\">\n\n<a href=\"https:\/\/www.lestruffieres.com\/en\/vacation-stays-camping-the-guard-adhemar\/\" target=\"\" rel=\"noopener\" class=\"ls-cta__link\">\n\n\t<div class=\"ls-cta__image\"><img decoding=\"async\" src=\"https:\/\/www.lestruffieres.com\/wp-content\/uploads\/2023\/03\/village-de-la-garde-adhemar-dans-la-drome.jpg\" alt=\"village de la garde adhemar dans la drome\"><\/div>\n\t<div class=\"ls-cta__title\">\n\t\tVillage of La Garde Adh\u00e9mar\t<\/div>\n\t\n\t\t\n<\/a><\/div><\/div><\/div>\n\r\n    <\/div>\r\n<\/section>","protected":false},"excerpt":{"rendered":"","protected":false},"author":1,"featured_media":1792,"parent":0,"menu_order":0,"comment_status":"closed","ping_status":"closed","template":"","meta":{"_acf_changed":false,"footnotes":""},"sujet":[],"class_list":["post-2971","page","type-page","status-publish","has-post-thumbnail","hentry"],"acf":[],"yoast_head":"<!-- This site is optimized with the Yoast SEO plugin v23.4 - https:\/\/yoast.com\/wordpress\/plugins\/seo\/ -->\n<title>What to visit in the Dr\u00f4me Proven\u00e7ale ?<\/title>\n<meta name=\"description\" content=\"Discover the most beautiful things to see and visit during your stay in Dr\u00f4me provencale\" \/>\n<meta name=\"robots\" content=\"index, follow, max-snippet:-1, max-image-preview:large, max-video-preview:-1\" \/>\n<link rel=\"canonical\" href=\"https:\/\/www.lestruffieres.com\/en\/the-region\/\" \/>\n<meta property=\"og:locale\" content=\"en_US\" \/>\n<meta property=\"og:type\" content=\"article\" \/>\n<meta property=\"og:title\" content=\"What to visit in the Dr\u00f4me Proven\u00e7ale ?\" \/>\n<meta property=\"og:description\" content=\"Discover the most beautiful things to see and visit during your stay in Dr\u00f4me provencale\" \/>\n<meta property=\"og:url\" content=\"https:\/\/www.lestruffieres.com\/en\/the-region\/\" \/>\n<meta property=\"og:site_name\" content=\"Camping Les Truffi\u00e8res\" \/>\n<meta property=\"article:modified_time\" content=\"2023-03-28T07:42:13+00:00\" \/>\n<meta property=\"og:image\" content=\"https:\/\/www.lestruffieres.com\/wp-content\/uploads\/2023\/03\/decouvrir-les-paysages-de-la-drome.webp\" \/>\n\t<meta property=\"og:image:width\" content=\"1920\" \/>\n\t<meta property=\"og:image:height\" content=\"746\" \/>\n\t<meta property=\"og:image:type\" content=\"image\/webp\" \/>\n<meta name=\"twitter:card\" content=\"summary_large_image\" \/>\n<meta name=\"twitter:label1\" content=\"Est. reading time\" \/>\n\t<meta name=\"twitter:data1\" content=\"3 minutes\" \/>\n<script type=\"application\/ld+json\" class=\"yoast-schema-graph\">{\"@context\":\"https:\/\/schema.org\",\"@graph\":[{\"@type\":\"WebPage\",\"@id\":\"https:\/\/www.lestruffieres.com\/en\/the-region\/\",\"url\":\"https:\/\/www.lestruffieres.com\/en\/the-region\/\",\"name\":\"What to visit in the Dr\u00f4me Proven\u00e7ale ?\",\"isPartOf\":{\"@id\":\"https:\/\/www.lestruffieres.com\/#website\"},\"primaryImageOfPage\":{\"@id\":\"https:\/\/www.lestruffieres.com\/en\/the-region\/#primaryimage\"},\"image\":{\"@id\":\"https:\/\/www.lestruffieres.com\/en\/the-region\/#primaryimage\"},\"thumbnailUrl\":\"https:\/\/www.lestruffieres.com\/wp-content\/uploads\/2023\/03\/decouvrir-les-paysages-de-la-drome.webp\",\"datePublished\":\"2023-02-06T08:12:10+00:00\",\"dateModified\":\"2023-03-28T07:42:13+00:00\",\"description\":\"Discover the most beautiful things to see and visit during your stay in Dr\u00f4me provencale\",\"breadcrumb\":{\"@id\":\"https:\/\/www.lestruffieres.com\/en\/the-region\/#breadcrumb\"},\"inLanguage\":\"en-US\",\"potentialAction\":[{\"@type\":\"ReadAction\",\"target\":[\"https:\/\/www.lestruffieres.com\/en\/the-region\/\"]}]},{\"@type\":\"ImageObject\",\"inLanguage\":\"en-US\",\"@id\":\"https:\/\/www.lestruffieres.com\/en\/the-region\/#primaryimage\",\"url\":\"https:\/\/www.lestruffieres.com\/wp-content\/uploads\/2023\/03\/decouvrir-les-paysages-de-la-drome.webp\",\"contentUrl\":\"https:\/\/www.lestruffieres.com\/wp-content\/uploads\/2023\/03\/decouvrir-les-paysages-de-la-drome.webp\",\"width\":1920,\"height\":746,\"caption\":\"visiter la drome\"},{\"@type\":\"BreadcrumbList\",\"@id\":\"https:\/\/www.lestruffieres.com\/en\/the-region\/#breadcrumb\",\"itemListElement\":[{\"@type\":\"ListItem\",\"position\":1,\"name\":\"Camping Dr\u00f4me\",\"item\":\"https:\/\/www.lestruffieres.com\/en\/\"},{\"@type\":\"ListItem\",\"position\":2,\"name\":\"Visit the Dr\u00f4me proven\u00e7ale\"}]},{\"@type\":\"WebSite\",\"@id\":\"https:\/\/www.lestruffieres.com\/#website\",\"url\":\"https:\/\/www.lestruffieres.com\/\",\"name\":\"Camping Les Truffi\u00e8res\",\"description\":\"\",\"publisher\":{\"@id\":\"https:\/\/www.lestruffieres.com\/#organization\"},\"potentialAction\":[{\"@type\":\"SearchAction\",\"target\":{\"@type\":\"EntryPoint\",\"urlTemplate\":\"https:\/\/www.lestruffieres.com\/?s={search_term_string}\"},\"query-input\":{\"@type\":\"PropertyValueSpecification\",\"valueRequired\":true,\"valueName\":\"search_term_string\"}}],\"inLanguage\":\"en-US\"},{\"@type\":\"Organization\",\"@id\":\"https:\/\/www.lestruffieres.com\/#organization\",\"name\":\"Camping Les Truffi\u00e8res\",\"url\":\"https:\/\/www.lestruffieres.com\/\",\"logo\":{\"@type\":\"ImageObject\",\"inLanguage\":\"en-US\",\"@id\":\"https:\/\/www.lestruffieres.com\/#\/schema\/logo\/image\/\",\"url\":\"https:\/\/www.lestruffieres.com\/wp-content\/uploads\/2023\/02\/camping-les-truffieres-logo-entete.png\",\"contentUrl\":\"https:\/\/www.lestruffieres.com\/wp-content\/uploads\/2023\/02\/camping-les-truffieres-logo-entete.png\",\"width\":742,\"height\":1020,\"caption\":\"Camping Les Truffi\u00e8res\"},\"image\":{\"@id\":\"https:\/\/www.lestruffieres.com\/#\/schema\/logo\/image\/\"}}]}<\/script>\n<!-- \/ Yoast SEO plugin. -->","yoast_head_json":{"title":"What to visit in the Dr\u00f4me Proven\u00e7ale ?","description":"Discover the most beautiful things to see and visit during your stay in Dr\u00f4me provencale","robots":{"index":"index","follow":"follow","max-snippet":"max-snippet:-1","max-image-preview":"max-image-preview:large","max-video-preview":"max-video-preview:-1"},"canonical":"https:\/\/www.lestruffieres.com\/en\/the-region\/","og_locale":"en_US","og_type":"article","og_title":"What to visit in the Dr\u00f4me Proven\u00e7ale ?","og_description":"Discover the most beautiful things to see and visit during your stay in Dr\u00f4me provencale","og_url":"https:\/\/www.lestruffieres.com\/en\/the-region\/","og_site_name":"Camping Les Truffi\u00e8res","article_modified_time":"2023-03-28T07:42:13+00:00","og_image":[{"width":1920,"height":746,"url":"https:\/\/www.lestruffieres.com\/wp-content\/uploads\/2023\/03\/decouvrir-les-paysages-de-la-drome.webp","type":"image\/webp"}],"twitter_card":"summary_large_image","twitter_misc":{"Est. reading time":"3 minutes"},"schema":{"@context":"https:\/\/schema.org","@graph":[{"@type":"WebPage","@id":"https:\/\/www.lestruffieres.com\/en\/the-region\/","url":"https:\/\/www.lestruffieres.com\/en\/the-region\/","name":"What to visit in the Dr\u00f4me Proven\u00e7ale ?","isPartOf":{"@id":"https:\/\/www.lestruffieres.com\/#website"},"primaryImageOfPage":{"@id":"https:\/\/www.lestruffieres.com\/en\/the-region\/#primaryimage"},"image":{"@id":"https:\/\/www.lestruffieres.com\/en\/the-region\/#primaryimage"},"thumbnailUrl":"https:\/\/www.lestruffieres.com\/wp-content\/uploads\/2023\/03\/decouvrir-les-paysages-de-la-drome.webp","datePublished":"2023-02-06T08:12:10+00:00","dateModified":"2023-03-28T07:42:13+00:00","description":"Discover the most beautiful things to see and visit during your stay in Dr\u00f4me provencale","breadcrumb":{"@id":"https:\/\/www.lestruffieres.com\/en\/the-region\/#breadcrumb"},"inLanguage":"en-US","potentialAction":[{"@type":"ReadAction","target":["https:\/\/www.lestruffieres.com\/en\/the-region\/"]}]},{"@type":"ImageObject","inLanguage":"en-US","@id":"https:\/\/www.lestruffieres.com\/en\/the-region\/#primaryimage","url":"https:\/\/www.lestruffieres.com\/wp-content\/uploads\/2023\/03\/decouvrir-les-paysages-de-la-drome.webp","contentUrl":"https:\/\/www.lestruffieres.com\/wp-content\/uploads\/2023\/03\/decouvrir-les-paysages-de-la-drome.webp","width":1920,"height":746,"caption":"visiter la drome"},{"@type":"BreadcrumbList","@id":"https:\/\/www.lestruffieres.com\/en\/the-region\/#breadcrumb","itemListElement":[{"@type":"ListItem","position":1,"name":"Camping Dr\u00f4me","item":"https:\/\/www.lestruffieres.com\/en\/"},{"@type":"ListItem","position":2,"name":"Visit the Dr\u00f4me proven\u00e7ale"}]},{"@type":"WebSite","@id":"https:\/\/www.lestruffieres.com\/#website","url":"https:\/\/www.lestruffieres.com\/","name":"Camping Les Truffi\u00e8res","description":"","publisher":{"@id":"https:\/\/www.lestruffieres.com\/#organization"},"potentialAction":[{"@type":"SearchAction","target":{"@type":"EntryPoint","urlTemplate":"https:\/\/www.lestruffieres.com\/?s={search_term_string}"},"query-input":{"@type":"PropertyValueSpecification","valueRequired":true,"valueName":"search_term_string"}}],"inLanguage":"en-US"},{"@type":"Organization","@id":"https:\/\/www.lestruffieres.com\/#organization","name":"Camping Les Truffi\u00e8res","url":"https:\/\/www.lestruffieres.com\/","logo":{"@type":"ImageObject","inLanguage":"en-US","@id":"https:\/\/www.lestruffieres.com\/#\/schema\/logo\/image\/","url":"https:\/\/www.lestruffieres.com\/wp-content\/uploads\/2023\/02\/camping-les-truffieres-logo-entete.png","contentUrl":"https:\/\/www.lestruffieres.com\/wp-content\/uploads\/2023\/02\/camping-les-truffieres-logo-entete.png","width":742,"height":1020,"caption":"Camping Les Truffi\u00e8res"},"image":{"@id":"https:\/\/www.lestruffieres.com\/#\/schema\/logo\/image\/"}}]}},"_links":{"self":[{"href":"https:\/\/www.lestruffieres.com\/en\/wp-json\/wp\/v2\/pages\/2971","targetHints":{"allow":["GET"]}}],"collection":[{"href":"https:\/\/www.lestruffieres.com\/en\/wp-json\/wp\/v2\/pages"}],"about":[{"href":"https:\/\/www.lestruffieres.com\/en\/wp-json\/wp\/v2\/types\/page"}],"author":[{"embeddable":true,"href":"https:\/\/www.lestruffieres.com\/en\/wp-json\/wp\/v2\/users\/1"}],"replies":[{"embeddable":true,"href":"https:\/\/www.lestruffieres.com\/en\/wp-json\/wp\/v2\/comments?post=2971"}],"version-history":[{"count":7,"href":"https:\/\/www.lestruffieres.com\/en\/wp-json\/wp\/v2\/pages\/2971\/revisions"}],"predecessor-version":[{"id":6477,"href":"https:\/\/www.lestruffieres.com\/en\/wp-json\/wp\/v2\/pages\/2971\/revisions\/6477"}],"wp:featuredmedia":[{"embeddable":true,"href":"https:\/\/www.lestruffieres.com\/en\/wp-json\/wp\/v2\/media\/1792"}],"wp:attachment":[{"href":"https:\/\/www.lestruffieres.com\/en\/wp-json\/wp\/v2\/media?parent=2971"}],"wp:term":[{"taxonomy":"sujet","embeddable":true,"href":"https:\/\/www.lestruffieres.com\/en\/wp-json\/wp\/v2\/sujet?post=2971"}],"curies":[{"name":"wp","href":"https:\/\/api.w.org\/{rel}","templated":true}]}}