{"id":2965,"date":"2023-02-06T09:11:44","date_gmt":"2023-02-06T08:11:44","guid":{"rendered":"https:\/\/www.lestruffieres.com\/promotion\/"},"modified":"2023-03-28T08:35:29","modified_gmt":"2023-03-28T06:35:29","slug":"promotion","status":"publish","type":"page","link":"https:\/\/www.lestruffieres.com\/en\/promotion\/","title":{"rendered":"Promotions"},"content":{"rendered":"<section id=\"ls-section-block_df26fb41199597f69686664d3a7e5fa8\" class=\"ls-section  page-intro has-p-b p-b-4\" >\r\n        <div class=\"container container--wide\">\r\n        \n\n<h1 class=\"ls__heading has-text-align-center wp-block-heading\">Cheap camping in the Dr\u00f4me<\/h1>\n\n\r\n    <\/div>\r\n<\/section>\n\n<section id=\"ls-section-block_acb77aaa43cf4936f2cbd3836699b390\" class=\"ls-section  has-m-t m-t-0 has-p-t p-t-0\" >\r\n        <div class=\"container \">\r\n        \n\n<script>\n    window.ctoutvert = {\n\t\tid: 2561, \n\t\tlang: 'auto', \n\t\turl: 'https:\/\/bookingpremium.secureholiday.net\/widgets\/'\n    };\n\n    (function (w, d, s, ctv, r, js, fjs) {\n        r=new XMLHttpRequest();r.open('GET',w[ctv].url+'js\/src.json');\n        r.responseType='json';r.json=true;r.send();\n        r.onload=function(){w[ctv].src=r.responseType=='json'?r.response:JSON.parse(r.response);\n        js.src=w[ctv].src[0];fjs.parentNode.insertBefore(js, fjs);}\n        js=d.createElement(s),fjs=d.getElementsByTagName(s)[0];\n        js.id='ctvwidget';js.async=1;\n    }(window, document, 'script', 'ctoutvert'));\n<\/script>\n<ctv-offers data-display-mode=\"carousel\"><\/ctv-offers>\n\n\r\n    <\/div>\r\n<\/section>\n\n<section id=\"ls-section-block_d4618fb7abcfe3408286c92593c672b3\" class=\"ls-section  page-three has-background green has-p-t p-t-14 has-p-b p-b-14\" >\r\n        <div class=\"container container--wide\">\r\n        \n\n<div class=\"wp-block-columns is-layout-flex wp-container-core-columns-is-layout-9d6595d7 wp-block-columns-is-layout-flex\">\n<div class=\"wp-block-column is-vertically-aligned-center is-layout-flow wp-block-column-is-layout-flow\" style=\"flex-basis:66.66%\">\n<figure class=\"wp-block-image size-full animated bounceInLeft slow delay-100ms\"><img decoding=\"async\" width=\"864\" height=\"576\" src=\"https:\/\/www.lestruffieres.com\/wp-content\/uploads\/2023\/03\/camping-truffieres-mobil-home-a-petit-prix.jpg\" alt=\"camping truffieres mobile home at low price\" class=\"wp-image-2005\" srcset=\"https:\/\/www.lestruffieres.com\/wp-content\/uploads\/2023\/03\/camping-truffieres-mobil-home-a-petit-prix.jpg 864w, https:\/\/www.lestruffieres.com\/wp-content\/uploads\/2023\/03\/camping-truffieres-mobil-home-a-petit-prix-300x200.jpg 300w, https:\/\/www.lestruffieres.com\/wp-content\/uploads\/2023\/03\/camping-truffieres-mobil-home-a-petit-prix-768x512.jpg 768w\" sizes=\"(max-width: 864px) 100vw, 864px\" \/><\/figure>\n<\/div>\n\n\n\n<div class=\"wp-block-column is-vertically-aligned-center is-layout-flow wp-block-column-is-layout-flow\" style=\"flex-basis:33.33%\">\n<h2 class=\"ls__heading deco wp-block-heading\">Take advantage of our promotional offers in Grignan<\/h2>\n\n\n\n<div id=\"ls-heading ls-titre-div-block_0148d240b68cf9404f9bf044ceb42117\" class=\"ls-titre-div h3-like\" >\n    The future belongs to those who book early.<\/div>\n\n\n\n<p class=\"ls-paragraph\">By booking early, get a head start on your vacation and enjoy your choice of rental or site <strong>at a discount.<\/strong><\/p>\n\n\n\n<p class=\"ls-paragraph\">By booking before 31\/12, benefit from our Early booking offer:<\/p>\n\n\n\n<ul class=\"ls-list wp-block-list\">\n<li>Save up to 20<\/li>\n\n\n\n<li>Rental rate from 50 \u20ac per night<\/li>\n\n\n\n<li>Modify your stay up to 21 days before your departure<\/li>\n\n\n\n<li>The guarantee of being able to book the most popular accommodations: first come, first served!<\/li>\n<\/ul>\n\n\n\n<p class=\"ls-paragraph\">The <a href=\"https:\/\/www.lestruffieres.com\/en\/\">campsite Les Truffi\u00e8res<\/a> is <strong>open from 07 April to 09 October 2023.<\/strong> You can contact us by email at info@lestruffieres or by phone<\/p>\n<\/div>\n<\/div>\n\n\r\n    <\/div>\r\n<\/section>\n\n<section id=\"ls-section-block_0855b2afe3be4f5f253264d5ef4b6bef\" class=\"ls-section  page-four has-p-t p-t-14 has-p-b p-b-14\" >\r\n        <div class=\"container container--wide\">\r\n        \n\n<div class=\"wp-block-columns is-layout-flex wp-container-core-columns-is-layout-9d6595d7 wp-block-columns-is-layout-flex\">\n<div class=\"wp-block-column is-vertically-aligned-center is-layout-flow wp-block-column-is-layout-flow\" style=\"flex-basis:33.33%\">\n<h2 class=\"ls__heading deco wp-block-heading\">Our promotions on your stay at the campsite<\/h2>\n\n\n\n<p class=\"ls-paragraph\">The advantages of our campsite: <strong>The application fees are free during the whole season.<\/strong><\/p>\n\n\n\n<p class=\"ls-paragraph\">Our <a href=\"https:\/\/www.lestruffieres.com\/en\/mobile-home-rental-drome\/\">accommodation rentals :<\/a><\/p>\n\n\n\n<ul class=\"ls-list wp-block-list\">\n<li>Reservation for 2 days in off-season in <a href=\"https:\/\/www.lestruffieres.com\/en\/rental-unsual-grignan\/\">glamping<\/a> or classic accommodation for rejuvenating weekends<\/li>\n\n\n\n<li>Cancellation insurance covers you in case of unexpected events<\/li>\n\n\n\n<li>A wide choice of possibilities<\/li>\n<\/ul>\n<\/div>\n\n\n\n<div class=\"wp-block-column is-vertically-aligned-center is-layout-flow wp-block-column-is-layout-flow\" style=\"flex-basis:66.66%\">\n<figure class=\"wp-block-image size-full animated fadeInRight delay-100ms slow\"><img decoding=\"async\" width=\"864\" height=\"576\" src=\"https:\/\/www.lestruffieres.com\/wp-content\/uploads\/2023\/03\/profitez-de-vacances-glamping-dans-la-drome.jpg\" alt=\"enjoy a glamping vacation in drome\" class=\"wp-image-2014\" srcset=\"https:\/\/www.lestruffieres.com\/wp-content\/uploads\/2023\/03\/profitez-de-vacances-glamping-dans-la-drome.jpg 864w, https:\/\/www.lestruffieres.com\/wp-content\/uploads\/2023\/03\/profitez-de-vacances-glamping-dans-la-drome-300x200.jpg 300w, https:\/\/www.lestruffieres.com\/wp-content\/uploads\/2023\/03\/profitez-de-vacances-glamping-dans-la-drome-768x512.jpg 768w\" sizes=\"(max-width: 864px) 100vw, 864px\" \/><\/figure>\n<\/div>\n<\/div>\n\n\r\n    <\/div>\r\n<\/section>\n\n<section id=\"ls-section-block_f939ac3ec630d6168bb3fdcb85ddb516\" class=\"ls-section  has-background has-color-3-background-color\" >\r\n        <div class=\"container container--wide\">\r\n        \n\n<div class=\"wp-block-columns is-layout-flex wp-container-core-columns-is-layout-9d6595d7 wp-block-columns-is-layout-flex\">\n<div class=\"wp-block-column is-vertically-aligned-center is-layout-flow wp-block-column-is-layout-flow\" style=\"flex-basis:66.66%\">\n<figure class=\"wp-block-image size-full animated fadeInRight delay-100ms slow\"><img decoding=\"async\" width=\"864\" height=\"576\" src=\"https:\/\/www.lestruffieres.com\/wp-content\/uploads\/2023\/03\/emplacement-tente-caravane-les-truffieres.jpg\" alt=\"location tent caravan les truffieres\" class=\"wp-image-2009\" srcset=\"https:\/\/www.lestruffieres.com\/wp-content\/uploads\/2023\/03\/emplacement-tente-caravane-les-truffieres.jpg 864w, https:\/\/www.lestruffieres.com\/wp-content\/uploads\/2023\/03\/emplacement-tente-caravane-les-truffieres-300x200.jpg 300w, https:\/\/www.lestruffieres.com\/wp-content\/uploads\/2023\/03\/emplacement-tente-caravane-les-truffieres-768x512.jpg 768w\" sizes=\"(max-width: 864px) 100vw, 864px\" \/><\/figure>\n<\/div>\n\n\n\n<div class=\"wp-block-column is-vertically-aligned-center is-layout-flow wp-block-column-is-layout-flow\" style=\"flex-basis:33.33%\">\n<p class=\"ls-paragraph\">Our camping sites :<\/p>\n\n\n\n<ul class=\"ls-list wp-block-list\">\n<li>Reservation 1 night<\/li>\n\n\n\n<li>All packages include the <a href=\"https:\/\/www.lestruffieres.com\/en\/pitches\/\">rental of the site<\/a> for 2 persons with your installation and electricity<\/li>\n\n\n\n<li>Water fountain near each site<\/li>\n\n\n\n<li>10 Amp on all locations<\/li>\n\n\n\n<li>Rental of fridge or table and chairs possible according to our availability<\/li>\n\n\n\n<li>Cancellation insurance covers you in case of unexpected events<\/li>\n\n\n\n<li>A wide choice of possibilities<\/li>\n<\/ul>\n<\/div>\n<\/div>\n\n\r\n    <\/div>\r\n<\/section>\n\n<section id=\"ls-section-block_5454131573b8203b28308a5728c75f6f\" class=\"ls-section  page-five has-background has-color-white-background-color has-m-b m-b-0 has-p-t p-t-8 has-p-b p-b-4\" >\r\n        <div class=\"container container--wide\">\r\n        \n\n<div id=\"ls-heading ls-titre-div-block_98665ef1d20899aa7ee82c8d89caabe9\" class=\"ls-titre-div deco aligncenter h2-like\" >\n    Practical information<\/div>\n\n\n\n<p class=\"ls-paragraph has-text-align-center\">If you want an information, a special price or if you don&#8217;t find what you want, <strong>you can call us at 04 75 46 93 62<\/strong> or <strong>send us an email info@lestruffieres.com.<\/strong><\/p>\n\n\n\n<p class=\"ls-paragraph has-text-align-center\">Reassurance: We advise you to opt for the cancellation insurance which covers you individually in case of impossibility to enjoy your vacations. But in case of governmental decisions to close our campsite or travel restrictions or border closures, we will offer you either a refund or a credit. Be reassured we will be listening to you.<\/p>\n\n\r\n    <\/div>\r\n<\/section>\n\n<section id=\"ls-section-block_4f92b08338e7924b20333775e712a874\" class=\"ls-section  page-maillage has-m-t m-t-0 has-p-t p-t-4 has-p-b p-b-14\" >\r\n        <div class=\"container container--wide\">\r\n        \n\n<div id=\"ls-heading ls-titre-div-block_dc6ac993a721d696dac6862ed7730966\" class=\"ls-titre-div deco aligncenter h2-like\" >\n    Discover our different types of accommodation!<\/div>\n\n\n<div id=\"ls-maillage-block_272fc81ad905e91f7eecfdf12bac8a40\" class=\"ls-maillage cta-style-normal\" data-rows=\"3\">\r\n    <div class=\"wp-block-columns\"><div class=\"wp-block-column\">\n\n<a href=\"https:\/\/www.lestruffieres.com\/en\/mobile-home-rental-drome\/\" target=\"\" rel=\"noopener\" class=\"ls-cta__link\">\n\n\t<div class=\"ls-cta__image\"><img decoding=\"async\" src=\"https:\/\/www.lestruffieres.com\/wp-content\/uploads\/2023\/03\/location-de-mobil-home-dans-la-drome-768x512.jpg\" alt=\"location de mobil home dans la drome\"><\/div>\n\t<div class=\"ls-cta__title\">\n\t\tOur mobile homes\t<\/div>\n\t\n\t\t\n<\/a><\/div><div class=\"wp-block-column\">\n\n<a href=\"https:\/\/www.lestruffieres.com\/en\/pitches\/\" target=\"\" rel=\"noopener\" class=\"ls-cta__link\">\n\n\t<div class=\"ls-cta__image\"><img decoding=\"async\" src=\"https:\/\/www.lestruffieres.com\/wp-content\/uploads\/2023\/03\/emplacement-tente-camping-truffieres-768x512.jpg\" alt=\"emplacement tente grignan\"><\/div>\n\t<div class=\"ls-cta__title\">\n\t\tThe pitches\t<\/div>\n\t\n\t\t\n<\/a><\/div><div class=\"wp-block-column\">\n\n<a href=\"https:\/\/www.lestruffieres.com\/en\/rental-unsual-grignan\/\" target=\"\" rel=\"noopener\" class=\"ls-cta__link\">\n\n\t<div class=\"ls-cta__image\"><img decoding=\"async\" src=\"https:\/\/www.lestruffieres.com\/wp-content\/uploads\/2023\/03\/tente-lodge.webp\" alt=\"tente lodge drome\"><\/div>\n\t<div class=\"ls-cta__title\">\n\t\tAtypical Housing\t<\/div>\n\t\n\t\t\n<\/a><\/div><\/div><\/div>\n\r\n    <\/div>\r\n<\/section>","protected":false},"excerpt":{"rendered":"","protected":false},"author":1,"featured_media":2161,"parent":0,"menu_order":0,"comment_status":"closed","ping_status":"closed","template":"","meta":{"_acf_changed":false,"footnotes":""},"sujet":[],"class_list":["post-2965","page","type-page","status-publish","has-post-thumbnail","hentry"],"acf":[],"yoast_head":"<!-- This site is optimized with the Yoast SEO plugin v23.4 - https:\/\/yoast.com\/wordpress\/plugins\/seo\/ -->\n<title>Promotion and cheap camping in the Dr\u00f4me<\/title>\n<meta name=\"description\" content=\"Book now your vacations in Dr\u00f4me Proven\u00e7ale at LOW PRICE and benefit from our offers by booking now.\" \/>\n<meta name=\"robots\" content=\"index, follow, max-snippet:-1, max-image-preview:large, max-video-preview:-1\" \/>\n<link rel=\"canonical\" href=\"https:\/\/www.lestruffieres.com\/en\/promotion\/\" \/>\n<meta property=\"og:locale\" content=\"en_US\" \/>\n<meta property=\"og:type\" content=\"article\" \/>\n<meta property=\"og:title\" content=\"Promotion and cheap camping in the Dr\u00f4me\" \/>\n<meta property=\"og:description\" content=\"Book now your vacations in Dr\u00f4me Proven\u00e7ale at LOW PRICE and benefit from our offers by booking now.\" \/>\n<meta property=\"og:url\" content=\"https:\/\/www.lestruffieres.com\/en\/promotion\/\" \/>\n<meta property=\"og:site_name\" content=\"Camping Les Truffi\u00e8res\" \/>\n<meta property=\"article:modified_time\" content=\"2023-03-28T06:35:29+00:00\" \/>\n<meta property=\"og:image\" content=\"https:\/\/www.lestruffieres.com\/wp-content\/uploads\/2023\/03\/camping-les-truffieres-dans-la-drome-provencale-1.webp\" \/>\n\t<meta property=\"og:image:width\" content=\"1920\" \/>\n\t<meta property=\"og:image:height\" content=\"746\" \/>\n\t<meta property=\"og:image:type\" content=\"image\/webp\" \/>\n<meta name=\"twitter:card\" content=\"summary_large_image\" \/>\n<meta name=\"twitter:label1\" content=\"Est. reading time\" \/>\n\t<meta name=\"twitter:data1\" content=\"3 minutes\" \/>\n<script type=\"application\/ld+json\" class=\"yoast-schema-graph\">{\"@context\":\"https:\/\/schema.org\",\"@graph\":[{\"@type\":\"WebPage\",\"@id\":\"https:\/\/www.lestruffieres.com\/en\/promotion\/\",\"url\":\"https:\/\/www.lestruffieres.com\/en\/promotion\/\",\"name\":\"Promotion and cheap camping in the Dr\u00f4me\",\"isPartOf\":{\"@id\":\"https:\/\/www.lestruffieres.com\/#website\"},\"primaryImageOfPage\":{\"@id\":\"https:\/\/www.lestruffieres.com\/en\/promotion\/#primaryimage\"},\"image\":{\"@id\":\"https:\/\/www.lestruffieres.com\/en\/promotion\/#primaryimage\"},\"thumbnailUrl\":\"https:\/\/www.lestruffieres.com\/wp-content\/uploads\/2023\/03\/camping-les-truffieres-dans-la-drome-provencale-1.webp\",\"datePublished\":\"2023-02-06T08:11:44+00:00\",\"dateModified\":\"2023-03-28T06:35:29+00:00\",\"description\":\"Book now your vacations in Dr\u00f4me Proven\u00e7ale at LOW PRICE and benefit from our offers by booking now.\",\"breadcrumb\":{\"@id\":\"https:\/\/www.lestruffieres.com\/en\/promotion\/#breadcrumb\"},\"inLanguage\":\"en-US\",\"potentialAction\":[{\"@type\":\"ReadAction\",\"target\":[\"https:\/\/www.lestruffieres.com\/en\/promotion\/\"]}]},{\"@type\":\"ImageObject\",\"inLanguage\":\"en-US\",\"@id\":\"https:\/\/www.lestruffieres.com\/en\/promotion\/#primaryimage\",\"url\":\"https:\/\/www.lestruffieres.com\/wp-content\/uploads\/2023\/03\/camping-les-truffieres-dans-la-drome-provencale-1.webp\",\"contentUrl\":\"https:\/\/www.lestruffieres.com\/wp-content\/uploads\/2023\/03\/camping-les-truffieres-dans-la-drome-provencale-1.webp\",\"width\":1920,\"height\":746,\"caption\":\"offre camping drome\"},{\"@type\":\"BreadcrumbList\",\"@id\":\"https:\/\/www.lestruffieres.com\/en\/promotion\/#breadcrumb\",\"itemListElement\":[{\"@type\":\"ListItem\",\"position\":1,\"name\":\"Camping Dr\u00f4me\",\"item\":\"https:\/\/www.lestruffieres.com\/en\/\"},{\"@type\":\"ListItem\",\"position\":2,\"name\":\"Camping with special offers in Grignan\"}]},{\"@type\":\"WebSite\",\"@id\":\"https:\/\/www.lestruffieres.com\/#website\",\"url\":\"https:\/\/www.lestruffieres.com\/\",\"name\":\"Camping Les Truffi\u00e8res\",\"description\":\"\",\"publisher\":{\"@id\":\"https:\/\/www.lestruffieres.com\/#organization\"},\"potentialAction\":[{\"@type\":\"SearchAction\",\"target\":{\"@type\":\"EntryPoint\",\"urlTemplate\":\"https:\/\/www.lestruffieres.com\/?s={search_term_string}\"},\"query-input\":{\"@type\":\"PropertyValueSpecification\",\"valueRequired\":true,\"valueName\":\"search_term_string\"}}],\"inLanguage\":\"en-US\"},{\"@type\":\"Organization\",\"@id\":\"https:\/\/www.lestruffieres.com\/#organization\",\"name\":\"Camping Les Truffi\u00e8res\",\"url\":\"https:\/\/www.lestruffieres.com\/\",\"logo\":{\"@type\":\"ImageObject\",\"inLanguage\":\"en-US\",\"@id\":\"https:\/\/www.lestruffieres.com\/#\/schema\/logo\/image\/\",\"url\":\"https:\/\/www.lestruffieres.com\/wp-content\/uploads\/2023\/02\/camping-les-truffieres-logo-entete.png\",\"contentUrl\":\"https:\/\/www.lestruffieres.com\/wp-content\/uploads\/2023\/02\/camping-les-truffieres-logo-entete.png\",\"width\":742,\"height\":1020,\"caption\":\"Camping Les Truffi\u00e8res\"},\"image\":{\"@id\":\"https:\/\/www.lestruffieres.com\/#\/schema\/logo\/image\/\"}}]}<\/script>\n<!-- \/ Yoast SEO plugin. -->","yoast_head_json":{"title":"Promotion and cheap camping in the Dr\u00f4me","description":"Book now your vacations in Dr\u00f4me Proven\u00e7ale at LOW PRICE and benefit from our offers by booking now.","robots":{"index":"index","follow":"follow","max-snippet":"max-snippet:-1","max-image-preview":"max-image-preview:large","max-video-preview":"max-video-preview:-1"},"canonical":"https:\/\/www.lestruffieres.com\/en\/promotion\/","og_locale":"en_US","og_type":"article","og_title":"Promotion and cheap camping in the Dr\u00f4me","og_description":"Book now your vacations in Dr\u00f4me Proven\u00e7ale at LOW PRICE and benefit from our offers by booking now.","og_url":"https:\/\/www.lestruffieres.com\/en\/promotion\/","og_site_name":"Camping Les Truffi\u00e8res","article_modified_time":"2023-03-28T06:35:29+00:00","og_image":[{"width":1920,"height":746,"url":"https:\/\/www.lestruffieres.com\/wp-content\/uploads\/2023\/03\/camping-les-truffieres-dans-la-drome-provencale-1.webp","type":"image\/webp"}],"twitter_card":"summary_large_image","twitter_misc":{"Est. reading time":"3 minutes"},"schema":{"@context":"https:\/\/schema.org","@graph":[{"@type":"WebPage","@id":"https:\/\/www.lestruffieres.com\/en\/promotion\/","url":"https:\/\/www.lestruffieres.com\/en\/promotion\/","name":"Promotion and cheap camping in the Dr\u00f4me","isPartOf":{"@id":"https:\/\/www.lestruffieres.com\/#website"},"primaryImageOfPage":{"@id":"https:\/\/www.lestruffieres.com\/en\/promotion\/#primaryimage"},"image":{"@id":"https:\/\/www.lestruffieres.com\/en\/promotion\/#primaryimage"},"thumbnailUrl":"https:\/\/www.lestruffieres.com\/wp-content\/uploads\/2023\/03\/camping-les-truffieres-dans-la-drome-provencale-1.webp","datePublished":"2023-02-06T08:11:44+00:00","dateModified":"2023-03-28T06:35:29+00:00","description":"Book now your vacations in Dr\u00f4me Proven\u00e7ale at LOW PRICE and benefit from our offers by booking now.","breadcrumb":{"@id":"https:\/\/www.lestruffieres.com\/en\/promotion\/#breadcrumb"},"inLanguage":"en-US","potentialAction":[{"@type":"ReadAction","target":["https:\/\/www.lestruffieres.com\/en\/promotion\/"]}]},{"@type":"ImageObject","inLanguage":"en-US","@id":"https:\/\/www.lestruffieres.com\/en\/promotion\/#primaryimage","url":"https:\/\/www.lestruffieres.com\/wp-content\/uploads\/2023\/03\/camping-les-truffieres-dans-la-drome-provencale-1.webp","contentUrl":"https:\/\/www.lestruffieres.com\/wp-content\/uploads\/2023\/03\/camping-les-truffieres-dans-la-drome-provencale-1.webp","width":1920,"height":746,"caption":"offre camping drome"},{"@type":"BreadcrumbList","@id":"https:\/\/www.lestruffieres.com\/en\/promotion\/#breadcrumb","itemListElement":[{"@type":"ListItem","position":1,"name":"Camping Dr\u00f4me","item":"https:\/\/www.lestruffieres.com\/en\/"},{"@type":"ListItem","position":2,"name":"Camping with special offers in Grignan"}]},{"@type":"WebSite","@id":"https:\/\/www.lestruffieres.com\/#website","url":"https:\/\/www.lestruffieres.com\/","name":"Camping Les Truffi\u00e8res","description":"","publisher":{"@id":"https:\/\/www.lestruffieres.com\/#organization"},"potentialAction":[{"@type":"SearchAction","target":{"@type":"EntryPoint","urlTemplate":"https:\/\/www.lestruffieres.com\/?s={search_term_string}"},"query-input":{"@type":"PropertyValueSpecification","valueRequired":true,"valueName":"search_term_string"}}],"inLanguage":"en-US"},{"@type":"Organization","@id":"https:\/\/www.lestruffieres.com\/#organization","name":"Camping Les Truffi\u00e8res","url":"https:\/\/www.lestruffieres.com\/","logo":{"@type":"ImageObject","inLanguage":"en-US","@id":"https:\/\/www.lestruffieres.com\/#\/schema\/logo\/image\/","url":"https:\/\/www.lestruffieres.com\/wp-content\/uploads\/2023\/02\/camping-les-truffieres-logo-entete.png","contentUrl":"https:\/\/www.lestruffieres.com\/wp-content\/uploads\/2023\/02\/camping-les-truffieres-logo-entete.png","width":742,"height":1020,"caption":"Camping Les Truffi\u00e8res"},"image":{"@id":"https:\/\/www.lestruffieres.com\/#\/schema\/logo\/image\/"}}]}},"_links":{"self":[{"href":"https:\/\/www.lestruffieres.com\/en\/wp-json\/wp\/v2\/pages\/2965","targetHints":{"allow":["GET"]}}],"collection":[{"href":"https:\/\/www.lestruffieres.com\/en\/wp-json\/wp\/v2\/pages"}],"about":[{"href":"https:\/\/www.lestruffieres.com\/en\/wp-json\/wp\/v2\/types\/page"}],"author":[{"embeddable":true,"href":"https:\/\/www.lestruffieres.com\/en\/wp-json\/wp\/v2\/users\/1"}],"replies":[{"embeddable":true,"href":"https:\/\/www.lestruffieres.com\/en\/wp-json\/wp\/v2\/comments?post=2965"}],"version-history":[{"count":4,"href":"https:\/\/www.lestruffieres.com\/en\/wp-json\/wp\/v2\/pages\/2965\/revisions"}],"predecessor-version":[{"id":6455,"href":"https:\/\/www.lestruffieres.com\/en\/wp-json\/wp\/v2\/pages\/2965\/revisions\/6455"}],"wp:featuredmedia":[{"embeddable":true,"href":"https:\/\/www.lestruffieres.com\/en\/wp-json\/wp\/v2\/media\/2161"}],"wp:attachment":[{"href":"https:\/\/www.lestruffieres.com\/en\/wp-json\/wp\/v2\/media?parent=2965"}],"wp:term":[{"taxonomy":"sujet","embeddable":true,"href":"https:\/\/www.lestruffieres.com\/en\/wp-json\/wp\/v2\/sujet?post=2965"}],"curies":[{"name":"wp","href":"https:\/\/api.w.org\/{rel}","templated":true}]}}