{"id":2933,"date":"2023-02-20T17:08:00","date_gmt":"2023-02-20T16:08:00","guid":{"rendered":"https:\/\/www.lestruffieres.com\/rental-insolite-grignan\/"},"modified":"2023-03-27T20:48:29","modified_gmt":"2023-03-27T18:48:29","slug":"rental-unsual-grignan","status":"publish","type":"page","link":"https:\/\/www.lestruffieres.com\/en\/rental-unsual-grignan\/","title":{"rendered":"Atypical Housing"},"content":{"rendered":"<section id=\"ls-section-block_f1b4706799c10342a3d3ee517c44f4f7\" class=\"ls-section  page-intro has-p-b p-b-4\" >\r\n        <div class=\"container container--wide\">\r\n        \n\n<h1 class=\"ls__heading has-text-align-center wp-block-heading\">Atypical stay <br\/>in the Dr\u00f4me Provencale <\/h1>\n\n\r\n    <\/div>\r\n<\/section><section id=\"ls-section-block_6baed0939e2f2bbb3d3523c4e05c9877\" class=\"ls-section  has-m-t m-t-0 has-p-t p-t-0\" >\r\n        <div class=\"container container--wide\">\r\n        \n\n<div id=\"ls-hebergements-block_12593db844300a629b676296547eec99\" class=\"ls-hebergements page-hebergement\">\n\n    <div class=\"ls-customizer\">\n\n    <div class=\"ls-customizer__filters\">\n        <div class=\"ls-customizer__filters__close\">\n            <i class=\"fas fa-times\"><\/i>\n        <\/div>\n\n        <div class=\"ls-customizer__filters__title\">\n            <b>Filters<\/b>\n            <span class=\"ls-customizer__filters__clear\"><i class=\"fas fa-times\"><\/i> Delete filters<\/span>\n        <\/div>\n\n        \n        <!-- Filtres ACF fields -->\n        \n                                <!-- Filtre nombre_de_personnes -->\n                        <div class=\"filter\" id=\"filter-nombre_de_personnes\">\n                <div class=\"filter__title\">Maximum capacity<i class=\"fas fa-angle-down\"><\/i><\/div>\n                <fieldset data-filter=\"nombre_de_personnes\" data-operator=\"<=\" class=\"input\">\n                    \n                    <div><input type=\"radio\" name=\"nombre_de_personnes\" id=\"nombre_de_personnes-all\"  class=\"checkbox\" \/><label for='nombre_de_personnes-all'>All<\/label><\/div><div><input type=\"radio\" name=\"nombre_de_personnes\" id=\"nombre_de_personnes-2\" value=\"2\" class=\"checkbox\"  \/><label for='nombre_de_personnes-2'>Up to 2 pers.<\/label><\/div><div><input type=\"radio\" name=\"nombre_de_personnes\" id=\"nombre_de_personnes-4\" value=\"4\" class=\"checkbox\"  \/><label for='nombre_de_personnes-4'>Up to 4 pers.<\/label><\/div><div><input type=\"radio\" name=\"nombre_de_personnes\" id=\"nombre_de_personnes-5\" value=\"5\" class=\"checkbox\"  \/><label for='nombre_de_personnes-5'>Up to 5 pers.<\/label><\/div><div><input type=\"radio\" name=\"nombre_de_personnes\" id=\"nombre_de_personnes-6\" value=\"6\" class=\"checkbox\"  \/><label for='nombre_de_personnes-6'>Up to 6 pers.<\/label><\/div>                <\/fieldset>\n            <\/div>\n                                <!-- Filtre nombre_de_chambres -->\n                        <div class=\"filter\" id=\"filter-nombre_de_chambres\">\n                <div class=\"filter__title\">Number of bedrooms<i class=\"fas fa-angle-down\"><\/i><\/div>\n                <fieldset data-filter=\"nombre_de_chambres\" data-operator=\"==\" class=\"input\">\n                    \n                    <div><input type=\"radio\" name=\"nombre_de_chambres\" id=\"nombre_de_chambres-all\"  class=\"checkbox\" \/><label for='nombre_de_chambres-all'>All<\/label><\/div><div><input type=\"radio\" name=\"nombre_de_chambres\" id=\"nombre_de_chambres-1\" value=\"1\" class=\"checkbox\"  \/><label for='nombre_de_chambres-1'>1<\/label><\/div><div><input type=\"radio\" name=\"nombre_de_chambres\" id=\"nombre_de_chambres-2\" value=\"2\" class=\"checkbox\"  \/><label for='nombre_de_chambres-2'>2<\/label><\/div><div><input type=\"radio\" name=\"nombre_de_chambres\" id=\"nombre_de_chambres-3\" value=\"3\" class=\"checkbox\"  \/><label for='nombre_de_chambres-3'>3<\/label><\/div>                <\/fieldset>\n            <\/div>\n                    \n\n        \n    <\/div>\n\n\n<\/div><div class=\"ls-hebergements__results\" data-row=\"3\" data-campings=\"false\" data-types=\"[17]\"><div class=\"ls-hebergement\" data-postid='7500' data-id-reservation='134269' data-id-site='' data-id1='' data-nombre_de_personnes='4' data-nombre_de_chambres='' data-last-update='' data-type='insolite'>\n\n\t<div class=\"ls-hebergement__thumb\">\n\t\t\t\t<img decoding=\"async\" width=\"544\" height=\"731\" src=\"https:\/\/www.lestruffieres.com\/wp-content\/uploads\/2026\/03\/Capture-decran-2026-03-06-121656.png\" class=\"attachment-full size-full wp-post-image\" alt=\"\" srcset=\"https:\/\/www.lestruffieres.com\/wp-content\/uploads\/2026\/03\/Capture-decran-2026-03-06-121656.png 544w, https:\/\/www.lestruffieres.com\/wp-content\/uploads\/2026\/03\/Capture-decran-2026-03-06-121656-223x300.png 223w\" sizes=\"(max-width: 544px) 100vw, 544px\" \/>\t<\/div>\n\n\t<div class=\"ls-hebergement__title\">\n\t\tTente Pr\u00eat \u00e0 Camper\t<\/div>\n\n\t\n\t<div class=\"ls-hebergement__details\">\n\t\t<div class=\"ls-hebergement__icons\">\n\n\t\t\t\t\t\t<span class=\"ls-hebergement__icon\">\n\t\t\t\t<i class=\"truffieres-famille\"><\/i>\n\t\t\t\t4\t\t\t<\/span>\n\t\t\t\n\t\t\t\n\t\t\t\t\t\t<span class=\"ls-hebergement__icon\">\n\t\t\t\t<i class=\"truffieres-area\"><\/i>\n\t\t\t\t19m\u00b2\n\t\t\t<\/span>\n\t\t\t\n\t\t\t\n\t\t\t\n\t\t\t\t\t<\/div>\n\t<\/div>\n\n\t<div class=\"ls-hebergement__disponibilite ls-button\">\n\t\t<i class='truffieres-bordure'><\/i>\n\t\t<span>D\u00e9couvrir<\/span>\n\t\t<i class='truffieres-chevron-thin-down'><\/i>\n\t<\/div>\n\n<\/div><div class=\"ls-hebergement\" data-postid='2808' data-id-reservation='86116' data-id-site='' data-id1='' data-nombre_de_personnes='5' data-nombre_de_chambres='2' data-last-update='' data-type='confort insolite'>\n\n\t<div class=\"ls-hebergement__thumb\">\n\t\t<div class=\"ls-hebergement__badge ls-hebergement__badge--confort\">Confort<\/div>\t\t<img decoding=\"async\" width=\"564\" height=\"423\" src=\"https:\/\/www.lestruffieres.com\/wp-content\/uploads\/2023\/03\/tente-lodge.webp\" class=\"attachment-full size-full wp-post-image\" alt=\"tente lodge drome\" srcset=\"https:\/\/www.lestruffieres.com\/wp-content\/uploads\/2023\/03\/tente-lodge.webp 564w, https:\/\/www.lestruffieres.com\/wp-content\/uploads\/2023\/03\/tente-lodge-300x225.webp 300w\" sizes=\"(max-width: 564px) 100vw, 564px\" \/>\t<\/div>\n\n\t<div class=\"ls-hebergement__title\">\n\t\tLodge Tent Kenya COMFORT (without sanitary facilities)\t<\/div>\n\n\t\n\t<div class=\"ls-hebergement__details\">\n\t\t<div class=\"ls-hebergement__icons\">\n\n\t\t\t\t\t\t<span class=\"ls-hebergement__icon\">\n\t\t\t\t<i class=\"truffieres-famille\"><\/i>\n\t\t\t\t5\t\t\t<\/span>\n\t\t\t\n\t\t\t\t\t\t<span class=\"ls-hebergement__icon\">\n\t\t\t\t<i class=\"truffieres-shower\"><\/i>\n\t\t\t\t\t\t\t\t1\t\t\t\t\t\t\t<\/span>\n\t\t\t\n\t\t\t\t\t\t<span class=\"ls-hebergement__icon\">\n\t\t\t\t<i class=\"truffieres-area\"><\/i>\n\t\t\t\t34m\u00b2\n\t\t\t<\/span>\n\t\t\t\n\t\t\t\t\t\t<span class=\"ls-hebergement__icon\">\n\t\t\t\t<i class=\"truffieres-door\"><\/i>\n\t\t\t\t\t\t\t\t2 bedroom\t\t\t\t\t\t\t<\/span>\n\t\t\t\n\t\t\t\n\t\t\t\t\t<\/div>\n\t<\/div>\n\n\t<div class=\"ls-hebergement__disponibilite ls-button\">\n\t\t<i class='truffieres-bordure'><\/i>\n\t\t<span>D\u00e9couvrir<\/span>\n\t\t<i class='truffieres-chevron-thin-down'><\/i>\n\t<\/div>\n\n<\/div><div class=\"ls-hebergement\" data-postid='2809' data-id-reservation='139897' data-id-site='' data-id1='' data-nombre_de_personnes='4' data-nombre_de_chambres='1' data-last-update='' data-type='confort insolite'>\n\n\t<div class=\"ls-hebergement__thumb\">\n\t\t<div class=\"ls-hebergement__badge ls-hebergement__badge--confort\">Confort<\/div>\t\t<img decoding=\"async\" width=\"620\" height=\"466\" src=\"https:\/\/www.lestruffieres.com\/wp-content\/uploads\/2023\/03\/bungalow-nature.webp\" class=\"attachment-full size-full wp-post-image\" alt=\"location bungalow drome\" srcset=\"https:\/\/www.lestruffieres.com\/wp-content\/uploads\/2023\/03\/bungalow-nature.webp 620w, https:\/\/www.lestruffieres.com\/wp-content\/uploads\/2023\/03\/bungalow-nature-300x225.webp 300w\" sizes=\"(max-width: 620px) 100vw, 620px\" \/>\t<\/div>\n\n\t<div class=\"ls-hebergement__title\">\n\t\tBungalow Nature STANDARD (without sanitary facilities)\t<\/div>\n\n\t\n\t<div class=\"ls-hebergement__details\">\n\t\t<div class=\"ls-hebergement__icons\">\n\n\t\t\t\t\t\t<span class=\"ls-hebergement__icon\">\n\t\t\t\t<i class=\"truffieres-famille\"><\/i>\n\t\t\t\t4\t\t\t<\/span>\n\t\t\t\n\t\t\t\n\t\t\t\t\t\t<span class=\"ls-hebergement__icon\">\n\t\t\t\t<i class=\"truffieres-area\"><\/i>\n\t\t\t\t15m\u00b2\n\t\t\t<\/span>\n\t\t\t\n\t\t\t\t\t\t<span class=\"ls-hebergement__icon\">\n\t\t\t\t<i class=\"truffieres-door\"><\/i>\n\t\t\t\t\t\t\t\t1 chambre\t\t\t\t\t\t\t<\/span>\n\t\t\t\n\t\t\t\n\t\t\t\t\t<\/div>\n\t<\/div>\n\n\t<div class=\"ls-hebergement__disponibilite ls-button\">\n\t\t<i class='truffieres-bordure'><\/i>\n\t\t<span>D\u00e9couvrir<\/span>\n\t\t<i class='truffieres-chevron-thin-down'><\/i>\n\t<\/div>\n\n<\/div><\/div><\/div>\n\r\n    <\/div>\r\n<\/section><section id=\"ls-section-block_77ce7964eb35df5bd8e0fb890be7a115\" class=\"ls-section  has-m-t m-t-0 has-m-b m-b-2\" >\r\n        <div class=\"container container--wide\">\r\n        \n\n<div class=\"wp-block-columns is-layout-flex wp-container-core-columns-is-layout-9d6595d7 wp-block-columns-is-layout-flex\">\n<div class=\"wp-block-column is-layout-flow wp-block-column-is-layout-flow\">\n<h2 class=\"ls__heading deco wp-block-heading\">A natural accommodation in the Dr\u00f4me Proven\u00e7ale<\/h2>\n\n\n\n<p class=\"ls-paragraph\">Are you looking for a vacation in a campsite in the Dr\u00f4me between Nyons and Mont\u00e9limar? <a href=\"https:\/\/www.lestruffieres.com\/en\/\">Flower camping Les Truffi\u00e8res<\/a> offers you <a href=\"https:\/\/www.lestruffieres.com\/en\/rates-campsite-grignan-provence-france\/\">unusual lodgings at low prices in Grignan<\/a> in the heart of the Dr\u00f4me proven\u00e7ale.<\/p>\n\n\n\n<p class=\"ls-paragraph\">The lodge tents are very well equipped and offer a <strong>Nature and Original accommodation with vintage furniture<\/strong>.<\/p>\n\n\n\n<p class=\"ls-paragraph\">At the edge of a field or forest, you can only dream of<strong>a more natural place<\/strong>. In this comfortable tent, you will have two bedrooms (2 and 3 beds), a kitchen with 4 hotplates and a family table for meals, a large fridge, a microwave and a large terrace.<br\/><br\/>Please note that the 5th bed is on the mezzanine and is not suitable for children under 4 years old, nor for adults.<\/p>\n<\/div>\n\n\n\n<div class=\"wp-block-column is-layout-flow wp-block-column-is-layout-flow\">\n<h2 class=\"ls__heading deco wp-block-heading\">For a unique stay, rent an atypical accommodation<\/h2>\n\n\n\n<p class=\"ls-paragraph\">You want to keep the spirit of camping while having your comfort? Think of our nature bungalows! <\/p>\n\n\n\n<p class=\"ls-paragraph\">A <strong>mobile home without sanitary facilities with all the necessary comfort<\/strong> to have a good vacation. You will find two bedrooms for 2 people, a kitchen with a 4-burner gas stove and a fridge and a television. You can also enjoy a covered terrace to enjoy nature and breakfast outside.<\/p>\n\n\n\n<p class=\"ls-paragraph\">We have chosen these bungalows to offer you atypical vacations in the Dr\u00f4me and cheap vacations in Dr\u00f4me, to allow you to <strong>enjoy all the pleasures of the Dr\u00f4me proven\u00e7ale<\/strong>.<br\/>For more camping stays we also offer <a href=\"https:\/\/www.lestruffieres.com\/en\/pitches\/\">caravan sites<\/a> and <a href=\"https:\/\/www.lestruffieres.com\/en\/mobile-home-rental-drome\/\">mobile homes for rent<\/a>, in the heart of the Dr\u00f4me.<\/p>\n<\/div>\n<\/div>\n\n\r\n    <\/div>\r\n<\/section><section id=\"ls-section-block_5a1fc3e8d2c20e829979e16384aee0e9\" class=\"ls-section  page-maillage has-p-t p-t-14 has-p-b p-b-14\" >\r\n        <div class=\"container container--wide\">\r\n        \n\n<div id=\"ls-heading ls-titre-div-block_f657d1f14667b81920e13341990d0b8c\" class=\"ls-titre-div deco aligncenter h2-like\" >\n    Discover our rentals and our rates!<\/div>\n\n\n<div id=\"ls-maillage-block_c7af6a75f023124a9afea7875a322c2a\" class=\"ls-maillage cta-style-normal\" data-rows=\"3\">\r\n    <div class=\"wp-block-columns\"><div class=\"wp-block-column\">\n\n<a href=\"https:\/\/www.lestruffieres.com\/en\/mobile-home-rental-drome\/\" target=\"\" rel=\"noopener\" class=\"ls-cta__link\">\n\n\t<div class=\"ls-cta__image\"><img decoding=\"async\" src=\"https:\/\/www.lestruffieres.com\/wp-content\/uploads\/2023\/03\/location-de-mobil-home-dans-la-drome-768x512.jpg\" alt=\"location de mobil home dans la drome\"><\/div>\n\t<div class=\"ls-cta__title\">\n\t\tOur mobile homes\t<\/div>\n\t\n\t\t\n<\/a><\/div><div class=\"wp-block-column\">\n\n<a href=\"https:\/\/www.lestruffieres.com\/en\/pitches\/\" target=\"\" rel=\"noopener\" class=\"ls-cta__link\">\n\n\t<div class=\"ls-cta__image\"><img decoding=\"async\" src=\"https:\/\/www.lestruffieres.com\/wp-content\/uploads\/2023\/03\/emplacement-tente-camping-truffieres-768x512.jpg\" alt=\"emplacement tente grignan\"><\/div>\n\t<div class=\"ls-cta__title\">\n\t\tThe pitches\t<\/div>\n\t\n\t\t\n<\/a><\/div><div class=\"wp-block-column\">\n\n<a href=\"https:\/\/www.lestruffieres.com\/en\/rates-campsite-grignan-provence-france\/\" target=\"\" rel=\"noopener\" class=\"ls-cta__link\">\n\n\t<div class=\"ls-cta__image\"><img decoding=\"async\" src=\"https:\/\/www.lestruffieres.com\/wp-content\/uploads\/2023\/02\/camping-familial-pas-cher-grignan.jpg\" alt=\"camping familial pas cher grignan\"><\/div>\n\t<div class=\"ls-cta__title\">\n\t\tRates\t<\/div>\n\t\n\t\t\n<\/a><\/div><\/div><\/div>\n\r\n    <\/div>\r\n<\/section>","protected":false},"excerpt":{"rendered":"","protected":false},"author":1,"featured_media":5322,"parent":0,"menu_order":0,"comment_status":"closed","ping_status":"closed","template":"","meta":{"_acf_changed":false,"footnotes":""},"sujet":[],"class_list":["post-2933","page","type-page","status-publish","has-post-thumbnail","hentry"],"acf":[],"yoast_head":"<!-- This site is optimized with the Yoast SEO plugin v23.4 - https:\/\/yoast.com\/wordpress\/plugins\/seo\/ -->\n<title>Atypical stay in Dr\u00f4me Provencale<\/title>\n<meta name=\"description\" content=\"Escape in the Dr\u00f4me Provencale with our atypical stays\" \/>\n<meta name=\"robots\" content=\"index, follow, max-snippet:-1, max-image-preview:large, max-video-preview:-1\" \/>\n<link rel=\"canonical\" href=\"https:\/\/www.lestruffieres.com\/en\/rental-unsual-grignan\/\" \/>\n<meta property=\"og:locale\" content=\"en_US\" \/>\n<meta property=\"og:type\" content=\"article\" \/>\n<meta property=\"og:title\" content=\"Atypical stay in Dr\u00f4me Provencale\" \/>\n<meta property=\"og:description\" content=\"Escape in the Dr\u00f4me Provencale with our atypical stays\" \/>\n<meta property=\"og:url\" content=\"https:\/\/www.lestruffieres.com\/en\/rental-unsual-grignan\/\" \/>\n<meta property=\"og:site_name\" content=\"Camping Les Truffi\u00e8res\" \/>\n<meta property=\"article:modified_time\" content=\"2023-03-27T18:48:29+00:00\" \/>\n<meta property=\"og:image\" content=\"https:\/\/www.lestruffieres.com\/wp-content\/uploads\/2023\/02\/camping-location-atypique-dans-la-drome.webp\" \/>\n\t<meta property=\"og:image:width\" content=\"1920\" \/>\n\t<meta property=\"og:image:height\" content=\"746\" \/>\n\t<meta property=\"og:image:type\" content=\"image\/webp\" \/>\n<meta name=\"twitter:card\" content=\"summary_large_image\" \/>\n<meta name=\"twitter:label1\" content=\"Est. reading time\" \/>\n\t<meta name=\"twitter:data1\" content=\"2 minutes\" \/>\n<script type=\"application\/ld+json\" class=\"yoast-schema-graph\">{\"@context\":\"https:\/\/schema.org\",\"@graph\":[{\"@type\":\"WebPage\",\"@id\":\"https:\/\/www.lestruffieres.com\/en\/rental-unsual-grignan\/\",\"url\":\"https:\/\/www.lestruffieres.com\/en\/rental-unsual-grignan\/\",\"name\":\"Atypical stay in Dr\u00f4me Provencale\",\"isPartOf\":{\"@id\":\"https:\/\/www.lestruffieres.com\/#website\"},\"primaryImageOfPage\":{\"@id\":\"https:\/\/www.lestruffieres.com\/en\/rental-unsual-grignan\/#primaryimage\"},\"image\":{\"@id\":\"https:\/\/www.lestruffieres.com\/en\/rental-unsual-grignan\/#primaryimage\"},\"thumbnailUrl\":\"https:\/\/www.lestruffieres.com\/wp-content\/uploads\/2023\/02\/camping-location-atypique-dans-la-drome.webp\",\"datePublished\":\"2023-02-20T16:08:00+00:00\",\"dateModified\":\"2023-03-27T18:48:29+00:00\",\"description\":\"Escape in the Dr\u00f4me Provencale with our atypical stays\",\"breadcrumb\":{\"@id\":\"https:\/\/www.lestruffieres.com\/en\/rental-unsual-grignan\/#breadcrumb\"},\"inLanguage\":\"en-US\",\"potentialAction\":[{\"@type\":\"ReadAction\",\"target\":[\"https:\/\/www.lestruffieres.com\/en\/rental-unsual-grignan\/\"]}]},{\"@type\":\"ImageObject\",\"inLanguage\":\"en-US\",\"@id\":\"https:\/\/www.lestruffieres.com\/en\/rental-unsual-grignan\/#primaryimage\",\"url\":\"https:\/\/www.lestruffieres.com\/wp-content\/uploads\/2023\/02\/camping-location-atypique-dans-la-drome.webp\",\"contentUrl\":\"https:\/\/www.lestruffieres.com\/wp-content\/uploads\/2023\/02\/camping-location-atypique-dans-la-drome.webp\",\"width\":1920,\"height\":746,\"caption\":\"location atypique drome\"},{\"@type\":\"BreadcrumbList\",\"@id\":\"https:\/\/www.lestruffieres.com\/en\/rental-unsual-grignan\/#breadcrumb\",\"itemListElement\":[{\"@type\":\"ListItem\",\"position\":1,\"name\":\"Camping Dr\u00f4me\",\"item\":\"https:\/\/www.lestruffieres.com\/en\/\"},{\"@type\":\"ListItem\",\"position\":2,\"name\":\"Glamping in the Dr\u00f4me proven\u00e7ale\"}]},{\"@type\":\"WebSite\",\"@id\":\"https:\/\/www.lestruffieres.com\/#website\",\"url\":\"https:\/\/www.lestruffieres.com\/\",\"name\":\"Camping Les Truffi\u00e8res\",\"description\":\"\",\"publisher\":{\"@id\":\"https:\/\/www.lestruffieres.com\/#organization\"},\"potentialAction\":[{\"@type\":\"SearchAction\",\"target\":{\"@type\":\"EntryPoint\",\"urlTemplate\":\"https:\/\/www.lestruffieres.com\/?s={search_term_string}\"},\"query-input\":{\"@type\":\"PropertyValueSpecification\",\"valueRequired\":true,\"valueName\":\"search_term_string\"}}],\"inLanguage\":\"en-US\"},{\"@type\":\"Organization\",\"@id\":\"https:\/\/www.lestruffieres.com\/#organization\",\"name\":\"Camping Les Truffi\u00e8res\",\"url\":\"https:\/\/www.lestruffieres.com\/\",\"logo\":{\"@type\":\"ImageObject\",\"inLanguage\":\"en-US\",\"@id\":\"https:\/\/www.lestruffieres.com\/#\/schema\/logo\/image\/\",\"url\":\"https:\/\/www.lestruffieres.com\/wp-content\/uploads\/2023\/02\/camping-les-truffieres-logo-entete.png\",\"contentUrl\":\"https:\/\/www.lestruffieres.com\/wp-content\/uploads\/2023\/02\/camping-les-truffieres-logo-entete.png\",\"width\":742,\"height\":1020,\"caption\":\"Camping Les Truffi\u00e8res\"},\"image\":{\"@id\":\"https:\/\/www.lestruffieres.com\/#\/schema\/logo\/image\/\"}}]}<\/script>\n<!-- \/ Yoast SEO plugin. -->","yoast_head_json":{"title":"Atypical stay in Dr\u00f4me Provencale","description":"Escape in the Dr\u00f4me Provencale with our atypical stays","robots":{"index":"index","follow":"follow","max-snippet":"max-snippet:-1","max-image-preview":"max-image-preview:large","max-video-preview":"max-video-preview:-1"},"canonical":"https:\/\/www.lestruffieres.com\/en\/rental-unsual-grignan\/","og_locale":"en_US","og_type":"article","og_title":"Atypical stay in Dr\u00f4me Provencale","og_description":"Escape in the Dr\u00f4me Provencale with our atypical stays","og_url":"https:\/\/www.lestruffieres.com\/en\/rental-unsual-grignan\/","og_site_name":"Camping Les Truffi\u00e8res","article_modified_time":"2023-03-27T18:48:29+00:00","og_image":[{"width":1920,"height":746,"url":"https:\/\/www.lestruffieres.com\/wp-content\/uploads\/2023\/02\/camping-location-atypique-dans-la-drome.webp","type":"image\/webp"}],"twitter_card":"summary_large_image","twitter_misc":{"Est. reading time":"2 minutes"},"schema":{"@context":"https:\/\/schema.org","@graph":[{"@type":"WebPage","@id":"https:\/\/www.lestruffieres.com\/en\/rental-unsual-grignan\/","url":"https:\/\/www.lestruffieres.com\/en\/rental-unsual-grignan\/","name":"Atypical stay in Dr\u00f4me Provencale","isPartOf":{"@id":"https:\/\/www.lestruffieres.com\/#website"},"primaryImageOfPage":{"@id":"https:\/\/www.lestruffieres.com\/en\/rental-unsual-grignan\/#primaryimage"},"image":{"@id":"https:\/\/www.lestruffieres.com\/en\/rental-unsual-grignan\/#primaryimage"},"thumbnailUrl":"https:\/\/www.lestruffieres.com\/wp-content\/uploads\/2023\/02\/camping-location-atypique-dans-la-drome.webp","datePublished":"2023-02-20T16:08:00+00:00","dateModified":"2023-03-27T18:48:29+00:00","description":"Escape in the Dr\u00f4me Provencale with our atypical stays","breadcrumb":{"@id":"https:\/\/www.lestruffieres.com\/en\/rental-unsual-grignan\/#breadcrumb"},"inLanguage":"en-US","potentialAction":[{"@type":"ReadAction","target":["https:\/\/www.lestruffieres.com\/en\/rental-unsual-grignan\/"]}]},{"@type":"ImageObject","inLanguage":"en-US","@id":"https:\/\/www.lestruffieres.com\/en\/rental-unsual-grignan\/#primaryimage","url":"https:\/\/www.lestruffieres.com\/wp-content\/uploads\/2023\/02\/camping-location-atypique-dans-la-drome.webp","contentUrl":"https:\/\/www.lestruffieres.com\/wp-content\/uploads\/2023\/02\/camping-location-atypique-dans-la-drome.webp","width":1920,"height":746,"caption":"location atypique drome"},{"@type":"BreadcrumbList","@id":"https:\/\/www.lestruffieres.com\/en\/rental-unsual-grignan\/#breadcrumb","itemListElement":[{"@type":"ListItem","position":1,"name":"Camping Dr\u00f4me","item":"https:\/\/www.lestruffieres.com\/en\/"},{"@type":"ListItem","position":2,"name":"Glamping in the Dr\u00f4me proven\u00e7ale"}]},{"@type":"WebSite","@id":"https:\/\/www.lestruffieres.com\/#website","url":"https:\/\/www.lestruffieres.com\/","name":"Camping Les Truffi\u00e8res","description":"","publisher":{"@id":"https:\/\/www.lestruffieres.com\/#organization"},"potentialAction":[{"@type":"SearchAction","target":{"@type":"EntryPoint","urlTemplate":"https:\/\/www.lestruffieres.com\/?s={search_term_string}"},"query-input":{"@type":"PropertyValueSpecification","valueRequired":true,"valueName":"search_term_string"}}],"inLanguage":"en-US"},{"@type":"Organization","@id":"https:\/\/www.lestruffieres.com\/#organization","name":"Camping Les Truffi\u00e8res","url":"https:\/\/www.lestruffieres.com\/","logo":{"@type":"ImageObject","inLanguage":"en-US","@id":"https:\/\/www.lestruffieres.com\/#\/schema\/logo\/image\/","url":"https:\/\/www.lestruffieres.com\/wp-content\/uploads\/2023\/02\/camping-les-truffieres-logo-entete.png","contentUrl":"https:\/\/www.lestruffieres.com\/wp-content\/uploads\/2023\/02\/camping-les-truffieres-logo-entete.png","width":742,"height":1020,"caption":"Camping Les Truffi\u00e8res"},"image":{"@id":"https:\/\/www.lestruffieres.com\/#\/schema\/logo\/image\/"}}]}},"_links":{"self":[{"href":"https:\/\/www.lestruffieres.com\/en\/wp-json\/wp\/v2\/pages\/2933","targetHints":{"allow":["GET"]}}],"collection":[{"href":"https:\/\/www.lestruffieres.com\/en\/wp-json\/wp\/v2\/pages"}],"about":[{"href":"https:\/\/www.lestruffieres.com\/en\/wp-json\/wp\/v2\/types\/page"}],"author":[{"embeddable":true,"href":"https:\/\/www.lestruffieres.com\/en\/wp-json\/wp\/v2\/users\/1"}],"replies":[{"embeddable":true,"href":"https:\/\/www.lestruffieres.com\/en\/wp-json\/wp\/v2\/comments?post=2933"}],"version-history":[{"count":19,"href":"https:\/\/www.lestruffieres.com\/en\/wp-json\/wp\/v2\/pages\/2933\/revisions"}],"predecessor-version":[{"id":6430,"href":"https:\/\/www.lestruffieres.com\/en\/wp-json\/wp\/v2\/pages\/2933\/revisions\/6430"}],"wp:featuredmedia":[{"embeddable":true,"href":"https:\/\/www.lestruffieres.com\/en\/wp-json\/wp\/v2\/media\/5322"}],"wp:attachment":[{"href":"https:\/\/www.lestruffieres.com\/en\/wp-json\/wp\/v2\/media?parent=2933"}],"wp:term":[{"taxonomy":"sujet","embeddable":true,"href":"https:\/\/www.lestruffieres.com\/en\/wp-json\/wp\/v2\/sujet?post=2933"}],"curies":[{"name":"wp","href":"https:\/\/api.w.org\/{rel}","templated":true}]}}