{"id":2907,"date":"2023-02-06T09:13:12","date_gmt":"2023-02-06T08:13:12","guid":{"rendered":"https:\/\/www.lestruffieres.com\/the-provencal-markets\/"},"modified":"2023-03-27T15:44:50","modified_gmt":"2023-03-27T13:44:50","slug":"the-provencal-markets","status":"publish","type":"page","link":"https:\/\/www.lestruffieres.com\/en\/the-provencal-markets\/","title":{"rendered":"The Provencal markets"},"content":{"rendered":"<section id=\"ls-section-block_686e1af9ef07308131eee58bd0ee4a7a\" class=\"ls-section  page-chapeau\" >\r\n        <div class=\"container container--wide\">\r\n        \n\n<h1 class=\"ls__heading has-text-align-center wp-block-heading\">Provencal markets in the Dr\u00f4me<\/h1>\n\n\r\n    <\/div>\r\n<\/section><section id=\"ls-section-block_2db1cf0c1edac061ce7adc24f81ed6ba\" class=\"ls-section  page-one deco-fleurs has-p-t p-t-0\" >\r\n        <div class=\"container container--wide\">\r\n        \n\n<div class=\"wp-block-columns is-layout-flex wp-container-core-columns-is-layout-9d6595d7 wp-block-columns-is-layout-flex\">\n<div class=\"wp-block-column left is-layout-flow wp-block-column-is-layout-flow\" style=\"flex-basis:66.66%\">\n<figure class=\"wp-block-image size-full animated fadeIn slow\"><img decoding=\"async\" width=\"864\" height=\"576\" src=\"https:\/\/www.lestruffieres.com\/wp-content\/uploads\/2023\/02\/marche-drome-provencal.jpg\" alt=\"drome provencal market\" class=\"wp-image-1756\" srcset=\"https:\/\/www.lestruffieres.com\/wp-content\/uploads\/2023\/02\/marche-drome-provencal.jpg 864w, https:\/\/www.lestruffieres.com\/wp-content\/uploads\/2023\/02\/marche-drome-provencal-300x200.jpg 300w, https:\/\/www.lestruffieres.com\/wp-content\/uploads\/2023\/02\/marche-drome-provencal-768x512.jpg 768w\" sizes=\"(max-width: 864px) 100vw, 864px\" \/><\/figure>\n\n\n\n<div id=\"ls-heading ls-titre-div-block_d72a41f1ff852012f3ae96ae7cbd43e7\" class=\"ls-titre-div quotes h2-like\" >\n    <strong>At Camping Les Truffi\u00e8res<\/strong> in the heart of the Dr\u00f4me Proven\u00e7ale, C\u00e9lina and Brendon do everything they can to make your stay a success! <\/div>\n<\/div>\n\n\n\n<div class=\"wp-block-column is-vertically-aligned-top right is-layout-flow wp-block-column-is-layout-flow\" style=\"flex-basis:33.33%\">\n<h2 class=\"ls__heading deco wp-block-heading\">The unmissable markets in the Dr\u00f4me<\/h2>\n\n\n\n<p class=\"ls-paragraph\">In Dr\u00f4me proven\u00e7ale, come and enjoy the beautiful Provencal markets. List of markets near the <a href=\"https:\/\/www.lestruffieres.com\/en\/\">camping Les Truffi\u00e8res<\/a> : <\/p>\n\n\n\n<ul class=\"ls-list wp-block-list\">\n<li>Monday: Tulette<\/li>\n\n\n\n<li>Tuesday : Grignan and St-Paul-Trois-Ch\u00e2teaux<\/li>\n\n\n\n<li>Wednesday: Mont\u00e9limar, Buis-les-Baronnies<\/li>\n\n\n\n<li>Thursday : Nyons and Mont\u00e9limar<\/li>\n\n\n\n<li>Friday : Dieulefit, Chamaret, Suze-la-Rousse, Mirabel-aux-Baronnies, La B\u00e2tie Rolland<\/li>\n\n\n\n<li>Saturday : Mont\u00e9limar, Valr\u00e9as, Buis-les-Baronnies, Montbrun les bains<\/li>\n\n\n\n<li>Sunday : Nyons, Valaurie<\/li>\n<\/ul>\n\n\n\n<p class=\"ls-paragraph\">Enjoy the Provencal markets in the morning during your camping vacations in the Dr\u00f4me in Provence.<\/p>\n\n\n\n<p class=\"ls-paragraph\">What is the weekly market day? That&#8217;s the question on everyone&#8217;s mind. Well, don&#8217;t ask yourself that question here, because every village square has its own <strong>weekly Provencal market<\/strong> from Avignon to Crest via Buis les Baronnies or St Paul 3 Ch\u00e2teaux.<\/p>\n<\/div>\n<\/div>\n\n\r\n    <\/div>\r\n<\/section><section id=\"ls-section-block_400467ba34e09f49565a2130c0667d3d\" class=\"ls-section  page-two has-background has-color-3-background-color has-p-t p-t-14 has-p-b p-b-14\" >\r\n        <div class=\"container container--wide\">\r\n        \n\n<div class=\"wp-block-columns is-layout-flex wp-container-core-columns-is-layout-9d6595d7 wp-block-columns-is-layout-flex\">\n<div class=\"wp-block-column is-vertically-aligned-center is-layout-flow wp-block-column-is-layout-flow\" style=\"flex-basis:33.33%\">\n<h2 class=\"ls__heading deco wp-block-heading\">Provencal specialties<\/h2>\n\n\n\n<p class=\"ls-paragraph\">Amaze your taste buds and your eyes by strolling through the Provencal market place.<\/p>\n\n\n\n<p class=\"ls-paragraph\">Come and discover the <strong>producers&#8217; food stalls<\/strong> full of colors, the local food products: the nougat of Mont\u00e9limar, the olive oil of Nyons, the goat cheeses, the truffle of the Dr\u00f4me Proven\u00e7ale or the wines of the C\u00f4tes du Rh\u00f4ne, and without forgetting <strong>all the herbs from the center of Provence<\/strong> Thyme, herbs of Provence, rosemary, oregano,&#8230; Discover the richness of our land and our specialties on the market stalls of the Dr\u00f4me proven\u00e7ale.<\/p>\n\n\n\n<p class=\"ls-paragraph\">Fill your baskets with the fruits of Valencia and the local vegetables of the <a href=\"https:\/\/fermerambaud.wixsite.com\/my-site\" target=\"_blank\" rel=\"noreferrer noopener nofollow\">Rambaud farm<\/a> to enjoy beautiful salads or to accompany your barbecue. <\/p>\n\n\n\n<p class=\"ls-paragraph addReadMore showlesscontent\">And to accompany your aperitifs with friends or your camping neighbors, good charcuterie from the Ard\u00e8che and why not truffles.<br\/><br\/>On the markets of the Dr\u00f4me proven\u00e7ale from Mont\u00e9limar to the Baronnies, you will discover a unique place with the producers, the good mood and <strong>the riches of our land <\/strong>by tasting a small glass of wine of appellation &#8221; Grignan les Adh\u00e9mar &#8221; or of Avignon. <br\/><br\/>Without forgetting to take advantage of the beautiful bright colors with the Provencal tablecloths of boxwood, the bouquets of lavender, or the small summer dresses which will sublimate your vacations.<\/p>\n<\/div>\n\n\n\n<div class=\"wp-block-column is-vertically-aligned-center is-layout-flow wp-block-column-is-layout-flow\" style=\"flex-basis:66.66%\">\n<figure class=\"wp-block-gallery has-nested-images columns-1 is-cropped galerie-slider wp-block-gallery-1 is-layout-flex wp-block-gallery-is-layout-flex\">\n<figure class=\"wp-block-image size-full\"><img decoding=\"async\" width=\"864\" height=\"576\" data-id=\"2151\" src=\"https:\/\/www.lestruffieres.com\/wp-content\/uploads\/2023\/03\/marche-produits-locaux.webp\" alt=\"local products market\" class=\"wp-image-2151\" srcset=\"https:\/\/www.lestruffieres.com\/wp-content\/uploads\/2023\/03\/marche-produits-locaux.webp 864w, https:\/\/www.lestruffieres.com\/wp-content\/uploads\/2023\/03\/marche-produits-locaux-300x200.webp 300w, https:\/\/www.lestruffieres.com\/wp-content\/uploads\/2023\/03\/marche-produits-locaux-768x512.webp 768w\" sizes=\"(max-width: 864px) 100vw, 864px\" \/><\/figure>\n\n\n\n<figure class=\"wp-block-image size-full\"><img decoding=\"async\" width=\"864\" height=\"576\" data-id=\"1753\" src=\"https:\/\/www.lestruffieres.com\/wp-content\/uploads\/2023\/02\/marche-producteur-locaux-1.jpg\" alt=\"local producer market 1\" class=\"wp-image-1753\" srcset=\"https:\/\/www.lestruffieres.com\/wp-content\/uploads\/2023\/02\/marche-producteur-locaux-1.jpg 864w, https:\/\/www.lestruffieres.com\/wp-content\/uploads\/2023\/02\/marche-producteur-locaux-1-300x200.jpg 300w, https:\/\/www.lestruffieres.com\/wp-content\/uploads\/2023\/02\/marche-producteur-locaux-1-768x512.jpg 768w\" sizes=\"(max-width: 864px) 100vw, 864px\" \/><\/figure>\n<\/figure>\n<\/div>\n<\/div>\n\n\r\n    <\/div>\r\n<\/section><section id=\"ls-section-block_125d11ab03671d40cdfbb5d23327069e\" class=\"ls-section  page-three has-background green has-p-t p-t-14 has-p-b p-b-14\" >\r\n        <div class=\"container container--wide\">\r\n        \n\n<div class=\"wp-block-columns is-layout-flex wp-container-core-columns-is-layout-9d6595d7 wp-block-columns-is-layout-flex\">\n<div class=\"wp-block-column is-vertically-aligned-center is-layout-flow wp-block-column-is-layout-flow\" style=\"flex-basis:66.66%\">\n<figure class=\"wp-block-image size-full animated bounceInLeft slow delay-100ms\"><img decoding=\"async\" width=\"864\" height=\"576\" src=\"https:\/\/www.lestruffieres.com\/wp-content\/uploads\/2023\/02\/marche-tous-les-jour-proche-camping-les-truffieres.jpg\" alt=\"daily market near camping les truffieres\" class=\"wp-image-1759\" srcset=\"https:\/\/www.lestruffieres.com\/wp-content\/uploads\/2023\/02\/marche-tous-les-jour-proche-camping-les-truffieres.jpg 864w, https:\/\/www.lestruffieres.com\/wp-content\/uploads\/2023\/02\/marche-tous-les-jour-proche-camping-les-truffieres-300x200.jpg 300w, https:\/\/www.lestruffieres.com\/wp-content\/uploads\/2023\/02\/marche-tous-les-jour-proche-camping-les-truffieres-768x512.jpg 768w\" sizes=\"(max-width: 864px) 100vw, 864px\" \/><\/figure>\n<\/div>\n\n\n\n<div class=\"wp-block-column is-vertically-aligned-center is-layout-flow wp-block-column-is-layout-flow\" style=\"flex-basis:33.33%\">\n<h2 class=\"ls__heading deco wp-block-heading\">A real invitation to make your senses travel<\/h2>\n\n\n\n<p class=\"ls-paragraph\">The Dr\u00f4me proven\u00e7ale is also titled <strong>1st department of organic agriculture and truffle producers<\/strong> donc you will find your happiness at every corner.<\/p>\n\n\n\n<p class=\"ls-paragraph\">The products are local in Rh\u00f4ne-Alpes because we benefit from a favorable geographical situation: from the fruits, to the olive of Provence or the melon and the strawberries of Carpentras or why not the truffles&#8230; Grignan is in the heart of these magnificent products which will seduce you. Lovers of &#8220;local food&#8221; will be delighted in our beautiful and rich region.<\/p>\n\n\n\n<p class=\"ls-paragraph\">Every day you can <strong>discover a new market<\/strong> and take the opportunity to visit a town like Grignan, which offers a weekly market on Tuesday mornings and invites you to <strong>discovery of the village classified Most Beautiful Village of France<\/strong>. <\/p>\n\n\n\n<p class=\"ls-paragraph addReadMore showlesscontent\">At the info point of the truffi\u00e8res campsite, a display of the weekly food markets with the dates and places will be at your disposal. We are also available to provide you with information.<\/p>\n<\/div>\n<\/div>\n\n\r\n    <\/div>\r\n<\/section><section id=\"ls-section-block_75e483a7562a9411611b9c5fc5159b74\" class=\"ls-section  page-maillage has-p-t p-t-14 has-p-b p-b-14\" >\r\n        <div class=\"container container--wide\">\r\n        \n\n<div id=\"ls-heading ls-titre-div-block_74818ce1c9ab1d33efd558b3ea94f924\" class=\"ls-titre-div deco aligncenter h2-like\" >\n    Discover the surroundings of the campsite!<\/div>\n\n\n<div id=\"ls-maillage-block_469b301ce5ce1ebb7f2fb6de8b3b7380\" class=\"ls-maillage cta-style-normal\" data-rows=\"3\">\r\n    <div class=\"wp-block-columns\"><div class=\"wp-block-column\">\n\n<a href=\"https:\/\/www.lestruffieres.com\/en\/the-castel-of-grignan\/\" target=\"\" rel=\"noopener\" class=\"ls-cta__link\">\n\n\t<div class=\"ls-cta__image\"><img decoding=\"async\" src=\"https:\/\/www.lestruffieres.com\/wp-content\/uploads\/2023\/03\/chateau-de-grignan-drome-provencale.jpg\" alt=\"chateau de grignan drome provencale\"><\/div>\n\t<div class=\"ls-cta__title\">\n\t\tChateau de Grignan\t<\/div>\n\t\n\t\t\n<\/a><\/div><div class=\"wp-block-column\">\n\n<a href=\"https:\/\/www.lestruffieres.com\/en\/holiday-stays-camping-chamaret\/\" target=\"\" rel=\"noopener\" class=\"ls-cta__link\">\n\n\t<div class=\"ls-cta__image\"><img decoding=\"async\" src=\"https:\/\/www.lestruffieres.com\/wp-content\/uploads\/2023\/03\/village-chamaret-dans-la-drome.jpg\" alt=\"village chamaret dans la drome\"><\/div>\n\t<div class=\"ls-cta__title\">\n\t\tVillage of Chamaret\t<\/div>\n\t\n\t\t\n<\/a><\/div><div class=\"wp-block-column\">\n\n<a href=\"https:\/\/www.lestruffieres.com\/en\/vacation-stays-camping-the-guard-adhemar\/\" target=\"\" rel=\"noopener\" class=\"ls-cta__link\">\n\n\t<div class=\"ls-cta__image\"><img decoding=\"async\" src=\"https:\/\/www.lestruffieres.com\/wp-content\/uploads\/2023\/03\/village-de-la-garde-adhemar-dans-la-drome.jpg\" alt=\"village de la garde adhemar dans la drome\"><\/div>\n\t<div class=\"ls-cta__title\">\n\t\tVillage of La Garde Adh\u00e9mar\t<\/div>\n\t\n\t\t\n<\/a><\/div><\/div><\/div>\n\r\n    <\/div>\r\n<\/section>","protected":false},"excerpt":{"rendered":"","protected":false},"author":1,"featured_media":2155,"parent":0,"menu_order":0,"comment_status":"closed","ping_status":"closed","template":"","meta":{"_acf_changed":false,"footnotes":""},"sujet":[],"class_list":["post-2907","page","type-page","status-publish","has-post-thumbnail","hentry"],"acf":[],"yoast_head":"<!-- This site is optimized with the Yoast SEO plugin v23.4 - https:\/\/yoast.com\/wordpress\/plugins\/seo\/ -->\n<title>The most beautiful provencal markets of the Dr\u00f4me Provencale<\/title>\n<meta name=\"description\" content=\"Discover the most beautiful and typical provencal markets of the Dr\u00f4me Provencale\" \/>\n<meta name=\"robots\" content=\"index, follow, max-snippet:-1, max-image-preview:large, max-video-preview:-1\" \/>\n<link rel=\"canonical\" href=\"https:\/\/www.lestruffieres.com\/en\/the-provencal-markets\/\" \/>\n<meta property=\"og:locale\" content=\"en_US\" \/>\n<meta property=\"og:type\" content=\"article\" \/>\n<meta property=\"og:title\" content=\"The most beautiful provencal markets of the Dr\u00f4me Provencale\" \/>\n<meta property=\"og:description\" content=\"Discover the most beautiful and typical provencal markets of the Dr\u00f4me Provencale\" \/>\n<meta property=\"og:url\" content=\"https:\/\/www.lestruffieres.com\/en\/the-provencal-markets\/\" \/>\n<meta property=\"og:site_name\" content=\"Camping Les Truffi\u00e8res\" \/>\n<meta property=\"article:modified_time\" content=\"2023-03-27T13:44:50+00:00\" \/>\n<meta property=\"og:image\" content=\"https:\/\/www.lestruffieres.com\/wp-content\/uploads\/2023\/03\/marches-proche-camping-les-truffieres-1.webp\" \/>\n\t<meta property=\"og:image:width\" content=\"1920\" \/>\n\t<meta property=\"og:image:height\" content=\"746\" \/>\n\t<meta property=\"og:image:type\" content=\"image\/webp\" \/>\n<meta name=\"twitter:card\" content=\"summary_large_image\" \/>\n<meta name=\"twitter:label1\" content=\"Est. reading time\" \/>\n\t<meta name=\"twitter:data1\" content=\"3 minutes\" \/>\n<script type=\"application\/ld+json\" class=\"yoast-schema-graph\">{\"@context\":\"https:\/\/schema.org\",\"@graph\":[{\"@type\":\"WebPage\",\"@id\":\"https:\/\/www.lestruffieres.com\/en\/the-provencal-markets\/\",\"url\":\"https:\/\/www.lestruffieres.com\/en\/the-provencal-markets\/\",\"name\":\"The most beautiful provencal markets of the Dr\u00f4me Provencale\",\"isPartOf\":{\"@id\":\"https:\/\/www.lestruffieres.com\/#website\"},\"primaryImageOfPage\":{\"@id\":\"https:\/\/www.lestruffieres.com\/en\/the-provencal-markets\/#primaryimage\"},\"image\":{\"@id\":\"https:\/\/www.lestruffieres.com\/en\/the-provencal-markets\/#primaryimage\"},\"thumbnailUrl\":\"https:\/\/www.lestruffieres.com\/wp-content\/uploads\/2023\/03\/marches-proche-camping-les-truffieres-1.webp\",\"datePublished\":\"2023-02-06T08:13:12+00:00\",\"dateModified\":\"2023-03-27T13:44:50+00:00\",\"description\":\"Discover the most beautiful and typical provencal markets of the Dr\u00f4me Provencale\",\"breadcrumb\":{\"@id\":\"https:\/\/www.lestruffieres.com\/en\/the-provencal-markets\/#breadcrumb\"},\"inLanguage\":\"en-US\",\"potentialAction\":[{\"@type\":\"ReadAction\",\"target\":[\"https:\/\/www.lestruffieres.com\/en\/the-provencal-markets\/\"]}]},{\"@type\":\"ImageObject\",\"inLanguage\":\"en-US\",\"@id\":\"https:\/\/www.lestruffieres.com\/en\/the-provencal-markets\/#primaryimage\",\"url\":\"https:\/\/www.lestruffieres.com\/wp-content\/uploads\/2023\/03\/marches-proche-camping-les-truffieres-1.webp\",\"contentUrl\":\"https:\/\/www.lestruffieres.com\/wp-content\/uploads\/2023\/03\/marches-proche-camping-les-truffieres-1.webp\",\"width\":1920,\"height\":746,\"caption\":\"marches proche camping les truffieres 1\"},{\"@type\":\"BreadcrumbList\",\"@id\":\"https:\/\/www.lestruffieres.com\/en\/the-provencal-markets\/#breadcrumb\",\"itemListElement\":[{\"@type\":\"ListItem\",\"position\":1,\"name\":\"Camping Dr\u00f4me\",\"item\":\"https:\/\/www.lestruffieres.com\/en\/\"},{\"@type\":\"ListItem\",\"position\":2,\"name\":\"Camping near the Provencal markets\"}]},{\"@type\":\"WebSite\",\"@id\":\"https:\/\/www.lestruffieres.com\/#website\",\"url\":\"https:\/\/www.lestruffieres.com\/\",\"name\":\"Camping Les Truffi\u00e8res\",\"description\":\"\",\"publisher\":{\"@id\":\"https:\/\/www.lestruffieres.com\/#organization\"},\"potentialAction\":[{\"@type\":\"SearchAction\",\"target\":{\"@type\":\"EntryPoint\",\"urlTemplate\":\"https:\/\/www.lestruffieres.com\/?s={search_term_string}\"},\"query-input\":{\"@type\":\"PropertyValueSpecification\",\"valueRequired\":true,\"valueName\":\"search_term_string\"}}],\"inLanguage\":\"en-US\"},{\"@type\":\"Organization\",\"@id\":\"https:\/\/www.lestruffieres.com\/#organization\",\"name\":\"Camping Les Truffi\u00e8res\",\"url\":\"https:\/\/www.lestruffieres.com\/\",\"logo\":{\"@type\":\"ImageObject\",\"inLanguage\":\"en-US\",\"@id\":\"https:\/\/www.lestruffieres.com\/#\/schema\/logo\/image\/\",\"url\":\"https:\/\/www.lestruffieres.com\/wp-content\/uploads\/2023\/02\/camping-les-truffieres-logo-entete.png\",\"contentUrl\":\"https:\/\/www.lestruffieres.com\/wp-content\/uploads\/2023\/02\/camping-les-truffieres-logo-entete.png\",\"width\":742,\"height\":1020,\"caption\":\"Camping Les Truffi\u00e8res\"},\"image\":{\"@id\":\"https:\/\/www.lestruffieres.com\/#\/schema\/logo\/image\/\"}}]}<\/script>\n<!-- \/ Yoast SEO plugin. -->","yoast_head_json":{"title":"The most beautiful provencal markets of the Dr\u00f4me Provencale","description":"Discover the most beautiful and typical provencal markets of the Dr\u00f4me Provencale","robots":{"index":"index","follow":"follow","max-snippet":"max-snippet:-1","max-image-preview":"max-image-preview:large","max-video-preview":"max-video-preview:-1"},"canonical":"https:\/\/www.lestruffieres.com\/en\/the-provencal-markets\/","og_locale":"en_US","og_type":"article","og_title":"The most beautiful provencal markets of the Dr\u00f4me Provencale","og_description":"Discover the most beautiful and typical provencal markets of the Dr\u00f4me Provencale","og_url":"https:\/\/www.lestruffieres.com\/en\/the-provencal-markets\/","og_site_name":"Camping Les Truffi\u00e8res","article_modified_time":"2023-03-27T13:44:50+00:00","og_image":[{"width":1920,"height":746,"url":"https:\/\/www.lestruffieres.com\/wp-content\/uploads\/2023\/03\/marches-proche-camping-les-truffieres-1.webp","type":"image\/webp"}],"twitter_card":"summary_large_image","twitter_misc":{"Est. reading time":"3 minutes"},"schema":{"@context":"https:\/\/schema.org","@graph":[{"@type":"WebPage","@id":"https:\/\/www.lestruffieres.com\/en\/the-provencal-markets\/","url":"https:\/\/www.lestruffieres.com\/en\/the-provencal-markets\/","name":"The most beautiful provencal markets of the Dr\u00f4me Provencale","isPartOf":{"@id":"https:\/\/www.lestruffieres.com\/#website"},"primaryImageOfPage":{"@id":"https:\/\/www.lestruffieres.com\/en\/the-provencal-markets\/#primaryimage"},"image":{"@id":"https:\/\/www.lestruffieres.com\/en\/the-provencal-markets\/#primaryimage"},"thumbnailUrl":"https:\/\/www.lestruffieres.com\/wp-content\/uploads\/2023\/03\/marches-proche-camping-les-truffieres-1.webp","datePublished":"2023-02-06T08:13:12+00:00","dateModified":"2023-03-27T13:44:50+00:00","description":"Discover the most beautiful and typical provencal markets of the Dr\u00f4me Provencale","breadcrumb":{"@id":"https:\/\/www.lestruffieres.com\/en\/the-provencal-markets\/#breadcrumb"},"inLanguage":"en-US","potentialAction":[{"@type":"ReadAction","target":["https:\/\/www.lestruffieres.com\/en\/the-provencal-markets\/"]}]},{"@type":"ImageObject","inLanguage":"en-US","@id":"https:\/\/www.lestruffieres.com\/en\/the-provencal-markets\/#primaryimage","url":"https:\/\/www.lestruffieres.com\/wp-content\/uploads\/2023\/03\/marches-proche-camping-les-truffieres-1.webp","contentUrl":"https:\/\/www.lestruffieres.com\/wp-content\/uploads\/2023\/03\/marches-proche-camping-les-truffieres-1.webp","width":1920,"height":746,"caption":"marches proche camping les truffieres 1"},{"@type":"BreadcrumbList","@id":"https:\/\/www.lestruffieres.com\/en\/the-provencal-markets\/#breadcrumb","itemListElement":[{"@type":"ListItem","position":1,"name":"Camping Dr\u00f4me","item":"https:\/\/www.lestruffieres.com\/en\/"},{"@type":"ListItem","position":2,"name":"Camping near the Provencal markets"}]},{"@type":"WebSite","@id":"https:\/\/www.lestruffieres.com\/#website","url":"https:\/\/www.lestruffieres.com\/","name":"Camping Les Truffi\u00e8res","description":"","publisher":{"@id":"https:\/\/www.lestruffieres.com\/#organization"},"potentialAction":[{"@type":"SearchAction","target":{"@type":"EntryPoint","urlTemplate":"https:\/\/www.lestruffieres.com\/?s={search_term_string}"},"query-input":{"@type":"PropertyValueSpecification","valueRequired":true,"valueName":"search_term_string"}}],"inLanguage":"en-US"},{"@type":"Organization","@id":"https:\/\/www.lestruffieres.com\/#organization","name":"Camping Les Truffi\u00e8res","url":"https:\/\/www.lestruffieres.com\/","logo":{"@type":"ImageObject","inLanguage":"en-US","@id":"https:\/\/www.lestruffieres.com\/#\/schema\/logo\/image\/","url":"https:\/\/www.lestruffieres.com\/wp-content\/uploads\/2023\/02\/camping-les-truffieres-logo-entete.png","contentUrl":"https:\/\/www.lestruffieres.com\/wp-content\/uploads\/2023\/02\/camping-les-truffieres-logo-entete.png","width":742,"height":1020,"caption":"Camping Les Truffi\u00e8res"},"image":{"@id":"https:\/\/www.lestruffieres.com\/#\/schema\/logo\/image\/"}}]}},"_links":{"self":[{"href":"https:\/\/www.lestruffieres.com\/en\/wp-json\/wp\/v2\/pages\/2907","targetHints":{"allow":["GET"]}}],"collection":[{"href":"https:\/\/www.lestruffieres.com\/en\/wp-json\/wp\/v2\/pages"}],"about":[{"href":"https:\/\/www.lestruffieres.com\/en\/wp-json\/wp\/v2\/types\/page"}],"author":[{"embeddable":true,"href":"https:\/\/www.lestruffieres.com\/en\/wp-json\/wp\/v2\/users\/1"}],"replies":[{"embeddable":true,"href":"https:\/\/www.lestruffieres.com\/en\/wp-json\/wp\/v2\/comments?post=2907"}],"version-history":[{"count":5,"href":"https:\/\/www.lestruffieres.com\/en\/wp-json\/wp\/v2\/pages\/2907\/revisions"}],"predecessor-version":[{"id":3275,"href":"https:\/\/www.lestruffieres.com\/en\/wp-json\/wp\/v2\/pages\/2907\/revisions\/3275"}],"wp:featuredmedia":[{"embeddable":true,"href":"https:\/\/www.lestruffieres.com\/en\/wp-json\/wp\/v2\/media\/2155"}],"wp:attachment":[{"href":"https:\/\/www.lestruffieres.com\/en\/wp-json\/wp\/v2\/media?parent=2907"}],"wp:term":[{"taxonomy":"sujet","embeddable":true,"href":"https:\/\/www.lestruffieres.com\/en\/wp-json\/wp\/v2\/sujet?post=2907"}],"curies":[{"name":"wp","href":"https:\/\/api.w.org\/{rel}","templated":true}]}}