{"id":2901,"date":"2023-02-06T09:13:56","date_gmt":"2023-02-06T08:13:56","guid":{"rendered":"https:\/\/www.lestruffieres.com\/camping-mont-ventoux\/"},"modified":"2023-03-27T21:01:33","modified_gmt":"2023-03-27T19:01:33","slug":"camping-mont-ventoux","status":"publish","type":"page","link":"https:\/\/www.lestruffieres.com\/en\/camping-mont-ventoux\/","title":{"rendered":"Le mont Ventoux"},"content":{"rendered":"<section id=\"ls-section-block_42385bd21a6210c08bcacd43af8b76dc\" class=\"ls-section  page-chapeau\" >\r\n        <div class=\"container container--wide\">\r\n        \n\n<h1 class=\"ls__heading has-text-align-center wp-block-heading\">Camping near Mont Ventoux<\/h1>\n\n\r\n    <\/div>\r\n<\/section>\n\n<section id=\"ls-section-block_f5f5dd7cf1741ce10263173e5ad68309\" class=\"ls-section  page-one deco-fleurs has-p-t p-t-0\" >\r\n        <div class=\"container container--wide\">\r\n        \n\n<div class=\"wp-block-columns is-layout-flex wp-container-core-columns-is-layout-9d6595d7 wp-block-columns-is-layout-flex\">\n<div class=\"wp-block-column left is-layout-flow wp-block-column-is-layout-flow\" style=\"flex-basis:66.66%\">\n<figure class=\"wp-block-image size-full animated fadeIn slow\"><img decoding=\"async\" width=\"864\" height=\"576\" src=\"https:\/\/www.lestruffieres.com\/wp-content\/uploads\/2023\/03\/le-mont-ventoux-en-hiver.jpg\" alt=\"mont ventoux in summer\" class=\"wp-image-1929\" srcset=\"https:\/\/www.lestruffieres.com\/wp-content\/uploads\/2023\/03\/le-mont-ventoux-en-hiver.jpg 864w, https:\/\/www.lestruffieres.com\/wp-content\/uploads\/2023\/03\/le-mont-ventoux-en-hiver-300x200.jpg 300w, https:\/\/www.lestruffieres.com\/wp-content\/uploads\/2023\/03\/le-mont-ventoux-en-hiver-768x512.jpg 768w\" sizes=\"(max-width: 864px) 100vw, 864px\" \/><\/figure>\n\n\n\n<div id=\"ls-heading ls-titre-div-block_b797c5bd911230dfd1ff3f0b7dfedc40\" class=\"ls-titre-div quotes h2-like\" >\n    <strong>At Camping Les Truffi\u00e8res<\/strong> in the heart of the Dr\u00f4me Proven\u00e7ale, C\u00e9lina and Brendon do everything they can to make your stay a success! <\/div>\n<\/div>\n\n\n\n<div class=\"wp-block-column right is-layout-flow wp-block-column-is-layout-flow\" style=\"flex-basis:33.33%\">\n<h2 class=\"ls__heading deco wp-block-heading\">The Mont Ventoux : ideal for your activities<\/h2>\n\n\n\n<p class=\"ls-paragraph\"><a href=\"http:\/\/www.stationdumontserein.com\/\" target=\"_blank\" rel=\"noreferrer noopener nofollow\">The Mont Ventoux<\/a> is a dream destination for <strong>overs of hiking and mountain sports. <\/strong>. This majestic peak, located in the south-east of France, is one of the most famous and attractive in the Provence-Alpes-C\u00f4te d&#8217;Azur region. It is a real landmark. It stands proudly at an altitude of 1912 meters, offering a breathtaking view of the surrounding region.<\/p>\n\n\n\n<h3 class=\"ls-heading wp-block-heading\">Hiking trails accessible to all<\/h3>\n\n\n\n<p class=\"ls-paragraph\">Mont Ventoux is known for its striking natural beauty, <strong>its picturesque hiking trails<\/strong> and its impressive sporting challenges. It is also an important historical site, having witnessed many important events over the centuries.<\/p>\n\n\n\n<p class=\"ls-paragraph\">Hiking enthusiasts can take to the mountain trails to discover the <strong>incredible landscapes and spectacular panoramas<\/strong>.<\/p>\n\n\n\n<p class=\"ls-paragraph\">*There are several routes to the summit, such as the path of the Coasts, the path of the Virgin and the path of the Chapel of Saint Anne. Each of these trails offers unique scenery, as well as different physical challenges.<\/p>\n<\/div>\n<\/div>\n\n\r\n    <\/div>\r\n<\/section>\n\n<section id=\"ls-section-block_97ec0659d6c29468237773de49e8dbd6\" class=\"ls-section  page-two has-background has-color-3-background-color has-p-t p-t-14 has-p-b p-b-14\" >\r\n        <div class=\"container container--wide\">\r\n        \n\n<div class=\"wp-block-columns is-layout-flex wp-container-core-columns-is-layout-9d6595d7 wp-block-columns-is-layout-flex\">\n<div class=\"wp-block-column is-vertically-aligned-center is-layout-flow wp-block-column-is-layout-flow\" style=\"flex-basis:33.33%\">\n<h3 class=\"ls-heading wp-block-heading\">Destination for cyclists<\/h3>\n\n\n\n<p class=\"ls-paragraph\">For the more adventurous, Mont Ventoux is also a popular destination for cycling, especially for cycling events such as the Tour de France. Cyclists can embark on a mountain climb to challenge their limits and <strong>enjoy the beauty of the area.<\/strong><\/p>\n\n\n\n<h3 class=\"ls-heading wp-block-heading\">A place full of history<\/h3>\n\n\n\n<p class=\"ls-paragraph\">Finally, the Mont Ventoux is also an important historical site for the <strong>history and culture lovers<\/strong>. It has witnessed many important events over the centuries, such as crusades, barbarian invasions and religious wars. In addition, there are several historical buildings to explore on the mountain, such as the Chapelle Sainte-Anne, the Fort de la B\u00e2tie and the Ch\u00e2teau de la Roche du Roi.<\/p>\n\n\n\n<p class=\"ls-paragraph addReadMore showlesscontent\">In conclusion, Mont Ventoux is an incredible destination for lovers of hiking, mountain sports and history. With breathtaking views of the surrounding region, scenic hiking trails, impressive athletic challenges and important historical sites, this is a destination worth exploring. So, don&#8217;t hesitate to visit this majestic summit for an unforgettable experience less than an hour from our <a href=\"https:\/\/www.lestruffieres.com\/en\/\">camping in the Dr\u00f4me<\/a>.<\/p>\n<\/div>\n\n\n\n<div class=\"wp-block-column is-vertically-aligned-center is-layout-flow wp-block-column-is-layout-flow\" style=\"flex-basis:66.66%\">\n<figure class=\"wp-block-gallery has-nested-images columns-1 is-cropped galerie-slider wp-block-gallery-1 is-layout-flex wp-block-gallery-is-layout-flex\">\n<figure class=\"wp-block-image size-full\"><img decoding=\"async\" width=\"864\" height=\"576\" data-id=\"1919\" src=\"https:\/\/www.lestruffieres.com\/wp-content\/uploads\/2023\/03\/gravir-le-mont-ventoux-a-velo.jpg\" alt=\"climb the mont ventoux by bike\" class=\"wp-image-1919\" srcset=\"https:\/\/www.lestruffieres.com\/wp-content\/uploads\/2023\/03\/gravir-le-mont-ventoux-a-velo.jpg 864w, https:\/\/www.lestruffieres.com\/wp-content\/uploads\/2023\/03\/gravir-le-mont-ventoux-a-velo-300x200.jpg 300w, https:\/\/www.lestruffieres.com\/wp-content\/uploads\/2023\/03\/gravir-le-mont-ventoux-a-velo-768x512.jpg 768w\" sizes=\"(max-width: 864px) 100vw, 864px\" \/><\/figure>\n<\/figure>\n<\/div>\n<\/div>\n\n\r\n    <\/div>\r\n<\/section>\n\n<section id=\"ls-section-block_fd1e0b08049403d1d8dd1baeae1abd66\" class=\"ls-section  page-three has-background green has-p-t p-t-14 has-p-b p-b-14\" >\r\n        <div class=\"container container--wide\">\r\n        \n\n<div class=\"wp-block-columns is-layout-flex wp-container-core-columns-is-layout-9d6595d7 wp-block-columns-is-layout-flex\">\n<div class=\"wp-block-column is-vertically-aligned-center is-layout-flow wp-block-column-is-layout-flow\" style=\"flex-basis:66.66%\">\n<figure class=\"wp-block-image size-full animated bounceInLeft slow delay-100ms\"><img decoding=\"async\" width=\"864\" height=\"576\" src=\"https:\/\/www.lestruffieres.com\/wp-content\/uploads\/2023\/03\/le-sommet-du-mont-ventoux-en-hiver.jpg\" alt=\"the summit of mont ventoux in winter\" class=\"wp-image-1921\" srcset=\"https:\/\/www.lestruffieres.com\/wp-content\/uploads\/2023\/03\/le-sommet-du-mont-ventoux-en-hiver.jpg 864w, https:\/\/www.lestruffieres.com\/wp-content\/uploads\/2023\/03\/le-sommet-du-mont-ventoux-en-hiver-300x200.jpg 300w, https:\/\/www.lestruffieres.com\/wp-content\/uploads\/2023\/03\/le-sommet-du-mont-ventoux-en-hiver-768x512.jpg 768w\" sizes=\"(max-width: 864px) 100vw, 864px\" \/><\/figure>\n<\/div>\n\n\n\n<div class=\"wp-block-column is-vertically-aligned-center is-layout-flow wp-block-column-is-layout-flow\" style=\"flex-basis:33.33%\">\n<h2 class=\"ls__heading deco wp-block-heading\">Discover the Mont Ventoux in winter<\/h2>\n\n\n\n<p class=\"ls-paragraph\">Did you know that the Mont Ventoux has a <strong>winter resort<\/strong> ? As surprising as it may seem, there is as much to do in winter as in summer. Snowshoeing, downhill skiing or sledding, you will find something to keep you busy. But you will have to equip yourself because the temperatures are much cooler than in summer!<\/p>\n\n\n\n<p class=\"ls-paragraph addReadMore showlesscontent\">Summer hiking enthusiasts will also appreciate <strong>winter trails<\/strong>. The silence of nature with for only noise, the snow which cracks under the steps. Recognize the passage of an animal with the footprints, the charm of winter keeps the seductive side of the Mont Ventoux. <\/p>\n\n\n\n<h2 class=\"ls__heading deco wp-block-heading\">Your best summer activities in Mont Ventoux<\/h2>\n\n\n\n<p class=\"ls-paragraph\">In summer, many activities are offered at the resort, and much different than in winter! The <strong>lovers of sensations<\/strong> will find their happiness in evaluator or accrobranche. Electric scooter or horseback rides are also offered to discover the sumptuous setting. And then in the summer, you can admire the breathtaking view.<\/p>\n\n\n\n<p class=\"ls-paragraph addReadMore showlesscontent\">Choose well the period to go there and if you can, <strong>focus on the flowering of the lavender<\/strong>. Take a good look at the Ventoux before you go! If you fall on a cloudy day you will literally have your head in the clouds and will not be able to enjoy the view. <\/p>\n<\/div>\n<\/div>\n\n\r\n    <\/div>\r\n<\/section>\n\n<section id=\"ls-section-block_2ffb66ad1058e4ad38b4653cc04bd46f\" class=\"ls-section  page-five has-background has-color-white-background-color has-m-b m-b-0 has-p-t p-t-14 has-p-b p-b-0\" >\r\n        <div class=\"container container--wide\">\r\n        \n\n<h2 class=\"ls__heading has-text-align-center deco wp-block-heading\">Camping near the Mont Ventoux<\/h2>\n\n\n\n<p class=\"ls-paragraph has-text-align-center\">At Camping Les Truffi\u00e8res, you can observe the Mont Ventoux from your pitch! And yes, <a href=\"https:\/\/www.lestruffieres.com\/en\/pitches\/\">the pitches<\/a> in the &#8220;privilege package&#8221; offer a magnificent view of the mountains, and the Ventoux!<\/p>\n\n\n\n<p class=\"ls-paragraph has-text-align-center\">A huge advantage to observe the right moment to climb it. Take the main highways or back roads to get there and the journey will start to take you on a journey. <\/p>\n\n\n\n<p class=\"ls-paragraph has-text-align-center\">And when you return, you will find the bar and the ice cream to regain your strength and <a href=\"https:\/\/www.lestruffieres.com\/en\/swimming-pool\/\">the pool<\/a> to relax. This proximity of less than 60 kilometers from the summit also allows you to repeat the experience as often as you like.<\/p>\n\n\r\n    <\/div>\r\n<\/section>\n\n<section id=\"ls-section-block_647aa72a7c0ab06aa34c07e716927828\" class=\"ls-section \" >\r\n        <div class=\"container \">\r\n        \n\n<script>\n    window.ctoutvert = {\n\t\tid: 2561, \n\t\tlang: 'auto', \n\t\turl: 'https:\/\/bookingpremium.secureholiday.net\/widgets\/'\n    };\n\n    (function (w, d, s, ctv, r, js, fjs) {\n        r=new XMLHttpRequest();r.open('GET',w[ctv].url+'js\/src.json');\n        r.responseType='json';r.json=true;r.send();\n        r.onload=function(){w[ctv].src=r.responseType=='json'?r.response:JSON.parse(r.response);\n        js.src=w[ctv].src[0];fjs.parentNode.insertBefore(js, fjs);}\n        js=d.createElement(s),fjs=d.getElementsByTagName(s)[0];\n        js.id='ctvwidget';js.async=1;\n    }(window, document, 'script', 'ctoutvert'));\n<\/script>\n<ctv-availability data-product-type=\"pitch\" data-background-color=\"#FFFFFFFF\"><\/ctv-availability>\n\n\r\n    <\/div>\r\n<\/section>\n\n<section id=\"ls-section-block_d22da1c24d3f218750206e29806e6718\" class=\"ls-section  page-maillage has-m-t m-t-0 has-p-t p-t-8 has-p-b p-b-14\" >\r\n        <div class=\"container container--wide\">\r\n        \n\n<div id=\"ls-heading ls-titre-div-block_60223251b18ce965ba9e62d497ac5aed\" class=\"ls-titre-div deco aligncenter h2-like\" >\n    Discover the surroundings of our campsite!<\/div>\n\n\n<div id=\"ls-maillage-block_21587739bbb312154a7777db01057669\" class=\"ls-maillage cta-style-normal\" data-rows=\"3\">\r\n    <div class=\"wp-block-columns\"><div class=\"wp-block-column\">\n\n<a href=\"https:\/\/www.lestruffieres.com\/en\/the-provencal-markets\/\" target=\"\" rel=\"noopener\" class=\"ls-cta__link\">\n\n\t<div class=\"ls-cta__image\"><img decoding=\"async\" src=\"https:\/\/www.lestruffieres.com\/wp-content\/uploads\/2023\/03\/marches.jpg\" alt=\"marches provence\"><\/div>\n\t<div class=\"ls-cta__title\">\n\t\tThe Provencal markets\t<\/div>\n\t\n\t\t\n<\/a><\/div><div class=\"wp-block-column\">\n\n<a href=\"https:\/\/www.lestruffieres.com\/en\/holiday-stays-camping-grignan\/\" target=\"\" rel=\"noopener\" class=\"ls-cta__link\">\n\n\t<div class=\"ls-cta__image\"><img decoding=\"async\" src=\"https:\/\/www.lestruffieres.com\/wp-content\/uploads\/2023\/03\/camping-les-truffieres-a-grignan-768x298.webp\" alt=\"camping a grignan\"><\/div>\n\t<div class=\"ls-cta__title\">\n\t\tVillage of Grignan\t<\/div>\n\t\n\t\t\n<\/a><\/div><div class=\"wp-block-column\">\n\n<a href=\"https:\/\/www.lestruffieres.com\/en\/vacation-stays-camping-the-guard-adhemar\/\" target=\"\" rel=\"noopener\" class=\"ls-cta__link\">\n\n\t<div class=\"ls-cta__image\"><img decoding=\"async\" src=\"https:\/\/www.lestruffieres.com\/wp-content\/uploads\/2023\/03\/village-de-la-garde-adhemar-dans-la-drome.jpg\" alt=\"village de la garde adhemar dans la drome\"><\/div>\n\t<div class=\"ls-cta__title\">\n\t\tVillage of La Garde Adh\u00e9mar\t<\/div>\n\t\n\t\t\n<\/a><\/div><\/div><\/div>\n\r\n    <\/div>\r\n<\/section>","protected":false},"excerpt":{"rendered":"","protected":false},"author":1,"featured_media":1925,"parent":0,"menu_order":0,"comment_status":"closed","ping_status":"closed","template":"","meta":{"_acf_changed":false,"footnotes":""},"sujet":[],"class_list":["post-2901","page","type-page","status-publish","has-post-thumbnail","hentry"],"acf":[],"yoast_head":"<!-- This site is optimized with the Yoast SEO plugin v23.4 - https:\/\/yoast.com\/wordpress\/plugins\/seo\/ -->\n<title>Camping near the Mont Ventoux<\/title>\n<meta name=\"description\" content=\"Discover the Truffi\u00e8res campsite located near the Mont Ventoux\" \/>\n<meta name=\"robots\" content=\"index, follow, max-snippet:-1, max-image-preview:large, max-video-preview:-1\" \/>\n<link rel=\"canonical\" href=\"https:\/\/www.lestruffieres.com\/en\/camping-mont-ventoux\/\" \/>\n<meta property=\"og:locale\" content=\"en_US\" \/>\n<meta property=\"og:type\" content=\"article\" \/>\n<meta property=\"og:title\" content=\"Camping near the Mont Ventoux\" \/>\n<meta property=\"og:description\" content=\"Discover the Truffi\u00e8res campsite located near the Mont Ventoux\" \/>\n<meta property=\"og:url\" content=\"https:\/\/www.lestruffieres.com\/en\/camping-mont-ventoux\/\" \/>\n<meta property=\"og:site_name\" content=\"Camping Les Truffi\u00e8res\" \/>\n<meta property=\"article:modified_time\" content=\"2023-03-27T19:01:33+00:00\" \/>\n<meta property=\"og:image\" content=\"https:\/\/www.lestruffieres.com\/wp-content\/uploads\/2023\/03\/mont-ventoux-drome.webp\" \/>\n\t<meta property=\"og:image:width\" content=\"1920\" \/>\n\t<meta property=\"og:image:height\" content=\"746\" \/>\n\t<meta property=\"og:image:type\" content=\"image\/webp\" \/>\n<meta name=\"twitter:card\" content=\"summary_large_image\" \/>\n<meta name=\"twitter:label1\" content=\"Est. reading time\" \/>\n\t<meta name=\"twitter:data1\" content=\"5 minutes\" \/>\n<script type=\"application\/ld+json\" class=\"yoast-schema-graph\">{\"@context\":\"https:\/\/schema.org\",\"@graph\":[{\"@type\":\"WebPage\",\"@id\":\"https:\/\/www.lestruffieres.com\/en\/camping-mont-ventoux\/\",\"url\":\"https:\/\/www.lestruffieres.com\/en\/camping-mont-ventoux\/\",\"name\":\"Camping near the Mont Ventoux\",\"isPartOf\":{\"@id\":\"https:\/\/www.lestruffieres.com\/#website\"},\"primaryImageOfPage\":{\"@id\":\"https:\/\/www.lestruffieres.com\/en\/camping-mont-ventoux\/#primaryimage\"},\"image\":{\"@id\":\"https:\/\/www.lestruffieres.com\/en\/camping-mont-ventoux\/#primaryimage\"},\"thumbnailUrl\":\"https:\/\/www.lestruffieres.com\/wp-content\/uploads\/2023\/03\/mont-ventoux-drome.webp\",\"datePublished\":\"2023-02-06T08:13:56+00:00\",\"dateModified\":\"2023-03-27T19:01:33+00:00\",\"description\":\"Discover the Truffi\u00e8res campsite located near the Mont Ventoux\",\"breadcrumb\":{\"@id\":\"https:\/\/www.lestruffieres.com\/en\/camping-mont-ventoux\/#breadcrumb\"},\"inLanguage\":\"en-US\",\"potentialAction\":[{\"@type\":\"ReadAction\",\"target\":[\"https:\/\/www.lestruffieres.com\/en\/camping-mont-ventoux\/\"]}]},{\"@type\":\"ImageObject\",\"inLanguage\":\"en-US\",\"@id\":\"https:\/\/www.lestruffieres.com\/en\/camping-mont-ventoux\/#primaryimage\",\"url\":\"https:\/\/www.lestruffieres.com\/wp-content\/uploads\/2023\/03\/mont-ventoux-drome.webp\",\"contentUrl\":\"https:\/\/www.lestruffieres.com\/wp-content\/uploads\/2023\/03\/mont-ventoux-drome.webp\",\"width\":1920,\"height\":746,\"caption\":\"visiter mont ventoux\"},{\"@type\":\"BreadcrumbList\",\"@id\":\"https:\/\/www.lestruffieres.com\/en\/camping-mont-ventoux\/#breadcrumb\",\"itemListElement\":[{\"@type\":\"ListItem\",\"position\":1,\"name\":\"Camping Dr\u00f4me\",\"item\":\"https:\/\/www.lestruffieres.com\/en\/\"},{\"@type\":\"ListItem\",\"position\":2,\"name\":\"Camping near the Mont Ventoux\"}]},{\"@type\":\"WebSite\",\"@id\":\"https:\/\/www.lestruffieres.com\/#website\",\"url\":\"https:\/\/www.lestruffieres.com\/\",\"name\":\"Camping Les Truffi\u00e8res\",\"description\":\"\",\"publisher\":{\"@id\":\"https:\/\/www.lestruffieres.com\/#organization\"},\"potentialAction\":[{\"@type\":\"SearchAction\",\"target\":{\"@type\":\"EntryPoint\",\"urlTemplate\":\"https:\/\/www.lestruffieres.com\/?s={search_term_string}\"},\"query-input\":{\"@type\":\"PropertyValueSpecification\",\"valueRequired\":true,\"valueName\":\"search_term_string\"}}],\"inLanguage\":\"en-US\"},{\"@type\":\"Organization\",\"@id\":\"https:\/\/www.lestruffieres.com\/#organization\",\"name\":\"Camping Les Truffi\u00e8res\",\"url\":\"https:\/\/www.lestruffieres.com\/\",\"logo\":{\"@type\":\"ImageObject\",\"inLanguage\":\"en-US\",\"@id\":\"https:\/\/www.lestruffieres.com\/#\/schema\/logo\/image\/\",\"url\":\"https:\/\/www.lestruffieres.com\/wp-content\/uploads\/2023\/02\/camping-les-truffieres-logo-entete.png\",\"contentUrl\":\"https:\/\/www.lestruffieres.com\/wp-content\/uploads\/2023\/02\/camping-les-truffieres-logo-entete.png\",\"width\":742,\"height\":1020,\"caption\":\"Camping Les Truffi\u00e8res\"},\"image\":{\"@id\":\"https:\/\/www.lestruffieres.com\/#\/schema\/logo\/image\/\"}}]}<\/script>\n<!-- \/ Yoast SEO plugin. -->","yoast_head_json":{"title":"Camping near the Mont Ventoux","description":"Discover the Truffi\u00e8res campsite located near the Mont Ventoux","robots":{"index":"index","follow":"follow","max-snippet":"max-snippet:-1","max-image-preview":"max-image-preview:large","max-video-preview":"max-video-preview:-1"},"canonical":"https:\/\/www.lestruffieres.com\/en\/camping-mont-ventoux\/","og_locale":"en_US","og_type":"article","og_title":"Camping near the Mont Ventoux","og_description":"Discover the Truffi\u00e8res campsite located near the Mont Ventoux","og_url":"https:\/\/www.lestruffieres.com\/en\/camping-mont-ventoux\/","og_site_name":"Camping Les Truffi\u00e8res","article_modified_time":"2023-03-27T19:01:33+00:00","og_image":[{"width":1920,"height":746,"url":"https:\/\/www.lestruffieres.com\/wp-content\/uploads\/2023\/03\/mont-ventoux-drome.webp","type":"image\/webp"}],"twitter_card":"summary_large_image","twitter_misc":{"Est. reading time":"5 minutes"},"schema":{"@context":"https:\/\/schema.org","@graph":[{"@type":"WebPage","@id":"https:\/\/www.lestruffieres.com\/en\/camping-mont-ventoux\/","url":"https:\/\/www.lestruffieres.com\/en\/camping-mont-ventoux\/","name":"Camping near the Mont Ventoux","isPartOf":{"@id":"https:\/\/www.lestruffieres.com\/#website"},"primaryImageOfPage":{"@id":"https:\/\/www.lestruffieres.com\/en\/camping-mont-ventoux\/#primaryimage"},"image":{"@id":"https:\/\/www.lestruffieres.com\/en\/camping-mont-ventoux\/#primaryimage"},"thumbnailUrl":"https:\/\/www.lestruffieres.com\/wp-content\/uploads\/2023\/03\/mont-ventoux-drome.webp","datePublished":"2023-02-06T08:13:56+00:00","dateModified":"2023-03-27T19:01:33+00:00","description":"Discover the Truffi\u00e8res campsite located near the Mont Ventoux","breadcrumb":{"@id":"https:\/\/www.lestruffieres.com\/en\/camping-mont-ventoux\/#breadcrumb"},"inLanguage":"en-US","potentialAction":[{"@type":"ReadAction","target":["https:\/\/www.lestruffieres.com\/en\/camping-mont-ventoux\/"]}]},{"@type":"ImageObject","inLanguage":"en-US","@id":"https:\/\/www.lestruffieres.com\/en\/camping-mont-ventoux\/#primaryimage","url":"https:\/\/www.lestruffieres.com\/wp-content\/uploads\/2023\/03\/mont-ventoux-drome.webp","contentUrl":"https:\/\/www.lestruffieres.com\/wp-content\/uploads\/2023\/03\/mont-ventoux-drome.webp","width":1920,"height":746,"caption":"visiter mont ventoux"},{"@type":"BreadcrumbList","@id":"https:\/\/www.lestruffieres.com\/en\/camping-mont-ventoux\/#breadcrumb","itemListElement":[{"@type":"ListItem","position":1,"name":"Camping Dr\u00f4me","item":"https:\/\/www.lestruffieres.com\/en\/"},{"@type":"ListItem","position":2,"name":"Camping near the Mont Ventoux"}]},{"@type":"WebSite","@id":"https:\/\/www.lestruffieres.com\/#website","url":"https:\/\/www.lestruffieres.com\/","name":"Camping Les Truffi\u00e8res","description":"","publisher":{"@id":"https:\/\/www.lestruffieres.com\/#organization"},"potentialAction":[{"@type":"SearchAction","target":{"@type":"EntryPoint","urlTemplate":"https:\/\/www.lestruffieres.com\/?s={search_term_string}"},"query-input":{"@type":"PropertyValueSpecification","valueRequired":true,"valueName":"search_term_string"}}],"inLanguage":"en-US"},{"@type":"Organization","@id":"https:\/\/www.lestruffieres.com\/#organization","name":"Camping Les Truffi\u00e8res","url":"https:\/\/www.lestruffieres.com\/","logo":{"@type":"ImageObject","inLanguage":"en-US","@id":"https:\/\/www.lestruffieres.com\/#\/schema\/logo\/image\/","url":"https:\/\/www.lestruffieres.com\/wp-content\/uploads\/2023\/02\/camping-les-truffieres-logo-entete.png","contentUrl":"https:\/\/www.lestruffieres.com\/wp-content\/uploads\/2023\/02\/camping-les-truffieres-logo-entete.png","width":742,"height":1020,"caption":"Camping Les Truffi\u00e8res"},"image":{"@id":"https:\/\/www.lestruffieres.com\/#\/schema\/logo\/image\/"}}]}},"_links":{"self":[{"href":"https:\/\/www.lestruffieres.com\/en\/wp-json\/wp\/v2\/pages\/2901","targetHints":{"allow":["GET"]}}],"collection":[{"href":"https:\/\/www.lestruffieres.com\/en\/wp-json\/wp\/v2\/pages"}],"about":[{"href":"https:\/\/www.lestruffieres.com\/en\/wp-json\/wp\/v2\/types\/page"}],"author":[{"embeddable":true,"href":"https:\/\/www.lestruffieres.com\/en\/wp-json\/wp\/v2\/users\/1"}],"replies":[{"embeddable":true,"href":"https:\/\/www.lestruffieres.com\/en\/wp-json\/wp\/v2\/comments?post=2901"}],"version-history":[{"count":6,"href":"https:\/\/www.lestruffieres.com\/en\/wp-json\/wp\/v2\/pages\/2901\/revisions"}],"predecessor-version":[{"id":6440,"href":"https:\/\/www.lestruffieres.com\/en\/wp-json\/wp\/v2\/pages\/2901\/revisions\/6440"}],"wp:featuredmedia":[{"embeddable":true,"href":"https:\/\/www.lestruffieres.com\/en\/wp-json\/wp\/v2\/media\/1925"}],"wp:attachment":[{"href":"https:\/\/www.lestruffieres.com\/en\/wp-json\/wp\/v2\/media?parent=2901"}],"wp:term":[{"taxonomy":"sujet","embeddable":true,"href":"https:\/\/www.lestruffieres.com\/en\/wp-json\/wp\/v2\/sujet?post=2901"}],"curies":[{"name":"wp","href":"https:\/\/api.w.org\/{rel}","templated":true}]}}