{"id":2891,"date":"2023-02-06T09:11:57","date_gmt":"2023-02-06T08:11:57","guid":{"rendered":"https:\/\/www.lestruffieres.com\/ideas-stays\/"},"modified":"2023-03-28T09:27:49","modified_gmt":"2023-03-28T07:27:49","slug":"ideals-for-stays","status":"publish","type":"page","link":"https:\/\/www.lestruffieres.com\/en\/ideals-for-stays\/","title":{"rendered":"Ideas for your stay"},"content":{"rendered":"<section id=\"ls-section-block_e633d1a9a7eca47e454b3720771bb80d\" class=\"ls-section  page-chapeau\" >\r\n        <div class=\"container container--wide\">\r\n        \n\n<h1 class=\"ls__heading has-text-align-center wp-block-heading\">Ideas for a stay in the Dr\u00f4me<\/h1>\n\n\r\n    <\/div>\r\n<\/section><section id=\"ls-section-block_013fbf413a5008c4baea764402b6258b\" class=\"ls-section  page-one deco-fleurs has-p-t p-t-0\" >\r\n        <div class=\"container container--wide\">\r\n        \n\n<div class=\"wp-block-columns is-layout-flex wp-container-core-columns-is-layout-9d6595d7 wp-block-columns-is-layout-flex\">\n<div class=\"wp-block-column left is-layout-flow wp-block-column-is-layout-flow\" style=\"flex-basis:66.66%\">\n<figure class=\"wp-block-image size-full animated fadeIn slow\"><img decoding=\"async\" width=\"864\" height=\"576\" src=\"https:\/\/www.lestruffieres.com\/wp-content\/uploads\/2023\/03\/camping-familial-avec-activites-dans-la-drome.jpg\" alt=\"family camping with activities in the drome\" class=\"wp-image-1772\" srcset=\"https:\/\/www.lestruffieres.com\/wp-content\/uploads\/2023\/03\/camping-familial-avec-activites-dans-la-drome.jpg 864w, https:\/\/www.lestruffieres.com\/wp-content\/uploads\/2023\/03\/camping-familial-avec-activites-dans-la-drome-300x200.jpg 300w, https:\/\/www.lestruffieres.com\/wp-content\/uploads\/2023\/03\/camping-familial-avec-activites-dans-la-drome-768x512.jpg 768w\" sizes=\"(max-width: 864px) 100vw, 864px\" \/><\/figure>\n\n\n\n<div id=\"ls-heading ls-titre-div-block_358b6528ea7b8b4aae0fb8d5e7b06471\" class=\"ls-titre-div quotes h2-like\" >\n    <strong>At Camping Les Truffi\u00e8res<\/strong> in the heart of the Dr\u00f4me Proven\u00e7ale, C\u00e9lina and Brendon do everything they can to make your stay a success! <\/div>\n<\/div>\n\n\n\n<div class=\"wp-block-column right is-layout-flow wp-block-column-is-layout-flow\" style=\"flex-basis:33.33%\">\n<h2 class=\"ls__heading deco wp-block-heading\">All the outings for your family weekend <\/h2>\n\n\n\n<p class=\"ls-paragraph\">Making your vacation a success is our core business. Find below the various turnkey weekends that we offer:<\/p>\n\n\n\n<ul class=\"ls-list wp-block-list\">\n<li>Family weekend for 4 people<\/li>\n\n\n\n<li>2 nights from 120 \u20ac in a Domino mobile home<\/li>\n<\/ul>\n\n\n\n<p class=\"ls-paragraph\">Combine a stay at <a href=\"https:\/\/www.lestruffieres.com\/en\/\">camping at Grignan<\/a> and unmissable and atypical sites to discover with your family.<\/p>\n\n\n\n<p class=\"ls-paragraph\">Your weekend will rhyme with <strong>relaxation and discovery<\/strong>. Come and have fun with your family during a short stay in Grignan in Dr\u00f4me proven\u00e7ale with your children. Our campsite will offer games for your children during your family weekend in the Dr\u00f4me.<\/p>\n<\/div>\n<\/div>\n\n\r\n    <\/div>\r\n<\/section><section id=\"ls-section-block_5ead9ef5d9f176fd376dedfb54a8ac55\" class=\"ls-section  page-two has-background has-color-3-background-color has-p-t p-t-14 has-p-b p-b-14\" >\r\n        <div class=\"container container--wide\">\r\n        \n\n<div class=\"wp-block-columns is-layout-flex wp-container-core-columns-is-layout-9d6595d7 wp-block-columns-is-layout-flex\">\n<div class=\"wp-block-column is-vertically-aligned-center is-layout-flow wp-block-column-is-layout-flow\" style=\"flex-basis:33.33%\">\n<p class=\"ls-paragraph\">Proposed program:<\/p>\n\n\n\n<ul class=\"ls-list wp-block-list\">\n<li>Saturday morning, <strong>visit of the miniature provencal village<\/strong> and free visit of Grignan with the treasure hunt of our tourist office (18 \u20ac for the family)*.<\/li>\n\n\n\n<li>Saturday afternoon, meeting at <strong>tree climbing &#8220;vertige aventure&#8221;<\/strong> at Roussas to enjoy an outdoor activity (62 \u20ac for the family)*. Nearby, you can taste honey and other delicacies at &#8220;Des D\u00e9lices de Miel&#8221; in Roussas.<\/li>\n\n\n\n<li>Sunday morning, discover the history of the <strong><a href=\"https:\/\/www.lestruffieres.com\/en\/the-castel-of-grignan\/\">Castel of Grignan<\/a><\/strong> and take advantage of the family tour (28 \u20ac for the family)*.<\/li>\n<\/ul>\n\n\n\n<p class=\"ls-paragraph\">*(Rates are subject to change by the provider)&#8230;<\/p>\n<\/div>\n\n\n\n<div class=\"wp-block-column is-vertically-aligned-center is-layout-flow wp-block-column-is-layout-flow\" style=\"flex-basis:66.66%\">\n<figure class=\"wp-block-gallery has-nested-images columns-1 is-cropped galerie-slider wp-block-gallery-1 is-layout-flex wp-block-gallery-is-layout-flex\">\n<figure class=\"wp-block-image size-full\"><img decoding=\"async\" width=\"864\" height=\"576\" data-id=\"1590\" src=\"https:\/\/www.lestruffieres.com\/wp-content\/uploads\/2023\/02\/balade-a-cheval-dans-la-drome.jpg\" alt=\"horseback riding in the drome\" class=\"wp-image-1590\" srcset=\"https:\/\/www.lestruffieres.com\/wp-content\/uploads\/2023\/02\/balade-a-cheval-dans-la-drome.jpg 864w, https:\/\/www.lestruffieres.com\/wp-content\/uploads\/2023\/02\/balade-a-cheval-dans-la-drome-300x200.jpg 300w, https:\/\/www.lestruffieres.com\/wp-content\/uploads\/2023\/02\/balade-a-cheval-dans-la-drome-768x512.jpg 768w\" sizes=\"(max-width: 864px) 100vw, 864px\" \/><\/figure>\n\n\n\n<figure class=\"wp-block-image size-full\"><img decoding=\"async\" width=\"864\" height=\"576\" data-id=\"1769\" src=\"https:\/\/www.lestruffieres.com\/wp-content\/uploads\/2023\/03\/accrobranche-dans-la-drome.jpg\" alt=\"accrobranche in the drome\" class=\"wp-image-1769\" srcset=\"https:\/\/www.lestruffieres.com\/wp-content\/uploads\/2023\/03\/accrobranche-dans-la-drome.jpg 864w, https:\/\/www.lestruffieres.com\/wp-content\/uploads\/2023\/03\/accrobranche-dans-la-drome-300x200.jpg 300w, https:\/\/www.lestruffieres.com\/wp-content\/uploads\/2023\/03\/accrobranche-dans-la-drome-768x512.jpg 768w\" sizes=\"(max-width: 864px) 100vw, 864px\" \/><\/figure>\n<\/figure>\n<\/div>\n<\/div>\n\n\r\n    <\/div>\r\n<\/section><section id=\"ls-section-block_f383d28244d4d3411574d87a463401b7\" class=\"ls-section  page-three has-background green has-p-t p-t-14 has-p-b p-b-14\" >\r\n        <div class=\"container container--wide\">\r\n        \n\n<div class=\"wp-block-columns is-layout-flex wp-container-core-columns-is-layout-9d6595d7 wp-block-columns-is-layout-flex\">\n<div class=\"wp-block-column is-layout-flow wp-block-column-is-layout-flow\" style=\"flex-basis:66.66%\">\n<figure class=\"wp-block-image size-full animated bounceInLeft slow delay-100ms\"><img decoding=\"async\" width=\"864\" height=\"576\" src=\"https:\/\/www.lestruffieres.com\/wp-content\/uploads\/2023\/02\/les-viges-proche-camping-truffieres-drome.jpg\" alt=\"les viges near camping truffieres drome\" class=\"wp-image-1593\" srcset=\"https:\/\/www.lestruffieres.com\/wp-content\/uploads\/2023\/02\/les-viges-proche-camping-truffieres-drome.jpg 864w, https:\/\/www.lestruffieres.com\/wp-content\/uploads\/2023\/02\/les-viges-proche-camping-truffieres-drome-300x200.jpg 300w, https:\/\/www.lestruffieres.com\/wp-content\/uploads\/2023\/02\/les-viges-proche-camping-truffieres-drome-768x512.jpg 768w\" sizes=\"(max-width: 864px) 100vw, 864px\" \/><\/figure>\n<\/div>\n\n\n\n<div class=\"wp-block-column is-layout-flow wp-block-column-is-layout-flow\" style=\"flex-basis:33.33%\">\n<h2 class=\"ls__heading deco wp-block-heading\"><strong>Travel the wine route<\/strong><\/h2>\n\n\n\n<p class=\"ls-paragraph\">Dive into the heart of the &#8220;Grignan les Adh\u00e9mar&#8221; appellation. Their wines with the scents of Provence will awaken your taste buds.<\/p>\n\n\n\n<ul class=\"ls-list wp-block-list\">\n<li>Saturday morning<\/li>\n<\/ul>\n\n\n\n<p class=\"ls-paragraph\">Rendezvous at 10am at one of our partner winemakers for a <strong>tasting<\/strong> and the discovery of its vault. <\/p>\n\n\n\n<ul class=\"ls-list wp-block-list\">\n<li>Saturday afternoon<\/li>\n<\/ul>\n\n\n\n<p class=\"ls-paragraph\">Visit of the <strong>castle of Suze la Rousse<\/strong>, you will learn all about the wine heritage in the Dr\u00f4me (12 \u20ac for 2 persons)*. <\/p>\n<\/div>\n<\/div>\n\n\r\n    <\/div>\r\n<\/section><section id=\"ls-section-block_b8768090dd81431b816a67a3a1707cae\" class=\"ls-section  page-four has-p-t p-t-14 has-p-b p-b-14\" >\r\n        <div class=\"container container--wide\">\r\n        \n\n<div class=\"wp-block-columns is-layout-flex wp-container-core-columns-is-layout-9d6595d7 wp-block-columns-is-layout-flex\">\n<div class=\"wp-block-column is-vertically-aligned-center is-layout-flow wp-block-column-is-layout-flow\" style=\"flex-basis:33.33%\">\n<ul class=\"ls-list wp-block-list\">\n<li>Saturday night<\/li>\n<\/ul>\n\n\n\n<p class=\"ls-paragraph\">We will reserve you a <strong>Tapas and wine evening<\/strong> at the restaurant <a href=\"https:\/\/www.cafedesvignerons.com\/\" target=\"_blank\" rel=\"noreferrer noopener nofollow\">&#8220;Le caf\u00e9 des vignerons&#8221;<\/a> in Grignan (in addition to your stay).<\/p>\n\n\n\n<ul class=\"ls-list wp-block-list\">\n<li>Sunday morning<\/li>\n<\/ul>\n\n\n\n<p class=\"ls-paragraph\">Tasting and discovery of the syrups of Eyguebelle. <strong>Traditional and natural production of syrups from the Dr\u00f4me<\/strong>. You will be seduced and will leave with a full suitcase.<\/p>\n<\/div>\n\n\n\n<div class=\"wp-block-column is-vertically-aligned-center is-layout-flow wp-block-column-is-layout-flow\" style=\"flex-basis:66.66%\">\n<figure class=\"wp-block-image size-full animated fadeInRight delay-100ms slow\"><img decoding=\"async\" width=\"864\" height=\"576\" src=\"https:\/\/www.lestruffieres.com\/wp-content\/uploads\/2023\/02\/degustation-tapas-vin-a-grignan.jpg\" alt=\"tapas and wine tasting in Grignan\" class=\"wp-image-1598\" srcset=\"https:\/\/www.lestruffieres.com\/wp-content\/uploads\/2023\/02\/degustation-tapas-vin-a-grignan.jpg 864w, https:\/\/www.lestruffieres.com\/wp-content\/uploads\/2023\/02\/degustation-tapas-vin-a-grignan-300x200.jpg 300w, https:\/\/www.lestruffieres.com\/wp-content\/uploads\/2023\/02\/degustation-tapas-vin-a-grignan-768x512.jpg 768w\" sizes=\"(max-width: 864px) 100vw, 864px\" \/><\/figure>\n<\/div>\n<\/div>\n\n\r\n    <\/div>\r\n<\/section><section id=\"ls-section-block_71c97b4f9201ccd63d96e4298349a28f\" class=\"ls-section  page-maillage has-p-t p-t-4 has-p-b p-b-14\" >\r\n        <div class=\"container container--wide\">\r\n        \n\n<div id=\"ls-heading ls-titre-div-block_02dba3def17e9eadd3f3ddc29267b738\" class=\"ls-titre-div deco aligncenter h2-like\" >\n    Discover the surroundings of our campsite!<\/div>\n\n\n<div id=\"ls-maillage-block_67465ad82a713f5f591a4514e3f24b66\" class=\"ls-maillage cta-style-normal\" data-rows=\"3\">\r\n    <div class=\"wp-block-columns\"><div class=\"wp-block-column\">\n\n<a href=\"https:\/\/www.lestruffieres.com\/en\/the-provencal-markets\/\" target=\"\" rel=\"noopener\" class=\"ls-cta__link\">\n\n\t<div class=\"ls-cta__image\"><img decoding=\"async\" src=\"https:\/\/www.lestruffieres.com\/wp-content\/uploads\/2023\/03\/marches.jpg\" alt=\"marches provence\"><\/div>\n\t<div class=\"ls-cta__title\">\n\t\tThe Provencal markets\t<\/div>\n\t\n\t\t\n<\/a><\/div><div class=\"wp-block-column\">\n\n<a href=\"https:\/\/www.lestruffieres.com\/en\/the-region\/\" target=\"\" rel=\"noopener\" class=\"ls-cta__link\">\n\n\t<div class=\"ls-cta__image\"><img decoding=\"async\" src=\"https:\/\/www.lestruffieres.com\/wp-content\/uploads\/2023\/03\/champ-de-lavande-drome-provencale.jpg\" alt=\"champ de lavande drome provencale\"><\/div>\n\t<div class=\"ls-cta__title\">\n\t\tRegion\t<\/div>\n\t\n\t\t\n<\/a><\/div><div class=\"wp-block-column\">\n\n<a href=\"https:\/\/www.lestruffieres.com\/en\/holiday-stays-camping-grignan\/\" target=\"\" rel=\"noopener\" class=\"ls-cta__link\">\n\n\t<div class=\"ls-cta__image\"><img decoding=\"async\" src=\"https:\/\/www.lestruffieres.com\/wp-content\/uploads\/2023\/03\/camping-les-truffieres-a-grignan-768x298.webp\" alt=\"camping a grignan\"><\/div>\n\t<div class=\"ls-cta__title\">\n\t\tVillage of Grignan\t<\/div>\n\t\n\t\t\n<\/a><\/div><\/div><\/div>\n\r\n    <\/div>\r\n<\/section>","protected":false},"excerpt":{"rendered":"","protected":false},"author":1,"featured_media":1900,"parent":0,"menu_order":0,"comment_status":"closed","ping_status":"closed","template":"","meta":{"_acf_changed":false,"footnotes":""},"sujet":[],"class_list":["post-2891","page","type-page","status-publish","has-post-thumbnail","hentry"],"acf":[],"yoast_head":"<!-- This site is optimized with the Yoast SEO plugin v23.4 - https:\/\/yoast.com\/wordpress\/plugins\/seo\/ -->\n<title>Ideas for a stay in the Dr\u00f4me for couples or families<\/title>\n<meta name=\"description\" content=\"STAY IDEAS: we take care of everything! Making your vacation a success is our job. Find out about our different turnkey weekends\" \/>\n<meta name=\"robots\" content=\"index, follow, max-snippet:-1, max-image-preview:large, max-video-preview:-1\" \/>\n<link rel=\"canonical\" href=\"https:\/\/www.lestruffieres.com\/en\/ideals-for-stays\/\" \/>\n<meta property=\"og:locale\" content=\"en_US\" \/>\n<meta property=\"og:type\" content=\"article\" \/>\n<meta property=\"og:title\" content=\"Ideas for a stay in the Dr\u00f4me for couples or families\" \/>\n<meta property=\"og:description\" content=\"STAY IDEAS: we take care of everything! Making your vacation a success is our job. Find out about our different turnkey weekends\" \/>\n<meta property=\"og:url\" content=\"https:\/\/www.lestruffieres.com\/en\/ideals-for-stays\/\" \/>\n<meta property=\"og:site_name\" content=\"Camping Les Truffi\u00e8res\" \/>\n<meta property=\"article:modified_time\" content=\"2023-03-28T07:27:49+00:00\" \/>\n<meta property=\"og:image\" content=\"https:\/\/www.lestruffieres.com\/wp-content\/uploads\/2023\/03\/vacances-camping-en-famille-drome-provencale.webp\" \/>\n\t<meta property=\"og:image:width\" content=\"1920\" \/>\n\t<meta property=\"og:image:height\" content=\"746\" \/>\n\t<meta property=\"og:image:type\" content=\"image\/webp\" \/>\n<meta name=\"twitter:card\" content=\"summary_large_image\" \/>\n<meta name=\"twitter:label1\" content=\"Est. reading time\" \/>\n\t<meta name=\"twitter:data1\" content=\"3 minutes\" \/>\n<script type=\"application\/ld+json\" class=\"yoast-schema-graph\">{\"@context\":\"https:\/\/schema.org\",\"@graph\":[{\"@type\":\"WebPage\",\"@id\":\"https:\/\/www.lestruffieres.com\/en\/ideals-for-stays\/\",\"url\":\"https:\/\/www.lestruffieres.com\/en\/ideals-for-stays\/\",\"name\":\"Ideas for a stay in the Dr\u00f4me for couples or families\",\"isPartOf\":{\"@id\":\"https:\/\/www.lestruffieres.com\/#website\"},\"primaryImageOfPage\":{\"@id\":\"https:\/\/www.lestruffieres.com\/en\/ideals-for-stays\/#primaryimage\"},\"image\":{\"@id\":\"https:\/\/www.lestruffieres.com\/en\/ideals-for-stays\/#primaryimage\"},\"thumbnailUrl\":\"https:\/\/www.lestruffieres.com\/wp-content\/uploads\/2023\/03\/vacances-camping-en-famille-drome-provencale.webp\",\"datePublished\":\"2023-02-06T08:11:57+00:00\",\"dateModified\":\"2023-03-28T07:27:49+00:00\",\"description\":\"STAY IDEAS: we take care of everything! Making your vacation a success is our job. Find out about our different turnkey weekends\",\"breadcrumb\":{\"@id\":\"https:\/\/www.lestruffieres.com\/en\/ideals-for-stays\/#breadcrumb\"},\"inLanguage\":\"en-US\",\"potentialAction\":[{\"@type\":\"ReadAction\",\"target\":[\"https:\/\/www.lestruffieres.com\/en\/ideals-for-stays\/\"]}]},{\"@type\":\"ImageObject\",\"inLanguage\":\"en-US\",\"@id\":\"https:\/\/www.lestruffieres.com\/en\/ideals-for-stays\/#primaryimage\",\"url\":\"https:\/\/www.lestruffieres.com\/wp-content\/uploads\/2023\/03\/vacances-camping-en-famille-drome-provencale.webp\",\"contentUrl\":\"https:\/\/www.lestruffieres.com\/wp-content\/uploads\/2023\/03\/vacances-camping-en-famille-drome-provencale.webp\",\"width\":1920,\"height\":746,\"caption\":\"vacances camping drome\"},{\"@type\":\"BreadcrumbList\",\"@id\":\"https:\/\/www.lestruffieres.com\/en\/ideals-for-stays\/#breadcrumb\",\"itemListElement\":[{\"@type\":\"ListItem\",\"position\":1,\"name\":\"Camping Dr\u00f4me\",\"item\":\"https:\/\/www.lestruffieres.com\/en\/\"},{\"@type\":\"ListItem\",\"position\":2,\"name\":\"Vacation ideas in the Dr\u00f4me proven\u00e7ale\"}]},{\"@type\":\"WebSite\",\"@id\":\"https:\/\/www.lestruffieres.com\/#website\",\"url\":\"https:\/\/www.lestruffieres.com\/\",\"name\":\"Camping Les Truffi\u00e8res\",\"description\":\"\",\"publisher\":{\"@id\":\"https:\/\/www.lestruffieres.com\/#organization\"},\"potentialAction\":[{\"@type\":\"SearchAction\",\"target\":{\"@type\":\"EntryPoint\",\"urlTemplate\":\"https:\/\/www.lestruffieres.com\/?s={search_term_string}\"},\"query-input\":{\"@type\":\"PropertyValueSpecification\",\"valueRequired\":true,\"valueName\":\"search_term_string\"}}],\"inLanguage\":\"en-US\"},{\"@type\":\"Organization\",\"@id\":\"https:\/\/www.lestruffieres.com\/#organization\",\"name\":\"Camping Les Truffi\u00e8res\",\"url\":\"https:\/\/www.lestruffieres.com\/\",\"logo\":{\"@type\":\"ImageObject\",\"inLanguage\":\"en-US\",\"@id\":\"https:\/\/www.lestruffieres.com\/#\/schema\/logo\/image\/\",\"url\":\"https:\/\/www.lestruffieres.com\/wp-content\/uploads\/2023\/02\/camping-les-truffieres-logo-entete.png\",\"contentUrl\":\"https:\/\/www.lestruffieres.com\/wp-content\/uploads\/2023\/02\/camping-les-truffieres-logo-entete.png\",\"width\":742,\"height\":1020,\"caption\":\"Camping Les Truffi\u00e8res\"},\"image\":{\"@id\":\"https:\/\/www.lestruffieres.com\/#\/schema\/logo\/image\/\"}}]}<\/script>\n<!-- \/ Yoast SEO plugin. -->","yoast_head_json":{"title":"Ideas for a stay in the Dr\u00f4me for couples or families","description":"STAY IDEAS: we take care of everything! Making your vacation a success is our job. Find out about our different turnkey weekends","robots":{"index":"index","follow":"follow","max-snippet":"max-snippet:-1","max-image-preview":"max-image-preview:large","max-video-preview":"max-video-preview:-1"},"canonical":"https:\/\/www.lestruffieres.com\/en\/ideals-for-stays\/","og_locale":"en_US","og_type":"article","og_title":"Ideas for a stay in the Dr\u00f4me for couples or families","og_description":"STAY IDEAS: we take care of everything! Making your vacation a success is our job. Find out about our different turnkey weekends","og_url":"https:\/\/www.lestruffieres.com\/en\/ideals-for-stays\/","og_site_name":"Camping Les Truffi\u00e8res","article_modified_time":"2023-03-28T07:27:49+00:00","og_image":[{"width":1920,"height":746,"url":"https:\/\/www.lestruffieres.com\/wp-content\/uploads\/2023\/03\/vacances-camping-en-famille-drome-provencale.webp","type":"image\/webp"}],"twitter_card":"summary_large_image","twitter_misc":{"Est. reading time":"3 minutes"},"schema":{"@context":"https:\/\/schema.org","@graph":[{"@type":"WebPage","@id":"https:\/\/www.lestruffieres.com\/en\/ideals-for-stays\/","url":"https:\/\/www.lestruffieres.com\/en\/ideals-for-stays\/","name":"Ideas for a stay in the Dr\u00f4me for couples or families","isPartOf":{"@id":"https:\/\/www.lestruffieres.com\/#website"},"primaryImageOfPage":{"@id":"https:\/\/www.lestruffieres.com\/en\/ideals-for-stays\/#primaryimage"},"image":{"@id":"https:\/\/www.lestruffieres.com\/en\/ideals-for-stays\/#primaryimage"},"thumbnailUrl":"https:\/\/www.lestruffieres.com\/wp-content\/uploads\/2023\/03\/vacances-camping-en-famille-drome-provencale.webp","datePublished":"2023-02-06T08:11:57+00:00","dateModified":"2023-03-28T07:27:49+00:00","description":"STAY IDEAS: we take care of everything! Making your vacation a success is our job. Find out about our different turnkey weekends","breadcrumb":{"@id":"https:\/\/www.lestruffieres.com\/en\/ideals-for-stays\/#breadcrumb"},"inLanguage":"en-US","potentialAction":[{"@type":"ReadAction","target":["https:\/\/www.lestruffieres.com\/en\/ideals-for-stays\/"]}]},{"@type":"ImageObject","inLanguage":"en-US","@id":"https:\/\/www.lestruffieres.com\/en\/ideals-for-stays\/#primaryimage","url":"https:\/\/www.lestruffieres.com\/wp-content\/uploads\/2023\/03\/vacances-camping-en-famille-drome-provencale.webp","contentUrl":"https:\/\/www.lestruffieres.com\/wp-content\/uploads\/2023\/03\/vacances-camping-en-famille-drome-provencale.webp","width":1920,"height":746,"caption":"vacances camping drome"},{"@type":"BreadcrumbList","@id":"https:\/\/www.lestruffieres.com\/en\/ideals-for-stays\/#breadcrumb","itemListElement":[{"@type":"ListItem","position":1,"name":"Camping Dr\u00f4me","item":"https:\/\/www.lestruffieres.com\/en\/"},{"@type":"ListItem","position":2,"name":"Vacation ideas in the Dr\u00f4me proven\u00e7ale"}]},{"@type":"WebSite","@id":"https:\/\/www.lestruffieres.com\/#website","url":"https:\/\/www.lestruffieres.com\/","name":"Camping Les Truffi\u00e8res","description":"","publisher":{"@id":"https:\/\/www.lestruffieres.com\/#organization"},"potentialAction":[{"@type":"SearchAction","target":{"@type":"EntryPoint","urlTemplate":"https:\/\/www.lestruffieres.com\/?s={search_term_string}"},"query-input":{"@type":"PropertyValueSpecification","valueRequired":true,"valueName":"search_term_string"}}],"inLanguage":"en-US"},{"@type":"Organization","@id":"https:\/\/www.lestruffieres.com\/#organization","name":"Camping Les Truffi\u00e8res","url":"https:\/\/www.lestruffieres.com\/","logo":{"@type":"ImageObject","inLanguage":"en-US","@id":"https:\/\/www.lestruffieres.com\/#\/schema\/logo\/image\/","url":"https:\/\/www.lestruffieres.com\/wp-content\/uploads\/2023\/02\/camping-les-truffieres-logo-entete.png","contentUrl":"https:\/\/www.lestruffieres.com\/wp-content\/uploads\/2023\/02\/camping-les-truffieres-logo-entete.png","width":742,"height":1020,"caption":"Camping Les Truffi\u00e8res"},"image":{"@id":"https:\/\/www.lestruffieres.com\/#\/schema\/logo\/image\/"}}]}},"_links":{"self":[{"href":"https:\/\/www.lestruffieres.com\/en\/wp-json\/wp\/v2\/pages\/2891","targetHints":{"allow":["GET"]}}],"collection":[{"href":"https:\/\/www.lestruffieres.com\/en\/wp-json\/wp\/v2\/pages"}],"about":[{"href":"https:\/\/www.lestruffieres.com\/en\/wp-json\/wp\/v2\/types\/page"}],"author":[{"embeddable":true,"href":"https:\/\/www.lestruffieres.com\/en\/wp-json\/wp\/v2\/users\/1"}],"replies":[{"embeddable":true,"href":"https:\/\/www.lestruffieres.com\/en\/wp-json\/wp\/v2\/comments?post=2891"}],"version-history":[{"count":5,"href":"https:\/\/www.lestruffieres.com\/en\/wp-json\/wp\/v2\/pages\/2891\/revisions"}],"predecessor-version":[{"id":6472,"href":"https:\/\/www.lestruffieres.com\/en\/wp-json\/wp\/v2\/pages\/2891\/revisions\/6472"}],"wp:featuredmedia":[{"embeddable":true,"href":"https:\/\/www.lestruffieres.com\/en\/wp-json\/wp\/v2\/media\/1900"}],"wp:attachment":[{"href":"https:\/\/www.lestruffieres.com\/en\/wp-json\/wp\/v2\/media?parent=2891"}],"wp:term":[{"taxonomy":"sujet","embeddable":true,"href":"https:\/\/www.lestruffieres.com\/en\/wp-json\/wp\/v2\/sujet?post=2891"}],"curies":[{"name":"wp","href":"https:\/\/api.w.org\/{rel}","templated":true}]}}