{"id":2879,"date":"2023-02-06T09:14:35","date_gmt":"2023-02-06T08:14:35","guid":{"rendered":"https:\/\/www.lestruffieres.com\/contact-camping-grignan-drome-provencale\/"},"modified":"2023-03-27T20:27:59","modified_gmt":"2023-03-27T18:27:59","slug":"contact-campsite-grignan-france","status":"publish","type":"page","link":"https:\/\/www.lestruffieres.com\/en\/contact-campsite-grignan-france\/","title":{"rendered":"Contacts and access"},"content":{"rendered":"<section id=\"ls-section-block_11518cd6bf21c44c6d7dd70c177541a1\" class=\"ls-section \" >\r\n        <div class=\"container \">\r\n        \n\n<h1 class=\"ls__heading has-text-align-center wp-block-heading\">Contact the campsite Les Truffi\u00e8res<\/h1>\n\n\r\n    <\/div>\r\n<\/section><section id=\"ls-section-block_8b7b4216af582c5caef2b3c5265a5d8e\" class=\"ls-section \" >\r\n        <div class=\"container container--wide\">\r\n        \n\n<div class=\"wp-block-columns is-layout-flex wp-container-core-columns-is-layout-9d6595d7 wp-block-columns-is-layout-flex\">\n<div class=\"wp-block-column is-vertically-aligned-center is-layout-flow wp-block-column-is-layout-flow\">\n<h2 class=\"ls__heading deco wp-block-heading\">Contact us<\/h2>\n\n\n\n<p class=\"ls-paragraph\">Opening hours of the reception :<\/p>\n\n\n\n<ul class=\"ls-list wp-block-list\">\n<li>Outside the summer : <strong>8h30h to 12h and 14h to 19h<\/strong><\/li>\n\n\n\n<li>Summer: <strong>8am to 1pm and 2pm to 8pm<\/strong><\/li>\n<\/ul>\n\n\n\n<p class=\"ls-paragraph\">Do not hesitate to contact us, in case of need, by phone, by email or by coming on site; you will always find someone to answer you. You will find in particular Celina who answers you by phone and by e-mail and who welcomes you in the <a href=\"https:\/\/www.lestruffieres.com\/en\/\">camping Les Truffi\u00e8res.<\/a><\/p>\n\n\n\n<p class=\"ls-paragraph\">Our website allows you to visualize our pitches or our rentals and to have the rates according to your wishes. But if you encounter any difficulties, do not hesitate to contact us, we will be delighted to help you. <\/p>\n\n\n\n<p class=\"ls-paragraph\">The phone being redirected to the mobile, the call management is assured. However, please do not call us at night, we are available during the day. We will answer the phone as much as possible. But in case of impossibility, you can contact us <strong>leave a message with your contact information and the purpose of your call and we will call you back as soon as possible.<\/strong><\/p>\n\n\n\n<p class=\"ls-paragraph\">By mail, we try to bring you an answer within 48 hours. However, if this period is exceeded, don&#8217;t worry, we won&#8217;t forget you. Some periods are intense and we may miss a request.<\/p>\n<\/div>\n\n\n\n<div class=\"wp-block-column is-vertically-aligned-center is-layout-flow wp-block-column-is-layout-flow\">\n<div class=\"wp-block-contact-form-7-contact-form-selector\">\n<div class=\"wpcf7 no-js\" id=\"wpcf7-f6321-o1\" lang=\"en-US\" dir=\"ltr\">\n<div class=\"screen-reader-response\"><p role=\"status\" aria-live=\"polite\" aria-atomic=\"true\"><\/p> <ul><\/ul><\/div>\n<form action=\"\/en\/wp-json\/wp\/v2\/pages\/2879#wpcf7-f6321-o1\" method=\"post\" class=\"wpcf7-form init\" aria-label=\"Contact form\" novalidate=\"novalidate\" data-status=\"init\">\n<div style=\"display: none;\">\n<input type=\"hidden\" name=\"_wpcf7\" value=\"6321\" \/>\n<input type=\"hidden\" name=\"_wpcf7_version\" value=\"5.9.8\" \/>\n<input type=\"hidden\" name=\"_wpcf7_locale\" value=\"en_US\" \/>\n<input type=\"hidden\" name=\"_wpcf7_unit_tag\" value=\"wpcf7-f6321-o1\" \/>\n<input type=\"hidden\" name=\"_wpcf7_container_post\" value=\"0\" \/>\n<input type=\"hidden\" name=\"_wpcf7_posted_data_hash\" value=\"\" \/>\n<input type=\"hidden\" name=\"_wpcf7_recaptcha_response\" value=\"\" \/>\n<\/div>\n<p><label> Your name<br \/>\n<span class=\"wpcf7-form-control-wrap\" data-name=\"your-name\"><input size=\"40\" maxlength=\"400\" class=\"wpcf7-form-control wpcf7-text wpcf7-validates-as-required\" autocomplete=\"name\" aria-required=\"true\" aria-invalid=\"false\" value=\"\" type=\"text\" name=\"your-name\" \/><\/span> <\/label>\n<\/p>\n<p><label> Your e-mail address<br \/>\n<span class=\"wpcf7-form-control-wrap\" data-name=\"your-email\"><input size=\"40\" maxlength=\"400\" class=\"wpcf7-form-control wpcf7-email wpcf7-validates-as-required wpcf7-text wpcf7-validates-as-email\" autocomplete=\"email\" aria-required=\"true\" aria-invalid=\"false\" value=\"\" type=\"email\" name=\"your-email\" \/><\/span> <\/label>\n<\/p>\n<p><label> Subject<br \/>\n<span class=\"wpcf7-form-control-wrap\" data-name=\"your-subject\"><input size=\"40\" maxlength=\"400\" class=\"wpcf7-form-control wpcf7-text wpcf7-validates-as-required\" aria-required=\"true\" aria-invalid=\"false\" value=\"\" type=\"text\" name=\"your-subject\" \/><\/span> <\/label>\n<\/p>\n<p><label> Your message<br \/>\n<span class=\"wpcf7-form-control-wrap\" data-name=\"your-message\"><textarea cols=\"40\" rows=\"10\" maxlength=\"2000\" class=\"wpcf7-form-control wpcf7-textarea\" aria-invalid=\"false\" name=\"your-message\"><\/textarea><\/span> <\/label>\n<\/p>\n<p><span class=\"wpcf7-form-control-wrap\" data-name=\"acceptance-553\"><span class=\"wpcf7-form-control wpcf7-acceptance\"><span class=\"wpcf7-list-item\"><label><input type=\"checkbox\" name=\"acceptance-553\" value=\"1\" aria-invalid=\"false\" \/><span class=\"wpcf7-list-item-label\">By checking this box, I agree to the <a href=\"https:\/\/www.lestruffieres.com\/en\/privacy-policy\/\" rel=\"nofollow\" target=\"_blank\">Privacy Policy<\/a> of this site.<\/span><\/label><\/span><\/span><\/span><input class=\"wpcf7-form-control wpcf7-submit has-spinner\" type=\"submit\" value=\"Send\" \/>\n<\/p><div class=\"wpcf7-response-output\" aria-hidden=\"true\"><\/div>\n<\/form>\n<\/div>\n<\/div>\n<\/div>\n<\/div>\n\n\r\n    <\/div>\r\n<\/section><section id=\"ls-section-block_8b7b4216af582c5caef2b3c5265a5d8e\" class=\"ls-section \" >\r\n        <div class=\"container container--wide\">\r\n        \n\n<div class=\"wp-block-columns is-layout-flex wp-container-core-columns-is-layout-9d6595d7 wp-block-columns-is-layout-flex\">\n<div class=\"wp-block-column is-vertically-aligned-center is-layout-flow wp-block-column-is-layout-flow\">\n<iframe src=\"https:\/\/www.google.com\/maps\/embed?pb=!1m18!1m12!1m3!1d2850.1028937597384!2d4.889028115522477!3d44.410534279102585!2m3!1f0!2f0!3f0!3m2!1i1024!2i768!4f13.1!3m3!1m2!1s0x12b5707f430218d3%3A0x55f752504b758ed0!2sFlower%20Camping%20Les%20Truffi%C3%A8res!5e0!3m2!1sfr!2sfr!4v1677490537214!5m2!1sfr!2sfr\" width=\"600\" height=\"450\" style=\"border:0;\" allowfullscreen=\"\" loading=\"lazy\" referrerpolicy=\"no-referrer-when-downgrade\"><\/iframe>\n<\/div>\n\n\n\n<div class=\"wp-block-column is-vertically-aligned-center is-layout-flow wp-block-column-is-layout-flow\">\n<h2 class=\"ls__heading deco wp-block-heading\">Prepare your stay at best<\/h2>\n\n\n\n<p class=\"ls-paragraph\">Is it necessary to provide sheets, towels or pillows? Questions that everyone can ask themselves when preparing for their stay. You should find <strong>all information on our site<\/strong> but you can also call us, there&#8217;s nothing like discussing it in person.<\/p>\n\n\n\n<h2 class=\"ls__heading deco wp-block-heading\">Easy access to the campsite<\/h2>\n\n\n\n<p class=\"ls-paragraph\">Grignan is full of roads and paths with the same name so don&#8217;t hesitate to use the <strong>GPS coordinates to locate the campsite<\/strong> or call us for easy reference. Since Grignan is very busy during the season, you may find it difficult to get into the center. <\/p>\n\n\n\n<ul class=\"ls-list wp-block-list\">\n<li>Nearest city: <strong>Mont\u00e9limar<\/strong><\/li>\n\n\n\n<li><strong>N\u00eemes Airport<\/strong> (110km)<\/li>\n\n\n\n<li>Valencia station (75km)<\/li>\n\n\n\n<li>A7 exit Mont\u00e9limar<\/li>\n<\/ul>\n<\/div>\n<\/div>\n\n\r\n    <\/div>\r\n<\/section>","protected":false},"excerpt":{"rendered":"","protected":false},"author":1,"featured_media":1497,"parent":0,"menu_order":0,"comment_status":"closed","ping_status":"closed","template":"","meta":{"_acf_changed":false,"footnotes":""},"sujet":[],"class_list":["post-2879","page","type-page","status-publish","has-post-thumbnail","hentry"],"acf":[],"yoast_head":"<!-- This site is optimized with the Yoast SEO plugin v23.4 - https:\/\/yoast.com\/wordpress\/plugins\/seo\/ -->\n<title>Contact the campsite Dr\u00f4me | Itin\u00e9raire camping les Truffi\u00e8res<\/title>\n<meta name=\"description\" content=\"Discover how to contact Les Truffi\u00e8res campsite easily\" \/>\n<meta name=\"robots\" content=\"index, follow, max-snippet:-1, max-image-preview:large, max-video-preview:-1\" \/>\n<link rel=\"canonical\" href=\"https:\/\/www.lestruffieres.com\/en\/contact-campsite-grignan-france\/\" \/>\n<meta property=\"og:locale\" content=\"en_US\" \/>\n<meta property=\"og:type\" content=\"article\" \/>\n<meta property=\"og:title\" content=\"Contact the campsite Dr\u00f4me | Itin\u00e9raire camping les Truffi\u00e8res\" \/>\n<meta property=\"og:description\" content=\"Discover how to contact Les Truffi\u00e8res campsite easily\" \/>\n<meta property=\"og:url\" content=\"https:\/\/www.lestruffieres.com\/en\/contact-campsite-grignan-france\/\" \/>\n<meta property=\"og:site_name\" content=\"Camping Les Truffi\u00e8res\" \/>\n<meta property=\"article:modified_time\" content=\"2023-03-27T18:27:59+00:00\" \/>\n<meta property=\"og:image\" content=\"https:\/\/www.lestruffieres.com\/wp-content\/uploads\/2023\/02\/contacter-le-camping-truffieres-dans-la-drome.webp\" \/>\n\t<meta property=\"og:image:width\" content=\"1920\" \/>\n\t<meta property=\"og:image:height\" content=\"746\" \/>\n\t<meta property=\"og:image:type\" content=\"image\/webp\" \/>\n<meta name=\"twitter:card\" content=\"summary_large_image\" \/>\n<meta name=\"twitter:label1\" content=\"Est. reading time\" \/>\n\t<meta name=\"twitter:data1\" content=\"2 minutes\" \/>\n<script type=\"application\/ld+json\" class=\"yoast-schema-graph\">{\"@context\":\"https:\/\/schema.org\",\"@graph\":[{\"@type\":\"WebPage\",\"@id\":\"https:\/\/www.lestruffieres.com\/en\/contact-campsite-grignan-france\/\",\"url\":\"https:\/\/www.lestruffieres.com\/en\/contact-campsite-grignan-france\/\",\"name\":\"Contact the campsite Dr\u00f4me | Itin\u00e9raire camping les Truffi\u00e8res\",\"isPartOf\":{\"@id\":\"https:\/\/www.lestruffieres.com\/#website\"},\"primaryImageOfPage\":{\"@id\":\"https:\/\/www.lestruffieres.com\/en\/contact-campsite-grignan-france\/#primaryimage\"},\"image\":{\"@id\":\"https:\/\/www.lestruffieres.com\/en\/contact-campsite-grignan-france\/#primaryimage\"},\"thumbnailUrl\":\"https:\/\/www.lestruffieres.com\/wp-content\/uploads\/2023\/02\/contacter-le-camping-truffieres-dans-la-drome.webp\",\"datePublished\":\"2023-02-06T08:14:35+00:00\",\"dateModified\":\"2023-03-27T18:27:59+00:00\",\"description\":\"Discover how to contact Les Truffi\u00e8res campsite easily\",\"breadcrumb\":{\"@id\":\"https:\/\/www.lestruffieres.com\/en\/contact-campsite-grignan-france\/#breadcrumb\"},\"inLanguage\":\"en-US\",\"potentialAction\":[{\"@type\":\"ReadAction\",\"target\":[\"https:\/\/www.lestruffieres.com\/en\/contact-campsite-grignan-france\/\"]}]},{\"@type\":\"ImageObject\",\"inLanguage\":\"en-US\",\"@id\":\"https:\/\/www.lestruffieres.com\/en\/contact-campsite-grignan-france\/#primaryimage\",\"url\":\"https:\/\/www.lestruffieres.com\/wp-content\/uploads\/2023\/02\/contacter-le-camping-truffieres-dans-la-drome.webp\",\"contentUrl\":\"https:\/\/www.lestruffieres.com\/wp-content\/uploads\/2023\/02\/contacter-le-camping-truffieres-dans-la-drome.webp\",\"width\":1920,\"height\":746,\"caption\":\"contacter le camping truffieres dans la drome\"},{\"@type\":\"BreadcrumbList\",\"@id\":\"https:\/\/www.lestruffieres.com\/en\/contact-campsite-grignan-france\/#breadcrumb\",\"itemListElement\":[{\"@type\":\"ListItem\",\"position\":1,\"name\":\"Camping Dr\u00f4me\",\"item\":\"https:\/\/www.lestruffieres.com\/en\/\"},{\"@type\":\"ListItem\",\"position\":2,\"name\":\"Contact and access\"}]},{\"@type\":\"WebSite\",\"@id\":\"https:\/\/www.lestruffieres.com\/#website\",\"url\":\"https:\/\/www.lestruffieres.com\/\",\"name\":\"Camping Les Truffi\u00e8res\",\"description\":\"\",\"publisher\":{\"@id\":\"https:\/\/www.lestruffieres.com\/#organization\"},\"potentialAction\":[{\"@type\":\"SearchAction\",\"target\":{\"@type\":\"EntryPoint\",\"urlTemplate\":\"https:\/\/www.lestruffieres.com\/?s={search_term_string}\"},\"query-input\":{\"@type\":\"PropertyValueSpecification\",\"valueRequired\":true,\"valueName\":\"search_term_string\"}}],\"inLanguage\":\"en-US\"},{\"@type\":\"Organization\",\"@id\":\"https:\/\/www.lestruffieres.com\/#organization\",\"name\":\"Camping Les Truffi\u00e8res\",\"url\":\"https:\/\/www.lestruffieres.com\/\",\"logo\":{\"@type\":\"ImageObject\",\"inLanguage\":\"en-US\",\"@id\":\"https:\/\/www.lestruffieres.com\/#\/schema\/logo\/image\/\",\"url\":\"https:\/\/www.lestruffieres.com\/wp-content\/uploads\/2023\/02\/camping-les-truffieres-logo-entete.png\",\"contentUrl\":\"https:\/\/www.lestruffieres.com\/wp-content\/uploads\/2023\/02\/camping-les-truffieres-logo-entete.png\",\"width\":742,\"height\":1020,\"caption\":\"Camping Les Truffi\u00e8res\"},\"image\":{\"@id\":\"https:\/\/www.lestruffieres.com\/#\/schema\/logo\/image\/\"}}]}<\/script>\n<!-- \/ Yoast SEO plugin. -->","yoast_head_json":{"title":"Contact the campsite Dr\u00f4me | Itin\u00e9raire camping les Truffi\u00e8res","description":"Discover how to contact Les Truffi\u00e8res campsite easily","robots":{"index":"index","follow":"follow","max-snippet":"max-snippet:-1","max-image-preview":"max-image-preview:large","max-video-preview":"max-video-preview:-1"},"canonical":"https:\/\/www.lestruffieres.com\/en\/contact-campsite-grignan-france\/","og_locale":"en_US","og_type":"article","og_title":"Contact the campsite Dr\u00f4me | Itin\u00e9raire camping les Truffi\u00e8res","og_description":"Discover how to contact Les Truffi\u00e8res campsite easily","og_url":"https:\/\/www.lestruffieres.com\/en\/contact-campsite-grignan-france\/","og_site_name":"Camping Les Truffi\u00e8res","article_modified_time":"2023-03-27T18:27:59+00:00","og_image":[{"width":1920,"height":746,"url":"https:\/\/www.lestruffieres.com\/wp-content\/uploads\/2023\/02\/contacter-le-camping-truffieres-dans-la-drome.webp","type":"image\/webp"}],"twitter_card":"summary_large_image","twitter_misc":{"Est. reading time":"2 minutes"},"schema":{"@context":"https:\/\/schema.org","@graph":[{"@type":"WebPage","@id":"https:\/\/www.lestruffieres.com\/en\/contact-campsite-grignan-france\/","url":"https:\/\/www.lestruffieres.com\/en\/contact-campsite-grignan-france\/","name":"Contact the campsite Dr\u00f4me | Itin\u00e9raire camping les Truffi\u00e8res","isPartOf":{"@id":"https:\/\/www.lestruffieres.com\/#website"},"primaryImageOfPage":{"@id":"https:\/\/www.lestruffieres.com\/en\/contact-campsite-grignan-france\/#primaryimage"},"image":{"@id":"https:\/\/www.lestruffieres.com\/en\/contact-campsite-grignan-france\/#primaryimage"},"thumbnailUrl":"https:\/\/www.lestruffieres.com\/wp-content\/uploads\/2023\/02\/contacter-le-camping-truffieres-dans-la-drome.webp","datePublished":"2023-02-06T08:14:35+00:00","dateModified":"2023-03-27T18:27:59+00:00","description":"Discover how to contact Les Truffi\u00e8res campsite easily","breadcrumb":{"@id":"https:\/\/www.lestruffieres.com\/en\/contact-campsite-grignan-france\/#breadcrumb"},"inLanguage":"en-US","potentialAction":[{"@type":"ReadAction","target":["https:\/\/www.lestruffieres.com\/en\/contact-campsite-grignan-france\/"]}]},{"@type":"ImageObject","inLanguage":"en-US","@id":"https:\/\/www.lestruffieres.com\/en\/contact-campsite-grignan-france\/#primaryimage","url":"https:\/\/www.lestruffieres.com\/wp-content\/uploads\/2023\/02\/contacter-le-camping-truffieres-dans-la-drome.webp","contentUrl":"https:\/\/www.lestruffieres.com\/wp-content\/uploads\/2023\/02\/contacter-le-camping-truffieres-dans-la-drome.webp","width":1920,"height":746,"caption":"contacter le camping truffieres dans la drome"},{"@type":"BreadcrumbList","@id":"https:\/\/www.lestruffieres.com\/en\/contact-campsite-grignan-france\/#breadcrumb","itemListElement":[{"@type":"ListItem","position":1,"name":"Camping Dr\u00f4me","item":"https:\/\/www.lestruffieres.com\/en\/"},{"@type":"ListItem","position":2,"name":"Contact and access"}]},{"@type":"WebSite","@id":"https:\/\/www.lestruffieres.com\/#website","url":"https:\/\/www.lestruffieres.com\/","name":"Camping Les Truffi\u00e8res","description":"","publisher":{"@id":"https:\/\/www.lestruffieres.com\/#organization"},"potentialAction":[{"@type":"SearchAction","target":{"@type":"EntryPoint","urlTemplate":"https:\/\/www.lestruffieres.com\/?s={search_term_string}"},"query-input":{"@type":"PropertyValueSpecification","valueRequired":true,"valueName":"search_term_string"}}],"inLanguage":"en-US"},{"@type":"Organization","@id":"https:\/\/www.lestruffieres.com\/#organization","name":"Camping Les Truffi\u00e8res","url":"https:\/\/www.lestruffieres.com\/","logo":{"@type":"ImageObject","inLanguage":"en-US","@id":"https:\/\/www.lestruffieres.com\/#\/schema\/logo\/image\/","url":"https:\/\/www.lestruffieres.com\/wp-content\/uploads\/2023\/02\/camping-les-truffieres-logo-entete.png","contentUrl":"https:\/\/www.lestruffieres.com\/wp-content\/uploads\/2023\/02\/camping-les-truffieres-logo-entete.png","width":742,"height":1020,"caption":"Camping Les Truffi\u00e8res"},"image":{"@id":"https:\/\/www.lestruffieres.com\/#\/schema\/logo\/image\/"}}]}},"_links":{"self":[{"href":"https:\/\/www.lestruffieres.com\/en\/wp-json\/wp\/v2\/pages\/2879","targetHints":{"allow":["GET"]}}],"collection":[{"href":"https:\/\/www.lestruffieres.com\/en\/wp-json\/wp\/v2\/pages"}],"about":[{"href":"https:\/\/www.lestruffieres.com\/en\/wp-json\/wp\/v2\/types\/page"}],"author":[{"embeddable":true,"href":"https:\/\/www.lestruffieres.com\/en\/wp-json\/wp\/v2\/users\/1"}],"replies":[{"embeddable":true,"href":"https:\/\/www.lestruffieres.com\/en\/wp-json\/wp\/v2\/comments?post=2879"}],"version-history":[{"count":23,"href":"https:\/\/www.lestruffieres.com\/en\/wp-json\/wp\/v2\/pages\/2879\/revisions"}],"predecessor-version":[{"id":3334,"href":"https:\/\/www.lestruffieres.com\/en\/wp-json\/wp\/v2\/pages\/2879\/revisions\/3334"}],"wp:featuredmedia":[{"embeddable":true,"href":"https:\/\/www.lestruffieres.com\/en\/wp-json\/wp\/v2\/media\/1497"}],"wp:attachment":[{"href":"https:\/\/www.lestruffieres.com\/en\/wp-json\/wp\/v2\/media?parent=2879"}],"wp:term":[{"taxonomy":"sujet","embeddable":true,"href":"https:\/\/www.lestruffieres.com\/en\/wp-json\/wp\/v2\/sujet?post=2879"}],"curies":[{"name":"wp","href":"https:\/\/api.w.org\/{rel}","templated":true}]}}