{"id":2875,"date":"2023-02-06T09:14:24","date_gmt":"2023-02-06T08:14:24","guid":{"rendered":"https:\/\/www.lestruffieres.com\/bathing-drome-provencal\/"},"modified":"2023-03-28T09:04:02","modified_gmt":"2023-03-28T07:04:02","slug":"bathing-drome-provencal","status":"publish","type":"page","link":"https:\/\/www.lestruffieres.com\/en\/bathing-drome-provencal\/","title":{"rendered":"Swimming corners"},"content":{"rendered":"<section id=\"ls-section-block_b8822f90408178838c543901f56ed9de\" class=\"ls-section  page-chapeau\" >\r\n        <div class=\"container container--wide\">\r\n        \n\n<h1 class=\"ls__heading has-text-align-center wp-block-heading\">Swimming lakes and rivers <br>in the Dr\u00f4me<\/h1>\n\n\r\n    <\/div>\r\n<\/section>\n\n<section id=\"ls-section-block_31d05a0d70314f62fb4fb805b18fc425\" class=\"ls-section  page-one deco-fleurs has-p-t p-t-0\" >\r\n        <div class=\"container container--wide\">\r\n        \n\n<div class=\"wp-block-columns is-layout-flex wp-container-core-columns-is-layout-9d6595d7 wp-block-columns-is-layout-flex\">\n<div class=\"wp-block-column left is-layout-flow wp-block-column-is-layout-flow\" style=\"flex-basis:66.66%\">\n<figure class=\"wp-block-image size-full animated fadeIn slow\"><img decoding=\"async\" width=\"864\" height=\"576\" src=\"https:\/\/www.lestruffieres.com\/wp-content\/uploads\/2023\/03\/activite-peche-en-lac.jpg\" alt=\"lake fishing activity\" class=\"wp-image-1952\" srcset=\"https:\/\/www.lestruffieres.com\/wp-content\/uploads\/2023\/03\/activite-peche-en-lac.jpg 864w, https:\/\/www.lestruffieres.com\/wp-content\/uploads\/2023\/03\/activite-peche-en-lac-300x200.jpg 300w, https:\/\/www.lestruffieres.com\/wp-content\/uploads\/2023\/03\/activite-peche-en-lac-768x512.jpg 768w\" sizes=\"(max-width: 864px) 100vw, 864px\" \/><\/figure>\n\n\n\n<div id=\"ls-heading ls-titre-div-block_173ba923b5f0ba9e89b47ee54505f3fa\" class=\"ls-titre-div quotes h2-like\" >\n    <strong>At Camping Les Truffi\u00e8res<\/strong> in the heart of the Dr\u00f4me Proven\u00e7ale, C\u00e9lina and Brendon do everything they can to make your stay a success! <\/div>\n<\/div>\n\n\n\n<div class=\"wp-block-column right is-layout-flow wp-block-column-is-layout-flow\" style=\"flex-basis:33.33%\">\n<h2 class=\"ls__heading deco wp-block-heading\">The lakes where to swim near the campsite<\/h2>\n\n\n\n<p class=\"ls-paragraph\">At <a href=\"https:\/\/www.lestruffieres.com\/en\/\">Camping Les Truffi\u00e8res<\/a>, A swimming pool is at your disposal but we know that many people want to swim in the heart of nature. Our situation being in limit of Ardeche, you will find of <strong>beautiful natural springs where to have a good time<\/strong>. We would like to point out that we are dependent on climatic conditions and that it can happen that some sources are dry.<\/p>\n\n\n\n<h3 class=\"ls-heading wp-block-heading\">Lake of Pignedor\u00e9<\/h3>\n\n\n\n<p class=\"ls-paragraph\">At only 22 km from the campsite, discover a lake in Pierrelatte where you can swim and have fun. Several <strong>activities such as windsurfing or rowing<\/strong> are offered and the lake is also equipped for wheelchair users. <\/p>\n\n\n\n<h3 class=\"ls-heading wp-block-heading\">The Lake of Paty<\/h3>\n\n\n\n<p class=\"ls-paragraph\">Located in Caromb (50km), you will be able to bathe and <strong>fishing<\/strong> (except in July). You will also find a place to have a picnic.<\/p>\n<\/div>\n<\/div>\n\n\r\n    <\/div>\r\n<\/section>\n\n<section id=\"ls-section-block_8da740524bc780ce4a1be0544bb75330\" class=\"ls-section  page-two has-background has-color-3-background-color has-p-t p-t-14 has-p-b p-b-14\" >\r\n        <div class=\"container container--wide\">\r\n        \n\n<div class=\"wp-block-columns is-layout-flex wp-container-core-columns-is-layout-9d6595d7 wp-block-columns-is-layout-flex\">\n<div class=\"wp-block-column is-layout-flow wp-block-column-is-layout-flow\" style=\"flex-basis:33.33%\">\n<h3 class=\"ls-heading wp-block-heading\">Cornillon-Sur-l\u2019Oule<\/h3>\n\n\n\n<p class=\"ls-paragraph\">At 62 km from the campsite, discover the Pas des Ondes. Space for swimming and fishing and much more! Professionals will be present to supervise swimming and you will also find <strong>something to eat<\/strong> and keep you busy. <strong>Pedal boats, kayaks,<\/strong>, this leisure base will make you have a good time during the hot season.<\/p>\n\n\n\n<h3 class=\"ls-heading wp-block-heading\">The Lake of Monteux<\/h3>\n\n\n\n<p class=\"ls-paragraph\">At the gates of Avignon, discover a space of activity around water for all the family. At only 50 km from the campsite, you will find a <strong>idyllic place with view on the Ventoux<\/strong>. Several activities are proposed and you will find something to eat. <\/p>\n\n\n\n<p class=\"ls-paragraph\">You can also find a <strong>Wave Island&#8221; water park in Monteux<\/strong>. <\/p>\n<\/div>\n\n\n\n<div class=\"wp-block-column is-layout-flow wp-block-column-is-layout-flow\" style=\"flex-basis:66.66%\">\n<figure class=\"wp-block-gallery has-nested-images columns-1 is-cropped galerie-slider wp-block-gallery-1 is-layout-flex wp-block-gallery-is-layout-flex\">\n<figure class=\"wp-block-image size-full\"><img decoding=\"async\" width=\"864\" height=\"576\" data-id=\"1956\" src=\"https:\/\/www.lestruffieres.com\/wp-content\/uploads\/2023\/03\/activite-kayak-en-lac.jpg\" alt=\"kayak activity in lake\" class=\"wp-image-1956\" srcset=\"https:\/\/www.lestruffieres.com\/wp-content\/uploads\/2023\/03\/activite-kayak-en-lac.jpg 864w, https:\/\/www.lestruffieres.com\/wp-content\/uploads\/2023\/03\/activite-kayak-en-lac-300x200.jpg 300w, https:\/\/www.lestruffieres.com\/wp-content\/uploads\/2023\/03\/activite-kayak-en-lac-768x512.jpg 768w\" sizes=\"(max-width: 864px) 100vw, 864px\" \/><\/figure>\n\n\n\n<figure class=\"wp-block-image size-full\"><img decoding=\"async\" width=\"864\" height=\"576\" data-id=\"1958\" src=\"https:\/\/www.lestruffieres.com\/wp-content\/uploads\/2023\/03\/wave-park-au-mont-ventoux.jpg\" alt=\"wave park at mont ventoux\" class=\"wp-image-1958\" srcset=\"https:\/\/www.lestruffieres.com\/wp-content\/uploads\/2023\/03\/wave-park-au-mont-ventoux.jpg 864w, https:\/\/www.lestruffieres.com\/wp-content\/uploads\/2023\/03\/wave-park-au-mont-ventoux-300x200.jpg 300w, https:\/\/www.lestruffieres.com\/wp-content\/uploads\/2023\/03\/wave-park-au-mont-ventoux-768x512.jpg 768w\" sizes=\"(max-width: 864px) 100vw, 864px\" \/><\/figure>\n<\/figure>\n<\/div>\n<\/div>\n\n\r\n    <\/div>\r\n<\/section>\n\n<section id=\"ls-section-block_0964121cd4d9934050d436b83a6fc936\" class=\"ls-section  page-three has-background green has-p-t p-t-14 has-p-b p-b-14\" >\r\n        <div class=\"container container--wide\">\r\n        \n\n<div class=\"wp-block-columns is-layout-flex wp-container-core-columns-is-layout-9d6595d7 wp-block-columns-is-layout-flex\">\n<div class=\"wp-block-column is-vertically-aligned-center is-layout-flow wp-block-column-is-layout-flow\" style=\"flex-basis:66.66%\">\n<figure class=\"wp-block-image size-full animated bounceInLeft slow delay-100ms\"><img decoding=\"async\" width=\"864\" height=\"576\" src=\"https:\/\/www.lestruffieres.com\/wp-content\/uploads\/2023\/03\/baignade-en-riviere-dans-la-drome.jpg\" alt=\"river swimming in the drome\" class=\"wp-image-1947\" srcset=\"https:\/\/www.lestruffieres.com\/wp-content\/uploads\/2023\/03\/baignade-en-riviere-dans-la-drome.jpg 864w, https:\/\/www.lestruffieres.com\/wp-content\/uploads\/2023\/03\/baignade-en-riviere-dans-la-drome-300x200.jpg 300w, https:\/\/www.lestruffieres.com\/wp-content\/uploads\/2023\/03\/baignade-en-riviere-dans-la-drome-768x512.jpg 768w\" sizes=\"(max-width: 864px) 100vw, 864px\" \/><\/figure>\n<\/div>\n\n\n\n<div class=\"wp-block-column is-vertically-aligned-center is-layout-flow wp-block-column-is-layout-flow\" style=\"flex-basis:33.33%\">\n<h2 class=\"ls__heading deco wp-block-heading\">Swimming and river walks<\/h2>\n\n\n\n<p class=\"ls-paragraph\">A few hundred meters from the campsite, the Lez, a river of the Rh\u00f4ne, flows by. If it is sometimes poor in water or dry, you can sometimes swim there. While walking around, you will find <strong>beautiful and relaxing places where peace reigns.<\/strong>.<\/p>\n\n\n\n<p class=\"ls-paragraph\">There are a few things you should know before venturing out, it is best to bring your own sneakers and <strong>be prepared to cross paths with snakes<\/strong>. A walk, a swim and a ricochet contest will be on the agenda!<\/p>\n\n\n\n<p class=\"ls-paragraph\">A little further on, you can find the Eygues river which has beautiful beaches around Nyons. Not far from Mollans-Sur-Ouv\u00e8ze, let yourself be seduced by the Gorges du Toulourenc. <\/p>\n\n\n\n<p class=\"ls-paragraph addReadMore showlesscontent\">You will discover a <strong>breathtaking place sheltered from the heat and in the heart of nature<\/strong>.<br><br>Finally, less than 40 km from the campsite, enjoy a picnic and a cool swim with Le Pas du Gour in Brette. Easy to access, you will find a small <strong>charming spring waterfall.<\/strong> <\/p>\n<\/div>\n<\/div>\n\n\r\n    <\/div>\r\n<\/section>\n\n<section id=\"ls-section-block_81a7a440c4ee35404ca9c7cb1e51dd28\" class=\"ls-section  page-maillage has-p-t p-t-14 has-p-b p-b-14\" >\r\n        <div class=\"container container--wide\">\r\n        \n\n<div id=\"ls-heading ls-titre-div-block_30f36af320f6259d64d3dd0a46936bb0\" class=\"ls-titre-div deco aligncenter h2-like\" >\n    Discover our surroundings!<\/div>\n\n\n<div id=\"ls-maillage-block_cb0c965e7097b2b195822b862c64e712\" class=\"ls-maillage cta-style-normal\" data-rows=\"3\">\r\n    <div class=\"wp-block-columns\"><div class=\"wp-block-column\">\n\n<a href=\"https:\/\/www.lestruffieres.com\/en\/the-castel-of-grignan\/\" target=\"\" rel=\"noopener\" class=\"ls-cta__link\">\n\n\t<div class=\"ls-cta__image\"><img decoding=\"async\" src=\"https:\/\/www.lestruffieres.com\/wp-content\/uploads\/2023\/03\/chateau-de-grignan-drome-provencale.jpg\" alt=\"chateau de grignan drome provencale\"><\/div>\n\t<div class=\"ls-cta__title\">\n\t\tChateau de Grignan\t<\/div>\n\t\n\t\t\n<\/a><\/div><div class=\"wp-block-column\">\n\n<a href=\"https:\/\/www.lestruffieres.com\/en\/the-provencal-markets\/\" target=\"\" rel=\"noopener\" class=\"ls-cta__link\">\n\n\t<div class=\"ls-cta__image\"><img decoding=\"async\" src=\"https:\/\/www.lestruffieres.com\/wp-content\/uploads\/2023\/03\/marches.jpg\" alt=\"marches provence\"><\/div>\n\t<div class=\"ls-cta__title\">\n\t\tThe Provencal markets\t<\/div>\n\t\n\t\t\n<\/a><\/div><div class=\"wp-block-column\">\n\n<a href=\"https:\/\/www.lestruffieres.com\/en\/vacation-stays-camping-the-guard-adhemar\/\" target=\"\" rel=\"noopener\" class=\"ls-cta__link\">\n\n\t<div class=\"ls-cta__image\"><img decoding=\"async\" src=\"https:\/\/www.lestruffieres.com\/wp-content\/uploads\/2023\/03\/village-de-la-garde-adhemar-dans-la-drome.jpg\" alt=\"village de la garde adhemar dans la drome\"><\/div>\n\t<div class=\"ls-cta__title\">\n\t\tVillage of La Garde Adh\u00e9mar\t<\/div>\n\t\n\t\t\n<\/a><\/div><\/div><\/div>\n\r\n    <\/div>\r\n<\/section>","protected":false},"excerpt":{"rendered":"","protected":false},"author":1,"featured_media":2142,"parent":0,"menu_order":0,"comment_status":"closed","ping_status":"closed","template":"","meta":{"_acf_changed":false,"footnotes":""},"sujet":[],"class_list":["post-2875","page","type-page","status-publish","has-post-thumbnail","hentry"],"acf":[],"yoast_head":"<!-- This site is optimized with the Yoast SEO plugin v23.4 - https:\/\/yoast.com\/wordpress\/plugins\/seo\/ -->\n<title>Lakes and rivers for swimming in the Dr\u00f4me<\/title>\n<meta name=\"description\" content=\"Discover the lakes and rivers where you can easily swim in the Dr\u00f4me\" \/>\n<meta name=\"robots\" content=\"index, follow, max-snippet:-1, max-image-preview:large, max-video-preview:-1\" \/>\n<link rel=\"canonical\" href=\"https:\/\/www.lestruffieres.com\/en\/bathing-drome-provencal\/\" \/>\n<meta property=\"og:locale\" content=\"en_US\" \/>\n<meta property=\"og:type\" content=\"article\" \/>\n<meta property=\"og:title\" content=\"Lakes and rivers for swimming in the Dr\u00f4me\" \/>\n<meta property=\"og:description\" content=\"Discover the lakes and rivers where you can easily swim in the Dr\u00f4me\" \/>\n<meta property=\"og:url\" content=\"https:\/\/www.lestruffieres.com\/en\/bathing-drome-provencal\/\" \/>\n<meta property=\"og:site_name\" content=\"Camping Les Truffi\u00e8res\" \/>\n<meta property=\"article:modified_time\" content=\"2023-03-28T07:04:02+00:00\" \/>\n<meta property=\"og:image\" content=\"https:\/\/www.lestruffieres.com\/wp-content\/uploads\/2023\/03\/les-lacs-de-la-drome-provencale.webp\" \/>\n\t<meta property=\"og:image:width\" content=\"1920\" \/>\n\t<meta property=\"og:image:height\" content=\"746\" \/>\n\t<meta property=\"og:image:type\" content=\"image\/webp\" \/>\n<meta name=\"twitter:card\" content=\"summary_large_image\" \/>\n<meta name=\"twitter:label1\" content=\"Est. reading time\" \/>\n\t<meta name=\"twitter:data1\" content=\"4 minutes\" \/>\n<script type=\"application\/ld+json\" class=\"yoast-schema-graph\">{\"@context\":\"https:\/\/schema.org\",\"@graph\":[{\"@type\":\"WebPage\",\"@id\":\"https:\/\/www.lestruffieres.com\/en\/bathing-drome-provencal\/\",\"url\":\"https:\/\/www.lestruffieres.com\/en\/bathing-drome-provencal\/\",\"name\":\"Lakes and rivers for swimming in the Dr\u00f4me\",\"isPartOf\":{\"@id\":\"https:\/\/www.lestruffieres.com\/#website\"},\"primaryImageOfPage\":{\"@id\":\"https:\/\/www.lestruffieres.com\/en\/bathing-drome-provencal\/#primaryimage\"},\"image\":{\"@id\":\"https:\/\/www.lestruffieres.com\/en\/bathing-drome-provencal\/#primaryimage\"},\"thumbnailUrl\":\"https:\/\/www.lestruffieres.com\/wp-content\/uploads\/2023\/03\/les-lacs-de-la-drome-provencale.webp\",\"datePublished\":\"2023-02-06T08:14:24+00:00\",\"dateModified\":\"2023-03-28T07:04:02+00:00\",\"description\":\"Discover the lakes and rivers where you can easily swim in the Dr\u00f4me\",\"breadcrumb\":{\"@id\":\"https:\/\/www.lestruffieres.com\/en\/bathing-drome-provencal\/#breadcrumb\"},\"inLanguage\":\"en-US\",\"potentialAction\":[{\"@type\":\"ReadAction\",\"target\":[\"https:\/\/www.lestruffieres.com\/en\/bathing-drome-provencal\/\"]}]},{\"@type\":\"ImageObject\",\"inLanguage\":\"en-US\",\"@id\":\"https:\/\/www.lestruffieres.com\/en\/bathing-drome-provencal\/#primaryimage\",\"url\":\"https:\/\/www.lestruffieres.com\/wp-content\/uploads\/2023\/03\/les-lacs-de-la-drome-provencale.webp\",\"contentUrl\":\"https:\/\/www.lestruffieres.com\/wp-content\/uploads\/2023\/03\/les-lacs-de-la-drome-provencale.webp\",\"width\":1920,\"height\":746,\"caption\":\"lacs drome provencale\"},{\"@type\":\"BreadcrumbList\",\"@id\":\"https:\/\/www.lestruffieres.com\/en\/bathing-drome-provencal\/#breadcrumb\",\"itemListElement\":[{\"@type\":\"ListItem\",\"position\":1,\"name\":\"Camping Dr\u00f4me\",\"item\":\"https:\/\/www.lestruffieres.com\/en\/\"},{\"@type\":\"ListItem\",\"position\":2,\"name\":\"Lakes, rivers Dr\u00f4me proven\u00e7ale\"}]},{\"@type\":\"WebSite\",\"@id\":\"https:\/\/www.lestruffieres.com\/#website\",\"url\":\"https:\/\/www.lestruffieres.com\/\",\"name\":\"Camping Les Truffi\u00e8res\",\"description\":\"\",\"publisher\":{\"@id\":\"https:\/\/www.lestruffieres.com\/#organization\"},\"potentialAction\":[{\"@type\":\"SearchAction\",\"target\":{\"@type\":\"EntryPoint\",\"urlTemplate\":\"https:\/\/www.lestruffieres.com\/?s={search_term_string}\"},\"query-input\":{\"@type\":\"PropertyValueSpecification\",\"valueRequired\":true,\"valueName\":\"search_term_string\"}}],\"inLanguage\":\"en-US\"},{\"@type\":\"Organization\",\"@id\":\"https:\/\/www.lestruffieres.com\/#organization\",\"name\":\"Camping Les Truffi\u00e8res\",\"url\":\"https:\/\/www.lestruffieres.com\/\",\"logo\":{\"@type\":\"ImageObject\",\"inLanguage\":\"en-US\",\"@id\":\"https:\/\/www.lestruffieres.com\/#\/schema\/logo\/image\/\",\"url\":\"https:\/\/www.lestruffieres.com\/wp-content\/uploads\/2023\/02\/camping-les-truffieres-logo-entete.png\",\"contentUrl\":\"https:\/\/www.lestruffieres.com\/wp-content\/uploads\/2023\/02\/camping-les-truffieres-logo-entete.png\",\"width\":742,\"height\":1020,\"caption\":\"Camping Les Truffi\u00e8res\"},\"image\":{\"@id\":\"https:\/\/www.lestruffieres.com\/#\/schema\/logo\/image\/\"}}]}<\/script>\n<!-- \/ Yoast SEO plugin. -->","yoast_head_json":{"title":"Lakes and rivers for swimming in the Dr\u00f4me","description":"Discover the lakes and rivers where you can easily swim in the Dr\u00f4me","robots":{"index":"index","follow":"follow","max-snippet":"max-snippet:-1","max-image-preview":"max-image-preview:large","max-video-preview":"max-video-preview:-1"},"canonical":"https:\/\/www.lestruffieres.com\/en\/bathing-drome-provencal\/","og_locale":"en_US","og_type":"article","og_title":"Lakes and rivers for swimming in the Dr\u00f4me","og_description":"Discover the lakes and rivers where you can easily swim in the Dr\u00f4me","og_url":"https:\/\/www.lestruffieres.com\/en\/bathing-drome-provencal\/","og_site_name":"Camping Les Truffi\u00e8res","article_modified_time":"2023-03-28T07:04:02+00:00","og_image":[{"width":1920,"height":746,"url":"https:\/\/www.lestruffieres.com\/wp-content\/uploads\/2023\/03\/les-lacs-de-la-drome-provencale.webp","type":"image\/webp"}],"twitter_card":"summary_large_image","twitter_misc":{"Est. reading time":"4 minutes"},"schema":{"@context":"https:\/\/schema.org","@graph":[{"@type":"WebPage","@id":"https:\/\/www.lestruffieres.com\/en\/bathing-drome-provencal\/","url":"https:\/\/www.lestruffieres.com\/en\/bathing-drome-provencal\/","name":"Lakes and rivers for swimming in the Dr\u00f4me","isPartOf":{"@id":"https:\/\/www.lestruffieres.com\/#website"},"primaryImageOfPage":{"@id":"https:\/\/www.lestruffieres.com\/en\/bathing-drome-provencal\/#primaryimage"},"image":{"@id":"https:\/\/www.lestruffieres.com\/en\/bathing-drome-provencal\/#primaryimage"},"thumbnailUrl":"https:\/\/www.lestruffieres.com\/wp-content\/uploads\/2023\/03\/les-lacs-de-la-drome-provencale.webp","datePublished":"2023-02-06T08:14:24+00:00","dateModified":"2023-03-28T07:04:02+00:00","description":"Discover the lakes and rivers where you can easily swim in the Dr\u00f4me","breadcrumb":{"@id":"https:\/\/www.lestruffieres.com\/en\/bathing-drome-provencal\/#breadcrumb"},"inLanguage":"en-US","potentialAction":[{"@type":"ReadAction","target":["https:\/\/www.lestruffieres.com\/en\/bathing-drome-provencal\/"]}]},{"@type":"ImageObject","inLanguage":"en-US","@id":"https:\/\/www.lestruffieres.com\/en\/bathing-drome-provencal\/#primaryimage","url":"https:\/\/www.lestruffieres.com\/wp-content\/uploads\/2023\/03\/les-lacs-de-la-drome-provencale.webp","contentUrl":"https:\/\/www.lestruffieres.com\/wp-content\/uploads\/2023\/03\/les-lacs-de-la-drome-provencale.webp","width":1920,"height":746,"caption":"lacs drome provencale"},{"@type":"BreadcrumbList","@id":"https:\/\/www.lestruffieres.com\/en\/bathing-drome-provencal\/#breadcrumb","itemListElement":[{"@type":"ListItem","position":1,"name":"Camping Dr\u00f4me","item":"https:\/\/www.lestruffieres.com\/en\/"},{"@type":"ListItem","position":2,"name":"Lakes, rivers Dr\u00f4me proven\u00e7ale"}]},{"@type":"WebSite","@id":"https:\/\/www.lestruffieres.com\/#website","url":"https:\/\/www.lestruffieres.com\/","name":"Camping Les Truffi\u00e8res","description":"","publisher":{"@id":"https:\/\/www.lestruffieres.com\/#organization"},"potentialAction":[{"@type":"SearchAction","target":{"@type":"EntryPoint","urlTemplate":"https:\/\/www.lestruffieres.com\/?s={search_term_string}"},"query-input":{"@type":"PropertyValueSpecification","valueRequired":true,"valueName":"search_term_string"}}],"inLanguage":"en-US"},{"@type":"Organization","@id":"https:\/\/www.lestruffieres.com\/#organization","name":"Camping Les Truffi\u00e8res","url":"https:\/\/www.lestruffieres.com\/","logo":{"@type":"ImageObject","inLanguage":"en-US","@id":"https:\/\/www.lestruffieres.com\/#\/schema\/logo\/image\/","url":"https:\/\/www.lestruffieres.com\/wp-content\/uploads\/2023\/02\/camping-les-truffieres-logo-entete.png","contentUrl":"https:\/\/www.lestruffieres.com\/wp-content\/uploads\/2023\/02\/camping-les-truffieres-logo-entete.png","width":742,"height":1020,"caption":"Camping Les Truffi\u00e8res"},"image":{"@id":"https:\/\/www.lestruffieres.com\/#\/schema\/logo\/image\/"}}]}},"_links":{"self":[{"href":"https:\/\/www.lestruffieres.com\/en\/wp-json\/wp\/v2\/pages\/2875","targetHints":{"allow":["GET"]}}],"collection":[{"href":"https:\/\/www.lestruffieres.com\/en\/wp-json\/wp\/v2\/pages"}],"about":[{"href":"https:\/\/www.lestruffieres.com\/en\/wp-json\/wp\/v2\/types\/page"}],"author":[{"embeddable":true,"href":"https:\/\/www.lestruffieres.com\/en\/wp-json\/wp\/v2\/users\/1"}],"replies":[{"embeddable":true,"href":"https:\/\/www.lestruffieres.com\/en\/wp-json\/wp\/v2\/comments?post=2875"}],"version-history":[{"count":5,"href":"https:\/\/www.lestruffieres.com\/en\/wp-json\/wp\/v2\/pages\/2875\/revisions"}],"predecessor-version":[{"id":6457,"href":"https:\/\/www.lestruffieres.com\/en\/wp-json\/wp\/v2\/pages\/2875\/revisions\/6457"}],"wp:featuredmedia":[{"embeddable":true,"href":"https:\/\/www.lestruffieres.com\/en\/wp-json\/wp\/v2\/media\/2142"}],"wp:attachment":[{"href":"https:\/\/www.lestruffieres.com\/en\/wp-json\/wp\/v2\/media?parent=2875"}],"wp:term":[{"taxonomy":"sujet","embeddable":true,"href":"https:\/\/www.lestruffieres.com\/en\/wp-json\/wp\/v2\/sujet?post=2875"}],"curies":[{"name":"wp","href":"https:\/\/api.w.org\/{rel}","templated":true}]}}