{"id":2869,"date":"2023-02-06T09:13:01","date_gmt":"2023-02-06T08:13:01","guid":{"rendered":"https:\/\/www.lestruffieres.com\/the-castel-of-grignan\/"},"modified":"2023-03-28T09:26:05","modified_gmt":"2023-03-28T07:26:05","slug":"the-castel-of-grignan","status":"publish","type":"page","link":"https:\/\/www.lestruffieres.com\/en\/the-castel-of-grignan\/","title":{"rendered":"Chateau de Grignan"},"content":{"rendered":"<section id=\"ls-section-block_6293b46443274370becb5e1d04b7bec5\" class=\"ls-section  page-chapeau\" >\r\n        <div class=\"container container--wide\">\r\n        \n\n<h1 class=\"ls__heading has-text-align-center wp-block-heading\">Castle of Grignan<\/h1>\n\n\r\n    <\/div>\r\n<\/section><section id=\"ls-section-block_fb8c35157a9f18521717a668a32f9515\" class=\"ls-section  page-one deco-fleurs has-p-t p-t-0\" >\r\n        <div class=\"container container--wide\">\r\n        \n\n<div class=\"wp-block-columns is-layout-flex wp-container-core-columns-is-layout-9d6595d7 wp-block-columns-is-layout-flex\">\n<div class=\"wp-block-column left is-layout-flow wp-block-column-is-layout-flow\" style=\"flex-basis:66.66%\">\n<figure class=\"wp-block-image size-full animated fadeIn slow\"><img decoding=\"async\" width=\"864\" height=\"576\" src=\"https:\/\/www.lestruffieres.com\/wp-content\/uploads\/2023\/03\/visiter-le-chateau-de-grignan.jpg\" alt=\"visit the castle of grignan\" class=\"wp-image-1801\" srcset=\"https:\/\/www.lestruffieres.com\/wp-content\/uploads\/2023\/03\/visiter-le-chateau-de-grignan.jpg 864w, https:\/\/www.lestruffieres.com\/wp-content\/uploads\/2023\/03\/visiter-le-chateau-de-grignan-300x200.jpg 300w, https:\/\/www.lestruffieres.com\/wp-content\/uploads\/2023\/03\/visiter-le-chateau-de-grignan-768x512.jpg 768w\" sizes=\"(max-width: 864px) 100vw, 864px\" \/><\/figure>\n\n\n\n<div id=\"ls-heading ls-titre-div-block_7865837381d952cc8e40a0fd4947afcb\" class=\"ls-titre-div quotes h2-like\" >\n    <strong>At Camping Les Truffi\u00e8res<\/strong> in the heart of the Dr\u00f4me Proven\u00e7ale, C\u00e9lina and Brendon do everything they can to make your stay a success! <\/div>\n<\/div>\n\n\n\n<div class=\"wp-block-column right is-layout-flow wp-block-column-is-layout-flow\" style=\"flex-basis:33.33%\">\n<h2 class=\"ls__heading deco wp-block-heading\">Discover the castle of Grignan in Provence<\/h2>\n\n\n\n<p class=\"ls-paragraph\">Discover another century by visiting the <a href=\"https:\/\/www.chateaux-ladrome.fr\/fr\/\" target=\"_blank\" rel=\"noreferrer noopener nofollow\">Castle of Grignan in Rh\u00f4ne-Alpes<\/a>. <\/p>\n\n\n\n<p class=\"ls-paragraph\">In the heart of Provence, in the center of the village of Grignan and only 1km from our campsite, come and visit this <strong>magnificent castle with the renaissance architecture of Madame de Sevigne<\/strong> as well as the 2 other nearby Adhemar castles.<\/p>\n\n\n\n<p class=\"ls-paragraph\">The castle of Grignan and its museum are located in the heart of the Dr\u00f4me proven\u00e7ale in Provence in the heart of the adh\u00e9mar cradle, <strong>it overlooks the plains and mountains with a 360\u00b0 view<\/strong>. This monument built on a rocky promontory with Louis XIV style facades, overlooks the village above the collegiate church. You will be dazzled by its terraces with a unique panorama and the view on <a href=\"https:\/\/www.lestruffieres.com\/en\/camping-mont-ventoux\/\">the Mont Ventoux<\/a>. The Mont Ventoux is the emblematic place of the South Dr\u00f4me so if you have not yet admired it you can enjoy it <strong>of the campsite, because its view is omnipresent<\/strong>. Want to see the Mont Ventoux up close? So go and challenge him by bike, on foot or on 2 wheels!<\/p>\n\n\n\n<p class=\"ls-paragraph addReadMore showlesscontent\">It is in the eleventh century, that we see appearing in the literary texts the name of Mrs. De Sevigne. And yes, the children study it or have studied it in class because the texts in French class often refer to Madame De S\u00e9vign\u00e9. But seeing it in real life will be a new discovery during your visit or during the night parties.<\/p>\n<\/div>\n<\/div>\n\n\r\n    <\/div>\r\n<\/section><section id=\"ls-section-block_c895fc825e0458d5a1253c5c0c10003f\" class=\"ls-section  page-two has-background has-color-3-background-color has-p-t p-t-14 has-p-b p-b-14\" >\r\n        <div class=\"container container--wide\">\r\n        \n\n<div class=\"wp-block-columns is-layout-flex wp-container-core-columns-is-layout-9d6595d7 wp-block-columns-is-layout-flex\">\n<div class=\"wp-block-column is-vertically-aligned-center is-layout-flow wp-block-column-is-layout-flow\" style=\"flex-basis:33.33%\">\n<h2 class=\"ls__heading deco wp-block-heading\">The history of the castle<\/h2>\n\n\n\n<p class=\"ls-paragraph\">The history of the <a href=\"https:\/\/www.lestruffieres.com\/en\/vacation-stays-camping-the-guard-adhemar\/\">Adh\u00e9mar<\/a> begins like this: &#8220;Once upon a time the Count of Grignan married Fran\u00e7oise de S\u00e9vign\u00e9, daughter of the Marquise de S\u00e9vign\u00e9. The affectionate correspondence between the marquise and her daughter made the castle a part of history&#8230;&#8221;. But if you want to know all <strong>the fascinating history of this family and the castle<\/strong>, so come and stay at the Truffi\u00e8res campsite and enjoy a unique moment where you will forget the time. Travel out of our century, in the time of king, Louis XIV, king of France or Fran\u00e7ois 1st, the time of a visit.<\/p>\n<\/div>\n\n\n\n<div class=\"wp-block-column is-vertically-aligned-center is-layout-flow wp-block-column-is-layout-flow\" style=\"flex-basis:66.66%\">\n<figure class=\"wp-block-gallery has-nested-images columns-1 is-cropped galerie-slider wp-block-gallery-1 is-layout-flex wp-block-gallery-is-layout-flex\">\n<figure class=\"wp-block-image size-full\"><img decoding=\"async\" width=\"864\" height=\"576\" data-id=\"1799\" src=\"https:\/\/www.lestruffieres.com\/wp-content\/uploads\/2023\/03\/chateau-de-grignan.jpg\" alt=\"castel of grignan\" class=\"wp-image-1799\" srcset=\"https:\/\/www.lestruffieres.com\/wp-content\/uploads\/2023\/03\/chateau-de-grignan.jpg 864w, https:\/\/www.lestruffieres.com\/wp-content\/uploads\/2023\/03\/chateau-de-grignan-300x200.jpg 300w, https:\/\/www.lestruffieres.com\/wp-content\/uploads\/2023\/03\/chateau-de-grignan-768x512.jpg 768w\" sizes=\"(max-width: 864px) 100vw, 864px\" \/><\/figure>\n<\/figure>\n<\/div>\n<\/div>\n\n\r\n    <\/div>\r\n<\/section><section id=\"ls-section-block_e30cfd0a9d1388ed55aacd6c9c95cdf3\" class=\"ls-section  page-three has-background green has-p-t p-t-14 has-p-b p-b-14\" >\r\n        <div class=\"container container--wide\">\r\n        \n\n<div class=\"wp-block-columns is-layout-flex wp-container-core-columns-is-layout-9d6595d7 wp-block-columns-is-layout-flex\">\n<div class=\"wp-block-column is-vertically-aligned-center is-layout-flow wp-block-column-is-layout-flow\" style=\"flex-basis:66.66%\">\n<figure class=\"wp-block-image size-full animated bounceInLeft slow delay-100ms\"><img decoding=\"async\" width=\"864\" height=\"576\" src=\"https:\/\/www.lestruffieres.com\/wp-content\/uploads\/2023\/03\/village-de-grignan-dans-la-drome.jpg\" alt=\"village of grignan in drome\" class=\"wp-image-1796\" srcset=\"https:\/\/www.lestruffieres.com\/wp-content\/uploads\/2023\/03\/village-de-grignan-dans-la-drome.jpg 864w, https:\/\/www.lestruffieres.com\/wp-content\/uploads\/2023\/03\/village-de-grignan-dans-la-drome-300x200.jpg 300w, https:\/\/www.lestruffieres.com\/wp-content\/uploads\/2023\/03\/village-de-grignan-dans-la-drome-768x512.jpg 768w\" sizes=\"(max-width: 864px) 100vw, 864px\" \/><\/figure>\n<\/div>\n\n\n\n<div class=\"wp-block-column is-vertically-aligned-center is-layout-flow wp-block-column-is-layout-flow\" style=\"flex-basis:33.33%\">\n<h2 class=\"ls__heading deco wp-block-heading\">Camping near the castle of Grignan<\/h2>\n\n\n\n<p class=\"ls-paragraph\"><em>A vacation in the Rh\u00f4ne Alpes region is a successful vacation.<\/em><\/p>\n\n\n\n<p class=\"ls-paragraph\">Located between Mont\u00e9limar and Nyons, <a href=\"https:\/\/www.lestruffieres.com\/en\/\">our campsite in Grignan<\/a> has a strategic position for your vacations. You will be able to visit the perched villages, the inescapable sites of the Dr\u00f4me proven\u00e7ale, the art and especially to walk between the truffle oaks, the lavender and the vineyard. <strong>A unique place to enjoy nature<\/strong> during his vacations.<br\/>The proximity of the campsite with the castle of Grignan will avoid you many difficulties of circulation or parking. And plan your stay in advance, the places for the night parties are very popular!<\/p>\n<\/div>\n<\/div>\n\n\r\n    <\/div>\r\n<\/section><section id=\"ls-section-block_38ceb88f5e71500990903d8a832939b8\" class=\"ls-section  page-five has-background has-color-3-background-color has-p-t p-t-14 has-p-b p-b-14\" >\r\n        <div class=\"container container--wide\">\r\n        \n\n<div id=\"ls-heading ls-titre-div-block_10a933804e9567a3d8b2b8ca636bb3e1\" class=\"ls-titre-div deco aligncenter h2-like\" >\n    Practical information<\/div>\n\n\n\n<p class=\"ls-paragraph has-text-align-center\">On foot or by bike you can go to the village of Grignan and visit the Adhemar castle. Along the way you can enter the main courtyard, admire the facade, the collegiate church, the heritage, and the stage.<\/p>\n\n\n\n<p class=\"ls-paragraph has-text-align-center\">This heritage offers you <strong>night parties all summer long<\/strong> on its terraces so don&#8217;t hesitate to take your family tickets with a special rate or go on stage as an extra. You can also enjoy the festival of correspondence in early July.<\/p>\n\n\n\n<p class=\"ls-paragraph has-text-align-center\">The castle is suitable for the whole family at a single rate and for the happiness of all, a treasure hunt is proposed during your visit. This tour will take you to<strong> journey to the heart of the castles of the Dr\u00f4me France<\/strong> thanks to art and its museum to make you discover the great historical stages of the castle of Grignan.<\/p>\n\n\n\n<p class=\"ls-paragraph has-text-align-center\">Classified as a historical monument, <strong>the castle can be visited all year round<\/strong>. <\/p>\n\n\n\n<p class=\"ls-paragraph has-text-align-center\">Visit of the castle : 04 75 91 83 55 \/ fax 04 75 91 83 51.<\/p>\n\n\r\n    <\/div>\r\n<\/section><section id=\"ls-section-block_8aff34a458590e80617cb0b11f12b96d\" class=\"ls-section  page-maillage has-p-t p-t-14 has-p-b p-b-14\" >\r\n        <div class=\"container container--wide\">\r\n        \n\n<div id=\"ls-heading ls-titre-div-block_901ff2fc893d2b25c25aa7ea64e54be9\" class=\"ls-titre-div deco aligncenter h2-like\" >\n    To discover in the vicinity of our campsite!<\/div>\n\n\n<div id=\"ls-maillage-block_4999fc0d349a8bfab8121d01aa47f493\" class=\"ls-maillage cta-style-normal\" data-rows=\"3\">\r\n    <div class=\"wp-block-columns\"><div class=\"wp-block-column\">\n\n<a href=\"https:\/\/www.lestruffieres.com\/en\/camping-mont-ventoux\/\" target=\"\" rel=\"noopener\" class=\"ls-cta__link\">\n\n\t<div class=\"ls-cta__image\"><img decoding=\"async\" src=\"https:\/\/www.lestruffieres.com\/wp-content\/uploads\/2023\/03\/mont-ventoux.jpg\" alt=\"mont ventoux\"><\/div>\n\t<div class=\"ls-cta__title\">\n\t\tLe mont Ventoux\t<\/div>\n\t\n\t\t\n<\/a><\/div><div class=\"wp-block-column\">\n\n<a href=\"https:\/\/www.lestruffieres.com\/en\/the-provencal-markets\/\" target=\"\" rel=\"noopener\" class=\"ls-cta__link\">\n\n\t<div class=\"ls-cta__image\"><img decoding=\"async\" src=\"https:\/\/www.lestruffieres.com\/wp-content\/uploads\/2023\/03\/marches.jpg\" alt=\"marches provence\"><\/div>\n\t<div class=\"ls-cta__title\">\n\t\tThe Provencal markets\t<\/div>\n\t\n\t\t\n<\/a><\/div><div class=\"wp-block-column\">\n\n<a href=\"https:\/\/www.lestruffieres.com\/en\/holiday-stays-camping-grignan\/\" target=\"\" rel=\"noopener\" class=\"ls-cta__link\">\n\n\t<div class=\"ls-cta__image\"><img decoding=\"async\" src=\"https:\/\/www.lestruffieres.com\/wp-content\/uploads\/2023\/03\/camping-les-truffieres-a-grignan-768x298.webp\" alt=\"camping a grignan\"><\/div>\n\t<div class=\"ls-cta__title\">\n\t\tVillage of Grignan\t<\/div>\n\t\n\t\t\n<\/a><\/div><\/div><\/div>\n\r\n    <\/div>\r\n<\/section>","protected":false},"excerpt":{"rendered":"","protected":false},"author":1,"featured_media":2148,"parent":0,"menu_order":0,"comment_status":"closed","ping_status":"closed","template":"","meta":{"_acf_changed":false,"footnotes":""},"sujet":[],"class_list":["post-2869","page","type-page","status-publish","has-post-thumbnail","hentry"],"acf":[],"yoast_head":"<!-- This site is optimized with the Yoast SEO plugin v23.4 - https:\/\/yoast.com\/wordpress\/plugins\/seo\/ -->\n<title>The Castle of Grignan : idea for a cultural visit in the Dr\u00f4me<\/title>\n<meta name=\"description\" content=\"Discover the castle of Grignan, an essential cultural step during your visit to the Dr\u00f4me provencale\" \/>\n<meta name=\"robots\" content=\"index, follow, max-snippet:-1, max-image-preview:large, max-video-preview:-1\" \/>\n<link rel=\"canonical\" href=\"https:\/\/www.lestruffieres.com\/en\/the-castel-of-grignan\/\" \/>\n<meta property=\"og:locale\" content=\"en_US\" \/>\n<meta property=\"og:type\" content=\"article\" \/>\n<meta property=\"og:title\" content=\"The Castle of Grignan : idea for a cultural visit in the Dr\u00f4me\" \/>\n<meta property=\"og:description\" content=\"Discover the castle of Grignan, an essential cultural step during your visit to the Dr\u00f4me provencale\" \/>\n<meta property=\"og:url\" content=\"https:\/\/www.lestruffieres.com\/en\/the-castel-of-grignan\/\" \/>\n<meta property=\"og:site_name\" content=\"Camping Les Truffi\u00e8res\" \/>\n<meta property=\"article:modified_time\" content=\"2023-03-28T07:26:05+00:00\" \/>\n<meta property=\"og:image\" content=\"https:\/\/www.lestruffieres.com\/wp-content\/uploads\/2023\/03\/decouvrir-le-chateau-de-grignan-camping-les-truffieres.webp\" \/>\n\t<meta property=\"og:image:width\" content=\"1920\" \/>\n\t<meta property=\"og:image:height\" content=\"746\" \/>\n\t<meta property=\"og:image:type\" content=\"image\/webp\" \/>\n<meta name=\"twitter:card\" content=\"summary_large_image\" \/>\n<meta name=\"twitter:label1\" content=\"Est. reading time\" \/>\n\t<meta name=\"twitter:data1\" content=\"4 minutes\" \/>\n<script type=\"application\/ld+json\" class=\"yoast-schema-graph\">{\"@context\":\"https:\/\/schema.org\",\"@graph\":[{\"@type\":\"WebPage\",\"@id\":\"https:\/\/www.lestruffieres.com\/en\/the-castel-of-grignan\/\",\"url\":\"https:\/\/www.lestruffieres.com\/en\/the-castel-of-grignan\/\",\"name\":\"The Castle of Grignan : idea for a cultural visit in the Dr\u00f4me\",\"isPartOf\":{\"@id\":\"https:\/\/www.lestruffieres.com\/#website\"},\"primaryImageOfPage\":{\"@id\":\"https:\/\/www.lestruffieres.com\/en\/the-castel-of-grignan\/#primaryimage\"},\"image\":{\"@id\":\"https:\/\/www.lestruffieres.com\/en\/the-castel-of-grignan\/#primaryimage\"},\"thumbnailUrl\":\"https:\/\/www.lestruffieres.com\/wp-content\/uploads\/2023\/03\/decouvrir-le-chateau-de-grignan-camping-les-truffieres.webp\",\"datePublished\":\"2023-02-06T08:13:01+00:00\",\"dateModified\":\"2023-03-28T07:26:05+00:00\",\"description\":\"Discover the castle of Grignan, an essential cultural step during your visit to the Dr\u00f4me provencale\",\"breadcrumb\":{\"@id\":\"https:\/\/www.lestruffieres.com\/en\/the-castel-of-grignan\/#breadcrumb\"},\"inLanguage\":\"en-US\",\"potentialAction\":[{\"@type\":\"ReadAction\",\"target\":[\"https:\/\/www.lestruffieres.com\/en\/the-castel-of-grignan\/\"]}]},{\"@type\":\"ImageObject\",\"inLanguage\":\"en-US\",\"@id\":\"https:\/\/www.lestruffieres.com\/en\/the-castel-of-grignan\/#primaryimage\",\"url\":\"https:\/\/www.lestruffieres.com\/wp-content\/uploads\/2023\/03\/decouvrir-le-chateau-de-grignan-camping-les-truffieres.webp\",\"contentUrl\":\"https:\/\/www.lestruffieres.com\/wp-content\/uploads\/2023\/03\/decouvrir-le-chateau-de-grignan-camping-les-truffieres.webp\",\"width\":1920,\"height\":746,\"caption\":\"visite chateau grignan\"},{\"@type\":\"BreadcrumbList\",\"@id\":\"https:\/\/www.lestruffieres.com\/en\/the-castel-of-grignan\/#breadcrumb\",\"itemListElement\":[{\"@type\":\"ListItem\",\"position\":1,\"name\":\"Camping Dr\u00f4me\",\"item\":\"https:\/\/www.lestruffieres.com\/en\/\"},{\"@type\":\"ListItem\",\"position\":2,\"name\":\"Camping near the castle of Grignan\"}]},{\"@type\":\"WebSite\",\"@id\":\"https:\/\/www.lestruffieres.com\/#website\",\"url\":\"https:\/\/www.lestruffieres.com\/\",\"name\":\"Camping Les Truffi\u00e8res\",\"description\":\"\",\"publisher\":{\"@id\":\"https:\/\/www.lestruffieres.com\/#organization\"},\"potentialAction\":[{\"@type\":\"SearchAction\",\"target\":{\"@type\":\"EntryPoint\",\"urlTemplate\":\"https:\/\/www.lestruffieres.com\/?s={search_term_string}\"},\"query-input\":{\"@type\":\"PropertyValueSpecification\",\"valueRequired\":true,\"valueName\":\"search_term_string\"}}],\"inLanguage\":\"en-US\"},{\"@type\":\"Organization\",\"@id\":\"https:\/\/www.lestruffieres.com\/#organization\",\"name\":\"Camping Les Truffi\u00e8res\",\"url\":\"https:\/\/www.lestruffieres.com\/\",\"logo\":{\"@type\":\"ImageObject\",\"inLanguage\":\"en-US\",\"@id\":\"https:\/\/www.lestruffieres.com\/#\/schema\/logo\/image\/\",\"url\":\"https:\/\/www.lestruffieres.com\/wp-content\/uploads\/2023\/02\/camping-les-truffieres-logo-entete.png\",\"contentUrl\":\"https:\/\/www.lestruffieres.com\/wp-content\/uploads\/2023\/02\/camping-les-truffieres-logo-entete.png\",\"width\":742,\"height\":1020,\"caption\":\"Camping Les Truffi\u00e8res\"},\"image\":{\"@id\":\"https:\/\/www.lestruffieres.com\/#\/schema\/logo\/image\/\"}}]}<\/script>\n<!-- \/ Yoast SEO plugin. -->","yoast_head_json":{"title":"The Castle of Grignan : idea for a cultural visit in the Dr\u00f4me","description":"Discover the castle of Grignan, an essential cultural step during your visit to the Dr\u00f4me provencale","robots":{"index":"index","follow":"follow","max-snippet":"max-snippet:-1","max-image-preview":"max-image-preview:large","max-video-preview":"max-video-preview:-1"},"canonical":"https:\/\/www.lestruffieres.com\/en\/the-castel-of-grignan\/","og_locale":"en_US","og_type":"article","og_title":"The Castle of Grignan : idea for a cultural visit in the Dr\u00f4me","og_description":"Discover the castle of Grignan, an essential cultural step during your visit to the Dr\u00f4me provencale","og_url":"https:\/\/www.lestruffieres.com\/en\/the-castel-of-grignan\/","og_site_name":"Camping Les Truffi\u00e8res","article_modified_time":"2023-03-28T07:26:05+00:00","og_image":[{"width":1920,"height":746,"url":"https:\/\/www.lestruffieres.com\/wp-content\/uploads\/2023\/03\/decouvrir-le-chateau-de-grignan-camping-les-truffieres.webp","type":"image\/webp"}],"twitter_card":"summary_large_image","twitter_misc":{"Est. reading time":"4 minutes"},"schema":{"@context":"https:\/\/schema.org","@graph":[{"@type":"WebPage","@id":"https:\/\/www.lestruffieres.com\/en\/the-castel-of-grignan\/","url":"https:\/\/www.lestruffieres.com\/en\/the-castel-of-grignan\/","name":"The Castle of Grignan : idea for a cultural visit in the Dr\u00f4me","isPartOf":{"@id":"https:\/\/www.lestruffieres.com\/#website"},"primaryImageOfPage":{"@id":"https:\/\/www.lestruffieres.com\/en\/the-castel-of-grignan\/#primaryimage"},"image":{"@id":"https:\/\/www.lestruffieres.com\/en\/the-castel-of-grignan\/#primaryimage"},"thumbnailUrl":"https:\/\/www.lestruffieres.com\/wp-content\/uploads\/2023\/03\/decouvrir-le-chateau-de-grignan-camping-les-truffieres.webp","datePublished":"2023-02-06T08:13:01+00:00","dateModified":"2023-03-28T07:26:05+00:00","description":"Discover the castle of Grignan, an essential cultural step during your visit to the Dr\u00f4me provencale","breadcrumb":{"@id":"https:\/\/www.lestruffieres.com\/en\/the-castel-of-grignan\/#breadcrumb"},"inLanguage":"en-US","potentialAction":[{"@type":"ReadAction","target":["https:\/\/www.lestruffieres.com\/en\/the-castel-of-grignan\/"]}]},{"@type":"ImageObject","inLanguage":"en-US","@id":"https:\/\/www.lestruffieres.com\/en\/the-castel-of-grignan\/#primaryimage","url":"https:\/\/www.lestruffieres.com\/wp-content\/uploads\/2023\/03\/decouvrir-le-chateau-de-grignan-camping-les-truffieres.webp","contentUrl":"https:\/\/www.lestruffieres.com\/wp-content\/uploads\/2023\/03\/decouvrir-le-chateau-de-grignan-camping-les-truffieres.webp","width":1920,"height":746,"caption":"visite chateau grignan"},{"@type":"BreadcrumbList","@id":"https:\/\/www.lestruffieres.com\/en\/the-castel-of-grignan\/#breadcrumb","itemListElement":[{"@type":"ListItem","position":1,"name":"Camping Dr\u00f4me","item":"https:\/\/www.lestruffieres.com\/en\/"},{"@type":"ListItem","position":2,"name":"Camping near the castle of Grignan"}]},{"@type":"WebSite","@id":"https:\/\/www.lestruffieres.com\/#website","url":"https:\/\/www.lestruffieres.com\/","name":"Camping Les Truffi\u00e8res","description":"","publisher":{"@id":"https:\/\/www.lestruffieres.com\/#organization"},"potentialAction":[{"@type":"SearchAction","target":{"@type":"EntryPoint","urlTemplate":"https:\/\/www.lestruffieres.com\/?s={search_term_string}"},"query-input":{"@type":"PropertyValueSpecification","valueRequired":true,"valueName":"search_term_string"}}],"inLanguage":"en-US"},{"@type":"Organization","@id":"https:\/\/www.lestruffieres.com\/#organization","name":"Camping Les Truffi\u00e8res","url":"https:\/\/www.lestruffieres.com\/","logo":{"@type":"ImageObject","inLanguage":"en-US","@id":"https:\/\/www.lestruffieres.com\/#\/schema\/logo\/image\/","url":"https:\/\/www.lestruffieres.com\/wp-content\/uploads\/2023\/02\/camping-les-truffieres-logo-entete.png","contentUrl":"https:\/\/www.lestruffieres.com\/wp-content\/uploads\/2023\/02\/camping-les-truffieres-logo-entete.png","width":742,"height":1020,"caption":"Camping Les Truffi\u00e8res"},"image":{"@id":"https:\/\/www.lestruffieres.com\/#\/schema\/logo\/image\/"}}]}},"_links":{"self":[{"href":"https:\/\/www.lestruffieres.com\/en\/wp-json\/wp\/v2\/pages\/2869","targetHints":{"allow":["GET"]}}],"collection":[{"href":"https:\/\/www.lestruffieres.com\/en\/wp-json\/wp\/v2\/pages"}],"about":[{"href":"https:\/\/www.lestruffieres.com\/en\/wp-json\/wp\/v2\/types\/page"}],"author":[{"embeddable":true,"href":"https:\/\/www.lestruffieres.com\/en\/wp-json\/wp\/v2\/users\/1"}],"replies":[{"embeddable":true,"href":"https:\/\/www.lestruffieres.com\/en\/wp-json\/wp\/v2\/comments?post=2869"}],"version-history":[{"count":10,"href":"https:\/\/www.lestruffieres.com\/en\/wp-json\/wp\/v2\/pages\/2869\/revisions"}],"predecessor-version":[{"id":6469,"href":"https:\/\/www.lestruffieres.com\/en\/wp-json\/wp\/v2\/pages\/2869\/revisions\/6469"}],"wp:featuredmedia":[{"embeddable":true,"href":"https:\/\/www.lestruffieres.com\/en\/wp-json\/wp\/v2\/media\/2148"}],"wp:attachment":[{"href":"https:\/\/www.lestruffieres.com\/en\/wp-json\/wp\/v2\/media?parent=2869"}],"wp:term":[{"taxonomy":"sujet","embeddable":true,"href":"https:\/\/www.lestruffieres.com\/en\/wp-json\/wp\/v2\/sujet?post=2869"}],"curies":[{"name":"wp","href":"https:\/\/api.w.org\/{rel}","templated":true}]}}