{"id":2760,"date":"2023-02-06T09:09:05","date_gmt":"2023-02-06T08:09:05","guid":{"rendered":"https:\/\/www.lestruffieres.com\/animations\/"},"modified":"2023-03-27T19:34:31","modified_gmt":"2023-03-27T17:34:31","slug":"entertainment","status":"publish","type":"page","link":"https:\/\/www.lestruffieres.com\/en\/entertainment\/","title":{"rendered":"Animations"},"content":{"rendered":"<section id=\"ls-section-block_980fab0fb06e1f981c55cc07202f890b\" class=\"ls-section  page-chapeau\" >\r\n        <div class=\"container container--wide\">\r\n        \n\n<h1 class=\"ls__heading has-text-align-center wp-block-heading\">Entertainment at Les Truffi\u00e8res campsite<\/h1>\n\n\r\n    <\/div>\r\n<\/section>\n\n<section id=\"ls-section-block_e572bf506e82eb838d2033a580885398\" class=\"ls-section  page-one deco-fleurs has-p-t p-t-0\" >\r\n        <div class=\"container container--wide\">\r\n        \n\n<div class=\"wp-block-columns is-layout-flex wp-container-core-columns-is-layout-9d6595d7 wp-block-columns-is-layout-flex\">\n<div class=\"wp-block-column left is-layout-flow wp-block-column-is-layout-flow\" style=\"flex-basis:66.66%\">\n<figure class=\"wp-block-image size-full animated fadeIn slow\"><img decoding=\"async\" width=\"864\" height=\"576\" src=\"https:\/\/www.lestruffieres.com\/wp-content\/uploads\/2023\/02\/club-enfant-camping-les-truffieres.jpg\" alt=\"club enfant camping les truffieres\" class=\"wp-image-1114\" srcset=\"https:\/\/www.lestruffieres.com\/wp-content\/uploads\/2023\/02\/club-enfant-camping-les-truffieres.jpg 864w, https:\/\/www.lestruffieres.com\/wp-content\/uploads\/2023\/02\/club-enfant-camping-les-truffieres-300x200.jpg 300w, https:\/\/www.lestruffieres.com\/wp-content\/uploads\/2023\/02\/club-enfant-camping-les-truffieres-768x512.jpg 768w\" sizes=\"(max-width: 864px) 100vw, 864px\" \/><\/figure>\n\n\n\n<div id=\"ls-heading ls-titre-div-block_a270cc7d5d9359500f4d9a33daf07635\" class=\"ls-titre-div quotes h2-like\" >\n    <strong>At Camping Les Truffi\u00e8res<\/strong> in the heart of the Dr\u00f4me Proven\u00e7ale, C\u00e9lina and Brendon do everything they can to make your stay a success! <\/div>\n<\/div>\n\n\n\n<div class=\"wp-block-column right is-layout-flow wp-block-column-is-layout-flow\" style=\"flex-basis:33.33%\">\n<h2 class=\"ls__heading deco wp-block-heading\" id=\"club-enfants\">Mister Flower at the kids club in the Dr\u00f4me<\/h2>\n\n\n\n<p class=\"ls-paragraph\">Parents of children aged 4 to 12, don&#8217;t worry, we have plenty to entertain your children! <\/p>\n\n\n\n<p class=\"ls-paragraph\">In the morning, a <strong>children&#8217;s club entertains your children<\/strong>: treasure hunts, adventure courses, creative activities, painting or coloured salt&#8230; The children will create wonderful memories with their 10 fingers. The ball games or the mythical Koh-Lanta will allow them to expend their energy and their thinking will be put to the test with the famous treasure hunt or the photo rallies.<\/p>\n\n\n\n<p class=\"ls-paragraph\">A complete programme to keep your little ones <strong>busy and entertained from Monday to Friday from 9am to 12pm<\/strong>. These activities are supervised by trained professionals and are suitable for all ages and languages. <\/p>\n\n\n\n<p class=\"ls-paragraph\">You can then easily go for a walk on the weekly market of Grignan or <strong>enjoy a ride<\/strong> on an electric scooter with our partner while your children have fun at the kids club. Our partner will be happy to show you the vineyards, truffle fields and spots offering spectacular views of Grignan and the surrounding villages.<\/p>\n<\/div>\n<\/div>\n\n\r\n    <\/div>\r\n<\/section>\n\n<section id=\"ls-section-block_a86166a9dc643fd89806f14613e37d20\" class=\"ls-section  page-two has-background has-color-3-background-color has-p-t p-t-14 has-p-b p-b-14\" >\r\n        <div class=\"container container--wide\">\r\n        \n\n<div class=\"wp-block-columns is-layout-flex wp-container-core-columns-is-layout-9d6595d7 wp-block-columns-is-layout-flex\">\n<div class=\"wp-block-column is-layout-flow wp-block-column-is-layout-flow\" style=\"flex-basis:33.33%\">\n<h2 class=\"ls__heading deco wp-block-heading\" id=\"animations\">Family entertainment at the Grignan campsite<\/h2>\n\n\n\n<p class=\"ls-paragraph\">The key words at <a href=\"https:\/\/www.lestruffieres.com\/en\/\">Camping Les Truffi\u00e8res<\/a> are family, sharing, meeting and happiness. You will be able to combine all these words by participating in the intergenerational activities in the afternoon.<\/p>\n\n\n\n<p class=\"ls-paragraph\">From Monday to Friday, follow the programme and get ready to win the water polo\/water volleyball match or the popular <strong>petanque competition<\/strong>. It seems that you already earn points by participating with a child and that there is a reward for doing so. A <strong>rich and varied programme of activities<\/strong> to keep you busy, presented at the welcome drink and displayed in several places in the campsite. <\/p>\n<\/div>\n\n\n\n<div class=\"wp-block-column is-layout-flow wp-block-column-is-layout-flow\" style=\"flex-basis:66.66%\">\n<figure class=\"wp-block-gallery has-nested-images columns-1 is-cropped galerie-slider wp-block-gallery-1 is-layout-flex wp-block-gallery-is-layout-flex\">\n<figure class=\"wp-block-image size-full\"><img decoding=\"async\" width=\"864\" height=\"576\" data-id=\"1129\" src=\"https:\/\/www.lestruffieres.com\/wp-content\/uploads\/2023\/02\/camping-concours-de-petanque-a-grignan.jpg\" alt=\"camping petanque competition in grignan\" class=\"wp-image-1129\" srcset=\"https:\/\/www.lestruffieres.com\/wp-content\/uploads\/2023\/02\/camping-concours-de-petanque-a-grignan.jpg 864w, https:\/\/www.lestruffieres.com\/wp-content\/uploads\/2023\/02\/camping-concours-de-petanque-a-grignan-300x200.jpg 300w, https:\/\/www.lestruffieres.com\/wp-content\/uploads\/2023\/02\/camping-concours-de-petanque-a-grignan-768x512.jpg 768w\" sizes=\"(max-width: 864px) 100vw, 864px\" \/><\/figure>\n\n\n\n<figure class=\"wp-block-image size-full\"><img decoding=\"async\" width=\"864\" height=\"576\" data-id=\"1125\" src=\"https:\/\/www.lestruffieres.com\/wp-content\/uploads\/2023\/02\/camping-drome-avec-animations.jpg\" alt=\"camping drome with animations\" class=\"wp-image-1125\" srcset=\"https:\/\/www.lestruffieres.com\/wp-content\/uploads\/2023\/02\/camping-drome-avec-animations.jpg 864w, https:\/\/www.lestruffieres.com\/wp-content\/uploads\/2023\/02\/camping-drome-avec-animations-300x200.jpg 300w, https:\/\/www.lestruffieres.com\/wp-content\/uploads\/2023\/02\/camping-drome-avec-animations-768x512.jpg 768w\" sizes=\"(max-width: 864px) 100vw, 864px\" \/><\/figure>\n<\/figure>\n<\/div>\n<\/div>\n\n\r\n    <\/div>\r\n<\/section>\n\n<section id=\"ls-section-block_0cc6b0d53971edfa09167f888ac13c81\" class=\"ls-section  page-three has-background green has-p-t p-t-14 has-p-b p-b-14\" >\r\n        <div class=\"container container--wide\">\r\n        \n\n<div class=\"wp-block-columns is-layout-flex wp-container-core-columns-is-layout-9d6595d7 wp-block-columns-is-layout-flex\">\n<div class=\"wp-block-column is-vertically-aligned-center is-layout-flow wp-block-column-is-layout-flow\" style=\"flex-basis:66.66%\">\n<figure class=\"wp-block-image size-full animated bounceInLeft slow delay-100ms\"><img decoding=\"async\" width=\"864\" height=\"576\" src=\"https:\/\/www.lestruffieres.com\/wp-content\/uploads\/2023\/02\/camping-animations-soirees-animees.jpg\" alt=\"camping animation evening events\" class=\"wp-image-1137\" srcset=\"https:\/\/www.lestruffieres.com\/wp-content\/uploads\/2023\/02\/camping-animations-soirees-animees.jpg 864w, https:\/\/www.lestruffieres.com\/wp-content\/uploads\/2023\/02\/camping-animations-soirees-animees-300x200.jpg 300w, https:\/\/www.lestruffieres.com\/wp-content\/uploads\/2023\/02\/camping-animations-soirees-animees-768x512.jpg 768w\" sizes=\"(max-width: 864px) 100vw, 864px\" \/><\/figure>\n<\/div>\n\n\n\n<div class=\"wp-block-column is-vertically-aligned-center is-layout-flow wp-block-column-is-layout-flow\" style=\"flex-basis:33.33%\">\n<h2 class=\"ls__heading deco wp-block-heading\" id=\"soir\u00e9es\"><strong>Your summer will be lively<\/strong><\/h2>\n\n\n\n<p class=\"ls-paragraph\">Every day, find something to <strong>liven up your summer evenings<\/strong>. On Sunday, the welcome drink invites you all to have a drink together to discuss the events and important information to know. Discover the local producers, enjoy the swimming pool until nightfall or treat yourself to the <strong>chef&#8217;s special evening<\/strong>, at Les Truffi\u00e8res campsite, everything is in place to fill up on activities.<\/p>\n\n\n\n<h2 class=\"ls__heading deco wp-block-heading\">Liven up your parties<\/h2>\n\n\n\n<p class=\"ls-paragraph\">In the evening, <a href=\"https:\/\/www.lestruffieres.com\/en\/restaurant\/\">treat yourself to the chef&#8217;s special evening<\/a>, which offers a unique but convivial dish every Friday. You can also enjoy a <strong>musical concert<\/strong> that will certainly get you in the mood to dance. And if you want to do more, <strong>the campsite is the starting point for short and long walks<\/strong> or bike rides.<\/p>\n<\/div>\n<\/div>\n\n\r\n    <\/div>\r\n<\/section>\n\n<section id=\"ls-section-block_e45211856140d31fc911c29bbe38ce3e\" class=\"ls-section  page-four has-p-t p-t-14 has-p-b p-b-14\" >\r\n        <div class=\"container container--wide\">\r\n        \n\n<div class=\"wp-block-columns is-layout-flex wp-container-core-columns-is-layout-9d6595d7 wp-block-columns-is-layout-flex\">\n<div class=\"wp-block-column is-vertically-aligned-center is-layout-flow wp-block-column-is-layout-flow\" style=\"flex-basis:33.33%\">\n<p class=\"ls-paragraph\">Come and enjoy a <strong>convivial and festive moment<\/strong> by participating in the Tuesday concert. Talented artists who are sure to make you want to sing and dance. <\/p>\n\n\n\n<p class=\"ls-paragraph\">Flower camping Les Truffi\u00e8res offers you new activities for the 2022 season: <\/p>\n\n\n\n<ul class=\"ls-list wp-block-list\">\n<li>Camping evening: Come and enjoy a convivial evening together&#8230;<\/li>\n\n\n\n<li>Musical or show evening to delight young and old.<\/li>\n\n\n\n<li>Every Friday, it&#8217;s <strong>mussels and chips night<\/strong>.<\/li>\n<\/ul>\n\n\n\n<p class=\"ls-paragraph\">We also organise <strong>concerts and themed evenings<\/strong> for young and old throughout your stay, to keep you entertained&#8230; while respecting the tranquillity of the campers.<\/p>\n<\/div>\n\n\n\n<div class=\"wp-block-column is-vertically-aligned-center is-layout-flow wp-block-column-is-layout-flow\" style=\"flex-basis:66.66%\">\n<figure class=\"wp-block-image size-full animated fadeInRight delay-100ms slow\"><img decoding=\"async\" width=\"864\" height=\"576\" src=\"https:\/\/www.lestruffieres.com\/wp-content\/uploads\/2023\/02\/animations-pour-toute-la-famille-camping-truffieres.jpg\" alt=\"activities for the whole family camping truffieres\" class=\"wp-image-1142\" srcset=\"https:\/\/www.lestruffieres.com\/wp-content\/uploads\/2023\/02\/animations-pour-toute-la-famille-camping-truffieres.jpg 864w, https:\/\/www.lestruffieres.com\/wp-content\/uploads\/2023\/02\/animations-pour-toute-la-famille-camping-truffieres-300x200.jpg 300w, https:\/\/www.lestruffieres.com\/wp-content\/uploads\/2023\/02\/animations-pour-toute-la-famille-camping-truffieres-768x512.jpg 768w\" sizes=\"(max-width: 864px) 100vw, 864px\" \/><\/figure>\n<\/div>\n<\/div>\n\n\r\n    <\/div>\r\n<\/section>\n\n<section id=\"ls-section-block_694e7bf4bb30d999746767fe78ae8c65\" class=\"ls-section  page-avis has-background-image has-background has-color-black-background-color has-p-t p-t-14 has-p-b p-b-14\" >\r\n    <div class=\"ls-section__background-image opacity-40\"><img decoding=\"async\" src=\"https:\/\/www.lestruffieres.com\/wp-content\/uploads\/2023\/02\/campig-avec-air-de-jeux-pour-enfants.webp\" alt=\"camping animations drome\"><\/div>    <div class=\"container \">\r\n        \n\n<div id=\"ls-heading ls-titre-div-block_18dc9e133af6b6d1a95cafd0d6af5b5f\" class=\"ls-titre-div deco aligncenter h2-like\" >\n    What do our customers think of the animations?<\/div>\n\n\n<div class=\"avis-container-pages\"><div class=\"avis\"><div class=\"avis-user\"><div class=\"avis-note\">\n                <span><i class=\"truffieres-star\"><\/i><\/span><span><i class=\"truffieres-star\"><\/i><\/span><span><i class=\"truffieres-star\"><\/i><\/span><span><i class=\"truffieres-star\"><\/i><\/span><span><i class=\"truffieres-star\"><\/i><\/span>\n                <\/div><div class=\"avis-name\">Bastiaan K.<\/div><div class=\"avis-content\"><p>We had a very pleasant week&#8217;s holiday in a Nature mobile home. The table tennis table is illuminated so that you can play for a long time. In my opinion, there are enough activities and play opportunities for young and old. Our son (15 years old) enjoyed the pool, the games and the table tennis the most. The petanque competition is also highly recommended, I learned a lot from the French participants. Thank you very much!<\/p>\n<\/div><\/div><\/div><div class=\"avis\"><div class=\"avis-user\"><div class=\"avis-note\">\n                <span><i class=\"truffieres-star\"><\/i><\/span><span><i class=\"truffieres-star\"><\/i><\/span><span><i class=\"truffieres-star\"><\/i><\/span><span><i class=\"truffieres-star\"><\/i><\/span><span><i class=\"truffieres-star\"><\/i><\/span>\n                <\/div><div class=\"avis-name\">Mery P.<\/div><div class=\"avis-content\"><p>Hi, I spent 3 weeks in this little campsite with my kids and they had a great time: <b>various activities<\/b>, swimming pool, children can run around safely, small party organised. The owners are warm, welcoming and very friendly, I hope to come back again, Catalina sends you a kiss and especially to the mascot, thank you again for not changing anything<\/p>\n<\/div><\/div><\/div><div class=\"avis\"><div class=\"avis-user\"><div class=\"avis-note\">\n                <span><i class=\"truffieres-star\"><\/i><\/span><span><i class=\"truffieres-star\"><\/i><\/span><span><i class=\"truffieres-star\"><\/i><\/span><span><i class=\"truffieres-star\"><\/i><\/span><span><i class=\"truffieres-star\"><\/i><\/span>\n                <\/div><div class=\"avis-name\">Annelise T.<\/div><div class=\"avis-content\"><p>This family campsite is a great discovery! We had a pleasant stay. The facilities are clean and well maintained. The pitches are spacious, the pool very pleasant and there are plenty of games for children! Finally, another strong point of the campsite: the activities with Cl\u00e9ment and D\u00e9borah who helped to make these holidays unforgettable for our children! Well done to you, we will be back with great pleasure!<\/p>\n<\/div><\/div><\/div><\/div>\n\n\r\n    <\/div>\r\n<\/section>\n\n<section id=\"ls-section-block_45e59f39d67018a5ef200a5cfd5bed82\" class=\"ls-section  page-maillage has-p-t p-t-14 has-p-b p-b-14\" >\r\n        <div class=\"container container--wide\">\r\n        \n\n<div id=\"ls-heading ls-titre-div-block_7a58c2d6e1d8fb2d3eb0b904b5a0a1f4\" class=\"ls-titre-div deco aligncenter h2-like\" >\n    Discover our services, our restaurant and our pool!<\/div>\n\n\n<div id=\"ls-maillage-block_79d0b2d828bb4b61ab3c2ca57679b731\" class=\"ls-maillage cta-style-normal\" data-rows=\"3\">\r\n    <div class=\"wp-block-columns\"><div class=\"wp-block-column\">\n\n<a href=\"https:\/\/www.lestruffieres.com\/en\/restaurant\/\" target=\"\" rel=\"noopener\" class=\"ls-cta__link\">\n\n\t<div class=\"ls-cta__image\"><img decoding=\"async\" src=\"https:\/\/www.lestruffieres.com\/wp-content\/uploads\/2023\/02\/le-restaurant-du-camping-les-truffieres-en-provence.jpg\" alt=\"restaurant camping truffieres\"><\/div>\n\t<div class=\"ls-cta__title\">\n\t\tRestoration\t<\/div>\n\t\n\t\t\n<\/a><\/div><div class=\"wp-block-column\">\n\n<a href=\"https:\/\/www.lestruffieres.com\/en\/swimming-pool\/\" target=\"\" rel=\"noopener\" class=\"ls-cta__link\">\n\n\t<div class=\"ls-cta__image\"><img decoding=\"async\" src=\"https:\/\/www.lestruffieres.com\/wp-content\/uploads\/2023\/02\/camping-avec-piscine-et-pataugeoire-dans-la-drome.jpg\" alt=\"camping avec piscine drome\"><\/div>\n\t<div class=\"ls-cta__title\">\n\t\tSwimming pool\t<\/div>\n\t\n\t\t\n<\/a><\/div><div class=\"wp-block-column\">\n\n<a href=\"https:\/\/www.lestruffieres.com\/en\/activities-services-campsite-grignan-provence\/\" target=\"\" rel=\"noopener\" class=\"ls-cta__link\">\n\n\t<div class=\"ls-cta__image\"><img decoding=\"async\" src=\"https:\/\/www.lestruffieres.com\/wp-content\/uploads\/2023\/02\/accueil-camping-truffieres-a-grignan.jpg\" alt=\"accueil camping\"><\/div>\n\t<div class=\"ls-cta__title\">\n\t\tServices\t<\/div>\n\t\n\t\t\n<\/a><\/div><\/div><\/div>\n\r\n    <\/div>\r\n<\/section>","protected":false},"excerpt":{"rendered":"","protected":false},"author":1,"featured_media":3744,"parent":0,"menu_order":0,"comment_status":"closed","ping_status":"closed","template":"","meta":{"_acf_changed":false,"footnotes":""},"sujet":[],"class_list":["post-2760","page","type-page","status-publish","has-post-thumbnail","hentry"],"acf":[],"yoast_head":"<!-- This site is optimized with the Yoast SEO plugin v23.4 - https:\/\/yoast.com\/wordpress\/plugins\/seo\/ -->\n<title>Animations at Camping les Truffi\u00e8res - Campsite in Grignan - Dr\u00f4me proven\u00e7ale<\/title>\n<meta name=\"description\" content=\"Discover the activities of Camping les Truffi\u00e8res. Leave your children at the Truffy club (kids club)\" \/>\n<meta name=\"robots\" content=\"index, follow, max-snippet:-1, max-image-preview:large, max-video-preview:-1\" \/>\n<link rel=\"canonical\" href=\"https:\/\/www.lestruffieres.com\/en\/entertainment\/\" \/>\n<meta property=\"og:locale\" content=\"en_US\" \/>\n<meta property=\"og:type\" content=\"article\" \/>\n<meta property=\"og:title\" content=\"Animations at Camping les Truffi\u00e8res - Campsite in Grignan - Dr\u00f4me proven\u00e7ale\" \/>\n<meta property=\"og:description\" content=\"Discover the activities of Camping les Truffi\u00e8res. Leave your children at the Truffy club (kids club)\" \/>\n<meta property=\"og:url\" content=\"https:\/\/www.lestruffieres.com\/en\/entertainment\/\" \/>\n<meta property=\"og:site_name\" content=\"Camping Les Truffi\u00e8res\" \/>\n<meta property=\"article:modified_time\" content=\"2023-03-27T17:34:31+00:00\" \/>\n<meta property=\"og:image\" content=\"https:\/\/www.lestruffieres.com\/wp-content\/uploads\/2023\/02\/activites-sportives-camping-truffieres.jpg\" \/>\n\t<meta property=\"og:image:width\" content=\"1920\" \/>\n\t<meta property=\"og:image:height\" content=\"746\" \/>\n\t<meta property=\"og:image:type\" content=\"image\/jpeg\" \/>\n<meta name=\"twitter:card\" content=\"summary_large_image\" \/>\n<meta name=\"twitter:label1\" content=\"Est. reading time\" \/>\n\t<meta name=\"twitter:data1\" content=\"4 minutes\" \/>\n<script type=\"application\/ld+json\" class=\"yoast-schema-graph\">{\"@context\":\"https:\/\/schema.org\",\"@graph\":[{\"@type\":\"WebPage\",\"@id\":\"https:\/\/www.lestruffieres.com\/en\/entertainment\/\",\"url\":\"https:\/\/www.lestruffieres.com\/en\/entertainment\/\",\"name\":\"Animations at Camping les Truffi\u00e8res - Campsite in Grignan - Dr\u00f4me proven\u00e7ale\",\"isPartOf\":{\"@id\":\"https:\/\/www.lestruffieres.com\/#website\"},\"primaryImageOfPage\":{\"@id\":\"https:\/\/www.lestruffieres.com\/en\/entertainment\/#primaryimage\"},\"image\":{\"@id\":\"https:\/\/www.lestruffieres.com\/en\/entertainment\/#primaryimage\"},\"thumbnailUrl\":\"https:\/\/www.lestruffieres.com\/wp-content\/uploads\/2023\/02\/activites-sportives-camping-truffieres.jpg\",\"datePublished\":\"2023-02-06T08:09:05+00:00\",\"dateModified\":\"2023-03-27T17:34:31+00:00\",\"description\":\"Discover the activities of Camping les Truffi\u00e8res. Leave your children at the Truffy club (kids club)\",\"breadcrumb\":{\"@id\":\"https:\/\/www.lestruffieres.com\/en\/entertainment\/#breadcrumb\"},\"inLanguage\":\"en-US\",\"potentialAction\":[{\"@type\":\"ReadAction\",\"target\":[\"https:\/\/www.lestruffieres.com\/en\/entertainment\/\"]}]},{\"@type\":\"ImageObject\",\"inLanguage\":\"en-US\",\"@id\":\"https:\/\/www.lestruffieres.com\/en\/entertainment\/#primaryimage\",\"url\":\"https:\/\/www.lestruffieres.com\/wp-content\/uploads\/2023\/02\/activites-sportives-camping-truffieres.jpg\",\"contentUrl\":\"https:\/\/www.lestruffieres.com\/wp-content\/uploads\/2023\/02\/activites-sportives-camping-truffieres.jpg\",\"width\":1920,\"height\":746,\"caption\":\"activites sportives\"},{\"@type\":\"BreadcrumbList\",\"@id\":\"https:\/\/www.lestruffieres.com\/en\/entertainment\/#breadcrumb\",\"itemListElement\":[{\"@type\":\"ListItem\",\"position\":1,\"name\":\"Camping Dr\u00f4me\",\"item\":\"https:\/\/www.lestruffieres.com\/en\/\"},{\"@type\":\"ListItem\",\"position\":2,\"name\":\"Camping loisirs \u00e0 Grignan\"}]},{\"@type\":\"WebSite\",\"@id\":\"https:\/\/www.lestruffieres.com\/#website\",\"url\":\"https:\/\/www.lestruffieres.com\/\",\"name\":\"Camping Les Truffi\u00e8res\",\"description\":\"\",\"publisher\":{\"@id\":\"https:\/\/www.lestruffieres.com\/#organization\"},\"potentialAction\":[{\"@type\":\"SearchAction\",\"target\":{\"@type\":\"EntryPoint\",\"urlTemplate\":\"https:\/\/www.lestruffieres.com\/?s={search_term_string}\"},\"query-input\":{\"@type\":\"PropertyValueSpecification\",\"valueRequired\":true,\"valueName\":\"search_term_string\"}}],\"inLanguage\":\"en-US\"},{\"@type\":\"Organization\",\"@id\":\"https:\/\/www.lestruffieres.com\/#organization\",\"name\":\"Camping Les Truffi\u00e8res\",\"url\":\"https:\/\/www.lestruffieres.com\/\",\"logo\":{\"@type\":\"ImageObject\",\"inLanguage\":\"en-US\",\"@id\":\"https:\/\/www.lestruffieres.com\/#\/schema\/logo\/image\/\",\"url\":\"https:\/\/www.lestruffieres.com\/wp-content\/uploads\/2023\/02\/camping-les-truffieres-logo-entete.png\",\"contentUrl\":\"https:\/\/www.lestruffieres.com\/wp-content\/uploads\/2023\/02\/camping-les-truffieres-logo-entete.png\",\"width\":742,\"height\":1020,\"caption\":\"Camping Les Truffi\u00e8res\"},\"image\":{\"@id\":\"https:\/\/www.lestruffieres.com\/#\/schema\/logo\/image\/\"}}]}<\/script>\n<!-- \/ Yoast SEO plugin. -->","yoast_head_json":{"title":"Animations at Camping les Truffi\u00e8res - Campsite in Grignan - Dr\u00f4me proven\u00e7ale","description":"Discover the activities of Camping les Truffi\u00e8res. Leave your children at the Truffy club (kids club)","robots":{"index":"index","follow":"follow","max-snippet":"max-snippet:-1","max-image-preview":"max-image-preview:large","max-video-preview":"max-video-preview:-1"},"canonical":"https:\/\/www.lestruffieres.com\/en\/entertainment\/","og_locale":"en_US","og_type":"article","og_title":"Animations at Camping les Truffi\u00e8res - Campsite in Grignan - Dr\u00f4me proven\u00e7ale","og_description":"Discover the activities of Camping les Truffi\u00e8res. Leave your children at the Truffy club (kids club)","og_url":"https:\/\/www.lestruffieres.com\/en\/entertainment\/","og_site_name":"Camping Les Truffi\u00e8res","article_modified_time":"2023-03-27T17:34:31+00:00","og_image":[{"width":1920,"height":746,"url":"https:\/\/www.lestruffieres.com\/wp-content\/uploads\/2023\/02\/activites-sportives-camping-truffieres.jpg","type":"image\/jpeg"}],"twitter_card":"summary_large_image","twitter_misc":{"Est. reading time":"4 minutes"},"schema":{"@context":"https:\/\/schema.org","@graph":[{"@type":"WebPage","@id":"https:\/\/www.lestruffieres.com\/en\/entertainment\/","url":"https:\/\/www.lestruffieres.com\/en\/entertainment\/","name":"Animations at Camping les Truffi\u00e8res - Campsite in Grignan - Dr\u00f4me proven\u00e7ale","isPartOf":{"@id":"https:\/\/www.lestruffieres.com\/#website"},"primaryImageOfPage":{"@id":"https:\/\/www.lestruffieres.com\/en\/entertainment\/#primaryimage"},"image":{"@id":"https:\/\/www.lestruffieres.com\/en\/entertainment\/#primaryimage"},"thumbnailUrl":"https:\/\/www.lestruffieres.com\/wp-content\/uploads\/2023\/02\/activites-sportives-camping-truffieres.jpg","datePublished":"2023-02-06T08:09:05+00:00","dateModified":"2023-03-27T17:34:31+00:00","description":"Discover the activities of Camping les Truffi\u00e8res. Leave your children at the Truffy club (kids club)","breadcrumb":{"@id":"https:\/\/www.lestruffieres.com\/en\/entertainment\/#breadcrumb"},"inLanguage":"en-US","potentialAction":[{"@type":"ReadAction","target":["https:\/\/www.lestruffieres.com\/en\/entertainment\/"]}]},{"@type":"ImageObject","inLanguage":"en-US","@id":"https:\/\/www.lestruffieres.com\/en\/entertainment\/#primaryimage","url":"https:\/\/www.lestruffieres.com\/wp-content\/uploads\/2023\/02\/activites-sportives-camping-truffieres.jpg","contentUrl":"https:\/\/www.lestruffieres.com\/wp-content\/uploads\/2023\/02\/activites-sportives-camping-truffieres.jpg","width":1920,"height":746,"caption":"activites sportives"},{"@type":"BreadcrumbList","@id":"https:\/\/www.lestruffieres.com\/en\/entertainment\/#breadcrumb","itemListElement":[{"@type":"ListItem","position":1,"name":"Camping Dr\u00f4me","item":"https:\/\/www.lestruffieres.com\/en\/"},{"@type":"ListItem","position":2,"name":"Camping loisirs \u00e0 Grignan"}]},{"@type":"WebSite","@id":"https:\/\/www.lestruffieres.com\/#website","url":"https:\/\/www.lestruffieres.com\/","name":"Camping Les Truffi\u00e8res","description":"","publisher":{"@id":"https:\/\/www.lestruffieres.com\/#organization"},"potentialAction":[{"@type":"SearchAction","target":{"@type":"EntryPoint","urlTemplate":"https:\/\/www.lestruffieres.com\/?s={search_term_string}"},"query-input":{"@type":"PropertyValueSpecification","valueRequired":true,"valueName":"search_term_string"}}],"inLanguage":"en-US"},{"@type":"Organization","@id":"https:\/\/www.lestruffieres.com\/#organization","name":"Camping Les Truffi\u00e8res","url":"https:\/\/www.lestruffieres.com\/","logo":{"@type":"ImageObject","inLanguage":"en-US","@id":"https:\/\/www.lestruffieres.com\/#\/schema\/logo\/image\/","url":"https:\/\/www.lestruffieres.com\/wp-content\/uploads\/2023\/02\/camping-les-truffieres-logo-entete.png","contentUrl":"https:\/\/www.lestruffieres.com\/wp-content\/uploads\/2023\/02\/camping-les-truffieres-logo-entete.png","width":742,"height":1020,"caption":"Camping Les Truffi\u00e8res"},"image":{"@id":"https:\/\/www.lestruffieres.com\/#\/schema\/logo\/image\/"}}]}},"_links":{"self":[{"href":"https:\/\/www.lestruffieres.com\/en\/wp-json\/wp\/v2\/pages\/2760","targetHints":{"allow":["GET"]}}],"collection":[{"href":"https:\/\/www.lestruffieres.com\/en\/wp-json\/wp\/v2\/pages"}],"about":[{"href":"https:\/\/www.lestruffieres.com\/en\/wp-json\/wp\/v2\/types\/page"}],"author":[{"embeddable":true,"href":"https:\/\/www.lestruffieres.com\/en\/wp-json\/wp\/v2\/users\/1"}],"replies":[{"embeddable":true,"href":"https:\/\/www.lestruffieres.com\/en\/wp-json\/wp\/v2\/comments?post=2760"}],"version-history":[{"count":13,"href":"https:\/\/www.lestruffieres.com\/en\/wp-json\/wp\/v2\/pages\/2760\/revisions"}],"predecessor-version":[{"id":6388,"href":"https:\/\/www.lestruffieres.com\/en\/wp-json\/wp\/v2\/pages\/2760\/revisions\/6388"}],"wp:featuredmedia":[{"embeddable":true,"href":"https:\/\/www.lestruffieres.com\/en\/wp-json\/wp\/v2\/media\/3744"}],"wp:attachment":[{"href":"https:\/\/www.lestruffieres.com\/en\/wp-json\/wp\/v2\/media?parent=2760"}],"wp:term":[{"taxonomy":"sujet","embeddable":true,"href":"https:\/\/www.lestruffieres.com\/en\/wp-json\/wp\/v2\/sujet?post=2760"}],"curies":[{"name":"wp","href":"https:\/\/api.w.org\/{rel}","templated":true}]}}