{"id":7482,"date":"2026-01-20T14:46:43","date_gmt":"2026-01-20T13:46:43","guid":{"rendered":"https:\/\/www.lestruffieres.com\/nos-engagements\/"},"modified":"2026-02-18T14:11:34","modified_gmt":"2026-02-18T13:11:34","slug":"unsere-verpflichtungen","status":"publish","type":"page","link":"https:\/\/www.lestruffieres.com\/de\/unsere-verpflichtungen\/","title":{"rendered":"Unsere Verpflichtungen"},"content":{"rendered":"<section id=\"ls-section-block_0916ff2f6cc297c752ef397ae787bec0\" class=\"ls-section  page-chapeau\" >\r\n        <div class=\"container container--wide\">\r\n        \n\n<h1 class=\"ls__heading wp-block-heading has-text-align-center\">Unsere Verpflichtungen<\/h1>\n\n\r\n    <\/div>\r\n<\/section><section id=\"ls-section-block_5d4ed04c0fb8af15ddf5b3dfea9de59e\" class=\"ls-section  page-one deco-fleurs has-p-t p-t-0\" >\r\n        <div class=\"container container--wide\">\r\n        \n\n<div class=\"wp-block-columns is-layout-flex wp-container-core-columns-is-layout-9d6595d7 wp-block-columns-is-layout-flex\">\n<div class=\"wp-block-column left is-layout-flow wp-block-column-is-layout-flow\" style=\"flex-basis:66.66%\">\n<figure class=\"wp-block-image size-full animated fadeIn slow\"><img decoding=\"async\" width=\"2560\" height=\"1707\" src=\"https:\/\/www.lestruffieres.com\/wp-content\/uploads\/2026\/01\/famille-scaled.jpg\" alt=\"photographe Malestroit\" class=\"wp-image-7334\" srcset=\"https:\/\/www.lestruffieres.com\/wp-content\/uploads\/2026\/01\/famille-scaled.jpg 2560w, https:\/\/www.lestruffieres.com\/wp-content\/uploads\/2026\/01\/famille-300x200.jpg 300w, https:\/\/www.lestruffieres.com\/wp-content\/uploads\/2026\/01\/famille-1024x683.jpg 1024w, https:\/\/www.lestruffieres.com\/wp-content\/uploads\/2026\/01\/famille-768x512.jpg 768w, https:\/\/www.lestruffieres.com\/wp-content\/uploads\/2026\/01\/famille-1536x1024.jpg 1536w, https:\/\/www.lestruffieres.com\/wp-content\/uploads\/2026\/01\/famille-2048x1365.jpg 2048w\" sizes=\"(max-width: 2560px) 100vw, 2560px\" \/><\/figure>\n\n\n\n<div id=\"ls-heading ls-titre-div-block_75bc5fbb5995938e1f0b8d0fd4f52c81\" class=\"ls-titre-div quotes h2-like\" >\n    Heute engagieren, um morgen besser empfangen zu k\u00f6nnen<\/div>\n<\/div>\n\n\n\n<div class=\"wp-block-column right is-layout-flow wp-block-column-is-layout-flow\" style=\"flex-basis:33.33%\">\n<h2 class=\"ls__heading wp-block-heading deco\">Ein Campingplatz, der Sinn macht<\/h2>\n\n\n\n<p class=\"ls-paragraph\">Unser Campingplatz ist nicht nur ein Urlaubsort. Er ist vor allem ein Lebensprojekt, das von starken \u00dcberzeugungen und dem aufrichtigen Wunsch getragen wird, Dinge anders zu machen. Hier sind Gastfreundschaft, Respekt und Engagement keine Marketing-Schlagworte, sondern Werte, die wir t\u00e4glich leben.  <\/p>\n<\/div>\n<\/div>\n\n\r\n    <\/div>\r\n<\/section><section id=\"ls-section-block_adc73421d6b7bf82667fa16111752ef3\" class=\"ls-section  page-two has-background has-color-3-background-color has-p-t p-t-14 has-p-b p-b-14\" >\r\n        <div class=\"container container--wide\">\r\n        \n\n<div class=\"wp-block-columns is-layout-flex wp-container-core-columns-is-layout-9d6595d7 wp-block-columns-is-layout-flex\">\n<div class=\"wp-block-column is-vertically-aligned-center is-layout-flow wp-block-column-is-layout-flow\" style=\"flex-basis:33.33%\">\n<h2 class=\"ls__heading wp-block-heading deco\">Sich lokal und menschlich engagieren<\/h2>\n\n\n\n<p class=\"ls-paragraph\">Wir haben uns daf\u00fcr entschieden, bei der Verwaltung unserer W\u00e4scherei mit einer ESAT zusammenzuarbeiten. Diese Zusammenarbeit erm\u00f6glicht es uns, die Besch\u00e4ftigung von Menschen mit Behinderung zu f\u00f6rdern und aktiv zu einer solidarischeren und integrativeren Wirtschaft beizutragen. <\/p>\n\n\n\n<p class=\"ls-paragraph\">Jeder Aufenthalt bei uns tr\u00e4gt somit in seinem Rahmen zu einem konkreten und sinnvollen sozialen Engagement bei.<\/p>\n\n\n\n<h2 class=\"ls__heading wp-block-heading deco\">Konkrete \u00f6kologische Verpflichtungen<\/h2>\n\n\n\n<p class=\"ls-paragraph\">Wir sind uns der Auswirkungen des Tourismus auf die Umwelt bewusst und setzen daher auf durchdachte \u00f6kologische Ma\u00dfnahmen, die n\u00fctzlich, nachhaltig und mit unserer Region vereinbar sind.<\/p>\n\n\n\n<p class=\"ls-paragraph\">Unser Ziel: unsere nat\u00fcrliche Umgebung zu sch\u00fctzen, unseren \u00f6kologischen Fu\u00dfabdruck zu verringern und unsere Besucher f\u00fcr eine verantwortungsbewusstere Art des Reisens zu sensibilisieren, ohne dabei jemals den Komfort und den Spa\u00df des Urlaubs zu beeintr\u00e4chtigen.<\/p>\n\n\n\n<p class=\"ls-paragraph\"><a href=\"https:\/\/www.lestruffieres.com\/wp-content\/uploads\/2023\/02\/2023-PLAN-CAMPING-LES-TRUFFIERES-FORMAT-A3-HD.pdf\"><\/a><\/p>\n<\/div>\n\n\n\n<div class=\"wp-block-column is-vertically-aligned-center is-layout-flow wp-block-column-is-layout-flow\" style=\"flex-basis:66.66%\">\n<figure class=\"wp-block-gallery has-nested-images columns-1 is-cropped galerie-slider wp-block-gallery-1 is-layout-flex wp-block-gallery-is-layout-flex\">\n<figure class=\"wp-block-image size-full\"><img decoding=\"async\" width=\"1920\" height=\"1280\" data-id=\"7338\" src=\"https:\/\/www.lestruffieres.com\/wp-content\/uploads\/2026\/01\/sourire.jpg\" alt=\"sourire\" class=\"wp-image-7338\" srcset=\"https:\/\/www.lestruffieres.com\/wp-content\/uploads\/2026\/01\/sourire.jpg 1920w, https:\/\/www.lestruffieres.com\/wp-content\/uploads\/2026\/01\/sourire-300x200.jpg 300w, https:\/\/www.lestruffieres.com\/wp-content\/uploads\/2026\/01\/sourire-1024x683.jpg 1024w, https:\/\/www.lestruffieres.com\/wp-content\/uploads\/2026\/01\/sourire-768x512.jpg 768w, https:\/\/www.lestruffieres.com\/wp-content\/uploads\/2026\/01\/sourire-1536x1024.jpg 1536w\" sizes=\"(max-width: 1920px) 100vw, 1920px\" \/><\/figure>\n\n\n\n<figure class=\"wp-block-image size-full\"><img decoding=\"async\" width=\"2560\" height=\"1707\" data-id=\"7346\" src=\"https:\/\/www.lestruffieres.com\/wp-content\/uploads\/2026\/01\/ecologie-scaled.jpeg\" alt=\"woman hand holdging box garbage for recycle\" class=\"wp-image-7346\" srcset=\"https:\/\/www.lestruffieres.com\/wp-content\/uploads\/2026\/01\/ecologie-scaled.jpeg 2560w, https:\/\/www.lestruffieres.com\/wp-content\/uploads\/2026\/01\/ecologie-300x200.jpeg 300w, https:\/\/www.lestruffieres.com\/wp-content\/uploads\/2026\/01\/ecologie-1024x683.jpeg 1024w, https:\/\/www.lestruffieres.com\/wp-content\/uploads\/2026\/01\/ecologie-768x512.jpeg 768w, https:\/\/www.lestruffieres.com\/wp-content\/uploads\/2026\/01\/ecologie-1536x1024.jpeg 1536w, https:\/\/www.lestruffieres.com\/wp-content\/uploads\/2026\/01\/ecologie-2048x1365.jpeg 2048w\" sizes=\"(max-width: 2560px) 100vw, 2560px\" \/><\/figure>\n<\/figure>\n<\/div>\n<\/div>\n\n\r\n    <\/div>\r\n<\/section><section id=\"ls-section-block_d00e14bc85548d6471ea86e5a96dbdcf\" class=\"ls-section  page-three has-background green has-p-t p-t-14 has-p-b p-b-14\" >\r\n        <div class=\"container container--wide\">\r\n        \n\n<div class=\"wp-block-columns is-layout-flex wp-container-core-columns-is-layout-9d6595d7 wp-block-columns-is-layout-flex\">\n<div class=\"wp-block-column is-vertically-aligned-center is-layout-flow wp-block-column-is-layout-flow\" style=\"flex-basis:66.66%\">\n<figure class=\"wp-block-image size-full animated bounceInLeft slow delay-100ms\"><img decoding=\"async\" width=\"2245\" height=\"1587\" src=\"https:\/\/www.lestruffieres.com\/wp-content\/uploads\/2025\/01\/Sans-titre-59.4-x-42-cm.png\" alt=\"Sans titre (59.4 x 42 cm)\" class=\"wp-image-7182\" srcset=\"https:\/\/www.lestruffieres.com\/wp-content\/uploads\/2025\/01\/Sans-titre-59.4-x-42-cm.png 2245w, https:\/\/www.lestruffieres.com\/wp-content\/uploads\/2025\/01\/Sans-titre-59.4-x-42-cm-300x212.png 300w, https:\/\/www.lestruffieres.com\/wp-content\/uploads\/2025\/01\/Sans-titre-59.4-x-42-cm-1024x724.png 1024w, https:\/\/www.lestruffieres.com\/wp-content\/uploads\/2025\/01\/Sans-titre-59.4-x-42-cm-768x543.png 768w, https:\/\/www.lestruffieres.com\/wp-content\/uploads\/2025\/01\/Sans-titre-59.4-x-42-cm-1536x1086.png 1536w, https:\/\/www.lestruffieres.com\/wp-content\/uploads\/2025\/01\/Sans-titre-59.4-x-42-cm-2048x1448.png 2048w\" sizes=\"(max-width: 2245px) 100vw, 2245px\" \/><\/figure>\n<\/div>\n\n\n\n<div class=\"wp-block-column is-vertically-aligned-center is-layout-flow wp-block-column-is-layout-flow\" style=\"flex-basis:33.33%\">\n<h2 class=\"ls__heading wp-block-heading deco\">Ein pers\u00f6nliches Engagement, das \u00fcber den Campingplatz hinausgeht<\/h2>\n\n\n\n<p class=\"ls-paragraph\">Hinter diesem Projekt stehen engagierte Frauen und M\u00e4nner.<\/p>\n\n\n\n<ul class=\"ls-list ls-list-undefined wp-block-list\">\n<li>C\u00e9lina, freiwillige Feuerwehrfrau, stellt gegenseitige Hilfe, Schutz und Gemeinschaftsgeist in den Mittelpunkt ihrer Vision vom Camping.<\/li>\n\n\n\n<li>Brandon, der im Rathaus arbeitet, setzt sich t\u00e4glich f\u00fcr die lokale Entwicklung und die Verbindung zur Region ein.<\/li>\n<\/ul>\n\n\n\n<p class=\"ls-paragraph\">Ihr pers\u00f6nliches Engagement flie\u00dft nat\u00fcrlich in die Gestaltung, Verwaltung und Betreuung des Campingplatzes ein.<\/p>\n<\/div>\n<\/div>\n\n\r\n    <\/div>\r\n<\/section><section id=\"ls-section-block_251d4f4684ac15c9764e81d809986b09\" class=\"ls-section  page-four has-p-t p-t-14 has-p-b p-b-14\" >\r\n        <div class=\"container container--wide\">\r\n        \n\n<div class=\"wp-block-columns is-layout-flex wp-container-core-columns-is-layout-9d6595d7 wp-block-columns-is-layout-flex\">\n<div class=\"wp-block-column is-vertically-aligned-center is-layout-flow wp-block-column-is-layout-flow\" style=\"flex-basis:33.33%\">\n<h2 class=\"ls__heading wp-block-heading deco\">Vor allem ein Lebensprojekt<\/h2>\n\n\n\n<p class=\"ls-paragraph\">Dieser Campingplatz ist mehr als nur ein Tourismusunternehmen, er ist ein Lebensprojekt, das auf starken menschlichen Werten basiert: Respekt, Solidarit\u00e4t, N\u00e4he und Weitergabe.<\/p>\n\n\n\n<p class=\"ls-paragraph\">Wir m\u00f6chten unseren Kunden viel mehr als nur eine Unterkunft bieten: einen authentischen Ort, an dem man sich wohlf\u00fchlt, an dem man einfache Momente teilt und an dem jeder Aufenthalt Sinn macht.<\/p>\n\n\n\n<p class=\"ls-paragraph\">Mit Ihrer Entscheidung f\u00fcr unseren Campingplatz unterst\u00fctzen Sie ein engagiertes, menschliches und zukunftsorientiertes Konzept.<\/p>\n<\/div>\n\n\n\n<div class=\"wp-block-column is-vertically-aligned-center is-layout-flow wp-block-column-is-layout-flow\" style=\"flex-basis:66.66%\">\n<figure class=\"wp-block-image size-full animated fadeInRight delay-100ms slow\"><img decoding=\"async\" width=\"2560\" height=\"1759\" src=\"https:\/\/www.lestruffieres.com\/wp-content\/uploads\/2026\/01\/abeille-scaled.jpeg\" alt=\"Close up of bumblebee collecting pollen and nectar, second bee i\" class=\"wp-image-7350\" srcset=\"https:\/\/www.lestruffieres.com\/wp-content\/uploads\/2026\/01\/abeille-scaled.jpeg 2560w, https:\/\/www.lestruffieres.com\/wp-content\/uploads\/2026\/01\/abeille-300x206.jpeg 300w, https:\/\/www.lestruffieres.com\/wp-content\/uploads\/2026\/01\/abeille-1024x704.jpeg 1024w, https:\/\/www.lestruffieres.com\/wp-content\/uploads\/2026\/01\/abeille-768x528.jpeg 768w, https:\/\/www.lestruffieres.com\/wp-content\/uploads\/2026\/01\/abeille-1536x1056.jpeg 1536w, https:\/\/www.lestruffieres.com\/wp-content\/uploads\/2026\/01\/abeille-2048x1407.jpeg 2048w\" sizes=\"(max-width: 2560px) 100vw, 2560px\" \/><\/figure>\n<\/div>\n<\/div>\n\n\r\n    <\/div>\r\n<\/section><section id=\"ls-section-block_765f205cb6fc222bcfeb394c31ccd2ca\" class=\"ls-section  page-maillage has-m-t m-t-0 has-p-t p-t-10 has-p-b p-b-14\" >\r\n        <div class=\"container container--wide\">\r\n        \n\n<div id=\"ls-heading ls-titre-div-block_2ab7608ab32511f72a49c624d7397c5f\" class=\"ls-titre-div deco aligncenter h2-like\" >\n    Entdecken Sie unsere Animationen, unser Restaurant und den Pool!<\/div>\n\n\n<div id=\"ls-maillage-block_59e36c264a45e04a5a8f5ca7e358f0ab\" class=\"ls-maillage cta-style-normal\" data-rows=\"3\">\r\n    <div class=\"wp-block-columns\"><div class=\"wp-block-column\">\n\n<a href=\"https:\/\/www.lestruffieres.com\/de\/animationen\/\" target=\"\" rel=\"noopener\" class=\"ls-cta__link\">\n\n\t<div class=\"ls-cta__image\"><img decoding=\"async\" src=\"https:\/\/www.lestruffieres.com\/wp-content\/uploads\/2023\/03\/camping-familial-dans-la-drome-provencale.jpg\" alt=\"camping familial drome provencale\"><\/div>\n\t<div class=\"ls-cta__title\">\n\t\tAnimationen\t<\/div>\n\t\n\t\t\n<\/a><\/div><div class=\"wp-block-column\">\n\n<a href=\"https:\/\/www.lestruffieres.com\/de\/restaurant\/\" target=\"\" rel=\"noopener\" class=\"ls-cta__link\">\n\n\t<div class=\"ls-cta__image\"><img decoding=\"async\" src=\"https:\/\/www.lestruffieres.com\/wp-content\/uploads\/2023\/02\/le-restaurant-du-camping-les-truffieres-en-provence.jpg\" alt=\"restaurant camping truffieres\"><\/div>\n\t<div class=\"ls-cta__title\">\n\t\tDie Restauration\t<\/div>\n\t\n\t\t\n<\/a><\/div><div class=\"wp-block-column\">\n\n<a href=\"https:\/\/www.lestruffieres.com\/de\/schwimmbad\/\" target=\"\" rel=\"noopener\" class=\"ls-cta__link\">\n\n\t<div class=\"ls-cta__image\"><img decoding=\"async\" src=\"https:\/\/www.lestruffieres.com\/wp-content\/uploads\/2023\/02\/camping-avec-piscine-et-pataugeoire-dans-la-drome.jpg\" alt=\"camping avec piscine drome\"><\/div>\n\t<div class=\"ls-cta__title\">\n\t\tSwimmingpool\t<\/div>\n\t\n\t\t\n<\/a><\/div><\/div><\/div>\n\r\n    <\/div>\r\n<\/section>","protected":false},"excerpt":{"rendered":"","protected":false},"author":1,"featured_media":7345,"parent":0,"menu_order":0,"comment_status":"closed","ping_status":"closed","template":"","meta":{"_acf_changed":false,"footnotes":""},"sujet":[],"class_list":["post-7482","page","type-page","status-publish","has-post-thumbnail","hentry"],"acf":[],"yoast_head":"<!-- This site is optimized with the Yoast SEO plugin v23.4 - https:\/\/yoast.com\/wordpress\/plugins\/seo\/ -->\n<title>Unsere Verpflichtungen und Werte \u2013 Ein menschlicher und verantwortungsbewusster Campingplatz<\/title>\n<meta name=\"description\" content=\"Entdecken Sie das Engagement des Campingplatzes Les Truffi\u00e8res: \u00f6kologischer Ansatz, Partnerschaft mit einer ESAT (Einrichtung zur Unterst\u00fctzung von Menschen mit Behinderung) und ein Lebensprojekt, das von starken menschlichen Werten getragen wird.\" \/>\n<meta name=\"robots\" content=\"index, follow, max-snippet:-1, max-image-preview:large, max-video-preview:-1\" \/>\n<link rel=\"canonical\" href=\"https:\/\/www.lestruffieres.com\/de\/unsere-verpflichtungen\/\" \/>\n<meta property=\"og:locale\" content=\"de_DE\" \/>\n<meta property=\"og:type\" content=\"article\" \/>\n<meta property=\"og:title\" content=\"Unsere Verpflichtungen und Werte \u2013 Ein menschlicher und verantwortungsbewusster Campingplatz\" \/>\n<meta property=\"og:description\" content=\"Entdecken Sie das Engagement des Campingplatzes Les Truffi\u00e8res: \u00f6kologischer Ansatz, Partnerschaft mit einer ESAT (Einrichtung zur Unterst\u00fctzung von Menschen mit Behinderung) und ein Lebensprojekt, das von starken menschlichen Werten getragen wird.\" \/>\n<meta property=\"og:url\" content=\"https:\/\/www.lestruffieres.com\/de\/unsere-verpflichtungen\/\" \/>\n<meta property=\"og:site_name\" content=\"Camping Les Truffi\u00e8res\" \/>\n<meta property=\"article:modified_time\" content=\"2026-02-18T13:11:34+00:00\" \/>\n<meta property=\"og:image\" content=\"https:\/\/www.lestruffieres.com\/wp-content\/uploads\/2026\/01\/feuille-eco-scaled.jpeg\" \/>\n\t<meta property=\"og:image:width\" content=\"2560\" \/>\n\t<meta property=\"og:image:height\" content=\"1715\" \/>\n\t<meta property=\"og:image:type\" content=\"image\/jpeg\" \/>\n<meta name=\"twitter:card\" content=\"summary_large_image\" \/>\n<meta name=\"twitter:label1\" content=\"Gesch\u00e4tzte Lesezeit\" \/>\n\t<meta name=\"twitter:data1\" content=\"2\u00a0Minuten\" \/>\n<script type=\"application\/ld+json\" class=\"yoast-schema-graph\">{\"@context\":\"https:\/\/schema.org\",\"@graph\":[{\"@type\":\"WebPage\",\"@id\":\"https:\/\/www.lestruffieres.com\/de\/unsere-verpflichtungen\/\",\"url\":\"https:\/\/www.lestruffieres.com\/de\/unsere-verpflichtungen\/\",\"name\":\"Unsere Verpflichtungen und Werte \u2013 Ein menschlicher und verantwortungsbewusster Campingplatz\",\"isPartOf\":{\"@id\":\"https:\/\/www.lestruffieres.com\/#website\"},\"primaryImageOfPage\":{\"@id\":\"https:\/\/www.lestruffieres.com\/de\/unsere-verpflichtungen\/#primaryimage\"},\"image\":{\"@id\":\"https:\/\/www.lestruffieres.com\/de\/unsere-verpflichtungen\/#primaryimage\"},\"thumbnailUrl\":\"https:\/\/www.lestruffieres.com\/wp-content\/uploads\/2026\/01\/feuille-eco-scaled.jpeg\",\"datePublished\":\"2026-01-20T13:46:43+00:00\",\"dateModified\":\"2026-02-18T13:11:34+00:00\",\"description\":\"Entdecken Sie das Engagement des Campingplatzes Les Truffi\u00e8res: \u00f6kologischer Ansatz, Partnerschaft mit einer ESAT (Einrichtung zur Unterst\u00fctzung von Menschen mit Behinderung) und ein Lebensprojekt, das von starken menschlichen Werten getragen wird.\",\"breadcrumb\":{\"@id\":\"https:\/\/www.lestruffieres.com\/de\/unsere-verpflichtungen\/#breadcrumb\"},\"inLanguage\":\"de\",\"potentialAction\":[{\"@type\":\"ReadAction\",\"target\":[\"https:\/\/www.lestruffieres.com\/de\/unsere-verpflichtungen\/\"]}]},{\"@type\":\"ImageObject\",\"inLanguage\":\"de\",\"@id\":\"https:\/\/www.lestruffieres.com\/de\/unsere-verpflichtungen\/#primaryimage\",\"url\":\"https:\/\/www.lestruffieres.com\/wp-content\/uploads\/2026\/01\/feuille-eco-scaled.jpeg\",\"contentUrl\":\"https:\/\/www.lestruffieres.com\/wp-content\/uploads\/2026\/01\/feuille-eco-scaled.jpeg\",\"width\":2560,\"height\":1715,\"caption\":\"Close up Young plant growing with moss over green environment\"},{\"@type\":\"BreadcrumbList\",\"@id\":\"https:\/\/www.lestruffieres.com\/de\/unsere-verpflichtungen\/#breadcrumb\",\"itemListElement\":[{\"@type\":\"ListItem\",\"position\":1,\"name\":\"Camping Dr\u00f4me\",\"item\":\"https:\/\/www.lestruffieres.com\/de\/\"},{\"@type\":\"ListItem\",\"position\":2,\"name\":\"Unsere Verpflichtungen\"}]},{\"@type\":\"WebSite\",\"@id\":\"https:\/\/www.lestruffieres.com\/#website\",\"url\":\"https:\/\/www.lestruffieres.com\/\",\"name\":\"Camping Les Truffi\u00e8res\",\"description\":\"\",\"publisher\":{\"@id\":\"https:\/\/www.lestruffieres.com\/#organization\"},\"potentialAction\":[{\"@type\":\"SearchAction\",\"target\":{\"@type\":\"EntryPoint\",\"urlTemplate\":\"https:\/\/www.lestruffieres.com\/?s={search_term_string}\"},\"query-input\":{\"@type\":\"PropertyValueSpecification\",\"valueRequired\":true,\"valueName\":\"search_term_string\"}}],\"inLanguage\":\"de\"},{\"@type\":\"Organization\",\"@id\":\"https:\/\/www.lestruffieres.com\/#organization\",\"name\":\"Camping Les Truffi\u00e8res\",\"url\":\"https:\/\/www.lestruffieres.com\/\",\"logo\":{\"@type\":\"ImageObject\",\"inLanguage\":\"de\",\"@id\":\"https:\/\/www.lestruffieres.com\/#\/schema\/logo\/image\/\",\"url\":\"https:\/\/www.lestruffieres.com\/wp-content\/uploads\/2023\/02\/camping-les-truffieres-logo-entete.png\",\"contentUrl\":\"https:\/\/www.lestruffieres.com\/wp-content\/uploads\/2023\/02\/camping-les-truffieres-logo-entete.png\",\"width\":742,\"height\":1020,\"caption\":\"Camping Les Truffi\u00e8res\"},\"image\":{\"@id\":\"https:\/\/www.lestruffieres.com\/#\/schema\/logo\/image\/\"}}]}<\/script>\n<!-- \/ Yoast SEO plugin. -->","yoast_head_json":{"title":"Unsere Verpflichtungen und Werte \u2013 Ein menschlicher und verantwortungsbewusster Campingplatz","description":"Entdecken Sie das Engagement des Campingplatzes Les Truffi\u00e8res: \u00f6kologischer Ansatz, Partnerschaft mit einer ESAT (Einrichtung zur Unterst\u00fctzung von Menschen mit Behinderung) und ein Lebensprojekt, das von starken menschlichen Werten getragen wird.","robots":{"index":"index","follow":"follow","max-snippet":"max-snippet:-1","max-image-preview":"max-image-preview:large","max-video-preview":"max-video-preview:-1"},"canonical":"https:\/\/www.lestruffieres.com\/de\/unsere-verpflichtungen\/","og_locale":"de_DE","og_type":"article","og_title":"Unsere Verpflichtungen und Werte \u2013 Ein menschlicher und verantwortungsbewusster Campingplatz","og_description":"Entdecken Sie das Engagement des Campingplatzes Les Truffi\u00e8res: \u00f6kologischer Ansatz, Partnerschaft mit einer ESAT (Einrichtung zur Unterst\u00fctzung von Menschen mit Behinderung) und ein Lebensprojekt, das von starken menschlichen Werten getragen wird.","og_url":"https:\/\/www.lestruffieres.com\/de\/unsere-verpflichtungen\/","og_site_name":"Camping Les Truffi\u00e8res","article_modified_time":"2026-02-18T13:11:34+00:00","og_image":[{"width":2560,"height":1715,"url":"https:\/\/www.lestruffieres.com\/wp-content\/uploads\/2026\/01\/feuille-eco-scaled.jpeg","type":"image\/jpeg"}],"twitter_card":"summary_large_image","twitter_misc":{"Gesch\u00e4tzte Lesezeit":"2\u00a0Minuten"},"schema":{"@context":"https:\/\/schema.org","@graph":[{"@type":"WebPage","@id":"https:\/\/www.lestruffieres.com\/de\/unsere-verpflichtungen\/","url":"https:\/\/www.lestruffieres.com\/de\/unsere-verpflichtungen\/","name":"Unsere Verpflichtungen und Werte \u2013 Ein menschlicher und verantwortungsbewusster Campingplatz","isPartOf":{"@id":"https:\/\/www.lestruffieres.com\/#website"},"primaryImageOfPage":{"@id":"https:\/\/www.lestruffieres.com\/de\/unsere-verpflichtungen\/#primaryimage"},"image":{"@id":"https:\/\/www.lestruffieres.com\/de\/unsere-verpflichtungen\/#primaryimage"},"thumbnailUrl":"https:\/\/www.lestruffieres.com\/wp-content\/uploads\/2026\/01\/feuille-eco-scaled.jpeg","datePublished":"2026-01-20T13:46:43+00:00","dateModified":"2026-02-18T13:11:34+00:00","description":"Entdecken Sie das Engagement des Campingplatzes Les Truffi\u00e8res: \u00f6kologischer Ansatz, Partnerschaft mit einer ESAT (Einrichtung zur Unterst\u00fctzung von Menschen mit Behinderung) und ein Lebensprojekt, das von starken menschlichen Werten getragen wird.","breadcrumb":{"@id":"https:\/\/www.lestruffieres.com\/de\/unsere-verpflichtungen\/#breadcrumb"},"inLanguage":"de","potentialAction":[{"@type":"ReadAction","target":["https:\/\/www.lestruffieres.com\/de\/unsere-verpflichtungen\/"]}]},{"@type":"ImageObject","inLanguage":"de","@id":"https:\/\/www.lestruffieres.com\/de\/unsere-verpflichtungen\/#primaryimage","url":"https:\/\/www.lestruffieres.com\/wp-content\/uploads\/2026\/01\/feuille-eco-scaled.jpeg","contentUrl":"https:\/\/www.lestruffieres.com\/wp-content\/uploads\/2026\/01\/feuille-eco-scaled.jpeg","width":2560,"height":1715,"caption":"Close up Young plant growing with moss over green environment"},{"@type":"BreadcrumbList","@id":"https:\/\/www.lestruffieres.com\/de\/unsere-verpflichtungen\/#breadcrumb","itemListElement":[{"@type":"ListItem","position":1,"name":"Camping Dr\u00f4me","item":"https:\/\/www.lestruffieres.com\/de\/"},{"@type":"ListItem","position":2,"name":"Unsere Verpflichtungen"}]},{"@type":"WebSite","@id":"https:\/\/www.lestruffieres.com\/#website","url":"https:\/\/www.lestruffieres.com\/","name":"Camping Les Truffi\u00e8res","description":"","publisher":{"@id":"https:\/\/www.lestruffieres.com\/#organization"},"potentialAction":[{"@type":"SearchAction","target":{"@type":"EntryPoint","urlTemplate":"https:\/\/www.lestruffieres.com\/?s={search_term_string}"},"query-input":{"@type":"PropertyValueSpecification","valueRequired":true,"valueName":"search_term_string"}}],"inLanguage":"de"},{"@type":"Organization","@id":"https:\/\/www.lestruffieres.com\/#organization","name":"Camping Les Truffi\u00e8res","url":"https:\/\/www.lestruffieres.com\/","logo":{"@type":"ImageObject","inLanguage":"de","@id":"https:\/\/www.lestruffieres.com\/#\/schema\/logo\/image\/","url":"https:\/\/www.lestruffieres.com\/wp-content\/uploads\/2023\/02\/camping-les-truffieres-logo-entete.png","contentUrl":"https:\/\/www.lestruffieres.com\/wp-content\/uploads\/2023\/02\/camping-les-truffieres-logo-entete.png","width":742,"height":1020,"caption":"Camping Les Truffi\u00e8res"},"image":{"@id":"https:\/\/www.lestruffieres.com\/#\/schema\/logo\/image\/"}}]}},"_links":{"self":[{"href":"https:\/\/www.lestruffieres.com\/de\/wp-json\/wp\/v2\/pages\/7482","targetHints":{"allow":["GET"]}}],"collection":[{"href":"https:\/\/www.lestruffieres.com\/de\/wp-json\/wp\/v2\/pages"}],"about":[{"href":"https:\/\/www.lestruffieres.com\/de\/wp-json\/wp\/v2\/types\/page"}],"author":[{"embeddable":true,"href":"https:\/\/www.lestruffieres.com\/de\/wp-json\/wp\/v2\/users\/1"}],"replies":[{"embeddable":true,"href":"https:\/\/www.lestruffieres.com\/de\/wp-json\/wp\/v2\/comments?post=7482"}],"version-history":[{"count":2,"href":"https:\/\/www.lestruffieres.com\/de\/wp-json\/wp\/v2\/pages\/7482\/revisions"}],"predecessor-version":[{"id":7489,"href":"https:\/\/www.lestruffieres.com\/de\/wp-json\/wp\/v2\/pages\/7482\/revisions\/7489"}],"wp:featuredmedia":[{"embeddable":true,"href":"https:\/\/www.lestruffieres.com\/de\/wp-json\/wp\/v2\/media\/7345"}],"wp:attachment":[{"href":"https:\/\/www.lestruffieres.com\/de\/wp-json\/wp\/v2\/media?parent=7482"}],"wp:term":[{"taxonomy":"sujet","embeddable":true,"href":"https:\/\/www.lestruffieres.com\/de\/wp-json\/wp\/v2\/sujet?post=7482"}],"curies":[{"name":"wp","href":"https:\/\/api.w.org\/{rel}","templated":true}]}}