{"id":3011,"date":"2023-02-06T09:13:23","date_gmt":"2023-02-06T08:13:23","guid":{"rendered":"https:\/\/www.lestruffieres.com\/urlaubsreisen-camping-la-garde-adhemar\/"},"modified":"2023-03-28T09:29:19","modified_gmt":"2023-03-28T07:29:19","slug":"urlaubsreisen-camping-la-garde-adhemar","status":"publish","type":"page","link":"https:\/\/www.lestruffieres.com\/de\/urlaubsreisen-camping-la-garde-adhemar\/","title":{"rendered":"Dorf La Garde Adh\u00e9mar"},"content":{"rendered":"<section id=\"ls-section-block_bf219ab52fb94938a73600396bdb7e53\" class=\"ls-section  page-chapeau\" >\r\n        <div class=\"container container--wide\">\r\n        \n\n<h1 class=\"ls__heading has-text-align-center wp-block-heading\">Dorf La Garde Adh\u00e9mar<\/h1>\n\n\n\n<p class=\"ls-paragraph has-text-align-center\">10 Minuten von Grignan entfernt blenden die wei\u00dfen Steine von La Garde-Adh\u00e9mar mit der Sonne der provenzalischen Dr\u00f4me. Mit herrlichen Spots auf das Rhonetal und die Berge des Vivarais wird Sie dieses hochgelegene Dorf begeistern. Stark durch seine Geschichte, k\u00f6nnen Sie eine mittelalterliche Architektur bewundern, die erhalten geblieben ist. <\/p>\n\n\r\n    <\/div>\r\n<\/section><section id=\"ls-section-block_fed415450f76c984632322d94a276479\" class=\"ls-section  page-one deco-fleurs has-p-t p-t-0\" >\r\n        <div class=\"container container--wide\">\r\n        \n\n<div class=\"wp-block-columns is-layout-flex wp-container-core-columns-is-layout-9d6595d7 wp-block-columns-is-layout-flex\">\n<div class=\"wp-block-column left is-layout-flow wp-block-column-is-layout-flow\" style=\"flex-basis:66.66%\">\n<figure class=\"wp-block-image size-full animated fadeIn slow\"><img decoding=\"async\" width=\"864\" height=\"576\" src=\"https:\/\/www.lestruffieres.com\/wp-content\/uploads\/2023\/03\/ecouvrir-le-village-de-la-garde-adhemar.jpg\" alt=\"das dorf la garde adhemar entdecken\" class=\"wp-image-1814\" srcset=\"https:\/\/www.lestruffieres.com\/wp-content\/uploads\/2023\/03\/ecouvrir-le-village-de-la-garde-adhemar.jpg 864w, https:\/\/www.lestruffieres.com\/wp-content\/uploads\/2023\/03\/ecouvrir-le-village-de-la-garde-adhemar-300x200.jpg 300w, https:\/\/www.lestruffieres.com\/wp-content\/uploads\/2023\/03\/ecouvrir-le-village-de-la-garde-adhemar-768x512.jpg 768w\" sizes=\"(max-width: 864px) 100vw, 864px\" \/><\/figure>\n\n\n\n<div id=\"ls-heading ls-titre-div-block_91f8d7d827aefac14ed8c621575fb745\" class=\"ls-titre-div quotes h2-like\" >\n    <strong>Auf dem Campingplatz Les Truffi\u00e8res<\/strong> inmitten der Dr\u00f4me Proven\u00e7ale tun C\u00e9lina und Brendon alles, um Ihren Aufenthalt zu einem Top-Erlebnis zu machen! <\/div>\n<\/div>\n\n\n\n<div class=\"wp-block-column right is-layout-flow wp-block-column-is-layout-flow\" style=\"flex-basis:33.33%\">\n<h2 class=\"ls__heading deco wp-block-heading\">Entdecken Sie das charmante Dorf La Garde Adh\u00e9mar<\/h2>\n\n\n\n<p class=\"ls-paragraph\">Das <a href=\"https:\/\/la-garde-adhemar.com\/fr\/\" target=\"_blank\" rel=\"noreferrer noopener nofollow\">charmante Dorf La Garde-Adh\u00e9mar<\/a> liegt nur 11 Kilometer vom <a href=\"https:\/\/www.lestruffieres.com\/de\/\">Campingplatz Les Truffi\u00e8res<\/a> entfernt, also etwa 20 Minuten mit dem Auto. Ein Ort, der seinen Charme und sein Flair bewahrt hat.<\/p>\n\n\n\n<p class=\"ls-paragraph\">Mitten in der Natur, zwischen W\u00e4ldern und Weinbergen, ist dies ein fabelhafter Ort, um neue <strong>Energie zu tanken und sich zu entspannen.<\/strong> Kleine Oase der Ruhe, die f\u00fcr ihr reiches Unterhaltungsangebot und ihre Architektur bekannt ist. Wandern, Radfahren, Mountainbiking oder der ber\u00fchmte p\u00e4dagogische Bauernhof &#8211; es gibt zahlreiche Aktivit\u00e4ten, die Sie begeistern werden. Das Dorf La Garde-Adh\u00e9mar steht auch f\u00fcr eine starke Geschichte und ein <strong>reiches Erbe an denkmalgesch\u00fctzten historischen Geb\u00e4uden.<\/strong> Die wundersch\u00f6ne Kirche Saint Michel, die im 12. Jahrhundert erbaut wurde, ist ein Juwel der provenzalischen Romanik. <\/p>\n\n\n\n<p class=\"ls-paragraph\">Und: Warum nicht einen Zwischenstopp einlegen, nachdem Sie am Freitag auf den Markt in Pierrelatte gegangen sind? Oder auf dem R\u00fcckweg von Saint-Paul-Trois-Ch\u00e2teaux einen kleinen Umweg machen ? Sie k\u00f6nnen auch leicht einen Tag einplanen, um Zeit zu haben, um die Wanderungen zu genie\u00dfen, aber auch um den Sonnenuntergang \u00fcber dem Rhonetal zu beobachten.<\/p>\n<\/div>\n<\/div>\n\n\r\n    <\/div>\r\n<\/section><section id=\"ls-section-block_00ace2e25f7861801cacc9609c61b845\" class=\"ls-section  page-two has-background has-color-3-background-color has-p-t p-t-14 has-p-b p-b-14\" >\r\n        <div class=\"container container--wide\">\r\n        \n\n<div class=\"wp-block-columns is-layout-flex wp-container-core-columns-is-layout-9d6595d7 wp-block-columns-is-layout-flex\">\n<div class=\"wp-block-column is-vertically-aligned-center is-layout-flow wp-block-column-is-layout-flow\" style=\"flex-basis:33.33%\">\n<h2 class=\"ls__heading deco wp-block-heading\">Sehensw\u00fcrdigkeiten in La Garde Adh\u00e9mar<\/h2>\n\n\n\n<h3 class=\"ls-heading wp-block-heading\">Die Bemerkenswerten G\u00e4rten<\/h3>\n\n\n\n<p class=\"ls-paragraph\">Besuchen Sie auch die erhabenen &#8222;<a href=\"https:\/\/la-garde-adhemar.com\/fr\/rb\/1003368\/jardin-des-herbes\" target=\"_blank\" rel=\"noreferrer noopener nofollow\">Jardins Remarquables<\/a>&#8222;, ein G\u00fctesiegel des Landwirtschaftsministeriums. Der Kr\u00e4utergarten ist ein echtes Muss in La Garde-Adh\u00e9mar und verspricht Ihnen einen <strong>Moment der Entdeckung rund um Hunderte von Heilpflanzenarten.<\/strong> An manchen Sommerabenden findet im Garten eine verg\u00e4ngliche Bar statt, in der Sie es genie\u00dfen k\u00f6nnen, sich mit Freunden oder der Familie zu entspannen.<\/p>\n<\/div>\n\n\n\n<div class=\"wp-block-column is-vertically-aligned-center is-layout-flow wp-block-column-is-layout-flow\" style=\"flex-basis:66.66%\">\n<figure class=\"wp-block-gallery has-nested-images columns-1 is-cropped galerie-slider wp-block-gallery-1 is-layout-flex wp-block-gallery-is-layout-flex\">\n<figure class=\"wp-block-image size-full\"><img decoding=\"async\" width=\"864\" height=\"576\" data-id=\"1811\" src=\"https:\/\/www.lestruffieres.com\/wp-content\/uploads\/2023\/03\/jardins-des-herbes-garde-adhemar.jpg\" alt=\"Kr&#xE4;uterg&#xE4;rten Wache Adhemar\" class=\"wp-image-1811\" srcset=\"https:\/\/www.lestruffieres.com\/wp-content\/uploads\/2023\/03\/jardins-des-herbes-garde-adhemar.jpg 864w, https:\/\/www.lestruffieres.com\/wp-content\/uploads\/2023\/03\/jardins-des-herbes-garde-adhemar-300x200.jpg 300w, https:\/\/www.lestruffieres.com\/wp-content\/uploads\/2023\/03\/jardins-des-herbes-garde-adhemar-768x512.jpg 768w\" sizes=\"(max-width: 864px) 100vw, 864px\" \/><\/figure>\n<\/figure>\n<\/div>\n<\/div>\n\n\r\n    <\/div>\r\n<\/section><section id=\"ls-section-block_6f45be805ab3a228a7e6b8daabfa1901\" class=\"ls-section  page-three has-background green has-p-t p-t-14 has-p-b p-b-14\" >\r\n        <div class=\"container container--wide\">\r\n        \n\n<div class=\"wp-block-columns is-layout-flex wp-container-core-columns-is-layout-9d6595d7 wp-block-columns-is-layout-flex\">\n<div class=\"wp-block-column is-vertically-aligned-center is-layout-flow wp-block-column-is-layout-flow\" style=\"flex-basis:66.66%\">\n<figure class=\"wp-block-image size-full animated bounceInLeft slow delay-100ms\"><img decoding=\"async\" width=\"864\" height=\"576\" src=\"https:\/\/www.lestruffieres.com\/wp-content\/uploads\/2023\/03\/visite-en-famille-du-village-garde-adhemar.jpg\" alt=\"Familienbesuch des Dorfes garde adhemar\" class=\"wp-image-1826\" srcset=\"https:\/\/www.lestruffieres.com\/wp-content\/uploads\/2023\/03\/visite-en-famille-du-village-garde-adhemar.jpg 864w, https:\/\/www.lestruffieres.com\/wp-content\/uploads\/2023\/03\/visite-en-famille-du-village-garde-adhemar-300x200.jpg 300w, https:\/\/www.lestruffieres.com\/wp-content\/uploads\/2023\/03\/visite-en-famille-du-village-garde-adhemar-768x512.jpg 768w\" sizes=\"(max-width: 864px) 100vw, 864px\" \/><\/figure>\n<\/div>\n\n\n\n<div class=\"wp-block-column is-vertically-aligned-top is-layout-flow wp-block-column-is-layout-flow\" style=\"flex-basis:33.33%\">\n<h2 class=\"ls__heading deco wp-block-heading\">Das Tal der Nymphen<\/h2>\n\n\n\n<p class=\"ls-paragraph\">In dieser zauberhaften Ecke sind die Ruhe und die Pracht unvergesslich. <\/p>\n\n\n\n<p class=\"ls-paragraph\">Mitten auf dem Land, im Schatten majest\u00e4tischer Eichen, erwartet Sie im Val des Nymphes das sanfte Pl\u00e4tschern einer Quelle, die aus dem Stein sprudelt. Eine <strong>kleine Oase des Paradieses<\/strong>, die Sie sich nicht entgehen lassen sollten.<\/p>\n\n\n\n<p class=\"ls-paragraph\">Das Tal der Nymphen war urspr\u00fcnglich eine keltische Andachtsst\u00e4tte f\u00fcr die G\u00f6ttinnen der Fl\u00fcsse und des Wohlstands, die Nymphen. Der Ort wurde sp\u00e4ter durch den Bau eines Priorats christianisiert. Heute ist nur noch eine h\u00fcbsche <strong>romanische Kapelle aus dem 12. Jahrhundert<\/strong> erhalten, die in den 1980er Jahren restauriert wurde. Auf der Website finden Sie drei funktionierende Teiche. <\/p>\n\n\n\n<p class=\"ls-paragraph\">Sie werden verstanden haben, dass La Garde-Adh\u00e9mar in Ihre Besuchsplanung aufgenommen werden sollte. <\/p>\n\n\n\n<p class=\"ls-paragraph addReadMore showlesscontent\">Das Fremdenverkehrsb\u00fcro des Dorfes bietet Ihnen gef\u00fchrte Besichtigungen an, damit Sie nichts verpassen<br\/><br\/>Themenf\u00fchrungen :<br\/><br\/>&#8211; <strong>Abteiund<\/strong> Kirchen: Kirche Saint-Michel, Chapelle des P\u00e9nitents-Blancs, Chapelle Notre-Dame (site du Val des Nymphes)<br\/>&#8211; <strong>Burgen<\/strong> und Stadtmauern: Die Stadtmauern, die feudale Burg<br\/>&#8211; Ungew\u00f6hnlich: die St\u00e4tte des Val des Nymphes (Verehrung von Wassergottheiten und Mutterg\u00f6ttinnen)<br\/>&#8211; Panoramen: Der <strong>Blick auf das Rhonetal<\/strong> und die Berge des Vivarais<br\/>&#8211; Hier finden Sie alle Club-Resorts, die mit den folgenden Themen in Verbindung stehen: Abteien und Kirchen Schl\u00f6sser und Stadtmauern Ungew\u00f6hnlich Panoramen<\/p>\n<\/div>\n<\/div>\n\n\r\n    <\/div>\r\n<\/section><section id=\"ls-section-block_f5fe588fe625ff5161c2e8ce50d7a8ed\" class=\"ls-section  page-maillage has-p-t p-t-14 has-p-b p-b-14\" >\r\n        <div class=\"container container--wide\">\r\n        \n\n<div id=\"ls-heading ls-titre-div-block_83510ab6eac11c08665ac6071a00fb8a\" class=\"ls-titre-div deco aligncenter h2-like\" >\n    Entdecken Sie die Umgebung unseres Campingplatzes!<\/div>\n\n\n<div id=\"ls-maillage-block_5f80837fea06b64bbc5d8c23c3ce5710\" class=\"ls-maillage cta-style-normal\" data-rows=\"3\">\r\n    <div class=\"wp-block-columns\"><div class=\"wp-block-column\">\n\n<a href=\"https:\/\/www.lestruffieres.com\/de\/die-region\/\" target=\"\" rel=\"noopener\" class=\"ls-cta__link\">\n\n\t<div class=\"ls-cta__image\"><img decoding=\"async\" src=\"https:\/\/www.lestruffieres.com\/wp-content\/uploads\/2023\/03\/champ-de-lavande-drome-provencale.jpg\" alt=\"champ de lavande drome provencale\"><\/div>\n\t<div class=\"ls-cta__title\">\n\t\tRegion\t<\/div>\n\t\n\t\t\n<\/a><\/div><div class=\"wp-block-column\">\n\n<a href=\"https:\/\/www.lestruffieres.com\/de\/urlaubsreisen-camping-chamaret\/\" target=\"\" rel=\"noopener\" class=\"ls-cta__link\">\n\n\t<div class=\"ls-cta__image\"><img decoding=\"async\" src=\"https:\/\/www.lestruffieres.com\/wp-content\/uploads\/2023\/03\/village-chamaret-dans-la-drome.jpg\" alt=\"village chamaret dans la drome\"><\/div>\n\t<div class=\"ls-cta__title\">\n\t\tDorf Chamaret\t<\/div>\n\t\n\t\t\n<\/a><\/div><div class=\"wp-block-column\">\n\n<a href=\"https:\/\/www.lestruffieres.com\/de\/ferien-reisen-camping-grignan\/\" target=\"\" rel=\"noopener\" class=\"ls-cta__link\">\n\n\t<div class=\"ls-cta__image\"><img decoding=\"async\" src=\"https:\/\/www.lestruffieres.com\/wp-content\/uploads\/2023\/03\/camping-les-truffieres-a-grignan-768x298.webp\" alt=\"camping a grignan\"><\/div>\n\t<div class=\"ls-cta__title\">\n\t\tDorf Grignan\t<\/div>\n\t\n\t\t\n<\/a><\/div><\/div><\/div>\n\r\n    <\/div>\r\n<\/section>","protected":false},"excerpt":{"rendered":"","protected":false},"author":1,"featured_media":2715,"parent":0,"menu_order":0,"comment_status":"closed","ping_status":"closed","template":"","meta":{"_acf_changed":false,"footnotes":""},"sujet":[],"class_list":["post-3011","page","type-page","status-publish","has-post-thumbnail","hentry"],"acf":[],"yoast_head":"<!-- This site is optimized with the Yoast SEO plugin v23.4 - https:\/\/yoast.com\/wordpress\/plugins\/seo\/ -->\n<title>Ferien und Aufenthalte in La Garde Adh\u00e9mar in der Dr\u00f4me Provencale<\/title>\n<meta name=\"description\" content=\"Entdecken Sie das charmante Dorf La Garde Adh\u00e9mar. Als idealer Ort f\u00fcr Ihren Urlaub werden Sie den Charme der Dr\u00f4me und der Provence entdecken.\" \/>\n<meta name=\"robots\" content=\"index, follow, max-snippet:-1, max-image-preview:large, max-video-preview:-1\" \/>\n<link rel=\"canonical\" href=\"https:\/\/www.lestruffieres.com\/de\/urlaubsreisen-camping-la-garde-adhemar\/\" \/>\n<meta property=\"og:locale\" content=\"de_DE\" \/>\n<meta property=\"og:type\" content=\"article\" \/>\n<meta property=\"og:title\" content=\"Ferien und Aufenthalte in La Garde Adh\u00e9mar in der Dr\u00f4me Provencale\" \/>\n<meta property=\"og:description\" content=\"Entdecken Sie das charmante Dorf La Garde Adh\u00e9mar. Als idealer Ort f\u00fcr Ihren Urlaub werden Sie den Charme der Dr\u00f4me und der Provence entdecken.\" \/>\n<meta property=\"og:url\" content=\"https:\/\/www.lestruffieres.com\/de\/urlaubsreisen-camping-la-garde-adhemar\/\" \/>\n<meta property=\"og:site_name\" content=\"Camping Les Truffi\u00e8res\" \/>\n<meta property=\"article:modified_time\" content=\"2023-03-28T07:29:19+00:00\" \/>\n<meta property=\"og:image\" content=\"https:\/\/www.lestruffieres.com\/wp-content\/uploads\/2023\/03\/decouvrir-le-village-de-la-garde-adhemar.webp\" \/>\n\t<meta property=\"og:image:width\" content=\"1920\" \/>\n\t<meta property=\"og:image:height\" content=\"746\" \/>\n\t<meta property=\"og:image:type\" content=\"image\/webp\" \/>\n<meta name=\"twitter:card\" content=\"summary_large_image\" \/>\n<meta name=\"twitter:label1\" content=\"Gesch\u00e4tzte Lesezeit\" \/>\n\t<meta name=\"twitter:data1\" content=\"4\u00a0Minuten\" \/>\n<script type=\"application\/ld+json\" class=\"yoast-schema-graph\">{\"@context\":\"https:\/\/schema.org\",\"@graph\":[{\"@type\":\"WebPage\",\"@id\":\"https:\/\/www.lestruffieres.com\/de\/urlaubsreisen-camping-la-garde-adhemar\/\",\"url\":\"https:\/\/www.lestruffieres.com\/de\/urlaubsreisen-camping-la-garde-adhemar\/\",\"name\":\"Ferien und Aufenthalte in La Garde Adh\u00e9mar in der Dr\u00f4me Provencale\",\"isPartOf\":{\"@id\":\"https:\/\/www.lestruffieres.com\/#website\"},\"primaryImageOfPage\":{\"@id\":\"https:\/\/www.lestruffieres.com\/de\/urlaubsreisen-camping-la-garde-adhemar\/#primaryimage\"},\"image\":{\"@id\":\"https:\/\/www.lestruffieres.com\/de\/urlaubsreisen-camping-la-garde-adhemar\/#primaryimage\"},\"thumbnailUrl\":\"https:\/\/www.lestruffieres.com\/wp-content\/uploads\/2023\/03\/decouvrir-le-village-de-la-garde-adhemar.webp\",\"datePublished\":\"2023-02-06T08:13:23+00:00\",\"dateModified\":\"2023-03-28T07:29:19+00:00\",\"description\":\"Entdecken Sie das charmante Dorf La Garde Adh\u00e9mar. Als idealer Ort f\u00fcr Ihren Urlaub werden Sie den Charme der Dr\u00f4me und der Provence entdecken.\",\"breadcrumb\":{\"@id\":\"https:\/\/www.lestruffieres.com\/de\/urlaubsreisen-camping-la-garde-adhemar\/#breadcrumb\"},\"inLanguage\":\"de\",\"potentialAction\":[{\"@type\":\"ReadAction\",\"target\":[\"https:\/\/www.lestruffieres.com\/de\/urlaubsreisen-camping-la-garde-adhemar\/\"]}]},{\"@type\":\"ImageObject\",\"inLanguage\":\"de\",\"@id\":\"https:\/\/www.lestruffieres.com\/de\/urlaubsreisen-camping-la-garde-adhemar\/#primaryimage\",\"url\":\"https:\/\/www.lestruffieres.com\/wp-content\/uploads\/2023\/03\/decouvrir-le-village-de-la-garde-adhemar.webp\",\"contentUrl\":\"https:\/\/www.lestruffieres.com\/wp-content\/uploads\/2023\/03\/decouvrir-le-village-de-la-garde-adhemar.webp\",\"width\":1920,\"height\":746,\"caption\":\"visiter la garde ahemar\"},{\"@type\":\"BreadcrumbList\",\"@id\":\"https:\/\/www.lestruffieres.com\/de\/urlaubsreisen-camping-la-garde-adhemar\/#breadcrumb\",\"itemListElement\":[{\"@type\":\"ListItem\",\"position\":1,\"name\":\"Camping Dr\u00f4me\",\"item\":\"https:\/\/www.lestruffieres.com\/de\/\"},{\"@type\":\"ListItem\",\"position\":2,\"name\":\"Tourismus in La Garde Adh\u00e9mar\"}]},{\"@type\":\"WebSite\",\"@id\":\"https:\/\/www.lestruffieres.com\/#website\",\"url\":\"https:\/\/www.lestruffieres.com\/\",\"name\":\"Camping Les Truffi\u00e8res\",\"description\":\"\",\"publisher\":{\"@id\":\"https:\/\/www.lestruffieres.com\/#organization\"},\"potentialAction\":[{\"@type\":\"SearchAction\",\"target\":{\"@type\":\"EntryPoint\",\"urlTemplate\":\"https:\/\/www.lestruffieres.com\/?s={search_term_string}\"},\"query-input\":{\"@type\":\"PropertyValueSpecification\",\"valueRequired\":true,\"valueName\":\"search_term_string\"}}],\"inLanguage\":\"de\"},{\"@type\":\"Organization\",\"@id\":\"https:\/\/www.lestruffieres.com\/#organization\",\"name\":\"Camping Les Truffi\u00e8res\",\"url\":\"https:\/\/www.lestruffieres.com\/\",\"logo\":{\"@type\":\"ImageObject\",\"inLanguage\":\"de\",\"@id\":\"https:\/\/www.lestruffieres.com\/#\/schema\/logo\/image\/\",\"url\":\"https:\/\/www.lestruffieres.com\/wp-content\/uploads\/2023\/02\/camping-les-truffieres-logo-entete.png\",\"contentUrl\":\"https:\/\/www.lestruffieres.com\/wp-content\/uploads\/2023\/02\/camping-les-truffieres-logo-entete.png\",\"width\":742,\"height\":1020,\"caption\":\"Camping Les Truffi\u00e8res\"},\"image\":{\"@id\":\"https:\/\/www.lestruffieres.com\/#\/schema\/logo\/image\/\"}}]}<\/script>\n<!-- \/ Yoast SEO plugin. -->","yoast_head_json":{"title":"Ferien und Aufenthalte in La Garde Adh\u00e9mar in der Dr\u00f4me Provencale","description":"Entdecken Sie das charmante Dorf La Garde Adh\u00e9mar. Als idealer Ort f\u00fcr Ihren Urlaub werden Sie den Charme der Dr\u00f4me und der Provence entdecken.","robots":{"index":"index","follow":"follow","max-snippet":"max-snippet:-1","max-image-preview":"max-image-preview:large","max-video-preview":"max-video-preview:-1"},"canonical":"https:\/\/www.lestruffieres.com\/de\/urlaubsreisen-camping-la-garde-adhemar\/","og_locale":"de_DE","og_type":"article","og_title":"Ferien und Aufenthalte in La Garde Adh\u00e9mar in der Dr\u00f4me Provencale","og_description":"Entdecken Sie das charmante Dorf La Garde Adh\u00e9mar. Als idealer Ort f\u00fcr Ihren Urlaub werden Sie den Charme der Dr\u00f4me und der Provence entdecken.","og_url":"https:\/\/www.lestruffieres.com\/de\/urlaubsreisen-camping-la-garde-adhemar\/","og_site_name":"Camping Les Truffi\u00e8res","article_modified_time":"2023-03-28T07:29:19+00:00","og_image":[{"width":1920,"height":746,"url":"https:\/\/www.lestruffieres.com\/wp-content\/uploads\/2023\/03\/decouvrir-le-village-de-la-garde-adhemar.webp","type":"image\/webp"}],"twitter_card":"summary_large_image","twitter_misc":{"Gesch\u00e4tzte Lesezeit":"4\u00a0Minuten"},"schema":{"@context":"https:\/\/schema.org","@graph":[{"@type":"WebPage","@id":"https:\/\/www.lestruffieres.com\/de\/urlaubsreisen-camping-la-garde-adhemar\/","url":"https:\/\/www.lestruffieres.com\/de\/urlaubsreisen-camping-la-garde-adhemar\/","name":"Ferien und Aufenthalte in La Garde Adh\u00e9mar in der Dr\u00f4me Provencale","isPartOf":{"@id":"https:\/\/www.lestruffieres.com\/#website"},"primaryImageOfPage":{"@id":"https:\/\/www.lestruffieres.com\/de\/urlaubsreisen-camping-la-garde-adhemar\/#primaryimage"},"image":{"@id":"https:\/\/www.lestruffieres.com\/de\/urlaubsreisen-camping-la-garde-adhemar\/#primaryimage"},"thumbnailUrl":"https:\/\/www.lestruffieres.com\/wp-content\/uploads\/2023\/03\/decouvrir-le-village-de-la-garde-adhemar.webp","datePublished":"2023-02-06T08:13:23+00:00","dateModified":"2023-03-28T07:29:19+00:00","description":"Entdecken Sie das charmante Dorf La Garde Adh\u00e9mar. Als idealer Ort f\u00fcr Ihren Urlaub werden Sie den Charme der Dr\u00f4me und der Provence entdecken.","breadcrumb":{"@id":"https:\/\/www.lestruffieres.com\/de\/urlaubsreisen-camping-la-garde-adhemar\/#breadcrumb"},"inLanguage":"de","potentialAction":[{"@type":"ReadAction","target":["https:\/\/www.lestruffieres.com\/de\/urlaubsreisen-camping-la-garde-adhemar\/"]}]},{"@type":"ImageObject","inLanguage":"de","@id":"https:\/\/www.lestruffieres.com\/de\/urlaubsreisen-camping-la-garde-adhemar\/#primaryimage","url":"https:\/\/www.lestruffieres.com\/wp-content\/uploads\/2023\/03\/decouvrir-le-village-de-la-garde-adhemar.webp","contentUrl":"https:\/\/www.lestruffieres.com\/wp-content\/uploads\/2023\/03\/decouvrir-le-village-de-la-garde-adhemar.webp","width":1920,"height":746,"caption":"visiter la garde ahemar"},{"@type":"BreadcrumbList","@id":"https:\/\/www.lestruffieres.com\/de\/urlaubsreisen-camping-la-garde-adhemar\/#breadcrumb","itemListElement":[{"@type":"ListItem","position":1,"name":"Camping Dr\u00f4me","item":"https:\/\/www.lestruffieres.com\/de\/"},{"@type":"ListItem","position":2,"name":"Tourismus in La Garde Adh\u00e9mar"}]},{"@type":"WebSite","@id":"https:\/\/www.lestruffieres.com\/#website","url":"https:\/\/www.lestruffieres.com\/","name":"Camping Les Truffi\u00e8res","description":"","publisher":{"@id":"https:\/\/www.lestruffieres.com\/#organization"},"potentialAction":[{"@type":"SearchAction","target":{"@type":"EntryPoint","urlTemplate":"https:\/\/www.lestruffieres.com\/?s={search_term_string}"},"query-input":{"@type":"PropertyValueSpecification","valueRequired":true,"valueName":"search_term_string"}}],"inLanguage":"de"},{"@type":"Organization","@id":"https:\/\/www.lestruffieres.com\/#organization","name":"Camping Les Truffi\u00e8res","url":"https:\/\/www.lestruffieres.com\/","logo":{"@type":"ImageObject","inLanguage":"de","@id":"https:\/\/www.lestruffieres.com\/#\/schema\/logo\/image\/","url":"https:\/\/www.lestruffieres.com\/wp-content\/uploads\/2023\/02\/camping-les-truffieres-logo-entete.png","contentUrl":"https:\/\/www.lestruffieres.com\/wp-content\/uploads\/2023\/02\/camping-les-truffieres-logo-entete.png","width":742,"height":1020,"caption":"Camping Les Truffi\u00e8res"},"image":{"@id":"https:\/\/www.lestruffieres.com\/#\/schema\/logo\/image\/"}}]}},"_links":{"self":[{"href":"https:\/\/www.lestruffieres.com\/de\/wp-json\/wp\/v2\/pages\/3011","targetHints":{"allow":["GET"]}}],"collection":[{"href":"https:\/\/www.lestruffieres.com\/de\/wp-json\/wp\/v2\/pages"}],"about":[{"href":"https:\/\/www.lestruffieres.com\/de\/wp-json\/wp\/v2\/types\/page"}],"author":[{"embeddable":true,"href":"https:\/\/www.lestruffieres.com\/de\/wp-json\/wp\/v2\/users\/1"}],"replies":[{"embeddable":true,"href":"https:\/\/www.lestruffieres.com\/de\/wp-json\/wp\/v2\/comments?post=3011"}],"version-history":[{"count":5,"href":"https:\/\/www.lestruffieres.com\/de\/wp-json\/wp\/v2\/pages\/3011\/revisions"}],"predecessor-version":[{"id":6465,"href":"https:\/\/www.lestruffieres.com\/de\/wp-json\/wp\/v2\/pages\/3011\/revisions\/6465"}],"wp:featuredmedia":[{"embeddable":true,"href":"https:\/\/www.lestruffieres.com\/de\/wp-json\/wp\/v2\/media\/2715"}],"wp:attachment":[{"href":"https:\/\/www.lestruffieres.com\/de\/wp-json\/wp\/v2\/media?parent=3011"}],"wp:term":[{"taxonomy":"sujet","embeddable":true,"href":"https:\/\/www.lestruffieres.com\/de\/wp-json\/wp\/v2\/sujet?post=3011"}],"curies":[{"name":"wp","href":"https:\/\/api.w.org\/{rel}","templated":true}]}}