{"id":2993,"date":"2023-02-06T09:13:33","date_gmt":"2023-02-06T08:13:33","guid":{"rendered":"https:\/\/www.lestruffieres.com\/urlaubsreisen-camping-chamaret\/"},"modified":"2023-03-28T09:20:50","modified_gmt":"2023-03-28T07:20:50","slug":"urlaubsreisen-camping-chamaret","status":"publish","type":"page","link":"https:\/\/www.lestruffieres.com\/de\/urlaubsreisen-camping-chamaret\/","title":{"rendered":"Dorf Chamaret"},"content":{"rendered":"<section id=\"ls-section-block_8319cab6bd91faeff55d32e5768e2613\" class=\"ls-section  page-chapeau\" >\r\n        <div class=\"container container--wide\">\r\n        \n\n<h1 class=\"ls__heading has-text-align-center wp-block-heading\">Dorf Chamaret<\/h1>\n\n\n\n<p class=\"ls-paragraph has-text-align-center\">Das <a href=\"https:\/\/www.grignanvalreas-tourisme.com\/notre-destination\/nos-villages\/chamaret\/\">Dorf Chamaret<\/a> ist ein \u00fcberraschend kleines Dorf in der provenzalischen Dr\u00f4me und ist ein echtes Juwel der Region. Es ist ein idealer Ort f\u00fcr einen <a href=\"https:\/\/www.lestruffieres.com\/de\/\">Campingurlaub in der Dr\u00f4me<\/a>, mit seinen vielen Parks und G\u00e4rten und dem <strong>Panoramablick auf die umliegenden Berge<\/strong>. Aber, das wahre Juwel von Chamaret ist der Turm von Chamaret, ein historisches Geb\u00e4ude, das mehrere Jahrhunderte alt ist. <\/p>\n\n\r\n    <\/div>\r\n<\/section><section id=\"ls-section-block_835d39031b022c7f4971d1fe6ae9f5ec\" class=\"ls-section  page-one deco-fleurs has-p-t p-t-0\" >\r\n        <div class=\"container container--wide\">\r\n        \n\n<div class=\"wp-block-columns is-layout-flex wp-container-core-columns-is-layout-9d6595d7 wp-block-columns-is-layout-flex\">\n<div class=\"wp-block-column left is-layout-flow wp-block-column-is-layout-flow\" style=\"flex-basis:66.66%\">\n<figure class=\"wp-block-image size-full animated fadeIn slow\"><img decoding=\"async\" width=\"864\" height=\"576\" src=\"https:\/\/www.lestruffieres.com\/wp-content\/uploads\/2023\/03\/decouvrir-le-village-de-chamaret.jpg\" alt=\"das dorf chamaret entdecken\" class=\"wp-image-1855\" srcset=\"https:\/\/www.lestruffieres.com\/wp-content\/uploads\/2023\/03\/decouvrir-le-village-de-chamaret.jpg 864w, https:\/\/www.lestruffieres.com\/wp-content\/uploads\/2023\/03\/decouvrir-le-village-de-chamaret-300x200.jpg 300w, https:\/\/www.lestruffieres.com\/wp-content\/uploads\/2023\/03\/decouvrir-le-village-de-chamaret-768x512.jpg 768w\" sizes=\"(max-width: 864px) 100vw, 864px\" \/><\/figure>\n\n\n\n<div id=\"ls-heading ls-titre-div-block_dc0a64f9a63ac4aac024a82361eac464\" class=\"ls-titre-div quotes h2-like\" >\n    <strong>Auf dem Campingplatz Les Truffi\u00e8res<\/strong> inmitten der Dr\u00f4me Proven\u00e7ale tun C\u00e9lina und Brendon alles, um Ihren Aufenthalt zu einem Top-Erlebnis zu machen! <\/div>\n<\/div>\n\n\n\n<div class=\"wp-block-column right is-layout-flow wp-block-column-is-layout-flow\" style=\"flex-basis:33.33%\">\n<h2 class=\"ls__heading deco wp-block-heading\">Besuchen Sie Chamaret<\/h2>\n\n\n\n<p class=\"ls-paragraph\">Chamaret ist ein atypisches kleines Dorf mit einer au\u00dfergew\u00f6hnlichen Architektur. Auf den kurvigen Stra\u00dfen und Wegen entdecken Sie <strong>wundersch\u00f6ne Steingeb\u00e4ude.<\/strong> Ein unglaublicher Charme mit einem kleinen Dorfplatz, auf dem freitags ein Markt stattfindet. Der ber\u00fchmteste Teil von Chamaret bleibt der Turm. Verf\u00fcgbar bei Besuchen, aber auch jederzeit zug\u00e4nglich, wird Sie die Aussicht \u00fcberraschen. <\/p>\n\n\n\n<p class=\"ls-paragraph\">Schlie\u00dflich werden Sie diese <strong>majest\u00e4tischen Ruinen<\/strong> beeindrucken: nicht nur der schwindelerregende quadratische Bergfried, sondern auch die Mauerst\u00fccke, an denen Wildkr\u00e4uter emporranken, Fenster, die sich ins Leere \u00f6ffnen, noch intakte Gew\u00f6lbest\u00fccke, zwischen denen einige stolze Zypressen stehen.<\/p>\n\n\n\n<p class=\"ls-paragraph\">Ein Ensemble von zerzauster Romantik, das die Fantasie anspricht und zu einer Reise in die Vergangenheit einl\u00e4dt.<\/p>\n\n\n\n<p class=\"ls-paragraph addReadMore showlesscontent\">Genie\u00dfen Sie auf 250 m H\u00f6he ein paar Minuten lang ein wahres Spektakel, das Ihnen dieser schwindelerregende Turm bietet. Dort k\u00f6nnen Sie das <a href=\"https:\/\/www.lestruffieres.com\/de\/schloss-von-grignan\/\">Schloss von Grignan<\/a>, das Plateau von Rouvergue, aber vor allem den <a href=\"https:\/\/www.lestruffieres.com\/de\/campingplatz-mont-ventoux\/\">Mont Ventoux<\/a> erkennen. Nur wenige Meter vom Turm entfernt befinden sich ein gro\u00dfer Gemeinschaftswaschplatz und die h\u00fcbsche Kirche. <br\/><br\/>Neugierige werden den Pfad der Bories begehen, auf dem sie diese ber\u00fchmten Bories (H\u00e4user aus trockenen Steinen), aber auch Kalk\u00f6fen, einen Menhir und ein r\u00f6misches Oppidum entdecken k\u00f6nnen.<br\/><br\/>Verpassen Sie nicht, wenn Sie im September kommen, das <strong>Bohnenfest<\/strong>, ein sehr altes landwirtschaftliches Fest, das bis zur Franz\u00f6sischen Revolution zur\u00fcckreicht! <strong>Ein wunderbares Spektakel mit Kost\u00fcmen aus der damaligen Zeit.<\/strong> <br\/><br\/>Liebhaber des &#8222;lokalen Konsums&#8220; k\u00f6nnen im <a href=\"https:\/\/www.facebook.com\/lacabanette\/\" target=\"_blank\" rel=\"noreferrer noopener nofollow\">Lebensmittelgesch\u00e4ft La Cabanette<\/a> einige Nuggets finden. <\/p>\n<\/div>\n<\/div>\n\n\r\n    <\/div>\r\n<\/section><section id=\"ls-section-block_282a1865d8f0e18577f0dcf0a926df78\" class=\"ls-section  page-two has-background has-color-3-background-color has-p-t p-t-14 has-p-b p-b-14\" >\r\n        <div class=\"container container--wide\">\r\n        \n\n<div class=\"wp-block-columns is-layout-flex wp-container-core-columns-is-layout-9d6595d7 wp-block-columns-is-layout-flex\">\n<div class=\"wp-block-column is-vertically-aligned-center is-layout-flow wp-block-column-is-layout-flow\" style=\"flex-basis:33.33%\">\n<h2 class=\"ls__heading deco wp-block-heading\">Die Kirche Saint-Michel in Chamaret<\/h2>\n\n\n\n<p class=\"ls-paragraph\">Wenn Sie in Chamaret ankommen, werden Sie von der <strong>beeindruckenden Kirche Saint-Michel<\/strong> aus dem 15. Jahrhundert begr\u00fc\u00dft, die das Dorf \u00fcberragt. Dieses historische Geb\u00e4ude beherbergt zahlreiche religi\u00f6se <strong>Kunstgegenst\u00e4nde<\/strong> wie Gem\u00e4lde und Skulpturen sowie architektonische Elemente wie Spitzb\u00f6gen und Fresken.<\/p>\n\n\n\n<h2 class=\"ls__heading deco wp-block-heading\"><strong><strong>Der Turm von Chamaret<\/strong><\/strong><\/h2>\n\n\n\n<p class=\"ls-paragraph\">Der <a href=\"https:\/\/latourdechamaret-astc.jimdo.com\/\" target=\"_blank\" rel=\"noreferrer noopener nofollow\">Turm von Chamaret<\/a> wurde im 12. Jahrhundert erbaut und diente urspr\u00fcnglich zur Verteidigung des Dorfes. Es wurde im Laufe der Jahre restauriert und renoviert. Heute steht sie Besuchern f\u00fcr F\u00fchrungen offen. Besucher k\u00f6nnen die Wendeltreppe bis zur Spitze des Turms hinaufsteigen und von dort aus eine <strong>spektakul\u00e4re Aussicht auf das Dorf und die umliegende Landschaft genie\u00dfen.<\/strong><\/p>\n\n\n\n<p class=\"ls-paragraph addReadMore showlesscontent\">Die Spitze des Turms ist au\u00dferdem ein idealer Ort, um Fotos zu machen und Erinnerungen an Ihre Reise nach Chamaret festzuhalten. Im Sommer ist es m\u00f6glich, eine Einf\u00fchrung in die Astronomie zu erhalten. <br\/><br\/>Der Turm von Chamaret ist ein Schl\u00fcsselelement in der Geschichte von Chamaret und der Region. Es repr\u00e4sentiert die St\u00e4rke und Entschlossenheit der damaligen Bewohner und ist ein <strong>faszinierender Einblick in das mittelalterliche Leben in der provenzalischen Dr\u00f4me.<\/strong><br\/><br\/>Die Besucher werden von der Aussicht auf das Dorf und die umliegenden Berge sowie von der Geschichte und der Architektur des Turms selbst begeistert sein.<br\/><br\/>Beim Besuch des Dorfes Chamaret und beim Aufstieg zur Spitze des Turms von Chamaret k\u00f6nnen Besucher die <strong>historischen und nat\u00fcrlichen Wunder der provenzalischen Dr\u00f4me entdecken.<\/strong> Es ist ein ideales Reiseziel f\u00fcr Liebhaber von Geschichte, Kunst und Natur und ein Muss f\u00fcr einen Campingurlaub in der Region.<\/p>\n<\/div>\n\n\n\n<div class=\"wp-block-column is-vertically-aligned-center is-layout-flow wp-block-column-is-layout-flow\" style=\"flex-basis:66.66%\">\n<figure class=\"wp-block-gallery has-nested-images columns-1 is-cropped galerie-slider wp-block-gallery-1 is-layout-flex wp-block-gallery-is-layout-flex\">\n<figure class=\"wp-block-image size-full\"><img decoding=\"async\" width=\"864\" height=\"576\" data-id=\"1859\" src=\"https:\/\/www.lestruffieres.com\/wp-content\/uploads\/2023\/03\/tour-de-chamaret-proche-camping-les-truffieres.jpg\" alt=\"tour de chamaret nahe camping les truffieres\" class=\"wp-image-1859\" srcset=\"https:\/\/www.lestruffieres.com\/wp-content\/uploads\/2023\/03\/tour-de-chamaret-proche-camping-les-truffieres.jpg 864w, https:\/\/www.lestruffieres.com\/wp-content\/uploads\/2023\/03\/tour-de-chamaret-proche-camping-les-truffieres-300x200.jpg 300w, https:\/\/www.lestruffieres.com\/wp-content\/uploads\/2023\/03\/tour-de-chamaret-proche-camping-les-truffieres-768x512.jpg 768w\" sizes=\"(max-width: 864px) 100vw, 864px\" \/><\/figure>\n<\/figure>\n<\/div>\n<\/div>\n\n\r\n    <\/div>\r\n<\/section><section id=\"ls-section-block_f53ed0bfb9e68ed0076aee4ebc71111f\" class=\"ls-section  page-four has-background has-color-white-background-color has-m-b m-b-0 has-p-t p-t-14\" >\r\n        <div class=\"container container--wide\">\r\n        \n\n<div class=\"wp-block-columns is-layout-flex wp-container-core-columns-is-layout-9d6595d7 wp-block-columns-is-layout-flex\">\n<div class=\"wp-block-column is-layout-flow wp-block-column-is-layout-flow\" style=\"flex-basis:66.66%\">\n<figure class=\"wp-block-image size-full animated fadeInRight delay-100ms slow\"><img decoding=\"async\" width=\"864\" height=\"576\" src=\"https:\/\/www.lestruffieres.com\/wp-content\/uploads\/2023\/03\/balade-a-cheval-a-chamalet.jpg\" alt=\"reitausflug nach chamalet\" class=\"wp-image-1907\" srcset=\"https:\/\/www.lestruffieres.com\/wp-content\/uploads\/2023\/03\/balade-a-cheval-a-chamalet.jpg 864w, https:\/\/www.lestruffieres.com\/wp-content\/uploads\/2023\/03\/balade-a-cheval-a-chamalet-300x200.jpg 300w, https:\/\/www.lestruffieres.com\/wp-content\/uploads\/2023\/03\/balade-a-cheval-a-chamalet-768x512.jpg 768w\" sizes=\"(max-width: 864px) 100vw, 864px\" \/><\/figure>\n<\/div>\n\n\n\n<div class=\"wp-block-column is-layout-flow wp-block-column-is-layout-flow\" style=\"flex-basis:33.33%\">\n<h2 class=\"ls__heading deco wp-block-heading\"> Die wichtigsten Sehensw\u00fcrdigkeiten in Chamaret<\/h2>\n\n\n\n<p class=\"ls-paragraph\">Historische \u00dcberreste, zu sehen :<\/p>\n\n\n\n<ul class=\"ls-list wp-block-list\">\n<li><a href=\"https:\/\/www.normandie-tourisme.fr\/sites-lieux-de-visites\/donjon-du-chateau-feodal\/\" target=\"_blank\" rel=\"noreferrer noopener nofollow\">Bergfried der feudalen Burg<\/a> (12. Jahrhundert, im 19. Jahrhundert umgebaut, kann besichtigt werden; 2 Euro Eintritt). <\/li>\n\n\n\n<li>Porte de la Grande Fontaine (13. Jahrhundert). <\/li>\n\n\n\n<li>Waschhaus (18. Jahrhundert). Umgebaute romanische Kirche. <\/li>\n\n\n\n<li>Kapelle St-Barth\u00e9lemy. <\/li>\n\n\n\n<li>Pr\u00e4historische \u00dcberreste (zwei Oppida, \u00dcberreste gallor\u00f6mischer Villen). <\/li>\n\n\n\n<li>Sentier des Bories (Pfad der Bories). <\/li>\n<\/ul>\n\n\n<section id=\"ls-section-block_f7c8571019e6c2161b74f14ecdfe92bb\" class=\"ls-section  addReadMore showlesscontent has-m-t m-t-0 has-p-t p-t-0\" >\r\n        <div class=\"container \">\r\n        \n\n<p class=\"ls-paragraph\">Freizeitaktivit\u00e4ten :<\/p>\n\n\n\n<ul class=\"ls-list wp-block-list\">\n<li>Wanderungen zu Fu\u00df, mit dem Fahrrad oder zu Pferd. <\/li>\n\n\n\n<li>Bohnenfest (September).<\/li>\n<\/ul>\n\n\n\n<p class=\"ls-paragraph\">Zusammenfassend l\u00e4sst sich sagen, dass Chamaret ein malerisches, <strong>historisches Dorf<\/strong> in der Dr\u00f4me Proven\u00e7ale ist, das Besuchern einen Einblick in das Leben in der Provence sowie die M\u00f6glichkeit bietet, <strong>sich zu entspannen und lokale Produkte zu entdecken.<\/strong> Ich empfehle Ihnen dringend, Chamaret bei Ihrem n\u00e4chsten Besuch in der Dr\u00f4me Proven\u00e7ale zu besuchen.<br\/><br\/>Es ist wichtig zu wissen, dass das Dorf <strong>Chamaret an Grignan grenzt<\/strong> und dass wir am Ausgang des Campingplatzes einen Wanderweg besitzen, der Sie sicher durch die Felder zum Dorf f\u00fchrt!<\/p>\n\n\r\n    <\/div>\r\n<\/section><\/div>\n<\/div>\n\n\r\n    <\/div>\r\n<\/section><section id=\"ls-section-block_5473e0a4c8006a2e14d66a97c3e6c391\" class=\"ls-section  page-maillage has-m-t m-t-0 has-p-t p-t-0 has-p-b p-b-14\" >\r\n        <div class=\"container container--wide\">\r\n        \n\n<div id=\"ls-heading ls-titre-div-block_67eaac876b2b6e28d4548bb629ae1e59\" class=\"ls-titre-div deco aligncenter h2-like\" >\n    In der Umgebung des Campingplatzes zu entdecken!<\/div>\n\n\n<div id=\"ls-maillage-block_9c921b8dcf2abae0f1bb49038100f713\" class=\"ls-maillage cta-style-normal\" data-rows=\"3\">\r\n    <div class=\"wp-block-columns\"><div class=\"wp-block-column\">\n\n<a href=\"https:\/\/www.lestruffieres.com\/de\/schloss-von-grignan\/\" target=\"\" rel=\"noopener\" class=\"ls-cta__link\">\n\n\t<div class=\"ls-cta__image\"><img decoding=\"async\" src=\"https:\/\/www.lestruffieres.com\/wp-content\/uploads\/2023\/03\/chateau-de-grignan-drome-provencale.jpg\" alt=\"chateau de grignan drome provencale\"><\/div>\n\t<div class=\"ls-cta__title\">\n\t\tSchloss von Grignan\t<\/div>\n\t\n\t\t\n<\/a><\/div><div class=\"wp-block-column\">\n\n<a href=\"https:\/\/www.lestruffieres.com\/de\/campingplatz-mont-ventoux\/\" target=\"\" rel=\"noopener\" class=\"ls-cta__link\">\n\n\t<div class=\"ls-cta__image\"><img decoding=\"async\" src=\"https:\/\/www.lestruffieres.com\/wp-content\/uploads\/2023\/03\/mont-ventoux.jpg\" alt=\"mont ventoux\"><\/div>\n\t<div class=\"ls-cta__title\">\n\t\tDer Berg Ventoux\t<\/div>\n\t\n\t\t\n<\/a><\/div><div class=\"wp-block-column\">\n\n<a href=\"https:\/\/www.lestruffieres.com\/de\/urlaubsreisen-camping-la-garde-adhemar\/\" target=\"\" rel=\"noopener\" class=\"ls-cta__link\">\n\n\t<div class=\"ls-cta__image\"><img decoding=\"async\" src=\"https:\/\/www.lestruffieres.com\/wp-content\/uploads\/2023\/03\/village-de-la-garde-adhemar-dans-la-drome.jpg\" alt=\"village de la garde adhemar dans la drome\"><\/div>\n\t<div class=\"ls-cta__title\">\n\t\tDorf La Garde Adh\u00e9mar\t<\/div>\n\t\n\t\t\n<\/a><\/div><\/div><\/div>\n\r\n    <\/div>\r\n<\/section>","protected":false},"excerpt":{"rendered":"","protected":false},"author":1,"featured_media":2621,"parent":0,"menu_order":0,"comment_status":"closed","ping_status":"closed","template":"","meta":{"_acf_changed":false,"footnotes":""},"sujet":[],"class_list":["post-2993","page","type-page","status-publish","has-post-thumbnail","hentry"],"acf":[],"yoast_head":"<!-- This site is optimized with the Yoast SEO plugin v23.4 - https:\/\/yoast.com\/wordpress\/plugins\/seo\/ -->\n<title>Ferien und Aufenthalte in Chamaret in der Dr\u00f4me Proven\u00e7ale<\/title>\n<meta name=\"description\" content=\"Entdecken Sie das charmante Dorf Chamaret, das sich in der N\u00e4he des Campingplatzes Les Truffi\u00e8res befindet.\" \/>\n<meta name=\"robots\" content=\"index, follow, max-snippet:-1, max-image-preview:large, max-video-preview:-1\" \/>\n<link rel=\"canonical\" href=\"https:\/\/www.lestruffieres.com\/de\/urlaubsreisen-camping-chamaret\/\" \/>\n<meta property=\"og:locale\" content=\"de_DE\" \/>\n<meta property=\"og:type\" content=\"article\" \/>\n<meta property=\"og:title\" content=\"Ferien und Aufenthalte in Chamaret in der Dr\u00f4me Proven\u00e7ale\" \/>\n<meta property=\"og:description\" content=\"Entdecken Sie das charmante Dorf Chamaret, das sich in der N\u00e4he des Campingplatzes Les Truffi\u00e8res befindet.\" \/>\n<meta property=\"og:url\" content=\"https:\/\/www.lestruffieres.com\/de\/urlaubsreisen-camping-chamaret\/\" \/>\n<meta property=\"og:site_name\" content=\"Camping Les Truffi\u00e8res\" \/>\n<meta property=\"article:modified_time\" content=\"2023-03-28T07:20:50+00:00\" \/>\n<meta property=\"og:image\" content=\"https:\/\/www.lestruffieres.com\/wp-content\/uploads\/2023\/03\/village-de-chamalet-a-visiter.webp\" \/>\n\t<meta property=\"og:image:width\" content=\"1920\" \/>\n\t<meta property=\"og:image:height\" content=\"746\" \/>\n\t<meta property=\"og:image:type\" content=\"image\/webp\" \/>\n<meta name=\"twitter:card\" content=\"summary_large_image\" \/>\n<meta name=\"twitter:label1\" content=\"Gesch\u00e4tzte Lesezeit\" \/>\n\t<meta name=\"twitter:data1\" content=\"5\u00a0Minuten\" \/>\n<script type=\"application\/ld+json\" class=\"yoast-schema-graph\">{\"@context\":\"https:\/\/schema.org\",\"@graph\":[{\"@type\":\"WebPage\",\"@id\":\"https:\/\/www.lestruffieres.com\/de\/urlaubsreisen-camping-chamaret\/\",\"url\":\"https:\/\/www.lestruffieres.com\/de\/urlaubsreisen-camping-chamaret\/\",\"name\":\"Ferien und Aufenthalte in Chamaret in der Dr\u00f4me Proven\u00e7ale\",\"isPartOf\":{\"@id\":\"https:\/\/www.lestruffieres.com\/#website\"},\"primaryImageOfPage\":{\"@id\":\"https:\/\/www.lestruffieres.com\/de\/urlaubsreisen-camping-chamaret\/#primaryimage\"},\"image\":{\"@id\":\"https:\/\/www.lestruffieres.com\/de\/urlaubsreisen-camping-chamaret\/#primaryimage\"},\"thumbnailUrl\":\"https:\/\/www.lestruffieres.com\/wp-content\/uploads\/2023\/03\/village-de-chamalet-a-visiter.webp\",\"datePublished\":\"2023-02-06T08:13:33+00:00\",\"dateModified\":\"2023-03-28T07:20:50+00:00\",\"description\":\"Entdecken Sie das charmante Dorf Chamaret, das sich in der N\u00e4he des Campingplatzes Les Truffi\u00e8res befindet.\",\"breadcrumb\":{\"@id\":\"https:\/\/www.lestruffieres.com\/de\/urlaubsreisen-camping-chamaret\/#breadcrumb\"},\"inLanguage\":\"de\",\"potentialAction\":[{\"@type\":\"ReadAction\",\"target\":[\"https:\/\/www.lestruffieres.com\/de\/urlaubsreisen-camping-chamaret\/\"]}]},{\"@type\":\"ImageObject\",\"inLanguage\":\"de\",\"@id\":\"https:\/\/www.lestruffieres.com\/de\/urlaubsreisen-camping-chamaret\/#primaryimage\",\"url\":\"https:\/\/www.lestruffieres.com\/wp-content\/uploads\/2023\/03\/village-de-chamalet-a-visiter.webp\",\"contentUrl\":\"https:\/\/www.lestruffieres.com\/wp-content\/uploads\/2023\/03\/village-de-chamalet-a-visiter.webp\",\"width\":1920,\"height\":746,\"caption\":\"tourisme charmaret\"},{\"@type\":\"BreadcrumbList\",\"@id\":\"https:\/\/www.lestruffieres.com\/de\/urlaubsreisen-camping-chamaret\/#breadcrumb\",\"itemListElement\":[{\"@type\":\"ListItem\",\"position\":1,\"name\":\"Camping Dr\u00f4me\",\"item\":\"https:\/\/www.lestruffieres.com\/de\/\"},{\"@type\":\"ListItem\",\"position\":2,\"name\":\"Campingplatz in der N\u00e4he von Chamaret\"}]},{\"@type\":\"WebSite\",\"@id\":\"https:\/\/www.lestruffieres.com\/#website\",\"url\":\"https:\/\/www.lestruffieres.com\/\",\"name\":\"Camping Les Truffi\u00e8res\",\"description\":\"\",\"publisher\":{\"@id\":\"https:\/\/www.lestruffieres.com\/#organization\"},\"potentialAction\":[{\"@type\":\"SearchAction\",\"target\":{\"@type\":\"EntryPoint\",\"urlTemplate\":\"https:\/\/www.lestruffieres.com\/?s={search_term_string}\"},\"query-input\":{\"@type\":\"PropertyValueSpecification\",\"valueRequired\":true,\"valueName\":\"search_term_string\"}}],\"inLanguage\":\"de\"},{\"@type\":\"Organization\",\"@id\":\"https:\/\/www.lestruffieres.com\/#organization\",\"name\":\"Camping Les Truffi\u00e8res\",\"url\":\"https:\/\/www.lestruffieres.com\/\",\"logo\":{\"@type\":\"ImageObject\",\"inLanguage\":\"de\",\"@id\":\"https:\/\/www.lestruffieres.com\/#\/schema\/logo\/image\/\",\"url\":\"https:\/\/www.lestruffieres.com\/wp-content\/uploads\/2023\/02\/camping-les-truffieres-logo-entete.png\",\"contentUrl\":\"https:\/\/www.lestruffieres.com\/wp-content\/uploads\/2023\/02\/camping-les-truffieres-logo-entete.png\",\"width\":742,\"height\":1020,\"caption\":\"Camping Les Truffi\u00e8res\"},\"image\":{\"@id\":\"https:\/\/www.lestruffieres.com\/#\/schema\/logo\/image\/\"}}]}<\/script>\n<!-- \/ Yoast SEO plugin. -->","yoast_head_json":{"title":"Ferien und Aufenthalte in Chamaret in der Dr\u00f4me Proven\u00e7ale","description":"Entdecken Sie das charmante Dorf Chamaret, das sich in der N\u00e4he des Campingplatzes Les Truffi\u00e8res befindet.","robots":{"index":"index","follow":"follow","max-snippet":"max-snippet:-1","max-image-preview":"max-image-preview:large","max-video-preview":"max-video-preview:-1"},"canonical":"https:\/\/www.lestruffieres.com\/de\/urlaubsreisen-camping-chamaret\/","og_locale":"de_DE","og_type":"article","og_title":"Ferien und Aufenthalte in Chamaret in der Dr\u00f4me Proven\u00e7ale","og_description":"Entdecken Sie das charmante Dorf Chamaret, das sich in der N\u00e4he des Campingplatzes Les Truffi\u00e8res befindet.","og_url":"https:\/\/www.lestruffieres.com\/de\/urlaubsreisen-camping-chamaret\/","og_site_name":"Camping Les Truffi\u00e8res","article_modified_time":"2023-03-28T07:20:50+00:00","og_image":[{"width":1920,"height":746,"url":"https:\/\/www.lestruffieres.com\/wp-content\/uploads\/2023\/03\/village-de-chamalet-a-visiter.webp","type":"image\/webp"}],"twitter_card":"summary_large_image","twitter_misc":{"Gesch\u00e4tzte Lesezeit":"5\u00a0Minuten"},"schema":{"@context":"https:\/\/schema.org","@graph":[{"@type":"WebPage","@id":"https:\/\/www.lestruffieres.com\/de\/urlaubsreisen-camping-chamaret\/","url":"https:\/\/www.lestruffieres.com\/de\/urlaubsreisen-camping-chamaret\/","name":"Ferien und Aufenthalte in Chamaret in der Dr\u00f4me Proven\u00e7ale","isPartOf":{"@id":"https:\/\/www.lestruffieres.com\/#website"},"primaryImageOfPage":{"@id":"https:\/\/www.lestruffieres.com\/de\/urlaubsreisen-camping-chamaret\/#primaryimage"},"image":{"@id":"https:\/\/www.lestruffieres.com\/de\/urlaubsreisen-camping-chamaret\/#primaryimage"},"thumbnailUrl":"https:\/\/www.lestruffieres.com\/wp-content\/uploads\/2023\/03\/village-de-chamalet-a-visiter.webp","datePublished":"2023-02-06T08:13:33+00:00","dateModified":"2023-03-28T07:20:50+00:00","description":"Entdecken Sie das charmante Dorf Chamaret, das sich in der N\u00e4he des Campingplatzes Les Truffi\u00e8res befindet.","breadcrumb":{"@id":"https:\/\/www.lestruffieres.com\/de\/urlaubsreisen-camping-chamaret\/#breadcrumb"},"inLanguage":"de","potentialAction":[{"@type":"ReadAction","target":["https:\/\/www.lestruffieres.com\/de\/urlaubsreisen-camping-chamaret\/"]}]},{"@type":"ImageObject","inLanguage":"de","@id":"https:\/\/www.lestruffieres.com\/de\/urlaubsreisen-camping-chamaret\/#primaryimage","url":"https:\/\/www.lestruffieres.com\/wp-content\/uploads\/2023\/03\/village-de-chamalet-a-visiter.webp","contentUrl":"https:\/\/www.lestruffieres.com\/wp-content\/uploads\/2023\/03\/village-de-chamalet-a-visiter.webp","width":1920,"height":746,"caption":"tourisme charmaret"},{"@type":"BreadcrumbList","@id":"https:\/\/www.lestruffieres.com\/de\/urlaubsreisen-camping-chamaret\/#breadcrumb","itemListElement":[{"@type":"ListItem","position":1,"name":"Camping Dr\u00f4me","item":"https:\/\/www.lestruffieres.com\/de\/"},{"@type":"ListItem","position":2,"name":"Campingplatz in der N\u00e4he von Chamaret"}]},{"@type":"WebSite","@id":"https:\/\/www.lestruffieres.com\/#website","url":"https:\/\/www.lestruffieres.com\/","name":"Camping Les Truffi\u00e8res","description":"","publisher":{"@id":"https:\/\/www.lestruffieres.com\/#organization"},"potentialAction":[{"@type":"SearchAction","target":{"@type":"EntryPoint","urlTemplate":"https:\/\/www.lestruffieres.com\/?s={search_term_string}"},"query-input":{"@type":"PropertyValueSpecification","valueRequired":true,"valueName":"search_term_string"}}],"inLanguage":"de"},{"@type":"Organization","@id":"https:\/\/www.lestruffieres.com\/#organization","name":"Camping Les Truffi\u00e8res","url":"https:\/\/www.lestruffieres.com\/","logo":{"@type":"ImageObject","inLanguage":"de","@id":"https:\/\/www.lestruffieres.com\/#\/schema\/logo\/image\/","url":"https:\/\/www.lestruffieres.com\/wp-content\/uploads\/2023\/02\/camping-les-truffieres-logo-entete.png","contentUrl":"https:\/\/www.lestruffieres.com\/wp-content\/uploads\/2023\/02\/camping-les-truffieres-logo-entete.png","width":742,"height":1020,"caption":"Camping Les Truffi\u00e8res"},"image":{"@id":"https:\/\/www.lestruffieres.com\/#\/schema\/logo\/image\/"}}]}},"_links":{"self":[{"href":"https:\/\/www.lestruffieres.com\/de\/wp-json\/wp\/v2\/pages\/2993","targetHints":{"allow":["GET"]}}],"collection":[{"href":"https:\/\/www.lestruffieres.com\/de\/wp-json\/wp\/v2\/pages"}],"about":[{"href":"https:\/\/www.lestruffieres.com\/de\/wp-json\/wp\/v2\/types\/page"}],"author":[{"embeddable":true,"href":"https:\/\/www.lestruffieres.com\/de\/wp-json\/wp\/v2\/users\/1"}],"replies":[{"embeddable":true,"href":"https:\/\/www.lestruffieres.com\/de\/wp-json\/wp\/v2\/comments?post=2993"}],"version-history":[{"count":5,"href":"https:\/\/www.lestruffieres.com\/de\/wp-json\/wp\/v2\/pages\/2993\/revisions"}],"predecessor-version":[{"id":6460,"href":"https:\/\/www.lestruffieres.com\/de\/wp-json\/wp\/v2\/pages\/2993\/revisions\/6460"}],"wp:featuredmedia":[{"embeddable":true,"href":"https:\/\/www.lestruffieres.com\/de\/wp-json\/wp\/v2\/media\/2621"}],"wp:attachment":[{"href":"https:\/\/www.lestruffieres.com\/de\/wp-json\/wp\/v2\/media?parent=2993"}],"wp:term":[{"taxonomy":"sujet","embeddable":true,"href":"https:\/\/www.lestruffieres.com\/de\/wp-json\/wp\/v2\/sujet?post=2993"}],"curies":[{"name":"wp","href":"https:\/\/api.w.org\/{rel}","templated":true}]}}