{"id":2973,"date":"2023-02-06T09:08:51","date_gmt":"2023-02-06T08:08:51","guid":{"rendered":"https:\/\/www.lestruffieres.com\/dienstleistungen-aktivitaeten-urlaub-campingplatz-grignan\/"},"modified":"2023-06-19T11:14:22","modified_gmt":"2023-06-19T09:14:22","slug":"auf-dem-campingplatz","status":"publish","type":"page","link":"https:\/\/www.lestruffieres.com\/de\/auf-dem-campingplatz\/","title":{"rendered":"Dienste"},"content":{"rendered":"<section id=\"ls-section-block_efbff1ed8441f4180c057c4f2acf38f4\" class=\"ls-section  page-chapeau\" >\r\n        <div class=\"container container--wide\">\r\n        \n\n<h1 class=\"ls__heading wp-block-heading has-text-align-center\">Dienstleistungen auf dem Campingplatz Les Truffi\u00e8res<\/h1>\n\n\r\n    <\/div>\r\n<\/section>\n\n<section id=\"ls-section-block_0aa361d2ca618004418a3176bb7889c1\" class=\"ls-section  page-one deco-fleurs has-p-t p-t-0\" >\r\n        <div class=\"container container--wide\">\r\n        \n\n<div class=\"wp-block-columns is-layout-flex wp-container-core-columns-is-layout-9d6595d7 wp-block-columns-is-layout-flex\">\n<div class=\"wp-block-column left is-layout-flow wp-block-column-is-layout-flow\" style=\"flex-basis:66.66%\">\n<figure class=\"wp-block-image size-full animated fadeIn slow\"><img decoding=\"async\" width=\"864\" height=\"576\" src=\"https:\/\/www.lestruffieres.com\/wp-content\/uploads\/2023\/02\/reception-camping-les-truffieres.jpg\" alt=\"empfang camping les truffieres\" class=\"wp-image-1177\" srcset=\"https:\/\/www.lestruffieres.com\/wp-content\/uploads\/2023\/02\/reception-camping-les-truffieres.jpg 864w, https:\/\/www.lestruffieres.com\/wp-content\/uploads\/2023\/02\/reception-camping-les-truffieres-300x200.jpg 300w, https:\/\/www.lestruffieres.com\/wp-content\/uploads\/2023\/02\/reception-camping-les-truffieres-768x512.jpg 768w\" sizes=\"(max-width: 864px) 100vw, 864px\" \/><\/figure>\n\n\n\n<div id=\"ls-heading ls-titre-div-block_bede6c79d0476a0ad868b20d64a49fa2\" class=\"ls-titre-div quotes h2-like\" >\n    <strong>Auf dem Campingplatz Les Truffi\u00e8res<\/strong> inmitten der Dr\u00f4me Proven\u00e7ale tun C\u00e9lina und Brendon alles, um Ihren Aufenthalt zu einem Top-Erlebnis zu machen! <\/div>\n<\/div>\n\n\n\n<div class=\"wp-block-column right is-layout-flow wp-block-column-is-layout-flow\" style=\"flex-basis:33.33%\">\n<h2 class=\"ls__heading wp-block-heading deco\">Die Rezeption des Campingplatzes<\/h2>\n\n\n\n<p class=\"ls-paragraph\">Auf dem <a href=\"https:\/\/www.lestruffieres.com\/de\/\">Campingplatz Les Truffi\u00e8res<\/a> ist die Rezeption <strong>t\u00e4glich von 8:30 bis 12:00 Uhr und von 14:00 bis 19:00 Uhr ge\u00f6ffnet.<\/strong> Hier finden Sie jemanden, der Ihre Fragen beantwortet, aber auch alle Informationen \u00fcber Aktivit\u00e4ten in der Umgebung. Per Telefon bleiben die \u00d6ffnungszeiten gleich. Z\u00f6gern Sie nicht, eine Nachricht zu hinterlassen, und wir rufen Sie so bald wie m\u00f6glich zur\u00fcck.<\/p>\n\n\n\n<h2 class=\"ls__heading wp-block-heading deco\">Empfang von Post<\/h2>\n\n\n\n<p class=\"ls-paragraph\">Haben Sie Lust auf ein kleines Souvenir oder m\u00f6chten Sie Ihren Lieben einen kleinen Gru\u00df zukommen lassen? Dann finden Sie an der Rezeption etwas, das Sie begeistern wird! Postkarten und Briefmarken (franz\u00f6sische und ausl\u00e4ndische) sind an der Rezeption erh\u00e4ltlich und <strong>wir verf\u00fcgen auch \u00fcber einen Briefkasten.<\/strong> Und wenn Sie Ihre Zeitschriftenabonnements w\u00e4hrend Ihrer Abwesenheit nicht verpassen d\u00fcrfen, k\u00f6nnen Sie sie eventuell f\u00fcr die Zeit Ihres Aufenthalts auf dem Campingplatz ankommen lassen.<\/p>\n<\/div>\n<\/div>\n\n\r\n    <\/div>\r\n<\/section>\n\n<section id=\"ls-section-block_fe0717f6c0981c930b83915ad44a70b7\" class=\"ls-section  page-two has-background has-color-3-background-color has-p-t p-t-14 has-p-b p-b-14\" >\r\n        <div class=\"container container--wide\">\r\n        \n\n<div class=\"wp-block-columns is-layout-flex wp-container-core-columns-is-layout-9d6595d7 wp-block-columns-is-layout-flex\">\n<div class=\"wp-block-column is-vertically-aligned-center is-layout-flow wp-block-column-is-layout-flow\" style=\"flex-basis:33.33%\">\n<h2 class=\"ls__heading wp-block-heading deco\">Die W\u00e4scherei in Grignan<\/h2>\n\n\n\n<p class=\"ls-paragraph\">Ein fleckiges Kleidungsst\u00fcck zum Waschen? M\u00fcnzen <strong>sind an der Rezeption erh\u00e4ltlich<\/strong> und <strong>ein W\u00e4schetrockner steht Ihnen<\/strong> ebenfalls zur Verf\u00fcgung.<\/p>\n\n\n\n<p class=\"ls-paragraph\">Geb\u00fchr: 5\u20ac f\u00fcr die Waschmaschine und 2\u20ac f\u00fcr den W\u00e4schetrockner.<\/p>\n\n\n\n<h2 class=\"ls__heading wp-block-heading deco\">Wifi auf dem Campingplatz<\/h2>\n\n\n\n<p class=\"ls-paragraph\">Auf dem Campingplatz Les Truffi\u00e8res ist <strong>WLAN kostenpflichtig<\/strong> und auf dem gesamten Campingplatz verf\u00fcgbar. <\/p>\n\n\n\n<h2 class=\"ls__heading wp-block-heading deco\">Haustiere nicht erlaubt<\/h2>\n\n\n\n<p class=\"ls-paragraph\">Tiere sind auf dem Campingplatz nicht erlaubt.<\/p>\n\n\n<div class=\"wp-block-image\">\n<figure class=\"aligncenter size-full is-resized\"><img decoding=\"async\" src=\"https:\/\/www.lestruffieres.com\/wp-content\/uploads\/2023\/06\/no-animals.png\" alt=\"no animals\" class=\"wp-image-6532\" width=\"128\" height=\"128\" srcset=\"https:\/\/www.lestruffieres.com\/wp-content\/uploads\/2023\/06\/no-animals.png 512w, https:\/\/www.lestruffieres.com\/wp-content\/uploads\/2023\/06\/no-animals-300x300.png 300w, https:\/\/www.lestruffieres.com\/wp-content\/uploads\/2023\/06\/no-animals-150x150.png 150w\" sizes=\"(max-width: 128px) 100vw, 128px\" \/><\/figure>\n<\/div><\/div>\n\n\n\n<div class=\"wp-block-column is-vertically-aligned-center is-layout-flow wp-block-column-is-layout-flow\" style=\"flex-basis:66.66%\">\n<figure class=\"wp-block-gallery has-nested-images columns-1 is-cropped galerie-slider wp-block-gallery-1 is-layout-flex wp-block-gallery-is-layout-flex\">\n<figure class=\"wp-block-image size-full\"><img decoding=\"async\" width=\"864\" height=\"576\" data-id=\"1183\" src=\"https:\/\/www.lestruffieres.com\/wp-content\/uploads\/2023\/02\/service-laverie-camping-grignan.jpg\" alt=\"waschservice camping grignan\" class=\"wp-image-1183\" srcset=\"https:\/\/www.lestruffieres.com\/wp-content\/uploads\/2023\/02\/service-laverie-camping-grignan.jpg 864w, https:\/\/www.lestruffieres.com\/wp-content\/uploads\/2023\/02\/service-laverie-camping-grignan-300x200.jpg 300w, https:\/\/www.lestruffieres.com\/wp-content\/uploads\/2023\/02\/service-laverie-camping-grignan-768x512.jpg 768w\" sizes=\"(max-width: 864px) 100vw, 864px\" \/><\/figure>\n\n\n\n<figure class=\"wp-block-image size-full\"><img decoding=\"async\" width=\"864\" height=\"576\" data-id=\"1187\" src=\"https:\/\/www.lestruffieres.com\/wp-content\/uploads\/2023\/02\/camping-avec-wifi-drome.jpg\" alt=\"campingplatz mit wifi drome\" class=\"wp-image-1187\" srcset=\"https:\/\/www.lestruffieres.com\/wp-content\/uploads\/2023\/02\/camping-avec-wifi-drome.jpg 864w, https:\/\/www.lestruffieres.com\/wp-content\/uploads\/2023\/02\/camping-avec-wifi-drome-300x200.jpg 300w, https:\/\/www.lestruffieres.com\/wp-content\/uploads\/2023\/02\/camping-avec-wifi-drome-768x512.jpg 768w\" sizes=\"(max-width: 864px) 100vw, 864px\" \/><\/figure>\n<\/figure>\n<\/div>\n<\/div>\n\n\r\n    <\/div>\r\n<\/section>\n\n<section id=\"ls-section-block_0236ecd9fe27c74e863a6f62b4c2ce9b\" class=\"ls-section  page-three has-background green has-p-t p-t-14 has-p-b p-b-14\" >\r\n        <div class=\"container container--wide\">\r\n        \n\n<div class=\"wp-block-columns is-layout-flex wp-container-core-columns-is-layout-9d6595d7 wp-block-columns-is-layout-flex\">\n<div class=\"wp-block-column is-vertically-aligned-center is-layout-flow wp-block-column-is-layout-flow\" style=\"flex-basis:66.66%\">\n<figure class=\"wp-block-image size-full animated bounceInLeft slow delay-100ms\"><img decoding=\"async\" width=\"864\" height=\"576\" src=\"https:\/\/www.lestruffieres.com\/wp-content\/uploads\/2023\/02\/barbecue-collectif-camping-drome.jpg\" alt=\"gemeinschaftlicher grill camping drome\" class=\"wp-image-1192\" srcset=\"https:\/\/www.lestruffieres.com\/wp-content\/uploads\/2023\/02\/barbecue-collectif-camping-drome.jpg 864w, https:\/\/www.lestruffieres.com\/wp-content\/uploads\/2023\/02\/barbecue-collectif-camping-drome-300x200.jpg 300w, https:\/\/www.lestruffieres.com\/wp-content\/uploads\/2023\/02\/barbecue-collectif-camping-drome-768x512.jpg 768w\" sizes=\"(max-width: 864px) 100vw, 864px\" \/><\/figure>\n<\/div>\n\n\n\n<div class=\"wp-block-column is-vertically-aligned-center is-layout-flow wp-block-column-is-layout-flow\" style=\"flex-basis:33.33%\">\n<h2 class=\"ls__heading wp-block-heading deco\">Der Grill<\/h2>\n\n\n\n<p class=\"ls-paragraph\">Grillen ist Urlaub! Da der Campingplatz Les Truffi\u00e8res in einer erh\u00f6hten Brandschutzzone liegt, <strong>gibt es einen Bereich, in dem Sie in aller Sicherheit grillen k\u00f6nnen.<\/strong> Sie haben sogar einen Picknicktisch direkt nebenan, sodass Sie sich nur noch niederlassen m\u00fcssen! <\/p>\n\n\n\n<p class=\"ls-paragraph\">\/!\\ Das Grillen kann Gegenstand einer pr\u00e4fektoralen Verordnung sein und verboten werden. Auch hier denkt der Campingplatz Les Truffi\u00e8res an alles und bietet Ihnen den <strong>Verleih von Gasplancha an.<\/strong> <\/p>\n<\/div>\n<\/div>\n\n\r\n    <\/div>\r\n<\/section>\n\n<section id=\"ls-section-block_5ba15b9d0869ac0756f213f48eef4d9d\" class=\"ls-section  page-four has-p-t p-t-14 has-p-b p-b-14\" >\r\n        <div class=\"container container--wide\">\r\n        \n\n<div class=\"wp-block-columns is-layout-flex wp-container-core-columns-is-layout-9d6595d7 wp-block-columns-is-layout-flex\">\n<div class=\"wp-block-column is-vertically-aligned-center is-layout-flow wp-block-column-is-layout-flow\" style=\"flex-basis:33.33%\">\n<h2 class=\"ls__heading wp-block-heading deco\">Die Bibliothek<\/h2>\n\n\n\n<p class=\"ls-paragraph\">Die Verbundenheit Grignans mit der Literatur ist wie eine Br\u00fccke, die zwei Ufer miteinander verbindet. Der Campingplatz Les Truffi\u00e8res verf\u00fcgt daher logischerweise \u00fcber eine gemeinsam <strong>genutzte Bibliothek<\/strong> (Franz\u00f6sisch, Englisch, Niederl\u00e4ndisch, Deutsch). Auf dem Spielplatz befindet sich eine Telefonzelle, die in eine Goldmine f\u00fcr begeisterte Leser verwandelt wurde. <\/p>\n\n\n\n<p class=\"ls-paragraph\">Da unser Campingplatz ein <strong>Ort des Teilens ist<\/strong>, k\u00f6nnen Sie Ihrem Buch ein zweites Leben geben, indem Sie es in der Bibliothek zur\u00fccklassen und ein neues mitnehmen.<\/p>\n<\/div>\n\n\n\n<div class=\"wp-block-column is-vertically-aligned-center is-layout-flow wp-block-column-is-layout-flow\" style=\"flex-basis:66.66%\">\n<figure class=\"wp-block-image size-full animated fadeInRight delay-100ms slow\"><img decoding=\"async\" width=\"864\" height=\"576\" src=\"https:\/\/www.lestruffieres.com\/wp-content\/uploads\/2023\/02\/bibliotheque-partagee-camping-truffieres.jpg\" alt=\"geteilte bibliothek camping truffiere\" class=\"wp-image-1179\" srcset=\"https:\/\/www.lestruffieres.com\/wp-content\/uploads\/2023\/02\/bibliotheque-partagee-camping-truffieres.jpg 864w, https:\/\/www.lestruffieres.com\/wp-content\/uploads\/2023\/02\/bibliotheque-partagee-camping-truffieres-300x200.jpg 300w, https:\/\/www.lestruffieres.com\/wp-content\/uploads\/2023\/02\/bibliotheque-partagee-camping-truffieres-768x512.jpg 768w\" sizes=\"(max-width: 864px) 100vw, 864px\" \/><\/figure>\n<\/div>\n<\/div>\n\n\r\n    <\/div>\r\n<\/section>\n\n<section id=\"ls-section-block_216f94c81de20f747bdc287bcc76f2b5\" class=\"ls-section  page-maillage has-m-t m-t-0 has-p-t p-t-10 has-p-b p-b-14\" >\r\n        <div class=\"container container--wide\">\r\n        \n\n<div id=\"ls-heading ls-titre-div-block_a158ffe2a8df2a614e16bb2b59622540\" class=\"ls-titre-div deco aligncenter h2-like\" >\n    Entdecken Sie unsere Animationen, unser Restaurant und den Pool!<\/div>\n\n\n<div id=\"ls-maillage-block_f2697658bb40a05e7d72061170a944ad\" class=\"ls-maillage cta-style-normal\" data-rows=\"3\">\r\n    <div class=\"wp-block-columns\"><div class=\"wp-block-column\">\n\n<a href=\"https:\/\/www.lestruffieres.com\/de\/animationen\/\" target=\"\" rel=\"noopener\" class=\"ls-cta__link\">\n\n\t<div class=\"ls-cta__image\"><img decoding=\"async\" src=\"https:\/\/www.lestruffieres.com\/wp-content\/uploads\/2023\/03\/camping-familial-dans-la-drome-provencale.jpg\" alt=\"camping familial drome provencale\"><\/div>\n\t<div class=\"ls-cta__title\">\n\t\tAnimationen\t<\/div>\n\t\n\t\t\n<\/a><\/div><div class=\"wp-block-column\">\n\n<a href=\"https:\/\/www.lestruffieres.com\/de\/restaurant\/\" target=\"\" rel=\"noopener\" class=\"ls-cta__link\">\n\n\t<div class=\"ls-cta__image\"><img decoding=\"async\" src=\"https:\/\/www.lestruffieres.com\/wp-content\/uploads\/2023\/02\/le-restaurant-du-camping-les-truffieres-en-provence.jpg\" alt=\"restaurant camping truffieres\"><\/div>\n\t<div class=\"ls-cta__title\">\n\t\tDie Restauration\t<\/div>\n\t\n\t\t\n<\/a><\/div><div class=\"wp-block-column\">\n\n<a href=\"https:\/\/www.lestruffieres.com\/de\/schwimmbad\/\" target=\"\" rel=\"noopener\" class=\"ls-cta__link\">\n\n\t<div class=\"ls-cta__image\"><img decoding=\"async\" src=\"https:\/\/www.lestruffieres.com\/wp-content\/uploads\/2023\/02\/camping-avec-piscine-et-pataugeoire-dans-la-drome.jpg\" alt=\"camping avec piscine drome\"><\/div>\n\t<div class=\"ls-cta__title\">\n\t\tSwimmingpool\t<\/div>\n\t\n\t\t\n<\/a><\/div><\/div><\/div>\n\r\n    <\/div>\r\n<\/section>","protected":false},"excerpt":{"rendered":"","protected":false},"author":1,"featured_media":2433,"parent":0,"menu_order":0,"comment_status":"closed","ping_status":"closed","template":"","meta":{"_acf_changed":false,"footnotes":""},"sujet":[],"class_list":["post-2973","page","type-page","status-publish","has-post-thumbnail","hentry"],"acf":[],"yoast_head":"<!-- This site is optimized with the Yoast SEO plugin v23.4 - https:\/\/yoast.com\/wordpress\/plugins\/seo\/ -->\n<title>Die auf dem Campingplatz Les Truffi\u00e8res verf\u00fcgbaren Aktivit\u00e4ten und Dienstleistungen.<\/title>\n<meta name=\"description\" content=\"Entdecken Sie die Dienstleistungen und Aktivit\u00e4ten des Campingplatzes: beheiztes Schwimmbad, WLAN, Bar, Restaurant, Eisdiele, Brot und Geb\u00e4ck, Waschmaschine etc.\" \/>\n<meta name=\"robots\" content=\"index, follow, max-snippet:-1, max-image-preview:large, max-video-preview:-1\" \/>\n<link rel=\"canonical\" href=\"https:\/\/www.lestruffieres.com\/de\/auf-dem-campingplatz\/\" \/>\n<meta property=\"og:locale\" content=\"de_DE\" \/>\n<meta property=\"og:type\" content=\"article\" \/>\n<meta property=\"og:title\" content=\"Die auf dem Campingplatz Les Truffi\u00e8res verf\u00fcgbaren Aktivit\u00e4ten und Dienstleistungen.\" \/>\n<meta property=\"og:description\" content=\"Entdecken Sie die Dienstleistungen und Aktivit\u00e4ten des Campingplatzes: beheiztes Schwimmbad, WLAN, Bar, Restaurant, Eisdiele, Brot und Geb\u00e4ck, Waschmaschine etc.\" \/>\n<meta property=\"og:url\" content=\"https:\/\/www.lestruffieres.com\/de\/auf-dem-campingplatz\/\" \/>\n<meta property=\"og:site_name\" content=\"Camping Les Truffi\u00e8res\" \/>\n<meta property=\"article:modified_time\" content=\"2023-06-19T09:14:22+00:00\" \/>\n<meta property=\"og:image\" content=\"https:\/\/www.lestruffieres.com\/wp-content\/uploads\/2023\/02\/camping-avec-services-qualite-truffieres-drome.jpg\" \/>\n\t<meta property=\"og:image:width\" content=\"1920\" \/>\n\t<meta property=\"og:image:height\" content=\"746\" \/>\n\t<meta property=\"og:image:type\" content=\"image\/jpeg\" \/>\n<meta name=\"twitter:card\" content=\"summary_large_image\" \/>\n<meta name=\"twitter:label1\" content=\"Gesch\u00e4tzte Lesezeit\" \/>\n\t<meta name=\"twitter:data1\" content=\"3\u00a0Minuten\" \/>\n<script type=\"application\/ld+json\" class=\"yoast-schema-graph\">{\"@context\":\"https:\/\/schema.org\",\"@graph\":[{\"@type\":\"WebPage\",\"@id\":\"https:\/\/www.lestruffieres.com\/de\/auf-dem-campingplatz\/\",\"url\":\"https:\/\/www.lestruffieres.com\/de\/auf-dem-campingplatz\/\",\"name\":\"Die auf dem Campingplatz Les Truffi\u00e8res verf\u00fcgbaren Aktivit\u00e4ten und Dienstleistungen.\",\"isPartOf\":{\"@id\":\"https:\/\/www.lestruffieres.com\/#website\"},\"primaryImageOfPage\":{\"@id\":\"https:\/\/www.lestruffieres.com\/de\/auf-dem-campingplatz\/#primaryimage\"},\"image\":{\"@id\":\"https:\/\/www.lestruffieres.com\/de\/auf-dem-campingplatz\/#primaryimage\"},\"thumbnailUrl\":\"https:\/\/www.lestruffieres.com\/wp-content\/uploads\/2023\/02\/camping-avec-services-qualite-truffieres-drome.jpg\",\"datePublished\":\"2023-02-06T08:08:51+00:00\",\"dateModified\":\"2023-06-19T09:14:22+00:00\",\"description\":\"Entdecken Sie die Dienstleistungen und Aktivit\u00e4ten des Campingplatzes: beheiztes Schwimmbad, WLAN, Bar, Restaurant, Eisdiele, Brot und Geb\u00e4ck, Waschmaschine etc.\",\"breadcrumb\":{\"@id\":\"https:\/\/www.lestruffieres.com\/de\/auf-dem-campingplatz\/#breadcrumb\"},\"inLanguage\":\"de\",\"potentialAction\":[{\"@type\":\"ReadAction\",\"target\":[\"https:\/\/www.lestruffieres.com\/de\/auf-dem-campingplatz\/\"]}]},{\"@type\":\"ImageObject\",\"inLanguage\":\"de\",\"@id\":\"https:\/\/www.lestruffieres.com\/de\/auf-dem-campingplatz\/#primaryimage\",\"url\":\"https:\/\/www.lestruffieres.com\/wp-content\/uploads\/2023\/02\/camping-avec-services-qualite-truffieres-drome.jpg\",\"contentUrl\":\"https:\/\/www.lestruffieres.com\/wp-content\/uploads\/2023\/02\/camping-avec-services-qualite-truffieres-drome.jpg\",\"width\":1920,\"height\":746,\"caption\":\"services camping\"},{\"@type\":\"BreadcrumbList\",\"@id\":\"https:\/\/www.lestruffieres.com\/de\/auf-dem-campingplatz\/#breadcrumb\",\"itemListElement\":[{\"@type\":\"ListItem\",\"position\":1,\"name\":\"Camping Dr\u00f4me\",\"item\":\"https:\/\/www.lestruffieres.com\/de\/\"},{\"@type\":\"ListItem\",\"position\":2,\"name\":\"Familiencampingplatz in der Dr\u00f4me Proven\u00e7ale\"}]},{\"@type\":\"WebSite\",\"@id\":\"https:\/\/www.lestruffieres.com\/#website\",\"url\":\"https:\/\/www.lestruffieres.com\/\",\"name\":\"Camping Les Truffi\u00e8res\",\"description\":\"\",\"publisher\":{\"@id\":\"https:\/\/www.lestruffieres.com\/#organization\"},\"potentialAction\":[{\"@type\":\"SearchAction\",\"target\":{\"@type\":\"EntryPoint\",\"urlTemplate\":\"https:\/\/www.lestruffieres.com\/?s={search_term_string}\"},\"query-input\":{\"@type\":\"PropertyValueSpecification\",\"valueRequired\":true,\"valueName\":\"search_term_string\"}}],\"inLanguage\":\"de\"},{\"@type\":\"Organization\",\"@id\":\"https:\/\/www.lestruffieres.com\/#organization\",\"name\":\"Camping Les Truffi\u00e8res\",\"url\":\"https:\/\/www.lestruffieres.com\/\",\"logo\":{\"@type\":\"ImageObject\",\"inLanguage\":\"de\",\"@id\":\"https:\/\/www.lestruffieres.com\/#\/schema\/logo\/image\/\",\"url\":\"https:\/\/www.lestruffieres.com\/wp-content\/uploads\/2023\/02\/camping-les-truffieres-logo-entete.png\",\"contentUrl\":\"https:\/\/www.lestruffieres.com\/wp-content\/uploads\/2023\/02\/camping-les-truffieres-logo-entete.png\",\"width\":742,\"height\":1020,\"caption\":\"Camping Les Truffi\u00e8res\"},\"image\":{\"@id\":\"https:\/\/www.lestruffieres.com\/#\/schema\/logo\/image\/\"}}]}<\/script>\n<!-- \/ Yoast SEO plugin. -->","yoast_head_json":{"title":"Die auf dem Campingplatz Les Truffi\u00e8res verf\u00fcgbaren Aktivit\u00e4ten und Dienstleistungen.","description":"Entdecken Sie die Dienstleistungen und Aktivit\u00e4ten des Campingplatzes: beheiztes Schwimmbad, WLAN, Bar, Restaurant, Eisdiele, Brot und Geb\u00e4ck, Waschmaschine etc.","robots":{"index":"index","follow":"follow","max-snippet":"max-snippet:-1","max-image-preview":"max-image-preview:large","max-video-preview":"max-video-preview:-1"},"canonical":"https:\/\/www.lestruffieres.com\/de\/auf-dem-campingplatz\/","og_locale":"de_DE","og_type":"article","og_title":"Die auf dem Campingplatz Les Truffi\u00e8res verf\u00fcgbaren Aktivit\u00e4ten und Dienstleistungen.","og_description":"Entdecken Sie die Dienstleistungen und Aktivit\u00e4ten des Campingplatzes: beheiztes Schwimmbad, WLAN, Bar, Restaurant, Eisdiele, Brot und Geb\u00e4ck, Waschmaschine etc.","og_url":"https:\/\/www.lestruffieres.com\/de\/auf-dem-campingplatz\/","og_site_name":"Camping Les Truffi\u00e8res","article_modified_time":"2023-06-19T09:14:22+00:00","og_image":[{"width":1920,"height":746,"url":"https:\/\/www.lestruffieres.com\/wp-content\/uploads\/2023\/02\/camping-avec-services-qualite-truffieres-drome.jpg","type":"image\/jpeg"}],"twitter_card":"summary_large_image","twitter_misc":{"Gesch\u00e4tzte Lesezeit":"3\u00a0Minuten"},"schema":{"@context":"https:\/\/schema.org","@graph":[{"@type":"WebPage","@id":"https:\/\/www.lestruffieres.com\/de\/auf-dem-campingplatz\/","url":"https:\/\/www.lestruffieres.com\/de\/auf-dem-campingplatz\/","name":"Die auf dem Campingplatz Les Truffi\u00e8res verf\u00fcgbaren Aktivit\u00e4ten und Dienstleistungen.","isPartOf":{"@id":"https:\/\/www.lestruffieres.com\/#website"},"primaryImageOfPage":{"@id":"https:\/\/www.lestruffieres.com\/de\/auf-dem-campingplatz\/#primaryimage"},"image":{"@id":"https:\/\/www.lestruffieres.com\/de\/auf-dem-campingplatz\/#primaryimage"},"thumbnailUrl":"https:\/\/www.lestruffieres.com\/wp-content\/uploads\/2023\/02\/camping-avec-services-qualite-truffieres-drome.jpg","datePublished":"2023-02-06T08:08:51+00:00","dateModified":"2023-06-19T09:14:22+00:00","description":"Entdecken Sie die Dienstleistungen und Aktivit\u00e4ten des Campingplatzes: beheiztes Schwimmbad, WLAN, Bar, Restaurant, Eisdiele, Brot und Geb\u00e4ck, Waschmaschine etc.","breadcrumb":{"@id":"https:\/\/www.lestruffieres.com\/de\/auf-dem-campingplatz\/#breadcrumb"},"inLanguage":"de","potentialAction":[{"@type":"ReadAction","target":["https:\/\/www.lestruffieres.com\/de\/auf-dem-campingplatz\/"]}]},{"@type":"ImageObject","inLanguage":"de","@id":"https:\/\/www.lestruffieres.com\/de\/auf-dem-campingplatz\/#primaryimage","url":"https:\/\/www.lestruffieres.com\/wp-content\/uploads\/2023\/02\/camping-avec-services-qualite-truffieres-drome.jpg","contentUrl":"https:\/\/www.lestruffieres.com\/wp-content\/uploads\/2023\/02\/camping-avec-services-qualite-truffieres-drome.jpg","width":1920,"height":746,"caption":"services camping"},{"@type":"BreadcrumbList","@id":"https:\/\/www.lestruffieres.com\/de\/auf-dem-campingplatz\/#breadcrumb","itemListElement":[{"@type":"ListItem","position":1,"name":"Camping Dr\u00f4me","item":"https:\/\/www.lestruffieres.com\/de\/"},{"@type":"ListItem","position":2,"name":"Familiencampingplatz in der Dr\u00f4me Proven\u00e7ale"}]},{"@type":"WebSite","@id":"https:\/\/www.lestruffieres.com\/#website","url":"https:\/\/www.lestruffieres.com\/","name":"Camping Les Truffi\u00e8res","description":"","publisher":{"@id":"https:\/\/www.lestruffieres.com\/#organization"},"potentialAction":[{"@type":"SearchAction","target":{"@type":"EntryPoint","urlTemplate":"https:\/\/www.lestruffieres.com\/?s={search_term_string}"},"query-input":{"@type":"PropertyValueSpecification","valueRequired":true,"valueName":"search_term_string"}}],"inLanguage":"de"},{"@type":"Organization","@id":"https:\/\/www.lestruffieres.com\/#organization","name":"Camping Les Truffi\u00e8res","url":"https:\/\/www.lestruffieres.com\/","logo":{"@type":"ImageObject","inLanguage":"de","@id":"https:\/\/www.lestruffieres.com\/#\/schema\/logo\/image\/","url":"https:\/\/www.lestruffieres.com\/wp-content\/uploads\/2023\/02\/camping-les-truffieres-logo-entete.png","contentUrl":"https:\/\/www.lestruffieres.com\/wp-content\/uploads\/2023\/02\/camping-les-truffieres-logo-entete.png","width":742,"height":1020,"caption":"Camping Les Truffi\u00e8res"},"image":{"@id":"https:\/\/www.lestruffieres.com\/#\/schema\/logo\/image\/"}}]}},"_links":{"self":[{"href":"https:\/\/www.lestruffieres.com\/de\/wp-json\/wp\/v2\/pages\/2973","targetHints":{"allow":["GET"]}}],"collection":[{"href":"https:\/\/www.lestruffieres.com\/de\/wp-json\/wp\/v2\/pages"}],"about":[{"href":"https:\/\/www.lestruffieres.com\/de\/wp-json\/wp\/v2\/types\/page"}],"author":[{"embeddable":true,"href":"https:\/\/www.lestruffieres.com\/de\/wp-json\/wp\/v2\/users\/1"}],"replies":[{"embeddable":true,"href":"https:\/\/www.lestruffieres.com\/de\/wp-json\/wp\/v2\/comments?post=2973"}],"version-history":[{"count":11,"href":"https:\/\/www.lestruffieres.com\/de\/wp-json\/wp\/v2\/pages\/2973\/revisions"}],"predecessor-version":[{"id":6540,"href":"https:\/\/www.lestruffieres.com\/de\/wp-json\/wp\/v2\/pages\/2973\/revisions\/6540"}],"wp:featuredmedia":[{"embeddable":true,"href":"https:\/\/www.lestruffieres.com\/de\/wp-json\/wp\/v2\/media\/2433"}],"wp:attachment":[{"href":"https:\/\/www.lestruffieres.com\/de\/wp-json\/wp\/v2\/media?parent=2973"}],"wp:term":[{"taxonomy":"sujet","embeddable":true,"href":"https:\/\/www.lestruffieres.com\/de\/wp-json\/wp\/v2\/sujet?post=2973"}],"curies":[{"name":"wp","href":"https:\/\/api.w.org\/{rel}","templated":true}]}}