{"id":2963,"date":"2023-02-06T09:11:44","date_gmt":"2023-02-06T08:11:44","guid":{"rendered":"https:\/\/www.lestruffieres.com\/foerderung\/"},"modified":"2023-03-27T21:03:31","modified_gmt":"2023-03-27T19:03:31","slug":"foerderung","status":"publish","type":"page","link":"https:\/\/www.lestruffieres.com\/de\/foerderung\/","title":{"rendered":"Sonderangebote"},"content":{"rendered":"<section id=\"ls-section-block_dbc1f7372e92e3a88d43a8f06571c773\" class=\"ls-section  page-intro has-p-b p-b-4\" >\r\n        <div class=\"container container--wide\">\r\n        \n\n<h1 class=\"ls__heading has-text-align-center wp-block-heading\">G\u00fcnstiger Campingplatz in der Dr\u00f4me<\/h1>\n\n\r\n    <\/div>\r\n<\/section>\n\n<section id=\"ls-section-block_5fea768a8e25239e0fda84351b37364b\" class=\"ls-section  has-m-t m-t-0 has-p-t p-t-0\" >\r\n        <div class=\"container \">\r\n        \n\n<script>\n    window.ctoutvert = {\n\t\tid: 2561, \n\t\tlang: 'auto', \n\t\turl: 'https:\/\/bookingpremium.secureholiday.net\/widgets\/'\n    };\n\n    (function (w, d, s, ctv, r, js, fjs) {\n        r=new XMLHttpRequest();r.open('GET',w[ctv].url+'js\/src.json');\n        r.responseType='json';r.json=true;r.send();\n        r.onload=function(){w[ctv].src=r.responseType=='json'?r.response:JSON.parse(r.response);\n        js.src=w[ctv].src[0];fjs.parentNode.insertBefore(js, fjs);}\n        js=d.createElement(s),fjs=d.getElementsByTagName(s)[0];\n        js.id='ctvwidget';js.async=1;\n    }(window, document, 'script', 'ctoutvert'));\n<\/script>\n<ctv-offers data-display-mode=\"carousel\"><\/ctv-offers>\n\n\r\n    <\/div>\r\n<\/section>\n\n<section id=\"ls-section-block_5daf13580dba0b111e49495eb3644fd8\" class=\"ls-section  page-three has-background green has-p-t p-t-14 has-p-b p-b-14\" >\r\n        <div class=\"container container--wide\">\r\n        \n\n<div class=\"wp-block-columns is-layout-flex wp-container-core-columns-is-layout-9d6595d7 wp-block-columns-is-layout-flex\">\n<div class=\"wp-block-column is-vertically-aligned-center is-layout-flow wp-block-column-is-layout-flow\" style=\"flex-basis:66.66%\">\n<figure class=\"wp-block-image size-full animated bounceInLeft slow delay-100ms\"><img decoding=\"async\" width=\"864\" height=\"576\" src=\"https:\/\/www.lestruffieres.com\/wp-content\/uploads\/2023\/03\/camping-truffieres-mobil-home-a-petit-prix.jpg\" alt=\"campingplatz truffieres mobilheim zum kleinen preis\" class=\"wp-image-2005\" srcset=\"https:\/\/www.lestruffieres.com\/wp-content\/uploads\/2023\/03\/camping-truffieres-mobil-home-a-petit-prix.jpg 864w, https:\/\/www.lestruffieres.com\/wp-content\/uploads\/2023\/03\/camping-truffieres-mobil-home-a-petit-prix-300x200.jpg 300w, https:\/\/www.lestruffieres.com\/wp-content\/uploads\/2023\/03\/camping-truffieres-mobil-home-a-petit-prix-768x512.jpg 768w\" sizes=\"(max-width: 864px) 100vw, 864px\" \/><\/figure>\n<\/div>\n\n\n\n<div class=\"wp-block-column is-vertically-aligned-center is-layout-flow wp-block-column-is-layout-flow\" style=\"flex-basis:33.33%\">\n<h2 class=\"ls__heading deco wp-block-heading\">Profitieren Sie von unseren Sonderangeboten in Grignan<\/h2>\n\n\n\n<div id=\"ls-heading ls-titre-div-block_660f30950ff7cb72a085c554f8c0c520\" class=\"ls-titre-div h3-like\" >\n    Die Zukunft geh\u00f6rt denjenigen, die fr\u00fchzeitig buchen.<\/div>\n\n\n\n<p class=\"ls-paragraph\">Wenn Sie fr\u00fch buchen, fahren Sie mit einem Vorsprung in den Urlaub und genie\u00dfen Sie die Wahl Ihrer Unterkunft oder Ihres Stellplatzes <strong>mit einem Rabatt.<\/strong><\/p>\n\n\n\n<p class=\"ls-paragraph\">Wenn Sie vor dem 31.12. buchen, profitieren Sie von unserem Early Booking Angebot :<\/p>\n\n\n\n<ul class=\"ls-list wp-block-list\">\n<li>Sparen Sie bis zu 20<\/li>\n\n\n\n<li>Mietpreis ab 50 \u20ac pro Nacht<\/li>\n\n\n\n<li>Ihren Aufenthalt bis zu 21 Tage vor Ihrer Abreise \u00e4ndern<\/li>\n\n\n\n<li>Die Garantie, die beliebtesten Unterk\u00fcnfte buchen zu k\u00f6nnen: Wer zuerst kommt, wird zuerst bedient!<\/li>\n<\/ul>\n\n\n\n<p class=\"ls-paragraph\">Der <a href=\"https:\/\/www.lestruffieres.com\/de\/\">Campingplatz Les Truffi\u00e8res<\/a> ist <strong>vom 07. April bis zum 09. Oktober 2023<\/strong> ge\u00f6ffnet. Sie k\u00f6nnen uns per E-Mail unter info@lestruffieres oder telefonisch kontaktieren.<\/p>\n<\/div>\n<\/div>\n\n\r\n    <\/div>\r\n<\/section>\n\n<section id=\"ls-section-block_dc8a1d7db9bf4f3a7a4973ab4272a8e2\" class=\"ls-section  page-four has-p-t p-t-14 has-p-b p-b-14\" >\r\n        <div class=\"container container--wide\">\r\n        \n\n<div class=\"wp-block-columns is-layout-flex wp-container-core-columns-is-layout-9d6595d7 wp-block-columns-is-layout-flex\">\n<div class=\"wp-block-column is-vertically-aligned-center is-layout-flow wp-block-column-is-layout-flow\" style=\"flex-basis:33.33%\">\n<h2 class=\"ls__heading deco wp-block-heading\">Unsere Sonderangebote f\u00fcr Ihren Aufenthalt auf dem Campingplatz<\/h2>\n\n\n\n<p class=\"ls-paragraph\">Die Vorteile unseres Campingplatzes: <strong>Die Bearbeitungsgeb\u00fchren sind w\u00e4hrend der gesamten Saison kostenlos.<\/strong><\/p>\n\n\n\n<p class=\"ls-paragraph\">Unsere <a href=\"https:\/\/www.lestruffieres.com\/de\/mobilheimvermietung-drome\/\">Mietunterk\u00fcnfte<\/a> :<\/p>\n\n\n\n<ul class=\"ls-list wp-block-list\">\n<li>Reservierung von 2 Tagen in der Nebensaison in <a href=\"https:\/\/www.lestruffieres.com\/de\/vermietung-insolit-grignan\/\">Glamping-<\/a> oder klassischen Unterk\u00fcnften f\u00fcr ein regenerierendes Wochenende<\/li>\n\n\n\n<li>Die Reiser\u00fccktrittsversicherung deckt Sie bei unvorhergesehenen Ereignissen ab<\/li>\n\n\n\n<li>Eine gro\u00dfe Auswahl an M\u00f6glichkeiten<\/li>\n<\/ul>\n<\/div>\n\n\n\n<div class=\"wp-block-column is-vertically-aligned-center is-layout-flow wp-block-column-is-layout-flow\" style=\"flex-basis:66.66%\">\n<figure class=\"wp-block-image size-full animated fadeInRight delay-100ms slow\"><img decoding=\"async\" width=\"864\" height=\"576\" src=\"https:\/\/www.lestruffieres.com\/wp-content\/uploads\/2023\/03\/profitez-de-vacances-glamping-dans-la-drome.jpg\" alt=\"genie\u00dfen Sie einen Glamping-Urlaub in der Drome\" class=\"wp-image-2014\" srcset=\"https:\/\/www.lestruffieres.com\/wp-content\/uploads\/2023\/03\/profitez-de-vacances-glamping-dans-la-drome.jpg 864w, https:\/\/www.lestruffieres.com\/wp-content\/uploads\/2023\/03\/profitez-de-vacances-glamping-dans-la-drome-300x200.jpg 300w, https:\/\/www.lestruffieres.com\/wp-content\/uploads\/2023\/03\/profitez-de-vacances-glamping-dans-la-drome-768x512.jpg 768w\" sizes=\"(max-width: 864px) 100vw, 864px\" \/><\/figure>\n<\/div>\n<\/div>\n\n\r\n    <\/div>\r\n<\/section>\n\n<section id=\"ls-section-block_4d991ab740de5b8fe8c5c3d8ee803e94\" class=\"ls-section  has-background has-color-3-background-color\" >\r\n        <div class=\"container container--wide\">\r\n        \n\n<div class=\"wp-block-columns is-layout-flex wp-container-core-columns-is-layout-9d6595d7 wp-block-columns-is-layout-flex\">\n<div class=\"wp-block-column is-vertically-aligned-center is-layout-flow wp-block-column-is-layout-flow\" style=\"flex-basis:66.66%\">\n<figure class=\"wp-block-image size-full animated fadeInRight delay-100ms slow\"><img decoding=\"async\" width=\"864\" height=\"576\" src=\"https:\/\/www.lestruffieres.com\/wp-content\/uploads\/2023\/03\/emplacement-tente-caravane-les-truffieres.jpg\" alt=\"stellplatz zelt wohnwagen les truffieres\" class=\"wp-image-2009\" srcset=\"https:\/\/www.lestruffieres.com\/wp-content\/uploads\/2023\/03\/emplacement-tente-caravane-les-truffieres.jpg 864w, https:\/\/www.lestruffieres.com\/wp-content\/uploads\/2023\/03\/emplacement-tente-caravane-les-truffieres-300x200.jpg 300w, https:\/\/www.lestruffieres.com\/wp-content\/uploads\/2023\/03\/emplacement-tente-caravane-les-truffieres-768x512.jpg 768w\" sizes=\"(max-width: 864px) 100vw, 864px\" \/><\/figure>\n<\/div>\n\n\n\n<div class=\"wp-block-column is-vertically-aligned-center is-layout-flow wp-block-column-is-layout-flow\" style=\"flex-basis:33.33%\">\n<p class=\"ls-paragraph\">Unsere Campingpl\u00e4tze :<\/p>\n\n\n\n<ul class=\"ls-list wp-block-list\">\n<li>Reservierung 1 Nacht<\/li>\n\n\n\n<li>Alle Pakete beinhalten die <a href=\"https:\/\/www.lestruffieres.com\/de\/stellplaetze-campingplatz-grignan-provence\/\">Miete des Stellplatzes<\/a> f\u00fcr 2 Personen mit Ihrer Einrichtung und Strom<\/li>\n\n\n\n<li>Wasserspender in der N\u00e4he jedes Stellplatzes<\/li>\n\n\n\n<li>10 Amp an allen Standorten<\/li>\n\n\n\n<li>K\u00fchlschrank oder Tisch und St\u00fchle k\u00f6nnen je nach Verf\u00fcgbarkeit gemietet werden.<\/li>\n\n\n\n<li>Die Reiser\u00fccktrittsversicherung deckt Sie bei unvorhergesehenen Ereignissen ab<\/li>\n\n\n\n<li>Eine gro\u00dfe Auswahl an M\u00f6glichkeiten<\/li>\n<\/ul>\n<\/div>\n<\/div>\n\n\r\n    <\/div>\r\n<\/section>\n\n<section id=\"ls-section-block_7161a65e0ab5f36cd1ff44e8faf3b811\" class=\"ls-section  page-five has-background has-color-white-background-color has-m-b m-b-0 has-p-t p-t-8 has-p-b p-b-4\" >\r\n        <div class=\"container container--wide\">\r\n        \n\n<div id=\"ls-heading ls-titre-div-block_97c4fe4127b5bd03a871575b3198d6f9\" class=\"ls-titre-div deco aligncenter h2-like\" >\n    Praktische Infos<\/div>\n\n\n\n<p class=\"ls-paragraph has-text-align-center\">Wenn Sie eine Information oder einen Sonderpreis w\u00fcnschen oder nicht finden k\u00f6nnen, was Sie suchen, <strong>rufen Sie uns unter 04 75 46 93 62<\/strong> an oder <strong>schicken Sie uns eine E-Mail info@lestruffieres.com.<\/strong><\/p>\n\n\n\n<p class=\"ls-paragraph has-text-align-center\">R\u00fcckversicherung: Wir empfehlen Ihnen, sich f\u00fcr eine Reiser\u00fccktrittsversicherung zu entscheiden, die Sie individuell absichert, falls Sie Ihren Urlaub nicht genie\u00dfen k\u00f6nnen. Aber im Falle von Regierungsentscheidungen zur Schlie\u00dfung unseres Campingplatzes oder von Reisebeschr\u00e4nkungen oder Grenzschlie\u00dfungen werden wir Ihnen entweder eine R\u00fcckerstattung oder eine Gutschrift anbieten. Seien Sie versichert, dass wir Ihnen gerne zuh\u00f6ren.<\/p>\n\n\r\n    <\/div>\r\n<\/section>\n\n<section id=\"ls-section-block_28e513860e20be7f1309002ed129bd42\" class=\"ls-section  page-maillage has-m-t m-t-0 has-p-t p-t-4 has-p-b p-b-14\" >\r\n        <div class=\"container container--wide\">\r\n        \n\n<div id=\"ls-heading ls-titre-div-block_a00c46bd852a1a620aae95b67109c135\" class=\"ls-titre-div deco aligncenter h2-like\" >\n    Entdecken Sie unsere verschiedenen Arten von Unterk\u00fcnften!<\/div>\n\n\n<div id=\"ls-maillage-block_a62767534f26d9335f5423e4b5c65482\" class=\"ls-maillage cta-style-normal\" data-rows=\"3\">\r\n    <div class=\"wp-block-columns\"><div class=\"wp-block-column\">\n\n<a href=\"https:\/\/www.lestruffieres.com\/de\/stellplaetze-campingplatz-grignan-provence\/\" target=\"\" rel=\"noopener\" class=\"ls-cta__link\">\n\n\t<div class=\"ls-cta__image\"><img decoding=\"async\" src=\"https:\/\/www.lestruffieres.com\/wp-content\/uploads\/2023\/03\/emplacement-tente-camping-truffieres-768x512.jpg\" alt=\"emplacement tente grignan\"><\/div>\n\t<div class=\"ls-cta__title\">\n\t\tDie Stellpl\u00e4tze\t<\/div>\n\t\n\t\t\n<\/a><\/div><div class=\"wp-block-column\">\n\n<a href=\"https:\/\/www.lestruffieres.com\/de\/mobilheimvermietung-drome\/\" target=\"\" rel=\"noopener\" class=\"ls-cta__link\">\n\n\t<div class=\"ls-cta__image\"><img decoding=\"async\" src=\"https:\/\/www.lestruffieres.com\/wp-content\/uploads\/2023\/03\/location-de-mobil-home-dans-la-drome-768x512.jpg\" alt=\"location de mobil home dans la drome\"><\/div>\n\t<div class=\"ls-cta__title\">\n\t\tUnsere Mobilheime\t<\/div>\n\t\n\t\t\n<\/a><\/div><div class=\"wp-block-column\">\n\n<a href=\"https:\/\/www.lestruffieres.com\/de\/vermietung-insolit-grignan\/\" target=\"\" rel=\"noopener\" class=\"ls-cta__link\">\n\n\t<div class=\"ls-cta__image\"><img decoding=\"async\" src=\"https:\/\/www.lestruffieres.com\/wp-content\/uploads\/2023\/03\/tente-lodge.webp\" alt=\"tente lodge drome\"><\/div>\n\t<div class=\"ls-cta__title\">\n\t\tAtypische Unterkunft\t<\/div>\n\t\n\t\t\n<\/a><\/div><\/div><\/div>\n\r\n    <\/div>\r\n<\/section>","protected":false},"excerpt":{"rendered":"","protected":false},"author":1,"featured_media":2727,"parent":0,"menu_order":0,"comment_status":"closed","ping_status":"closed","template":"","meta":{"_acf_changed":false,"footnotes":""},"sujet":[],"class_list":["post-2963","page","type-page","status-publish","has-post-thumbnail","hentry"],"acf":[],"yoast_head":"<!-- This site is optimized with the Yoast SEO plugin v23.4 - https:\/\/yoast.com\/wordpress\/plugins\/seo\/ -->\n<title>Promotion und g\u00fcnstiges Camping in der Dr\u00f4me<\/title>\n<meta name=\"description\" content=\"Buchen Sie jetzt Ihren Urlaub in der Dr\u00f4me Proven\u00e7ale zum G\u00dcNSTIGEN PREIS und profitieren Sie von unseren Angeboten, wenn Sie jetzt buchen.\" \/>\n<meta name=\"robots\" content=\"index, follow, max-snippet:-1, max-image-preview:large, max-video-preview:-1\" \/>\n<link rel=\"canonical\" href=\"https:\/\/www.lestruffieres.com\/de\/foerderung\/\" \/>\n<meta property=\"og:locale\" content=\"de_DE\" \/>\n<meta property=\"og:type\" content=\"article\" \/>\n<meta property=\"og:title\" content=\"Promotion und g\u00fcnstiges Camping in der Dr\u00f4me\" \/>\n<meta property=\"og:description\" content=\"Buchen Sie jetzt Ihren Urlaub in der Dr\u00f4me Proven\u00e7ale zum G\u00dcNSTIGEN PREIS und profitieren Sie von unseren Angeboten, wenn Sie jetzt buchen.\" \/>\n<meta property=\"og:url\" content=\"https:\/\/www.lestruffieres.com\/de\/foerderung\/\" \/>\n<meta property=\"og:site_name\" content=\"Camping Les Truffi\u00e8res\" \/>\n<meta property=\"article:modified_time\" content=\"2023-03-27T19:03:31+00:00\" \/>\n<meta property=\"og:image\" content=\"https:\/\/www.lestruffieres.com\/wp-content\/uploads\/2023\/03\/camping-les-truffieres-dans-la-drome-provencale-1.webp\" \/>\n\t<meta property=\"og:image:width\" content=\"1920\" \/>\n\t<meta property=\"og:image:height\" content=\"746\" \/>\n\t<meta property=\"og:image:type\" content=\"image\/webp\" \/>\n<meta name=\"twitter:card\" content=\"summary_large_image\" \/>\n<meta name=\"twitter:label1\" content=\"Gesch\u00e4tzte Lesezeit\" \/>\n\t<meta name=\"twitter:data1\" content=\"3\u00a0Minuten\" \/>\n<script type=\"application\/ld+json\" class=\"yoast-schema-graph\">{\"@context\":\"https:\/\/schema.org\",\"@graph\":[{\"@type\":\"WebPage\",\"@id\":\"https:\/\/www.lestruffieres.com\/de\/foerderung\/\",\"url\":\"https:\/\/www.lestruffieres.com\/de\/foerderung\/\",\"name\":\"Promotion und g\u00fcnstiges Camping in der Dr\u00f4me\",\"isPartOf\":{\"@id\":\"https:\/\/www.lestruffieres.com\/#website\"},\"primaryImageOfPage\":{\"@id\":\"https:\/\/www.lestruffieres.com\/de\/foerderung\/#primaryimage\"},\"image\":{\"@id\":\"https:\/\/www.lestruffieres.com\/de\/foerderung\/#primaryimage\"},\"thumbnailUrl\":\"https:\/\/www.lestruffieres.com\/wp-content\/uploads\/2023\/03\/camping-les-truffieres-dans-la-drome-provencale-1.webp\",\"datePublished\":\"2023-02-06T08:11:44+00:00\",\"dateModified\":\"2023-03-27T19:03:31+00:00\",\"description\":\"Buchen Sie jetzt Ihren Urlaub in der Dr\u00f4me Proven\u00e7ale zum G\u00dcNSTIGEN PREIS und profitieren Sie von unseren Angeboten, wenn Sie jetzt buchen.\",\"breadcrumb\":{\"@id\":\"https:\/\/www.lestruffieres.com\/de\/foerderung\/#breadcrumb\"},\"inLanguage\":\"de\",\"potentialAction\":[{\"@type\":\"ReadAction\",\"target\":[\"https:\/\/www.lestruffieres.com\/de\/foerderung\/\"]}]},{\"@type\":\"ImageObject\",\"inLanguage\":\"de\",\"@id\":\"https:\/\/www.lestruffieres.com\/de\/foerderung\/#primaryimage\",\"url\":\"https:\/\/www.lestruffieres.com\/wp-content\/uploads\/2023\/03\/camping-les-truffieres-dans-la-drome-provencale-1.webp\",\"contentUrl\":\"https:\/\/www.lestruffieres.com\/wp-content\/uploads\/2023\/03\/camping-les-truffieres-dans-la-drome-provencale-1.webp\",\"width\":1920,\"height\":746,\"caption\":\"camping drome\"},{\"@type\":\"BreadcrumbList\",\"@id\":\"https:\/\/www.lestruffieres.com\/de\/foerderung\/#breadcrumb\",\"itemListElement\":[{\"@type\":\"ListItem\",\"position\":1,\"name\":\"Camping Dr\u00f4me\",\"item\":\"https:\/\/www.lestruffieres.com\/de\/\"},{\"@type\":\"ListItem\",\"position\":2,\"name\":\"Campingplatz mit Sonderangeboten in Grignan\"}]},{\"@type\":\"WebSite\",\"@id\":\"https:\/\/www.lestruffieres.com\/#website\",\"url\":\"https:\/\/www.lestruffieres.com\/\",\"name\":\"Camping Les Truffi\u00e8res\",\"description\":\"\",\"publisher\":{\"@id\":\"https:\/\/www.lestruffieres.com\/#organization\"},\"potentialAction\":[{\"@type\":\"SearchAction\",\"target\":{\"@type\":\"EntryPoint\",\"urlTemplate\":\"https:\/\/www.lestruffieres.com\/?s={search_term_string}\"},\"query-input\":{\"@type\":\"PropertyValueSpecification\",\"valueRequired\":true,\"valueName\":\"search_term_string\"}}],\"inLanguage\":\"de\"},{\"@type\":\"Organization\",\"@id\":\"https:\/\/www.lestruffieres.com\/#organization\",\"name\":\"Camping Les Truffi\u00e8res\",\"url\":\"https:\/\/www.lestruffieres.com\/\",\"logo\":{\"@type\":\"ImageObject\",\"inLanguage\":\"de\",\"@id\":\"https:\/\/www.lestruffieres.com\/#\/schema\/logo\/image\/\",\"url\":\"https:\/\/www.lestruffieres.com\/wp-content\/uploads\/2023\/02\/camping-les-truffieres-logo-entete.png\",\"contentUrl\":\"https:\/\/www.lestruffieres.com\/wp-content\/uploads\/2023\/02\/camping-les-truffieres-logo-entete.png\",\"width\":742,\"height\":1020,\"caption\":\"Camping Les Truffi\u00e8res\"},\"image\":{\"@id\":\"https:\/\/www.lestruffieres.com\/#\/schema\/logo\/image\/\"}}]}<\/script>\n<!-- \/ Yoast SEO plugin. -->","yoast_head_json":{"title":"Promotion und g\u00fcnstiges Camping in der Dr\u00f4me","description":"Buchen Sie jetzt Ihren Urlaub in der Dr\u00f4me Proven\u00e7ale zum G\u00dcNSTIGEN PREIS und profitieren Sie von unseren Angeboten, wenn Sie jetzt buchen.","robots":{"index":"index","follow":"follow","max-snippet":"max-snippet:-1","max-image-preview":"max-image-preview:large","max-video-preview":"max-video-preview:-1"},"canonical":"https:\/\/www.lestruffieres.com\/de\/foerderung\/","og_locale":"de_DE","og_type":"article","og_title":"Promotion und g\u00fcnstiges Camping in der Dr\u00f4me","og_description":"Buchen Sie jetzt Ihren Urlaub in der Dr\u00f4me Proven\u00e7ale zum G\u00dcNSTIGEN PREIS und profitieren Sie von unseren Angeboten, wenn Sie jetzt buchen.","og_url":"https:\/\/www.lestruffieres.com\/de\/foerderung\/","og_site_name":"Camping Les Truffi\u00e8res","article_modified_time":"2023-03-27T19:03:31+00:00","og_image":[{"width":1920,"height":746,"url":"https:\/\/www.lestruffieres.com\/wp-content\/uploads\/2023\/03\/camping-les-truffieres-dans-la-drome-provencale-1.webp","type":"image\/webp"}],"twitter_card":"summary_large_image","twitter_misc":{"Gesch\u00e4tzte Lesezeit":"3\u00a0Minuten"},"schema":{"@context":"https:\/\/schema.org","@graph":[{"@type":"WebPage","@id":"https:\/\/www.lestruffieres.com\/de\/foerderung\/","url":"https:\/\/www.lestruffieres.com\/de\/foerderung\/","name":"Promotion und g\u00fcnstiges Camping in der Dr\u00f4me","isPartOf":{"@id":"https:\/\/www.lestruffieres.com\/#website"},"primaryImageOfPage":{"@id":"https:\/\/www.lestruffieres.com\/de\/foerderung\/#primaryimage"},"image":{"@id":"https:\/\/www.lestruffieres.com\/de\/foerderung\/#primaryimage"},"thumbnailUrl":"https:\/\/www.lestruffieres.com\/wp-content\/uploads\/2023\/03\/camping-les-truffieres-dans-la-drome-provencale-1.webp","datePublished":"2023-02-06T08:11:44+00:00","dateModified":"2023-03-27T19:03:31+00:00","description":"Buchen Sie jetzt Ihren Urlaub in der Dr\u00f4me Proven\u00e7ale zum G\u00dcNSTIGEN PREIS und profitieren Sie von unseren Angeboten, wenn Sie jetzt buchen.","breadcrumb":{"@id":"https:\/\/www.lestruffieres.com\/de\/foerderung\/#breadcrumb"},"inLanguage":"de","potentialAction":[{"@type":"ReadAction","target":["https:\/\/www.lestruffieres.com\/de\/foerderung\/"]}]},{"@type":"ImageObject","inLanguage":"de","@id":"https:\/\/www.lestruffieres.com\/de\/foerderung\/#primaryimage","url":"https:\/\/www.lestruffieres.com\/wp-content\/uploads\/2023\/03\/camping-les-truffieres-dans-la-drome-provencale-1.webp","contentUrl":"https:\/\/www.lestruffieres.com\/wp-content\/uploads\/2023\/03\/camping-les-truffieres-dans-la-drome-provencale-1.webp","width":1920,"height":746,"caption":"camping drome"},{"@type":"BreadcrumbList","@id":"https:\/\/www.lestruffieres.com\/de\/foerderung\/#breadcrumb","itemListElement":[{"@type":"ListItem","position":1,"name":"Camping Dr\u00f4me","item":"https:\/\/www.lestruffieres.com\/de\/"},{"@type":"ListItem","position":2,"name":"Campingplatz mit Sonderangeboten in Grignan"}]},{"@type":"WebSite","@id":"https:\/\/www.lestruffieres.com\/#website","url":"https:\/\/www.lestruffieres.com\/","name":"Camping Les Truffi\u00e8res","description":"","publisher":{"@id":"https:\/\/www.lestruffieres.com\/#organization"},"potentialAction":[{"@type":"SearchAction","target":{"@type":"EntryPoint","urlTemplate":"https:\/\/www.lestruffieres.com\/?s={search_term_string}"},"query-input":{"@type":"PropertyValueSpecification","valueRequired":true,"valueName":"search_term_string"}}],"inLanguage":"de"},{"@type":"Organization","@id":"https:\/\/www.lestruffieres.com\/#organization","name":"Camping Les Truffi\u00e8res","url":"https:\/\/www.lestruffieres.com\/","logo":{"@type":"ImageObject","inLanguage":"de","@id":"https:\/\/www.lestruffieres.com\/#\/schema\/logo\/image\/","url":"https:\/\/www.lestruffieres.com\/wp-content\/uploads\/2023\/02\/camping-les-truffieres-logo-entete.png","contentUrl":"https:\/\/www.lestruffieres.com\/wp-content\/uploads\/2023\/02\/camping-les-truffieres-logo-entete.png","width":742,"height":1020,"caption":"Camping Les Truffi\u00e8res"},"image":{"@id":"https:\/\/www.lestruffieres.com\/#\/schema\/logo\/image\/"}}]}},"_links":{"self":[{"href":"https:\/\/www.lestruffieres.com\/de\/wp-json\/wp\/v2\/pages\/2963","targetHints":{"allow":["GET"]}}],"collection":[{"href":"https:\/\/www.lestruffieres.com\/de\/wp-json\/wp\/v2\/pages"}],"about":[{"href":"https:\/\/www.lestruffieres.com\/de\/wp-json\/wp\/v2\/types\/page"}],"author":[{"embeddable":true,"href":"https:\/\/www.lestruffieres.com\/de\/wp-json\/wp\/v2\/users\/1"}],"replies":[{"embeddable":true,"href":"https:\/\/www.lestruffieres.com\/de\/wp-json\/wp\/v2\/comments?post=2963"}],"version-history":[{"count":4,"href":"https:\/\/www.lestruffieres.com\/de\/wp-json\/wp\/v2\/pages\/2963\/revisions"}],"predecessor-version":[{"id":6443,"href":"https:\/\/www.lestruffieres.com\/de\/wp-json\/wp\/v2\/pages\/2963\/revisions\/6443"}],"wp:featuredmedia":[{"embeddable":true,"href":"https:\/\/www.lestruffieres.com\/de\/wp-json\/wp\/v2\/media\/2727"}],"wp:attachment":[{"href":"https:\/\/www.lestruffieres.com\/de\/wp-json\/wp\/v2\/media?parent=2963"}],"wp:term":[{"taxonomy":"sujet","embeddable":true,"href":"https:\/\/www.lestruffieres.com\/de\/wp-json\/wp\/v2\/sujet?post=2963"}],"curies":[{"name":"wp","href":"https:\/\/api.w.org\/{rel}","templated":true}]}}