{"id":2905,"date":"2023-02-06T09:13:12","date_gmt":"2023-02-06T08:13:12","guid":{"rendered":"https:\/\/www.lestruffieres.com\/provenzalischen-markte\/"},"modified":"2023-03-27T15:46:23","modified_gmt":"2023-03-27T13:46:23","slug":"provenzalischen-markte","status":"publish","type":"page","link":"https:\/\/www.lestruffieres.com\/de\/provenzalischen-markte\/","title":{"rendered":"Die provenzalischen M\u00e4rkte"},"content":{"rendered":"<section id=\"ls-section-block_edf12878d221f064cb9635ebb96cd600\" class=\"ls-section  page-chapeau\" >\r\n        <div class=\"container container--wide\">\r\n        \n\n<h1 class=\"ls__heading has-text-align-center wp-block-heading\">Provenzalische M\u00e4rkte in der Dr\u00f4me<\/h1>\n\n\r\n    <\/div>\r\n<\/section><section id=\"ls-section-block_30b0852c15803039fc5a16935ec70c4b\" class=\"ls-section  page-one deco-fleurs has-p-t p-t-0\" >\r\n        <div class=\"container container--wide\">\r\n        \n\n<div class=\"wp-block-columns is-layout-flex wp-container-core-columns-is-layout-9d6595d7 wp-block-columns-is-layout-flex\">\n<div class=\"wp-block-column left is-layout-flow wp-block-column-is-layout-flow\" style=\"flex-basis:66.66%\">\n<figure class=\"wp-block-image size-full animated fadeIn slow\"><img decoding=\"async\" width=\"864\" height=\"576\" src=\"https:\/\/www.lestruffieres.com\/wp-content\/uploads\/2023\/02\/marche-drome-provencal.jpg\" alt=\"drome provencal marsch\" class=\"wp-image-1756\" srcset=\"https:\/\/www.lestruffieres.com\/wp-content\/uploads\/2023\/02\/marche-drome-provencal.jpg 864w, https:\/\/www.lestruffieres.com\/wp-content\/uploads\/2023\/02\/marche-drome-provencal-300x200.jpg 300w, https:\/\/www.lestruffieres.com\/wp-content\/uploads\/2023\/02\/marche-drome-provencal-768x512.jpg 768w\" sizes=\"(max-width: 864px) 100vw, 864px\" \/><\/figure>\n\n\n\n<div id=\"ls-heading ls-titre-div-block_6b13ff216719488e5333b86ac2dcbe74\" class=\"ls-titre-div quotes h2-like\" >\n    <strong>Auf dem Campingplatz Les Truffi\u00e8res<\/strong> inmitten der Dr\u00f4me Proven\u00e7ale tun C\u00e9lina und Brendon alles, um Ihren Aufenthalt zu einem Top-Erlebnis zu machen! <\/div>\n<\/div>\n\n\n\n<div class=\"wp-block-column is-vertically-aligned-top right is-layout-flow wp-block-column-is-layout-flow\" style=\"flex-basis:33.33%\">\n<h2 class=\"ls__heading deco wp-block-heading\">Die unverzichtbaren M\u00e4rkte in der Dr\u00f4me<\/h2>\n\n\n\n<p class=\"ls-paragraph\">In der Dr\u00f4me proven\u00e7ale k\u00f6nnen Sie die sch\u00f6nen provenzalischen M\u00e4rkte besuchen. Liste der M\u00e4rkte in der N\u00e4he des <a href=\"https:\/\/www.lestruffieres.com\/de\/\">campingplatz Les Truffi\u00e8res<\/a> : <\/p>\n\n\n\n<ul class=\"ls-list wp-block-list\">\n<li>Montag : Tulette<\/li>\n\n\n\n<li>Dienstag : Grignan und St-Paul-Trois-Ch\u00e2teaux<\/li>\n\n\n\n<li>Mittwoch : Mont\u00e9limar, Buis-les-Baronnies<\/li>\n\n\n\n<li>Donnerstag : Nyons und Mont\u00e9limar<\/li>\n\n\n\n<li>Freitag : Dieulefit, Chamaret, Suze-la-Rousse, Mirabel-aux-Baronnies, La B\u00e2tie Rolland<\/li>\n\n\n\n<li>Samstag : Mont\u00e9limar, Valr\u00e9as, Buis-les-Baronnies, Montbrun les bains<\/li>\n\n\n\n<li>Sonntag : Nyons, Valaurie<\/li>\n<\/ul>\n\n\n\n<p class=\"ls-paragraph\">Genie\u00dfen Sie die provenzalischen M\u00e4rkte am Morgen w\u00e4hrend Ihres Campingurlaubs in der Dr\u00f4me in der Provence.<\/p>\n\n\n\n<p class=\"ls-paragraph\">Wann ist der Wochenmarkttag? Das ist die Frage, die sich jeder stellt. Nun, diese Frage brauchen Sie sich nicht mehr zu stellen, denn jeder Dorfplatz bietet seine <strong>Provenzalischer Wochenmarkt<\/strong> von Avignon nach Crest, vorbei an Buis les Baronnies oder St. Paul 3 Ch\u00e2teaux.<\/p>\n<\/div>\n<\/div>\n\n\r\n    <\/div>\r\n<\/section><section id=\"ls-section-block_04128ab58ea1186cacf82da3273083b6\" class=\"ls-section  page-two has-background has-color-3-background-color has-p-t p-t-14 has-p-b p-b-14\" >\r\n        <div class=\"container container--wide\">\r\n        \n\n<div class=\"wp-block-columns is-layout-flex wp-container-core-columns-is-layout-9d6595d7 wp-block-columns-is-layout-flex\">\n<div class=\"wp-block-column is-vertically-aligned-center is-layout-flow wp-block-column-is-layout-flow\" style=\"flex-basis:33.33%\">\n<h2 class=\"ls__heading deco wp-block-heading\">Provenzalische Spezialit\u00e4ten<\/h2>\n\n\n\n<p class=\"ls-paragraph\">Lassen Sie Ihre Geschmacksnerven und Ihre Augen bei einem Bummel \u00fcber den provenzalischen Markt staunen.<\/p>\n\n\n\n<p class=\"ls-paragraph\">Kommen Sie und entdecken Sie die <strong>Lebensmittelbuden der Erzeuger<\/strong> die farbenfrohen lokalen Lebensmittel: das Nougat von Mont\u00e9limar, das Oliven\u00f6l von Nyons, die Ziegenk\u00e4se, die Tr\u00fcffel der Dr\u00f4me Proven\u00e7ale oder die Weine der C\u00f4tes du Rh\u00f4ne, und nicht zu vergessen <strong>alle Kr\u00e4uter aus dem Zentrum der Provence<\/strong> Thymian, Kr\u00e4uter der Provence, Rosmarin, Oregano,&#8230; Entdecken Sie den Reichtum unseres Landes und unsere Spezialit\u00e4ten auf den Marktst\u00e4nden der Dr\u00f4me proven\u00e7ale.<\/p>\n\n\n\n<p class=\"ls-paragraph\">F\u00fcllen Sie Ihre K\u00f6rbe mit den Fr\u00fcchten Valencias und dem lokalen Gem\u00fcse der <a href=\"https:\/\/fermerambaud.wixsite.com\/my-site\" target=\"_blank\" rel=\"noreferrer noopener nofollow\">Bauernhof Rambaud<\/a> um sch\u00f6ne Salate zu genie\u00dfen oder als Beilage zu Ihrem Grillfest. <\/p>\n\n\n\n<p class=\"ls-paragraph addReadMore showlesscontent\">Und zu einem Aperitif mit Freunden oder Campingnachbarn passen gute Wurstwaren aus der Ard\u00e8che und, warum nicht, Tr\u00fcffel.<br\/><br\/>Auf den M\u00e4rkten der provenzalischen Dr\u00f4me von Mont\u00e9limar bis zu den Baronnies entdecken Sie einen einzigartigen Ort mit den Produzenten, guter Laune und <strong>die Reicht\u00fcmer unserer Region <\/strong>bei einem Gl\u00e4schen Wein aus der Appellation &#8222;Grignan les Adh\u00e9mar&#8220; oder aus Avignon. <br\/><br\/>Nicht zu vergessen, die sch\u00f6nen, kr\u00e4ftigen Farben mit den provenzalischen Tischdecken aus Buchsbaum les baronnies, den Lavendelstr\u00e4u\u00dfen oder den kleinen Sommerkleidern zu genie\u00dfen, die Ihren Urlaub sublimieren werden.<\/p>\n<\/div>\n\n\n\n<div class=\"wp-block-column is-vertically-aligned-center is-layout-flow wp-block-column-is-layout-flow\" style=\"flex-basis:66.66%\">\n<figure class=\"wp-block-gallery has-nested-images columns-1 is-cropped galerie-slider wp-block-gallery-1 is-layout-flex wp-block-gallery-is-layout-flex\">\n<figure class=\"wp-block-image size-full\"><img decoding=\"async\" width=\"864\" height=\"576\" data-id=\"2151\" src=\"https:\/\/www.lestruffieres.com\/wp-content\/uploads\/2023\/03\/marche-produits-locaux.webp\" alt=\"Markt f&#xFC;r lokale Produkte\" class=\"wp-image-2151\" srcset=\"https:\/\/www.lestruffieres.com\/wp-content\/uploads\/2023\/03\/marche-produits-locaux.webp 864w, https:\/\/www.lestruffieres.com\/wp-content\/uploads\/2023\/03\/marche-produits-locaux-300x200.webp 300w, https:\/\/www.lestruffieres.com\/wp-content\/uploads\/2023\/03\/marche-produits-locaux-768x512.webp 768w\" sizes=\"(max-width: 864px) 100vw, 864px\" \/><\/figure>\n\n\n\n<figure class=\"wp-block-image size-full\"><img decoding=\"async\" width=\"864\" height=\"576\" data-id=\"1753\" src=\"https:\/\/www.lestruffieres.com\/wp-content\/uploads\/2023\/02\/marche-producteur-locaux-1.jpg\" alt=\"Markt f&#xFC;r lokale Erzeuger 1\" class=\"wp-image-1753\" srcset=\"https:\/\/www.lestruffieres.com\/wp-content\/uploads\/2023\/02\/marche-producteur-locaux-1.jpg 864w, https:\/\/www.lestruffieres.com\/wp-content\/uploads\/2023\/02\/marche-producteur-locaux-1-300x200.jpg 300w, https:\/\/www.lestruffieres.com\/wp-content\/uploads\/2023\/02\/marche-producteur-locaux-1-768x512.jpg 768w\" sizes=\"(max-width: 864px) 100vw, 864px\" \/><\/figure>\n<\/figure>\n<\/div>\n<\/div>\n\n\r\n    <\/div>\r\n<\/section><section id=\"ls-section-block_ccf81a4e4aae084c33fb347a80e4ca63\" class=\"ls-section  page-three has-background green has-p-t p-t-14 has-p-b p-b-14\" >\r\n        <div class=\"container container--wide\">\r\n        \n\n<div class=\"wp-block-columns is-layout-flex wp-container-core-columns-is-layout-9d6595d7 wp-block-columns-is-layout-flex\">\n<div class=\"wp-block-column is-vertically-aligned-center is-layout-flow wp-block-column-is-layout-flow\" style=\"flex-basis:66.66%\">\n<figure class=\"wp-block-image size-full animated bounceInLeft slow delay-100ms\"><img decoding=\"async\" width=\"864\" height=\"576\" src=\"https:\/\/www.lestruffieres.com\/wp-content\/uploads\/2023\/02\/marche-tous-les-jour-proche-camping-les-truffieres.jpg\" alt=\"wandert jeden Tag in der N&#xE4;he des Campingplatzes les truffieres\" class=\"wp-image-1759\" srcset=\"https:\/\/www.lestruffieres.com\/wp-content\/uploads\/2023\/02\/marche-tous-les-jour-proche-camping-les-truffieres.jpg 864w, https:\/\/www.lestruffieres.com\/wp-content\/uploads\/2023\/02\/marche-tous-les-jour-proche-camping-les-truffieres-300x200.jpg 300w, https:\/\/www.lestruffieres.com\/wp-content\/uploads\/2023\/02\/marche-tous-les-jour-proche-camping-les-truffieres-768x512.jpg 768w\" sizes=\"(max-width: 864px) 100vw, 864px\" \/><\/figure>\n<\/div>\n\n\n\n<div class=\"wp-block-column is-vertically-aligned-center is-layout-flow wp-block-column-is-layout-flow\" style=\"flex-basis:33.33%\">\n<h2 class=\"ls__heading deco wp-block-heading\">Eine echte Einladung, um Ihre Sinne auf Reisen zu schicken<\/h2>\n\n\n\n<p class=\"ls-paragraph\">Auch die Dr\u00f4me proven\u00e7ale hat einen Titel <strong>1. Departement mit Bio-Landwirtschaft und Tr\u00fcffelproduzenten<\/strong> so dass Sie an jeder Ecke des Platzes etwas Passendes finden werden.<\/p>\n\n\n\n<p class=\"ls-paragraph\">Die Produkte stammen aus der Region Rh\u00f4ne-Alpes, da wir von einer g\u00fcnstigen geografischen Lage profitieren: von Obst \u00fcber Oliven aus der Provence oder Melonen und Erdbeeren aus Carpentras oder warum nicht Tr\u00fcffel? Grignan liegt im Herzen dieser wunderbaren Produkte, die Sie begeistern werden. Liebhaber des &#8222;Essens vor Ort&#8220; werden in unserer so h\u00fcbschen und reichen Region auf ihre Kosten kommen.<\/p>\n\n\n\n<p class=\"ls-paragraph\">Jeden Tag k\u00f6nnen Sie <strong>einen neuen Markt entdecken<\/strong> und nutzen Sie die Gelegenheit, um ein St\u00e4dtchen wie Grignan zu besuchen, das dienstags morgens seinen Wochenmarkt anbietet und zum <strong>Entdeckung des Dorfes, das als &#8222;Plus beaux village de France&#8220; eingestuft wurde<\/strong>. <\/p>\n\n\n\n<p class=\"ls-paragraph addReadMore showlesscontent\">Am Infopunkt des Campingplatzes les truffi\u00e8res wird ein Aushang der w\u00f6chentlichen Lebensmittelm\u00e4rkte mit den Daten und Orten zu Ihrer Verf\u00fcgung stehen. Wir stehen Ihnen auch gerne mit Informationen zur Verf\u00fcgung.<\/p>\n<\/div>\n<\/div>\n\n\r\n    <\/div>\r\n<\/section><section id=\"ls-section-block_f8aee3b6466ea34ae29233f34d799e8d\" class=\"ls-section  page-maillage has-p-t p-t-14 has-p-b p-b-14\" >\r\n        <div class=\"container container--wide\">\r\n        \n\n<div id=\"ls-heading ls-titre-div-block_60786114a32d532a2563fe6599f01aeb\" class=\"ls-titre-div deco aligncenter h2-like\" >\n    Entdecken Sie die Umgebung des Campingplatzes!<\/div>\n\n\n<div id=\"ls-maillage-block_32feebefa3871e6afadcd2597efa273a\" class=\"ls-maillage cta-style-normal\" data-rows=\"3\">\r\n    <div class=\"wp-block-columns\"><div class=\"wp-block-column\">\n\n<a href=\"https:\/\/www.lestruffieres.com\/de\/schloss-von-grignan\/\" target=\"\" rel=\"noopener\" class=\"ls-cta__link\">\n\n\t<div class=\"ls-cta__image\"><img decoding=\"async\" src=\"https:\/\/www.lestruffieres.com\/wp-content\/uploads\/2023\/03\/chateau-de-grignan-drome-provencale.jpg\" alt=\"chateau de grignan drome provencale\"><\/div>\n\t<div class=\"ls-cta__title\">\n\t\tSchloss von Grignan\t<\/div>\n\t\n\t\t\n<\/a><\/div><div class=\"wp-block-column\">\n\n<a href=\"https:\/\/www.lestruffieres.com\/de\/urlaubsreisen-camping-chamaret\/\" target=\"\" rel=\"noopener\" class=\"ls-cta__link\">\n\n\t<div class=\"ls-cta__image\"><img decoding=\"async\" src=\"https:\/\/www.lestruffieres.com\/wp-content\/uploads\/2023\/03\/village-chamaret-dans-la-drome.jpg\" alt=\"village chamaret dans la drome\"><\/div>\n\t<div class=\"ls-cta__title\">\n\t\tDorf Chamaret\t<\/div>\n\t\n\t\t\n<\/a><\/div><div class=\"wp-block-column\">\n\n<a href=\"https:\/\/www.lestruffieres.com\/de\/urlaubsreisen-camping-la-garde-adhemar\/\" target=\"\" rel=\"noopener\" class=\"ls-cta__link\">\n\n\t<div class=\"ls-cta__image\"><img decoding=\"async\" src=\"https:\/\/www.lestruffieres.com\/wp-content\/uploads\/2023\/03\/village-de-la-garde-adhemar-dans-la-drome.jpg\" alt=\"village de la garde adhemar dans la drome\"><\/div>\n\t<div class=\"ls-cta__title\">\n\t\tDorf La Garde Adh\u00e9mar\t<\/div>\n\t\n\t\t\n<\/a><\/div><\/div><\/div>\n\r\n    <\/div>\r\n<\/section>","protected":false},"excerpt":{"rendered":"","protected":false},"author":1,"featured_media":2723,"parent":0,"menu_order":0,"comment_status":"closed","ping_status":"closed","template":"","meta":{"_acf_changed":false,"footnotes":""},"sujet":[],"class_list":["post-2905","page","type-page","status-publish","has-post-thumbnail","hentry"],"acf":[],"yoast_head":"<!-- This site is optimized with the Yoast SEO plugin v23.4 - https:\/\/yoast.com\/wordpress\/plugins\/seo\/ -->\n<title>Die sch\u00f6nsten provenzalischen M\u00e4rkte in der Dr\u00f4me Provencale<\/title>\n<meta name=\"description\" content=\"Entdecken Sie die sch\u00f6nsten provenzalischen M\u00e4rkte in der Dr\u00f4me Provencale und die typischsten\" \/>\n<meta name=\"robots\" content=\"index, follow, max-snippet:-1, max-image-preview:large, max-video-preview:-1\" \/>\n<link rel=\"canonical\" href=\"https:\/\/www.lestruffieres.com\/de\/provenzalischen-markte\/\" \/>\n<meta property=\"og:locale\" content=\"de_DE\" \/>\n<meta property=\"og:type\" content=\"article\" \/>\n<meta property=\"og:title\" content=\"Die sch\u00f6nsten provenzalischen M\u00e4rkte in der Dr\u00f4me Provencale\" \/>\n<meta property=\"og:description\" content=\"Entdecken Sie die sch\u00f6nsten provenzalischen M\u00e4rkte in der Dr\u00f4me Provencale und die typischsten\" \/>\n<meta property=\"og:url\" content=\"https:\/\/www.lestruffieres.com\/de\/provenzalischen-markte\/\" \/>\n<meta property=\"og:site_name\" content=\"Camping Les Truffi\u00e8res\" \/>\n<meta property=\"article:modified_time\" content=\"2023-03-27T13:46:23+00:00\" \/>\n<meta property=\"og:image\" content=\"https:\/\/www.lestruffieres.com\/wp-content\/uploads\/2023\/03\/marches-proche-camping-les-truffieres-1.webp\" \/>\n\t<meta property=\"og:image:width\" content=\"1920\" \/>\n\t<meta property=\"og:image:height\" content=\"746\" \/>\n\t<meta property=\"og:image:type\" content=\"image\/webp\" \/>\n<meta name=\"twitter:card\" content=\"summary_large_image\" \/>\n<meta name=\"twitter:label1\" content=\"Gesch\u00e4tzte Lesezeit\" \/>\n\t<meta name=\"twitter:data1\" content=\"3\u00a0Minuten\" \/>\n<script type=\"application\/ld+json\" class=\"yoast-schema-graph\">{\"@context\":\"https:\/\/schema.org\",\"@graph\":[{\"@type\":\"WebPage\",\"@id\":\"https:\/\/www.lestruffieres.com\/de\/provenzalischen-markte\/\",\"url\":\"https:\/\/www.lestruffieres.com\/de\/provenzalischen-markte\/\",\"name\":\"Die sch\u00f6nsten provenzalischen M\u00e4rkte in der Dr\u00f4me Provencale\",\"isPartOf\":{\"@id\":\"https:\/\/www.lestruffieres.com\/#website\"},\"primaryImageOfPage\":{\"@id\":\"https:\/\/www.lestruffieres.com\/de\/provenzalischen-markte\/#primaryimage\"},\"image\":{\"@id\":\"https:\/\/www.lestruffieres.com\/de\/provenzalischen-markte\/#primaryimage\"},\"thumbnailUrl\":\"https:\/\/www.lestruffieres.com\/wp-content\/uploads\/2023\/03\/marches-proche-camping-les-truffieres-1.webp\",\"datePublished\":\"2023-02-06T08:13:12+00:00\",\"dateModified\":\"2023-03-27T13:46:23+00:00\",\"description\":\"Entdecken Sie die sch\u00f6nsten provenzalischen M\u00e4rkte in der Dr\u00f4me Provencale und die typischsten\",\"breadcrumb\":{\"@id\":\"https:\/\/www.lestruffieres.com\/de\/provenzalischen-markte\/#breadcrumb\"},\"inLanguage\":\"de\",\"potentialAction\":[{\"@type\":\"ReadAction\",\"target\":[\"https:\/\/www.lestruffieres.com\/de\/provenzalischen-markte\/\"]}]},{\"@type\":\"ImageObject\",\"inLanguage\":\"de\",\"@id\":\"https:\/\/www.lestruffieres.com\/de\/provenzalischen-markte\/#primaryimage\",\"url\":\"https:\/\/www.lestruffieres.com\/wp-content\/uploads\/2023\/03\/marches-proche-camping-les-truffieres-1.webp\",\"contentUrl\":\"https:\/\/www.lestruffieres.com\/wp-content\/uploads\/2023\/03\/marches-proche-camping-les-truffieres-1.webp\",\"width\":1920,\"height\":746,\"caption\":\"marches proche camping les truffieres 1\"},{\"@type\":\"BreadcrumbList\",\"@id\":\"https:\/\/www.lestruffieres.com\/de\/provenzalischen-markte\/#breadcrumb\",\"itemListElement\":[{\"@type\":\"ListItem\",\"position\":1,\"name\":\"Camping Dr\u00f4me\",\"item\":\"https:\/\/www.lestruffieres.com\/de\/\"},{\"@type\":\"ListItem\",\"position\":2,\"name\":\"Camping in der N\u00e4he der provenzalischen M\u00e4rkte\"}]},{\"@type\":\"WebSite\",\"@id\":\"https:\/\/www.lestruffieres.com\/#website\",\"url\":\"https:\/\/www.lestruffieres.com\/\",\"name\":\"Camping Les Truffi\u00e8res\",\"description\":\"\",\"publisher\":{\"@id\":\"https:\/\/www.lestruffieres.com\/#organization\"},\"potentialAction\":[{\"@type\":\"SearchAction\",\"target\":{\"@type\":\"EntryPoint\",\"urlTemplate\":\"https:\/\/www.lestruffieres.com\/?s={search_term_string}\"},\"query-input\":{\"@type\":\"PropertyValueSpecification\",\"valueRequired\":true,\"valueName\":\"search_term_string\"}}],\"inLanguage\":\"de\"},{\"@type\":\"Organization\",\"@id\":\"https:\/\/www.lestruffieres.com\/#organization\",\"name\":\"Camping Les Truffi\u00e8res\",\"url\":\"https:\/\/www.lestruffieres.com\/\",\"logo\":{\"@type\":\"ImageObject\",\"inLanguage\":\"de\",\"@id\":\"https:\/\/www.lestruffieres.com\/#\/schema\/logo\/image\/\",\"url\":\"https:\/\/www.lestruffieres.com\/wp-content\/uploads\/2023\/02\/camping-les-truffieres-logo-entete.png\",\"contentUrl\":\"https:\/\/www.lestruffieres.com\/wp-content\/uploads\/2023\/02\/camping-les-truffieres-logo-entete.png\",\"width\":742,\"height\":1020,\"caption\":\"Camping Les Truffi\u00e8res\"},\"image\":{\"@id\":\"https:\/\/www.lestruffieres.com\/#\/schema\/logo\/image\/\"}}]}<\/script>\n<!-- \/ Yoast SEO plugin. -->","yoast_head_json":{"title":"Die sch\u00f6nsten provenzalischen M\u00e4rkte in der Dr\u00f4me Provencale","description":"Entdecken Sie die sch\u00f6nsten provenzalischen M\u00e4rkte in der Dr\u00f4me Provencale und die typischsten","robots":{"index":"index","follow":"follow","max-snippet":"max-snippet:-1","max-image-preview":"max-image-preview:large","max-video-preview":"max-video-preview:-1"},"canonical":"https:\/\/www.lestruffieres.com\/de\/provenzalischen-markte\/","og_locale":"de_DE","og_type":"article","og_title":"Die sch\u00f6nsten provenzalischen M\u00e4rkte in der Dr\u00f4me Provencale","og_description":"Entdecken Sie die sch\u00f6nsten provenzalischen M\u00e4rkte in der Dr\u00f4me Provencale und die typischsten","og_url":"https:\/\/www.lestruffieres.com\/de\/provenzalischen-markte\/","og_site_name":"Camping Les Truffi\u00e8res","article_modified_time":"2023-03-27T13:46:23+00:00","og_image":[{"width":1920,"height":746,"url":"https:\/\/www.lestruffieres.com\/wp-content\/uploads\/2023\/03\/marches-proche-camping-les-truffieres-1.webp","type":"image\/webp"}],"twitter_card":"summary_large_image","twitter_misc":{"Gesch\u00e4tzte Lesezeit":"3\u00a0Minuten"},"schema":{"@context":"https:\/\/schema.org","@graph":[{"@type":"WebPage","@id":"https:\/\/www.lestruffieres.com\/de\/provenzalischen-markte\/","url":"https:\/\/www.lestruffieres.com\/de\/provenzalischen-markte\/","name":"Die sch\u00f6nsten provenzalischen M\u00e4rkte in der Dr\u00f4me Provencale","isPartOf":{"@id":"https:\/\/www.lestruffieres.com\/#website"},"primaryImageOfPage":{"@id":"https:\/\/www.lestruffieres.com\/de\/provenzalischen-markte\/#primaryimage"},"image":{"@id":"https:\/\/www.lestruffieres.com\/de\/provenzalischen-markte\/#primaryimage"},"thumbnailUrl":"https:\/\/www.lestruffieres.com\/wp-content\/uploads\/2023\/03\/marches-proche-camping-les-truffieres-1.webp","datePublished":"2023-02-06T08:13:12+00:00","dateModified":"2023-03-27T13:46:23+00:00","description":"Entdecken Sie die sch\u00f6nsten provenzalischen M\u00e4rkte in der Dr\u00f4me Provencale und die typischsten","breadcrumb":{"@id":"https:\/\/www.lestruffieres.com\/de\/provenzalischen-markte\/#breadcrumb"},"inLanguage":"de","potentialAction":[{"@type":"ReadAction","target":["https:\/\/www.lestruffieres.com\/de\/provenzalischen-markte\/"]}]},{"@type":"ImageObject","inLanguage":"de","@id":"https:\/\/www.lestruffieres.com\/de\/provenzalischen-markte\/#primaryimage","url":"https:\/\/www.lestruffieres.com\/wp-content\/uploads\/2023\/03\/marches-proche-camping-les-truffieres-1.webp","contentUrl":"https:\/\/www.lestruffieres.com\/wp-content\/uploads\/2023\/03\/marches-proche-camping-les-truffieres-1.webp","width":1920,"height":746,"caption":"marches proche camping les truffieres 1"},{"@type":"BreadcrumbList","@id":"https:\/\/www.lestruffieres.com\/de\/provenzalischen-markte\/#breadcrumb","itemListElement":[{"@type":"ListItem","position":1,"name":"Camping Dr\u00f4me","item":"https:\/\/www.lestruffieres.com\/de\/"},{"@type":"ListItem","position":2,"name":"Camping in der N\u00e4he der provenzalischen M\u00e4rkte"}]},{"@type":"WebSite","@id":"https:\/\/www.lestruffieres.com\/#website","url":"https:\/\/www.lestruffieres.com\/","name":"Camping Les Truffi\u00e8res","description":"","publisher":{"@id":"https:\/\/www.lestruffieres.com\/#organization"},"potentialAction":[{"@type":"SearchAction","target":{"@type":"EntryPoint","urlTemplate":"https:\/\/www.lestruffieres.com\/?s={search_term_string}"},"query-input":{"@type":"PropertyValueSpecification","valueRequired":true,"valueName":"search_term_string"}}],"inLanguage":"de"},{"@type":"Organization","@id":"https:\/\/www.lestruffieres.com\/#organization","name":"Camping Les Truffi\u00e8res","url":"https:\/\/www.lestruffieres.com\/","logo":{"@type":"ImageObject","inLanguage":"de","@id":"https:\/\/www.lestruffieres.com\/#\/schema\/logo\/image\/","url":"https:\/\/www.lestruffieres.com\/wp-content\/uploads\/2023\/02\/camping-les-truffieres-logo-entete.png","contentUrl":"https:\/\/www.lestruffieres.com\/wp-content\/uploads\/2023\/02\/camping-les-truffieres-logo-entete.png","width":742,"height":1020,"caption":"Camping Les Truffi\u00e8res"},"image":{"@id":"https:\/\/www.lestruffieres.com\/#\/schema\/logo\/image\/"}}]}},"_links":{"self":[{"href":"https:\/\/www.lestruffieres.com\/de\/wp-json\/wp\/v2\/pages\/2905","targetHints":{"allow":["GET"]}}],"collection":[{"href":"https:\/\/www.lestruffieres.com\/de\/wp-json\/wp\/v2\/pages"}],"about":[{"href":"https:\/\/www.lestruffieres.com\/de\/wp-json\/wp\/v2\/types\/page"}],"author":[{"embeddable":true,"href":"https:\/\/www.lestruffieres.com\/de\/wp-json\/wp\/v2\/users\/1"}],"replies":[{"embeddable":true,"href":"https:\/\/www.lestruffieres.com\/de\/wp-json\/wp\/v2\/comments?post=2905"}],"version-history":[{"count":5,"href":"https:\/\/www.lestruffieres.com\/de\/wp-json\/wp\/v2\/pages\/2905\/revisions"}],"predecessor-version":[{"id":2912,"href":"https:\/\/www.lestruffieres.com\/de\/wp-json\/wp\/v2\/pages\/2905\/revisions\/2912"}],"wp:featuredmedia":[{"embeddable":true,"href":"https:\/\/www.lestruffieres.com\/de\/wp-json\/wp\/v2\/media\/2723"}],"wp:attachment":[{"href":"https:\/\/www.lestruffieres.com\/de\/wp-json\/wp\/v2\/media?parent=2905"}],"wp:term":[{"taxonomy":"sujet","embeddable":true,"href":"https:\/\/www.lestruffieres.com\/de\/wp-json\/wp\/v2\/sujet?post=2905"}],"curies":[{"name":"wp","href":"https:\/\/api.w.org\/{rel}","templated":true}]}}