{"id":2881,"date":"2023-02-06T09:11:08","date_gmt":"2023-02-06T08:11:08","guid":{"rendered":"https:\/\/www.lestruffieres.com\/stellplatze-zelt-wohnwagen-campingwagen-grignan-drome\/"},"modified":"2023-03-27T19:36:00","modified_gmt":"2023-03-27T17:36:00","slug":"stellplaetze-campingplatz-grignan-provence","status":"publish","type":"page","link":"https:\/\/www.lestruffieres.com\/de\/stellplaetze-campingplatz-grignan-provence\/","title":{"rendered":"Stellpl\u00e4tze"},"content":{"rendered":"<section id=\"ls-section-block_d704cd44c727ea190e11ce1c7202679e\" class=\"ls-section \" >\r\n        <div class=\"container container--wide\">\r\n        \n\n<h1 class=\"ls__heading has-text-align-center wp-block-heading\">Stellpl\u00e4tze f\u00fcr Zelt, Wohnwagen und <br>Wohnmobil in der Dr\u00f4me, zug\u00e4nglich f\u00fcr Behinderte<\/h1>\n\n\r\n    <\/div>\r\n<\/section>\n\n<section id=\"ls-section-block_f7b96006e05e475e227cd5f89dc062db\" class=\"ls-section \" >\r\n        <div class=\"container \">\r\n        \n\n<script>\n    window.ctoutvert = {\n\t\tid: 2561, \n\t\tlang: 'auto', \n\t\turl: 'https:\/\/bookingpremium.secureholiday.net\/widgets\/'\n    };\n\n    (function (w, d, s, ctv, r, js, fjs) {\n        r=new XMLHttpRequest();r.open('GET',w[ctv].url+'js\/src.json');\n        r.responseType='json';r.json=true;r.send();\n        r.onload=function(){w[ctv].src=r.responseType=='json'?r.response:JSON.parse(r.response);\n        js.src=w[ctv].src[0];fjs.parentNode.insertBefore(js, fjs);}\n        js=d.createElement(s),fjs=d.getElementsByTagName(s)[0];\n        js.id='ctvwidget';js.async=1;\n    }(window, document, 'script', 'ctoutvert'));\n<\/script>\n<ctv-availability data-product-type=\"pitch\" data-background-color=\"#FFFFFFFF\"><\/ctv-availability>\n\n\r\n    <\/div>\r\n<\/section>\n\n<section id=\"ls-section-block_d704cd44c727ea190e11ce1c7202679e\" class=\"ls-section \" >\r\n        <div class=\"container container--wide\">\r\n        \n\n<div class=\"wp-block-columns is-layout-flex wp-container-core-columns-is-layout-9d6595d7 wp-block-columns-is-layout-flex\">\n<div class=\"wp-block-column is-layout-flow wp-block-column-is-layout-flow\">\n<h2 class=\"ls__heading deco wp-block-heading\">Mieten Sie Ihren Stellplatz in Grignan<\/h2>\n\n\n\n<p class=\"ls-paragraph\">Unsere Standorte sind <strong>mietbar mit oder ohne Reservierung.<\/strong> Wenn Sie jedoch besondere Bed\u00fcrfnisse haben (Gr\u00f6\u00dfe, Sonneneinstrahlung, N\u00e4he zu den sanit\u00e4ren Einrichtungen), empfehlen wir Ihnen, zu reservieren. Unsere treuen Kunden buchen manchmal ein Jahr fr\u00fcher, also verlieren Sie keine Zeit! <\/p>\n\n\n\n<p class=\"ls-paragraph\">Nehmen Sie sich auch ein paar Minuten Zeit, um sich den Grundriss und einige Fotos anzusehen, damit Sie Ihre Wahl treffen k\u00f6nnen. Wir sind auch telefonisch erreichbar, um das Thema m\u00fcndlich zu besprechen. Dasselbe gilt f\u00fcr ein Wiedersehen mit der Familie oder mit Freunden. Geben Sie uns Bescheid und wir werden daf\u00fcr sorgen, dass Sie nebeneinander oder gegen\u00fcberliegend einen Platz bekommen.<\/p>\n\n\n\n<p class=\"ls-paragraph\">Auf dem Campingplatz Les Truffi\u00e8res, <a href=\"https:\/\/www.lestruffieres.com\/de\/stellplaetze-campingplatz-grignan-provence\/\">die Stellpl\u00e4tze<\/a> sind f\u00fcr 2 Personen vorgesehen. Anschlie\u00dfend f\u00fcgen Sie Ihre Begleitpersonen bis zu einer H\u00f6chstzahl von 6 Personen pro Stellplatz hinzu. Wir z\u00e4hlen die Anzahl der Personen, aber nicht die Anzahl der Einrichtungen. So k\u00f6nnen Sie ein oder zwei zus\u00e4tzliche Zelte aufstellen, um <strong>die Privatsph\u00e4re und den Komfort wahren<\/strong> von allen. <\/p>\n\n\n\n<p class=\"ls-paragraph\">Und um Ihren Komfort weiter zu erh\u00f6hen, sollten Sie einen Blick auf unsere zus\u00e4tzlichen Vermietungen werfen, um sich die Fahrt zu erleichtern. <\/p>\n\n\n\n<p class=\"ls-paragraph\">W\u00e4hlen Sie einen Stellplatz Camping Dr\u00f4me, der am besten zu Ihnen passt. Wir werden unser Bestes tun, um Ihre Bed\u00fcrfnisse zu erf\u00fcllen.<\/p>\n\n\n\n<p class=\"ls-paragraph\">Liebhaber von Wohnmobilen werden auf unserem Campingplatz die N\u00e4he zum Dorf als echten Vorteil empfinden. Wir verf\u00fcgen \u00fcber <a href=\"https:\/\/www.lestruffieres.com\/de\/mobilheimvermietung-drome\/\">Mobilheime mit allem Komfort<\/a>, von <a href=\"https:\/\/www.lestruffieres.com\/de\/vermietung-insolit-grignan\/\">atypischen Unterk\u00fcnften<\/a> und Stellpl\u00e4tzen, die gro\u00df genug sind, um Ihr Fahrzeug aufzunehmen. <\/p>\n\n\n\n<p class=\"ls-paragraph\">Dank unserer Partnerschaften mit ACSI oder ANWB k\u00f6nnen Sie von den <a href=\"https:\/\/www.lestruffieres.com\/de\/unsere-tarife-campingplatz-grignan-france\/\">beste Preise auf dem Campingplatz<\/a> !<\/p>\n<\/div>\n\n\n\n<div class=\"wp-block-column is-layout-flow wp-block-column-is-layout-flow\">\n<h2 class=\"ls__heading deco wp-block-heading\">Unser Angebot an Standorten<\/h2>\n\n\n\n<p class=\"ls-paragraph\">Auf <a href=\"https:\/\/www.lestruffieres.com\/de\/\">Campingplatz Les Truffi\u00e8res in Grignan<\/a>, wir passen uns an unsere Kunden an. Aus diesem Grund haben wir eine Reihe von Standorten, um jedem Budget und jeder Vorliebe gerecht zu werden: <\/p>\n\n\n\n<ul class=\"ls-list wp-block-list\">\n<li>Komfort-Pauschale: Stellplatz mit 10A Strom in verschiedenen Gr\u00f6\u00dfen, <strong>schattiger oder sonniger<\/strong> und mehr oder weniger nah an den Sanit\u00e4ranlagen<\/li>\n\n\n\n<li>Privilegienpaket: Komfortpaket + <strong>Blick auf Felder und Berge.<\/strong> Diese beliebten Stellpl\u00e4tze bieten Ihnen die M\u00f6glichkeit, sich mitten in der Natur niederzulassen. Dank der sehr sch\u00f6nen Aussicht haben Sie ein Gef\u00fchl von Raum und Freiheit.<\/li>\n\n\n\n<li>Premium Free Camp Package: Komfort-Paket mit einem <strong>Sanit\u00e4r- und K\u00fcchenh\u00fctte auf dem Stellplatz<\/strong>. Venez camper en toute autonomie avec votre cuisine et vos sanitaires priv\u00e9s. Ein 2-Zimmer-Chalet mit K\u00fcche (Sp\u00fcle, K\u00fchlschrank und Gasherd mit 2 Brennern) und Sanit\u00e4ranlagen (Dusche, Waschbecken und Toilette).<\/li>\n<\/ul>\n\n\n\n<h2 class=\"ls__heading deco wp-block-heading\">Qualitativ hochwertige Sanit\u00e4ranlagen<\/h2>\n\n\n\n<p class=\"ls-paragraph\">Bei Campingpl\u00e4tzen bleibt die Qualit\u00e4t der Sanit\u00e4ranlagen ein grundlegendes Element. Auf dem Campingplatz Les Truffi\u00e8res tragen wir dem Rechnung mit <strong>zwei renovierte Sanit\u00e4rbl\u00f6cke.<\/strong> So k\u00f6nnen Sie sicher sein, dass Toiletten nicht weit von Ihrem Standort entfernt sind und in ausreichender Zahl vorhanden sind, sodass Sie nicht warten m\u00fcssen. <\/p>\n\n\n\n<p class=\"ls-paragraph\">Sauberkeit ist ebenfalls von entscheidender Bedeutung, weshalb <strong>die Sanit\u00e4ranlagen werden 2 Mal t\u00e4glich gereinigt.<\/strong> Um den Bed\u00fcrfnissen unserer Kunden gerecht zu werden und auf ihre Anfrage hin stellen wir Seife und Handt\u00fccher zur Verf\u00fcgung. <\/p>\n\n\n\n<p class=\"ls-paragraph\">Und damit es die ganze Familie bequem hat, verf\u00fcgen wir \u00fcber eine Familiendusche mit Wickeltisch und Babybadewanne.<\/p>\n<\/div>\n<\/div>\n\n\n\n<h2 class=\"ls__heading has-text-align-center deco wp-block-heading\">Unsere Mietangebote zus\u00e4tzlich zu Ihrem Stellplatz<\/h2>\n\n\n\n<p class=\"ls-paragraph has-text-align-center\">Da wir wissen, was alles zum Zelten dazugeh\u00f6rt, bieten wir Ihnen Zuschl\u00e4ge an, um Ihnen die Fahrt zu erleichtern. Sie k\u00f6nnen, solange der Vorrat reicht, <strong>Tische und St\u00fchle, K\u00fchlschrank oder Plancha zu Ihrer Miete hinzuf\u00fcgen.<\/strong> <\/p>\n\n\n\n<p class=\"ls-paragraph has-text-align-center\">Sie m\u00fcssen nicht einmal an die Einrichtung denken, wenn Sie sie gebucht haben, ist alles bereit, wenn Sie ankommen. <\/p>\n\n\n\n<p class=\"ls-paragraph has-text-align-center\">Dasselbe gilt f\u00fcr Fahrr\u00e4der: Streiten Sie sich nicht mehr mit dem <strong>Fahrradtr\u00e4ger, wir haben welche vor Ort<\/strong> ! Und wenn Sie es lieber elektrisch m\u00f6gen, auch hier k\u00f6nnen wir das Richtige f\u00fcr Sie finden.<\/p>\n\n\r\n    <\/div>\r\n<\/section>\n\n<section id=\"ls-section-block_9eb74efe3355d8d5d5e362702ce02fcf\" class=\"ls-section  page-avis has-background-image has-p-t p-t-14 has-p-b p-b-14\" >\r\n    <div class=\"ls-section__background-image opacity-100\"><img decoding=\"async\" src=\"https:\/\/www.lestruffieres.com\/wp-content\/uploads\/2023\/02\/emplacement-spacieux-ombrage-dans-la-drome.webp\" alt=\"location emplacement drome\"><\/div>    <div class=\"container \">\r\n        \n\n<div id=\"ls-heading ls-titre-div-block_85270f8d8d6d8abc5558f83440232bb8\" class=\"ls-titre-div deco aligncenter h2-like\" >\n    Was denken unsere Kunden \u00fcber die Standorte?<\/div>\n\n\n<div class=\"avis-container-pages\"><div class=\"avis\"><div class=\"avis-user\"><div class=\"avis-note\">\n                <span><i class=\"truffieres-star\"><\/i><\/span><span><i class=\"truffieres-star\"><\/i><\/span><span><i class=\"truffieres-star\"><\/i><\/span><span><i class=\"truffieres-star\"><\/i><\/span><span><i class=\"truffieres-star\"><\/i><\/span>\n                <\/div><div class=\"avis-name\">Sandrine W.<\/div><div class=\"avis-content\"><p>Super Aufenthalt, ruhig, sauber, <b>Stellplatz<\/b> top, Sch\u00f6nheit der Landschaft, Wohlwollen der Eigent\u00fcmer. Wir werden mit Sicherheit wiederkommen.<\/p>\n<\/div><\/div><\/div><div class=\"avis\"><div class=\"avis-user\"><div class=\"avis-note\">\n                <span><i class=\"truffieres-star\"><\/i><\/span><span><i class=\"truffieres-star\"><\/i><\/span><span><i class=\"truffieres-star\"><\/i><\/span><span><i class=\"truffieres-star\"><\/i><\/span><span><i class=\"truffieres-star\"><\/i><\/span>\n                <\/div><div class=\"avis-name\">Styna W.<\/div><div class=\"avis-content\"><p>Sehr sympathischer Familiencampingplatz, der seine 3 Sterne verdient! 3-t\u00e4gige Aufenthalte, die mit Freunden im Zelt verbracht wurden, Der<b>Stellplatz<\/b> war gro\u00df und es gab sogar \u00fcberall Holzb\u00e4nke und -tische. Wir haben unsere Abende in der Bar des Campingplatzes verbracht und es waren sch\u00f6ne, gesellige Momente! Wenn sich die Gelegenheit ergibt, werden wir wiederkommen!<\/p>\n<\/div><\/div><\/div><\/div>\n\n\r\n    <\/div>\r\n<\/section>\n\n<section id=\"ls-section-block_9b945a0b040ff21c64f8c77650eb9015\" class=\"ls-section  page-maillage has-p-t p-t-14 has-p-b p-b-14\" >\r\n        <div class=\"container container--wide\">\r\n        \n\n<div id=\"ls-heading ls-titre-div-block_ac58ec1fad9858af59dee06fdaa36ea2\" class=\"ls-titre-div deco aligncenter h2-like\" >\n    Entdecken Sie unsere Vermietungen und Preise!<\/div>\n\n\n<div id=\"ls-maillage-block_19373829aeb77c8b17911569b3217821\" class=\"ls-maillage cta-style-normal\" data-rows=\"3\">\r\n    <div class=\"wp-block-columns\"><div class=\"wp-block-column\">\n\n<a href=\"https:\/\/www.lestruffieres.com\/de\/mobilheimvermietung-drome\/\" target=\"\" rel=\"noopener\" class=\"ls-cta__link\">\n\n\t<div class=\"ls-cta__image\"><img decoding=\"async\" src=\"https:\/\/www.lestruffieres.com\/wp-content\/uploads\/2023\/03\/location-de-mobil-home-dans-la-drome-768x512.jpg\" alt=\"location de mobil home dans la drome\"><\/div>\n\t<div class=\"ls-cta__title\">\n\t\tUnsere Mobilheime\t<\/div>\n\t\n\t\t\n<\/a><\/div><div class=\"wp-block-column\">\n\n<a href=\"https:\/\/www.lestruffieres.com\/de\/vermietung-insolit-grignan\/\" target=\"\" rel=\"noopener\" class=\"ls-cta__link\">\n\n\t<div class=\"ls-cta__image\"><img decoding=\"async\" src=\"https:\/\/www.lestruffieres.com\/wp-content\/uploads\/2023\/03\/tente-lodge.webp\" alt=\"tente lodge drome\"><\/div>\n\t<div class=\"ls-cta__title\">\n\t\tAtypische Unterkunft\t<\/div>\n\t\n\t\t\n<\/a><\/div><div class=\"wp-block-column\">\n\n<a href=\"https:\/\/www.lestruffieres.com\/de\/unsere-tarife-campingplatz-grignan-france\/\" target=\"\" rel=\"noopener\" class=\"ls-cta__link\">\n\n\t<div class=\"ls-cta__image\"><img decoding=\"async\" src=\"https:\/\/www.lestruffieres.com\/wp-content\/uploads\/2023\/02\/camping-familial-pas-cher-grignan.jpg\" alt=\"camping familial pas cher grignan\"><\/div>\n\t<div class=\"ls-cta__title\">\n\t\tTarife\t<\/div>\n\t\n\t\t\n<\/a><\/div><\/div><\/div>\n\r\n    <\/div>\r\n<\/section>","protected":false},"excerpt":{"rendered":"","protected":false},"author":1,"featured_media":2525,"parent":0,"menu_order":0,"comment_status":"closed","ping_status":"closed","template":"","meta":{"_acf_changed":false,"footnotes":""},"sujet":[],"class_list":["post-2881","page","type-page","status-publish","has-post-thumbnail","hentry"],"acf":[],"yoast_head":"<!-- This site is optimized with the Yoast SEO plugin v23.4 - https:\/\/yoast.com\/wordpress\/plugins\/seo\/ -->\n<title>Stellpl\u00e4tze f\u00fcr Zelte, Wohnwagen, Wohnmobile in der Dr\u00f4me<\/title>\n<meta name=\"description\" content=\"Entdecken Sie die 72 schattigen Stellpl\u00e4tze mit Trennhecken, zahlreichen Wasseranschl\u00fcssen und 10A Strom, ideal f\u00fcr Ihre Zelte, Wohnwagen oder Wohnmobile.\" \/>\n<meta name=\"robots\" content=\"index, follow, max-snippet:-1, max-image-preview:large, max-video-preview:-1\" \/>\n<link rel=\"canonical\" href=\"https:\/\/www.lestruffieres.com\/de\/stellplaetze-campingplatz-grignan-provence\/\" \/>\n<meta property=\"og:locale\" content=\"de_DE\" \/>\n<meta property=\"og:type\" content=\"article\" \/>\n<meta property=\"og:title\" content=\"Stellpl\u00e4tze f\u00fcr Zelte, Wohnwagen, Wohnmobile in der Dr\u00f4me\" \/>\n<meta property=\"og:description\" content=\"Entdecken Sie die 72 schattigen Stellpl\u00e4tze mit Trennhecken, zahlreichen Wasseranschl\u00fcssen und 10A Strom, ideal f\u00fcr Ihre Zelte, Wohnwagen oder Wohnmobile.\" \/>\n<meta property=\"og:url\" content=\"https:\/\/www.lestruffieres.com\/de\/stellplaetze-campingplatz-grignan-provence\/\" \/>\n<meta property=\"og:site_name\" content=\"Camping Les Truffi\u00e8res\" \/>\n<meta property=\"article:modified_time\" content=\"2023-03-27T17:36:00+00:00\" \/>\n<meta property=\"og:image\" content=\"https:\/\/www.lestruffieres.com\/wp-content\/uploads\/2023\/02\/location-emplacement-dans-la-drome.webp\" \/>\n\t<meta property=\"og:image:width\" content=\"1920\" \/>\n\t<meta property=\"og:image:height\" content=\"746\" \/>\n\t<meta property=\"og:image:type\" content=\"image\/webp\" \/>\n<meta name=\"twitter:card\" content=\"summary_large_image\" \/>\n<meta name=\"twitter:label1\" content=\"Gesch\u00e4tzte Lesezeit\" \/>\n\t<meta name=\"twitter:data1\" content=\"4\u00a0Minuten\" \/>\n<script type=\"application\/ld+json\" class=\"yoast-schema-graph\">{\"@context\":\"https:\/\/schema.org\",\"@graph\":[{\"@type\":\"WebPage\",\"@id\":\"https:\/\/www.lestruffieres.com\/de\/stellplaetze-campingplatz-grignan-provence\/\",\"url\":\"https:\/\/www.lestruffieres.com\/de\/stellplaetze-campingplatz-grignan-provence\/\",\"name\":\"Stellpl\u00e4tze f\u00fcr Zelte, Wohnwagen, Wohnmobile in der Dr\u00f4me\",\"isPartOf\":{\"@id\":\"https:\/\/www.lestruffieres.com\/#website\"},\"primaryImageOfPage\":{\"@id\":\"https:\/\/www.lestruffieres.com\/de\/stellplaetze-campingplatz-grignan-provence\/#primaryimage\"},\"image\":{\"@id\":\"https:\/\/www.lestruffieres.com\/de\/stellplaetze-campingplatz-grignan-provence\/#primaryimage\"},\"thumbnailUrl\":\"https:\/\/www.lestruffieres.com\/wp-content\/uploads\/2023\/02\/location-emplacement-dans-la-drome.webp\",\"datePublished\":\"2023-02-06T08:11:08+00:00\",\"dateModified\":\"2023-03-27T17:36:00+00:00\",\"description\":\"Entdecken Sie die 72 schattigen Stellpl\u00e4tze mit Trennhecken, zahlreichen Wasseranschl\u00fcssen und 10A Strom, ideal f\u00fcr Ihre Zelte, Wohnwagen oder Wohnmobile.\",\"breadcrumb\":{\"@id\":\"https:\/\/www.lestruffieres.com\/de\/stellplaetze-campingplatz-grignan-provence\/#breadcrumb\"},\"inLanguage\":\"de\",\"potentialAction\":[{\"@type\":\"ReadAction\",\"target\":[\"https:\/\/www.lestruffieres.com\/de\/stellplaetze-campingplatz-grignan-provence\/\"]}]},{\"@type\":\"ImageObject\",\"inLanguage\":\"de\",\"@id\":\"https:\/\/www.lestruffieres.com\/de\/stellplaetze-campingplatz-grignan-provence\/#primaryimage\",\"url\":\"https:\/\/www.lestruffieres.com\/wp-content\/uploads\/2023\/02\/location-emplacement-dans-la-drome.webp\",\"contentUrl\":\"https:\/\/www.lestruffieres.com\/wp-content\/uploads\/2023\/02\/location-emplacement-dans-la-drome.webp\",\"width\":1920,\"height\":746,\"caption\":\"location emplacement drome\"},{\"@type\":\"BreadcrumbList\",\"@id\":\"https:\/\/www.lestruffieres.com\/de\/stellplaetze-campingplatz-grignan-provence\/#breadcrumb\",\"itemListElement\":[{\"@type\":\"ListItem\",\"position\":1,\"name\":\"Camping Dr\u00f4me\",\"item\":\"https:\/\/www.lestruffieres.com\/de\/\"},{\"@type\":\"ListItem\",\"position\":2,\"name\":\"Stellplatzvermietung in der Dr\u00f4me\"}]},{\"@type\":\"WebSite\",\"@id\":\"https:\/\/www.lestruffieres.com\/#website\",\"url\":\"https:\/\/www.lestruffieres.com\/\",\"name\":\"Camping Les Truffi\u00e8res\",\"description\":\"\",\"publisher\":{\"@id\":\"https:\/\/www.lestruffieres.com\/#organization\"},\"potentialAction\":[{\"@type\":\"SearchAction\",\"target\":{\"@type\":\"EntryPoint\",\"urlTemplate\":\"https:\/\/www.lestruffieres.com\/?s={search_term_string}\"},\"query-input\":{\"@type\":\"PropertyValueSpecification\",\"valueRequired\":true,\"valueName\":\"search_term_string\"}}],\"inLanguage\":\"de\"},{\"@type\":\"Organization\",\"@id\":\"https:\/\/www.lestruffieres.com\/#organization\",\"name\":\"Camping Les Truffi\u00e8res\",\"url\":\"https:\/\/www.lestruffieres.com\/\",\"logo\":{\"@type\":\"ImageObject\",\"inLanguage\":\"de\",\"@id\":\"https:\/\/www.lestruffieres.com\/#\/schema\/logo\/image\/\",\"url\":\"https:\/\/www.lestruffieres.com\/wp-content\/uploads\/2023\/02\/camping-les-truffieres-logo-entete.png\",\"contentUrl\":\"https:\/\/www.lestruffieres.com\/wp-content\/uploads\/2023\/02\/camping-les-truffieres-logo-entete.png\",\"width\":742,\"height\":1020,\"caption\":\"Camping Les Truffi\u00e8res\"},\"image\":{\"@id\":\"https:\/\/www.lestruffieres.com\/#\/schema\/logo\/image\/\"}}]}<\/script>\n<!-- \/ Yoast SEO plugin. -->","yoast_head_json":{"title":"Stellpl\u00e4tze f\u00fcr Zelte, Wohnwagen, Wohnmobile in der Dr\u00f4me","description":"Entdecken Sie die 72 schattigen Stellpl\u00e4tze mit Trennhecken, zahlreichen Wasseranschl\u00fcssen und 10A Strom, ideal f\u00fcr Ihre Zelte, Wohnwagen oder Wohnmobile.","robots":{"index":"index","follow":"follow","max-snippet":"max-snippet:-1","max-image-preview":"max-image-preview:large","max-video-preview":"max-video-preview:-1"},"canonical":"https:\/\/www.lestruffieres.com\/de\/stellplaetze-campingplatz-grignan-provence\/","og_locale":"de_DE","og_type":"article","og_title":"Stellpl\u00e4tze f\u00fcr Zelte, Wohnwagen, Wohnmobile in der Dr\u00f4me","og_description":"Entdecken Sie die 72 schattigen Stellpl\u00e4tze mit Trennhecken, zahlreichen Wasseranschl\u00fcssen und 10A Strom, ideal f\u00fcr Ihre Zelte, Wohnwagen oder Wohnmobile.","og_url":"https:\/\/www.lestruffieres.com\/de\/stellplaetze-campingplatz-grignan-provence\/","og_site_name":"Camping Les Truffi\u00e8res","article_modified_time":"2023-03-27T17:36:00+00:00","og_image":[{"width":1920,"height":746,"url":"https:\/\/www.lestruffieres.com\/wp-content\/uploads\/2023\/02\/location-emplacement-dans-la-drome.webp","type":"image\/webp"}],"twitter_card":"summary_large_image","twitter_misc":{"Gesch\u00e4tzte Lesezeit":"4\u00a0Minuten"},"schema":{"@context":"https:\/\/schema.org","@graph":[{"@type":"WebPage","@id":"https:\/\/www.lestruffieres.com\/de\/stellplaetze-campingplatz-grignan-provence\/","url":"https:\/\/www.lestruffieres.com\/de\/stellplaetze-campingplatz-grignan-provence\/","name":"Stellpl\u00e4tze f\u00fcr Zelte, Wohnwagen, Wohnmobile in der Dr\u00f4me","isPartOf":{"@id":"https:\/\/www.lestruffieres.com\/#website"},"primaryImageOfPage":{"@id":"https:\/\/www.lestruffieres.com\/de\/stellplaetze-campingplatz-grignan-provence\/#primaryimage"},"image":{"@id":"https:\/\/www.lestruffieres.com\/de\/stellplaetze-campingplatz-grignan-provence\/#primaryimage"},"thumbnailUrl":"https:\/\/www.lestruffieres.com\/wp-content\/uploads\/2023\/02\/location-emplacement-dans-la-drome.webp","datePublished":"2023-02-06T08:11:08+00:00","dateModified":"2023-03-27T17:36:00+00:00","description":"Entdecken Sie die 72 schattigen Stellpl\u00e4tze mit Trennhecken, zahlreichen Wasseranschl\u00fcssen und 10A Strom, ideal f\u00fcr Ihre Zelte, Wohnwagen oder Wohnmobile.","breadcrumb":{"@id":"https:\/\/www.lestruffieres.com\/de\/stellplaetze-campingplatz-grignan-provence\/#breadcrumb"},"inLanguage":"de","potentialAction":[{"@type":"ReadAction","target":["https:\/\/www.lestruffieres.com\/de\/stellplaetze-campingplatz-grignan-provence\/"]}]},{"@type":"ImageObject","inLanguage":"de","@id":"https:\/\/www.lestruffieres.com\/de\/stellplaetze-campingplatz-grignan-provence\/#primaryimage","url":"https:\/\/www.lestruffieres.com\/wp-content\/uploads\/2023\/02\/location-emplacement-dans-la-drome.webp","contentUrl":"https:\/\/www.lestruffieres.com\/wp-content\/uploads\/2023\/02\/location-emplacement-dans-la-drome.webp","width":1920,"height":746,"caption":"location emplacement drome"},{"@type":"BreadcrumbList","@id":"https:\/\/www.lestruffieres.com\/de\/stellplaetze-campingplatz-grignan-provence\/#breadcrumb","itemListElement":[{"@type":"ListItem","position":1,"name":"Camping Dr\u00f4me","item":"https:\/\/www.lestruffieres.com\/de\/"},{"@type":"ListItem","position":2,"name":"Stellplatzvermietung in der Dr\u00f4me"}]},{"@type":"WebSite","@id":"https:\/\/www.lestruffieres.com\/#website","url":"https:\/\/www.lestruffieres.com\/","name":"Camping Les Truffi\u00e8res","description":"","publisher":{"@id":"https:\/\/www.lestruffieres.com\/#organization"},"potentialAction":[{"@type":"SearchAction","target":{"@type":"EntryPoint","urlTemplate":"https:\/\/www.lestruffieres.com\/?s={search_term_string}"},"query-input":{"@type":"PropertyValueSpecification","valueRequired":true,"valueName":"search_term_string"}}],"inLanguage":"de"},{"@type":"Organization","@id":"https:\/\/www.lestruffieres.com\/#organization","name":"Camping Les Truffi\u00e8res","url":"https:\/\/www.lestruffieres.com\/","logo":{"@type":"ImageObject","inLanguage":"de","@id":"https:\/\/www.lestruffieres.com\/#\/schema\/logo\/image\/","url":"https:\/\/www.lestruffieres.com\/wp-content\/uploads\/2023\/02\/camping-les-truffieres-logo-entete.png","contentUrl":"https:\/\/www.lestruffieres.com\/wp-content\/uploads\/2023\/02\/camping-les-truffieres-logo-entete.png","width":742,"height":1020,"caption":"Camping Les Truffi\u00e8res"},"image":{"@id":"https:\/\/www.lestruffieres.com\/#\/schema\/logo\/image\/"}}]}},"_links":{"self":[{"href":"https:\/\/www.lestruffieres.com\/de\/wp-json\/wp\/v2\/pages\/2881","targetHints":{"allow":["GET"]}}],"collection":[{"href":"https:\/\/www.lestruffieres.com\/de\/wp-json\/wp\/v2\/pages"}],"about":[{"href":"https:\/\/www.lestruffieres.com\/de\/wp-json\/wp\/v2\/types\/page"}],"author":[{"embeddable":true,"href":"https:\/\/www.lestruffieres.com\/de\/wp-json\/wp\/v2\/users\/1"}],"replies":[{"embeddable":true,"href":"https:\/\/www.lestruffieres.com\/de\/wp-json\/wp\/v2\/comments?post=2881"}],"version-history":[{"count":6,"href":"https:\/\/www.lestruffieres.com\/de\/wp-json\/wp\/v2\/pages\/2881\/revisions"}],"predecessor-version":[{"id":6403,"href":"https:\/\/www.lestruffieres.com\/de\/wp-json\/wp\/v2\/pages\/2881\/revisions\/6403"}],"wp:featuredmedia":[{"embeddable":true,"href":"https:\/\/www.lestruffieres.com\/de\/wp-json\/wp\/v2\/media\/2525"}],"wp:attachment":[{"href":"https:\/\/www.lestruffieres.com\/de\/wp-json\/wp\/v2\/media?parent=2881"}],"wp:term":[{"taxonomy":"sujet","embeddable":true,"href":"https:\/\/www.lestruffieres.com\/de\/wp-json\/wp\/v2\/sujet?post=2881"}],"curies":[{"name":"wp","href":"https:\/\/api.w.org\/{rel}","templated":true}]}}