{"id":2877,"date":"2023-02-06T09:14:35","date_gmt":"2023-02-06T08:14:35","guid":{"rendered":"https:\/\/www.lestruffieres.com\/kontakt-campingplatz-grignan-provenzalisches-drome\/"},"modified":"2023-03-27T20:28:17","modified_gmt":"2023-03-27T18:28:17","slug":"kontakt","status":"publish","type":"page","link":"https:\/\/www.lestruffieres.com\/de\/kontakt\/","title":{"rendered":"Kontakte und Zugang"},"content":{"rendered":"<section id=\"ls-section-block_9c8cad8f33234a1b74971cb559289d8e\" class=\"ls-section \" >\r\n        <div class=\"container \">\r\n        \n\n<h1 class=\"ls__heading has-text-align-center wp-block-heading\">Kontaktieren Sie den Campingplatz Les Truffi\u00e8res<\/h1>\n\n\r\n    <\/div>\r\n<\/section><section id=\"ls-section-block_021fb1aa5a53f11bcd8c4a4b36e16d49\" class=\"ls-section \" >\r\n        <div class=\"container container--wide\">\r\n        \n\n<div class=\"wp-block-columns is-layout-flex wp-container-core-columns-is-layout-9d6595d7 wp-block-columns-is-layout-flex\">\n<div class=\"wp-block-column is-vertically-aligned-center is-layout-flow wp-block-column-is-layout-flow\">\n<h2 class=\"ls__heading deco wp-block-heading\">Kontaktieren Sie uns<\/h2>\n\n\n\n<p class=\"ls-paragraph\">\u00d6ffnungszeiten der Rezeption :<\/p>\n\n\n\n<ul class=\"ls-list wp-block-list\">\n<li>Au\u00dferhalb des Sommers : <strong>8:30 Uhr bis 12:00 Uhr und 14:00 Uhr bis 19:00 Uhr<\/strong><\/li>\n\n\n\n<li>Sommer : <strong>8:00 bis 13:00 Uhr und 14:00 bis 20:00 Uhr<\/strong><\/li>\n<\/ul>\n\n\n\n<p class=\"ls-paragraph\">Z\u00f6gern Sie nicht, uns bei Bedarf telefonisch, per E-Mail oder durch einen Besuch vor Ort zu kontaktieren; Sie werden immer jemanden finden, der Ihnen antworten kann. Hier finden Sie insbesondere Celina, die Ihnen telefonisch und per E-Mail Rede und Antwort steht und Sie im <a href=\"https:\/\/www.lestruffieres.com\/de\/\">Campingplatz Les Truffi\u00e8res<\/a>.<\/p>\n\n\n\n<p class=\"ls-paragraph\">Auf unserer Internetseite k\u00f6nnen Sie sich unsere Stellpl\u00e4tze oder Mietunterk\u00fcnfte ansehen und die Preise nach Ihren W\u00fcnschen berechnen lassen. Aber wenn Sie irgendwelche Schwierigkeiten haben, wenden Sie sich bitte an uns, wir helfen Ihnen gerne weiter. <\/p>\n\n\n\n<p class=\"ls-paragraph\">Da das Telefon auf das Handy umgeleitet wird, ist die Anrufverwaltung gew\u00e4hrleistet. Vermeiden Sie dennoch n\u00e4chtliche Anrufe, tags\u00fcber sind wir ausreichend erreichbar. Wir werden Ihnen so oft wie m\u00f6glich am Telefon antworten. Aber im Falle der Unm\u00f6glichkeit k\u00f6nnen Sie uns <strong>eine Nachricht mit Ihren Kontaktdaten und dem Zweck Ihres Anrufs hinterlassen und wir rufen Sie so bald wie m\u00f6glich zur\u00fcck.<\/strong><\/p>\n\n\n\n<p class=\"ls-paragraph\">Per E-Mail versuchen wir, Ihnen innerhalb von 48 Stunden eine Antwort zu geben. Sollte diese Frist dennoch verstrichen sein, keine Angst, wir vergessen Sie nicht. Manche Zeiten sind intensiv und es kann sein, dass wir einen Antrag \u00fcbersehen.<\/p>\n<\/div>\n\n\n\n<div class=\"wp-block-column is-vertically-aligned-center is-layout-flow wp-block-column-is-layout-flow\">\n<div class=\"wp-block-contact-form-7-contact-form-selector\">\n<div class=\"wpcf7 no-js\" id=\"wpcf7-f6322-o1\" lang=\"de-DE\" dir=\"ltr\">\n<div class=\"screen-reader-response\"><p role=\"status\" aria-live=\"polite\" aria-atomic=\"true\"><\/p> <ul><\/ul><\/div>\n<form action=\"\/de\/wp-json\/wp\/v2\/pages\/2877#wpcf7-f6322-o1\" method=\"post\" class=\"wpcf7-form init\" aria-label=\"Kontaktformular\" novalidate=\"novalidate\" data-status=\"init\">\n<div style=\"display: none;\">\n<input type=\"hidden\" name=\"_wpcf7\" value=\"6322\" \/>\n<input type=\"hidden\" name=\"_wpcf7_version\" value=\"5.9.8\" \/>\n<input type=\"hidden\" name=\"_wpcf7_locale\" value=\"de_DE\" \/>\n<input type=\"hidden\" name=\"_wpcf7_unit_tag\" value=\"wpcf7-f6322-o1\" \/>\n<input type=\"hidden\" name=\"_wpcf7_container_post\" value=\"0\" \/>\n<input type=\"hidden\" name=\"_wpcf7_posted_data_hash\" value=\"\" \/>\n<input type=\"hidden\" name=\"_wpcf7_recaptcha_response\" value=\"\" \/>\n<\/div>\n<p><label> Ihr Name<br \/>\n<span class=\"wpcf7-form-control-wrap\" data-name=\"your-name\"><input size=\"40\" maxlength=\"400\" class=\"wpcf7-form-control wpcf7-text wpcf7-validates-as-required\" autocomplete=\"name\" aria-required=\"true\" aria-invalid=\"false\" value=\"\" type=\"text\" name=\"your-name\" \/><\/span> <\/label>\n<\/p>\n<p><label> Ihre E-Mail<br \/>\n<span class=\"wpcf7-form-control-wrap\" data-name=\"your-email\"><input size=\"40\" maxlength=\"400\" class=\"wpcf7-form-control wpcf7-email wpcf7-validates-as-required wpcf7-text wpcf7-validates-as-email\" autocomplete=\"email\" aria-required=\"true\" aria-invalid=\"false\" value=\"\" type=\"email\" name=\"your-email\" \/><\/span> <\/label>\n<\/p>\n<p><label> Thema<br \/>\n<span class=\"wpcf7-form-control-wrap\" data-name=\"your-subject\"><input size=\"40\" maxlength=\"400\" class=\"wpcf7-form-control wpcf7-text wpcf7-validates-as-required\" aria-required=\"true\" aria-invalid=\"false\" value=\"\" type=\"text\" name=\"your-subject\" \/><\/span> <\/label>\n<\/p>\n<p><label> Ihre Nachricht<br \/>\n<span class=\"wpcf7-form-control-wrap\" data-name=\"your-message\"><textarea cols=\"40\" rows=\"10\" maxlength=\"2000\" class=\"wpcf7-form-control wpcf7-textarea\" aria-invalid=\"false\" name=\"your-message\"><\/textarea><\/span> <\/label>\n<\/p>\n<p><span class=\"wpcf7-form-control-wrap\" data-name=\"acceptance-553\"><span class=\"wpcf7-form-control wpcf7-acceptance\"><span class=\"wpcf7-list-item\"><label><input type=\"checkbox\" name=\"acceptance-553\" value=\"1\" aria-invalid=\"false\" \/><span class=\"wpcf7-list-item-label\">Indem ich dieses K\u00e4stchen ankreuze, stimme ich der <a href=\"https:\/\/www.lestruffieres.com\/de\/datenschutzrichtlinie\/\" rel=\"nofollow\" target=\"_blank\">Datenschutzrichtlinie<\/a> dieser Website zu.<\/span><\/label><\/span><\/span><\/span><input class=\"wpcf7-form-control wpcf7-submit has-spinner\" type=\"submit\" value=\"Senden Sie\" \/>\n<\/p><div class=\"wpcf7-response-output\" aria-hidden=\"true\"><\/div>\n<\/form>\n<\/div>\n<\/div>\n<\/div>\n<\/div>\n\n\r\n    <\/div>\r\n<\/section><section id=\"ls-section-block_021fb1aa5a53f11bcd8c4a4b36e16d49\" class=\"ls-section \" >\r\n        <div class=\"container container--wide\">\r\n        \n\n<div class=\"wp-block-columns is-layout-flex wp-container-core-columns-is-layout-9d6595d7 wp-block-columns-is-layout-flex\">\n<div class=\"wp-block-column is-vertically-aligned-center is-layout-flow wp-block-column-is-layout-flow\">\n<iframe src=\"https:\/\/www.google.com\/maps\/embed?pb=!1m18!1m12!1m3!1d2850.1028937597384!2d4.889028115522477!3d44.410534279102585!2m3!1f0!2f0!3f0!3m2!1i1024!2i768!4f13.1!3m3!1m2!1s0x12b5707f430218d3%3A0x55f752504b758ed0!2sFlower%20Camping%20Les%20Truffi%C3%A8res!5e0!3m2!1sfr!2sfr!4v1677490537214!5m2!1sfr!2sfr\" width=\"600\" height=\"450\" style=\"border:0;\" allowfullscreen=\"\" loading=\"lazy\" referrerpolicy=\"no-referrer-when-downgrade\"><\/iframe>\n<\/div>\n\n\n\n<div class=\"wp-block-column is-vertically-aligned-center is-layout-flow wp-block-column-is-layout-flow\">\n<h2 class=\"ls__heading deco wp-block-heading\">Bereiten Sie Ihren Aufenthalt bestm\u00f6glich vor<\/h2>\n\n\n\n<p class=\"ls-paragraph\">M\u00fcssen Sie Bettw\u00e4sche, Geschirrt\u00fccher oder Kopfkissen mitbringen? Fragen, die sich jeder bei der Vorbereitung seines Aufenthalts stellen kann. Sie sollten finden <strong>alle Informationen auf unserer Website<\/strong> aber Sie k\u00f6nnen uns auch anrufen, es gibt nichts Besseres als ein Gespr\u00e4ch von Angesicht zu Angesicht.<\/p>\n\n\n\n<h2 class=\"ls__heading deco wp-block-heading\">Einfacher Zugang zum Campingplatz<\/h2>\n\n\n\n<p class=\"ls-paragraph\">Grignan ist reich an Stra\u00dfen und Wegen mit demselben Namen, also z\u00f6gern Sie nicht, die <strong>GPS-Koordinaten, um den Standort des Campingplatzes zu bestimmen<\/strong> oder uns anzurufen, um einfache Anhaltspunkte zu bekommen. Da Grignan in der Saison sehr voll ist, k\u00f6nnten Sie beim Einfahren in das Zentrum in Schwierigkeiten geraten. <\/p>\n\n\n\n<ul class=\"ls-list wp-block-list\">\n<li>N\u00e4chstgelegene Stadt : <strong>Mont\u00e9limar<\/strong><\/li>\n\n\n\n<li><strong>Flughafen N\u00eemes<\/strong> (110km)<\/li>\n\n\n\n<li>Bahnhof Valencia (75km)<\/li>\n\n\n\n<li>A7 Ausfahrt Mont\u00e9limar<\/li>\n<\/ul>\n<\/div>\n<\/div>\n\n\r\n    <\/div>\r\n<\/section>","protected":false},"excerpt":{"rendered":"","protected":false},"author":1,"featured_media":2535,"parent":0,"menu_order":0,"comment_status":"closed","ping_status":"closed","template":"","meta":{"_acf_changed":false,"footnotes":""},"sujet":[],"class_list":["post-2877","page","type-page","status-publish","has-post-thumbnail","hentry"],"acf":[],"yoast_head":"<!-- This site is optimized with the Yoast SEO plugin v23.4 - https:\/\/yoast.com\/wordpress\/plugins\/seo\/ -->\n<title>Kontakt zum Campingplatz Dr\u00f4me | Route Camping les Truffi\u00e8res<\/title>\n<meta name=\"description\" content=\"Finden Sie heraus, wie Sie den Campingplatz Les Truffi\u00e8res einfach kontaktieren k\u00f6nnen.\" \/>\n<meta name=\"robots\" content=\"index, follow, max-snippet:-1, max-image-preview:large, max-video-preview:-1\" \/>\n<link rel=\"canonical\" href=\"https:\/\/www.lestruffieres.com\/de\/kontakt\/\" \/>\n<meta property=\"og:locale\" content=\"de_DE\" \/>\n<meta property=\"og:type\" content=\"article\" \/>\n<meta property=\"og:title\" content=\"Kontakt zum Campingplatz Dr\u00f4me | Route Camping les Truffi\u00e8res\" \/>\n<meta property=\"og:description\" content=\"Finden Sie heraus, wie Sie den Campingplatz Les Truffi\u00e8res einfach kontaktieren k\u00f6nnen.\" \/>\n<meta property=\"og:url\" content=\"https:\/\/www.lestruffieres.com\/de\/kontakt\/\" \/>\n<meta property=\"og:site_name\" content=\"Camping Les Truffi\u00e8res\" \/>\n<meta property=\"article:modified_time\" content=\"2023-03-27T18:28:17+00:00\" \/>\n<meta property=\"og:image\" content=\"https:\/\/www.lestruffieres.com\/wp-content\/uploads\/2023\/02\/contacter-le-camping-truffieres-dans-la-drome.webp\" \/>\n\t<meta property=\"og:image:width\" content=\"1920\" \/>\n\t<meta property=\"og:image:height\" content=\"746\" \/>\n\t<meta property=\"og:image:type\" content=\"image\/webp\" \/>\n<meta name=\"twitter:card\" content=\"summary_large_image\" \/>\n<meta name=\"twitter:label1\" content=\"Gesch\u00e4tzte Lesezeit\" \/>\n\t<meta name=\"twitter:data1\" content=\"2\u00a0Minuten\" \/>\n<script type=\"application\/ld+json\" class=\"yoast-schema-graph\">{\"@context\":\"https:\/\/schema.org\",\"@graph\":[{\"@type\":\"WebPage\",\"@id\":\"https:\/\/www.lestruffieres.com\/de\/kontakt\/\",\"url\":\"https:\/\/www.lestruffieres.com\/de\/kontakt\/\",\"name\":\"Kontakt zum Campingplatz Dr\u00f4me | Route Camping les Truffi\u00e8res\",\"isPartOf\":{\"@id\":\"https:\/\/www.lestruffieres.com\/#website\"},\"primaryImageOfPage\":{\"@id\":\"https:\/\/www.lestruffieres.com\/de\/kontakt\/#primaryimage\"},\"image\":{\"@id\":\"https:\/\/www.lestruffieres.com\/de\/kontakt\/#primaryimage\"},\"thumbnailUrl\":\"https:\/\/www.lestruffieres.com\/wp-content\/uploads\/2023\/02\/contacter-le-camping-truffieres-dans-la-drome.webp\",\"datePublished\":\"2023-02-06T08:14:35+00:00\",\"dateModified\":\"2023-03-27T18:28:17+00:00\",\"description\":\"Finden Sie heraus, wie Sie den Campingplatz Les Truffi\u00e8res einfach kontaktieren k\u00f6nnen.\",\"breadcrumb\":{\"@id\":\"https:\/\/www.lestruffieres.com\/de\/kontakt\/#breadcrumb\"},\"inLanguage\":\"de\",\"potentialAction\":[{\"@type\":\"ReadAction\",\"target\":[\"https:\/\/www.lestruffieres.com\/de\/kontakt\/\"]}]},{\"@type\":\"ImageObject\",\"inLanguage\":\"de\",\"@id\":\"https:\/\/www.lestruffieres.com\/de\/kontakt\/#primaryimage\",\"url\":\"https:\/\/www.lestruffieres.com\/wp-content\/uploads\/2023\/02\/contacter-le-camping-truffieres-dans-la-drome.webp\",\"contentUrl\":\"https:\/\/www.lestruffieres.com\/wp-content\/uploads\/2023\/02\/contacter-le-camping-truffieres-dans-la-drome.webp\",\"width\":1920,\"height\":746,\"caption\":\"contacter le camping truffieres dans la drome\"},{\"@type\":\"BreadcrumbList\",\"@id\":\"https:\/\/www.lestruffieres.com\/de\/kontakt\/#breadcrumb\",\"itemListElement\":[{\"@type\":\"ListItem\",\"position\":1,\"name\":\"Camping Dr\u00f4me\",\"item\":\"https:\/\/www.lestruffieres.com\/de\/\"},{\"@type\":\"ListItem\",\"position\":2,\"name\":\"Kontakt und Anfahrt\"}]},{\"@type\":\"WebSite\",\"@id\":\"https:\/\/www.lestruffieres.com\/#website\",\"url\":\"https:\/\/www.lestruffieres.com\/\",\"name\":\"Camping Les Truffi\u00e8res\",\"description\":\"\",\"publisher\":{\"@id\":\"https:\/\/www.lestruffieres.com\/#organization\"},\"potentialAction\":[{\"@type\":\"SearchAction\",\"target\":{\"@type\":\"EntryPoint\",\"urlTemplate\":\"https:\/\/www.lestruffieres.com\/?s={search_term_string}\"},\"query-input\":{\"@type\":\"PropertyValueSpecification\",\"valueRequired\":true,\"valueName\":\"search_term_string\"}}],\"inLanguage\":\"de\"},{\"@type\":\"Organization\",\"@id\":\"https:\/\/www.lestruffieres.com\/#organization\",\"name\":\"Camping Les Truffi\u00e8res\",\"url\":\"https:\/\/www.lestruffieres.com\/\",\"logo\":{\"@type\":\"ImageObject\",\"inLanguage\":\"de\",\"@id\":\"https:\/\/www.lestruffieres.com\/#\/schema\/logo\/image\/\",\"url\":\"https:\/\/www.lestruffieres.com\/wp-content\/uploads\/2023\/02\/camping-les-truffieres-logo-entete.png\",\"contentUrl\":\"https:\/\/www.lestruffieres.com\/wp-content\/uploads\/2023\/02\/camping-les-truffieres-logo-entete.png\",\"width\":742,\"height\":1020,\"caption\":\"Camping Les Truffi\u00e8res\"},\"image\":{\"@id\":\"https:\/\/www.lestruffieres.com\/#\/schema\/logo\/image\/\"}}]}<\/script>\n<!-- \/ Yoast SEO plugin. -->","yoast_head_json":{"title":"Kontakt zum Campingplatz Dr\u00f4me | Route Camping les Truffi\u00e8res","description":"Finden Sie heraus, wie Sie den Campingplatz Les Truffi\u00e8res einfach kontaktieren k\u00f6nnen.","robots":{"index":"index","follow":"follow","max-snippet":"max-snippet:-1","max-image-preview":"max-image-preview:large","max-video-preview":"max-video-preview:-1"},"canonical":"https:\/\/www.lestruffieres.com\/de\/kontakt\/","og_locale":"de_DE","og_type":"article","og_title":"Kontakt zum Campingplatz Dr\u00f4me | Route Camping les Truffi\u00e8res","og_description":"Finden Sie heraus, wie Sie den Campingplatz Les Truffi\u00e8res einfach kontaktieren k\u00f6nnen.","og_url":"https:\/\/www.lestruffieres.com\/de\/kontakt\/","og_site_name":"Camping Les Truffi\u00e8res","article_modified_time":"2023-03-27T18:28:17+00:00","og_image":[{"width":1920,"height":746,"url":"https:\/\/www.lestruffieres.com\/wp-content\/uploads\/2023\/02\/contacter-le-camping-truffieres-dans-la-drome.webp","type":"image\/webp"}],"twitter_card":"summary_large_image","twitter_misc":{"Gesch\u00e4tzte Lesezeit":"2\u00a0Minuten"},"schema":{"@context":"https:\/\/schema.org","@graph":[{"@type":"WebPage","@id":"https:\/\/www.lestruffieres.com\/de\/kontakt\/","url":"https:\/\/www.lestruffieres.com\/de\/kontakt\/","name":"Kontakt zum Campingplatz Dr\u00f4me | Route Camping les Truffi\u00e8res","isPartOf":{"@id":"https:\/\/www.lestruffieres.com\/#website"},"primaryImageOfPage":{"@id":"https:\/\/www.lestruffieres.com\/de\/kontakt\/#primaryimage"},"image":{"@id":"https:\/\/www.lestruffieres.com\/de\/kontakt\/#primaryimage"},"thumbnailUrl":"https:\/\/www.lestruffieres.com\/wp-content\/uploads\/2023\/02\/contacter-le-camping-truffieres-dans-la-drome.webp","datePublished":"2023-02-06T08:14:35+00:00","dateModified":"2023-03-27T18:28:17+00:00","description":"Finden Sie heraus, wie Sie den Campingplatz Les Truffi\u00e8res einfach kontaktieren k\u00f6nnen.","breadcrumb":{"@id":"https:\/\/www.lestruffieres.com\/de\/kontakt\/#breadcrumb"},"inLanguage":"de","potentialAction":[{"@type":"ReadAction","target":["https:\/\/www.lestruffieres.com\/de\/kontakt\/"]}]},{"@type":"ImageObject","inLanguage":"de","@id":"https:\/\/www.lestruffieres.com\/de\/kontakt\/#primaryimage","url":"https:\/\/www.lestruffieres.com\/wp-content\/uploads\/2023\/02\/contacter-le-camping-truffieres-dans-la-drome.webp","contentUrl":"https:\/\/www.lestruffieres.com\/wp-content\/uploads\/2023\/02\/contacter-le-camping-truffieres-dans-la-drome.webp","width":1920,"height":746,"caption":"contacter le camping truffieres dans la drome"},{"@type":"BreadcrumbList","@id":"https:\/\/www.lestruffieres.com\/de\/kontakt\/#breadcrumb","itemListElement":[{"@type":"ListItem","position":1,"name":"Camping Dr\u00f4me","item":"https:\/\/www.lestruffieres.com\/de\/"},{"@type":"ListItem","position":2,"name":"Kontakt und Anfahrt"}]},{"@type":"WebSite","@id":"https:\/\/www.lestruffieres.com\/#website","url":"https:\/\/www.lestruffieres.com\/","name":"Camping Les Truffi\u00e8res","description":"","publisher":{"@id":"https:\/\/www.lestruffieres.com\/#organization"},"potentialAction":[{"@type":"SearchAction","target":{"@type":"EntryPoint","urlTemplate":"https:\/\/www.lestruffieres.com\/?s={search_term_string}"},"query-input":{"@type":"PropertyValueSpecification","valueRequired":true,"valueName":"search_term_string"}}],"inLanguage":"de"},{"@type":"Organization","@id":"https:\/\/www.lestruffieres.com\/#organization","name":"Camping Les Truffi\u00e8res","url":"https:\/\/www.lestruffieres.com\/","logo":{"@type":"ImageObject","inLanguage":"de","@id":"https:\/\/www.lestruffieres.com\/#\/schema\/logo\/image\/","url":"https:\/\/www.lestruffieres.com\/wp-content\/uploads\/2023\/02\/camping-les-truffieres-logo-entete.png","contentUrl":"https:\/\/www.lestruffieres.com\/wp-content\/uploads\/2023\/02\/camping-les-truffieres-logo-entete.png","width":742,"height":1020,"caption":"Camping Les Truffi\u00e8res"},"image":{"@id":"https:\/\/www.lestruffieres.com\/#\/schema\/logo\/image\/"}}]}},"_links":{"self":[{"href":"https:\/\/www.lestruffieres.com\/de\/wp-json\/wp\/v2\/pages\/2877","targetHints":{"allow":["GET"]}}],"collection":[{"href":"https:\/\/www.lestruffieres.com\/de\/wp-json\/wp\/v2\/pages"}],"about":[{"href":"https:\/\/www.lestruffieres.com\/de\/wp-json\/wp\/v2\/types\/page"}],"author":[{"embeddable":true,"href":"https:\/\/www.lestruffieres.com\/de\/wp-json\/wp\/v2\/users\/1"}],"replies":[{"embeddable":true,"href":"https:\/\/www.lestruffieres.com\/de\/wp-json\/wp\/v2\/comments?post=2877"}],"version-history":[{"count":6,"href":"https:\/\/www.lestruffieres.com\/de\/wp-json\/wp\/v2\/pages\/2877\/revisions"}],"predecessor-version":[{"id":3374,"href":"https:\/\/www.lestruffieres.com\/de\/wp-json\/wp\/v2\/pages\/2877\/revisions\/3374"}],"wp:featuredmedia":[{"embeddable":true,"href":"https:\/\/www.lestruffieres.com\/de\/wp-json\/wp\/v2\/media\/2535"}],"wp:attachment":[{"href":"https:\/\/www.lestruffieres.com\/de\/wp-json\/wp\/v2\/media?parent=2877"}],"wp:term":[{"taxonomy":"sujet","embeddable":true,"href":"https:\/\/www.lestruffieres.com\/de\/wp-json\/wp\/v2\/sujet?post=2877"}],"curies":[{"name":"wp","href":"https:\/\/api.w.org\/{rel}","templated":true}]}}