{"id":2873,"date":"2023-02-06T09:14:24","date_gmt":"2023-02-06T08:14:24","guid":{"rendered":"https:\/\/www.lestruffieres.com\/baden-drome-provencale\/"},"modified":"2023-03-27T21:05:03","modified_gmt":"2023-03-27T19:05:03","slug":"baden-drome-provencale","status":"publish","type":"page","link":"https:\/\/www.lestruffieres.com\/de\/baden-drome-provencale\/","title":{"rendered":"Badeecken"},"content":{"rendered":"<section id=\"ls-section-block_e251d78e0559a306fe9162d2eee29754\" class=\"ls-section  page-chapeau\" >\r\n        <div class=\"container container--wide\">\r\n        \n\n<h1 class=\"ls__heading has-text-align-center wp-block-heading\">Badeseen und Fl\u00fcsse <br>in der Dr\u00f4me<\/h1>\n\n\r\n    <\/div>\r\n<\/section>\n\n<section id=\"ls-section-block_2b6349a77666da91ab13eabd8a415cc6\" class=\"ls-section  page-one deco-fleurs has-p-t p-t-0\" >\r\n        <div class=\"container container--wide\">\r\n        \n\n<div class=\"wp-block-columns is-layout-flex wp-container-core-columns-is-layout-9d6595d7 wp-block-columns-is-layout-flex\">\n<div class=\"wp-block-column left is-layout-flow wp-block-column-is-layout-flow\" style=\"flex-basis:66.66%\">\n<figure class=\"wp-block-image size-full animated fadeIn slow\"><img decoding=\"async\" width=\"864\" height=\"576\" src=\"https:\/\/www.lestruffieres.com\/wp-content\/uploads\/2023\/03\/activite-peche-en-lac.jpg\" alt=\"Seefischerei\" class=\"wp-image-1952\" srcset=\"https:\/\/www.lestruffieres.com\/wp-content\/uploads\/2023\/03\/activite-peche-en-lac.jpg 864w, https:\/\/www.lestruffieres.com\/wp-content\/uploads\/2023\/03\/activite-peche-en-lac-300x200.jpg 300w, https:\/\/www.lestruffieres.com\/wp-content\/uploads\/2023\/03\/activite-peche-en-lac-768x512.jpg 768w\" sizes=\"(max-width: 864px) 100vw, 864px\" \/><\/figure>\n\n\n\n<div id=\"ls-heading ls-titre-div-block_c988e5f36c8b5d4e7241a9bdd45cd84a\" class=\"ls-titre-div quotes h2-like\" >\n    <strong>Auf dem Campingplatz Les Truffi\u00e8res<\/strong> inmitten der Dr\u00f4me Proven\u00e7ale tun C\u00e9lina und Brendon alles, um Ihren Aufenthalt zu einem Top-Erlebnis zu machen! <\/div>\n<\/div>\n\n\n\n<div class=\"wp-block-column right is-layout-flow wp-block-column-is-layout-flow\" style=\"flex-basis:33.33%\">\n<h2 class=\"ls__heading deco wp-block-heading\">Seen zum Baden in der N\u00e4he des Campingplatzes<\/h2>\n\n\n\n<p class=\"ls-paragraph\">Auf dem <a href=\"https:\/\/www.lestruffieres.com\/de\/\">Campingplatz Les Truffi\u00e8res<\/a>, steht Ihnen ein Swimmingpool zur Verf\u00fcgung, aber wir wissen, dass viele Menschen gerne inmitten der Natur baden m\u00f6chten. Da unsere Lage an der Grenze zur Ard\u00e8che liegt, finden Sie von <strong>wundersch\u00f6ne nat\u00fcrliche Quellen, in denen man sich eine sch\u00f6ne Zeit machen kann.<\/strong> Wir weisen darauf hin, dass wir von den Wetterbedingungen abh\u00e4ngig sind und es vorkommen kann, dass einige Quellen ausgetrocknet sind.<\/p>\n\n\n\n<h3 class=\"ls-heading wp-block-heading\">See von Pignedor\u00e9<\/h3>\n\n\n\n<p class=\"ls-paragraph\">Nur 22 km vom Campingplatz entfernt entdecken Sie in Pierrelatte einen See, in dem Sie schwimmen und sich am\u00fcsieren k\u00f6nnen. Mehrere <strong>Aktivit\u00e4ten wie Windsurfen oder Rudern<\/strong> werden angeboten und der See ist auch f\u00fcr das Baden von Menschen in Rollst\u00fchlen ausgestattet. <\/p>\n\n\n\n<h3 class=\"ls-heading wp-block-heading\">Der See von Paty<\/h3>\n\n\n\n<p class=\"ls-paragraph\">In Caromb (50km) gelegen, k\u00f6nnen Sie dort baden und <strong>fischen <\/strong> (au\u00dfer im Juli). Sie finden auch eine M\u00f6glichkeit, sich f\u00fcr ein Picknick niederzulassen.<\/p>\n<\/div>\n<\/div>\n\n\r\n    <\/div>\r\n<\/section>\n\n<section id=\"ls-section-block_967deb6806d2d7cdd8da2c537473e73c\" class=\"ls-section  page-two has-background has-color-3-background-color has-p-t p-t-14 has-p-b p-b-14\" >\r\n        <div class=\"container container--wide\">\r\n        \n\n<div class=\"wp-block-columns is-layout-flex wp-container-core-columns-is-layout-9d6595d7 wp-block-columns-is-layout-flex\">\n<div class=\"wp-block-column is-layout-flow wp-block-column-is-layout-flow\" style=\"flex-basis:33.33%\">\n<h3 class=\"ls-heading wp-block-heading\">Cornillon-Sur-l\u2019Oule<\/h3>\n\n\n\n<p class=\"ls-paragraph\">62 km vom Campingplatz entfernt k\u00f6nnen Sie auf Entdeckungstour gehen und den Pas des Ondes entdecken. Angelegter Bereich zum Schwimmen und Angeln und vieles mehr! Fachleute werden anwesend sein, um die Badenden zu beaufsichtigen, und Sie finden auch <strong>etwas zu essen<\/strong> und besch\u00e4ftigen Sie sich. <strong>Tretboote, Kajaks<\/strong>, diese Freizeitanlage wird Ihnen an hei\u00dfen Tagen eine gute Zeit bescheren.<\/p>\n\n\n\n<h3 class=\"ls-heading wp-block-heading\">Der See von Monteux<\/h3>\n\n\n\n<p class=\"ls-paragraph\">Entdecken Sie vor den Toren Avignons einen Aktivit\u00e4tsraum rund um das Wasser f\u00fcr die ganze Familie. Nur 50 km vom Campingplatz entfernt finden Sie einen <strong>idyllischer Ort mit Blick auf den Ventoux<\/strong>. Es werden verschiedene Aktivit\u00e4ten angeboten und Sie werden auch etwas zu essen finden. <\/p>\n\n\n\n<p class=\"ls-paragraph\">Sie k\u00f6nnen auch einen <strong>Wasserpark in Monteux &#8222;Wave Island&#8220;.<\/strong>. <\/p>\n<\/div>\n\n\n\n<div class=\"wp-block-column is-layout-flow wp-block-column-is-layout-flow\" style=\"flex-basis:66.66%\">\n<figure class=\"wp-block-gallery has-nested-images columns-1 is-cropped galerie-slider wp-block-gallery-1 is-layout-flex wp-block-gallery-is-layout-flex\">\n<figure class=\"wp-block-image size-full\"><img decoding=\"async\" width=\"864\" height=\"576\" data-id=\"1956\" src=\"https:\/\/www.lestruffieres.com\/wp-content\/uploads\/2023\/03\/activite-kayak-en-lac.jpg\" alt=\"Kajakfahren auf dem See\" class=\"wp-image-1956\" srcset=\"https:\/\/www.lestruffieres.com\/wp-content\/uploads\/2023\/03\/activite-kayak-en-lac.jpg 864w, https:\/\/www.lestruffieres.com\/wp-content\/uploads\/2023\/03\/activite-kayak-en-lac-300x200.jpg 300w, https:\/\/www.lestruffieres.com\/wp-content\/uploads\/2023\/03\/activite-kayak-en-lac-768x512.jpg 768w\" sizes=\"(max-width: 864px) 100vw, 864px\" \/><\/figure>\n\n\n\n<figure class=\"wp-block-image size-full\"><img decoding=\"async\" width=\"864\" height=\"576\" data-id=\"1958\" src=\"https:\/\/www.lestruffieres.com\/wp-content\/uploads\/2023\/03\/wave-park-au-mont-ventoux.jpg\" alt=\"wave park am mont ventoux\" class=\"wp-image-1958\" srcset=\"https:\/\/www.lestruffieres.com\/wp-content\/uploads\/2023\/03\/wave-park-au-mont-ventoux.jpg 864w, https:\/\/www.lestruffieres.com\/wp-content\/uploads\/2023\/03\/wave-park-au-mont-ventoux-300x200.jpg 300w, https:\/\/www.lestruffieres.com\/wp-content\/uploads\/2023\/03\/wave-park-au-mont-ventoux-768x512.jpg 768w\" sizes=\"(max-width: 864px) 100vw, 864px\" \/><\/figure>\n<\/figure>\n<\/div>\n<\/div>\n\n\r\n    <\/div>\r\n<\/section>\n\n<section id=\"ls-section-block_50aab5b8d39e42880bb81ae1a1acfb58\" class=\"ls-section  page-three has-background green has-p-t p-t-14 has-p-b p-b-14\" >\r\n        <div class=\"container container--wide\">\r\n        \n\n<div class=\"wp-block-columns is-layout-flex wp-container-core-columns-is-layout-9d6595d7 wp-block-columns-is-layout-flex\">\n<div class=\"wp-block-column is-vertically-aligned-center is-layout-flow wp-block-column-is-layout-flow\" style=\"flex-basis:66.66%\">\n<figure class=\"wp-block-image size-full animated bounceInLeft slow delay-100ms\"><img decoding=\"async\" width=\"864\" height=\"576\" src=\"https:\/\/www.lestruffieres.com\/wp-content\/uploads\/2023\/03\/baignade-en-riviere-dans-la-drome.jpg\" alt=\"baden in fl\u00fcssen in der drome\" class=\"wp-image-1947\" srcset=\"https:\/\/www.lestruffieres.com\/wp-content\/uploads\/2023\/03\/baignade-en-riviere-dans-la-drome.jpg 864w, https:\/\/www.lestruffieres.com\/wp-content\/uploads\/2023\/03\/baignade-en-riviere-dans-la-drome-300x200.jpg 300w, https:\/\/www.lestruffieres.com\/wp-content\/uploads\/2023\/03\/baignade-en-riviere-dans-la-drome-768x512.jpg 768w\" sizes=\"(max-width: 864px) 100vw, 864px\" \/><\/figure>\n<\/div>\n\n\n\n<div class=\"wp-block-column is-vertically-aligned-center is-layout-flow wp-block-column-is-layout-flow\" style=\"flex-basis:33.33%\">\n<h2 class=\"ls__heading deco wp-block-heading\">Baden und Flusswanderungen<\/h2>\n\n\n\n<p class=\"ls-paragraph\">Ein paar hundert Meter vom Campingplatz entfernt flie\u00dft der Lez, ein Fluss der Rh\u00f4ne. Wenn er manchmal wasserarm oder ausgetrocknet ist, k\u00f6nnen Sie manchmal darin baden. Bei einem Spaziergang dort finden Sie <strong>wundersch\u00f6ne, erholsame Orte, an denen Ruhe herrscht<\/strong>.<\/p>\n\n\n\n<p class=\"ls-paragraph\">Einige Informationen sollten Sie kennen, bevor Sie sich auf den Weg machen, am besten mit Turnschuhen und <strong>bereit sein, Schlangen zu begegnen<\/strong>. Spazierengehen, Baden und Rikscha-Wettbewerbe sind angesagt!<\/p>\n\n\n\n<p class=\"ls-paragraph\">Etwas weiter entfernt finden Sie den Fluss Eygues, der in Richtung Nyons wundersch\u00f6ne Str\u00e4nde hat. Lassen Sie sich unweit von Mollans-Sur-Ouv\u00e8ze von den Gorges du Toulourenc verzaubern. <\/p>\n\n\n\n<p class=\"ls-paragraph addReadMore showlesscontent\">Sie entdecken einen <strong>atemberaubender Ort im Schutz der Hitze und im Herzen der Natur<\/strong>.<br><br>Genie\u00dfen Sie schlie\u00dflich in weniger als 40 km Entfernung vom Campingplatz ein Picknick und ein kleines Bad im k\u00fchlen Nass mit Le Pas du Gour in Brette. Leicht zu erreichen, finden Sie dort eine kleine <strong>charmanter Quellwasserfall<\/strong>. <\/p>\n<\/div>\n<\/div>\n\n\r\n    <\/div>\r\n<\/section>\n\n<section id=\"ls-section-block_b47fa505d468bb5e8448569833e6d6ea\" class=\"ls-section  page-maillage has-p-t p-t-14 has-p-b p-b-14\" >\r\n        <div class=\"container container--wide\">\r\n        \n\n<div id=\"ls-heading ls-titre-div-block_b7453558cf5c5120407ea02add6466ad\" class=\"ls-titre-div deco aligncenter h2-like\" >\n    Entdecken Sie unsere Umgebung!<\/div>\n\n\n<div id=\"ls-maillage-block_37c6dc4215b737806c60ea1d87b9f7b9\" class=\"ls-maillage cta-style-normal\" data-rows=\"3\">\r\n    <div class=\"wp-block-columns\"><div class=\"wp-block-column\">\n\n<a href=\"https:\/\/www.lestruffieres.com\/de\/schloss-von-grignan\/\" target=\"\" rel=\"noopener\" class=\"ls-cta__link\">\n\n\t<div class=\"ls-cta__image\"><img decoding=\"async\" src=\"https:\/\/www.lestruffieres.com\/wp-content\/uploads\/2023\/03\/chateau-de-grignan-drome-provencale.jpg\" alt=\"chateau de grignan drome provencale\"><\/div>\n\t<div class=\"ls-cta__title\">\n\t\tSchloss von Grignan\t<\/div>\n\t\n\t\t\n<\/a><\/div><div class=\"wp-block-column\">\n\n<a href=\"https:\/\/www.lestruffieres.com\/de\/provenzalischen-markte\/\" target=\"\" rel=\"noopener\" class=\"ls-cta__link\">\n\n\t<div class=\"ls-cta__image\"><img decoding=\"async\" src=\"https:\/\/www.lestruffieres.com\/wp-content\/uploads\/2023\/03\/marches.jpg\" alt=\"marches provence\"><\/div>\n\t<div class=\"ls-cta__title\">\n\t\tDie provenzalischen M\u00e4rkte\t<\/div>\n\t\n\t\t\n<\/a><\/div><div class=\"wp-block-column\">\n\n<a href=\"https:\/\/www.lestruffieres.com\/de\/urlaubsreisen-camping-la-garde-adhemar\/\" target=\"\" rel=\"noopener\" class=\"ls-cta__link\">\n\n\t<div class=\"ls-cta__image\"><img decoding=\"async\" src=\"https:\/\/www.lestruffieres.com\/wp-content\/uploads\/2023\/03\/village-de-la-garde-adhemar-dans-la-drome.jpg\" alt=\"village de la garde adhemar dans la drome\"><\/div>\n\t<div class=\"ls-cta__title\">\n\t\tDorf La Garde Adh\u00e9mar\t<\/div>\n\t\n\t\t\n<\/a><\/div><\/div><\/div>\n\r\n    <\/div>\r\n<\/section>","protected":false},"excerpt":{"rendered":"","protected":false},"author":1,"featured_media":2713,"parent":0,"menu_order":0,"comment_status":"closed","ping_status":"closed","template":"","meta":{"_acf_changed":false,"footnotes":""},"sujet":[],"class_list":["post-2873","page","type-page","status-publish","has-post-thumbnail","hentry"],"acf":[],"yoast_head":"<!-- This site is optimized with the Yoast SEO plugin v23.4 - https:\/\/yoast.com\/wordpress\/plugins\/seo\/ -->\n<title>Seen und Fl\u00fcsse zum Baden in der Dr\u00f4me<\/title>\n<meta name=\"description\" content=\"Entdecken Sie die Seen und Fl\u00fcsse, in denen Sie in der Dr\u00f4me leicht baden k\u00f6nnen.\" \/>\n<meta name=\"robots\" content=\"index, follow, max-snippet:-1, max-image-preview:large, max-video-preview:-1\" \/>\n<link rel=\"canonical\" href=\"https:\/\/www.lestruffieres.com\/de\/baden-drome-provencale\/\" \/>\n<meta property=\"og:locale\" content=\"de_DE\" \/>\n<meta property=\"og:type\" content=\"article\" \/>\n<meta property=\"og:title\" content=\"Seen und Fl\u00fcsse zum Baden in der Dr\u00f4me\" \/>\n<meta property=\"og:description\" content=\"Entdecken Sie die Seen und Fl\u00fcsse, in denen Sie in der Dr\u00f4me leicht baden k\u00f6nnen.\" \/>\n<meta property=\"og:url\" content=\"https:\/\/www.lestruffieres.com\/de\/baden-drome-provencale\/\" \/>\n<meta property=\"og:site_name\" content=\"Camping Les Truffi\u00e8res\" \/>\n<meta property=\"article:modified_time\" content=\"2023-03-27T19:05:03+00:00\" \/>\n<meta property=\"og:image\" content=\"https:\/\/www.lestruffieres.com\/wp-content\/uploads\/2023\/03\/les-lacs-de-la-drome-provencale.webp\" \/>\n\t<meta property=\"og:image:width\" content=\"1920\" \/>\n\t<meta property=\"og:image:height\" content=\"746\" \/>\n\t<meta property=\"og:image:type\" content=\"image\/webp\" \/>\n<meta name=\"twitter:card\" content=\"summary_large_image\" \/>\n<meta name=\"twitter:label1\" content=\"Gesch\u00e4tzte Lesezeit\" \/>\n\t<meta name=\"twitter:data1\" content=\"3\u00a0Minuten\" \/>\n<script type=\"application\/ld+json\" class=\"yoast-schema-graph\">{\"@context\":\"https:\/\/schema.org\",\"@graph\":[{\"@type\":\"WebPage\",\"@id\":\"https:\/\/www.lestruffieres.com\/de\/baden-drome-provencale\/\",\"url\":\"https:\/\/www.lestruffieres.com\/de\/baden-drome-provencale\/\",\"name\":\"Seen und Fl\u00fcsse zum Baden in der Dr\u00f4me\",\"isPartOf\":{\"@id\":\"https:\/\/www.lestruffieres.com\/#website\"},\"primaryImageOfPage\":{\"@id\":\"https:\/\/www.lestruffieres.com\/de\/baden-drome-provencale\/#primaryimage\"},\"image\":{\"@id\":\"https:\/\/www.lestruffieres.com\/de\/baden-drome-provencale\/#primaryimage\"},\"thumbnailUrl\":\"https:\/\/www.lestruffieres.com\/wp-content\/uploads\/2023\/03\/les-lacs-de-la-drome-provencale.webp\",\"datePublished\":\"2023-02-06T08:14:24+00:00\",\"dateModified\":\"2023-03-27T19:05:03+00:00\",\"description\":\"Entdecken Sie die Seen und Fl\u00fcsse, in denen Sie in der Dr\u00f4me leicht baden k\u00f6nnen.\",\"breadcrumb\":{\"@id\":\"https:\/\/www.lestruffieres.com\/de\/baden-drome-provencale\/#breadcrumb\"},\"inLanguage\":\"de\",\"potentialAction\":[{\"@type\":\"ReadAction\",\"target\":[\"https:\/\/www.lestruffieres.com\/de\/baden-drome-provencale\/\"]}]},{\"@type\":\"ImageObject\",\"inLanguage\":\"de\",\"@id\":\"https:\/\/www.lestruffieres.com\/de\/baden-drome-provencale\/#primaryimage\",\"url\":\"https:\/\/www.lestruffieres.com\/wp-content\/uploads\/2023\/03\/les-lacs-de-la-drome-provencale.webp\",\"contentUrl\":\"https:\/\/www.lestruffieres.com\/wp-content\/uploads\/2023\/03\/les-lacs-de-la-drome-provencale.webp\",\"width\":1920,\"height\":746,\"caption\":\"lacs drome provencales\"},{\"@type\":\"BreadcrumbList\",\"@id\":\"https:\/\/www.lestruffieres.com\/de\/baden-drome-provencale\/#breadcrumb\",\"itemListElement\":[{\"@type\":\"ListItem\",\"position\":1,\"name\":\"Camping Dr\u00f4me\",\"item\":\"https:\/\/www.lestruffieres.com\/de\/\"},{\"@type\":\"ListItem\",\"position\":2,\"name\":\"Seen, Fl\u00fcsse Dr\u00f4me proven\u00e7ale\"}]},{\"@type\":\"WebSite\",\"@id\":\"https:\/\/www.lestruffieres.com\/#website\",\"url\":\"https:\/\/www.lestruffieres.com\/\",\"name\":\"Camping Les Truffi\u00e8res\",\"description\":\"\",\"publisher\":{\"@id\":\"https:\/\/www.lestruffieres.com\/#organization\"},\"potentialAction\":[{\"@type\":\"SearchAction\",\"target\":{\"@type\":\"EntryPoint\",\"urlTemplate\":\"https:\/\/www.lestruffieres.com\/?s={search_term_string}\"},\"query-input\":{\"@type\":\"PropertyValueSpecification\",\"valueRequired\":true,\"valueName\":\"search_term_string\"}}],\"inLanguage\":\"de\"},{\"@type\":\"Organization\",\"@id\":\"https:\/\/www.lestruffieres.com\/#organization\",\"name\":\"Camping Les Truffi\u00e8res\",\"url\":\"https:\/\/www.lestruffieres.com\/\",\"logo\":{\"@type\":\"ImageObject\",\"inLanguage\":\"de\",\"@id\":\"https:\/\/www.lestruffieres.com\/#\/schema\/logo\/image\/\",\"url\":\"https:\/\/www.lestruffieres.com\/wp-content\/uploads\/2023\/02\/camping-les-truffieres-logo-entete.png\",\"contentUrl\":\"https:\/\/www.lestruffieres.com\/wp-content\/uploads\/2023\/02\/camping-les-truffieres-logo-entete.png\",\"width\":742,\"height\":1020,\"caption\":\"Camping Les Truffi\u00e8res\"},\"image\":{\"@id\":\"https:\/\/www.lestruffieres.com\/#\/schema\/logo\/image\/\"}}]}<\/script>\n<!-- \/ Yoast SEO plugin. -->","yoast_head_json":{"title":"Seen und Fl\u00fcsse zum Baden in der Dr\u00f4me","description":"Entdecken Sie die Seen und Fl\u00fcsse, in denen Sie in der Dr\u00f4me leicht baden k\u00f6nnen.","robots":{"index":"index","follow":"follow","max-snippet":"max-snippet:-1","max-image-preview":"max-image-preview:large","max-video-preview":"max-video-preview:-1"},"canonical":"https:\/\/www.lestruffieres.com\/de\/baden-drome-provencale\/","og_locale":"de_DE","og_type":"article","og_title":"Seen und Fl\u00fcsse zum Baden in der Dr\u00f4me","og_description":"Entdecken Sie die Seen und Fl\u00fcsse, in denen Sie in der Dr\u00f4me leicht baden k\u00f6nnen.","og_url":"https:\/\/www.lestruffieres.com\/de\/baden-drome-provencale\/","og_site_name":"Camping Les Truffi\u00e8res","article_modified_time":"2023-03-27T19:05:03+00:00","og_image":[{"width":1920,"height":746,"url":"https:\/\/www.lestruffieres.com\/wp-content\/uploads\/2023\/03\/les-lacs-de-la-drome-provencale.webp","type":"image\/webp"}],"twitter_card":"summary_large_image","twitter_misc":{"Gesch\u00e4tzte Lesezeit":"3\u00a0Minuten"},"schema":{"@context":"https:\/\/schema.org","@graph":[{"@type":"WebPage","@id":"https:\/\/www.lestruffieres.com\/de\/baden-drome-provencale\/","url":"https:\/\/www.lestruffieres.com\/de\/baden-drome-provencale\/","name":"Seen und Fl\u00fcsse zum Baden in der Dr\u00f4me","isPartOf":{"@id":"https:\/\/www.lestruffieres.com\/#website"},"primaryImageOfPage":{"@id":"https:\/\/www.lestruffieres.com\/de\/baden-drome-provencale\/#primaryimage"},"image":{"@id":"https:\/\/www.lestruffieres.com\/de\/baden-drome-provencale\/#primaryimage"},"thumbnailUrl":"https:\/\/www.lestruffieres.com\/wp-content\/uploads\/2023\/03\/les-lacs-de-la-drome-provencale.webp","datePublished":"2023-02-06T08:14:24+00:00","dateModified":"2023-03-27T19:05:03+00:00","description":"Entdecken Sie die Seen und Fl\u00fcsse, in denen Sie in der Dr\u00f4me leicht baden k\u00f6nnen.","breadcrumb":{"@id":"https:\/\/www.lestruffieres.com\/de\/baden-drome-provencale\/#breadcrumb"},"inLanguage":"de","potentialAction":[{"@type":"ReadAction","target":["https:\/\/www.lestruffieres.com\/de\/baden-drome-provencale\/"]}]},{"@type":"ImageObject","inLanguage":"de","@id":"https:\/\/www.lestruffieres.com\/de\/baden-drome-provencale\/#primaryimage","url":"https:\/\/www.lestruffieres.com\/wp-content\/uploads\/2023\/03\/les-lacs-de-la-drome-provencale.webp","contentUrl":"https:\/\/www.lestruffieres.com\/wp-content\/uploads\/2023\/03\/les-lacs-de-la-drome-provencale.webp","width":1920,"height":746,"caption":"lacs drome provencales"},{"@type":"BreadcrumbList","@id":"https:\/\/www.lestruffieres.com\/de\/baden-drome-provencale\/#breadcrumb","itemListElement":[{"@type":"ListItem","position":1,"name":"Camping Dr\u00f4me","item":"https:\/\/www.lestruffieres.com\/de\/"},{"@type":"ListItem","position":2,"name":"Seen, Fl\u00fcsse Dr\u00f4me proven\u00e7ale"}]},{"@type":"WebSite","@id":"https:\/\/www.lestruffieres.com\/#website","url":"https:\/\/www.lestruffieres.com\/","name":"Camping Les Truffi\u00e8res","description":"","publisher":{"@id":"https:\/\/www.lestruffieres.com\/#organization"},"potentialAction":[{"@type":"SearchAction","target":{"@type":"EntryPoint","urlTemplate":"https:\/\/www.lestruffieres.com\/?s={search_term_string}"},"query-input":{"@type":"PropertyValueSpecification","valueRequired":true,"valueName":"search_term_string"}}],"inLanguage":"de"},{"@type":"Organization","@id":"https:\/\/www.lestruffieres.com\/#organization","name":"Camping Les Truffi\u00e8res","url":"https:\/\/www.lestruffieres.com\/","logo":{"@type":"ImageObject","inLanguage":"de","@id":"https:\/\/www.lestruffieres.com\/#\/schema\/logo\/image\/","url":"https:\/\/www.lestruffieres.com\/wp-content\/uploads\/2023\/02\/camping-les-truffieres-logo-entete.png","contentUrl":"https:\/\/www.lestruffieres.com\/wp-content\/uploads\/2023\/02\/camping-les-truffieres-logo-entete.png","width":742,"height":1020,"caption":"Camping Les Truffi\u00e8res"},"image":{"@id":"https:\/\/www.lestruffieres.com\/#\/schema\/logo\/image\/"}}]}},"_links":{"self":[{"href":"https:\/\/www.lestruffieres.com\/de\/wp-json\/wp\/v2\/pages\/2873","targetHints":{"allow":["GET"]}}],"collection":[{"href":"https:\/\/www.lestruffieres.com\/de\/wp-json\/wp\/v2\/pages"}],"about":[{"href":"https:\/\/www.lestruffieres.com\/de\/wp-json\/wp\/v2\/types\/page"}],"author":[{"embeddable":true,"href":"https:\/\/www.lestruffieres.com\/de\/wp-json\/wp\/v2\/users\/1"}],"replies":[{"embeddable":true,"href":"https:\/\/www.lestruffieres.com\/de\/wp-json\/wp\/v2\/comments?post=2873"}],"version-history":[{"count":4,"href":"https:\/\/www.lestruffieres.com\/de\/wp-json\/wp\/v2\/pages\/2873\/revisions"}],"predecessor-version":[{"id":6444,"href":"https:\/\/www.lestruffieres.com\/de\/wp-json\/wp\/v2\/pages\/2873\/revisions\/6444"}],"wp:featuredmedia":[{"embeddable":true,"href":"https:\/\/www.lestruffieres.com\/de\/wp-json\/wp\/v2\/media\/2713"}],"wp:attachment":[{"href":"https:\/\/www.lestruffieres.com\/de\/wp-json\/wp\/v2\/media?parent=2873"}],"wp:term":[{"taxonomy":"sujet","embeddable":true,"href":"https:\/\/www.lestruffieres.com\/de\/wp-json\/wp\/v2\/sujet?post=2873"}],"curies":[{"name":"wp","href":"https:\/\/api.w.org\/{rel}","templated":true}]}}