{"id":2867,"date":"2023-02-06T09:13:01","date_gmt":"2023-02-06T08:13:01","guid":{"rendered":"https:\/\/www.lestruffieres.com\/schloss-von-grignan\/"},"modified":"2023-03-28T09:26:39","modified_gmt":"2023-03-28T07:26:39","slug":"schloss-von-grignan","status":"publish","type":"page","link":"https:\/\/www.lestruffieres.com\/de\/schloss-von-grignan\/","title":{"rendered":"Schloss von Grignan"},"content":{"rendered":"<section id=\"ls-section-block_20badc26922903fe705aac17758776ea\" class=\"ls-section  page-chapeau\" >\r\n        <div class=\"container container--wide\">\r\n        \n\n<h1 class=\"ls__heading has-text-align-center wp-block-heading\">Schloss von Grignan<\/h1>\n\n\r\n    <\/div>\r\n<\/section><section id=\"ls-section-block_f513030b8c26f815ad3db74dc6bc69a3\" class=\"ls-section  page-one deco-fleurs has-p-t p-t-0\" >\r\n        <div class=\"container container--wide\">\r\n        \n\n<div class=\"wp-block-columns is-layout-flex wp-container-core-columns-is-layout-9d6595d7 wp-block-columns-is-layout-flex\">\n<div class=\"wp-block-column left is-layout-flow wp-block-column-is-layout-flow\" style=\"flex-basis:66.66%\">\n<figure class=\"wp-block-image size-full animated fadeIn slow\"><img decoding=\"async\" width=\"864\" height=\"576\" src=\"https:\/\/www.lestruffieres.com\/wp-content\/uploads\/2023\/03\/visiter-le-chateau-de-grignan.jpg\" alt=\"das schloss von grignan besichtigen\" class=\"wp-image-1801\" srcset=\"https:\/\/www.lestruffieres.com\/wp-content\/uploads\/2023\/03\/visiter-le-chateau-de-grignan.jpg 864w, https:\/\/www.lestruffieres.com\/wp-content\/uploads\/2023\/03\/visiter-le-chateau-de-grignan-300x200.jpg 300w, https:\/\/www.lestruffieres.com\/wp-content\/uploads\/2023\/03\/visiter-le-chateau-de-grignan-768x512.jpg 768w\" sizes=\"(max-width: 864px) 100vw, 864px\" \/><\/figure>\n\n\n\n<div id=\"ls-heading ls-titre-div-block_fe621d79f8f96b7e192168ef6972ebc1\" class=\"ls-titre-div quotes h2-like\" >\n    <strong>Auf dem Campingplatz Les Truffi\u00e8res<\/strong> inmitten der Dr\u00f4me Proven\u00e7ale tun C\u00e9lina und Brendon alles, um Ihren Aufenthalt zu einem Top-Erlebnis zu machen! <\/div>\n<\/div>\n\n\n\n<div class=\"wp-block-column right is-layout-flow wp-block-column-is-layout-flow\" style=\"flex-basis:33.33%\">\n<h2 class=\"ls__heading deco wp-block-heading\">Entdecken Sie das Schloss von Grignan in der Provence<\/h2>\n\n\n\n<p class=\"ls-paragraph\">Begeben Sie sich auf eine Entdeckungsreise in ein anderes Jahrhundert und besuchen Sie das <a href=\"https:\/\/www.chateaux-ladrome.fr\/fr\/\" target=\"_blank\" rel=\"noreferrer noopener nofollow\">Schloss Grignan in Rh\u00f4ne-Alpes<\/a>. <\/p>\n\n\n\n<p class=\"ls-paragraph\">Im Herzen der Provence, im Zentrum des Dorfes Grignan und nur 1 km von unserem Campingplatz entfernt, besuchen Sie dieses <strong>wundersch\u00f6nes Schloss mit der Renaissance-Architektur von Madame de S\u00e9vign\u00e9<\/strong> sowie die beiden anderen Adhemar-Schl\u00f6sser ganz in der N\u00e4he.<\/p>\n\n\n\n<p class=\"ls-paragraph\">Das Schloss von Grignan und sein Museum befinden sich im Herzen der Dr\u00f4me proven\u00e7ale in der Provence im Herzen der Wiege der Adh\u00e4sion, <strong>er beherrscht die Ebenen und Berge mit einem 360\u00b0-Blick<\/strong>. Dieses auf einem Felsvorsprung errichtete Denkmal mit Fassaden im Stil von Louis XIV \u00fcberragt das Dorf oberhalb der Stiftskirche. Sie werden von den Terrassen mit einem einzigartigen Panorama und dem Blick auf den <a href=\"https:\/\/www.lestruffieres.com\/de\/campingplatz-mont-ventoux\/\">Mont Ventoux<\/a> geblendet sein. Der Mont Ventoux ist der symboltr\u00e4chtige Ort der s\u00fcdlichen Dr\u00f4me, wenn Sie ihn also noch nicht bewundert haben, k\u00f6nnen Sie ihn genie\u00dfen. <strong>des Campingplatzes, denn seine Aussicht ist allgegenw\u00e4rtig<\/strong>. M\u00f6chten Sie den Mont Ventoux aus der N\u00e4he sehen? Dann fordern Sie ihn mit dem Fahrrad, zu Fu\u00df oder auf zwei R\u00e4dern heraus!<\/p>\n\n\n\n<p class=\"ls-paragraph addReadMore showlesscontent\">Jahrhundert taucht der Name Mme De S\u00e9vign\u00e9 in literarischen Texten auf. Und ja die Kinder studieren es oder haben es in der Klasse studiert, denn die Texte im Franz\u00f6sischunterricht beziehen sich oft auf Madame De S\u00e9vign\u00e9. Aber ihn in Wirklichkeit zu sehen, wird eine neue Entdeckung w\u00e4hrend Ihres Besuchs oder bei den n\u00e4chtlichen Festen sein.<\/p>\n<\/div>\n<\/div>\n\n\r\n    <\/div>\r\n<\/section><section id=\"ls-section-block_807b9cb055b2133c7caacb86d82f5af0\" class=\"ls-section  page-two has-background has-color-3-background-color has-p-t p-t-14 has-p-b p-b-14\" >\r\n        <div class=\"container container--wide\">\r\n        \n\n<div class=\"wp-block-columns is-layout-flex wp-container-core-columns-is-layout-9d6595d7 wp-block-columns-is-layout-flex\">\n<div class=\"wp-block-column is-vertically-aligned-center is-layout-flow wp-block-column-is-layout-flow\" style=\"flex-basis:33.33%\">\n<h2 class=\"ls__heading deco wp-block-heading\">Die Geschichte des Schlosses<\/h2>\n\n\n\n<p class=\"ls-paragraph\">Die Geschichte des Ch\u00e2teau des <a href=\"https:\/\/www.lestruffieres.com\/de\/urlaubsreisen-camping-la-garde-adhemar\/\">Adh\u00e9mar<\/a> beginnt so: &#8222;Es war einmal der Comte de Grignan, der Fran\u00e7oise de S\u00e9vign\u00e9, die Tochter der Marquise de S\u00e9vign\u00e9, heiratete. Der liebevolle Briefwechsel zwischen der Marquise und ihrer Tochter lie\u00df das Schloss in eine historische Seite eintreten&#8230;&#8220;. Aber wenn Sie die ganze <strong>die spannende Geschichte dieser Familie und des Schlosses<\/strong>, Dann kommen Sie auf den Campingplatz Les Truffi\u00e8res und genie\u00dfen Sie einen einzigartigen Moment, in dem Sie die Zeit vergessen werden. Reisen Sie w\u00e4hrend eines Besuchs aus unserem Jahrhundert in die Zeit des K\u00f6nigs, von louis XIV, K\u00f6nig von Frankreich oder Fran\u00e7ois 1er.<\/p>\n<\/div>\n\n\n\n<div class=\"wp-block-column is-vertically-aligned-center is-layout-flow wp-block-column-is-layout-flow\" style=\"flex-basis:66.66%\">\n<figure class=\"wp-block-gallery has-nested-images columns-1 is-cropped galerie-slider wp-block-gallery-1 is-layout-flex wp-block-gallery-is-layout-flex\">\n<figure class=\"wp-block-image size-full\"><img decoding=\"async\" width=\"864\" height=\"576\" data-id=\"1799\" src=\"https:\/\/www.lestruffieres.com\/wp-content\/uploads\/2023\/03\/chateau-de-grignan.jpg\" alt=\"schloss von grignan\" class=\"wp-image-1799\" srcset=\"https:\/\/www.lestruffieres.com\/wp-content\/uploads\/2023\/03\/chateau-de-grignan.jpg 864w, https:\/\/www.lestruffieres.com\/wp-content\/uploads\/2023\/03\/chateau-de-grignan-300x200.jpg 300w, https:\/\/www.lestruffieres.com\/wp-content\/uploads\/2023\/03\/chateau-de-grignan-768x512.jpg 768w\" sizes=\"(max-width: 864px) 100vw, 864px\" \/><\/figure>\n<\/figure>\n<\/div>\n<\/div>\n\n\r\n    <\/div>\r\n<\/section><section id=\"ls-section-block_38103c2293162307c2f40057a009a44f\" class=\"ls-section  page-three has-background green has-p-t p-t-14 has-p-b p-b-14\" >\r\n        <div class=\"container container--wide\">\r\n        \n\n<div class=\"wp-block-columns is-layout-flex wp-container-core-columns-is-layout-9d6595d7 wp-block-columns-is-layout-flex\">\n<div class=\"wp-block-column is-vertically-aligned-center is-layout-flow wp-block-column-is-layout-flow\" style=\"flex-basis:66.66%\">\n<figure class=\"wp-block-image size-full animated bounceInLeft slow delay-100ms\"><img decoding=\"async\" width=\"864\" height=\"576\" src=\"https:\/\/www.lestruffieres.com\/wp-content\/uploads\/2023\/03\/village-de-grignan-dans-la-drome.jpg\" alt=\"dorf grignan in der drome\" class=\"wp-image-1796\" srcset=\"https:\/\/www.lestruffieres.com\/wp-content\/uploads\/2023\/03\/village-de-grignan-dans-la-drome.jpg 864w, https:\/\/www.lestruffieres.com\/wp-content\/uploads\/2023\/03\/village-de-grignan-dans-la-drome-300x200.jpg 300w, https:\/\/www.lestruffieres.com\/wp-content\/uploads\/2023\/03\/village-de-grignan-dans-la-drome-768x512.jpg 768w\" sizes=\"(max-width: 864px) 100vw, 864px\" \/><\/figure>\n<\/div>\n\n\n\n<div class=\"wp-block-column is-vertically-aligned-center is-layout-flow wp-block-column-is-layout-flow\" style=\"flex-basis:33.33%\">\n<h2 class=\"ls__heading deco wp-block-heading\">Camping in der N\u00e4he des Schlosses von Grignan<\/h2>\n\n\n\n<p class=\"ls-paragraph\"><em>Ein Urlaub in Rh\u00f4ne Alpes ist ein gelungener Urlaub.<\/em><\/p>\n\n\n\n<p class=\"ls-paragraph\">Zwischen Mont\u00e9limar und Nyons gelegen, <a href=\"https:\/\/www.lestruffieres.com\/de\/\">unser Campingplatz in Grignan<\/a> hat eine strategische Position f\u00fcr Ihren Urlaub. Sie k\u00f6nnen die hochgelegenen D\u00f6rfer besuchen, die unumg\u00e4nglichen Sehensw\u00fcrdigkeiten der provenzalischen Dr\u00f4me, die Kunst und vor allem zwischen Tr\u00fcffeleichen, Lavendel und Weinreben spazieren gehen. <strong>Ein einzigartiger Ort, um die Natur zu genie\u00dfen<\/strong> w\u00e4hrend ihres Urlaubs.<br\/>Die N\u00e4he des Campingplatzes zum Schloss von Grignan erspart Ihnen viele Verkehrs- und Parkprobleme. Und planen Sie Ihren Aufenthalt im Voraus, denn die Pl\u00e4tze f\u00fcr die Nachtveranstaltungen sind sehr begehrt!<\/p>\n<\/div>\n<\/div>\n\n\r\n    <\/div>\r\n<\/section><section id=\"ls-section-block_9c9072ab15f4cb577e68a4adbb43c830\" class=\"ls-section  page-five has-background has-color-3-background-color has-p-t p-t-14 has-p-b p-b-14\" >\r\n        <div class=\"container container--wide\">\r\n        \n\n<div id=\"ls-heading ls-titre-div-block_ab0f7aec6688d9cd05efcca94b35b115\" class=\"ls-titre-div deco aligncenter h2-like\" >\n    Praktische Infos<\/div>\n\n\n\n<p class=\"ls-paragraph has-text-align-center\">Zu Fu\u00df oder mit dem Fahrrad k\u00f6nnen Sie in das Dorf Grignan fahren und das Schloss der Adhemars besichtigen. Auf dem ganzen Weg und dann in den Haupthof eintreten, die Fassade, die Stiftskirche, das Erbe und die B\u00fchne bewundern.<\/p>\n\n\n\n<p class=\"ls-paragraph has-text-align-center\">Dieses Erbe bietet Ihnen <strong>n\u00e4chtliche Feste den ganzen Sommer \u00fcber<\/strong> auf seinen Terrassen, also z\u00f6gern Sie nicht, Ihre Familienkarten mit einem Sonderpreis zu kaufen oder als Statist auf die B\u00fchne zu gehen. Au\u00dferdem k\u00f6nnen Sie Anfang Juli das Korrespondenzfestival genie\u00dfen.<\/p>\n\n\n\n<p class=\"ls-paragraph has-text-align-center\">Das Schloss ist f\u00fcr die ganze Familie zum Einheitspreis geeignet und zur Freude aller wird w\u00e4hrend Ihres Besuchs eine Schnitzeljagd angeboten. Diese Tour f\u00fchrt Sie in<strong> reise in das Herz der Schl\u00f6sser der Dr\u00f4me Frankreich<\/strong> dank der Kunst und seines Museums, um Ihnen die gro\u00dfen historischen Etappen des Schlosses von Grignan n\u00e4her zu bringen.<\/p>\n\n\n\n<p class=\"ls-paragraph has-text-align-center\">Unter Denkmalschutz gestellt, <strong>das Schloss kann das ganze Jahr \u00fcber besichtigt werden<\/strong>. <\/p>\n\n\n\n<p class=\"ls-paragraph has-text-align-center\">Schlossbesichtigung : 04 75 91 83 55 \/ fax 04 75 91 83 51.<\/p>\n\n\r\n    <\/div>\r\n<\/section><section id=\"ls-section-block_ff42f05e13ebf007911215a9277aeac5\" class=\"ls-section  page-maillage has-p-t p-t-14 has-p-b p-b-14\" >\r\n        <div class=\"container container--wide\">\r\n        \n\n<div id=\"ls-heading ls-titre-div-block_69ad1440b2c01e856f9326faf30bf8bc\" class=\"ls-titre-div deco aligncenter h2-like\" >\n    In der Umgebung unseres Campingplatzes zu entdecken!<\/div>\n\n\n<div id=\"ls-maillage-block_0759bd08e8ef0566c0bf635f834fe5f5\" class=\"ls-maillage cta-style-normal\" data-rows=\"3\">\r\n    <div class=\"wp-block-columns\"><div class=\"wp-block-column\">\n\n<a href=\"https:\/\/www.lestruffieres.com\/de\/campingplatz-mont-ventoux\/\" target=\"\" rel=\"noopener\" class=\"ls-cta__link\">\n\n\t<div class=\"ls-cta__image\"><img decoding=\"async\" src=\"https:\/\/www.lestruffieres.com\/wp-content\/uploads\/2023\/03\/mont-ventoux.jpg\" alt=\"mont ventoux\"><\/div>\n\t<div class=\"ls-cta__title\">\n\t\tDer Berg Ventoux\t<\/div>\n\t\n\t\t\n<\/a><\/div><div class=\"wp-block-column\">\n\n<a href=\"https:\/\/www.lestruffieres.com\/de\/provenzalischen-markte\/\" target=\"\" rel=\"noopener\" class=\"ls-cta__link\">\n\n\t<div class=\"ls-cta__image\"><img decoding=\"async\" src=\"https:\/\/www.lestruffieres.com\/wp-content\/uploads\/2023\/03\/marches.jpg\" alt=\"marches provence\"><\/div>\n\t<div class=\"ls-cta__title\">\n\t\tDie provenzalischen M\u00e4rkte\t<\/div>\n\t\n\t\t\n<\/a><\/div><div class=\"wp-block-column\">\n\n<a href=\"https:\/\/www.lestruffieres.com\/de\/ferien-reisen-camping-grignan\/\" target=\"\" rel=\"noopener\" class=\"ls-cta__link\">\n\n\t<div class=\"ls-cta__image\"><img decoding=\"async\" src=\"https:\/\/www.lestruffieres.com\/wp-content\/uploads\/2023\/03\/camping-les-truffieres-a-grignan-768x298.webp\" alt=\"camping a grignan\"><\/div>\n\t<div class=\"ls-cta__title\">\n\t\tDorf Grignan\t<\/div>\n\t\n\t\t\n<\/a><\/div><\/div><\/div>\n\r\n    <\/div>\r\n<\/section>","protected":false},"excerpt":{"rendered":"","protected":false},"author":1,"featured_media":2717,"parent":0,"menu_order":0,"comment_status":"closed","ping_status":"closed","template":"","meta":{"_acf_changed":false,"footnotes":""},"sujet":[],"class_list":["post-2867","page","type-page","status-publish","has-post-thumbnail","hentry"],"acf":[],"yoast_head":"<!-- This site is optimized with the Yoast SEO plugin v23.4 - https:\/\/yoast.com\/wordpress\/plugins\/seo\/ -->\n<title>Das Schloss von Grignan: Idee f\u00fcr einen kulturellen Besuch in der Dr\u00f4me<\/title>\n<meta name=\"description\" content=\"Entdecken Sie das Schloss von Grignan, eine unverzichtbare kulturelle Etappe bei Ihrem Besuch in der provenzalischen Dr\u00f4me.\" \/>\n<meta name=\"robots\" content=\"index, follow, max-snippet:-1, max-image-preview:large, max-video-preview:-1\" \/>\n<link rel=\"canonical\" href=\"https:\/\/www.lestruffieres.com\/de\/schloss-von-grignan\/\" \/>\n<meta property=\"og:locale\" content=\"de_DE\" \/>\n<meta property=\"og:type\" content=\"article\" \/>\n<meta property=\"og:title\" content=\"Das Schloss von Grignan: Idee f\u00fcr einen kulturellen Besuch in der Dr\u00f4me\" \/>\n<meta property=\"og:description\" content=\"Entdecken Sie das Schloss von Grignan, eine unverzichtbare kulturelle Etappe bei Ihrem Besuch in der provenzalischen Dr\u00f4me.\" \/>\n<meta property=\"og:url\" content=\"https:\/\/www.lestruffieres.com\/de\/schloss-von-grignan\/\" \/>\n<meta property=\"og:site_name\" content=\"Camping Les Truffi\u00e8res\" \/>\n<meta property=\"article:modified_time\" content=\"2023-03-28T07:26:39+00:00\" \/>\n<meta property=\"og:image\" content=\"https:\/\/www.lestruffieres.com\/wp-content\/uploads\/2023\/03\/decouvrir-le-chateau-de-grignan-camping-les-truffieres.webp\" \/>\n\t<meta property=\"og:image:width\" content=\"1920\" \/>\n\t<meta property=\"og:image:height\" content=\"746\" \/>\n\t<meta property=\"og:image:type\" content=\"image\/webp\" \/>\n<meta name=\"twitter:card\" content=\"summary_large_image\" \/>\n<meta name=\"twitter:label1\" content=\"Gesch\u00e4tzte Lesezeit\" \/>\n\t<meta name=\"twitter:data1\" content=\"4\u00a0Minuten\" \/>\n<script type=\"application\/ld+json\" class=\"yoast-schema-graph\">{\"@context\":\"https:\/\/schema.org\",\"@graph\":[{\"@type\":\"WebPage\",\"@id\":\"https:\/\/www.lestruffieres.com\/de\/schloss-von-grignan\/\",\"url\":\"https:\/\/www.lestruffieres.com\/de\/schloss-von-grignan\/\",\"name\":\"Das Schloss von Grignan: Idee f\u00fcr einen kulturellen Besuch in der Dr\u00f4me\",\"isPartOf\":{\"@id\":\"https:\/\/www.lestruffieres.com\/#website\"},\"primaryImageOfPage\":{\"@id\":\"https:\/\/www.lestruffieres.com\/de\/schloss-von-grignan\/#primaryimage\"},\"image\":{\"@id\":\"https:\/\/www.lestruffieres.com\/de\/schloss-von-grignan\/#primaryimage\"},\"thumbnailUrl\":\"https:\/\/www.lestruffieres.com\/wp-content\/uploads\/2023\/03\/decouvrir-le-chateau-de-grignan-camping-les-truffieres.webp\",\"datePublished\":\"2023-02-06T08:13:01+00:00\",\"dateModified\":\"2023-03-28T07:26:39+00:00\",\"description\":\"Entdecken Sie das Schloss von Grignan, eine unverzichtbare kulturelle Etappe bei Ihrem Besuch in der provenzalischen Dr\u00f4me.\",\"breadcrumb\":{\"@id\":\"https:\/\/www.lestruffieres.com\/de\/schloss-von-grignan\/#breadcrumb\"},\"inLanguage\":\"de\",\"potentialAction\":[{\"@type\":\"ReadAction\",\"target\":[\"https:\/\/www.lestruffieres.com\/de\/schloss-von-grignan\/\"]}]},{\"@type\":\"ImageObject\",\"inLanguage\":\"de\",\"@id\":\"https:\/\/www.lestruffieres.com\/de\/schloss-von-grignan\/#primaryimage\",\"url\":\"https:\/\/www.lestruffieres.com\/wp-content\/uploads\/2023\/03\/decouvrir-le-chateau-de-grignan-camping-les-truffieres.webp\",\"contentUrl\":\"https:\/\/www.lestruffieres.com\/wp-content\/uploads\/2023\/03\/decouvrir-le-chateau-de-grignan-camping-les-truffieres.webp\",\"width\":1920,\"height\":746,\"caption\":\"visite chateau grignan\"},{\"@type\":\"BreadcrumbList\",\"@id\":\"https:\/\/www.lestruffieres.com\/de\/schloss-von-grignan\/#breadcrumb\",\"itemListElement\":[{\"@type\":\"ListItem\",\"position\":1,\"name\":\"Camping Dr\u00f4me\",\"item\":\"https:\/\/www.lestruffieres.com\/de\/\"},{\"@type\":\"ListItem\",\"position\":2,\"name\":\"Campingplatz in der N\u00e4he des Schlosses von Grignan\"}]},{\"@type\":\"WebSite\",\"@id\":\"https:\/\/www.lestruffieres.com\/#website\",\"url\":\"https:\/\/www.lestruffieres.com\/\",\"name\":\"Camping Les Truffi\u00e8res\",\"description\":\"\",\"publisher\":{\"@id\":\"https:\/\/www.lestruffieres.com\/#organization\"},\"potentialAction\":[{\"@type\":\"SearchAction\",\"target\":{\"@type\":\"EntryPoint\",\"urlTemplate\":\"https:\/\/www.lestruffieres.com\/?s={search_term_string}\"},\"query-input\":{\"@type\":\"PropertyValueSpecification\",\"valueRequired\":true,\"valueName\":\"search_term_string\"}}],\"inLanguage\":\"de\"},{\"@type\":\"Organization\",\"@id\":\"https:\/\/www.lestruffieres.com\/#organization\",\"name\":\"Camping Les Truffi\u00e8res\",\"url\":\"https:\/\/www.lestruffieres.com\/\",\"logo\":{\"@type\":\"ImageObject\",\"inLanguage\":\"de\",\"@id\":\"https:\/\/www.lestruffieres.com\/#\/schema\/logo\/image\/\",\"url\":\"https:\/\/www.lestruffieres.com\/wp-content\/uploads\/2023\/02\/camping-les-truffieres-logo-entete.png\",\"contentUrl\":\"https:\/\/www.lestruffieres.com\/wp-content\/uploads\/2023\/02\/camping-les-truffieres-logo-entete.png\",\"width\":742,\"height\":1020,\"caption\":\"Camping Les Truffi\u00e8res\"},\"image\":{\"@id\":\"https:\/\/www.lestruffieres.com\/#\/schema\/logo\/image\/\"}}]}<\/script>\n<!-- \/ Yoast SEO plugin. -->","yoast_head_json":{"title":"Das Schloss von Grignan: Idee f\u00fcr einen kulturellen Besuch in der Dr\u00f4me","description":"Entdecken Sie das Schloss von Grignan, eine unverzichtbare kulturelle Etappe bei Ihrem Besuch in der provenzalischen Dr\u00f4me.","robots":{"index":"index","follow":"follow","max-snippet":"max-snippet:-1","max-image-preview":"max-image-preview:large","max-video-preview":"max-video-preview:-1"},"canonical":"https:\/\/www.lestruffieres.com\/de\/schloss-von-grignan\/","og_locale":"de_DE","og_type":"article","og_title":"Das Schloss von Grignan: Idee f\u00fcr einen kulturellen Besuch in der Dr\u00f4me","og_description":"Entdecken Sie das Schloss von Grignan, eine unverzichtbare kulturelle Etappe bei Ihrem Besuch in der provenzalischen Dr\u00f4me.","og_url":"https:\/\/www.lestruffieres.com\/de\/schloss-von-grignan\/","og_site_name":"Camping Les Truffi\u00e8res","article_modified_time":"2023-03-28T07:26:39+00:00","og_image":[{"width":1920,"height":746,"url":"https:\/\/www.lestruffieres.com\/wp-content\/uploads\/2023\/03\/decouvrir-le-chateau-de-grignan-camping-les-truffieres.webp","type":"image\/webp"}],"twitter_card":"summary_large_image","twitter_misc":{"Gesch\u00e4tzte Lesezeit":"4\u00a0Minuten"},"schema":{"@context":"https:\/\/schema.org","@graph":[{"@type":"WebPage","@id":"https:\/\/www.lestruffieres.com\/de\/schloss-von-grignan\/","url":"https:\/\/www.lestruffieres.com\/de\/schloss-von-grignan\/","name":"Das Schloss von Grignan: Idee f\u00fcr einen kulturellen Besuch in der Dr\u00f4me","isPartOf":{"@id":"https:\/\/www.lestruffieres.com\/#website"},"primaryImageOfPage":{"@id":"https:\/\/www.lestruffieres.com\/de\/schloss-von-grignan\/#primaryimage"},"image":{"@id":"https:\/\/www.lestruffieres.com\/de\/schloss-von-grignan\/#primaryimage"},"thumbnailUrl":"https:\/\/www.lestruffieres.com\/wp-content\/uploads\/2023\/03\/decouvrir-le-chateau-de-grignan-camping-les-truffieres.webp","datePublished":"2023-02-06T08:13:01+00:00","dateModified":"2023-03-28T07:26:39+00:00","description":"Entdecken Sie das Schloss von Grignan, eine unverzichtbare kulturelle Etappe bei Ihrem Besuch in der provenzalischen Dr\u00f4me.","breadcrumb":{"@id":"https:\/\/www.lestruffieres.com\/de\/schloss-von-grignan\/#breadcrumb"},"inLanguage":"de","potentialAction":[{"@type":"ReadAction","target":["https:\/\/www.lestruffieres.com\/de\/schloss-von-grignan\/"]}]},{"@type":"ImageObject","inLanguage":"de","@id":"https:\/\/www.lestruffieres.com\/de\/schloss-von-grignan\/#primaryimage","url":"https:\/\/www.lestruffieres.com\/wp-content\/uploads\/2023\/03\/decouvrir-le-chateau-de-grignan-camping-les-truffieres.webp","contentUrl":"https:\/\/www.lestruffieres.com\/wp-content\/uploads\/2023\/03\/decouvrir-le-chateau-de-grignan-camping-les-truffieres.webp","width":1920,"height":746,"caption":"visite chateau grignan"},{"@type":"BreadcrumbList","@id":"https:\/\/www.lestruffieres.com\/de\/schloss-von-grignan\/#breadcrumb","itemListElement":[{"@type":"ListItem","position":1,"name":"Camping Dr\u00f4me","item":"https:\/\/www.lestruffieres.com\/de\/"},{"@type":"ListItem","position":2,"name":"Campingplatz in der N\u00e4he des Schlosses von Grignan"}]},{"@type":"WebSite","@id":"https:\/\/www.lestruffieres.com\/#website","url":"https:\/\/www.lestruffieres.com\/","name":"Camping Les Truffi\u00e8res","description":"","publisher":{"@id":"https:\/\/www.lestruffieres.com\/#organization"},"potentialAction":[{"@type":"SearchAction","target":{"@type":"EntryPoint","urlTemplate":"https:\/\/www.lestruffieres.com\/?s={search_term_string}"},"query-input":{"@type":"PropertyValueSpecification","valueRequired":true,"valueName":"search_term_string"}}],"inLanguage":"de"},{"@type":"Organization","@id":"https:\/\/www.lestruffieres.com\/#organization","name":"Camping Les Truffi\u00e8res","url":"https:\/\/www.lestruffieres.com\/","logo":{"@type":"ImageObject","inLanguage":"de","@id":"https:\/\/www.lestruffieres.com\/#\/schema\/logo\/image\/","url":"https:\/\/www.lestruffieres.com\/wp-content\/uploads\/2023\/02\/camping-les-truffieres-logo-entete.png","contentUrl":"https:\/\/www.lestruffieres.com\/wp-content\/uploads\/2023\/02\/camping-les-truffieres-logo-entete.png","width":742,"height":1020,"caption":"Camping Les Truffi\u00e8res"},"image":{"@id":"https:\/\/www.lestruffieres.com\/#\/schema\/logo\/image\/"}}]}},"_links":{"self":[{"href":"https:\/\/www.lestruffieres.com\/de\/wp-json\/wp\/v2\/pages\/2867","targetHints":{"allow":["GET"]}}],"collection":[{"href":"https:\/\/www.lestruffieres.com\/de\/wp-json\/wp\/v2\/pages"}],"about":[{"href":"https:\/\/www.lestruffieres.com\/de\/wp-json\/wp\/v2\/types\/page"}],"author":[{"embeddable":true,"href":"https:\/\/www.lestruffieres.com\/de\/wp-json\/wp\/v2\/users\/1"}],"replies":[{"embeddable":true,"href":"https:\/\/www.lestruffieres.com\/de\/wp-json\/wp\/v2\/comments?post=2867"}],"version-history":[{"count":4,"href":"https:\/\/www.lestruffieres.com\/de\/wp-json\/wp\/v2\/pages\/2867\/revisions"}],"predecessor-version":[{"id":6470,"href":"https:\/\/www.lestruffieres.com\/de\/wp-json\/wp\/v2\/pages\/2867\/revisions\/6470"}],"wp:featuredmedia":[{"embeddable":true,"href":"https:\/\/www.lestruffieres.com\/de\/wp-json\/wp\/v2\/media\/2717"}],"wp:attachment":[{"href":"https:\/\/www.lestruffieres.com\/de\/wp-json\/wp\/v2\/media?parent=2867"}],"wp:term":[{"taxonomy":"sujet","embeddable":true,"href":"https:\/\/www.lestruffieres.com\/de\/wp-json\/wp\/v2\/sujet?post=2867"}],"curies":[{"name":"wp","href":"https:\/\/api.w.org\/{rel}","templated":true}]}}